{"id":3837,"date":"2022-08-08T19:39:26","date_gmt":"2022-08-08T19:39:26","guid":{"rendered":"https:\/\/starlediluminacion.com\/?post_type=product&#038;p=3837"},"modified":"2022-08-08T19:39:27","modified_gmt":"2022-08-08T19:39:27","slug":"regulador-led-inteligente-smart-wifi-sistema-triac","status":"publish","type":"product","link":"https:\/\/starlediluminacion.com\/it\/product\/dimmer-led-smart-smart-wifi-system-triac\/","title":{"rendered":"<p>Dimmer LED intelligente WiFi - Sistema TRIAC<\/p>"},"content":{"rendered":"<div class=\"product-info-line\">\n<p id=\"product_reference\"><label>RIFERIMENTO: SL<span style=\"font-size: 16px;\">IWDM90502<\/span><\/label><\/p>\n<div class=\"hidden-xs parrafo\">\n<p>Il&nbsp;<strong>Controllore intelligente TRIAC&nbsp;<\/strong>&nbsp;Il tipo di tavoletta \u00e8 la soluzione facile e ideale per&nbsp;<strong>controllare e automatizzare il vostro negozio e la vostra casa<\/strong>Permette di controllare le luci LED di casa in modo molto semplice grazie all'app.&nbsp;<strong>IWIIK<\/strong>&nbsp;e\/o&nbsp;<strong>IL TUO SMART<\/strong>. Il nostro controller intelligente wifi pu\u00f2 supportare&nbsp;<strong>fino a 150w LED.&nbsp;<\/strong>Compatibile<strong>&nbsp;GOOGLE HOME e ALEXA.<br>\n<\/strong><\/p>\n<\/div>\n<div id=\"views_block-1\" class=\"clearfix\">\n<div id=\"thumbs_list\">\n<h1>Dimmer LED intelligente WiFi - Sistema TRIAC<\/h1>\n<p>Il&nbsp;<strong>Controllore intelligente<\/strong>&nbsp;Il tipo di tavoletta \u00e8 la soluzione ideale per&nbsp;<strong>controllare e automatizzare<\/strong>&nbsp;La soluzione \u00e8 ideale per la vostra casa, in quanto consente di accendere e spegnere le lampadine a LED e di regolarne l'intensit\u00e0 a distanza, adattando la luminosit\u00e0 dell'ambiente in base all'occasione. Con un solo dimmer \u00e8 possibile controllare fino a 150 W di potenza.<\/p>\n<p>Consente inoltre di programmare routine dall'applicazione per modificare automaticamente il livello di luminosit\u00e0 all'ora indicata, nonch\u00e9 per accendere o spegnere la luce. Si tratta di un&nbsp;<strong>telecomando<\/strong>&nbsp;tramite l'applicazione IWIIK e\/o TUYA SMART dal vostro smartphone Android o iOS per&nbsp;<strong>WiFi<\/strong>completamente compatibile con&nbsp;<strong>Google Home o Alexa<\/strong>&nbsp;in modo da poterlo controllare con la voce.<\/p>\n<p>Lo Smart Controller \u00e8 di dimensioni ridotte e molto semplice da installare, \u00e8 alimentato da&nbsp;<strong>220V<\/strong>&nbsp;<strong>AC<\/strong>. Ha un raggio d'azione di &lt;200 metri (senza ostacoli), quindi possiamo controllare qualsiasi stanza della casa entro questo raggio.<\/p>\n<p><strong>Rendete il vostro negozio o la vostra casa intelligenti con i prodotti Smart WiFi che potete trovare sul nostro sito.<\/strong><\/p>\n<h3 class=\"page-product-heading\">DATI TECNICI<\/h3>\n<div class=\"col-xs-12 col-md-6\">\n<table class=\"table table-data-sheet 1\">\n<tbody>\n<tr class=\"odd\">\n<td valign=\"middle\" width=\"32\"><\/td>\n<td valign=\"middle\">RIFERIMENTO :<\/td>\n<td valign=\"middle\">SLIWDM90502<\/td>\n<\/tr>\n<tr class=\"even\">\n<td valign=\"middle\" width=\"32\"><\/td>\n<td valign=\"middle\">Potenza nominale :<\/td>\n<td valign=\"middle\">Max: 150w (LED)<\/td>\n<\/tr>\n<tr class=\"odd\">\n<td valign=\"middle\" width=\"32\"><\/td>\n<td valign=\"middle\">Tensione nominale:<\/td>\n<td valign=\"middle\">220-240V<\/td>\n<\/tr>\n<tr class=\"even\">\n<td valign=\"middle\" width=\"32\"><\/td>\n<td valign=\"middle\">Dimmerabile:<\/td>\n<td valign=\"middle\">TRIAC<\/td>\n<\/tr>\n<\/tbody>\n<\/table>\n<\/div>\n<div class=\"col-xs-12 col-md-6 2\">\n<table class=\"table table-data-sheet 2\">\n<tbody>\n<tr class=\"odd\">\n<td valign=\"middle\" width=\"32\"><\/td>\n<td valign=\"middle\">Certificati:<\/td>\n<td valign=\"middle\">CE - ROHS<\/td>\n<\/tr>\n<tr class=\"even\">\n<td valign=\"middle\" width=\"32\"><\/td>\n<td valign=\"middle\">Grado di protezione IP:<\/td>\n<td valign=\"middle\">IP20<\/td>\n<\/tr>\n<tr class=\"odd\">\n<td valign=\"middle\" width=\"32\"><\/td>\n<td valign=\"middle\">Dimensioni (mm):<\/td>\n<td valign=\"middle\">46x46x18 mm<\/td>\n<\/tr>\n<tr class=\"even\">\n<td valign=\"middle\" width=\"32\"><\/td>\n<td valign=\"middle\">Intervallo di temperatura (\u00baC):<\/td>\n<td valign=\"middle\">-10\u00ba ~ 40\u00ba -10\u00ba ~ 40\u00ba -10\u00ba ~ 40\u00ba -10\u00ba ~ 40\u00ba<\/td>\n<\/tr>\n<\/tbody>\n<\/table>\n<\/div>\n<\/div>\n<\/div>\n<\/div>","protected":false},"excerpt":{"rendered":"<div class=\"col-md-12\"><i class=\"fa fa-truck\"><\/i>&nbsp;<span class=\"text-muted textprop\">Consegna in 24\/48 ore<\/span><div class=\"col-md-12\"><i class=\"fa fa-exchange\"><\/i>&nbsp;<span class=\"text-muted textprop\">Garanzia assicurata<\/span><\/div><div class=\"col-md-12\"><i class=\"fa fa-box\"><\/i>&nbsp;<span class=\"text-muted textprop\">50 unit\u00e0 per Masterbox<\/span><\/div><\/div>","protected":false},"featured_media":3838,"template":"","meta":{"site-sidebar-layout":"default","site-content-layout":"default","ast-global-header-display":"","ast-main-header-display":"","ast-hfb-above-header-display":"","ast-hfb-below-header-display":"","ast-hfb-mobile-header-display":"","site-post-title":"","ast-breadcrumbs-content":"","ast-featured-img":"","footer-sml-layout":"","theme-transparent-header-meta":"default","adv-header-id-meta":"","stick-header-meta":"","header-above-stick-meta":"","header-main-stick-meta":"","header-below-stick-meta":""},"product_cat":[39],"product_tag":[],"class_list":["post-3837","product","type-product","status-publish","has-post-thumbnail","hentry","product_cat-smart-led-domotica"],"yoast_head":"<!-- This site is optimized with the Yoast SEO plugin v27.4 - https:\/\/yoast.com\/product\/yoast-seo-wordpress\/ -->\n<title>Regulador LED Inteligente Smart WiFi - Sistema TRIAC - STARLED Iluminacion<\/title>\n<meta name=\"robots\" content=\"index, follow, max-snippet:-1, max-image-preview:large, max-video-preview:-1\" \/>\n<link rel=\"canonical\" href=\"https:\/\/starlediluminacion.com\/it\/product\/dimmer-led-smart-smart-wifi-system-triac\/\" \/>\n<meta property=\"og:locale\" content=\"it_IT\" \/>\n<meta property=\"og:type\" content=\"article\" \/>\n<meta property=\"og:title\" content=\"Regulador LED Inteligente Smart WiFi - Sistema TRIAC - STARLED Iluminacion\" \/>\n<meta property=\"og:description\" content=\"\u00a0Entrega en 24\/48 horas \u00a0Garant\u00eda asegurada \u00a050 unidad(es) por Masterbox\" \/>\n<meta property=\"og:url\" content=\"https:\/\/starlediluminacion.com\/it\/product\/dimmer-led-smart-smart-wifi-system-triac\/\" \/>\n<meta property=\"og:site_name\" content=\"STARLED Iluminacion\" \/>\n<meta property=\"article:modified_time\" content=\"2022-08-08T19:39:27+00:00\" \/>\n<meta property=\"og:image\" content=\"https:\/\/starlediluminacion.com\/wp-content\/uploads\/2022\/08\/kit-convertidor-a-empotrable-luminaria-superficie-factorled-1-2.jpg\" \/>\n\t<meta property=\"og:image:width\" content=\"1000\" \/>\n\t<meta property=\"og:image:height\" content=\"1000\" \/>\n\t<meta property=\"og:image:type\" content=\"image\/jpeg\" \/>\n<meta name=\"twitter:card\" content=\"summary_large_image\" \/>\n<meta name=\"twitter:label1\" content=\"Tempo di lettura stimato\" \/>\n\t<meta name=\"twitter:data1\" content=\"1 minuto\" \/>\n<script type=\"application\/ld+json\" class=\"yoast-schema-graph\">{\"@context\":\"https:\\\/\\\/schema.org\",\"@graph\":[{\"@type\":\"WebPage\",\"@id\":\"https:\\\/\\\/starlediluminacion.com\\\/producto\\\/regulador-led-inteligente-smart-wifi-sistema-triac\\\/\",\"url\":\"https:\\\/\\\/starlediluminacion.com\\\/producto\\\/regulador-led-inteligente-smart-wifi-sistema-triac\\\/\",\"name\":\"Regulador LED Inteligente Smart WiFi - Sistema TRIAC - STARLED Iluminacion\",\"isPartOf\":{\"@id\":\"https:\\\/\\\/starlediluminacion.com\\\/#website\"},\"primaryImageOfPage\":{\"@id\":\"https:\\\/\\\/starlediluminacion.com\\\/producto\\\/regulador-led-inteligente-smart-wifi-sistema-triac\\\/#primaryimage\"},\"image\":{\"@id\":\"https:\\\/\\\/starlediluminacion.com\\\/producto\\\/regulador-led-inteligente-smart-wifi-sistema-triac\\\/#primaryimage\"},\"thumbnailUrl\":\"https:\\\/\\\/starlediluminacion.com\\\/wp-content\\\/uploads\\\/2022\\\/08\\\/kit-convertidor-a-empotrable-luminaria-superficie-factorled-1-2.jpg\",\"datePublished\":\"2022-08-08T19:39:26+00:00\",\"dateModified\":\"2022-08-08T19:39:27+00:00\",\"breadcrumb\":{\"@id\":\"https:\\\/\\\/starlediluminacion.com\\\/producto\\\/regulador-led-inteligente-smart-wifi-sistema-triac\\\/#breadcrumb\"},\"inLanguage\":\"it-IT\",\"potentialAction\":[{\"@type\":\"ReadAction\",\"target\":[\"https:\\\/\\\/starlediluminacion.com\\\/producto\\\/regulador-led-inteligente-smart-wifi-sistema-triac\\\/\"]}]},{\"@type\":\"ImageObject\",\"inLanguage\":\"it-IT\",\"@id\":\"https:\\\/\\\/starlediluminacion.com\\\/producto\\\/regulador-led-inteligente-smart-wifi-sistema-triac\\\/#primaryimage\",\"url\":\"https:\\\/\\\/starlediluminacion.com\\\/wp-content\\\/uploads\\\/2022\\\/08\\\/kit-convertidor-a-empotrable-luminaria-superficie-factorled-1-2.jpg\",\"contentUrl\":\"https:\\\/\\\/starlediluminacion.com\\\/wp-content\\\/uploads\\\/2022\\\/08\\\/kit-convertidor-a-empotrable-luminaria-superficie-factorled-1-2.jpg\",\"width\":1000,\"height\":1000},{\"@type\":\"BreadcrumbList\",\"@id\":\"https:\\\/\\\/starlediluminacion.com\\\/producto\\\/regulador-led-inteligente-smart-wifi-sistema-triac\\\/#breadcrumb\",\"itemListElement\":[{\"@type\":\"ListItem\",\"position\":1,\"name\":\"Portada\",\"item\":\"https:\\\/\\\/starlediluminacion.com\\\/\"},{\"@type\":\"ListItem\",\"position\":2,\"name\":\"Shop\",\"item\":\"https:\\\/\\\/starlediluminacion.com\\\/shop-2\\\/\"},{\"@type\":\"ListItem\",\"position\":3,\"name\":\"Regulador LED Inteligente Smart WiFi &#8211; Sistema TRIAC\"}]},{\"@type\":\"WebSite\",\"@id\":\"https:\\\/\\\/starlediluminacion.com\\\/#website\",\"url\":\"https:\\\/\\\/starlediluminacion.com\\\/\",\"name\":\"STARLED Iluminacion\",\"description\":\"\",\"potentialAction\":[{\"@type\":\"SearchAction\",\"target\":{\"@type\":\"EntryPoint\",\"urlTemplate\":\"https:\\\/\\\/starlediluminacion.com\\\/?s={search_term_string}\"},\"query-input\":{\"@type\":\"PropertyValueSpecification\",\"valueRequired\":true,\"valueName\":\"search_term_string\"}}],\"inLanguage\":\"it-IT\"}]}<\/script>\n<!-- \/ Yoast SEO plugin. -->","yoast_head_json":{"title":"Regulador LED Inteligente Smart WiFi - Sistema TRIAC - STARLED Iluminacion","robots":{"index":"index","follow":"follow","max-snippet":"max-snippet:-1","max-image-preview":"max-image-preview:large","max-video-preview":"max-video-preview:-1"},"canonical":"https:\/\/starlediluminacion.com\/it\/product\/dimmer-led-smart-smart-wifi-system-triac\/","og_locale":"it_IT","og_type":"article","og_title":"Regulador LED Inteligente Smart WiFi - Sistema TRIAC - STARLED Iluminacion","og_description":"\u00a0Entrega en 24\/48 horas \u00a0Garant\u00eda asegurada \u00a050 unidad(es) por Masterbox","og_url":"https:\/\/starlediluminacion.com\/it\/product\/dimmer-led-smart-smart-wifi-system-triac\/","og_site_name":"STARLED Iluminacion","article_modified_time":"2022-08-08T19:39:27+00:00","og_image":[{"width":1000,"height":1000,"url":"https:\/\/starlediluminacion.com\/wp-content\/uploads\/2022\/08\/kit-convertidor-a-empotrable-luminaria-superficie-factorled-1-2.jpg","type":"image\/jpeg"}],"twitter_card":"summary_large_image","twitter_misc":{"Tempo di lettura stimato":"1 minuto"},"schema":{"@context":"https:\/\/schema.org","@graph":[{"@type":"WebPage","@id":"https:\/\/starlediluminacion.com\/producto\/regulador-led-inteligente-smart-wifi-sistema-triac\/","url":"https:\/\/starlediluminacion.com\/producto\/regulador-led-inteligente-smart-wifi-sistema-triac\/","name":"Regulador LED Inteligente Smart WiFi - Sistema TRIAC - STARLED Iluminacion","isPartOf":{"@id":"https:\/\/starlediluminacion.com\/#website"},"primaryImageOfPage":{"@id":"https:\/\/starlediluminacion.com\/producto\/regulador-led-inteligente-smart-wifi-sistema-triac\/#primaryimage"},"image":{"@id":"https:\/\/starlediluminacion.com\/producto\/regulador-led-inteligente-smart-wifi-sistema-triac\/#primaryimage"},"thumbnailUrl":"https:\/\/starlediluminacion.com\/wp-content\/uploads\/2022\/08\/kit-convertidor-a-empotrable-luminaria-superficie-factorled-1-2.jpg","datePublished":"2022-08-08T19:39:26+00:00","dateModified":"2022-08-08T19:39:27+00:00","breadcrumb":{"@id":"https:\/\/starlediluminacion.com\/producto\/regulador-led-inteligente-smart-wifi-sistema-triac\/#breadcrumb"},"inLanguage":"it-IT","potentialAction":[{"@type":"ReadAction","target":["https:\/\/starlediluminacion.com\/producto\/regulador-led-inteligente-smart-wifi-sistema-triac\/"]}]},{"@type":"ImageObject","inLanguage":"it-IT","@id":"https:\/\/starlediluminacion.com\/producto\/regulador-led-inteligente-smart-wifi-sistema-triac\/#primaryimage","url":"https:\/\/starlediluminacion.com\/wp-content\/uploads\/2022\/08\/kit-convertidor-a-empotrable-luminaria-superficie-factorled-1-2.jpg","contentUrl":"https:\/\/starlediluminacion.com\/wp-content\/uploads\/2022\/08\/kit-convertidor-a-empotrable-luminaria-superficie-factorled-1-2.jpg","width":1000,"height":1000},{"@type":"BreadcrumbList","@id":"https:\/\/starlediluminacion.com\/producto\/regulador-led-inteligente-smart-wifi-sistema-triac\/#breadcrumb","itemListElement":[{"@type":"ListItem","position":1,"name":"Portada","item":"https:\/\/starlediluminacion.com\/"},{"@type":"ListItem","position":2,"name":"Shop","item":"https:\/\/starlediluminacion.com\/shop-2\/"},{"@type":"ListItem","position":3,"name":"Regulador LED Inteligente Smart WiFi &#8211; Sistema TRIAC"}]},{"@type":"WebSite","@id":"https:\/\/starlediluminacion.com\/#website","url":"https:\/\/starlediluminacion.com\/","name":"STARLED Iluminacion","description":"","potentialAction":[{"@type":"SearchAction","target":{"@type":"EntryPoint","urlTemplate":"https:\/\/starlediluminacion.com\/?s={search_term_string}"},"query-input":{"@type":"PropertyValueSpecification","valueRequired":true,"valueName":"search_term_string"}}],"inLanguage":"it-IT"}]}},"_links":{"self":[{"href":"https:\/\/starlediluminacion.com\/it\/wp-json\/wp\/v3\/product\/3837","targetHints":{"allow":["GET"]}}],"collection":[{"href":"https:\/\/starlediluminacion.com\/it\/wp-json\/wp\/v3\/product"}],"about":[{"href":"https:\/\/starlediluminacion.com\/it\/wp-json\/wp\/v2\/types\/product"}],"wp:featuredmedia":[{"embeddable":true,"href":"https:\/\/starlediluminacion.com\/it\/wp-json\/wp\/v2\/media\/3838"}],"wp:attachment":[{"href":"https:\/\/starlediluminacion.com\/it\/wp-json\/wp\/v2\/media?parent=3837"}],"wp:term":[{"taxonomy":"product_cat","embeddable":true,"href":"https:\/\/starlediluminacion.com\/it\/wp-json\/wp\/v2\/product_cat?post=3837"},{"taxonomy":"product_tag","embeddable":true,"href":"https:\/\/starlediluminacion.com\/it\/wp-json\/wp\/v2\/product_tag?post=3837"}],"curies":[{"name":"wp","href":"https:\/\/api.w.org\/{rel}","templated":true}]}}