{"id":3795,"date":"2022-08-07T11:24:43","date_gmt":"2022-08-07T11:24:43","guid":{"rendered":"https:\/\/starlediluminacion.com\/?post_type=product&#038;p=3795"},"modified":"2022-08-27T13:55:44","modified_gmt":"2022-08-27T13:55:44","slug":"kit-de-superficie-de-panel-120x60-blanco","status":"publish","type":"product","link":"https:\/\/starlediluminacion.com\/it\/product\/panel-surface-kit-120x60-white\/","title":{"rendered":"<p>Kit superficie pannello 120\u00d760 bianco<\/p>"},"content":{"rendered":"<div class=\"product-info-line\">\n<p id=\"product_reference\"><label>RIFERIMENTO: SL<span style=\"font-size: 16px;\">4337<\/span><\/label><\/p>\n<p>Kit di superficie per pannelli LED bianchi 120\u00d760, in alluminio. Progettato per offrire la possibilit\u00e0 di installare pannelli LED 120\u00d760 in luoghi in cui il soffitto non \u00e8 rimovibile.<\/p>\n<h1>Kit superficie pannello 120\u00d760 bianco<\/h1>\n<p>Il nostro<strong>&nbsp;Kit di superficie<\/strong>&nbsp;\u00e8 stato progettato per offrire la possibilit\u00e0 di installare i pannelli<strong>&nbsp;LED<\/strong>&nbsp;da&nbsp;<strong>120\u00d760<\/strong>&nbsp;in spazi che non hanno il soffitto rimovibile in cui questo tipo di illuminazione a LED viene solitamente installato.<\/p>\n<p>Questo kit di superficie \u00e8 composto da 4 pezzi di alluminio di alta qualit\u00e0, alti 5 centimetri, che incorniciano il pannello, trasformandolo in un controsoffitto di superficie, che consente di posizionare il pannello LED, di montare il pannello LED sulla superficie e di montare il pannello LED sulla superficie.&nbsp;<strong>conducente,<\/strong>&nbsp;e il cablaggio al suo interno per sistemarla comodamente in qualsiasi stanza o sala, senza dover rinunciare a un'illuminazione moderna e a bassissimo consumo.<\/p>\n<p>Acquistate il Kit e il Pannello Led nel nostro negozio, godendo della migliore illuminazione, tutti i nostri prodotti offrono una garanzia di 2 anni. Acquistateli ora in modo semplice, attraverso il nostro negozio online.<\/p>\n<p>&nbsp;<\/p>\n<h2>Utilizzo del Kit superficie pannello 120\u00d730 bianco<\/h2>\n<p>Uffici<br>\nSupermercati<br>\nOspedali<br>\nCamere<br>\nCamere<\/p>\n<h3 class=\"page-product-heading\">DATI TECNICI<\/h3><div class=\"col-xs-12 col-md-6\">\n<table class=\"table table-data-sheet 1\">\n<tbody>\n<tr class=\"odd\">\n<td valign=\"middle\" width=\"32\"><\/td>\n<td valign=\"middle\">RIFERIMENTO :<\/td>\n<td valign=\"middle\">SL4337<\/td>\n<\/tr>\n<tr class=\"even\">\n<td valign=\"middle\" width=\"32\"><\/td>\n<td valign=\"middle\">Materiale da costruzione:<\/td>\n<td valign=\"middle\">Alluminio<\/td>\n<\/tr>\n<\/tbody>\n<\/table>\n<\/div><div class=\"col-xs-12 col-md-6 2\">\n<table class=\"table table-data-sheet 2\">\n<tbody>\n<tr class=\"odd\">\n<td valign=\"middle\" width=\"32\"><\/td>\n<td valign=\"middle\">Certificati:<\/td>\n<td valign=\"middle\">CE - ROHS<\/td>\n<\/tr>\n<tr class=\"even\">\n<td valign=\"middle\" width=\"32\"><\/td>\n<td valign=\"middle\">Dimensioni (mm):<\/td>\n<td valign=\"middle\">120 cm x 60 cm x 50 cm<\/td>\n<\/tr>\n<\/tbody>\n<\/table>\n<\/div><\/div>","protected":false},"excerpt":{"rendered":"<div class=\"col-md-12\"><i class=\"fa fa-truck\"><\/i>&nbsp;<span class=\"text-muted textprop\">Consegna in 24\/48 ore<\/span><div class=\"col-md-12\"><i class=\"fa fa-exchange\"><\/i>&nbsp;<span class=\"text-muted textprop\">Garanzia assicurata<\/span><\/div><div class=\"col-md-12\"><i class=\"fa fa-box\"><\/i>&nbsp;<span class=\"text-muted textprop\">1 unit\u00e0 per Masterbox<\/span><\/div><\/div>","protected":false},"featured_media":3798,"template":"","meta":{"site-sidebar-layout":"default","site-content-layout":"default","ast-global-header-display":"","ast-main-header-display":"","ast-hfb-above-header-display":"","ast-hfb-below-header-display":"","ast-hfb-mobile-header-display":"","site-post-title":"","ast-breadcrumbs-content":"","ast-featured-img":"","footer-sml-layout":"","theme-transparent-header-meta":"default","adv-header-id-meta":"","stick-header-meta":"","header-above-stick-meta":"","header-main-stick-meta":"","header-below-stick-meta":""},"product_cat":[105,31],"product_tag":[],"class_list":["post-3795","product","type-product","status-publish","has-post-thumbnail","hentry","product_cat-accesorios-paneles","product_cat-paneles-led"],"_links":{"self":[{"href":"https:\/\/starlediluminacion.com\/it\/wp-json\/wp\/v3\/product\/3795","targetHints":{"allow":["GET"]}}],"collection":[{"href":"https:\/\/starlediluminacion.com\/it\/wp-json\/wp\/v3\/product"}],"about":[{"href":"https:\/\/starlediluminacion.com\/it\/wp-json\/wp\/v2\/types\/product"}],"wp:featuredmedia":[{"embeddable":true,"href":"https:\/\/starlediluminacion.com\/it\/wp-json\/wp\/v2\/media\/3798"}],"wp:attachment":[{"href":"https:\/\/starlediluminacion.com\/it\/wp-json\/wp\/v2\/media?parent=3795"}],"wp:term":[{"taxonomy":"product_cat","embeddable":true,"href":"https:\/\/starlediluminacion.com\/it\/wp-json\/wp\/v2\/product_cat?post=3795"},{"taxonomy":"product_tag","embeddable":true,"href":"https:\/\/starlediluminacion.com\/it\/wp-json\/wp\/v2\/product_tag?post=3795"}],"curies":[{"name":"wp","href":"https:\/\/api.w.org\/{rel}","templated":true}]}}