{"id":3687,"date":"2022-08-07T10:27:51","date_gmt":"2022-08-07T10:27:51","guid":{"rendered":"https:\/\/starlediluminacion.com\/?post_type=product&#038;p=3687"},"modified":"2022-08-27T13:46:12","modified_gmt":"2022-08-27T13:46:12","slug":"panel-led-60x30-24w-marco-blanco-cct","status":"publish","type":"product","link":"https:\/\/starlediluminacion.com\/it\/product\/panel-led-60x30-24w-marco-blanco-cct\/","title":{"rendered":"<p>Pannello LED 60X30 24W Telaio bianco - CCT<\/p>"},"content":{"rendered":"<div class=\"product-info-line\">\n<p id=\"product_reference\"><label>RIFERIMENTO: SL<span style=\"font-size: 16px;\">PN24W60X30<\/span><\/label><\/p>\n<p><strong>SCATOLA DI 2 UNIT\u00c0 PER EVITARE DANNI DA TRASPORTO.<\/strong><\/p>\n<p><strong>Pannello LED 60\u00d730 24W CCT&nbsp;<\/strong>che<strong>&nbsp;consente di regolare la luce&nbsp;<\/strong>e creare ambienti personalizzati in<strong>&nbsp;3000k-4000k-6000k.&nbsp;<\/strong>Misure<strong>&nbsp;Display a LED: 295 mm x 595 mm&nbsp;<\/strong>per i controsoffitti. Pu\u00f2 anche essere installato a incasso con il convertitore, oppure sospeso con il nostro<strong> kit di sospensione<\/strong>.<\/p>\n<h1><strong>Pannello LED 60X30 cm 24W Cornice bianca - CCT<\/strong><\/h1>\n<p><strong>Pannello LED 60\u00d730 24W CCT TELAIO BIANCO<\/strong>&nbsp;<strong>Sottile 295 mm x 595 mm&nbsp;<\/strong>ha una finitura elegante e un design moderno.<\/p>\n<p>Il suo efficiente diodo&nbsp;<strong>SMD 2835<\/strong>&nbsp;<strong>SANAN<\/strong>&nbsp;elevata luminosit\u00e0 e la sua&nbsp;<strong>fattore di potenza di 0,96<\/strong>Questo, insieme al PC ottico altamente riflettente, gli permette di fornire una luce uniforme in tutto il pannello, che insieme al PC ottico altamente riflettente sfrutta al massimo la luminosit\u00e0 emessa dall'insieme dei diodi LED; ci\u00f2 consente di confrontarlo con i pannelli fluorescenti convenzionali fino a 85W, ottenendo un enorme risparmio energetico.<\/p>\n<p>Grazie al suo sistema di avvio immediato e senza sfarfallio, questo&nbsp;<strong>Pannello LED<\/strong>&nbsp;\u00e8 ideale per i luoghi in cui si desidera massimizzare lo spazio illuminato, proiettando la luce in modo uniforme e senza abbagliamenti. L'angolo di apertura di&nbsp;<strong>120\u00ba<\/strong>&nbsp;\u00e8 perfetto per l'utilizzo in ambienti interni professionali, cos\u00ec come in cucine e bagni, in quanto \u00e8 un&nbsp;<strong>IP40.<\/strong><\/p>\n<p>&nbsp;<\/p>\n<p>Il<strong>&nbsp;Schermo LED 60\u00d730<\/strong>&nbsp;CCT di&nbsp;<strong>24W permette di regolare la luce&nbsp;<\/strong>e creare ambienti personalizzati in<strong>&nbsp;3000k-4000k-6000k<\/strong>possono anche essere sospesi.  Per essere installato a soffitto, il pannello necessita della&nbsp;<strong>kit di montaggio in superficie o kit di sospensione.<\/strong><\/p>\n<h2>Utilizzi del pannello LED 60X30 cm 24W Telaio bianco - CCT<\/h2>\n<ul>\n<li>Uffici<\/li>\n<li>Centri commerciali<\/li>\n<li>Musei<\/li>\n<li>Ospedali<\/li>\n<li>Scuole o universit\u00e0<\/li>\n<li>Magazzini<\/li>\n<li>Ristoranti<\/li>\n<\/ul>\n<h3 class=\"page-product-heading\">DATI TECNICI<\/h3>\n<div class=\"col-xs-12 col-md-6\">\n<table class=\"table table-data-sheet 1\">\n<tbody>\n<tr class=\"odd\">\n<td valign=\"middle\" width=\"32\"><\/td>\n<td valign=\"middle\">RIFERIMENTO :<\/td>\n<td valign=\"middle\">SLPN24W60X30<\/td>\n<\/tr>\n<tr class=\"even\">\n<td valign=\"middle\" width=\"32\"><\/td>\n<td valign=\"middle\">Potenza nominale :<\/td>\n<td valign=\"middle\">24w<\/td>\n<\/tr>\n<tr class=\"odd\">\n<td valign=\"middle\" width=\"32\"><\/td>\n<td valign=\"middle\">Tensione nominale:<\/td>\n<td valign=\"middle\">175-265V<\/td>\n<\/tr>\n<tr class=\"even\">\n<td valign=\"middle\" width=\"32\"><\/td>\n<td valign=\"middle\">Temperatura della luce:<\/td>\n<td valign=\"middle\">COLORE SELEZIONABILE: 3000K-4000K-6000K<\/td>\n<\/tr>\n<tr class=\"odd\">\n<td valign=\"middle\" width=\"32\"><\/td>\n<td valign=\"middle\">CRI - Indice di resa cromatica:<\/td>\n<td valign=\"middle\">82<\/td>\n<\/tr>\n<tr class=\"even\">\n<td valign=\"middle\" width=\"32\"><\/td>\n<td valign=\"middle\">Materiale da costruzione:<\/td>\n<td valign=\"middle\">Alluminio +PC<\/td>\n<\/tr>\n<tr class=\"odd\">\n<td valign=\"middle\" width=\"32\"><\/td>\n<td valign=\"middle\">Luminosit\u00e0-Lm:<\/td>\n<td valign=\"middle\">2760<\/td>\n<\/tr>\n<tr class=\"even\">\n<td valign=\"middle\" width=\"32\"><\/td>\n<td valign=\"middle\">Tipo di LED:<\/td>\n<td valign=\"middle\">SMD 2835<\/td>\n<\/tr>\n<tr class=\"odd\">\n<td valign=\"middle\" width=\"32\"><\/td>\n<td valign=\"middle\">Angolo di apertura (\u00ba):<\/td>\n<td valign=\"middle\">120\u00ba<\/td>\n<\/tr>\n<tr class=\"even\">\n<td valign=\"middle\" width=\"32\"><\/td>\n<td valign=\"middle\">Efficienza del diodo LED (Lm\/W):<\/td>\n<td valign=\"middle\">160 Lm\/w<\/td>\n<\/tr>\n<tr class=\"odd\">\n<td valign=\"middle\" width=\"32\"><\/td>\n<td valign=\"middle\">Efficienza luminosa (Lm\/W):<\/td>\n<td valign=\"middle\">115 Lm\/W<\/td>\n<\/tr>\n<tr class=\"even\">\n<td valign=\"middle\" width=\"32\"><\/td>\n<td valign=\"middle\">Certificati:<\/td>\n<td valign=\"middle\">CE - ROHS<\/td>\n<\/tr>\n<\/tbody>\n<\/table>\n<\/div>\n<div class=\"col-xs-12 col-md-6 2\">\n<table class=\"table table-data-sheet 2\">\n<tbody>\n<tr class=\"odd\">\n<td valign=\"middle\" width=\"32\"><\/td>\n<td valign=\"middle\">Grado di protezione IP:<\/td>\n<td valign=\"middle\">IP40<\/td>\n<\/tr>\n<tr class=\"even\">\n<td valign=\"middle\" width=\"32\"><\/td>\n<td valign=\"middle\">Durata stimata del diodo LED (H):<\/td>\n<td valign=\"middle\">50.000<\/td>\n<\/tr>\n<tr class=\"odd\">\n<td valign=\"middle\" width=\"32\"><\/td>\n<td valign=\"middle\">Dimensioni (mm):<\/td>\n<td valign=\"middle\">595x295x30<\/td>\n<\/tr>\n<tr class=\"even\">\n<td valign=\"middle\" width=\"32\"><\/td>\n<td valign=\"middle\">Fattore di potenza (PF):<\/td>\n<td valign=\"middle\">0.96<\/td>\n<\/tr>\n<tr class=\"odd\">\n<td valign=\"middle\" width=\"32\"><\/td>\n<td valign=\"middle\">Frequenza di lavoro (Hz):<\/td>\n<td valign=\"middle\">50\/60Hz<\/td>\n<\/tr>\n<tr class=\"even\">\n<td valign=\"middle\" width=\"32\"><\/td>\n<td valign=\"middle\">Intervallo di temperatura (\u00baC):<\/td>\n<td valign=\"middle\">-20\u00b0C ~ +55\u00b0C<\/td>\n<\/tr>\n<tr class=\"odd\">\n<td valign=\"middle\" width=\"32\"><\/td>\n<td valign=\"middle\">Cicli di accensione:<\/td>\n<td valign=\"middle\">100.000<\/td>\n<\/tr>\n<tr class=\"even\">\n<td valign=\"middle\" width=\"32\"><\/td>\n<td valign=\"middle\">Tempo di avvio (s):<\/td>\n<td valign=\"middle\">0,2s<\/td>\n<\/tr>\n<tr class=\"odd\">\n<td valign=\"middle\" width=\"32\"><\/td>\n<td valign=\"middle\">Driver incluso:<\/td>\n<td valign=\"middle\">S\u00cc<\/td>\n<\/tr>\n<tr class=\"even\">\n<td valign=\"middle\" width=\"32\"><\/td>\n<td valign=\"middle\">Classe energetica (2021-EU-2019\/2015):<\/td>\n<td valign=\"middle\">A+<\/td>\n<\/tr>\n<tr class=\"odd\">\n<td valign=\"middle\" width=\"32\"><\/td>\n<td valign=\"middle\">Anni di garanzia:<\/td>\n<td valign=\"middle\">3<\/td>\n<\/tr>\n<\/tbody>\n<\/table>\n<p>&nbsp;<\/p>\n<\/div>\n<\/div>","protected":false},"excerpt":{"rendered":"<div class=\"col-md-12\"><i class=\"fa fa-truck\"><\/i>&nbsp;<span class=\"text-muted textprop\">Consegna in 24\/48 ore<\/span><div class=\"col-md-12\"><i class=\"fa fa-exchange\"><\/i>&nbsp;<span class=\"text-muted textprop\">Garanzia assicurata<\/span><\/div><div class=\"col-md-12\"><i class=\"fa fa-box\"><\/i>&nbsp;<span class=\"text-muted textprop\">8 unit\u00e0 per Masterbox<\/span><\/div><\/div>","protected":false},"featured_media":3688,"template":"","meta":{"site-sidebar-layout":"default","site-content-layout":"default","ast-global-header-display":"","ast-main-header-display":"","ast-hfb-above-header-display":"","ast-hfb-below-header-display":"","ast-hfb-mobile-header-display":"","site-post-title":"","ast-breadcrumbs-content":"","ast-featured-img":"","footer-sml-layout":"","theme-transparent-header-meta":"default","adv-header-id-meta":"","stick-header-meta":"","header-above-stick-meta":"","header-main-stick-meta":"","header-below-stick-meta":""},"product_cat":[31,104],"product_tag":[],"class_list":["post-3687","product","type-product","status-publish","has-post-thumbnail","hentry","product_cat-paneles-led","product_cat-paneles-led-paneles-led"],"_links":{"self":[{"href":"https:\/\/starlediluminacion.com\/it\/wp-json\/wp\/v3\/product\/3687","targetHints":{"allow":["GET"]}}],"collection":[{"href":"https:\/\/starlediluminacion.com\/it\/wp-json\/wp\/v3\/product"}],"about":[{"href":"https:\/\/starlediluminacion.com\/it\/wp-json\/wp\/v2\/types\/product"}],"wp:featuredmedia":[{"embeddable":true,"href":"https:\/\/starlediluminacion.com\/it\/wp-json\/wp\/v2\/media\/3688"}],"wp:attachment":[{"href":"https:\/\/starlediluminacion.com\/it\/wp-json\/wp\/v2\/media?parent=3687"}],"wp:term":[{"taxonomy":"product_cat","embeddable":true,"href":"https:\/\/starlediluminacion.com\/it\/wp-json\/wp\/v2\/product_cat?post=3687"},{"taxonomy":"product_tag","embeddable":true,"href":"https:\/\/starlediluminacion.com\/it\/wp-json\/wp\/v2\/product_tag?post=3687"}],"curies":[{"name":"wp","href":"https:\/\/api.w.org\/{rel}","templated":true}]}}