{"id":3409,"date":"2022-08-06T18:53:22","date_gmt":"2022-08-06T18:53:22","guid":{"rendered":"https:\/\/starlediluminacion.com\/?post_type=product&#038;p=3409"},"modified":"2022-10-23T09:35:26","modified_gmt":"2022-10-23T09:35:26","slug":"downlight-led-empotrable-25w-120o-cct-color-seleccionable","status":"publish","type":"product","link":"https:\/\/starlediluminacion.com\/it\/product\/downlight-led-empotrable-25w-120o-cct-colore-selezionabile\/","title":{"rendered":"<p>Downlight LED da incasso 25W 120\u00ba - CCT - Colore selezionabile<\/p>"},"content":{"rendered":"<p><label>RIFERIMENTO:<span style=\"font-size: 16px;\"> SL<\/span><span class=\"editable\" style=\"font-size: 16px;\">4792-CCT<\/span><\/label><p style=\"font-style: inherit; font-weight: inherit;\"><span style=\"font-style: inherit; font-weight: inherit;\"><b><strong style=\"font-style: inherit;\">Downlight Faretto da incasso a LED&nbsp;<\/strong><\/b>indirizzabile con&nbsp;<b><strong style=\"font-style: inherit;\">25W<\/strong><\/b>&nbsp;di potenza. Realizzato in termoplastica, ha un design molto moderno con un anello di finitura bianco. Con un angolo di apertura di&nbsp;<b><strong style=\"font-style: inherit;\">120\u00ba<\/strong><\/b>&nbsp;che lo rende un apparecchio ideale per la messa a fuoco di aree interne per evitare l'abbagliamento.<\/span><\/p><h1 dir=\"ltr\">25W 120\u00ba Downlight LED da incasso<\/h1><p dir=\"ltr\">Il nostro obiettivo&nbsp;<strong>Faretto da incasso<\/strong>&nbsp;direzionale ha una capacit\u00e0 di illuminazione di&nbsp;<strong>25W<\/strong>.<\/p><p dir=\"ltr\">Questo focus&nbsp;<strong>LED<\/strong>&nbsp;Gli apparecchi da incasso hanno diverse tonalit\u00e0 di luce per mettere a fuoco qualsiasi spazio interno, poich\u00e9 emettono una luce di alta qualit\u00e0;&nbsp;<strong>3000K<\/strong>&nbsp;bianco caldo,&nbsp;<strong>4000K<\/strong>&nbsp;bianco neutro e&nbsp;<strong>6000K<\/strong>&nbsp;bianco freddo.<\/p><p dir=\"ltr\">Un fattore importante da considerare \u00e8 la tecnologia LED utilizzata, grazie alla sua classe energetica A+ possiamo ridurre il consumo energetico e optare per qualcosa di pi\u00f9 ecologico.<\/p><p dir=\"ltr\">Ha un'efficacia luminosa di 100Lm\/W. Driver incluso.<\/p><p dir=\"ltr\">Questo prodotto \u00e8 garantito per 2 anni.<\/p><p dir=\"ltr\">Il downlight a LED combina un'elevata efficienza con un design moderno.<\/p><h2 dir=\"ltr\">Utilizzi del prodotto:<\/h2><ul>\n<li>Cucine<\/li>\n<li>Locali commerciali<\/li>\n<li>Ristoranti<\/li>\n<\/ul><h3 class=\"page-product-heading\">DATI TECNICI<\/h3><div class=\"col-xs-12 col-md-6\">\n<table class=\"table table-data-sheet 1\">\n<tbody>\n<tr class=\"odd\">\n<td valign=\"middle\" width=\"32\"><\/td>\n<td valign=\"middle\">RIFERIMENTO :<\/td>\n<td valign=\"middle\">SL4792<\/td>\n<\/tr>\n<tr class=\"even\">\n<td valign=\"middle\" width=\"32\"><\/td>\n<td valign=\"middle\">Potenza nominale :<\/td>\n<td valign=\"middle\">25w<\/td>\n<\/tr>\n<tr class=\"odd\">\n<td valign=\"middle\" width=\"32\"><\/td>\n<td valign=\"middle\">Tensione nominale:<\/td>\n<td valign=\"middle\">85-265V<\/td>\n<\/tr>\n<tr class=\"even\">\n<td valign=\"middle\" width=\"32\"><\/td>\n<td valign=\"middle\">Temperatura della luce:<\/td>\n<td valign=\"middle\">3000K - 4000K - 6000K<\/td>\n<\/tr>\n<tr class=\"odd\">\n<td valign=\"middle\" width=\"32\"><\/td>\n<td valign=\"middle\">CRI - Indice di resa cromatica:<\/td>\n<td valign=\"middle\">90<\/td>\n<\/tr>\n<tr class=\"even\">\n<td valign=\"middle\" width=\"32\"><\/td>\n<td valign=\"middle\">Materiale da costruzione:<\/td>\n<td valign=\"middle\">Termoplastico<\/td>\n<\/tr>\n<tr class=\"odd\">\n<td valign=\"middle\" width=\"32\"><\/td>\n<td valign=\"middle\">Luminosit\u00e0-Lm:<\/td>\n<td valign=\"middle\">2500<\/td>\n<\/tr>\n<tr class=\"even\">\n<td valign=\"middle\" width=\"32\"><\/td>\n<td valign=\"middle\">Tipo di LED:<\/td>\n<td valign=\"middle\">COB<\/td>\n<\/tr>\n<tr class=\"odd\">\n<td valign=\"middle\" width=\"32\"><\/td>\n<td valign=\"middle\">Angolo di apertura (\u00ba):<\/td>\n<td valign=\"middle\">120\u00ba<\/td>\n<\/tr>\n<tr class=\"even\">\n<td valign=\"middle\" width=\"32\"><\/td>\n<td valign=\"middle\">Efficienza del diodo LED (Lm\/W):<\/td>\n<td valign=\"middle\">120Lm\/W<\/td>\n<\/tr>\n<tr class=\"odd\">\n<td valign=\"middle\" width=\"32\"><\/td>\n<td valign=\"middle\">Efficienza luminosa (Lm\/W):<\/td>\n<td valign=\"middle\">100Lm\/W<\/td>\n<\/tr>\n<\/tbody>\n<\/table>\n<\/div><div class=\"col-xs-12 col-md-6 2\">\n<table class=\"table table-data-sheet 2\">\n<tbody>\n<tr class=\"odd\">\n<td valign=\"middle\" width=\"32\"><\/td>\n<td valign=\"middle\">Certificati:<\/td>\n<td valign=\"middle\">CE - ROHS<\/td>\n<\/tr>\n<tr class=\"even\">\n<td valign=\"middle\" width=\"32\"><\/td>\n<td valign=\"middle\">Grado di protezione IP:<\/td>\n<td valign=\"middle\">IP20<\/td>\n<\/tr>\n<tr class=\"odd\">\n<td valign=\"middle\" width=\"32\"><\/td>\n<td valign=\"middle\">Dimensioni (mm):<\/td>\n<td valign=\"middle\">160x130x105mm<\/td>\n<\/tr>\n<tr class=\"even\">\n<td valign=\"middle\" width=\"32\"><\/td>\n<td valign=\"middle\">Frequenza di lavoro (Hz):<\/td>\n<td valign=\"middle\">50\/60Hz<\/td>\n<\/tr>\n<tr class=\"odd\">\n<td valign=\"middle\" width=\"32\"><\/td>\n<td valign=\"middle\">Intervallo di temperatura (\u00baC):<\/td>\n<td valign=\"middle\">-20\u00b0C ~ +55\u00b0C<\/td>\n<\/tr>\n<tr class=\"even\">\n<td valign=\"middle\" width=\"32\"><\/td>\n<td valign=\"middle\">Cicli di accensione:<\/td>\n<td valign=\"middle\">100.000<\/td>\n<\/tr>\n<tr class=\"odd\">\n<td valign=\"middle\" width=\"32\"><\/td>\n<td valign=\"middle\">Tempo di avvio (s):<\/td>\n<td valign=\"middle\">0,2s<\/td>\n<\/tr>\n<tr class=\"even\">\n<td valign=\"middle\" width=\"32\"><\/td>\n<td valign=\"middle\">Taglio del soffitto (mm):<\/td>\n<td valign=\"middle\">70.mm * 105.mm<\/td>\n<\/tr>\n<tr class=\"odd\">\n<td valign=\"middle\" width=\"32\"><\/td>\n<td valign=\"middle\">Driver incluso:<\/td>\n<td valign=\"middle\">S\u00cc<\/td>\n<\/tr>\n<tr class=\"even\">\n<td valign=\"middle\" width=\"32\"><\/td>\n<td valign=\"middle\">Classe energetica (2021-EU-2019\/2015):<\/td>\n<td valign=\"middle\">A+<\/td>\n<\/tr>\n<tr class=\"odd\">\n<td valign=\"middle\" width=\"32\"><\/td>\n<td valign=\"middle\">Anni di garanzia:<\/td>\n<td valign=\"middle\">3<\/td>\n<\/tr>\n<\/tbody>\n<\/table>\n<p>&nbsp;<\/p>\n<\/div><\/p>","protected":false},"excerpt":{"rendered":"<div class=\"col-md-12\"><i class=\"fa fa-truck\"><\/i>&nbsp;<span class=\"text-muted textprop\">Consegna in 24\/48 ore<\/span><div class=\"col-md-12\"><i class=\"fa fa-exchange\"><\/i>&nbsp;<span class=\"text-muted textprop\">Garanzia assicurata<\/span><\/div><div class=\"col-md-12\"><i class=\"fa fa-box\"><\/i>&nbsp;<span class=\"text-muted textprop\">24 unit\u00e0 per Masterbox<\/span><\/div><\/div>","protected":false},"featured_media":3418,"template":"","meta":{"site-sidebar-layout":"default","site-content-layout":"default","ast-global-header-display":"","ast-main-header-display":"","ast-hfb-above-header-display":"","ast-hfb-below-header-display":"","ast-hfb-mobile-header-display":"","site-post-title":"","ast-breadcrumbs-content":"","ast-featured-img":"","footer-sml-layout":"","theme-transparent-header-meta":"default","adv-header-id-meta":"","stick-header-meta":"","header-above-stick-meta":"","header-main-stick-meta":"","header-below-stick-meta":""},"product_cat":[27,70],"product_tag":[],"class_list":["post-3409","product","type-product","status-publish","has-post-thumbnail","hentry","product_cat-downlight-plafones-y-placas-led","product_cat-focos-downlight-led"],"yoast_head":"<!-- This site is optimized with the Yoast SEO plugin v27.4 - https:\/\/yoast.com\/product\/yoast-seo-wordpress\/ -->\n<title>Downlight LED Empotrable 25W 120\u00ba - CCT- Color Seleccionable - STARLED Iluminacion<\/title>\n<meta name=\"robots\" content=\"index, follow, max-snippet:-1, max-image-preview:large, max-video-preview:-1\" \/>\n<link rel=\"canonical\" href=\"https:\/\/starlediluminacion.com\/it\/product\/downlight-led-empotrable-25w-120o-c20o-cct-color-selectable\/\" \/>\n<meta property=\"og:locale\" content=\"it_IT\" \/>\n<meta property=\"og:type\" content=\"article\" \/>\n<meta property=\"og:title\" content=\"Downlight LED Empotrable 25W 120\u00ba - CCT- Color Seleccionable - STARLED Iluminacion\" \/>\n<meta property=\"og:description\" content=\"\u00a0Entrega en 24\/48 horas \u00a0Garant\u00eda asegurada \u00a024 unidad(es) por Masterbox\" \/>\n<meta property=\"og:url\" content=\"https:\/\/starlediluminacion.com\/it\/product\/downlight-led-empotrable-25w-120o-c20o-cct-color-selectable\/\" \/>\n<meta property=\"og:site_name\" content=\"STARLED Iluminacion\" \/>\n<meta property=\"article:modified_time\" content=\"2022-10-23T09:35:26+00:00\" \/>\n<meta property=\"og:image\" content=\"https:\/\/starlediluminacion.com\/wp-content\/uploads\/2022\/08\/downlight-led-empotrable-25w-120-cct-color-seleccionable-factorled.jpg\" \/>\n\t<meta property=\"og:image:width\" content=\"1000\" \/>\n\t<meta property=\"og:image:height\" content=\"1000\" \/>\n\t<meta property=\"og:image:type\" content=\"image\/jpeg\" \/>\n<meta name=\"twitter:card\" content=\"summary_large_image\" \/>\n<meta name=\"twitter:label1\" content=\"Tempo di lettura stimato\" \/>\n\t<meta name=\"twitter:data1\" content=\"1 minuto\" \/>\n<script type=\"application\/ld+json\" class=\"yoast-schema-graph\">{\"@context\":\"https:\\\/\\\/schema.org\",\"@graph\":[{\"@type\":\"WebPage\",\"@id\":\"https:\\\/\\\/starlediluminacion.com\\\/en\\\/product\\\/downlight-led-empotrable-25w-120o-c20o-cct-color-selectable\\\/\",\"url\":\"https:\\\/\\\/starlediluminacion.com\\\/en\\\/product\\\/downlight-led-empotrable-25w-120o-c20o-cct-color-selectable\\\/\",\"name\":\"Downlight LED Empotrable 25W 120\u00ba - CCT- Color Seleccionable - STARLED Iluminacion\",\"isPartOf\":{\"@id\":\"https:\\\/\\\/starlediluminacion.com\\\/#website\"},\"primaryImageOfPage\":{\"@id\":\"https:\\\/\\\/starlediluminacion.com\\\/en\\\/product\\\/downlight-led-empotrable-25w-120o-c20o-cct-color-selectable\\\/#primaryimage\"},\"image\":{\"@id\":\"https:\\\/\\\/starlediluminacion.com\\\/en\\\/product\\\/downlight-led-empotrable-25w-120o-c20o-cct-color-selectable\\\/#primaryimage\"},\"thumbnailUrl\":\"https:\\\/\\\/starlediluminacion.com\\\/wp-content\\\/uploads\\\/2022\\\/08\\\/downlight-led-empotrable-25w-120-cct-color-seleccionable-factorled.jpg\",\"datePublished\":\"2022-08-06T18:53:22+00:00\",\"dateModified\":\"2022-10-23T09:35:26+00:00\",\"breadcrumb\":{\"@id\":\"https:\\\/\\\/starlediluminacion.com\\\/en\\\/product\\\/downlight-led-empotrable-25w-120o-c20o-cct-color-selectable\\\/#breadcrumb\"},\"inLanguage\":\"it-IT\",\"potentialAction\":[{\"@type\":\"ReadAction\",\"target\":[\"https:\\\/\\\/starlediluminacion.com\\\/en\\\/product\\\/downlight-led-empotrable-25w-120o-c20o-cct-color-selectable\\\/\"]}]},{\"@type\":\"ImageObject\",\"inLanguage\":\"it-IT\",\"@id\":\"https:\\\/\\\/starlediluminacion.com\\\/en\\\/product\\\/downlight-led-empotrable-25w-120o-c20o-cct-color-selectable\\\/#primaryimage\",\"url\":\"https:\\\/\\\/starlediluminacion.com\\\/wp-content\\\/uploads\\\/2022\\\/08\\\/downlight-led-empotrable-25w-120-cct-color-seleccionable-factorled.jpg\",\"contentUrl\":\"https:\\\/\\\/starlediluminacion.com\\\/wp-content\\\/uploads\\\/2022\\\/08\\\/downlight-led-empotrable-25w-120-cct-color-seleccionable-factorled.jpg\",\"width\":1000,\"height\":1000},{\"@type\":\"BreadcrumbList\",\"@id\":\"https:\\\/\\\/starlediluminacion.com\\\/en\\\/product\\\/downlight-led-empotrable-25w-120o-c20o-cct-color-selectable\\\/#breadcrumb\",\"itemListElement\":[{\"@type\":\"ListItem\",\"position\":1,\"name\":\"Portada\",\"item\":\"https:\\\/\\\/starlediluminacion.com\\\/\"},{\"@type\":\"ListItem\",\"position\":2,\"name\":\"Shop\",\"item\":\"https:\\\/\\\/starlediluminacion.com\\\/shop-2\\\/\"},{\"@type\":\"ListItem\",\"position\":3,\"name\":\"Downlight LED Empotrable 25W 120\u00ba &#8211; CCT- Color Seleccionable\"}]},{\"@type\":\"WebSite\",\"@id\":\"https:\\\/\\\/starlediluminacion.com\\\/#website\",\"url\":\"https:\\\/\\\/starlediluminacion.com\\\/\",\"name\":\"STARLED Iluminacion\",\"description\":\"\",\"potentialAction\":[{\"@type\":\"SearchAction\",\"target\":{\"@type\":\"EntryPoint\",\"urlTemplate\":\"https:\\\/\\\/starlediluminacion.com\\\/?s={search_term_string}\"},\"query-input\":{\"@type\":\"PropertyValueSpecification\",\"valueRequired\":true,\"valueName\":\"search_term_string\"}}],\"inLanguage\":\"it-IT\"}]}<\/script>\n<!-- \/ Yoast SEO plugin. -->","yoast_head_json":{"title":"Downlight LED Empotrable 25W 120\u00ba - CCT- Color Seleccionable - STARLED Iluminacion","robots":{"index":"index","follow":"follow","max-snippet":"max-snippet:-1","max-image-preview":"max-image-preview:large","max-video-preview":"max-video-preview:-1"},"canonical":"https:\/\/starlediluminacion.com\/it\/product\/downlight-led-empotrable-25w-120o-c20o-cct-color-selectable\/","og_locale":"it_IT","og_type":"article","og_title":"Downlight LED Empotrable 25W 120\u00ba - CCT- Color Seleccionable - STARLED Iluminacion","og_description":"\u00a0Entrega en 24\/48 horas \u00a0Garant\u00eda asegurada \u00a024 unidad(es) por Masterbox","og_url":"https:\/\/starlediluminacion.com\/it\/product\/downlight-led-empotrable-25w-120o-c20o-cct-color-selectable\/","og_site_name":"STARLED Iluminacion","article_modified_time":"2022-10-23T09:35:26+00:00","og_image":[{"width":1000,"height":1000,"url":"https:\/\/starlediluminacion.com\/wp-content\/uploads\/2022\/08\/downlight-led-empotrable-25w-120-cct-color-seleccionable-factorled.jpg","type":"image\/jpeg"}],"twitter_card":"summary_large_image","twitter_misc":{"Tempo di lettura stimato":"1 minuto"},"schema":{"@context":"https:\/\/schema.org","@graph":[{"@type":"WebPage","@id":"https:\/\/starlediluminacion.com\/en\/product\/downlight-led-empotrable-25w-120o-c20o-cct-color-selectable\/","url":"https:\/\/starlediluminacion.com\/en\/product\/downlight-led-empotrable-25w-120o-c20o-cct-color-selectable\/","name":"Downlight LED Empotrable 25W 120\u00ba - CCT- Color Seleccionable - STARLED Iluminacion","isPartOf":{"@id":"https:\/\/starlediluminacion.com\/#website"},"primaryImageOfPage":{"@id":"https:\/\/starlediluminacion.com\/en\/product\/downlight-led-empotrable-25w-120o-c20o-cct-color-selectable\/#primaryimage"},"image":{"@id":"https:\/\/starlediluminacion.com\/en\/product\/downlight-led-empotrable-25w-120o-c20o-cct-color-selectable\/#primaryimage"},"thumbnailUrl":"https:\/\/starlediluminacion.com\/wp-content\/uploads\/2022\/08\/downlight-led-empotrable-25w-120-cct-color-seleccionable-factorled.jpg","datePublished":"2022-08-06T18:53:22+00:00","dateModified":"2022-10-23T09:35:26+00:00","breadcrumb":{"@id":"https:\/\/starlediluminacion.com\/en\/product\/downlight-led-empotrable-25w-120o-c20o-cct-color-selectable\/#breadcrumb"},"inLanguage":"it-IT","potentialAction":[{"@type":"ReadAction","target":["https:\/\/starlediluminacion.com\/en\/product\/downlight-led-empotrable-25w-120o-c20o-cct-color-selectable\/"]}]},{"@type":"ImageObject","inLanguage":"it-IT","@id":"https:\/\/starlediluminacion.com\/en\/product\/downlight-led-empotrable-25w-120o-c20o-cct-color-selectable\/#primaryimage","url":"https:\/\/starlediluminacion.com\/wp-content\/uploads\/2022\/08\/downlight-led-empotrable-25w-120-cct-color-seleccionable-factorled.jpg","contentUrl":"https:\/\/starlediluminacion.com\/wp-content\/uploads\/2022\/08\/downlight-led-empotrable-25w-120-cct-color-seleccionable-factorled.jpg","width":1000,"height":1000},{"@type":"BreadcrumbList","@id":"https:\/\/starlediluminacion.com\/en\/product\/downlight-led-empotrable-25w-120o-c20o-cct-color-selectable\/#breadcrumb","itemListElement":[{"@type":"ListItem","position":1,"name":"Portada","item":"https:\/\/starlediluminacion.com\/"},{"@type":"ListItem","position":2,"name":"Shop","item":"https:\/\/starlediluminacion.com\/shop-2\/"},{"@type":"ListItem","position":3,"name":"Downlight LED Empotrable 25W 120\u00ba &#8211; CCT- Color Seleccionable"}]},{"@type":"WebSite","@id":"https:\/\/starlediluminacion.com\/#website","url":"https:\/\/starlediluminacion.com\/","name":"STARLED Iluminacion","description":"","potentialAction":[{"@type":"SearchAction","target":{"@type":"EntryPoint","urlTemplate":"https:\/\/starlediluminacion.com\/?s={search_term_string}"},"query-input":{"@type":"PropertyValueSpecification","valueRequired":true,"valueName":"search_term_string"}}],"inLanguage":"it-IT"}]}},"_links":{"self":[{"href":"https:\/\/starlediluminacion.com\/it\/wp-json\/wp\/v3\/product\/3409","targetHints":{"allow":["GET"]}}],"collection":[{"href":"https:\/\/starlediluminacion.com\/it\/wp-json\/wp\/v3\/product"}],"about":[{"href":"https:\/\/starlediluminacion.com\/it\/wp-json\/wp\/v2\/types\/product"}],"wp:featuredmedia":[{"embeddable":true,"href":"https:\/\/starlediluminacion.com\/it\/wp-json\/wp\/v2\/media\/3418"}],"wp:attachment":[{"href":"https:\/\/starlediluminacion.com\/it\/wp-json\/wp\/v2\/media?parent=3409"}],"wp:term":[{"taxonomy":"product_cat","embeddable":true,"href":"https:\/\/starlediluminacion.com\/it\/wp-json\/wp\/v2\/product_cat?post=3409"},{"taxonomy":"product_tag","embeddable":true,"href":"https:\/\/starlediluminacion.com\/it\/wp-json\/wp\/v2\/product_tag?post=3409"}],"curies":[{"name":"wp","href":"https:\/\/api.w.org\/{rel}","templated":true}]}}