{"id":3396,"date":"2022-08-06T17:19:54","date_gmt":"2022-08-06T17:19:54","guid":{"rendered":"https:\/\/starlediluminacion.com\/?post_type=product&#038;p=3396"},"modified":"2022-10-23T09:31:56","modified_gmt":"2022-10-23T09:31:56","slug":"downlight-led-12w-frameless-quasar-osram-chip-duris-e-2835-cct","status":"publish","type":"product","link":"https:\/\/starlediluminacion.com\/it\/product\/downlight-led-12w-frameless-quasar-osram-chip-duris-e-2835-cct\/","title":{"rendered":"<p>Faretto LED 12W senza cornice QUASAR - OSRAM CHIP DURIS E 2835 - CCT<\/p>"},"content":{"rendered":"<div class=\"product-info-line\">\n<p id=\"product_reference\"><label>RIFERIMENTO: SL<span style=\"font-size: 16px;\">90801<\/span><\/label><\/p>\n<div class=\"hidden-xs parrafo\">\n<p><strong>COLORE SELEZIONABILE:<\/strong>&nbsp;Il nostro&nbsp;<strong>Downlight - QUASAR senza cornice - OSRAM&nbsp;<\/strong>CHIP DURIS E 2835&nbsp;<strong>apparecchio circolare da incasso<\/strong>&nbsp;<strong>LED<\/strong>&nbsp;da&nbsp;<strong>12W<\/strong>&nbsp;\u00e8 dotato di un selettore della temperatura di colore, con la possibilit\u00e0 di scegliere tra bianco freddo, bianco neutro e bianco caldo. L'angolo di apertura dell'apparecchio \u00e8 di 120\u00ba. Pu\u00f2 essere trasformata in una plafoniera con l'anello downlight:<\/p>\n<h1>Faretto LED 12W senza cornice QUASAR - OSRAM CHIP DURIS E 2835 - CCT<\/h1>\n<p>Il nostro&nbsp;<strong>Faretto da incasso<\/strong>&nbsp;<strong>LED<\/strong>&nbsp;Senza cornice con potenza di&nbsp;<strong>8W<\/strong>&nbsp;si caratterizza per la sua semplicit\u00e0 di utilizzo, ottenendo un'illuminazione precisa e personalizzata in qualsiasi spazio interno. Con questo tipo di apparecchio LED \u00e8 possibile ottenere una luce personalizzata per qualsiasi tipo di attivit\u00e0.<\/p>\n<p>Siete a<strong>&nbsp;illuminazione a incasso<\/strong>&nbsp;Sono privi di cornice, quindi il loro design moderno spicca e conferisce loro uno stile all'avanguardia.<\/p>\n<p>Grazie al suo sistema di selezione dei colori, \u00e8 possibile adattarlo alle esigenze della propria azienda o della propria casa, scegliendo il colore desiderato per ogni stanza o sala.<\/p>\n<p>La sorgente luminosa ad alta efficienza con&nbsp;<strong>Chip OSRAM SMD2835<\/strong>&nbsp;offre un'elevata luminosit\u00e0 e sostituisce perfettamente i faretti tradizionali con un risparmio maggiore rispetto al modello 80%.<\/p>\n<p>Grazie al design funzionale e sottile, l'installazione \u00e8 molto pi\u00f9 semplice.<\/p>\n<p>L'elevato indice di resa cromatica, superiore a 85, garantisce una riproduzione naturale dei colori.<\/p>\n<h2>Utilizzi del downlight LED senza cornice da 8W QUASAR - OSRAM CHIP DURIS E 2835 - CCT<\/h2>\n<ul>\n<li>&nbsp;Negozi<\/li>\n<li>&nbsp;Ristoranti<\/li>\n<li>&nbsp;Musei<\/li>\n<li>&nbsp;Gallerie commerciali<\/li>\n<li>&nbsp;Centri commerciali<\/li>\n<li>&nbsp;Uffici<\/li>\n<li>&nbsp;Corridoi<\/li>\n<li>&nbsp;Vetrina<\/li>\n<\/ul>\n<h3 class=\"page-product-heading\">DATI TECNICI<\/h3>\n<div class=\"col-xs-12 col-md-6\">\n<table class=\"table table-data-sheet 1\">\n<tbody>\n<tr class=\"odd\">\n<td valign=\"middle\" width=\"32\"><\/td>\n<td valign=\"middle\">RIFERIMENTO :<\/td>\n<td valign=\"middle\">SL90801<\/td>\n<\/tr>\n<tr class=\"even\">\n<td valign=\"middle\" width=\"32\"><\/td>\n<td valign=\"middle\">Potenza nominale :<\/td>\n<td valign=\"middle\">12w<\/td>\n<\/tr>\n<tr class=\"odd\">\n<td valign=\"middle\" width=\"32\"><\/td>\n<td valign=\"middle\">Tensione nominale:<\/td>\n<td valign=\"middle\">85V-265V<\/td>\n<\/tr>\n<tr class=\"even\">\n<td valign=\"middle\" width=\"32\"><\/td>\n<td valign=\"middle\">Temperatura della luce:<\/td>\n<td valign=\"middle\">COLORE SELEZIONABILE: 3000K-4000K-6000K<\/td>\n<\/tr>\n<tr class=\"odd\">\n<td valign=\"middle\" width=\"32\"><\/td>\n<td valign=\"middle\">CRI - Indice di resa cromatica:<\/td>\n<td valign=\"middle\">85<\/td>\n<\/tr>\n<tr class=\"even\">\n<td valign=\"middle\" width=\"32\"><\/td>\n<td valign=\"middle\">Materiale da costruzione:<\/td>\n<td valign=\"middle\">Alluminio +PC<\/td>\n<\/tr>\n<tr class=\"odd\">\n<td valign=\"middle\" width=\"32\"><\/td>\n<td valign=\"middle\">Luminosit\u00e0-Lm:<\/td>\n<td valign=\"middle\">1440Lm<\/td>\n<\/tr>\n<tr class=\"even\">\n<td valign=\"middle\" width=\"32\"><\/td>\n<td valign=\"middle\">Tipo di LED:<\/td>\n<td valign=\"middle\">CHIP SMD 2835 OSRAM<\/td>\n<\/tr>\n<tr class=\"odd\">\n<td valign=\"middle\" width=\"32\"><\/td>\n<td valign=\"middle\">Angolo di apertura (\u00ba):<\/td>\n<td valign=\"middle\">120\u00ba<\/td>\n<\/tr>\n<tr class=\"even\">\n<td valign=\"middle\" width=\"32\"><\/td>\n<td valign=\"middle\">Efficienza del diodo LED (Lm\/W):<\/td>\n<td valign=\"middle\">140 Lm\/W<\/td>\n<\/tr>\n<tr class=\"odd\">\n<td valign=\"middle\" width=\"32\"><\/td>\n<td valign=\"middle\">Efficienza luminosa (Lm\/W):<\/td>\n<td valign=\"middle\">120 Lm\/W<\/td>\n<\/tr>\n<\/tbody>\n<\/table>\n<\/div>\n<div class=\"col-xs-12 col-md-6 2\">\n<table class=\"table table-data-sheet 2\">\n<tbody>\n<tr class=\"odd\">\n<td valign=\"middle\" width=\"32\"><\/td>\n<td valign=\"middle\">Certificati:<\/td>\n<td valign=\"middle\">CE - ROHS<\/td>\n<\/tr>\n<tr class=\"even\">\n<td valign=\"middle\" width=\"32\"><\/td>\n<td valign=\"middle\">Grado di protezione IP:<\/td>\n<td valign=\"middle\">IP44<\/td>\n<\/tr>\n<tr class=\"odd\">\n<td valign=\"middle\" width=\"32\"><\/td>\n<td valign=\"middle\">Durata stimata del diodo LED (H):<\/td>\n<td valign=\"middle\">40.000<\/td>\n<\/tr>\n<tr class=\"even\">\n<td valign=\"middle\" width=\"32\"><\/td>\n<td valign=\"middle\">Dimensioni (mm):<\/td>\n<td valign=\"middle\">145 mm H15 mm<\/td>\n<\/tr>\n<tr class=\"odd\">\n<td valign=\"middle\" width=\"32\"><\/td>\n<td valign=\"middle\">Frequenza di lavoro (Hz):<\/td>\n<td valign=\"middle\">50\/60Hz<\/td>\n<\/tr>\n<tr class=\"even\">\n<td valign=\"middle\" width=\"32\"><\/td>\n<td valign=\"middle\">Intervallo di temperatura (\u00baC):<\/td>\n<td valign=\"middle\">-20\u00b0C ~ +55\u00b0C<\/td>\n<\/tr>\n<tr class=\"odd\">\n<td valign=\"middle\" width=\"32\"><\/td>\n<td valign=\"middle\">Cicli di accensione:<\/td>\n<td valign=\"middle\">100.000<\/td>\n<\/tr>\n<tr class=\"even\">\n<td valign=\"middle\" width=\"32\"><\/td>\n<td valign=\"middle\">Tempo di avvio (s):<\/td>\n<td valign=\"middle\">0,2s<\/td>\n<\/tr>\n<tr class=\"odd\">\n<td valign=\"middle\" width=\"32\"><\/td>\n<td valign=\"middle\">Taglio del soffitto (mm):<\/td>\n<td valign=\"middle\">135 mm H15 mm<\/td>\n<\/tr>\n<tr class=\"even\">\n<td valign=\"middle\" width=\"32\"><\/td>\n<td valign=\"middle\">Classe energetica (2021-EU-2019\/2015):<\/td>\n<td valign=\"middle\">A+<\/td>\n<\/tr>\n<tr class=\"odd\">\n<td valign=\"middle\" width=\"32\"><\/td>\n<td valign=\"middle\">Anni di garanzia:<\/td>\n<td valign=\"middle\">3<\/td>\n<\/tr>\n<\/tbody>\n<\/table>\n<\/div>\n<\/div>\n<\/div>","protected":false},"excerpt":{"rendered":"<div class=\"col-md-12\"><i class=\"fa fa-truck\"><\/i>&nbsp;<span class=\"text-muted textprop\">Consegna in 24\/48 ore<\/span><div class=\"col-md-12\"><i class=\"fa fa-exchange\"><\/i>&nbsp;<span class=\"text-muted textprop\">Garanzia assicurata<\/span><\/div><div class=\"col-md-12\"><i class=\"fa fa-box\"><\/i>&nbsp;<span class=\"text-muted textprop\">20 unit\u00e0 per Masterbox<\/span><\/div><\/div>","protected":false},"featured_media":3398,"template":"","meta":{"site-sidebar-layout":"default","site-content-layout":"default","ast-global-header-display":"","ast-main-header-display":"","ast-hfb-above-header-display":"","ast-hfb-below-header-display":"","ast-hfb-mobile-header-display":"","site-post-title":"","ast-breadcrumbs-content":"","ast-featured-img":"","footer-sml-layout":"","theme-transparent-header-meta":"default","adv-header-id-meta":"","stick-header-meta":"","header-above-stick-meta":"","header-main-stick-meta":"","header-below-stick-meta":""},"product_cat":[27,70],"product_tag":[],"class_list":["post-3396","product","type-product","status-publish","has-post-thumbnail","hentry","product_cat-downlight-plafones-y-placas-led","product_cat-focos-downlight-led"],"_links":{"self":[{"href":"https:\/\/starlediluminacion.com\/it\/wp-json\/wp\/v3\/product\/3396","targetHints":{"allow":["GET"]}}],"collection":[{"href":"https:\/\/starlediluminacion.com\/it\/wp-json\/wp\/v3\/product"}],"about":[{"href":"https:\/\/starlediluminacion.com\/it\/wp-json\/wp\/v2\/types\/product"}],"wp:featuredmedia":[{"embeddable":true,"href":"https:\/\/starlediluminacion.com\/it\/wp-json\/wp\/v2\/media\/3398"}],"wp:attachment":[{"href":"https:\/\/starlediluminacion.com\/it\/wp-json\/wp\/v2\/media?parent=3396"}],"wp:term":[{"taxonomy":"product_cat","embeddable":true,"href":"https:\/\/starlediluminacion.com\/it\/wp-json\/wp\/v2\/product_cat?post=3396"},{"taxonomy":"product_tag","embeddable":true,"href":"https:\/\/starlediluminacion.com\/it\/wp-json\/wp\/v2\/product_tag?post=3396"}],"curies":[{"name":"wp","href":"https:\/\/api.w.org\/{rel}","templated":true}]}}