{"id":3170,"date":"2022-08-06T14:39:56","date_gmt":"2022-08-06T14:39:56","guid":{"rendered":"https:\/\/starlediluminacion.com\/?post_type=product&#038;p=3170"},"modified":"2022-10-23T09:07:01","modified_gmt":"2022-10-23T09:07:01","slug":"empotrable-led-5w-8w-12w-cuadrado-blanco-bridgelux-chip-ugr11-cct-cri-92","status":"publish","type":"product","link":"https:\/\/starlediluminacion.com\/it\/product\/empotrable-led-5w-8w-12w-cuadrado-blanco-bridgelux-chip-ugr11-cct-cri-92\/","title":{"rendered":"<p>LED da incasso 5W - 8W - 12W Chip Bridgelux bianco quadrato - UGR11- CCT- CRI +92<\/p>"},"content":{"rendered":"<div class=\"product-info-line\">\n<p id=\"product_reference\"><label>RIFERIMENTO: SL<span style=\"font-size: 16px;\">90610<\/span><\/label><\/p>\n<div class=\"hidden-xs parrafo\">\n<p><strong>Faretto da incasso a LED<\/strong>&nbsp;<strong>Quadrato<\/strong>&nbsp;<strong>BIANCO&nbsp;<\/strong>alluminio con&nbsp;<strong>5W - 8W - 12W (potenza selezionabile sul driver)<\/strong>. Con un angolo di apertura di&nbsp;<strong>40\u00ba<\/strong>L'illuminazione \u00e8 pi\u00f9 diretta per focalizzare la luce su punti specifici. Facile montaggio e installazione. Elevato indice di resa cromatica +92<strong>- Colore esperto&nbsp;<\/strong>. Basso abbagliamento&nbsp;<strong>UGR&lt;11<\/strong>.&nbsp;<strong>CCT: COLORE SELEZIONABILE: 3000K-4000K-6000K<\/strong>.<\/p>\n<\/div>\n<div id=\"views_block-1\" class=\"clearfix\">\n<div id=\"thumbs_list\">\n<h1>LED da incasso 5W - 8W - 12W Chip Bridgelux bianco - UGR11 - CCT - CRI +92<\/h1>\n<p>Il nostro nuovo<strong>&nbsp;Faretto da incasso a led 12w quadrato 40<\/strong>\u00ba \u00e8 composto da<strong>&nbsp;Alluminio<\/strong>ha un'immagine molto&nbsp;<strong>moderno<\/strong>&nbsp;con una finitura di&nbsp;<strong>alta qualit\u00e0<\/strong>. Ha un angolo di apertura di&nbsp;<strong>40\u00ba<\/strong>&nbsp;lo rendono un apparecchio ideale per concentrarsi su aree molto specifiche per l'illuminazione professionale. Il materiale in alluminio presenta grandi vantaggi, in quanto&nbsp;<strong>previene la ruggine<\/strong>&nbsp;a lungo termine, \u00e8 molto&nbsp;<strong>resistente<\/strong>&nbsp;alle aree umide o agli ambienti salini.<\/p>\n<p>L'apparecchio LED monta un&nbsp;<strong>COB con chip Bridgelux 2630 DS-C30<\/strong>alta luminosit\u00e0, con un indice di&nbsp;<strong>resa cromatica di +93,<\/strong>&nbsp;In questo modo si ottiene una riproduzione dei colori di alta qualit\u00e0. Vale la pena di menzionare il&nbsp;<strong>livello molto alto di LRC<\/strong>&nbsp;(indice di resa cromatica) superiore a 92, per una qualit\u00e0 della luce con una resa cromatica perfetta.<\/p>\n<p>Il diffusore e il suo design garantiscono un'illuminazione uniforme e priva di abbagliamenti. Ha un basso fattore di abbagliamento (UGR&lt;11) che lo rende perfetto per le aree di lavoro in uffici, sale conferenze, aule, biblioteche, ecc.<\/p>\n<p>L'abbagliamento causato dall'illuminazione pu\u00f2 avere un'influenza negativa sulle persone, poich\u00e9 un ambiente luminoso confortevole \u00e8 necessario per aiutarci a svolgere le nostre attivit\u00e0,&nbsp;<strong>un buon livello di illuminazione unito a un basso livello di UGR<\/strong>&nbsp;(indice di abbagliamento) aumenta il senso di benessere dei lavoratori, contribuendo direttamente al livello di produttivit\u00e0.<\/p>\n<p><strong><br>\n<\/strong>I bassi livelli di abbagliamento sono richiesti dalle normative sulle aree di lavoro in tutti i luoghi in cui si trascorrono lunghi periodi di tempo esposti alla luce artificiale; sono molto importanti negli uffici, negli istituti scolastici, nelle aree di lavoro, ecc.<\/p>\n<p>L'installazione \u00e8 molto semplice e richiede solo un taglio a misura del prodotto sulla superficie in cui verr\u00e0 incassato. Scegliendo l'illuminazione a LED non solo si risparmia sulla bolletta elettrica, ma si opta anche per una tecnologia pi\u00f9 ecologica e di qualit\u00e0 superiore che dura 10 volte di pi\u00f9 rispetto ai sistemi di illuminazione tradizionali.<\/p>\n<p>Decorate i vostri spazi interni e iniziate a risparmiare sulle bollette dell'elettricit\u00e0, con la tecnologia LED potete&nbsp;<strong>ridurre<\/strong>&nbsp;fino a&nbsp;<strong>80%<\/strong>&nbsp;a&nbsp;<strong>energia<\/strong>. Oltre a risparmiare, si contribuisce alla salvaguardia del pianeta, poich\u00e9 si tratta di prodotti non inquinanti.<\/p>\n<p>&nbsp;<\/p>\n<h2>Applicazioni del LED Downlight 5W - 8W - 12W Chip Bridgelux bianco - UGR11- CCT- CRI +92<\/h2>\n<ul>\n<li>Cucine<\/li>\n<li>Servizi igienici<\/li>\n<li>Corridoi<\/li>\n<li>Saloni<\/li>\n<li>Negozi<\/li>\n<li>Tester<\/li>\n<\/ul>\n<h3 class=\"page-product-heading\">DATI TECNICI<\/h3>\n<div class=\"col-xs-12 col-md-6\">\n<table class=\"table table-data-sheet 1\">\n<tbody>\n<tr class=\"odd\">\n<td valign=\"middle\" width=\"32\"><\/td>\n<td valign=\"middle\">RIFERIMENTO :<\/td>\n<td valign=\"middle\">SL90610<\/td>\n<\/tr>\n<tr class=\"even\">\n<td valign=\"middle\" width=\"32\"><\/td>\n<td valign=\"middle\">Potenza nominale :<\/td>\n<td valign=\"middle\">5W - 8W -12W<\/td>\n<\/tr>\n<tr class=\"odd\">\n<td valign=\"middle\" width=\"32\"><\/td>\n<td valign=\"middle\">Tensione nominale:<\/td>\n<td valign=\"middle\">85V-265V<\/td>\n<\/tr>\n<tr class=\"even\">\n<td valign=\"middle\" width=\"32\"><\/td>\n<td valign=\"middle\">Temperatura della luce:<\/td>\n<td valign=\"middle\">COLORE SELEZIONABILE: 3000K-4000K-6000K<\/td>\n<\/tr>\n<tr class=\"odd\">\n<td valign=\"middle\" width=\"32\"><\/td>\n<td valign=\"middle\">CRI - Indice di resa cromatica:<\/td>\n<td valign=\"middle\">92<\/td>\n<\/tr>\n<tr class=\"even\">\n<td valign=\"middle\" width=\"32\"><\/td>\n<td valign=\"middle\">Materiale da costruzione:<\/td>\n<td valign=\"middle\">Alluminio +PC<\/td>\n<\/tr>\n<tr class=\"odd\">\n<td valign=\"middle\" width=\"32\"><\/td>\n<td valign=\"middle\">Luminosit\u00e0-Lm:<\/td>\n<td valign=\"middle\">1200Lm<\/td>\n<\/tr>\n<tr class=\"even\">\n<td valign=\"middle\" width=\"32\"><\/td>\n<td valign=\"middle\">Tipo di LED:<\/td>\n<td valign=\"middle\">Chip COB Bridgelux 2630 DS-C30<\/td>\n<\/tr>\n<tr class=\"odd\">\n<td valign=\"middle\" width=\"32\"><\/td>\n<td valign=\"middle\">Angolo di apertura (\u00ba):<\/td>\n<td valign=\"middle\">40\u00ba<\/td>\n<\/tr>\n<tr class=\"even\">\n<td valign=\"middle\" width=\"32\"><\/td>\n<td valign=\"middle\">Efficienza del diodo LED (Lm\/W):<\/td>\n<td valign=\"middle\">130Lm\/W<\/td>\n<\/tr>\n<tr class=\"odd\">\n<td valign=\"middle\" width=\"32\"><\/td>\n<td valign=\"middle\">Efficienza luminosa (Lm\/W):<\/td>\n<td valign=\"middle\">100 Lm\/W<\/td>\n<\/tr>\n<tr class=\"even\">\n<td valign=\"middle\" width=\"32\"><\/td>\n<td valign=\"middle\">Certificati:<\/td>\n<td valign=\"middle\">CE - ROHS<\/td>\n<\/tr>\n<tr class=\"odd\">\n<td valign=\"middle\" width=\"32\"><\/td>\n<td valign=\"middle\">Grado di protezione IP:<\/td>\n<td valign=\"middle\">IP20<\/td>\n<\/tr>\n<\/tbody>\n<\/table>\n<\/div>\n<div class=\"col-xs-12 col-md-6 2\">\n<table class=\"table table-data-sheet 2\">\n<tbody>\n<tr class=\"odd\">\n<td valign=\"middle\" width=\"32\"><\/td>\n<td valign=\"middle\">Durata stimata del diodo LED (H):<\/td>\n<td valign=\"middle\">35.000<\/td>\n<\/tr>\n<tr class=\"even\">\n<td valign=\"middle\" width=\"32\"><\/td>\n<td valign=\"middle\">Dimensioni (mm):<\/td>\n<td valign=\"middle\">90x84x66mm<\/td>\n<\/tr>\n<tr class=\"odd\">\n<td valign=\"middle\" width=\"32\"><\/td>\n<td valign=\"middle\">Frequenza di lavoro (Hz):<\/td>\n<td valign=\"middle\">50\/60Hz<\/td>\n<\/tr>\n<tr class=\"even\">\n<td valign=\"middle\" width=\"32\"><\/td>\n<td valign=\"middle\">Intervallo di temperatura (\u00baC):<\/td>\n<td valign=\"middle\">-20\u00b0C ~ +55\u00b0C<\/td>\n<\/tr>\n<tr class=\"odd\">\n<td valign=\"middle\" width=\"32\"><\/td>\n<td valign=\"middle\">Cicli di accensione:<\/td>\n<td valign=\"middle\">100.000<\/td>\n<\/tr>\n<tr class=\"even\">\n<td valign=\"middle\" width=\"32\"><\/td>\n<td valign=\"middle\">Tempo di avvio (s):<\/td>\n<td valign=\"middle\">0,2s<\/td>\n<\/tr>\n<tr class=\"odd\">\n<td valign=\"middle\" width=\"32\"><\/td>\n<td valign=\"middle\">Taglio del soffitto (mm):<\/td>\n<td valign=\"middle\">\u00d875mm<\/td>\n<\/tr>\n<tr class=\"even\">\n<td valign=\"middle\" width=\"32\"><\/td>\n<td valign=\"middle\">Indice di abbagliamento (UGR):<\/td>\n<td valign=\"middle\">11<\/td>\n<\/tr>\n<tr class=\"odd\">\n<td valign=\"middle\" width=\"32\"><\/td>\n<td valign=\"middle\">Protezione dagli impatti (IK):<\/td>\n<td valign=\"middle\">IK10<\/td>\n<\/tr>\n<tr class=\"even\">\n<td valign=\"middle\" width=\"32\"><\/td>\n<td valign=\"middle\">Driver incluso:<\/td>\n<td valign=\"middle\">S\u00cc<\/td>\n<\/tr>\n<tr class=\"odd\">\n<td valign=\"middle\" width=\"32\"><\/td>\n<td valign=\"middle\">Classe energetica (2021-EU-2019\/2015):<\/td>\n<td valign=\"middle\">A+<\/td>\n<\/tr>\n<tr class=\"even\">\n<td valign=\"middle\" width=\"32\"><\/td>\n<td valign=\"middle\">Classe energetica (2023 - UE-2019\/2015):<\/td>\n<td valign=\"middle\">F<\/td>\n<\/tr>\n<tr class=\"odd\">\n<td valign=\"middle\" width=\"32\"><\/td>\n<td valign=\"middle\">Anni di garanzia:<\/td>\n<td valign=\"middle\">3<\/td>\n<\/tr>\n<\/tbody>\n<\/table>\n<\/div>\n<\/div>\n<\/div>\n<\/div>","protected":false},"excerpt":{"rendered":"<div class=\"col-md-12\"><i class=\"fa fa-truck\"><\/i>&nbsp;<span class=\"text-muted textprop\">Consegna in 24\/48 ore<\/span><div class=\"col-md-12\"><i class=\"fa fa-exchange\"><\/i>&nbsp;<span class=\"text-muted textprop\">Garanzia assicurata<\/span><\/div><div class=\"col-md-12\"><i class=\"fa fa-box\"><\/i>&nbsp;<span class=\"text-muted textprop\">26 unit\u00e0 per Masterbox<\/span><\/div><div class=\"col-md-12 certificados\"><\/div><\/div>","protected":false},"featured_media":3171,"template":"","meta":{"site-sidebar-layout":"default","site-content-layout":"default","ast-global-header-display":"","ast-main-header-display":"","ast-hfb-above-header-display":"","ast-hfb-below-header-display":"","ast-hfb-mobile-header-display":"","site-post-title":"","ast-breadcrumbs-content":"","ast-featured-img":"","footer-sml-layout":"","theme-transparent-header-meta":"default","adv-header-id-meta":"","stick-header-meta":"","header-above-stick-meta":"","header-main-stick-meta":"","header-below-stick-meta":""},"product_cat":[27,70],"product_tag":[],"class_list":["post-3170","product","type-product","status-publish","has-post-thumbnail","hentry","product_cat-downlight-plafones-y-placas-led","product_cat-focos-downlight-led"],"_links":{"self":[{"href":"https:\/\/starlediluminacion.com\/it\/wp-json\/wp\/v3\/product\/3170","targetHints":{"allow":["GET"]}}],"collection":[{"href":"https:\/\/starlediluminacion.com\/it\/wp-json\/wp\/v3\/product"}],"about":[{"href":"https:\/\/starlediluminacion.com\/it\/wp-json\/wp\/v2\/types\/product"}],"wp:featuredmedia":[{"embeddable":true,"href":"https:\/\/starlediluminacion.com\/it\/wp-json\/wp\/v2\/media\/3171"}],"wp:attachment":[{"href":"https:\/\/starlediluminacion.com\/it\/wp-json\/wp\/v2\/media?parent=3170"}],"wp:term":[{"taxonomy":"product_cat","embeddable":true,"href":"https:\/\/starlediluminacion.com\/it\/wp-json\/wp\/v2\/product_cat?post=3170"},{"taxonomy":"product_tag","embeddable":true,"href":"https:\/\/starlediluminacion.com\/it\/wp-json\/wp\/v2\/product_tag?post=3170"}],"curies":[{"name":"wp","href":"https:\/\/api.w.org\/{rel}","templated":true}]}}