{"id":3068,"date":"2022-08-06T13:09:03","date_gmt":"2022-08-06T13:09:03","guid":{"rendered":"https:\/\/starlediluminacion.com\/?post_type=product&#038;p=3068"},"modified":"2022-12-18T10:52:53","modified_gmt":"2022-12-18T10:52:53","slug":"empotrable-led-6w-dimable-ip66-circular-blanco-cct-especial-banos-exterior","status":"publish","type":"product","link":"https:\/\/starlediluminacion.com\/it\/product\/incassato-led-6w-dimmerabile-ip66-circolare-bianco-cct-speciale-bagni-esterni\/","title":{"rendered":"<p>LED da incasso 6W - Dimmerabile - IP66 - Bianco circolare - CCT - Bagni speciali - Esterno<\/p>"},"content":{"rendered":"<div class=\"product-info-line\">\n<p id=\"product_reference\" style=\"text-align: left;\"><label>RIFERIMENTO: SL<span style=\"font-size: 16px;\">90731-CCT<\/span><\/label><\/p>\n<div class=\"hidden-xs parrafo\">\n<p>Faretto LED circolare da incasso<strong>&nbsp;IP66 - resistente all'acqua e RT2012 - resistente al fuoco.&nbsp;<\/strong>&nbsp;con&nbsp;<strong>6W&nbsp;<\/strong>e con colore selezionabile. Con un angolo di apertura di<strong>&nbsp;45\u00ba<\/strong>L'illuminazione \u00e8 pi\u00f9 diretta per focalizzare la luce su punti specifici. Tecnologia&nbsp;<strong>CCT<\/strong>&nbsp; il&nbsp;<strong>luce<\/strong>&nbsp;pu\u00f2 essere selezionato in&nbsp;<strong>3000K- Bianco caldo, 4000K- Bianco neutro<\/strong>. Facilit\u00e0 di montaggio e installazione<\/p>\n<\/div>\n<div id=\"views_block-1\" class=\"clearfix\">\n<div id=\"thumbs_list\">\n<h1>LED da incasso 6W - IP66 - Bianco circolare - CCT - Bagni speciali - Esterno - Resistente al fuoco -RT2012- Dimmerabile- Dimmerabile- Dimmerabile- Dimmerabile-<\/h1>\n<p>Il nostro nuovo<strong>&nbsp;led da incasso 6W&nbsp;&nbsp;<\/strong>circolare<strong>&nbsp;CCT<\/strong>&nbsp;\u00e8 realizzato in PC ignifugo, ha un design molto moderno con una finitura bianca di alta qualit\u00e0. Ha un angolo di apertura di&nbsp;<strong>45\u00ba<\/strong>&nbsp;lo rendono un apparecchio ideale per focalizzare l'attenzione su aree molto specifiche.<\/p>\n<p>Il suo grado di protezione \u00e8 IP66, quindi pu\u00f2 essere collocato in tutti i tipi di installazioni esterne e in aree ad alta umidit\u00e0.<\/p>\n<p>Il prodotto \u00e8 dotato di&nbsp;<strong>CCT<\/strong>\u00c8 quindi possibile selezionare il colore del&nbsp;<strong>luce<\/strong>&nbsp;si desidera: \u00e8 possibile selezionare in&nbsp;<strong>3000K- Bianco caldo, 4000K- Bianco neutro<\/strong><\/p>\n<p>&nbsp;<\/p>\n<p>Il vostro soggetto di&nbsp;<strong>termoplastico<\/strong>&nbsp;ha grandi vantaggi, in quanto impedisce l'ossidazione a lungo termine, \u00e8 molto resistente alle aree umide o agli ambienti salini. \u00c8 inoltre caratterizzato dal fatto di essere un prodotto leggero, flessibile e atossico, che lo rende facile e leggero da trasportare. Inoltre, aiuta a risparmiare energia per diversi motivi:<\/p>\n<p>- Pi\u00f9 facile da trasportare grazie alla sua leggerezza<\/p>\n<p>- Pu\u00f2 ridurre l'energia di riscaldamento e raffreddamento grazie al suo potere isolante.<\/p>\n<p>- Grazie alla sua resistenza e versatilit\u00e0, \u00e8 in grado di sostituire altri materiali, evitando la deforestazione e l'inquinamento.<\/p>\n<p>Decorate i vostri spazi interni e iniziate a risparmiare sulle bollette dell'elettricit\u00e0, con la tecnologia LED potete&nbsp;<strong>ridurre<\/strong>&nbsp;fino a&nbsp;<strong>80%<\/strong>&nbsp;a&nbsp;<strong>energia<\/strong>. Inoltre, si contribuisce alla salvaguardia del pianeta, poich\u00e9 si tratta di prodotti non inquinanti.<\/p>\n<p>&nbsp;<\/p>\n<h2>Utilizza LED da incasso 6W - IP66 - Bianco circolare - CCT - Bagni speciali - Esterno - Resistente al fuoco -RT2012<\/h2>\n<ul>\n<li>Cucine<\/li>\n<li>Servizi igienici<\/li>\n<li>Corridoi<\/li>\n<li>Saloni<\/li>\n<li>Tester<\/li>\n<\/ul>\n<h3 class=\"page-product-heading\">DATI TECNICI<\/h3>\n<div class=\"col-xs-12 col-md-6\">\n<table class=\"table table-data-sheet 1\">\n<tbody>\n<tr class=\"odd\">\n<td valign=\"middle\" width=\"32\"><\/td>\n<td valign=\"middle\">RIFERIMENTO :<\/td>\n<td valign=\"middle\">SL90731-CCT<\/td>\n<\/tr>\n<tr class=\"even\">\n<td valign=\"middle\" width=\"32\"><\/td>\n<td valign=\"middle\">Potenza nominale :<\/td>\n<td valign=\"middle\">6w<\/td>\n<\/tr>\n<tr class=\"odd\">\n<td valign=\"middle\" width=\"32\"><\/td>\n<td valign=\"middle\">Tensione nominale:<\/td>\n<td valign=\"middle\">170-265V<\/td>\n<\/tr>\n<tr class=\"even\">\n<td valign=\"middle\" width=\"32\"><\/td>\n<td valign=\"middle\">Temperatura della luce:<\/td>\n<td valign=\"middle\">3000K - 4000K<\/td>\n<\/tr>\n<tr class=\"odd\">\n<td valign=\"middle\" width=\"32\"><\/td>\n<td valign=\"middle\">CRI - Indice di resa cromatica:<\/td>\n<td valign=\"middle\">80<\/td>\n<\/tr>\n<tr class=\"even\">\n<td valign=\"middle\" width=\"32\"><\/td>\n<td valign=\"middle\">Materiale da costruzione:<\/td>\n<td valign=\"middle\">Termoplastico<\/td>\n<\/tr>\n<tr class=\"odd\">\n<td valign=\"middle\" width=\"32\"><\/td>\n<td valign=\"middle\">Luminosit\u00e0-Lm:<\/td>\n<td valign=\"middle\">660Lm<\/td>\n<\/tr>\n<tr class=\"even\">\n<td valign=\"middle\" width=\"32\"><\/td>\n<td valign=\"middle\">Tipo di LED:<\/td>\n<td valign=\"middle\">SMD 2835<\/td>\n<\/tr>\n<tr class=\"odd\">\n<td valign=\"middle\" width=\"32\"><\/td>\n<td valign=\"middle\">Angolo di apertura (\u00ba):<\/td>\n<td valign=\"middle\">45\u00ba<\/td>\n<\/tr>\n<tr class=\"even\">\n<td valign=\"middle\" width=\"32\"><\/td>\n<td valign=\"middle\">Efficienza del diodo LED (Lm\/W):<\/td>\n<td valign=\"middle\">140 Lm\/W<\/td>\n<\/tr>\n<tr class=\"odd\">\n<td valign=\"middle\" width=\"32\"><\/td>\n<td valign=\"middle\">Efficienza luminosa (Lm\/W):<\/td>\n<td valign=\"middle\">110Lm\/W<\/td>\n<\/tr>\n<tr class=\"even\">\n<td valign=\"middle\" width=\"32\"><\/td>\n<td valign=\"middle\">Dimmerabile:<\/td>\n<td valign=\"middle\">TRIAC<\/td>\n<\/tr>\n<tr class=\"odd\">\n<td valign=\"middle\" width=\"32\"><\/td>\n<td valign=\"middle\">Certificati:<\/td>\n<td valign=\"middle\">CE - ROHS<\/td>\n<\/tr>\n<tr class=\"even\">\n<td valign=\"middle\" width=\"32\"><\/td>\n<td valign=\"middle\">Grado di protezione IP:<\/td>\n<td valign=\"middle\">Parte anteriore: IP66<\/td>\n<\/tr>\n<\/tbody>\n<\/table>\n<\/div>\n<div class=\"col-xs-12 col-md-6 2\">\n<table class=\"table table-data-sheet 2\">\n<tbody>\n<tr class=\"odd\">\n<td valign=\"middle\" width=\"32\"><\/td>\n<td valign=\"middle\">Durata stimata del diodo LED (H):<\/td>\n<td valign=\"middle\">35.000<\/td>\n<\/tr>\n<tr class=\"even\">\n<td valign=\"middle\" width=\"32\"><\/td>\n<td valign=\"middle\">Dimensioni (mm):<\/td>\n<td valign=\"middle\">\u00d884xH53mm<\/td>\n<\/tr>\n<tr class=\"odd\">\n<td valign=\"middle\" width=\"32\"><\/td>\n<td valign=\"middle\">Fattore di potenza (PF):<\/td>\n<td valign=\"middle\">0.9<\/td>\n<\/tr>\n<tr class=\"even\">\n<td valign=\"middle\" width=\"32\"><\/td>\n<td valign=\"middle\">Frequenza di lavoro (Hz):<\/td>\n<td valign=\"middle\">50\/60Hz<\/td>\n<\/tr>\n<tr class=\"odd\">\n<td valign=\"middle\" width=\"32\"><\/td>\n<td valign=\"middle\">Intervallo di temperatura (\u00baC):<\/td>\n<td valign=\"middle\">-10\u00baC ~ +45\u00baC<\/td>\n<\/tr>\n<tr class=\"even\">\n<td valign=\"middle\" width=\"32\"><\/td>\n<td valign=\"middle\">Cicli di accensione:<\/td>\n<td valign=\"middle\">100.000<\/td>\n<\/tr>\n<tr class=\"odd\">\n<td valign=\"middle\" width=\"32\"><\/td>\n<td valign=\"middle\">Tempo di avvio (s):<\/td>\n<td valign=\"middle\">0,2s<\/td>\n<\/tr>\n<tr class=\"even\">\n<td valign=\"middle\" width=\"32\"><\/td>\n<td valign=\"middle\">Informazioni aggiuntive:<\/td>\n<td valign=\"middle\">Classificato al fuoco BS476-20<\/td>\n<\/tr>\n<tr class=\"odd\">\n<td valign=\"middle\" width=\"32\"><\/td>\n<td valign=\"middle\">Taglio del soffitto (mm):<\/td>\n<td valign=\"middle\">\u00d8 70 mm<\/td>\n<\/tr>\n<tr class=\"even\">\n<td valign=\"middle\" width=\"32\"><\/td>\n<td valign=\"middle\">Driver incluso:<\/td>\n<td valign=\"middle\">S\u00cc<\/td>\n<\/tr>\n<tr class=\"odd\">\n<td valign=\"middle\" width=\"32\"><\/td>\n<td valign=\"middle\">Classe energetica (2021-EU-2019\/2015):<\/td>\n<td valign=\"middle\">A<\/td>\n<\/tr>\n<tr class=\"even\">\n<td valign=\"middle\" width=\"32\"><\/td>\n<td valign=\"middle\">Classe energetica (2023 - UE-2019\/2015):<\/td>\n<td valign=\"middle\">F<\/td>\n<\/tr>\n<tr class=\"odd\">\n<td valign=\"middle\" width=\"32\"><\/td>\n<td valign=\"middle\">Anni di garanzia:<\/td>\n<td valign=\"middle\">3<\/td>\n<\/tr>\n<\/tbody>\n<\/table>\n<\/div>\n<\/div>\n<\/div>\n<\/div>","protected":false},"excerpt":{"rendered":"<div class=\"col-md-12\"><i class=\"fa fa-truck\"><\/i>&nbsp;<span class=\"text-muted textprop\">Consegna in 24\/48 ore<\/span><div class=\"col-md-12\"><i class=\"fa fa-exchange\"><\/i>&nbsp;<span class=\"text-muted textprop\">Garanzia assicurata<\/span><\/div><div class=\"col-md-12\"><i class=\"fa fa-box\"><\/i>&nbsp;<span class=\"text-muted textprop\">20 unit\u00e0 per Masterbox<\/span><\/div><\/div>","protected":false},"featured_media":3074,"template":"","meta":{"site-sidebar-layout":"default","site-content-layout":"default","ast-global-header-display":"","ast-main-header-display":"","ast-hfb-above-header-display":"","ast-hfb-below-header-display":"","ast-hfb-mobile-header-display":"","site-post-title":"","ast-breadcrumbs-content":"","ast-featured-img":"","footer-sml-layout":"","theme-transparent-header-meta":"default","adv-header-id-meta":"","stick-header-meta":"","header-above-stick-meta":"","header-main-stick-meta":"","header-below-stick-meta":""},"product_cat":[27,70],"product_tag":[],"class_list":["post-3068","product","type-product","status-publish","has-post-thumbnail","hentry","product_cat-downlight-plafones-y-placas-led","product_cat-focos-downlight-led"],"yoast_head":"<!-- This site is optimized with the Yoast SEO plugin v27.4 - https:\/\/yoast.com\/product\/yoast-seo-wordpress\/ -->\n<title>Empotrable LED 6W - Dimable - IP66 - Circular Blanco - CCT- Especial Ba\u00f1os - Exterior - STARLED Iluminacion<\/title>\n<meta name=\"robots\" content=\"index, follow, max-snippet:-1, max-image-preview:large, max-video-preview:-1\" \/>\n<link rel=\"canonical\" href=\"https:\/\/starlediluminacion.com\/it\/product\/incassato-led-6w-dimmerabile-ip66-circolare-bianco-cct-speciale-bagni-esterni\/\" \/>\n<meta property=\"og:locale\" content=\"it_IT\" \/>\n<meta property=\"og:type\" content=\"article\" \/>\n<meta property=\"og:title\" content=\"Empotrable LED 6W - Dimable - IP66 - Circular Blanco - CCT- Especial Ba\u00f1os - Exterior - STARLED Iluminacion\" \/>\n<meta property=\"og:description\" content=\"\u00a0Entrega en 24\/48 horas \u00a0Garant\u00eda asegurada \u00a020 unidad(es) por Masterbox\" \/>\n<meta property=\"og:url\" content=\"https:\/\/starlediluminacion.com\/it\/product\/incassato-led-6w-dimmerabile-ip66-circolare-bianco-cct-speciale-bagni-esterni\/\" \/>\n<meta property=\"og:site_name\" content=\"STARLED Iluminacion\" \/>\n<meta property=\"article:modified_time\" content=\"2022-12-18T10:52:53+00:00\" \/>\n<meta property=\"og:image\" content=\"https:\/\/starlediluminacion.com\/wp-content\/uploads\/2022\/08\/empotrable-led-6w-dimable-ip66-circular-blanco-cct-especial-banos-exterior-factorled.jpg\" \/>\n\t<meta property=\"og:image:width\" content=\"1000\" \/>\n\t<meta property=\"og:image:height\" content=\"1000\" \/>\n\t<meta property=\"og:image:type\" content=\"image\/jpeg\" \/>\n<meta name=\"twitter:card\" content=\"summary_large_image\" \/>\n<meta name=\"twitter:label1\" content=\"Tempo di lettura stimato\" \/>\n\t<meta name=\"twitter:data1\" content=\"2 minuti\" \/>\n<script type=\"application\/ld+json\" class=\"yoast-schema-graph\">{\"@context\":\"https:\\\/\\\/schema.org\",\"@graph\":[{\"@type\":\"WebPage\",\"@id\":\"https:\\\/\\\/starlediluminacion.com\\\/producto\\\/empotrable-led-6w-dimable-ip66-circular-blanco-cct-especial-banos-exterior\\\/\",\"url\":\"https:\\\/\\\/starlediluminacion.com\\\/producto\\\/empotrable-led-6w-dimable-ip66-circular-blanco-cct-especial-banos-exterior\\\/\",\"name\":\"Empotrable LED 6W - Dimable - IP66 - Circular Blanco - CCT- Especial Ba\u00f1os - Exterior - STARLED Iluminacion\",\"isPartOf\":{\"@id\":\"https:\\\/\\\/starlediluminacion.com\\\/#website\"},\"primaryImageOfPage\":{\"@id\":\"https:\\\/\\\/starlediluminacion.com\\\/producto\\\/empotrable-led-6w-dimable-ip66-circular-blanco-cct-especial-banos-exterior\\\/#primaryimage\"},\"image\":{\"@id\":\"https:\\\/\\\/starlediluminacion.com\\\/producto\\\/empotrable-led-6w-dimable-ip66-circular-blanco-cct-especial-banos-exterior\\\/#primaryimage\"},\"thumbnailUrl\":\"https:\\\/\\\/starlediluminacion.com\\\/wp-content\\\/uploads\\\/2022\\\/08\\\/empotrable-led-6w-dimable-ip66-circular-blanco-cct-especial-banos-exterior-factorled.jpg\",\"datePublished\":\"2022-08-06T13:09:03+00:00\",\"dateModified\":\"2022-12-18T10:52:53+00:00\",\"breadcrumb\":{\"@id\":\"https:\\\/\\\/starlediluminacion.com\\\/producto\\\/empotrable-led-6w-dimable-ip66-circular-blanco-cct-especial-banos-exterior\\\/#breadcrumb\"},\"inLanguage\":\"it-IT\",\"potentialAction\":[{\"@type\":\"ReadAction\",\"target\":[\"https:\\\/\\\/starlediluminacion.com\\\/producto\\\/empotrable-led-6w-dimable-ip66-circular-blanco-cct-especial-banos-exterior\\\/\"]}]},{\"@type\":\"ImageObject\",\"inLanguage\":\"it-IT\",\"@id\":\"https:\\\/\\\/starlediluminacion.com\\\/producto\\\/empotrable-led-6w-dimable-ip66-circular-blanco-cct-especial-banos-exterior\\\/#primaryimage\",\"url\":\"https:\\\/\\\/starlediluminacion.com\\\/wp-content\\\/uploads\\\/2022\\\/08\\\/empotrable-led-6w-dimable-ip66-circular-blanco-cct-especial-banos-exterior-factorled.jpg\",\"contentUrl\":\"https:\\\/\\\/starlediluminacion.com\\\/wp-content\\\/uploads\\\/2022\\\/08\\\/empotrable-led-6w-dimable-ip66-circular-blanco-cct-especial-banos-exterior-factorled.jpg\",\"width\":1000,\"height\":1000},{\"@type\":\"BreadcrumbList\",\"@id\":\"https:\\\/\\\/starlediluminacion.com\\\/producto\\\/empotrable-led-6w-dimable-ip66-circular-blanco-cct-especial-banos-exterior\\\/#breadcrumb\",\"itemListElement\":[{\"@type\":\"ListItem\",\"position\":1,\"name\":\"Portada\",\"item\":\"https:\\\/\\\/starlediluminacion.com\\\/\"},{\"@type\":\"ListItem\",\"position\":2,\"name\":\"Shop\",\"item\":\"https:\\\/\\\/starlediluminacion.com\\\/shop-2\\\/\"},{\"@type\":\"ListItem\",\"position\":3,\"name\":\"Empotrable LED 6W &#8211; Dimable &#8211; IP66 &#8211; Circular Blanco &#8211; CCT- Especial Ba\u00f1os &#8211; Exterior\"}]},{\"@type\":\"WebSite\",\"@id\":\"https:\\\/\\\/starlediluminacion.com\\\/#website\",\"url\":\"https:\\\/\\\/starlediluminacion.com\\\/\",\"name\":\"STARLED Iluminacion\",\"description\":\"\",\"potentialAction\":[{\"@type\":\"SearchAction\",\"target\":{\"@type\":\"EntryPoint\",\"urlTemplate\":\"https:\\\/\\\/starlediluminacion.com\\\/?s={search_term_string}\"},\"query-input\":{\"@type\":\"PropertyValueSpecification\",\"valueRequired\":true,\"valueName\":\"search_term_string\"}}],\"inLanguage\":\"it-IT\"}]}<\/script>\n<!-- \/ Yoast SEO plugin. -->","yoast_head_json":{"title":"Empotrable LED 6W - Dimable - IP66 - Circular Blanco - CCT- Especial Ba\u00f1os - Exterior - STARLED Iluminacion","robots":{"index":"index","follow":"follow","max-snippet":"max-snippet:-1","max-image-preview":"max-image-preview:large","max-video-preview":"max-video-preview:-1"},"canonical":"https:\/\/starlediluminacion.com\/it\/product\/incassato-led-6w-dimmerabile-ip66-circolare-bianco-cct-speciale-bagni-esterni\/","og_locale":"it_IT","og_type":"article","og_title":"Empotrable LED 6W - Dimable - IP66 - Circular Blanco - CCT- Especial Ba\u00f1os - Exterior - STARLED Iluminacion","og_description":"\u00a0Entrega en 24\/48 horas \u00a0Garant\u00eda asegurada \u00a020 unidad(es) por Masterbox","og_url":"https:\/\/starlediluminacion.com\/it\/product\/incassato-led-6w-dimmerabile-ip66-circolare-bianco-cct-speciale-bagni-esterni\/","og_site_name":"STARLED Iluminacion","article_modified_time":"2022-12-18T10:52:53+00:00","og_image":[{"width":1000,"height":1000,"url":"https:\/\/starlediluminacion.com\/wp-content\/uploads\/2022\/08\/empotrable-led-6w-dimable-ip66-circular-blanco-cct-especial-banos-exterior-factorled.jpg","type":"image\/jpeg"}],"twitter_card":"summary_large_image","twitter_misc":{"Tempo di lettura stimato":"2 minuti"},"schema":{"@context":"https:\/\/schema.org","@graph":[{"@type":"WebPage","@id":"https:\/\/starlediluminacion.com\/producto\/empotrable-led-6w-dimable-ip66-circular-blanco-cct-especial-banos-exterior\/","url":"https:\/\/starlediluminacion.com\/producto\/empotrable-led-6w-dimable-ip66-circular-blanco-cct-especial-banos-exterior\/","name":"Empotrable LED 6W - Dimable - IP66 - Circular Blanco - CCT- Especial Ba\u00f1os - Exterior - STARLED Iluminacion","isPartOf":{"@id":"https:\/\/starlediluminacion.com\/#website"},"primaryImageOfPage":{"@id":"https:\/\/starlediluminacion.com\/producto\/empotrable-led-6w-dimable-ip66-circular-blanco-cct-especial-banos-exterior\/#primaryimage"},"image":{"@id":"https:\/\/starlediluminacion.com\/producto\/empotrable-led-6w-dimable-ip66-circular-blanco-cct-especial-banos-exterior\/#primaryimage"},"thumbnailUrl":"https:\/\/starlediluminacion.com\/wp-content\/uploads\/2022\/08\/empotrable-led-6w-dimable-ip66-circular-blanco-cct-especial-banos-exterior-factorled.jpg","datePublished":"2022-08-06T13:09:03+00:00","dateModified":"2022-12-18T10:52:53+00:00","breadcrumb":{"@id":"https:\/\/starlediluminacion.com\/producto\/empotrable-led-6w-dimable-ip66-circular-blanco-cct-especial-banos-exterior\/#breadcrumb"},"inLanguage":"it-IT","potentialAction":[{"@type":"ReadAction","target":["https:\/\/starlediluminacion.com\/producto\/empotrable-led-6w-dimable-ip66-circular-blanco-cct-especial-banos-exterior\/"]}]},{"@type":"ImageObject","inLanguage":"it-IT","@id":"https:\/\/starlediluminacion.com\/producto\/empotrable-led-6w-dimable-ip66-circular-blanco-cct-especial-banos-exterior\/#primaryimage","url":"https:\/\/starlediluminacion.com\/wp-content\/uploads\/2022\/08\/empotrable-led-6w-dimable-ip66-circular-blanco-cct-especial-banos-exterior-factorled.jpg","contentUrl":"https:\/\/starlediluminacion.com\/wp-content\/uploads\/2022\/08\/empotrable-led-6w-dimable-ip66-circular-blanco-cct-especial-banos-exterior-factorled.jpg","width":1000,"height":1000},{"@type":"BreadcrumbList","@id":"https:\/\/starlediluminacion.com\/producto\/empotrable-led-6w-dimable-ip66-circular-blanco-cct-especial-banos-exterior\/#breadcrumb","itemListElement":[{"@type":"ListItem","position":1,"name":"Portada","item":"https:\/\/starlediluminacion.com\/"},{"@type":"ListItem","position":2,"name":"Shop","item":"https:\/\/starlediluminacion.com\/shop-2\/"},{"@type":"ListItem","position":3,"name":"Empotrable LED 6W &#8211; Dimable &#8211; IP66 &#8211; Circular Blanco &#8211; CCT- Especial Ba\u00f1os &#8211; Exterior"}]},{"@type":"WebSite","@id":"https:\/\/starlediluminacion.com\/#website","url":"https:\/\/starlediluminacion.com\/","name":"STARLED Iluminacion","description":"","potentialAction":[{"@type":"SearchAction","target":{"@type":"EntryPoint","urlTemplate":"https:\/\/starlediluminacion.com\/?s={search_term_string}"},"query-input":{"@type":"PropertyValueSpecification","valueRequired":true,"valueName":"search_term_string"}}],"inLanguage":"it-IT"}]}},"_links":{"self":[{"href":"https:\/\/starlediluminacion.com\/it\/wp-json\/wp\/v3\/product\/3068","targetHints":{"allow":["GET"]}}],"collection":[{"href":"https:\/\/starlediluminacion.com\/it\/wp-json\/wp\/v3\/product"}],"about":[{"href":"https:\/\/starlediluminacion.com\/it\/wp-json\/wp\/v2\/types\/product"}],"wp:featuredmedia":[{"embeddable":true,"href":"https:\/\/starlediluminacion.com\/it\/wp-json\/wp\/v2\/media\/3074"}],"wp:attachment":[{"href":"https:\/\/starlediluminacion.com\/it\/wp-json\/wp\/v2\/media?parent=3068"}],"wp:term":[{"taxonomy":"product_cat","embeddable":true,"href":"https:\/\/starlediluminacion.com\/it\/wp-json\/wp\/v2\/product_cat?post=3068"},{"taxonomy":"product_tag","embeddable":true,"href":"https:\/\/starlediluminacion.com\/it\/wp-json\/wp\/v2\/product_tag?post=3068"}],"curies":[{"name":"wp","href":"https:\/\/api.w.org\/{rel}","templated":true}]}}