{"id":2873,"date":"2022-08-06T11:02:38","date_gmt":"2022-08-06T11:02:38","guid":{"rendered":"https:\/\/starlediluminacion.com\/?post_type=product&#038;p=2873"},"modified":"2022-10-23T08:48:55","modified_gmt":"2022-10-23T08:48:55","slug":"plafon-led-36w-vantaa-dimable-cct-mando-control","status":"publish","type":"product","link":"https:\/\/starlediluminacion.com\/it\/product\/plafon-led-36w-vantaa-dimable-cct-mando-control\/","title":{"rendered":"<p>Plaf&oacute;n LED 36W VANTAA &ndash; Dimable &ndash; CCT + Mando Control<\/p>"},"content":{"rendered":"<div class=\"product-info-line\">\n<p id=\"product_reference\"><label>RIFERIMENTO: SL<span style=\"font-size: 16px;\">90450<\/span><\/label><\/p>\n<p><strong>Soffitto<\/strong>&nbsp;<strong>36W&nbsp;VANTAA&nbsp;<\/strong>da&nbsp;<strong>Superficie LED<\/strong>&nbsp;<strong>regolabile<\/strong>La luce si diffonde uniformemente in tutto lo spazio. L'apparecchio presenta tutte le temperature di luce nello stesso spot (luce calda, naturale e fredda), in modo da poterlo scegliere in base alle proprie esigenze.<\/p>\n<p>Il nostro&nbsp;<strong>Lampada da soffitto 36w CCT<\/strong>&nbsp;viene fornito con un&nbsp;<strong>telecomando con telecomando<\/strong>&nbsp;con una frequenza di&nbsp;<strong>2.4G&nbsp;<\/strong>con cui \u00e8 possibile cambiare il colore ogni volta che si vuole.<\/p>\n<h1>Plaf&oacute;n LED Superficie &ndash;&nbsp; Dimable 36W VANTAA&nbsp;&ndash; CCT (Color seleccionable) + Mando Control.<\/h1>\n<p>Il nostro&nbsp;<strong>Soffitto<\/strong>&nbsp;<strong>circular&nbsp;VANTAA&nbsp;<\/strong><strong>oscurabile<\/strong>&nbsp;si distingue per il suo aspetto elegante e moderno. Ha una potenza di&nbsp;<strong>36W,&nbsp;<\/strong>\u00e8 un prodotto particolarmente adatto a risaltare in qualsiasi spazio grazie al suo design elegante. Con il telecomando \u00e8 possibile scegliere la temperatura di colore desiderata.&nbsp;<strong>(3000k - 4000k - 6000k)<\/strong>&nbsp;al momento della scelta.<\/p>\n<p>Riproduce ambienti ideali con un'illuminazione ad alta luminosit\u00e0, da fredda a calda.<\/p>\n<p>Con questo&nbsp;<strong>Lampada<\/strong>&nbsp;<strong>soffitto<\/strong>&nbsp;pu\u00f2 ridurre il risparmio energetico fino a 80%. \u00c8 considerato un prodotto non inquinante, poich\u00e9 ha una classe energetica pari a&nbsp;<strong>A+.<\/strong><\/p><p>La luce viene distribuita in modo uniforme su tutta l'area grazie all'involucro opalino e all'angolazione del fascio luminoso.&nbsp;<strong>120\u00ba<\/strong>. Grazie al suo design all'avanguardia e selezionato, pu\u00f2 creare atmosfere sofisticate e un'illuminazione notevole.<\/p><h2>Installazione di Spotlight e configurazione del telecomando:<\/h2><ol>\n<li>Scollegare l'impianto elettrico<\/li>\n<li>Aprire il pannello ruotando il coperchio.<\/li>\n<li>Giuntare i fili del faretto a quelli dell'impianto elettrico.<\/li>\n<li>Installare il faretto a soffitto o a parete con gli strumenti necessari.<\/li>\n<li>Collegamento dell'impianto elettrico<\/li>\n<li>Accendere\/spegnere dall'interruttore 3 volte<\/li>\n<li>Tenere premuto il tasto \"SETUP\" sul telecomando per configurarlo.<\/li>\n<\/ol><p><strong>Facile da installare<\/strong>&nbsp;e con qualit\u00e0 garantita. Ora l'installazione e la manipolazione del prodotto sono pi\u00f9 comode e facilitano l'adattamento del prodotto alle esigenze del cliente.&nbsp;<strong>superfici<\/strong>&nbsp;pi\u00f9 accurata e in minor tempo.<\/p><p>&nbsp;<\/p><h2>Usos del&nbsp;Plaf&oacute;n LED Superficie &ndash; 36W VANTAA&nbsp;&ndash; Dimmable &ndash; CCT + Mando Control<\/h2><p>Le sue applicazioni possono essere molto diverse, ma per evidenziarne alcune, si pu\u00f2 citare il&nbsp;<strong>illuminazione<\/strong>&nbsp;per:<\/p><ul>\n<li>Aziende e uffici<\/li>\n<li>Bagni e cucine<\/li>\n<li>Corridoi, terrazze<\/li>\n<li>Portici o cantine<\/li>\n<li>Coperture<\/li>\n<\/ul><h3 class=\"page-product-heading\">DATI TECNICI<\/h3><div class=\"col-xs-12 col-md-6\">\n<table class=\"table table-data-sheet 1\">\n<tbody>\n<tr class=\"odd\">\n<td valign=\"middle\" width=\"32\"><\/td>\n<td valign=\"middle\">RIFERIMENTO :<\/td>\n<td valign=\"middle\">SL90450<\/td>\n<\/tr>\n<tr class=\"even\">\n<td valign=\"middle\" width=\"32\"><\/td>\n<td valign=\"middle\">Potenza nominale :<\/td>\n<td valign=\"middle\">36w<\/td>\n<\/tr>\n<tr class=\"odd\">\n<td valign=\"middle\" width=\"32\"><\/td>\n<td valign=\"middle\">Tensione nominale:<\/td>\n<td valign=\"middle\">175-265V<\/td>\n<\/tr>\n<tr class=\"even\">\n<td valign=\"middle\" width=\"32\"><\/td>\n<td valign=\"middle\">Temperatura della luce:<\/td>\n<td valign=\"middle\">COLORE SELEZIONABILE: 3000K-4000K-6000K<\/td>\n<\/tr>\n<tr class=\"odd\">\n<td valign=\"middle\" width=\"32\"><\/td>\n<td valign=\"middle\">CRI - Indice di resa cromatica:<\/td>\n<td valign=\"middle\">80<\/td>\n<\/tr>\n<tr class=\"even\">\n<td valign=\"middle\" width=\"32\"><\/td>\n<td valign=\"middle\">Materiale da costruzione:<\/td>\n<td valign=\"middle\">Alluminio +PC<\/td>\n<\/tr>\n<tr class=\"odd\">\n<td valign=\"middle\" width=\"32\"><\/td>\n<td valign=\"middle\">Luminosit\u00e0-Lm:<\/td>\n<td valign=\"middle\">5040Lm<\/td>\n<\/tr>\n<tr class=\"even\">\n<td valign=\"middle\" width=\"32\"><\/td>\n<td valign=\"middle\">Angolo di apertura (\u00ba):<\/td>\n<td valign=\"middle\">120\u00ba<\/td>\n<\/tr>\n<tr class=\"odd\">\n<td valign=\"middle\" width=\"32\"><\/td>\n<td valign=\"middle\">Efficienza luminosa (Lm\/W):<\/td>\n<td valign=\"middle\">140Lm\/W<\/td>\n<\/tr>\n<tr class=\"even\">\n<td valign=\"middle\" width=\"32\"><\/td>\n<td valign=\"middle\">Certificati:<\/td>\n<td valign=\"middle\">CE - ROHS<\/td>\n<\/tr>\n<tr class=\"odd\">\n<td valign=\"middle\" width=\"32\"><\/td>\n<td valign=\"middle\">Grado di protezione IP:<\/td>\n<td valign=\"middle\">IP20<\/td>\n<\/tr>\n<\/tbody>\n<\/table>\n<\/div><div class=\"col-xs-12 col-md-6 2\">\n<table class=\"table table-data-sheet 2\">\n<tbody>\n<tr class=\"odd\">\n<td valign=\"middle\" width=\"32\"><\/td>\n<td valign=\"middle\">Durata stimata del diodo LED (H):<\/td>\n<td valign=\"middle\">50.000<\/td>\n<\/tr>\n<tr class=\"even\">\n<td valign=\"middle\" width=\"32\"><\/td>\n<td valign=\"middle\">Dimensioni (mm):<\/td>\n<td valign=\"middle\">&Oslash;480mm H70mm<\/td>\n<\/tr>\n<tr class=\"odd\">\n<td valign=\"middle\" width=\"32\"><\/td>\n<td valign=\"middle\">Fattore di potenza (PF):<\/td>\n<td valign=\"middle\">0.96<\/td>\n<\/tr>\n<tr class=\"even\">\n<td valign=\"middle\" width=\"32\"><\/td>\n<td valign=\"middle\">Frequenza di lavoro (Hz):<\/td>\n<td valign=\"middle\">50\/60Hz<\/td>\n<\/tr>\n<tr class=\"odd\">\n<td valign=\"middle\" width=\"32\"><\/td>\n<td valign=\"middle\">Intervallo di temperatura (\u00baC):<\/td>\n<td valign=\"middle\">-20\u00b0C ~ +55\u00b0C<\/td>\n<\/tr>\n<tr class=\"even\">\n<td valign=\"middle\" width=\"32\"><\/td>\n<td valign=\"middle\">Cicli di accensione:<\/td>\n<td valign=\"middle\">100.000<\/td>\n<\/tr>\n<tr class=\"odd\">\n<td valign=\"middle\" width=\"32\"><\/td>\n<td valign=\"middle\">Tempo di avvio (s):<\/td>\n<td valign=\"middle\">0,2s<\/td>\n<\/tr>\n<tr class=\"even\">\n<td valign=\"middle\" width=\"32\"><\/td>\n<td valign=\"middle\">Driver incluso:<\/td>\n<td valign=\"middle\">S\u00cc<\/td>\n<\/tr>\n<tr class=\"odd\">\n<td valign=\"middle\" width=\"32\"><\/td>\n<td valign=\"middle\">Classe energetica (2021-EU-2019\/2015):<\/td>\n<td valign=\"middle\">A+<\/td>\n<\/tr>\n<tr class=\"even\">\n<td valign=\"middle\" width=\"32\"><\/td>\n<td valign=\"middle\">Anni di garanzia:<\/td>\n<td valign=\"middle\">2<\/td>\n<\/tr>\n<\/tbody>\n<\/table>\n<\/div><\/div>","protected":false},"excerpt":{"rendered":"<div class=\"col-md-12\"><i class=\"fa fa-truck\"><\/i>&nbsp;<span class=\"text-muted textprop\">Consegna in 24\/48 ore<\/span><div class=\"col-md-12\"><i class=\"fa fa-exchange\"><\/i>&nbsp;<span class=\"text-muted textprop\">Garanzia assicurata<\/span><\/div><div class=\"col-md-12\"><i class=\"fa fa-box\"><\/i>&nbsp;<span class=\"text-muted textprop\">1 unit\u00e0 per Masterbox<\/span><\/div><\/div>","protected":false},"featured_media":2874,"template":"","meta":{"site-sidebar-layout":"default","site-content-layout":"default","ast-global-header-display":"","ast-main-header-display":"","ast-hfb-above-header-display":"","ast-hfb-below-header-display":"","ast-hfb-mobile-header-display":"","site-post-title":"","ast-breadcrumbs-content":"","ast-featured-img":"","footer-sml-layout":"","theme-transparent-header-meta":"default","adv-header-id-meta":"","stick-header-meta":"","header-above-stick-meta":"","header-main-stick-meta":"","header-below-stick-meta":""},"product_cat":[27,69],"product_tag":[],"class_list":["post-2873","product","type-product","status-publish","has-post-thumbnail","hentry","product_cat-downlight-plafones-y-placas-led","product_cat-plafones-y-superficie-led"],"yoast_head":"<!-- This site is optimized with the Yoast SEO plugin v27.4 - https:\/\/yoast.com\/product\/yoast-seo-wordpress\/ -->\n<title>Plaf\u00f3n LED 36W VANTAA - Dimable - CCT + Mando Control - STARLED Iluminacion<\/title>\n<meta name=\"robots\" content=\"index, follow, max-snippet:-1, max-image-preview:large, max-video-preview:-1\" \/>\n<link rel=\"canonical\" href=\"https:\/\/starlediluminacion.com\/it\/product\/plafon-led-36w-vantaa-dimable-cct-mando-control\/\" \/>\n<meta property=\"og:locale\" content=\"it_IT\" \/>\n<meta property=\"og:type\" content=\"article\" \/>\n<meta property=\"og:title\" content=\"Plaf\u00f3n LED 36W VANTAA - Dimable - CCT + Mando Control - STARLED Iluminacion\" \/>\n<meta property=\"og:description\" content=\"\u00a0Entrega en 24\/48 horas \u00a0Garant\u00eda asegurada \u00a01 unidad(es) por Masterbox\" \/>\n<meta property=\"og:url\" content=\"https:\/\/starlediluminacion.com\/it\/product\/plafon-led-36w-vantaa-dimable-cct-mando-control\/\" \/>\n<meta property=\"og:site_name\" content=\"STARLED Iluminacion\" \/>\n<meta property=\"article:modified_time\" content=\"2022-10-23T08:48:55+00:00\" \/>\n<meta property=\"og:image\" content=\"https:\/\/starlediluminacion.com\/wp-content\/uploads\/2022\/08\/plafon-led-36w-dimable-cct-mando-control-factorled-1-4.jpg\" \/>\n\t<meta property=\"og:image:width\" content=\"1000\" \/>\n\t<meta property=\"og:image:height\" content=\"1000\" \/>\n\t<meta property=\"og:image:type\" content=\"image\/jpeg\" \/>\n<meta name=\"twitter:card\" content=\"summary_large_image\" \/>\n<meta name=\"twitter:label1\" content=\"Tempo di lettura stimato\" \/>\n\t<meta name=\"twitter:data1\" content=\"3 minuti\" \/>\n<script type=\"application\/ld+json\" class=\"yoast-schema-graph\">{\"@context\":\"https:\\\/\\\/schema.org\",\"@graph\":[{\"@type\":\"WebPage\",\"@id\":\"https:\\\/\\\/starlediluminacion.com\\\/producto\\\/plafon-led-36w-vantaa-dimable-cct-mando-control\\\/\",\"url\":\"https:\\\/\\\/starlediluminacion.com\\\/producto\\\/plafon-led-36w-vantaa-dimable-cct-mando-control\\\/\",\"name\":\"Plaf\u00f3n LED 36W VANTAA - Dimable - CCT + Mando Control - STARLED Iluminacion\",\"isPartOf\":{\"@id\":\"https:\\\/\\\/starlediluminacion.com\\\/#website\"},\"primaryImageOfPage\":{\"@id\":\"https:\\\/\\\/starlediluminacion.com\\\/producto\\\/plafon-led-36w-vantaa-dimable-cct-mando-control\\\/#primaryimage\"},\"image\":{\"@id\":\"https:\\\/\\\/starlediluminacion.com\\\/producto\\\/plafon-led-36w-vantaa-dimable-cct-mando-control\\\/#primaryimage\"},\"thumbnailUrl\":\"https:\\\/\\\/starlediluminacion.com\\\/wp-content\\\/uploads\\\/2022\\\/08\\\/plafon-led-36w-dimable-cct-mando-control-factorled-1-4.jpg\",\"datePublished\":\"2022-08-06T11:02:38+00:00\",\"dateModified\":\"2022-10-23T08:48:55+00:00\",\"breadcrumb\":{\"@id\":\"https:\\\/\\\/starlediluminacion.com\\\/producto\\\/plafon-led-36w-vantaa-dimable-cct-mando-control\\\/#breadcrumb\"},\"inLanguage\":\"it-IT\",\"potentialAction\":[{\"@type\":\"ReadAction\",\"target\":[\"https:\\\/\\\/starlediluminacion.com\\\/producto\\\/plafon-led-36w-vantaa-dimable-cct-mando-control\\\/\"]}]},{\"@type\":\"ImageObject\",\"inLanguage\":\"it-IT\",\"@id\":\"https:\\\/\\\/starlediluminacion.com\\\/producto\\\/plafon-led-36w-vantaa-dimable-cct-mando-control\\\/#primaryimage\",\"url\":\"https:\\\/\\\/starlediluminacion.com\\\/wp-content\\\/uploads\\\/2022\\\/08\\\/plafon-led-36w-dimable-cct-mando-control-factorled-1-4.jpg\",\"contentUrl\":\"https:\\\/\\\/starlediluminacion.com\\\/wp-content\\\/uploads\\\/2022\\\/08\\\/plafon-led-36w-dimable-cct-mando-control-factorled-1-4.jpg\",\"width\":1000,\"height\":1000},{\"@type\":\"BreadcrumbList\",\"@id\":\"https:\\\/\\\/starlediluminacion.com\\\/producto\\\/plafon-led-36w-vantaa-dimable-cct-mando-control\\\/#breadcrumb\",\"itemListElement\":[{\"@type\":\"ListItem\",\"position\":1,\"name\":\"Portada\",\"item\":\"https:\\\/\\\/starlediluminacion.com\\\/\"},{\"@type\":\"ListItem\",\"position\":2,\"name\":\"Shop\",\"item\":\"https:\\\/\\\/starlediluminacion.com\\\/shop-2\\\/\"},{\"@type\":\"ListItem\",\"position\":3,\"name\":\"Plaf\u00f3n LED 36W VANTAA &#8211; Dimable &#8211; CCT + Mando Control\"}]},{\"@type\":\"WebSite\",\"@id\":\"https:\\\/\\\/starlediluminacion.com\\\/#website\",\"url\":\"https:\\\/\\\/starlediluminacion.com\\\/\",\"name\":\"STARLED Iluminacion\",\"description\":\"\",\"potentialAction\":[{\"@type\":\"SearchAction\",\"target\":{\"@type\":\"EntryPoint\",\"urlTemplate\":\"https:\\\/\\\/starlediluminacion.com\\\/?s={search_term_string}\"},\"query-input\":{\"@type\":\"PropertyValueSpecification\",\"valueRequired\":true,\"valueName\":\"search_term_string\"}}],\"inLanguage\":\"it-IT\"}]}<\/script>\n<!-- \/ Yoast SEO plugin. -->","yoast_head_json":{"title":"Plaf\u00f3n LED 36W VANTAA - Dimable - CCT + Mando Control - STARLED Iluminacion","robots":{"index":"index","follow":"follow","max-snippet":"max-snippet:-1","max-image-preview":"max-image-preview:large","max-video-preview":"max-video-preview:-1"},"canonical":"https:\/\/starlediluminacion.com\/it\/product\/plafon-led-36w-vantaa-dimable-cct-mando-control\/","og_locale":"it_IT","og_type":"article","og_title":"Plaf\u00f3n LED 36W VANTAA - Dimable - CCT + Mando Control - STARLED Iluminacion","og_description":"\u00a0Entrega en 24\/48 horas \u00a0Garant\u00eda asegurada \u00a01 unidad(es) por Masterbox","og_url":"https:\/\/starlediluminacion.com\/it\/product\/plafon-led-36w-vantaa-dimable-cct-mando-control\/","og_site_name":"STARLED Iluminacion","article_modified_time":"2022-10-23T08:48:55+00:00","og_image":[{"width":1000,"height":1000,"url":"https:\/\/starlediluminacion.com\/wp-content\/uploads\/2022\/08\/plafon-led-36w-dimable-cct-mando-control-factorled-1-4.jpg","type":"image\/jpeg"}],"twitter_card":"summary_large_image","twitter_misc":{"Tempo di lettura stimato":"3 minuti"},"schema":{"@context":"https:\/\/schema.org","@graph":[{"@type":"WebPage","@id":"https:\/\/starlediluminacion.com\/producto\/plafon-led-36w-vantaa-dimable-cct-mando-control\/","url":"https:\/\/starlediluminacion.com\/producto\/plafon-led-36w-vantaa-dimable-cct-mando-control\/","name":"Plaf\u00f3n LED 36W VANTAA - Dimable - CCT + Mando Control - STARLED Iluminacion","isPartOf":{"@id":"https:\/\/starlediluminacion.com\/#website"},"primaryImageOfPage":{"@id":"https:\/\/starlediluminacion.com\/producto\/plafon-led-36w-vantaa-dimable-cct-mando-control\/#primaryimage"},"image":{"@id":"https:\/\/starlediluminacion.com\/producto\/plafon-led-36w-vantaa-dimable-cct-mando-control\/#primaryimage"},"thumbnailUrl":"https:\/\/starlediluminacion.com\/wp-content\/uploads\/2022\/08\/plafon-led-36w-dimable-cct-mando-control-factorled-1-4.jpg","datePublished":"2022-08-06T11:02:38+00:00","dateModified":"2022-10-23T08:48:55+00:00","breadcrumb":{"@id":"https:\/\/starlediluminacion.com\/producto\/plafon-led-36w-vantaa-dimable-cct-mando-control\/#breadcrumb"},"inLanguage":"it-IT","potentialAction":[{"@type":"ReadAction","target":["https:\/\/starlediluminacion.com\/producto\/plafon-led-36w-vantaa-dimable-cct-mando-control\/"]}]},{"@type":"ImageObject","inLanguage":"it-IT","@id":"https:\/\/starlediluminacion.com\/producto\/plafon-led-36w-vantaa-dimable-cct-mando-control\/#primaryimage","url":"https:\/\/starlediluminacion.com\/wp-content\/uploads\/2022\/08\/plafon-led-36w-dimable-cct-mando-control-factorled-1-4.jpg","contentUrl":"https:\/\/starlediluminacion.com\/wp-content\/uploads\/2022\/08\/plafon-led-36w-dimable-cct-mando-control-factorled-1-4.jpg","width":1000,"height":1000},{"@type":"BreadcrumbList","@id":"https:\/\/starlediluminacion.com\/producto\/plafon-led-36w-vantaa-dimable-cct-mando-control\/#breadcrumb","itemListElement":[{"@type":"ListItem","position":1,"name":"Portada","item":"https:\/\/starlediluminacion.com\/"},{"@type":"ListItem","position":2,"name":"Shop","item":"https:\/\/starlediluminacion.com\/shop-2\/"},{"@type":"ListItem","position":3,"name":"Plaf\u00f3n LED 36W VANTAA &#8211; Dimable &#8211; CCT + Mando Control"}]},{"@type":"WebSite","@id":"https:\/\/starlediluminacion.com\/#website","url":"https:\/\/starlediluminacion.com\/","name":"STARLED Iluminacion","description":"","potentialAction":[{"@type":"SearchAction","target":{"@type":"EntryPoint","urlTemplate":"https:\/\/starlediluminacion.com\/?s={search_term_string}"},"query-input":{"@type":"PropertyValueSpecification","valueRequired":true,"valueName":"search_term_string"}}],"inLanguage":"it-IT"}]}},"_links":{"self":[{"href":"https:\/\/starlediluminacion.com\/it\/wp-json\/wp\/v3\/product\/2873","targetHints":{"allow":["GET"]}}],"collection":[{"href":"https:\/\/starlediluminacion.com\/it\/wp-json\/wp\/v3\/product"}],"about":[{"href":"https:\/\/starlediluminacion.com\/it\/wp-json\/wp\/v2\/types\/product"}],"wp:featuredmedia":[{"embeddable":true,"href":"https:\/\/starlediluminacion.com\/it\/wp-json\/wp\/v2\/media\/2874"}],"wp:attachment":[{"href":"https:\/\/starlediluminacion.com\/it\/wp-json\/wp\/v2\/media?parent=2873"}],"wp:term":[{"taxonomy":"product_cat","embeddable":true,"href":"https:\/\/starlediluminacion.com\/it\/wp-json\/wp\/v2\/product_cat?post=2873"},{"taxonomy":"product_tag","embeddable":true,"href":"https:\/\/starlediluminacion.com\/it\/wp-json\/wp\/v2\/product_tag?post=2873"}],"curies":[{"name":"wp","href":"https:\/\/api.w.org\/{rel}","templated":true}]}}