{"id":2457,"date":"2022-08-03T20:07:49","date_gmt":"2022-08-03T20:07:49","guid":{"rendered":"https:\/\/starlediluminacion.com\/?post_type=product&#038;p=2457"},"modified":"2025-10-18T10:25:29","modified_gmt":"2025-10-18T10:25:29","slug":"regleta-estanca-led-20w-philips-driver-coreplus-cct-60cm","status":"publish","type":"product","link":"https:\/\/starlediluminacion.com\/it\/product\/led-strip-lever-strip-20w-philips-driver-coreplus-cct-60cm\/","title":{"rendered":"<p>striscia led impermeabile 20w coreplus driver - cct - 60cm<\/p>"},"content":{"rendered":"<div class=\"product-info-line\">\n<p id=\"product_reference\"><label>riferimento: slc<span style=\"font-size: 16px;\">rt60-8022cct<\/span><\/label><\/p>\n<div class=\"hidden-xs parrafo\">\n<p><strong>striscia di colore selezionabile (cct 3000k-4000k-6000k) led integrato con driver isolato<\/strong><strong>.&nbsp;<\/strong>il coperchio della striscia \u00e8 semitrasparente, realizzato in policarbonato e abs.<\/p>\n<h1><strong>striscia led impermeabile 20w coreplus driver - cct - 60cm<\/strong><\/h1>\n<p><strong>la striscia led da 60 cm<\/strong>&nbsp;in lunghezza e&nbsp;<strong>20w&nbsp;<\/strong>L'alimentazione \u00e8 collegata a un'estremit\u00e0 premarcata. si tratta di una striscia opalina realizzata in pc. la sua copertura evita l'abbagliamento.<\/p>\n<p>angolo di&nbsp;<strong>120\u00b0<\/strong>&nbsp;con proiezione per una luce distribuita di alta qualit\u00e0.<\/p>\n<p>il materiale di copertura \u00e8&nbsp;<strong>makrolon\u00ae 2807<\/strong>. \u00e8 un materiale di altissima qualit\u00e0 che resiste a temperature estreme (280-320 \u00bac) con un'elevata resistenza.&nbsp;<strong>certificato rohs e ul<\/strong>.&nbsp;<strong>conforme allo standard iso 7391-pc<\/strong><\/p>\n<p>il collegamento diretto a 170-265 V elimina le spese per l'utilizzo di reattori e accenditori negli apparecchi di illuminazione tradizionali, con conseguenti migliori prestazioni e maggiore durata.<\/p>\n<p>la morsettiera \u00e8 composta da<strong>&nbsp;diodo smalite smd-2835 ad alta luminosit\u00e0, qualit\u00e0 ed efficienza lm\/w,<\/strong><strong>&nbsp;<\/strong>con&nbsp;<strong>driver isolato<\/strong>\u00e8 un'innovazione tecnologica in&nbsp;<strong>alta efficienza<\/strong>\u00c8 un'opzione molto interessante per tutti i tipi di applicazioni interne.<\/p>\n<p>ottenere un maggiore risparmio, evitare lo sfarfallio della luce all'accensione dell'apparecchio e quindi ottenere un'accensione istantanea con questa striscia LED.<\/p>\n<p>&nbsp;<\/p>\n<h2>usos de la&nbsp;regleta estanca led 20w  driver coreplus &ndash; cct &ndash; 60cm<\/h2>\n<ul>\n<li>garage<\/li>\n<li>corridoi<\/li>\n<li>centri commerciali<\/li>\n<li>ospedali<\/li>\n<li>fabbriche<\/li>\n<li>magazzini<\/li>\n<\/ul>\n<h3 class=\"page-product-heading\">dettagli tecnici<\/h3>\n<div class=\"col-xs-12 col-md-6\">\n<table class=\"table table-data-sheet 1\">\n<tbody>\n<tr class=\"odd\">\n<td valign=\"middle\" width=\"32\"><\/td>\n<td valign=\"middle\">riferimento :<\/td>\n<td valign=\"middle\">slcrt60-8022cct<\/td>\n<\/tr>\n<tr class=\"even\">\n<td valign=\"middle\" width=\"32\"><\/td>\n<td valign=\"middle\">Potenza nominale :<\/td>\n<td valign=\"middle\">20w<\/td>\n<\/tr>\n<tr class=\"odd\">\n<td valign=\"middle\" width=\"32\"><\/td>\n<td valign=\"middle\">tensione nominale:<\/td>\n<td valign=\"middle\">170 - 265v<\/td>\n<\/tr>\n<tr class=\"even\">\n<td valign=\"middle\" width=\"32\"><\/td>\n<td valign=\"middle\">temperatura della luce:<\/td>\n<td valign=\"middle\">colore selezionabile: 3000k-4000k-6000k<\/td>\n<\/tr>\n<tr class=\"odd\">\n<td valign=\"middle\" width=\"32\"><\/td>\n<td valign=\"middle\">cri -indice di riproduzione cromatica:<\/td>\n<td valign=\"middle\">85<\/td>\n<\/tr>\n<tr class=\"even\">\n<td valign=\"middle\" width=\"32\"><\/td>\n<td valign=\"middle\">materiale da costruzione:<\/td>\n<td valign=\"middle\">abs + makrolon\u00ae 2807<\/td>\n<\/tr>\n<tr class=\"odd\">\n<td valign=\"middle\" width=\"32\"><\/td>\n<td valign=\"middle\">luminosit\u00e0-lm:<\/td>\n<td valign=\"middle\">2800<\/td>\n<\/tr>\n<tr class=\"even\">\n<td valign=\"middle\" width=\"32\"><\/td>\n<td valign=\"middle\">tipo di LED:<\/td>\n<td valign=\"middle\">smd 2835<\/td>\n<\/tr>\n<tr class=\"odd\">\n<td valign=\"middle\" width=\"32\"><\/td>\n<td valign=\"middle\">angolo di apertura (\u00ba):<\/td>\n<td valign=\"middle\">150\u00ba<\/td>\n<\/tr>\n<tr class=\"even\">\n<td valign=\"middle\" width=\"32\"><\/td>\n<td valign=\"middle\">efficienza del diodo led (lm\/w):<\/td>\n<td valign=\"middle\">160 lm\/w<\/td>\n<\/tr>\n<tr class=\"odd\">\n<td valign=\"middle\" width=\"32\"><\/td>\n<td valign=\"middle\">efficacia luminosa (lm\/w):<\/td>\n<td valign=\"middle\">140lm\/w<\/td>\n<\/tr>\n<tr class=\"even\">\n<td valign=\"middle\" width=\"32\"><\/td>\n<td valign=\"middle\">certificati:<\/td>\n<td valign=\"middle\">ce - rohs - emc - ul<\/td>\n<\/tr>\n<\/tbody>\n<\/table>\n<\/div>\n<div class=\"col-xs-12 col-md-6 2\">\n<table class=\"table table-data-sheet 2\">\n<tbody>\n<tr class=\"odd\">\n<td valign=\"middle\" width=\"32\"><\/td>\n<td valign=\"middle\">grado di ip:<\/td>\n<td valign=\"middle\">ip65-esterno<\/td>\n<\/tr>\n<tr class=\"even\">\n<td valign=\"middle\" width=\"32\"><\/td>\n<td valign=\"middle\">vita stimata del diodo led (h):<\/td>\n<td valign=\"middle\">100.000<\/td>\n<\/tr>\n<tr class=\"odd\">\n<td valign=\"middle\" width=\"32\"><\/td>\n<td valign=\"middle\">dimensioni (mm):<\/td>\n<td valign=\"middle\">l:600 w:70 h:70 mm<\/td>\n<\/tr>\n<tr class=\"even\">\n<td valign=\"middle\" width=\"32\"><\/td>\n<td valign=\"middle\">fattore di potenza (pf):<\/td>\n<td valign=\"middle\">0.9<\/td>\n<\/tr>\n<tr class=\"odd\">\n<td valign=\"middle\" width=\"32\"><\/td>\n<td valign=\"middle\">frequenza di lavoro (hz):<\/td>\n<td valign=\"middle\">50\/60hz<\/td>\n<\/tr>\n<tr class=\"even\">\n<td valign=\"middle\" width=\"32\"><\/td>\n<td valign=\"middle\">intervallo di temperatura (\u00baC):<\/td>\n<td valign=\"middle\">-20\u00b0c ~ +55\u00b0c<\/td>\n<\/tr>\n<tr class=\"odd\">\n<td valign=\"middle\" width=\"32\"><\/td>\n<td valign=\"middle\">cicli di accensione:<\/td>\n<td valign=\"middle\">100.000<\/td>\n<\/tr>\n<tr class=\"even\">\n<td valign=\"middle\" width=\"32\"><\/td>\n<td valign=\"middle\">tempo di avvio (s):<\/td>\n<td valign=\"middle\">0,2s<\/td>\n<\/tr>\n<tr class=\"odd\">\n<td valign=\"middle\" width=\"32\"><\/td>\n<td valign=\"middle\">informazioni aggiuntive:<\/td>\n<td valign=\"middle\">driver led isolati lineari certadrive<\/td>\n<\/tr>\n<tr class=\"even\">\n<td valign=\"middle\" width=\"32\"><\/td>\n<td valign=\"middle\">protezione dagli impatti (ik):<\/td>\n<td valign=\"middle\">ik08<\/td>\n<\/tr>\n<tr class=\"odd\">\n<td valign=\"middle\" width=\"32\"><\/td>\n<td valign=\"middle\">classe energetica (2021-EU-2019\/2015):<\/td>\n<td valign=\"middle\">a+<\/td>\n<\/tr>\n<tr class=\"even\">\n<td valign=\"middle\" width=\"32\"><\/td>\n<td valign=\"middle\">anni di garanzia:<\/td>\n<td valign=\"middle\">3<\/td>\n<\/tr>\n<\/tbody>\n<\/table>\n<\/div>\n<p>&nbsp;<\/p>\n<\/div>\n<div id=\"views_block-1\" class=\"clearfix\">\n<div id=\"thumbs_list\">\n<p>&nbsp;<\/p>\n<\/div>\n<\/div>\n<\/div>","protected":false},"excerpt":{"rendered":"<div class=\"col-md-12\"><i class=\"fa fa-truck\"><\/i>&nbsp;<span class=\"text-muted textprop\">Consegna in 24\/48 ore<\/span><div class=\"col-md-12\"><i class=\"fa fa-exchange\"><\/i>&nbsp;<span class=\"text-muted textprop\">Garanzia assicurata<\/span><\/div><div class=\"col-md-12\"><i class=\"fa fa-box\"><\/i>&nbsp;<span class=\"text-muted textprop\">9 unit\u00e0 per Masterbox<\/span><\/div><div><\/div><\/div>","protected":false},"featured_media":0,"template":"","meta":{"site-sidebar-layout":"default","site-content-layout":"default","ast-global-header-display":"","ast-main-header-display":"","ast-hfb-above-header-display":"","ast-hfb-below-header-display":"","ast-hfb-mobile-header-display":"","site-post-title":"","ast-breadcrumbs-content":"","ast-featured-img":"","footer-sml-layout":"","theme-transparent-header-meta":"default","adv-header-id-meta":"","stick-header-meta":"","header-above-stick-meta":"","header-main-stick-meta":"","header-below-stick-meta":""},"product_cat":[50,25],"product_tag":[],"class_list":["post-2457","product","type-product","status-publish","hentry","product_cat-pantallas-estancas-y-regletas","product_cat-tubos"],"_links":{"self":[{"href":"https:\/\/starlediluminacion.com\/it\/wp-json\/wp\/v3\/product\/2457","targetHints":{"allow":["GET"]}}],"collection":[{"href":"https:\/\/starlediluminacion.com\/it\/wp-json\/wp\/v3\/product"}],"about":[{"href":"https:\/\/starlediluminacion.com\/it\/wp-json\/wp\/v2\/types\/product"}],"wp:attachment":[{"href":"https:\/\/starlediluminacion.com\/it\/wp-json\/wp\/v2\/media?parent=2457"}],"wp:term":[{"taxonomy":"product_cat","embeddable":true,"href":"https:\/\/starlediluminacion.com\/it\/wp-json\/wp\/v2\/product_cat?post=2457"},{"taxonomy":"product_tag","embeddable":true,"href":"https:\/\/starlediluminacion.com\/it\/wp-json\/wp\/v2\/product_tag?post=2457"}],"curies":[{"name":"wp","href":"https:\/\/api.w.org\/{rel}","templated":true}]}}