{"id":2138,"date":"2022-08-02T20:14:46","date_gmt":"2022-08-02T20:14:46","guid":{"rendered":"https:\/\/starlediluminacion.com\/?post_type=product&#038;p=2138"},"modified":"2022-09-03T12:48:23","modified_gmt":"2022-09-03T12:48:23","slug":"aro-fijo-para-dicroica-cuadrado-gu10-mr16-cromado","status":"publish","type":"product","link":"https:\/\/starlediluminacion.com\/it\/product\/anello-fisso-per-dicroica-quadrato-gu10-mr16-cromato\/","title":{"rendered":"<p>Anello fisso per lampada dicroica quadrata GU10-MR16 - CROMO<\/p>"},"content":{"rendered":"<p><label>RIFERIMENTO: SL<span style=\"font-size: 16px;\">NC885<\/span><\/label><div class=\"hidden-xs parrafo\">\n<p><strong>Cerchio<\/strong>&nbsp;<strong>circolare<\/strong>&nbsp;in alluminio con finitura&nbsp;<b>cromo<\/b>design elegante ed esclusivo. L'anello \u00e8 progettato per essere utilizzato con lampade dicroiche a LED.&nbsp;<strong>GU10<\/strong>&nbsp;o&nbsp;<strong>MR16<\/strong>. \u00c8 perfetto per un nuovo cantiere o per cambiare i faretti. \u00c8 stato realizzato per l'installazione in aree umide, poich\u00e9 \u00e8 resistente a qualsiasi ambiente esterno.<\/p>\n<\/div><div id=\"views_block-1\" class=\"clearfix\">\n<div id=\"thumbs_list\">\n<h1>Anello quadrato per apparecchio a LED GU10 MR16 MR16<\/h1>\n<p><strong>Anello incassato<\/strong>&nbsp;per&nbsp;<strong>LED dicroico<\/strong>entrambi&nbsp;<strong>MR16<\/strong>&nbsp;come&nbsp;<strong>GU10<\/strong>\u00e8 progettato per ottenere una decorazione attraente e raffinata, grazie alla sua forma.&nbsp;<strong>piazza<\/strong>&nbsp;si possono creare atmosfere molto esclusive.<\/p>\n<p>Tutto il materiale \u00e8 in alluminio con finitura a colori.&nbsp;<b>cromo<\/b>Questo fa di questo cerchio un prodotto molto resistente, quindi di grande durata, che lo trasforma in un&nbsp;<strong>anello in acciaio inox<\/strong>.<\/p>\n<h2>Applicazioni dell'anello fisso per i dicroici GU10-MR16<\/h2>\n<ul>\n<li>Cucina<\/li>\n<li>Bagno<\/li>\n<li>Portici<\/li>\n<li>Uffici<\/li>\n<li>Ipermercati<\/li>\n<\/ul>\n<p>\u00c8 ideale per qualsiasi evento in cui sia necessario ricreare atmosfere selezionate. Inoltre, grazie al suo materiale, \u00e8 in grado di resistere agli spazi esterni.<\/p>\n<h3 class=\"page-product-heading\">DATI TECNICI<\/h3>\n<div class=\"col-xs-12 col-md-6\">\n<table class=\"table table-data-sheet 1\">\n<tbody>\n<tr class=\"odd\">\n<td valign=\"middle\" width=\"32\"><\/td>\n<td valign=\"middle\">RIFERIMENTO :<\/td>\n<td valign=\"middle\">SLNC885<\/td>\n<\/tr>\n<tr class=\"even\">\n<td valign=\"middle\" width=\"32\"><\/td>\n<td valign=\"middle\">Materiale da costruzione:<\/td>\n<td valign=\"middle\">Alluminio<\/td>\n<\/tr>\n<tr class=\"odd\">\n<td valign=\"middle\" width=\"32\"><\/td>\n<td valign=\"middle\">Certificati:<\/td>\n<td valign=\"middle\">CE - ROHS<\/td>\n<\/tr>\n<tr class=\"even\">\n<td valign=\"middle\" width=\"32\"><\/td>\n<td valign=\"middle\">Dimensioni (mm):<\/td>\n<td valign=\"middle\">85 mm x 85 mm x H32 mm<\/td>\n<\/tr>\n<\/tbody>\n<\/table>\n<\/div>\n<div class=\"col-xs-12 col-md-6 2\">\n<table class=\"table table-data-sheet 2\">\n<tbody>\n<tr class=\"odd\">\n<td valign=\"middle\" width=\"32\"><\/td>\n<td valign=\"middle\">Taglio del soffitto (mm):<\/td>\n<td valign=\"middle\">\u00d860mm<\/td>\n<\/tr>\n<tr class=\"even\">\n<td valign=\"middle\" width=\"32\"><\/td>\n<td valign=\"middle\">Accessori e complementi:<\/td>\n<td valign=\"middle\">Portalampada GU10<\/td>\n<\/tr>\n<tr class=\"odd\">\n<td valign=\"middle\" width=\"32\"><\/td>\n<td valign=\"middle\">Finitura:<\/td>\n<td valign=\"middle\">Luminosit\u00e0<\/td>\n<\/tr>\n<tr class=\"even\">\n<td valign=\"middle\" width=\"32\"><\/td>\n<td valign=\"middle\">Lampadina inclusa:<\/td>\n<td valign=\"middle\">No<\/td>\n<\/tr>\n<\/tbody>\n<\/table>\n<\/div>\n<\/div>\n<\/div><\/p>","protected":false},"excerpt":{"rendered":"<div class=\"col-md-12\"><i class=\"fa fa-truck\"><\/i>&nbsp;<span class=\"text-muted textprop\">Consegna in 24\/48 ore<\/span><div class=\"col-md-12\"><i class=\"fa fa-exchange\"><\/i>&nbsp;<span class=\"text-muted textprop\">Garanzia assicurata<\/span><\/div><div class=\"col-md-12\"><i class=\"fa fa-box\"><\/i>&nbsp;<span class=\"text-muted textprop\">1 unit\u00e0 per Masterbox<\/span><\/div><\/div>","protected":false},"featured_media":2143,"template":"","meta":{"site-sidebar-layout":"default","site-content-layout":"default","ast-global-header-display":"","ast-main-header-display":"","ast-hfb-above-header-display":"","ast-hfb-below-header-display":"","ast-hfb-mobile-header-display":"","site-post-title":"","ast-breadcrumbs-content":"","ast-featured-img":"","footer-sml-layout":"","theme-transparent-header-meta":"default","adv-header-id-meta":"","stick-header-meta":"","header-above-stick-meta":"","header-main-stick-meta":"","header-below-stick-meta":""},"product_cat":[62,23],"product_tag":[],"class_list":["post-2138","product","type-product","status-publish","has-post-thumbnail","hentry","product_cat-accesorios-lamparas-led","product_cat-bombillas-y-lamparas-led"],"_links":{"self":[{"href":"https:\/\/starlediluminacion.com\/it\/wp-json\/wp\/v3\/product\/2138","targetHints":{"allow":["GET"]}}],"collection":[{"href":"https:\/\/starlediluminacion.com\/it\/wp-json\/wp\/v3\/product"}],"about":[{"href":"https:\/\/starlediluminacion.com\/it\/wp-json\/wp\/v2\/types\/product"}],"wp:featuredmedia":[{"embeddable":true,"href":"https:\/\/starlediluminacion.com\/it\/wp-json\/wp\/v2\/media\/2143"}],"wp:attachment":[{"href":"https:\/\/starlediluminacion.com\/it\/wp-json\/wp\/v2\/media?parent=2138"}],"wp:term":[{"taxonomy":"product_cat","embeddable":true,"href":"https:\/\/starlediluminacion.com\/it\/wp-json\/wp\/v2\/product_cat?post=2138"},{"taxonomy":"product_tag","embeddable":true,"href":"https:\/\/starlediluminacion.com\/it\/wp-json\/wp\/v2\/product_tag?post=2138"}],"curies":[{"name":"wp","href":"https:\/\/api.w.org\/{rel}","templated":true}]}}