{"id":2099,"date":"2022-08-02T19:47:58","date_gmt":"2022-08-02T19:47:58","guid":{"rendered":"https:\/\/starlediluminacion.com\/?post_type=product&#038;p=2099"},"modified":"2022-09-03T12:41:43","modified_gmt":"2022-09-03T12:41:43","slug":"lampara-par-led-12w-smart-wifi-rgbcct-regulable-e27","status":"publish","type":"product","link":"https:\/\/starlediluminacion.com\/it\/product\/lampada-dimmerabile-12w-smart-wifi-rgbcct-e27-par-led\/","title":{"rendered":"<p>Lampada LED PAR 12W SMART Wifi RGB+CCT - Dimmerabile - E27<\/p>"},"content":{"rendered":"<p><label>RIFERIMENTO:<span style=\"font-size: 16px;\"> SL<\/span><span class=\"editable\" style=\"font-size: 16px;\">IWLP12W<\/span><\/label><p><strong>12W SMART WIFI LED PAR Lampada E27<\/strong>&nbsp;ha una funzione di selezione del colore&nbsp;<strong>RGB + Bianco<\/strong>. \u00c8 facilmente programmabile tramite la nostra app gratuita IWIIK e\/o vocalmente con Google Home e Alexa. Con diverse tonalit\u00e0 di colore e luminosit\u00e0 si possono creare atmosfere uniche.<\/p><h1>Lampada LED PAR 12W SMART Wifi RGB+CCT - Dimmerabile - E27<\/h1><p>Il&nbsp;<strong>Lampada LED PAR 12W SMART Wifi RGB+CCT - Dimmerabile - E27<\/strong>&nbsp;offre la possibilit\u00e0 di regolare il colore, la luminosit\u00e0 e la temperatura di colore, con possibilit\u00e0 di regolazione da colori caldi (2700K) a colori freddi (6500K), e&nbsp;<strong>RGB<\/strong>&nbsp;e quindi adattarsi alle esigenze di tutti gli utenti.<\/p><h2>Configurazione della lampada LED PAR 12W SMART Wifi RGB+CCT - Dimmerabile - E27<\/h2><ol>\n<li>Collegamento dell'apparecchio alla rete elettrica<\/li>\n<li>Accensione per 1 secondo<\/li>\n<li>Spegnere per 4 secondi<\/li>\n<li>Ripetere questa sequenza per 3 volte.<\/li>\n<li>Dopo aver ripetuto la sequenza per 3 volte, la spia dovrebbe iniziare a lampeggiare.<\/li>\n<li>D'ora in poi \u00e8 possibile collegarlo all'APP.<\/li>\n<\/ol><p>Ha un totale di&nbsp;<strong>compatibilit\u00e0&nbsp;<\/strong>&nbsp;con&nbsp;<strong>Amazon Alexa<\/strong>,&nbsp;<strong>Google Home<\/strong>&nbsp;y&nbsp;<strong>Vita intelligente<\/strong>&nbsp;nonch\u00e9 i sistemi operativi IOS e Android. La sua implementazione \u00e8 molto semplice e intuitiva attraverso la nostra app gratuita IWIIK o TUYA SMART. \u00c8 possibile trovarlo nel mercato&nbsp;<strong>Apple Store<\/strong>&nbsp;y&nbsp;<strong>Google Play<\/strong>.<\/p><h3 class=\"page-product-heading\">DATI TECNICI<\/h3><div class=\"col-xs-12 col-md-6\">\n<table class=\"table table-data-sheet 1\">\n<tbody>\n<tr class=\"odd\">\n<td valign=\"middle\" width=\"32\"><\/td>\n<td valign=\"middle\">RIFERIMENTO :<\/td>\n<td valign=\"middle\">SLIWLP12W<\/td>\n<\/tr>\n<tr class=\"even\">\n<td valign=\"middle\" width=\"32\"><\/td>\n<td valign=\"middle\">Potenza nominale :<\/td>\n<td valign=\"middle\">12w<\/td>\n<\/tr>\n<tr class=\"odd\">\n<td valign=\"middle\" width=\"32\"><\/td>\n<td valign=\"middle\">Tensione nominale:<\/td>\n<td valign=\"middle\">220-240V<\/td>\n<\/tr>\n<tr class=\"even\">\n<td valign=\"middle\" width=\"32\"><\/td>\n<td valign=\"middle\">Temperatura della luce:<\/td>\n<td valign=\"middle\">RGB + CCT<\/td>\n<\/tr>\n<tr class=\"odd\">\n<td valign=\"middle\" width=\"32\"><\/td>\n<td valign=\"middle\">CRI - Indice di resa cromatica:<\/td>\n<td valign=\"middle\">80<\/td>\n<\/tr>\n<tr class=\"even\">\n<td valign=\"middle\" width=\"32\"><\/td>\n<td valign=\"middle\">Materiale da costruzione:<\/td>\n<td valign=\"middle\">Vetro<\/td>\n<\/tr>\n<tr class=\"odd\">\n<td valign=\"middle\" width=\"32\"><\/td>\n<td valign=\"middle\">Luminosit\u00e0-Lm:<\/td>\n<td valign=\"middle\">900Lm<\/td>\n<\/tr>\n<tr class=\"even\">\n<td valign=\"middle\" width=\"32\"><\/td>\n<td valign=\"middle\">Tipo di LED:<\/td>\n<td valign=\"middle\">SMD 2835<\/td>\n<\/tr>\n<tr class=\"odd\">\n<td valign=\"middle\" width=\"32\"><\/td>\n<td valign=\"middle\">Angolo di apertura (\u00ba):<\/td>\n<td valign=\"middle\">120\u00b0<\/td>\n<\/tr>\n<tr class=\"even\">\n<td valign=\"middle\" width=\"32\"><\/td>\n<td valign=\"middle\">Boccola:<\/td>\n<td valign=\"middle\">E27<\/td>\n<\/tr>\n<\/tbody>\n<\/table>\n<\/div><div class=\"col-xs-12 col-md-6 2\">\n<table class=\"table table-data-sheet 2\">\n<tbody>\n<tr class=\"odd\">\n<td valign=\"middle\" width=\"32\"><\/td>\n<td valign=\"middle\">Certificati:<\/td>\n<td valign=\"middle\">CE - ROHS<\/td>\n<\/tr>\n<tr class=\"even\">\n<td valign=\"middle\" width=\"32\"><\/td>\n<td valign=\"middle\">Grado di protezione IP:<\/td>\n<td valign=\"middle\">IP65-Outdoor<\/td>\n<\/tr>\n<tr class=\"odd\">\n<td valign=\"middle\" width=\"32\"><\/td>\n<td valign=\"middle\">Durata stimata del diodo LED (H):<\/td>\n<td valign=\"middle\">30.000<\/td>\n<\/tr>\n<tr class=\"even\">\n<td valign=\"middle\" width=\"32\"><\/td>\n<td valign=\"middle\">Dimensioni (mm):<\/td>\n<td valign=\"middle\">\u00d8122 x 135 mm<\/td>\n<\/tr>\n<tr class=\"odd\">\n<td valign=\"middle\" width=\"32\"><\/td>\n<td valign=\"middle\">Frequenza di lavoro (Hz):<\/td>\n<td valign=\"middle\">50\/60Hz<\/td>\n<\/tr>\n<tr class=\"even\">\n<td valign=\"middle\" width=\"32\"><\/td>\n<td valign=\"middle\">Intervallo di temperatura (\u00baC):<\/td>\n<td valign=\"middle\">-20\u00b0C ~ +55\u00b0C<\/td>\n<\/tr>\n<tr class=\"odd\">\n<td valign=\"middle\" width=\"32\"><\/td>\n<td valign=\"middle\">Tempo di avvio (s):<\/td>\n<td valign=\"middle\">0,2s<\/td>\n<\/tr>\n<tr class=\"even\">\n<td valign=\"middle\" width=\"32\"><\/td>\n<td valign=\"middle\">Modalit\u00e0 di controllo:<\/td>\n<td valign=\"middle\">WIFI<\/td>\n<\/tr>\n<tr class=\"odd\">\n<td valign=\"middle\" width=\"32\"><\/td>\n<td valign=\"middle\">Classe energetica (2021-EU-2019\/2015):<\/td>\n<td valign=\"middle\">A+<\/td>\n<\/tr>\n<tr class=\"even\">\n<td valign=\"middle\" width=\"32\"><\/td>\n<td valign=\"middle\">Anni di garanzia:<\/td>\n<td valign=\"middle\">2<\/td>\n<\/tr>\n<\/tbody>\n<\/table>\n<\/div><\/p>","protected":false},"excerpt":{"rendered":"<div class=\"col-md-12\"><i class=\"fa fa-truck\"><\/i>&nbsp;<span class=\"text-muted textprop\">Consegna in 24\/48 ore<\/span><div class=\"col-md-12\"><i class=\"fa fa-exchange\"><\/i>&nbsp;<span class=\"text-muted textprop\">Garanzia assicurata<\/span><\/div><div class=\"col-md-12\"><i class=\"fa fa-box\"><\/i>&nbsp;<span class=\"text-muted textprop\">20 unit\u00e0 per Masterbox<\/span><\/div><div><\/div><\/div>","protected":false},"featured_media":2100,"template":"","meta":{"site-sidebar-layout":"default","site-content-layout":"default","ast-global-header-display":"","ast-main-header-display":"","ast-hfb-above-header-display":"","ast-hfb-below-header-display":"","ast-hfb-mobile-header-display":"","site-post-title":"","ast-breadcrumbs-content":"","ast-featured-img":"","footer-sml-layout":"","theme-transparent-header-meta":"default","adv-header-id-meta":"","stick-header-meta":"","header-above-stick-meta":"","header-main-stick-meta":"","header-below-stick-meta":""},"product_cat":[15,23,39],"product_tag":[],"class_list":["post-2099","product","type-product","status-publish","has-post-thumbnail","hentry","product_cat-bombillas-led-par","product_cat-bombillas-y-lamparas-led","product_cat-smart-led-domotica"],"_links":{"self":[{"href":"https:\/\/starlediluminacion.com\/it\/wp-json\/wp\/v3\/product\/2099","targetHints":{"allow":["GET"]}}],"collection":[{"href":"https:\/\/starlediluminacion.com\/it\/wp-json\/wp\/v3\/product"}],"about":[{"href":"https:\/\/starlediluminacion.com\/it\/wp-json\/wp\/v2\/types\/product"}],"wp:featuredmedia":[{"embeddable":true,"href":"https:\/\/starlediluminacion.com\/it\/wp-json\/wp\/v2\/media\/2100"}],"wp:attachment":[{"href":"https:\/\/starlediluminacion.com\/it\/wp-json\/wp\/v2\/media?parent=2099"}],"wp:term":[{"taxonomy":"product_cat","embeddable":true,"href":"https:\/\/starlediluminacion.com\/it\/wp-json\/wp\/v2\/product_cat?post=2099"},{"taxonomy":"product_tag","embeddable":true,"href":"https:\/\/starlediluminacion.com\/it\/wp-json\/wp\/v2\/product_tag?post=2099"}],"curies":[{"name":"wp","href":"https:\/\/api.w.org\/{rel}","templated":true}]}}