{"id":1924,"date":"2022-08-01T21:11:51","date_gmt":"2022-08-01T21:11:51","guid":{"rendered":"https:\/\/starlediluminacion.com\/?post_type=product&#038;p=1924"},"modified":"2022-08-27T16:05:33","modified_gmt":"2022-08-27T16:05:33","slug":"dicroica-led-5w-gu10-rgbcct-smart-wifi-control-remoto-regulable","status":"publish","type":"product","link":"https:\/\/starlediluminacion.com\/it\/product\/dicroico-led-5w-gu10-rgbcct-smart-wifi-control-regolabile-a-distanza\/","title":{"rendered":"<p>5W GU10 RGB+CCT + SMART Wifi + Telecomando + Dimmerabile Lampeggiante LED 5W GU10 RGB+CCT + SMART Wifi + Telecomando + Dimmerabile<\/p>"},"content":{"rendered":"<p><label><label>RIFERIMENTO: <span style=\"font-size: 16px;\">SL<\/span><span class=\"editable\" style=\"font-size: 16px;\">IWSMGU10<\/span><\/label><\/label><p><strong>WIFI SMART LED 5W dicroico + TELECOMANDO&nbsp;<\/strong>GU10 con funzione di selezione del colore&nbsp;<strong>RGB + Bianco.<\/strong> \u00c8 facilmente programmabile tramite la nostra app gratuita IWIIK e\/o vocalmente con Google Home e Alexa. Con diverse tonalit\u00e0 di colore e luminosit\u00e0 si possono creare atmosfere uniche. E se volete controllarlo solo con il telecomando, potete farlo anche voi.<strong>50xH56mm<\/strong><\/p><h1>5W GU10 RGB+CCT + SMART Wifi + Telecomando + Dimmerabile Lampeggiante LED 5W GU10 RGB+CCT + SMART Wifi + Telecomando + Dimmerabile<\/h1><p>La nostra Dicroica 5W LED SMART WIFI+ REMOTE CONTROL, offre la possibilit\u00e0 di regolare sia il colore di ciascun diodo (RGB) che la luminosit\u00e0 e la sua temperatura di colore, potendo passare da colori caldi (2700K) a colori pi\u00f9 freddi (6500K) adattandosi cos\u00ec alle esigenze di tutti gli utenti. Raggruppatelo con altri dispositivi SMART e create momenti unici nella vostra casa.<\/p><h2>Configurazione LED dicroico 5W GU10 RGB+CCT:<\/h2><ul>\n<li>Collegare la lampadina alla rete elettrica.<\/li>\n<li>Accensione e spegnimento ripetuti 3 volte<\/li>\n<li>La lampadina dovrebbe iniziare a lampeggiare.<\/li>\n<li>Se la lampadina non lampeggia, attendere 10 secondi e ripetere la sequenza.<\/li>\n<li>D'ora in poi \u00e8 possibile collegarlo all'APP.<\/li>\n<\/ul><p>La lampada con attacco GU10 pu\u00f2 essere controllata anche con il telecomando a infrarossi integrato, senza bisogno di collegarla alla rete WIFI.<\/p><p>Ha un totale di&nbsp;<strong>compatibilit\u00e0<\/strong>&nbsp; con&nbsp;<strong>Amazon Alexa, Google Home e la vita intelligente<\/strong>&nbsp;nonch\u00e9 i sistemi operativi IOs e Android. La sua implementazione \u00e8 molto semplice e intuitiva attraverso la nostra app gratuita IWIIK o TUYA.<\/p><p>Trasformate la vostra casa in una casa intelligente grazie ai prodotti Smart WIFI IWIIK che potete trovare nel nostro negozio online.<\/p><h3 class=\"page-product-heading\">DATI TECNICI<\/h3><div class=\"col-xs-12 col-md-6\">\n<table class=\"table table-data-sheet 1\">\n<tbody>\n<tr class=\"odd\">\n<td valign=\"middle\" width=\"32\"><\/td>\n<td valign=\"middle\">RIFERIMENTO :<\/td>\n<td valign=\"middle\">SLIWSMGU10<\/td>\n<\/tr>\n<tr class=\"even\">\n<td valign=\"middle\" width=\"32\"><\/td>\n<td valign=\"middle\">Potenza nominale :<\/td>\n<td valign=\"middle\">5w<\/td>\n<\/tr>\n<tr class=\"odd\">\n<td valign=\"middle\" width=\"32\"><\/td>\n<td valign=\"middle\">Tensione nominale:<\/td>\n<td valign=\"middle\">220-240V<\/td>\n<\/tr>\n<tr class=\"even\">\n<td valign=\"middle\" width=\"32\"><\/td>\n<td valign=\"middle\">Temperatura della luce:<\/td>\n<td valign=\"middle\">RGB + CCT<\/td>\n<\/tr>\n<tr class=\"odd\">\n<td valign=\"middle\" width=\"32\"><\/td>\n<td valign=\"middle\">CRI - Indice di resa cromatica:<\/td>\n<td valign=\"middle\">80<\/td>\n<\/tr>\n<tr class=\"even\">\n<td valign=\"middle\" width=\"32\"><\/td>\n<td valign=\"middle\">Materiale da costruzione:<\/td>\n<td valign=\"middle\">Alluminio +PC<\/td>\n<\/tr>\n<tr class=\"odd\">\n<td valign=\"middle\" width=\"32\"><\/td>\n<td valign=\"middle\">Luminosit\u00e0-Lm:<\/td>\n<td valign=\"middle\">400<\/td>\n<\/tr>\n<tr class=\"even\">\n<td valign=\"middle\" width=\"32\"><\/td>\n<td valign=\"middle\">Tipo di LED:<\/td>\n<td valign=\"middle\">SMD<\/td>\n<\/tr>\n<tr class=\"odd\">\n<td valign=\"middle\" width=\"32\"><\/td>\n<td valign=\"middle\">Angolo di apertura (\u00ba):<\/td>\n<td valign=\"middle\">120\u00b0<\/td>\n<\/tr>\n<tr class=\"even\">\n<td valign=\"middle\" width=\"32\"><\/td>\n<td valign=\"middle\">Efficienza del diodo LED (Lm\/W):<\/td>\n<td valign=\"middle\">120Lm\/W<\/td>\n<\/tr>\n<tr class=\"odd\">\n<td valign=\"middle\" width=\"32\"><\/td>\n<td valign=\"middle\">Efficienza luminosa (Lm\/W):<\/td>\n<td valign=\"middle\">80 Lm\/W<\/td>\n<\/tr>\n<\/tbody>\n<\/table>\n<\/div><div class=\"col-xs-12 col-md-6 2\">\n<table class=\"table table-data-sheet 2\">\n<tbody>\n<tr class=\"odd\">\n<td valign=\"middle\" width=\"32\"><\/td>\n<td valign=\"middle\">Boccola:<\/td>\n<td valign=\"middle\">GU10<\/td>\n<\/tr>\n<tr class=\"even\">\n<td valign=\"middle\" width=\"32\"><\/td>\n<td valign=\"middle\">Certificati:<\/td>\n<td valign=\"middle\">CE - ROHS<\/td>\n<\/tr>\n<tr class=\"odd\">\n<td valign=\"middle\" width=\"32\"><\/td>\n<td valign=\"middle\">Durata stimata del diodo LED (H):<\/td>\n<td valign=\"middle\">30.000<\/td>\n<\/tr>\n<tr class=\"even\">\n<td valign=\"middle\" width=\"32\"><\/td>\n<td valign=\"middle\">Dimensioni (mm):<\/td>\n<td valign=\"middle\">\u00d850xH56mm<\/td>\n<\/tr>\n<tr class=\"odd\">\n<td valign=\"middle\" width=\"32\"><\/td>\n<td valign=\"middle\">Frequenza di lavoro (Hz):<\/td>\n<td valign=\"middle\">50\/60Hz<\/td>\n<\/tr>\n<tr class=\"even\">\n<td valign=\"middle\" width=\"32\"><\/td>\n<td valign=\"middle\">Intervallo di temperatura (\u00baC):<\/td>\n<td valign=\"middle\">-20\u00b0C ~ +55\u00b0C<\/td>\n<\/tr>\n<tr class=\"odd\">\n<td valign=\"middle\" width=\"32\"><\/td>\n<td valign=\"middle\">Tempo di avvio (s):<\/td>\n<td valign=\"middle\">0,2s<\/td>\n<\/tr>\n<tr class=\"even\">\n<td valign=\"middle\" width=\"32\"><\/td>\n<td valign=\"middle\">Modalit\u00e0 di controllo:<\/td>\n<td valign=\"middle\">TELECOMANDO + WIFI<\/td>\n<\/tr>\n<tr class=\"odd\">\n<td valign=\"middle\" width=\"32\"><\/td>\n<td valign=\"middle\">Classe energetica (2021-EU-2019\/2015):<\/td>\n<td valign=\"middle\">A+<\/td>\n<\/tr>\n<tr class=\"even\">\n<td valign=\"middle\" width=\"32\"><\/td>\n<td valign=\"middle\">Anni di garanzia:<\/td>\n<td valign=\"middle\">2<\/td>\n<\/tr>\n<\/tbody>\n<\/table>\n<\/div><\/p>","protected":false},"excerpt":{"rendered":"<div class=\"col-md-12\">&nbsp;<span class=\"text-muted textprop\">Consegna in 24\/48 ore<\/span><div class=\"col-md-12\"><i class=\"fa fa-exchange\"><\/i>&nbsp;<span class=\"text-muted textprop\">Garanzia assicurata<\/span><\/div><div class=\"col-md-12\"><i class=\"fa fa-box\"><\/i>&nbsp;<span class=\"text-muted textprop\">200 unit\u00e0 per Masterbox<\/span><\/div><div class=\"col-md-12\"><\/div><\/div>","protected":false},"featured_media":1925,"template":"","meta":{"site-sidebar-layout":"default","site-content-layout":"default","ast-global-header-display":"","ast-main-header-display":"","ast-hfb-above-header-display":"","ast-hfb-below-header-display":"","ast-hfb-mobile-header-display":"","site-post-title":"","ast-breadcrumbs-content":"","ast-featured-img":"","footer-sml-layout":"","theme-transparent-header-meta":"default","adv-header-id-meta":"","stick-header-meta":"","header-above-stick-meta":"","header-main-stick-meta":"","header-below-stick-meta":""},"product_cat":[48,23,39],"product_tag":[],"class_list":["post-1924","product","type-product","status-publish","has-post-thumbnail","hentry","product_cat-bombillas-led-gu10-mr16-g4","product_cat-bombillas-y-lamparas-led","product_cat-smart-led-domotica"],"yoast_head":"<!-- This site is optimized with the Yoast SEO plugin v27.4 - https:\/\/yoast.com\/product\/yoast-seo-wordpress\/ -->\n<title>Dicroica LED 5W GU10 RGB+CCT + SMART Wifi + Control Remoto + Regulable - STARLED Iluminacion<\/title>\n<meta name=\"robots\" content=\"index, follow, max-snippet:-1, max-image-preview:large, max-video-preview:-1\" \/>\n<link rel=\"canonical\" href=\"https:\/\/starlediluminacion.com\/it\/product\/dicroica-led-5w-gu10-rgbcct-smart-wifi-control-remote-controlado-ajustavel\/\" \/>\n<meta property=\"og:locale\" content=\"it_IT\" \/>\n<meta property=\"og:type\" content=\"article\" \/>\n<meta property=\"og:title\" content=\"Dicroica LED 5W GU10 RGB+CCT + SMART Wifi + Control Remoto + Regulable - STARLED Iluminacion\" \/>\n<meta property=\"og:description\" content=\"\u00a0Entrega en 24\/48 horas \u00a0Garant\u00eda asegurada \u00a0200 unidad(es) por Masterbox\" \/>\n<meta property=\"og:url\" content=\"https:\/\/starlediluminacion.com\/it\/product\/dicroica-led-5w-gu10-rgbcct-smart-wifi-control-remote-controlado-ajustavel\/\" \/>\n<meta property=\"og:site_name\" content=\"STARLED Iluminacion\" \/>\n<meta property=\"article:modified_time\" content=\"2022-08-27T16:05:33+00:00\" \/>\n<meta property=\"og:image\" content=\"https:\/\/starlediluminacion.com\/wp-content\/uploads\/2022\/08\/dicroica-led-5w-gu10-rgbcct-smart-wifi-control-remoto-regulable-factorled-1.jpg\" \/>\n\t<meta property=\"og:image:width\" content=\"1000\" \/>\n\t<meta property=\"og:image:height\" content=\"1000\" \/>\n\t<meta property=\"og:image:type\" content=\"image\/jpeg\" \/>\n<meta name=\"twitter:card\" content=\"summary_large_image\" \/>\n<meta name=\"twitter:label1\" content=\"Tempo di lettura stimato\" \/>\n\t<meta name=\"twitter:data1\" content=\"2 minuti\" \/>\n<script type=\"application\/ld+json\" class=\"yoast-schema-graph\">{\"@context\":\"https:\\\/\\\/schema.org\",\"@graph\":[{\"@type\":\"WebPage\",\"@id\":\"https:\\\/\\\/starlediluminacion.com\\\/pt\\\/product\\\/dicroica-led-5w-gu10-rgbcct-smart-wifi-control-remote-controlado-ajustavel\\\/\",\"url\":\"https:\\\/\\\/starlediluminacion.com\\\/pt\\\/product\\\/dicroica-led-5w-gu10-rgbcct-smart-wifi-control-remote-controlado-ajustavel\\\/\",\"name\":\"Dicroica LED 5W GU10 RGB+CCT + SMART Wifi + Control Remoto + Regulable - STARLED Iluminacion\",\"isPartOf\":{\"@id\":\"https:\\\/\\\/starlediluminacion.com\\\/#website\"},\"primaryImageOfPage\":{\"@id\":\"https:\\\/\\\/starlediluminacion.com\\\/pt\\\/product\\\/dicroica-led-5w-gu10-rgbcct-smart-wifi-control-remote-controlado-ajustavel\\\/#primaryimage\"},\"image\":{\"@id\":\"https:\\\/\\\/starlediluminacion.com\\\/pt\\\/product\\\/dicroica-led-5w-gu10-rgbcct-smart-wifi-control-remote-controlado-ajustavel\\\/#primaryimage\"},\"thumbnailUrl\":\"https:\\\/\\\/starlediluminacion.com\\\/wp-content\\\/uploads\\\/2022\\\/08\\\/dicroica-led-5w-gu10-rgbcct-smart-wifi-control-remoto-regulable-factorled-1.jpg\",\"datePublished\":\"2022-08-01T21:11:51+00:00\",\"dateModified\":\"2022-08-27T16:05:33+00:00\",\"breadcrumb\":{\"@id\":\"https:\\\/\\\/starlediluminacion.com\\\/pt\\\/product\\\/dicroica-led-5w-gu10-rgbcct-smart-wifi-control-remote-controlado-ajustavel\\\/#breadcrumb\"},\"inLanguage\":\"it-IT\",\"potentialAction\":[{\"@type\":\"ReadAction\",\"target\":[\"https:\\\/\\\/starlediluminacion.com\\\/pt\\\/product\\\/dicroica-led-5w-gu10-rgbcct-smart-wifi-control-remote-controlado-ajustavel\\\/\"]}]},{\"@type\":\"ImageObject\",\"inLanguage\":\"it-IT\",\"@id\":\"https:\\\/\\\/starlediluminacion.com\\\/pt\\\/product\\\/dicroica-led-5w-gu10-rgbcct-smart-wifi-control-remote-controlado-ajustavel\\\/#primaryimage\",\"url\":\"https:\\\/\\\/starlediluminacion.com\\\/wp-content\\\/uploads\\\/2022\\\/08\\\/dicroica-led-5w-gu10-rgbcct-smart-wifi-control-remoto-regulable-factorled-1.jpg\",\"contentUrl\":\"https:\\\/\\\/starlediluminacion.com\\\/wp-content\\\/uploads\\\/2022\\\/08\\\/dicroica-led-5w-gu10-rgbcct-smart-wifi-control-remoto-regulable-factorled-1.jpg\",\"width\":1000,\"height\":1000},{\"@type\":\"BreadcrumbList\",\"@id\":\"https:\\\/\\\/starlediluminacion.com\\\/pt\\\/product\\\/dicroica-led-5w-gu10-rgbcct-smart-wifi-control-remote-controlado-ajustavel\\\/#breadcrumb\",\"itemListElement\":[{\"@type\":\"ListItem\",\"position\":1,\"name\":\"Portada\",\"item\":\"https:\\\/\\\/starlediluminacion.com\\\/\"},{\"@type\":\"ListItem\",\"position\":2,\"name\":\"Shop\",\"item\":\"https:\\\/\\\/starlediluminacion.com\\\/shop-2\\\/\"},{\"@type\":\"ListItem\",\"position\":3,\"name\":\"Dicroica LED 5W GU10 RGB+CCT + SMART Wifi + Control Remoto + Regulable\"}]},{\"@type\":\"WebSite\",\"@id\":\"https:\\\/\\\/starlediluminacion.com\\\/#website\",\"url\":\"https:\\\/\\\/starlediluminacion.com\\\/\",\"name\":\"STARLED Iluminacion\",\"description\":\"\",\"potentialAction\":[{\"@type\":\"SearchAction\",\"target\":{\"@type\":\"EntryPoint\",\"urlTemplate\":\"https:\\\/\\\/starlediluminacion.com\\\/?s={search_term_string}\"},\"query-input\":{\"@type\":\"PropertyValueSpecification\",\"valueRequired\":true,\"valueName\":\"search_term_string\"}}],\"inLanguage\":\"it-IT\"}]}<\/script>\n<!-- \/ Yoast SEO plugin. -->","yoast_head_json":{"title":"Dicroica LED 5W GU10 RGB+CCT + SMART Wifi + Control Remoto + Regulable - STARLED Iluminacion","robots":{"index":"index","follow":"follow","max-snippet":"max-snippet:-1","max-image-preview":"max-image-preview:large","max-video-preview":"max-video-preview:-1"},"canonical":"https:\/\/starlediluminacion.com\/it\/product\/dicroica-led-5w-gu10-rgbcct-smart-wifi-control-remote-controlado-ajustavel\/","og_locale":"it_IT","og_type":"article","og_title":"Dicroica LED 5W GU10 RGB+CCT + SMART Wifi + Control Remoto + Regulable - STARLED Iluminacion","og_description":"\u00a0Entrega en 24\/48 horas \u00a0Garant\u00eda asegurada \u00a0200 unidad(es) por Masterbox","og_url":"https:\/\/starlediluminacion.com\/it\/product\/dicroica-led-5w-gu10-rgbcct-smart-wifi-control-remote-controlado-ajustavel\/","og_site_name":"STARLED Iluminacion","article_modified_time":"2022-08-27T16:05:33+00:00","og_image":[{"width":1000,"height":1000,"url":"https:\/\/starlediluminacion.com\/wp-content\/uploads\/2022\/08\/dicroica-led-5w-gu10-rgbcct-smart-wifi-control-remoto-regulable-factorled-1.jpg","type":"image\/jpeg"}],"twitter_card":"summary_large_image","twitter_misc":{"Tempo di lettura stimato":"2 minuti"},"schema":{"@context":"https:\/\/schema.org","@graph":[{"@type":"WebPage","@id":"https:\/\/starlediluminacion.com\/pt\/product\/dicroica-led-5w-gu10-rgbcct-smart-wifi-control-remote-controlado-ajustavel\/","url":"https:\/\/starlediluminacion.com\/pt\/product\/dicroica-led-5w-gu10-rgbcct-smart-wifi-control-remote-controlado-ajustavel\/","name":"Dicroica LED 5W GU10 RGB+CCT + SMART Wifi + Control Remoto + Regulable - STARLED Iluminacion","isPartOf":{"@id":"https:\/\/starlediluminacion.com\/#website"},"primaryImageOfPage":{"@id":"https:\/\/starlediluminacion.com\/pt\/product\/dicroica-led-5w-gu10-rgbcct-smart-wifi-control-remote-controlado-ajustavel\/#primaryimage"},"image":{"@id":"https:\/\/starlediluminacion.com\/pt\/product\/dicroica-led-5w-gu10-rgbcct-smart-wifi-control-remote-controlado-ajustavel\/#primaryimage"},"thumbnailUrl":"https:\/\/starlediluminacion.com\/wp-content\/uploads\/2022\/08\/dicroica-led-5w-gu10-rgbcct-smart-wifi-control-remoto-regulable-factorled-1.jpg","datePublished":"2022-08-01T21:11:51+00:00","dateModified":"2022-08-27T16:05:33+00:00","breadcrumb":{"@id":"https:\/\/starlediluminacion.com\/pt\/product\/dicroica-led-5w-gu10-rgbcct-smart-wifi-control-remote-controlado-ajustavel\/#breadcrumb"},"inLanguage":"it-IT","potentialAction":[{"@type":"ReadAction","target":["https:\/\/starlediluminacion.com\/pt\/product\/dicroica-led-5w-gu10-rgbcct-smart-wifi-control-remote-controlado-ajustavel\/"]}]},{"@type":"ImageObject","inLanguage":"it-IT","@id":"https:\/\/starlediluminacion.com\/pt\/product\/dicroica-led-5w-gu10-rgbcct-smart-wifi-control-remote-controlado-ajustavel\/#primaryimage","url":"https:\/\/starlediluminacion.com\/wp-content\/uploads\/2022\/08\/dicroica-led-5w-gu10-rgbcct-smart-wifi-control-remoto-regulable-factorled-1.jpg","contentUrl":"https:\/\/starlediluminacion.com\/wp-content\/uploads\/2022\/08\/dicroica-led-5w-gu10-rgbcct-smart-wifi-control-remoto-regulable-factorled-1.jpg","width":1000,"height":1000},{"@type":"BreadcrumbList","@id":"https:\/\/starlediluminacion.com\/pt\/product\/dicroica-led-5w-gu10-rgbcct-smart-wifi-control-remote-controlado-ajustavel\/#breadcrumb","itemListElement":[{"@type":"ListItem","position":1,"name":"Portada","item":"https:\/\/starlediluminacion.com\/"},{"@type":"ListItem","position":2,"name":"Shop","item":"https:\/\/starlediluminacion.com\/shop-2\/"},{"@type":"ListItem","position":3,"name":"Dicroica LED 5W GU10 RGB+CCT + SMART Wifi + Control Remoto + Regulable"}]},{"@type":"WebSite","@id":"https:\/\/starlediluminacion.com\/#website","url":"https:\/\/starlediluminacion.com\/","name":"STARLED Iluminacion","description":"","potentialAction":[{"@type":"SearchAction","target":{"@type":"EntryPoint","urlTemplate":"https:\/\/starlediluminacion.com\/?s={search_term_string}"},"query-input":{"@type":"PropertyValueSpecification","valueRequired":true,"valueName":"search_term_string"}}],"inLanguage":"it-IT"}]}},"_links":{"self":[{"href":"https:\/\/starlediluminacion.com\/it\/wp-json\/wp\/v3\/product\/1924","targetHints":{"allow":["GET"]}}],"collection":[{"href":"https:\/\/starlediluminacion.com\/it\/wp-json\/wp\/v3\/product"}],"about":[{"href":"https:\/\/starlediluminacion.com\/it\/wp-json\/wp\/v2\/types\/product"}],"wp:featuredmedia":[{"embeddable":true,"href":"https:\/\/starlediluminacion.com\/it\/wp-json\/wp\/v2\/media\/1925"}],"wp:attachment":[{"href":"https:\/\/starlediluminacion.com\/it\/wp-json\/wp\/v2\/media?parent=1924"}],"wp:term":[{"taxonomy":"product_cat","embeddable":true,"href":"https:\/\/starlediluminacion.com\/it\/wp-json\/wp\/v2\/product_cat?post=1924"},{"taxonomy":"product_tag","embeddable":true,"href":"https:\/\/starlediluminacion.com\/it\/wp-json\/wp\/v2\/product_tag?post=1924"}],"curies":[{"name":"wp","href":"https:\/\/api.w.org\/{rel}","templated":true}]}}