{"id":1796,"date":"2022-08-01T19:03:51","date_gmt":"2022-08-01T19:03:51","guid":{"rendered":"https:\/\/starlediluminacion.com\/?post_type=product&#038;p=1796"},"modified":"2022-09-03T12:40:52","modified_gmt":"2022-09-03T12:40:52","slug":"bombilla-led-12w-e27-r80-180o-osram-chip-duris-e-2835","status":"publish","type":"product","link":"https:\/\/starlediluminacion.com\/it\/product\/bombilla-led-12w-e27-r80-180o-osram-chip-duris-e-2835\/","title":{"rendered":"<p>Lampadina LED 12W E27 R80 180\u00ba - OSRAM CHIP DURIS E 2835<\/p>"},"content":{"rendered":"<p><label>RIFERIMENTO: SL<span style=\"font-size: 16px;\">PAR75156-OSR<\/span><\/label><p>Nuova generazione di&nbsp;<strong>Lampadine LED 12W<\/strong>&nbsp;<strong>E27<\/strong>&nbsp;con diodo&nbsp;<strong>SMD 2835<\/strong>&nbsp;con&nbsp;<strong>Chip<\/strong><strong>&nbsp;OSRAM<\/strong><strong>&nbsp;150Lm\/W&nbsp;<\/strong>da<strong>&nbsp;Alta luminosit\u00e0<\/strong>&nbsp;e con&nbsp;<strong>Autista<\/strong><strong>&nbsp;senza Flick<\/strong>. La lampadina ha&nbsp;<strong>3 anni di garanzia<\/strong>. Risparmio fino a 80% in sostituzione delle tradizionali alogene, offrendo un ampio fascio di luce con le loro&nbsp;<strong>Apertura a 180\u00ba<\/strong>&nbsp;e di alta qualit\u00e0.<\/p><h1>Lampadina LED 12W E27 R80 180\u00ba - OSRAM CHIP DURIS E 2835<\/h1><p>Il nostro&nbsp;<strong>Lampadina<\/strong>&nbsp;<strong>LED 12W E27<\/strong>&nbsp;Il risparmio energetico fino a 80% lo rende un prodotto molto ecologico, che offre un avvio immediato e una lunga durata.<\/p><p>I vostri diodi&nbsp;<strong>SMD 2835&nbsp;<\/strong>da<strong>&nbsp;Chip OSRAM ad alta luminosit\u00e0<\/strong>&nbsp;Le lampade equivalgono alla luminosit\u00e0 di una lampadina tradizionale da circa 105W. Ci\u00f2 si traduce in un risparmio energetico di 80%. La luce esposta \u00e8 distribuita su un&nbsp;<strong>Angolo di 180\u00ba<\/strong>&nbsp;e ha un indice di resa cromatica pari a +80, indicativo della qualit\u00e0 della luce erogata dalla nostra&nbsp;<strong>Lampadina LED E27 R80<\/strong>&nbsp;12W.<\/p><p>Oltre all'efficienza energetica, questo tipo di illuminazione si distingue per le sue caratteristiche di&nbsp;<strong>lunga durata<\/strong>&nbsp;stimata una durata di 25.000 ore. Questo grazie alla qualit\u00e0 dei materiali, come l'alluminio e il policarbonato utilizzati.<\/p><p>Rinfrescare l'illuminazione di qualsiasi spazio con il&nbsp;<strong>Lampada LED E27 R80<\/strong>&nbsp;<strong>12W<\/strong>&nbsp;dal nostro negozio di illuminazione online.<\/p><p>&nbsp;<\/p><h2>Utilizzi della lampadina LED 12W E27 R80 180\u00b0 - OSRAM CHIP DURIS E 2835<\/h2><ul>\n<li>Negozi di fotografia<\/li>\n<li>Cabine fotografiche<\/li>\n<li>Casa<\/li>\n<li>Gallerie di design<\/li>\n<li>Lampade da scrivania, da tavolo, a sospensione o da terra<\/li>\n<\/ul><h3 class=\"page-product-heading\">DATI TECNICI<\/h3><div class=\"col-xs-12 col-md-6\">\n<table class=\"table table-data-sheet 1\">\n<tbody>\n<tr class=\"odd\">\n<td valign=\"middle\" width=\"32\"><\/td>\n<td valign=\"middle\">RIFERIMENTO :<\/td>\n<td valign=\"middle\"><label>SL<span style=\"font-size: 16px;\">PAR75156-OSR<\/span><\/label><\/td>\n<\/tr>\n<tr class=\"even\">\n<td valign=\"middle\" width=\"32\"><\/td>\n<td valign=\"middle\">Potenza nominale :<\/td>\n<td valign=\"middle\">12w<\/td>\n<\/tr>\n<tr class=\"odd\">\n<td valign=\"middle\" width=\"32\"><\/td>\n<td valign=\"middle\">Tensione nominale:<\/td>\n<td valign=\"middle\">220-240V<\/td>\n<\/tr>\n<tr class=\"even\">\n<td valign=\"middle\" width=\"32\"><\/td>\n<td valign=\"middle\">Temperatura della luce:<\/td>\n<td valign=\"middle\">3000K - 4000K - 6000K<\/td>\n<\/tr>\n<tr class=\"odd\">\n<td valign=\"middle\" width=\"32\"><\/td>\n<td valign=\"middle\">CRI - Indice di resa cromatica:<\/td>\n<td valign=\"middle\">80<\/td>\n<\/tr>\n<tr class=\"even\">\n<td valign=\"middle\" width=\"32\"><\/td>\n<td valign=\"middle\">Materiale da costruzione:<\/td>\n<td valign=\"middle\">Alluminio +PC<\/td>\n<\/tr>\n<tr class=\"odd\">\n<td valign=\"middle\" width=\"32\"><\/td>\n<td valign=\"middle\">Luminosit\u00e0-Lm:<\/td>\n<td valign=\"middle\">500<\/td>\n<\/tr>\n<tr class=\"even\">\n<td valign=\"middle\" width=\"32\"><\/td>\n<td valign=\"middle\">Tipo di LED:<\/td>\n<td valign=\"middle\">CHIP SMD 2835 OSRAM<\/td>\n<\/tr>\n<tr class=\"odd\">\n<td valign=\"middle\" width=\"32\"><\/td>\n<td valign=\"middle\">Angolo di apertura (\u00ba):<\/td>\n<td valign=\"middle\">180\u00ba<\/td>\n<\/tr>\n<tr class=\"even\">\n<td valign=\"middle\" width=\"32\"><\/td>\n<td valign=\"middle\">Efficienza del diodo LED (Lm\/W):<\/td>\n<td valign=\"middle\">150Lm\/W<\/td>\n<\/tr>\n<tr class=\"odd\">\n<td valign=\"middle\" width=\"32\"><\/td>\n<td valign=\"middle\">Efficienza luminosa (Lm\/W):<\/td>\n<td valign=\"middle\">100 Lm\/W<\/td>\n<\/tr>\n<tr class=\"even\">\n<td valign=\"middle\" width=\"32\"><\/td>\n<td valign=\"middle\">Boccola:<\/td>\n<td valign=\"middle\">R80<\/td>\n<\/tr>\n<\/tbody>\n<\/table>\n<\/div><div class=\"col-xs-12 col-md-6 2\">\n<table class=\"table table-data-sheet 2\">\n<tbody>\n<tr class=\"odd\">\n<td valign=\"middle\" width=\"32\"><\/td>\n<td valign=\"middle\">Certificati:<\/td>\n<td valign=\"middle\">CE - ROHS<\/td>\n<\/tr>\n<tr class=\"even\">\n<td valign=\"middle\" width=\"32\"><\/td>\n<td valign=\"middle\">Grado di protezione IP:<\/td>\n<td valign=\"middle\">IP20<\/td>\n<\/tr>\n<tr class=\"odd\">\n<td valign=\"middle\" width=\"32\"><\/td>\n<td valign=\"middle\">Durata stimata del diodo LED (H):<\/td>\n<td valign=\"middle\">25.000<\/td>\n<\/tr>\n<tr class=\"even\">\n<td valign=\"middle\" width=\"32\"><\/td>\n<td valign=\"middle\">Dimensioni (mm):<\/td>\n<td valign=\"middle\">37*H110mm<\/td>\n<\/tr>\n<tr class=\"odd\">\n<td valign=\"middle\" width=\"32\"><\/td>\n<td valign=\"middle\">Frequenza di lavoro (Hz):<\/td>\n<td valign=\"middle\">50\/60Hz<\/td>\n<\/tr>\n<tr class=\"even\">\n<td valign=\"middle\" width=\"32\"><\/td>\n<td valign=\"middle\">Intervallo di temperatura (\u00baC):<\/td>\n<td valign=\"middle\">-10\u00ba + 45\u00ba -10\u00ba + 45\u00ba -10\u00ba + 45\u00ba -10\u00ba + 45\u00ba -10\u00ba + 45\u00ba<\/td>\n<\/tr>\n<tr class=\"odd\">\n<td valign=\"middle\" width=\"32\"><\/td>\n<td valign=\"middle\">Cicli di accensione:<\/td>\n<td valign=\"middle\">100.000<\/td>\n<\/tr>\n<tr class=\"even\">\n<td valign=\"middle\" width=\"32\"><\/td>\n<td valign=\"middle\">Tempo di avvio (s):<\/td>\n<td valign=\"middle\">0,2s<\/td>\n<\/tr>\n<tr class=\"odd\">\n<td valign=\"middle\" width=\"32\"><\/td>\n<td valign=\"middle\">Informazioni aggiuntive:<\/td>\n<td valign=\"middle\">No Flick<\/td>\n<\/tr>\n<tr class=\"even\">\n<td valign=\"middle\" width=\"32\"><\/td>\n<td valign=\"middle\">Classe energetica (2021-EU-2019\/2015):<\/td>\n<td valign=\"middle\">A+<\/td>\n<\/tr>\n<tr class=\"odd\">\n<td valign=\"middle\" width=\"32\"><\/td>\n<td valign=\"middle\">Anni di garanzia:<\/td>\n<td valign=\"middle\">3<\/td>\n<\/tr>\n<\/tbody>\n<\/table>\n<\/div><\/p>","protected":false},"excerpt":{"rendered":"<div class=\"col-md-12\"><i class=\"fa fa-truck\"><\/i>&nbsp;<span class=\"text-muted textprop\">Consegna in 24\/48 ore<\/span><div class=\"col-md-12\"><i class=\"fa fa-exchange\"><\/i>&nbsp;<span class=\"text-muted textprop\">Garanzia assicurata<\/span><\/div><div class=\"col-md-12\"><i class=\"fa fa-box\"><\/i>&nbsp;<span class=\"text-muted textprop\">100 unit\u00e0 per Masterbox<\/span><\/div><p><strong>TEMPERATURA DI COLORE: 3000K\/4000K\/6000K<\/strong><\/p><\/div>","protected":false},"featured_media":1801,"template":"","meta":{"site-sidebar-layout":"default","site-content-layout":"default","ast-global-header-display":"","ast-main-header-display":"","ast-hfb-above-header-display":"","ast-hfb-below-header-display":"","ast-hfb-mobile-header-display":"","site-post-title":"","ast-breadcrumbs-content":"","ast-featured-img":"","footer-sml-layout":"","theme-transparent-header-meta":"default","adv-header-id-meta":"","stick-header-meta":"","header-above-stick-meta":"","header-main-stick-meta":"","header-below-stick-meta":""},"product_cat":[15,46,23],"product_tag":[],"class_list":["post-1796","product","type-product","status-publish","has-post-thumbnail","hentry","product_cat-bombillas-led-par","product_cat-bombillas-led-e27","product_cat-bombillas-y-lamparas-led"],"_links":{"self":[{"href":"https:\/\/starlediluminacion.com\/it\/wp-json\/wp\/v3\/product\/1796","targetHints":{"allow":["GET"]}}],"collection":[{"href":"https:\/\/starlediluminacion.com\/it\/wp-json\/wp\/v3\/product"}],"about":[{"href":"https:\/\/starlediluminacion.com\/it\/wp-json\/wp\/v2\/types\/product"}],"wp:featuredmedia":[{"embeddable":true,"href":"https:\/\/starlediluminacion.com\/it\/wp-json\/wp\/v2\/media\/1801"}],"wp:attachment":[{"href":"https:\/\/starlediluminacion.com\/it\/wp-json\/wp\/v2\/media?parent=1796"}],"wp:term":[{"taxonomy":"product_cat","embeddable":true,"href":"https:\/\/starlediluminacion.com\/it\/wp-json\/wp\/v2\/product_cat?post=1796"},{"taxonomy":"product_tag","embeddable":true,"href":"https:\/\/starlediluminacion.com\/it\/wp-json\/wp\/v2\/product_tag?post=1796"}],"curies":[{"name":"wp","href":"https:\/\/api.w.org\/{rel}","templated":true}]}}