{"id":1587,"date":"2022-07-31T19:03:37","date_gmt":"2022-07-31T19:03:37","guid":{"rendered":"https:\/\/starlediluminacion.com\/?post_type=product&#038;p=1587"},"modified":"2022-08-23T15:31:55","modified_gmt":"2022-08-23T15:31:55","slug":"paneles-led","status":"publish","type":"product","link":"https:\/\/starlediluminacion.com\/it\/product\/pannelli-a-led\/","title":{"rendered":"<p>Anello rotondo regolabile per LED GU10 MR16 - \u00d885mm - Alluminio<\/p>"},"content":{"rendered":"<div class=\"pb-left-column col-xs-12 col-md-5\">\n<div class=\"hidden-xs parrafo\">\n<p><strong>RIFERIMENTO: SL90720<\/strong><\/p>\n<p><strong>Cerchio<\/strong>&nbsp;<strong>circolare - \u00d8 85 mm&nbsp;<\/strong>in alluminio con finitura&nbsp;<strong>bianco<\/strong>design elegante ed esclusivo. L'anello \u00e8 progettato per essere utilizzato con lampade dicroiche a LED.&nbsp;<strong>GU10<\/strong>&nbsp;o&nbsp;<strong>MR16<\/strong>. \u00c8 perfetto per un nuovo cantiere o per cambiare i faretti. \u00c8 stato realizzato per l'installazione in aree umide, poich\u00e9 \u00e8 resistente a qualsiasi ambiente esterno.<\/p>\n<\/div>\n<div id=\"views_block-1\" class=\"clearfix\">\n<div id=\"thumbs_list\">\n<p>&nbsp;<\/p>\n<\/div>\n<\/div>\n<div class=\"pb-right-column col-xs-12 col-md-7\">\n<div class=\"product-info-line\">\n<h1>Anello fisso per lampada dicroica circolare bianca GU10-MR16 - \u00d885mm - Alluminio<\/h1>\n<p><strong>Anello incassato&nbsp;<\/strong>colorato<strong>&nbsp;bianco<\/strong>&nbsp;per&nbsp;<strong>LED dicroico<\/strong>entrambi&nbsp;<strong>MR16<\/strong>&nbsp;come&nbsp;<strong>GU10<\/strong>\u00e8 progettato per ottenere una decorazione attraente e raffinata, grazie alla sua forma.&nbsp;<strong>circolare<\/strong>&nbsp;si possono creare atmosfere molto esclusive.<\/p>\n<p>Tutto il materiale \u00e8 in alluminio con finitura bianca, il che rende questo cerchio un prodotto molto resistente e di grande durata, il che lo rende un prodotto molto durevole.&nbsp;<strong>anello in acciaio inox<\/strong>.<\/p>\n<p>&nbsp;<\/p>\n<h2>Applicazioni dell'anello fisso per lampada dicroica circolare bianca GU10-MR16 - \u00d885mm - Alluminio<\/h2>\n<ul>\n<li>Cucina<\/li>\n<li>Bagno<\/li>\n<li>Portici<\/li>\n<li>Uffici<\/li>\n<li>Ipermercati<\/li>\n<\/ul>\n<p>\u00c8 ideale per qualsiasi evento in cui sia necessario ricreare atmosfere selezionate. Inoltre, grazie al suo materiale, \u00e8 in grado di resistere agli spazi esterni.<\/p>\n<p>In FactorLED assicuriamo che i nostri prodotti hanno garanzia di QUALIT\u00c0 e offriamo tutti gli elementi necessari per la DISTRIBUZIONE, l'IMPORTAZIONE o la VENDITA ALL'INGROSSO, compresa la scheda tecnica di ogni prodotto LED.<\/p>\n<p><strong>DATI TECNICI<\/strong><\/p>\n<\/div>\n<div class=\"col-xs-12 col-md-6\">\n<table class=\"table table-data-sheet 1\">\n<tbody>\n<tr class=\"odd\">\n<td valign=\"middle\" width=\"32\"><\/td>\n<td valign=\"middle\">RIFERIMENTO :<\/td>\n<td valign=\"middle\">SL90720<\/td>\n<\/tr>\n<tr class=\"even\">\n<td valign=\"middle\" width=\"32\"><\/td>\n<td valign=\"middle\">Materiale da costruzione:<\/td>\n<td valign=\"middle\">Alluminio<\/td>\n<\/tr>\n<tr class=\"odd\">\n<td valign=\"middle\" width=\"32\"><\/td>\n<td valign=\"middle\">Certificati:<\/td>\n<td valign=\"middle\">CE<\/td>\n<\/tr>\n<\/tbody>\n<\/table>\n<\/div>\n<div class=\"col-xs-12 col-md-6 2\">\n<table class=\"table table-data-sheet 2\">\n<tbody>\n<tr class=\"odd\">\n<td valign=\"middle\" width=\"32\"><\/td>\n<td valign=\"middle\">Grado di protezione IP:<\/td>\n<td valign=\"middle\">IP20<\/td>\n<\/tr>\n<tr class=\"even\">\n<td valign=\"middle\" width=\"32\"><\/td>\n<td valign=\"middle\">Dimensioni (mm):<\/td>\n<td valign=\"middle\">\u00d885mm x H40mm<\/td>\n<\/tr>\n<tr class=\"odd\">\n<td valign=\"middle\" width=\"32\"><\/td>\n<td valign=\"middle\">Taglio del soffitto (mm):<\/td>\n<td valign=\"middle\">\u00d8 77 mm<\/td>\n<\/tr>\n<\/tbody>\n<\/table>\n<\/div>\n<div class=\"col-md-6\">\n<div class=\"extra-right\">\n<div class=\"product-oa-features oa-features clearfix\"><\/div>\n<\/div>\n<\/div>\n<\/div><\/div>","protected":false},"excerpt":{"rendered":"<div class=\"col-md-12\">\n<div class=\"col-md-12\"><i class=\"fa fa-truck\"><\/i>&nbsp;<span class=\"text-muted textprop\">Consegna in 24\/48 ore<\/span><\/div>\n<div class=\"col-md-12\"><i class=\"fa fa-exchange\"><\/i>&nbsp;<span class=\"text-muted textprop\">15 giorni per la restituzione<\/span><\/div>\n<div class=\"col-md-12\"><i class=\"fa fa-box\"><\/i>&nbsp;<span class=\"text-muted textprop\">100 unit\u00e0 per Masterbox<\/span><\/div>\n<\/div>","protected":false},"featured_media":1589,"template":"","meta":{"site-sidebar-layout":"default","site-content-layout":"default","ast-global-header-display":"","ast-main-header-display":"","ast-hfb-above-header-display":"","ast-hfb-below-header-display":"","ast-hfb-mobile-header-display":"","site-post-title":"","ast-breadcrumbs-content":"","ast-featured-img":"","footer-sml-layout":"","theme-transparent-header-meta":"default","adv-header-id-meta":"","stick-header-meta":"","header-above-stick-meta":"","header-main-stick-meta":"","header-below-stick-meta":""},"product_cat":[62,23],"product_tag":[],"class_list":["post-1587","product","type-product","status-publish","has-post-thumbnail","hentry","product_cat-accesorios-lamparas-led","product_cat-bombillas-y-lamparas-led"],"_links":{"self":[{"href":"https:\/\/starlediluminacion.com\/it\/wp-json\/wp\/v3\/product\/1587","targetHints":{"allow":["GET"]}}],"collection":[{"href":"https:\/\/starlediluminacion.com\/it\/wp-json\/wp\/v3\/product"}],"about":[{"href":"https:\/\/starlediluminacion.com\/it\/wp-json\/wp\/v2\/types\/product"}],"wp:featuredmedia":[{"embeddable":true,"href":"https:\/\/starlediluminacion.com\/it\/wp-json\/wp\/v2\/media\/1589"}],"wp:attachment":[{"href":"https:\/\/starlediluminacion.com\/it\/wp-json\/wp\/v2\/media?parent=1587"}],"wp:term":[{"taxonomy":"product_cat","embeddable":true,"href":"https:\/\/starlediluminacion.com\/it\/wp-json\/wp\/v2\/product_cat?post=1587"},{"taxonomy":"product_tag","embeddable":true,"href":"https:\/\/starlediluminacion.com\/it\/wp-json\/wp\/v2\/product_tag?post=1587"}],"curies":[{"name":"wp","href":"https:\/\/api.w.org\/{rel}","templated":true}]}}