{"id":15865,"date":"2025-06-01T09:07:59","date_gmt":"2025-06-01T09:07:59","guid":{"rendered":"https:\/\/starlediluminacion.com\/?post_type=product&#038;p=15865"},"modified":"2025-08-24T16:38:43","modified_gmt":"2025-08-24T16:38:43","slug":"empotrable-led-6w-9w-12w-luxury-bridgelux-chip-ugr11-3cct-cri-92","status":"publish","type":"product","link":"https:\/\/starlediluminacion.com\/it\/product\/empotrable-led-6w-9w-12w-luxury-bridgelux-chip-ugr11-3cct-cri-92\/","title":{"rendered":"<p>LED da incasso 6W - 9W - 12W - LUXURY - Chip Bridgelux - UGR11 - 3CCT - CRI +92<\/p>"},"content":{"rendered":"<h1>LED Downlight 6W - 9W - 12W Luxury White - Chip Bridgelux - UGR11 - 3CCT - CRI +92<p>Scoprire il&nbsp;<strong>eccellenza illuminotecnica<\/strong>&nbsp;con il&nbsp;<strong>Downlight LED Luxury White<\/strong>una soluzione versatile ed efficiente progettata per fornire&nbsp;<strong>massime prestazioni e comfort visivo<\/strong>&nbsp;in qualsiasi spazio. Grazie alla tecnologia avanzata e alle caratteristiche di alto livello, questo downlight si adatta a diverse applicazioni, fornendo un'illuminazione di qualit\u00e0 superiore.<\/p><p>Il&nbsp;<strong>Downlight LED Luxury White<\/strong>&nbsp;\u00e8 progettato per&nbsp;<strong>adattarsi alle esigenze di ogni spazio<\/strong>. La vostra scelta di&nbsp;<strong>potenza regolabile<\/strong>&nbsp;ottimizza il consumo energetico senza sacrificare la luminosit\u00e0. Inoltre, il&nbsp;<strong>Tecnologia 3CCT<\/strong>&nbsp;facilita la selezione della temperatura di colore pi\u00f9 adatta a ciascun ambiente.<\/p><p>Inoltre, il&nbsp;<strong>anello anteriore intercambiabile<\/strong>&nbsp;permette di adattare il design del faretto a diversi stili decorativi. Per impostazione predefinita, l'anello bianco \u00e8 incluso, ma selezionando l'opzione&nbsp;<strong>Anteriore Nero<\/strong>Inoltre, un anello nero di&nbsp;<strong>Installazione semplice<\/strong>&nbsp;per un'ulteriore personalizzazione.<\/p><p>Con un&nbsp;<strong>diametro di taglio 75 mm<\/strong>Questo downlight si adatta facilmente alla maggior parte delle installazioni a incasso. Il suo sistema di fissaggio consente un facile montaggio.&nbsp;<strong>veloce, sicuro e senza complicazioni<\/strong>Il supporto a soffitto assicura un fissaggio sicuro al soffitto.<\/p><h2><strong>Caratteristiche del&nbsp;<\/strong>Incasso LED LUXURY 12W con luce selezionabile 3CCT e chip Bridgelux<\/h2><ul>\n<li><strong>Potenza selezionabile<\/strong>6W - 9W - 12W, che consentono di regolare l'intensit\u00e0 in base alle esigenze dell'ambiente.<\/li>\n<li><strong>Chip Bridgelux 130Lm\/W<\/strong>Il nuovo sistema di illuminazione garantisce un'illuminazione potente con un'elevata efficienza energetica.<\/li>\n<li><strong>3CCT (3000K - 4000K - 5700K)<\/strong>&nbsp;di scegliere tra luce calda, neutra o fredda, a seconda dell'atmosfera desiderata.<\/li>\n<li><strong>Angolo di apertura di 24\u00b0<\/strong>ideale per l'illuminazione mirata di aree specifiche.<\/li>\n<li><strong>Bassa emissione di abbagliamento (UGR11)<\/strong>&nbsp;per un maggiore comfort visivo e un minore affaticamento degli occhi.<\/li>\n<li><strong>Alta resa cromatica (CRI+92)<\/strong>&nbsp;per ottenere colori vivaci e realistici.<\/li>\n<li><strong>Realizzato in alluminio di alta qualit\u00e0<\/strong>garantendo resistenza e durata.<\/li>\n<li><strong>Anello anteriore intercambiabile:<\/strong><\/li>\n<\/ul><p>- Include di serie il&nbsp;<strong>anello bianco<\/strong>.<br>\n- Possibilit\u00e0 di ricevere un&nbsp;<strong>anello nero aggiuntivo<\/strong>&nbsp;selezionando l'opzione&nbsp;<strong>Anteriore Nero<\/strong>.<br>\n- Sostituzione facile e veloce senza attrezzi.<\/p><p><strong>Diametro di taglio 75 mm<\/strong>compatibile con le installazioni standard.<br>\n<strong>Design moderno ed elegante<\/strong>Si integra perfettamente in qualsiasi spazio.<\/p><p>Inoltre, il design ottimizzato e l'alluminio di alta qualit\u00e0 rendono pi\u00f9 facile la&nbsp;<strong>dissipazione del calore<\/strong>I LED hanno una lunga durata, prolungando la vita utile del LED e mantenendo prestazioni stabili nel tempo.<\/p><h3><strong>Applicazioni consigliate di Spotlight&nbsp;<\/strong>LED da incasso LUXURY 12W con luce selezionabile e chip Bridgelux<\/h3><p>Grazie al suo design elegante e all'illuminazione di qualit\u00e0 professionale, il&nbsp;<strong>Downlight LED Luxury White<\/strong>&nbsp;\u00e8 perfetto per:<\/p><p>?&nbsp;<strong>Famiglie<\/strong>&nbsp;? Soggiorni, cucine, corridoi, camere da letto e bagni.<br>\n?&nbsp;<strong>Negozi e botteghe<\/strong>&nbsp;? Illuminazione di vetrine, vetrinette e spazi espositivi.<br>\n?&nbsp;<strong>Uffici e spazi di lavoro<\/strong>&nbsp;? Illuminazione efficiente e confortevole per le lunghe giornate.<br>\n?&nbsp;<strong>Hotel e ristoranti<\/strong>&nbsp;? Creazione di atmosfere accoglienti e sofisticate.<br>\n?&nbsp;<strong>Ospedali e cliniche<\/strong>&nbsp;? Luce precisa e non abbagliante per gli spazi sanitari.<\/p><p><strong>Contenuto della confezione<\/strong><\/p><p>1 downlight LED bianco di lusso con anello bianco.<br>\n? Possibilit\u00e0 di ricevere un anello nero aggiuntivo selezionando \"Front Black\".<\/p><p>? Manuale di installazione per un montaggio rapido e sicuro.<\/p><h3 class=\"h6\">Scheda tecnica del prodotto<\/h3><dl class=\"data-sheet\">\n<dt class=\"name\"><img loading=\"lazy\" decoding=\"async\" src=\"https:\/\/www.factorled.com\/modules\/oa_features\/img\/2-default.jpg\" width=\"32\" height=\"32\">&nbsp;RIFERIMENTO<\/dt>\n<dd class=\"value\">SP12W-CCT<\/dd>\n<dt class=\"name\"><img loading=\"lazy\" decoding=\"async\" src=\"https:\/\/www.factorled.com\/modules\/oa_features\/img\/3-default.jpg\" width=\"32\" height=\"32\">&nbsp;Potenza nominale<\/dt>\n<dd class=\"value\">12w<\/dd>\n<dt class=\"name\"><img loading=\"lazy\" decoding=\"async\" src=\"https:\/\/www.factorled.com\/modules\/oa_features\/img\/4-default.jpg\" width=\"32\" height=\"32\">&nbsp;Tensione nominale<\/dt>\n<dd class=\"value\">85V-265V<\/dd>\n<dt class=\"name\"><img loading=\"lazy\" decoding=\"async\" src=\"https:\/\/www.factorled.com\/modules\/oa_features\/img\/5-default.jpg\" width=\"32\" height=\"32\">&nbsp;Temperatura della luce<\/dt>\n<dd class=\"value\">3CCT SELEZIONARE 3000K-4000K-5700K<\/dd>\n<dt class=\"name\"><img loading=\"lazy\" decoding=\"async\" src=\"https:\/\/www.factorled.com\/modules\/oa_features\/img\/6-default.jpg\" width=\"32\" height=\"32\">&nbsp;CRI - Indice di riproduzione cromatica<\/dt>\n<dd class=\"value\">92<\/dd>\n<dt class=\"name\"><img loading=\"lazy\" decoding=\"async\" src=\"https:\/\/www.factorled.com\/modules\/oa_features\/img\/25-default.jpg\" width=\"32\" height=\"32\">&nbsp;Materiale da costruzione<\/dt>\n<dd class=\"value\">Alluminio<\/dd>\n<dt class=\"name\"><img loading=\"lazy\" decoding=\"async\" src=\"https:\/\/www.factorled.com\/modules\/oa_features\/img\/8-default.jpg\" width=\"32\" height=\"32\">&nbsp;Luminosit\u00e0-Lm<\/dt>\n<dd class=\"value\">1320 Lm<\/dd>\n<dt class=\"name\"><img loading=\"lazy\" decoding=\"async\" src=\"https:\/\/www.factorled.com\/modules\/oa_features\/img\/9-default.jpg\" width=\"32\" height=\"32\">&nbsp;Tipo di LED<\/dt>\n<dd class=\"value\">Chip Bridgelux all'interno del 2235DS-C30<\/dd>\n<dt class=\"name\"><img loading=\"lazy\" decoding=\"async\" src=\"https:\/\/www.factorled.com\/modules\/oa_features\/img\/10-default.jpg\" width=\"32\" height=\"32\">&nbsp;Angolo di apertura (\u00ba)<\/dt>\n<dd class=\"value\">24\u00ba<\/dd>\n<dt class=\"name\"><img loading=\"lazy\" decoding=\"async\" src=\"https:\/\/www.factorled.com\/modules\/oa_features\/img\/12-default.jpg\" width=\"32\" height=\"32\">&nbsp;Efficienza del diodo LED (Lm\/W)<\/dt>\n<dd class=\"value\">130Lm\/W<\/dd>\n<dt class=\"name\"><img loading=\"lazy\" decoding=\"async\" src=\"https:\/\/www.factorled.com\/modules\/oa_features\/img\/13-default.jpg\" width=\"32\" height=\"32\">&nbsp;Efficienza luminosa (Lm\/W)<\/dt>\n<dd class=\"value\">110 Lm\/W<\/dd>\n<dt class=\"name\"><img loading=\"lazy\" decoding=\"async\" src=\"https:\/\/www.factorled.com\/modules\/oa_features\/img\/15-default.jpg\" width=\"32\" height=\"32\">&nbsp;Certificati<\/dt>\n<dd class=\"value\">CE, CMIM, RoHS<\/dd>\n<dt class=\"name\"><img loading=\"lazy\" decoding=\"async\" src=\"https:\/\/www.factorled.com\/modules\/oa_features\/img\/16-default.jpg\" width=\"32\" height=\"32\">&nbsp;Grado di protezione IP<\/dt>\n<dd class=\"value\">IP20<\/dd>\n<dt class=\"name\"><img loading=\"lazy\" decoding=\"async\" src=\"https:\/\/www.factorled.com\/modules\/oa_features\/img\/17-default.jpg\" width=\"32\" height=\"32\">&nbsp;Vita stimata Diodo LED (H)<\/dt>\n<dd class=\"value\">20.000<\/dd>\n<dt class=\"name\"><img loading=\"lazy\" decoding=\"async\" src=\"https:\/\/www.factorled.com\/modules\/oa_features\/img\/18-default.jpg\" width=\"32\" height=\"32\">&nbsp;Dimensioni (mm)<\/dt>\n<dd class=\"value\">\u00d885xH52mm<\/dd>\n<dt class=\"name\"><img loading=\"lazy\" decoding=\"async\" src=\"https:\/\/www.factorled.com\/modules\/oa_features\/img\/21-default.jpg\" width=\"32\" height=\"32\">&nbsp;Frequenza di lavoro (Hz)<\/dt>\n<dd class=\"value\">50\/60Hz<\/dd>\n<dt class=\"name\"><img loading=\"lazy\" decoding=\"async\" src=\"https:\/\/www.factorled.com\/modules\/oa_features\/img\/22-default.jpg\" width=\"32\" height=\"32\">&nbsp;Intervallo di temperatura (\u00baC)<\/dt>\n<dd class=\"value\">-20\u00b0C ~ +55\u00b0C<\/dd>\n<dt class=\"name\"><img loading=\"lazy\" decoding=\"async\" src=\"https:\/\/www.factorled.com\/modules\/oa_features\/img\/23-default.jpg\" width=\"32\" height=\"32\">&nbsp;Cicli di accensione<\/dt>\n<dd class=\"value\">100.000<\/dd>\n<dt class=\"name\"><img loading=\"lazy\" decoding=\"async\" src=\"https:\/\/www.factorled.com\/modules\/oa_features\/img\/24-default.jpg\" width=\"32\" height=\"32\">&nbsp;Tempo di avvio (s)<\/dt>\n<dd class=\"value\">0,2s<\/dd>\n<dt class=\"name\"><img loading=\"lazy\" decoding=\"async\" src=\"https:\/\/www.factorled.com\/modules\/oa_features\/img\/27-default.jpg\" width=\"32\" height=\"32\">&nbsp;Taglio del soffitto (mm)<\/dt>\n<dd class=\"value\">\u00d8 75 mm<\/dd>\n<dt class=\"name\"><img loading=\"lazy\" decoding=\"async\" src=\"https:\/\/www.factorled.com\/modules\/oa_features\/img\/72-default.jpg\" width=\"32\" height=\"32\">&nbsp;Indice di abbagliamento (UGR)<\/dt>\n<dd class=\"value\">11<\/dd>\n<dt class=\"name\"><img loading=\"lazy\" decoding=\"async\" src=\"https:\/\/www.factorled.com\/modules\/oa_features\/img\/74-default.jpg\" width=\"32\" height=\"32\">&nbsp;Driver incluso<\/dt>\n<dd class=\"value\">S\u00cc<\/dd>\n<dt class=\"name\"><img loading=\"lazy\" decoding=\"async\" src=\"https:\/\/www.factorled.com\/modules\/oa_features\/img\/7-default.jpg\" width=\"32\" height=\"32\">&nbsp;Classe energetica (2021-EU-2019\/2015)<\/dt>\n<dd class=\"value\">A+<\/dd>\n<dt class=\"name\"><img loading=\"lazy\" decoding=\"async\" src=\"https:\/\/www.factorled.com\/modules\/oa_features\/img\/101-default.jpg\" width=\"32\" height=\"32\">&nbsp;Classe energetica (2023 - UE-2019\/2015)<\/dt>\n<dd class=\"value\">F<\/dd>\n<dt class=\"name\"><img loading=\"lazy\" decoding=\"async\" src=\"https:\/\/www.factorled.com\/modules\/oa_features\/img\/75-default.jpg\" width=\"32\" height=\"32\">&nbsp;Anni di garanzia<\/dt>\n<dd class=\"value\">3<\/dd>\n<dt class=\"name\"><img loading=\"lazy\" decoding=\"async\" src=\"https:\/\/www.factorled.com\/modules\/oa_features\/img\/133-default.jpg\" width=\"32\" height=\"32\">&nbsp;Unit\u00e0 per masterbox<\/dt>\n<dd class=\"value\">20<\/dd>\n<\/dl><\/h1>","protected":false},"excerpt":{"rendered":"<div class=\"product-reference\"><strong><label class=\"label\">Riferimento:<\/label> SLSP12W-CCT-91360<\/strong>\n<div><\/div>\n<div class=\"product-description-short\">\n<div id=\"product-description-short-3863\">\n<p><strong>Downlight LED Luxury White<\/strong>&nbsp;offerte&nbsp;<strong>potenza selezionabile di 6W, 9W e 12W<\/strong>con&nbsp;<strong>Chip Bridgelux da 130Lm\/W<\/strong>&nbsp;per un'efficienza eccezionale. La sua tecnologia&nbsp;<strong>3CCT (3000K - 4000K - 5700K)<\/strong>&nbsp;permette di regolare la temperatura del colore in base all'ambiente desiderato. Con UGR11 per ridurre al minimo l'abbagliamento e CRI+92 per una resa cromatica impeccabile, garantisce un'illuminazione precisa e confortevole.<\/p>\n<p>L'angolo di apertura di 24\u00b0 dirige la luce con precisione, mentre il suo&nbsp;<strong>Anello anteriore Selezionabile (nero o bianco)<\/strong>&nbsp;La scelta ideale per spazi eleganti e funzionali!<\/p>\n<\/div>\n<\/div><\/div>","protected":false},"featured_media":15878,"template":"","meta":{"site-sidebar-layout":"default","site-content-layout":"default","ast-global-header-display":"","ast-main-header-display":"","ast-hfb-above-header-display":"","ast-hfb-below-header-display":"","ast-hfb-mobile-header-display":"","site-post-title":"","ast-breadcrumbs-content":"","ast-featured-img":"","footer-sml-layout":"","theme-transparent-header-meta":"default","adv-header-id-meta":"","stick-header-meta":"","header-above-stick-meta":"","header-main-stick-meta":"","header-below-stick-meta":""},"product_cat":[27,70],"product_tag":[],"class_list":["post-15865","product","type-product","status-publish","has-post-thumbnail","hentry","product_cat-downlight-plafones-y-placas-led","product_cat-focos-downlight-led"],"yoast_head":"<!-- This site is optimized with the Yoast SEO plugin v27.4 - https:\/\/yoast.com\/product\/yoast-seo-wordpress\/ -->\n<title>Empotrable LED 6W - 9W - 12W - LUXURY - Bridgelux Chip - UGR11 - 3CCT - CRI +92 - STARLED Iluminacion<\/title>\n<meta name=\"robots\" content=\"index, follow, max-snippet:-1, max-image-preview:large, max-video-preview:-1\" \/>\n<link rel=\"canonical\" href=\"https:\/\/starlediluminacion.com\/it\/product\/empotrable-led-6w-9w-12w-luxury-bridgelux-chip-ugr11-3cct-cri-92\/\" \/>\n<meta property=\"og:locale\" content=\"it_IT\" \/>\n<meta property=\"og:type\" content=\"article\" \/>\n<meta property=\"og:title\" content=\"Empotrable LED 6W - 9W - 12W - LUXURY - Bridgelux Chip - UGR11 - 3CCT - CRI +92 - STARLED Iluminacion\" \/>\n<meta property=\"og:description\" content=\"Referencia: SLSP12W-CCT-91360      Downlight LED Luxury Blanco\u00a0ofrece\u00a0potencia seleccionable de 6W, 9W y 12W, con\u00a0Chip Bridgelux de 130Lm\/W\u00a0para una eficiencia excepcional. Su tecnolog\u00eda\u00a03CCT (3000K - 4000K - 5700K)\u00a0permite ajustar la temperatura de color seg\u00fan el ambiente deseado. Con UGR11 para minimizar el deslumbramiento y CRI+92 para una reproducci\u00f3n crom\u00e1tica impecable, garantiza una iluminaci\u00f3n precisa y c\u00f3moda.  Su \u00e1ngulo de apertura de 24\u00ba dirige la luz con precisi\u00f3n, mientras que su\u00a0anillo frontal Seleccionable\u00a0(blanco o negro)\u00a0se adapta a cualquier estilo decorativo. \u00a1La opci\u00f3n ideal para espacios elegantes y funcionales!\" \/>\n<meta property=\"og:url\" content=\"https:\/\/starlediluminacion.com\/it\/product\/empotrable-led-6w-9w-12w-luxury-bridgelux-chip-ugr11-3cct-cri-92\/\" \/>\n<meta property=\"og:site_name\" content=\"STARLED Iluminacion\" \/>\n<meta property=\"article:modified_time\" content=\"2025-08-24T16:38:43+00:00\" \/>\n<meta property=\"og:image\" content=\"https:\/\/starlediluminacion.com\/wp-content\/uploads\/2025\/06\/empotrable-led-6w-9w-12w-luxury-bridgelux-chip-ugr11-3cct-cri-92-1.jpg\" \/>\n\t<meta property=\"og:image:width\" content=\"744\" \/>\n\t<meta property=\"og:image:height\" content=\"800\" \/>\n\t<meta property=\"og:image:type\" content=\"image\/jpeg\" \/>\n<meta name=\"twitter:card\" content=\"summary_large_image\" \/>\n<meta name=\"twitter:label1\" content=\"Tempo di lettura stimato\" \/>\n\t<meta name=\"twitter:data1\" content=\"3 minuti\" \/>\n<script type=\"application\/ld+json\" class=\"yoast-schema-graph\">{\"@context\":\"https:\\\/\\\/schema.org\",\"@graph\":[{\"@type\":\"WebPage\",\"@id\":\"https:\\\/\\\/starlediluminacion.com\\\/en\\\/product\\\/empotrable-led-6w-9w-12w-luxury-bridgelux-chip-ugr11-3cct-cri-92\\\/\",\"url\":\"https:\\\/\\\/starlediluminacion.com\\\/en\\\/product\\\/empotrable-led-6w-9w-12w-luxury-bridgelux-chip-ugr11-3cct-cri-92\\\/\",\"name\":\"Empotrable LED 6W - 9W - 12W - LUXURY - Bridgelux Chip - UGR11 - 3CCT - CRI +92 - STARLED Iluminacion\",\"isPartOf\":{\"@id\":\"https:\\\/\\\/starlediluminacion.com\\\/#website\"},\"primaryImageOfPage\":{\"@id\":\"https:\\\/\\\/starlediluminacion.com\\\/en\\\/product\\\/empotrable-led-6w-9w-12w-luxury-bridgelux-chip-ugr11-3cct-cri-92\\\/#primaryimage\"},\"image\":{\"@id\":\"https:\\\/\\\/starlediluminacion.com\\\/en\\\/product\\\/empotrable-led-6w-9w-12w-luxury-bridgelux-chip-ugr11-3cct-cri-92\\\/#primaryimage\"},\"thumbnailUrl\":\"https:\\\/\\\/starlediluminacion.com\\\/wp-content\\\/uploads\\\/2025\\\/06\\\/empotrable-led-6w-9w-12w-luxury-bridgelux-chip-ugr11-3cct-cri-92-1.jpg\",\"datePublished\":\"2025-06-01T09:07:59+00:00\",\"dateModified\":\"2025-08-24T16:38:43+00:00\",\"breadcrumb\":{\"@id\":\"https:\\\/\\\/starlediluminacion.com\\\/en\\\/product\\\/empotrable-led-6w-9w-12w-luxury-bridgelux-chip-ugr11-3cct-cri-92\\\/#breadcrumb\"},\"inLanguage\":\"it-IT\",\"potentialAction\":[{\"@type\":\"ReadAction\",\"target\":[\"https:\\\/\\\/starlediluminacion.com\\\/en\\\/product\\\/empotrable-led-6w-9w-12w-luxury-bridgelux-chip-ugr11-3cct-cri-92\\\/\"]}]},{\"@type\":\"ImageObject\",\"inLanguage\":\"it-IT\",\"@id\":\"https:\\\/\\\/starlediluminacion.com\\\/en\\\/product\\\/empotrable-led-6w-9w-12w-luxury-bridgelux-chip-ugr11-3cct-cri-92\\\/#primaryimage\",\"url\":\"https:\\\/\\\/starlediluminacion.com\\\/wp-content\\\/uploads\\\/2025\\\/06\\\/empotrable-led-6w-9w-12w-luxury-bridgelux-chip-ugr11-3cct-cri-92-1.jpg\",\"contentUrl\":\"https:\\\/\\\/starlediluminacion.com\\\/wp-content\\\/uploads\\\/2025\\\/06\\\/empotrable-led-6w-9w-12w-luxury-bridgelux-chip-ugr11-3cct-cri-92-1.jpg\",\"width\":744,\"height\":800},{\"@type\":\"BreadcrumbList\",\"@id\":\"https:\\\/\\\/starlediluminacion.com\\\/en\\\/product\\\/empotrable-led-6w-9w-12w-luxury-bridgelux-chip-ugr11-3cct-cri-92\\\/#breadcrumb\",\"itemListElement\":[{\"@type\":\"ListItem\",\"position\":1,\"name\":\"Portada\",\"item\":\"https:\\\/\\\/starlediluminacion.com\\\/\"},{\"@type\":\"ListItem\",\"position\":2,\"name\":\"Shop\",\"item\":\"https:\\\/\\\/starlediluminacion.com\\\/shop-2\\\/\"},{\"@type\":\"ListItem\",\"position\":3,\"name\":\"Empotrable LED 6W &#8211; 9W &#8211; 12W &#8211; LUXURY &#8211; Bridgelux Chip &#8211; UGR11 &#8211; 3CCT &#8211; CRI +92\"}]},{\"@type\":\"WebSite\",\"@id\":\"https:\\\/\\\/starlediluminacion.com\\\/#website\",\"url\":\"https:\\\/\\\/starlediluminacion.com\\\/\",\"name\":\"STARLED Iluminacion\",\"description\":\"\",\"potentialAction\":[{\"@type\":\"SearchAction\",\"target\":{\"@type\":\"EntryPoint\",\"urlTemplate\":\"https:\\\/\\\/starlediluminacion.com\\\/?s={search_term_string}\"},\"query-input\":{\"@type\":\"PropertyValueSpecification\",\"valueRequired\":true,\"valueName\":\"search_term_string\"}}],\"inLanguage\":\"it-IT\"}]}<\/script>\n<!-- \/ Yoast SEO plugin. -->","yoast_head_json":{"title":"Empotrable LED 6W - 9W - 12W - LUXURY - Bridgelux Chip - UGR11 - 3CCT - CRI +92 - STARLED Iluminacion","robots":{"index":"index","follow":"follow","max-snippet":"max-snippet:-1","max-image-preview":"max-image-preview:large","max-video-preview":"max-video-preview:-1"},"canonical":"https:\/\/starlediluminacion.com\/it\/product\/empotrable-led-6w-9w-12w-luxury-bridgelux-chip-ugr11-3cct-cri-92\/","og_locale":"it_IT","og_type":"article","og_title":"Empotrable LED 6W - 9W - 12W - LUXURY - Bridgelux Chip - UGR11 - 3CCT - CRI +92 - STARLED Iluminacion","og_description":"Referencia: SLSP12W-CCT-91360      Downlight LED Luxury Blanco\u00a0ofrece\u00a0potencia seleccionable de 6W, 9W y 12W, con\u00a0Chip Bridgelux de 130Lm\/W\u00a0para una eficiencia excepcional. Su tecnolog\u00eda\u00a03CCT (3000K - 4000K - 5700K)\u00a0permite ajustar la temperatura de color seg\u00fan el ambiente deseado. Con UGR11 para minimizar el deslumbramiento y CRI+92 para una reproducci\u00f3n crom\u00e1tica impecable, garantiza una iluminaci\u00f3n precisa y c\u00f3moda.  Su \u00e1ngulo de apertura de 24\u00ba dirige la luz con precisi\u00f3n, mientras que su\u00a0anillo frontal Seleccionable\u00a0(blanco o negro)\u00a0se adapta a cualquier estilo decorativo. \u00a1La opci\u00f3n ideal para espacios elegantes y funcionales!","og_url":"https:\/\/starlediluminacion.com\/it\/product\/empotrable-led-6w-9w-12w-luxury-bridgelux-chip-ugr11-3cct-cri-92\/","og_site_name":"STARLED Iluminacion","article_modified_time":"2025-08-24T16:38:43+00:00","og_image":[{"width":744,"height":800,"url":"https:\/\/starlediluminacion.com\/wp-content\/uploads\/2025\/06\/empotrable-led-6w-9w-12w-luxury-bridgelux-chip-ugr11-3cct-cri-92-1.jpg","type":"image\/jpeg"}],"twitter_card":"summary_large_image","twitter_misc":{"Tempo di lettura stimato":"3 minuti"},"schema":{"@context":"https:\/\/schema.org","@graph":[{"@type":"WebPage","@id":"https:\/\/starlediluminacion.com\/en\/product\/empotrable-led-6w-9w-12w-luxury-bridgelux-chip-ugr11-3cct-cri-92\/","url":"https:\/\/starlediluminacion.com\/en\/product\/empotrable-led-6w-9w-12w-luxury-bridgelux-chip-ugr11-3cct-cri-92\/","name":"Empotrable LED 6W - 9W - 12W - LUXURY - Bridgelux Chip - UGR11 - 3CCT - CRI +92 - STARLED Iluminacion","isPartOf":{"@id":"https:\/\/starlediluminacion.com\/#website"},"primaryImageOfPage":{"@id":"https:\/\/starlediluminacion.com\/en\/product\/empotrable-led-6w-9w-12w-luxury-bridgelux-chip-ugr11-3cct-cri-92\/#primaryimage"},"image":{"@id":"https:\/\/starlediluminacion.com\/en\/product\/empotrable-led-6w-9w-12w-luxury-bridgelux-chip-ugr11-3cct-cri-92\/#primaryimage"},"thumbnailUrl":"https:\/\/starlediluminacion.com\/wp-content\/uploads\/2025\/06\/empotrable-led-6w-9w-12w-luxury-bridgelux-chip-ugr11-3cct-cri-92-1.jpg","datePublished":"2025-06-01T09:07:59+00:00","dateModified":"2025-08-24T16:38:43+00:00","breadcrumb":{"@id":"https:\/\/starlediluminacion.com\/en\/product\/empotrable-led-6w-9w-12w-luxury-bridgelux-chip-ugr11-3cct-cri-92\/#breadcrumb"},"inLanguage":"it-IT","potentialAction":[{"@type":"ReadAction","target":["https:\/\/starlediluminacion.com\/en\/product\/empotrable-led-6w-9w-12w-luxury-bridgelux-chip-ugr11-3cct-cri-92\/"]}]},{"@type":"ImageObject","inLanguage":"it-IT","@id":"https:\/\/starlediluminacion.com\/en\/product\/empotrable-led-6w-9w-12w-luxury-bridgelux-chip-ugr11-3cct-cri-92\/#primaryimage","url":"https:\/\/starlediluminacion.com\/wp-content\/uploads\/2025\/06\/empotrable-led-6w-9w-12w-luxury-bridgelux-chip-ugr11-3cct-cri-92-1.jpg","contentUrl":"https:\/\/starlediluminacion.com\/wp-content\/uploads\/2025\/06\/empotrable-led-6w-9w-12w-luxury-bridgelux-chip-ugr11-3cct-cri-92-1.jpg","width":744,"height":800},{"@type":"BreadcrumbList","@id":"https:\/\/starlediluminacion.com\/en\/product\/empotrable-led-6w-9w-12w-luxury-bridgelux-chip-ugr11-3cct-cri-92\/#breadcrumb","itemListElement":[{"@type":"ListItem","position":1,"name":"Portada","item":"https:\/\/starlediluminacion.com\/"},{"@type":"ListItem","position":2,"name":"Shop","item":"https:\/\/starlediluminacion.com\/shop-2\/"},{"@type":"ListItem","position":3,"name":"Empotrable LED 6W &#8211; 9W &#8211; 12W &#8211; LUXURY &#8211; Bridgelux Chip &#8211; UGR11 &#8211; 3CCT &#8211; CRI +92"}]},{"@type":"WebSite","@id":"https:\/\/starlediluminacion.com\/#website","url":"https:\/\/starlediluminacion.com\/","name":"STARLED Iluminacion","description":"","potentialAction":[{"@type":"SearchAction","target":{"@type":"EntryPoint","urlTemplate":"https:\/\/starlediluminacion.com\/?s={search_term_string}"},"query-input":{"@type":"PropertyValueSpecification","valueRequired":true,"valueName":"search_term_string"}}],"inLanguage":"it-IT"}]}},"_links":{"self":[{"href":"https:\/\/starlediluminacion.com\/it\/wp-json\/wp\/v3\/product\/15865","targetHints":{"allow":["GET"]}}],"collection":[{"href":"https:\/\/starlediluminacion.com\/it\/wp-json\/wp\/v3\/product"}],"about":[{"href":"https:\/\/starlediluminacion.com\/it\/wp-json\/wp\/v2\/types\/product"}],"wp:featuredmedia":[{"embeddable":true,"href":"https:\/\/starlediluminacion.com\/it\/wp-json\/wp\/v2\/media\/15878"}],"wp:attachment":[{"href":"https:\/\/starlediluminacion.com\/it\/wp-json\/wp\/v2\/media?parent=15865"}],"wp:term":[{"taxonomy":"product_cat","embeddable":true,"href":"https:\/\/starlediluminacion.com\/it\/wp-json\/wp\/v2\/product_cat?post=15865"},{"taxonomy":"product_tag","embeddable":true,"href":"https:\/\/starlediluminacion.com\/it\/wp-json\/wp\/v2\/product_tag?post=15865"}],"curies":[{"name":"wp","href":"https:\/\/api.w.org\/{rel}","templated":true}]}}