{"id":15804,"date":"2025-06-01T08:46:46","date_gmt":"2025-06-01T08:46:46","guid":{"rendered":"https:\/\/starlediluminacion.com\/?post_type=product&#038;p=15804"},"modified":"2025-08-24T16:39:19","modified_gmt":"2025-08-24T16:39:19","slug":"empotrable-led-6w-9w-12w-omnia-bridgelux-chip-ugr11-3cct-cri-92-front-intercambiable","status":"publish","type":"product","link":"https:\/\/starlediluminacion.com\/it\/product\/recessed-led-6w-9w-12w-12w-omnia-bridgelux-chip-ugr11-3cct-cri-92-front-interchangeable-2\/","title":{"rendered":"<p>LED da incasso 6W - 9W - 12W - OMNIA - Chip Bridgelux - UGR11 - 3CCT - CRI +92 - intercambiabili frontalmente<\/p>"},"content":{"rendered":"<h1>LED da incasso 6W - 9W - 12W - OMNIA - Chip Bridgelux - UGR11 - 3CCT - CRI +92 - intercambiabili frontalmente<p>&nbsp;<\/p><p>Il&nbsp;<strong>Omnia LED Downlight&nbsp;<\/strong>\u00e8 una soluzione illuminotecnica innovativa ed efficiente, progettata per fornire&nbsp;<strong>versatilit\u00e0, prestazioni ed eleganza<\/strong>&nbsp;in qualsiasi tipo di spazio. Il suo design moderno e funzionale lo rende la scelta ideale per applicazioni residenziali, commerciali e uffici, fornendo un'illuminazione di alta qualit\u00e0 con un consumo energetico ridotto.<\/p><p>Questo faretto \u00e8 dotato di un&nbsp;<strong>potenza selezionabile di 6W, 9W e 12W<\/strong>Consente di regolare il livello di illuminazione in base alle esigenze specifiche dello spazio. Incorpora un&nbsp;<strong>130 Lm\/W Chip Bridgelux<\/strong>che garantisce un'eccezionale efficienza luminosa, ottenendo un'illuminazione intensa e uniforme con un basso consumo energetico. Grazie a questa tecnologia, offre prestazioni equivalenti a quelle di apparecchi tradizionali di potenza superiore, che si traducono in&nbsp;<strong>significativi risparmi sulla bolletta elettrica e minori emissioni di calore<\/strong>.<\/p><p>Per un perfetto adattamento ai diversi ambienti, il&nbsp;<strong>Omnia LED Downlight&nbsp;<\/strong>integra la tecnologia&nbsp;<strong>3CCT<\/strong>Ci\u00f2 consente di scegliere tra tre temperature di colore.<\/p><p>Uno dei punti salienti del&nbsp;<strong>Faretto a LED&nbsp;<\/strong><strong>Omnia&nbsp;<\/strong>\u00e8 la sua capacit\u00e0 di offrire&nbsp;<strong>illuminazione confortevole e non abbagliante<\/strong>. Grazie alla sua&nbsp;<strong>basso indice di abbagliamento (UGR &lt; 11)<\/strong>Questo apparecchio riduce l'affaticamento visivo e migliora l'esperienza di illuminazione, rendendolo ideale per gli spazi in cui la concentrazione e il comfort visivo sono essenziali.<\/p><p>Inoltre, il suo&nbsp;<strong>elevato indice di resa cromatica (CRI &gt; 92)<\/strong>&nbsp;garantisce una resa cromatica accurata e naturale, rendendolo una scelta eccellente per negozi, gallerie d'arte, uffici e qualsiasi ambiente in cui la fedelt\u00e0 cromatica \u00e8 fondamentale.<\/p><h3><strong>Design elegante e personalizzabile<\/strong><\/h3><p>Per garantire una perfetta integrazione con qualsiasi stile decorativo, questo modello \u00e8 dotato di un&nbsp;<strong>anello anteriore intercambiabile<\/strong>\u00c8 possibile selezionare le seguenti opzioni:<\/p><ul>\n<li><strong>Anteriore bianco curvo (anello a forma di arco):<\/strong>&nbsp;Design ad anello con una curvatura liscia ed elegante sul bordo rifinito in bianco, ideale per ambienti moderni e minimalisti.<\/li>\n<li><strong>Anteriore nero curvo (anello a forma di arco):<\/strong>&nbsp;Variante nera, perfetta per contrasti sofisticati o combinazioni con toni scuri.<\/li>\n<li><strong>Frontale conico bianco (ANELLO ANGOLATO):<\/strong>&nbsp;Questa variante ha un&nbsp;<strong>smusso inclinato<\/strong>&nbsp;sul bordo esterno dell'anello, che crea un effetto visivo pi\u00f9 definito e dinamico.<\/li>\n<li><strong>Anteriore conico nero (ANELLO DI BORDO ANGOLATO):<\/strong>&nbsp;Opzione nera con lo stesso design angolare, ideale per gli spazi contemporanei.<\/li>\n<li><strong>Mini-fori anteriori bianchi (ANELLO DI SUPERFICIE A FORO PICCOLO):<\/strong>&nbsp;Design a piccola apertura, per ottimizzare la distribuzione della luce e ridurre l'abbagliamento.<\/li>\n<\/ul><p>&nbsp;<\/p><p><strong>Incluso come standard<\/strong>&nbsp;su&nbsp;<strong>Anteriore curvo bianco (anello a forma di arco)<\/strong>&nbsp;e il&nbsp;<strong>Fronte conico bianco (anello con bordo angolato)<\/strong>offrendo versatilit\u00e0 fin dall'inizio.<\/p><h3><strong>Quale scegliere?<\/strong><\/h3><p>&nbsp;<\/p><ul>\n<li>Se siete alla ricerca di un design pulito ed elegante? Frontale curvo.<\/li>\n<li>Se preferite una finitura con maggiore presenza e profondit\u00e0? Fronte conico.<\/li>\n<li>Se si desidera un dettaglio decorativo o una migliore ventilazione? Mini-fori anteriori.<\/li>\n<\/ul><p>Questo sistema&nbsp;<strong>modulare e personalizzabile<\/strong>&nbsp;consente al downlight di adattarsi a diversi stili decorativi senza dover sostituire l'intero apparecchio.<\/p><h3><strong>Materiali di alta qualit\u00e0 e durevoli<\/strong><\/h3><p>Realizzato in alluminio di alta qualit\u00e0, il&nbsp;<strong>Faretto a LED&nbsp;<\/strong><strong>Omnia&nbsp;<\/strong>garantisce un'eccellente dissipazione del calore, che ne prolunga la vita utile e ne mantiene le prestazioni ottimali nel tempo. La struttura robusta e il design efficiente assicurano una facile installazione e una lunga durata, riducendo i costi di manutenzione.<\/p><h3><strong>Applicazioni e usi consigliati<\/strong><\/h3><p>Grazie alle sue caratteristiche avanzate, il&nbsp;<strong>Downlight LED Lumis<\/strong>&nbsp;\u00e8 ideale per un'ampia variet\u00e0 di spazi, tra cui:<\/p><ul>\n<li><strong>Famiglie:<\/strong>&nbsp;Soggiorni, camere da letto, cucine e corridoi.<\/li>\n<li><strong>Uffici e spazi di lavoro:<\/strong>&nbsp;Aree di ricevimento, sale riunioni e postazioni di lavoro.<\/li>\n<li><strong>Negozi e aziende:<\/strong>&nbsp;Boutique, supermercati e centri commerciali.<\/li>\n<li><strong>Ospedali e cliniche:<\/strong>&nbsp;Aree di consultazione, corridoi e aree di attesa.<\/li>\n<li><strong>Ristoranti e alberghi:<\/strong>&nbsp;Aree di ristoro, bar e hall.<\/li>\n<li><strong>Gallerie e musei:<\/strong>&nbsp;Mostre d'arte e spazi culturali.<\/li>\n<\/ul><h3 class=\"h6\">Scheda tecnica del prodotto<\/h3><dl class=\"data-sheet\">\n<dt class=\"name\"><img loading=\"lazy\" decoding=\"async\" src=\"https:\/\/www.factorled.com\/modules\/oa_features\/img\/2-default.jpg\" width=\"32\" height=\"32\">&nbsp;RIFERIMENTO<\/dt>\n<dd class=\"value\">SP12WOM<\/dd>\n<dt class=\"name\"><img loading=\"lazy\" decoding=\"async\" src=\"https:\/\/www.factorled.com\/modules\/oa_features\/img\/3-default.jpg\" width=\"32\" height=\"32\">&nbsp;Potenza nominale<\/dt>\n<dd class=\"value\">12w<\/dd>\n<dt class=\"name\"><img loading=\"lazy\" decoding=\"async\" src=\"https:\/\/www.factorled.com\/modules\/oa_features\/img\/4-default.jpg\" width=\"32\" height=\"32\">&nbsp;Tensione nominale<\/dt>\n<dd class=\"value\">85V-265V<\/dd>\n<dt class=\"name\"><img loading=\"lazy\" decoding=\"async\" src=\"https:\/\/www.factorled.com\/modules\/oa_features\/img\/5-default.jpg\" width=\"32\" height=\"32\">&nbsp;Temperatura della luce<\/dt>\n<dd class=\"value\">3CCT SELEZIONARE 3000K-4000K-5700K<\/dd>\n<dt class=\"name\"><img loading=\"lazy\" decoding=\"async\" src=\"https:\/\/www.factorled.com\/modules\/oa_features\/img\/6-default.jpg\" width=\"32\" height=\"32\">&nbsp;CRI - Indice di riproduzione cromatica<\/dt>\n<dd class=\"value\">92<\/dd>\n<dt class=\"name\"><img loading=\"lazy\" decoding=\"async\" src=\"https:\/\/www.factorled.com\/modules\/oa_features\/img\/25-default.jpg\" width=\"32\" height=\"32\">&nbsp;Materiale da costruzione<\/dt>\n<dd class=\"value\">Alluminio<\/dd>\n<dt class=\"name\"><img loading=\"lazy\" decoding=\"async\" src=\"https:\/\/www.factorled.com\/modules\/oa_features\/img\/8-default.jpg\" width=\"32\" height=\"32\">&nbsp;Luminosit\u00e0-Lm<\/dt>\n<dd class=\"value\">1320 Lm<\/dd>\n<dt class=\"name\"><img loading=\"lazy\" decoding=\"async\" src=\"https:\/\/www.factorled.com\/modules\/oa_features\/img\/9-default.jpg\" width=\"32\" height=\"32\">&nbsp;Tipo di LED<\/dt>\n<dd class=\"value\">Chip Bridgelux all'interno del 2235DS-C30<\/dd>\n<dt class=\"name\"><img loading=\"lazy\" decoding=\"async\" src=\"https:\/\/www.factorled.com\/modules\/oa_features\/img\/10-default.jpg\" width=\"32\" height=\"32\">&nbsp;Angolo di apertura (\u00ba)<\/dt>\n<dd class=\"value\">24\u00ba<\/dd>\n<dt class=\"name\"><img loading=\"lazy\" decoding=\"async\" src=\"https:\/\/www.factorled.com\/modules\/oa_features\/img\/12-default.jpg\" width=\"32\" height=\"32\">&nbsp;Efficienza del diodo LED (Lm\/W)<\/dt>\n<dd class=\"value\">130Lm\/W<\/dd>\n<dt class=\"name\"><img loading=\"lazy\" decoding=\"async\" src=\"https:\/\/www.factorled.com\/modules\/oa_features\/img\/13-default.jpg\" width=\"32\" height=\"32\">&nbsp;Efficienza luminosa (Lm\/W)<\/dt>\n<dd class=\"value\">110 Lm\/W<\/dd>\n<dt class=\"name\"><img loading=\"lazy\" decoding=\"async\" src=\"https:\/\/www.factorled.com\/modules\/oa_features\/img\/15-default.jpg\" width=\"32\" height=\"32\">&nbsp;Certificati<\/dt>\n<dd class=\"value\">CE, CMIM, RoHS<\/dd>\n<dt class=\"name\"><img loading=\"lazy\" decoding=\"async\" src=\"https:\/\/www.factorled.com\/modules\/oa_features\/img\/16-default.jpg\" width=\"32\" height=\"32\">&nbsp;Grado di protezione IP<\/dt>\n<dd class=\"value\">IP20<\/dd>\n<dt class=\"name\"><img loading=\"lazy\" decoding=\"async\" src=\"https:\/\/www.factorled.com\/modules\/oa_features\/img\/17-default.jpg\" width=\"32\" height=\"32\">&nbsp;Vita stimata Diodo LED (H)<\/dt>\n<dd class=\"value\">20.000<\/dd>\n<dt class=\"name\"><img loading=\"lazy\" decoding=\"async\" src=\"https:\/\/www.factorled.com\/modules\/oa_features\/img\/18-default.jpg\" width=\"32\" height=\"32\">&nbsp;Dimensioni (mm)<\/dt>\n<dd class=\"value\">\u00d884x78mm<\/dd>\n<dt class=\"name\"><img loading=\"lazy\" decoding=\"async\" src=\"https:\/\/www.factorled.com\/modules\/oa_features\/img\/21-default.jpg\" width=\"32\" height=\"32\">&nbsp;Frequenza di lavoro (Hz)<\/dt>\n<dd class=\"value\">50\/60Hz<\/dd>\n<dt class=\"name\"><img loading=\"lazy\" decoding=\"async\" src=\"https:\/\/www.factorled.com\/modules\/oa_features\/img\/22-default.jpg\" width=\"32\" height=\"32\">&nbsp;Intervallo di temperatura (\u00baC)<\/dt>\n<dd class=\"value\">-20\u00b0C ~ +55\u00b0C<\/dd>\n<dt class=\"name\"><img loading=\"lazy\" decoding=\"async\" src=\"https:\/\/www.factorled.com\/modules\/oa_features\/img\/23-default.jpg\" width=\"32\" height=\"32\">&nbsp;Cicli di accensione<\/dt>\n<dd class=\"value\">100.000<\/dd>\n<dt class=\"name\"><img loading=\"lazy\" decoding=\"async\" src=\"https:\/\/www.factorled.com\/modules\/oa_features\/img\/24-default.jpg\" width=\"32\" height=\"32\">&nbsp;Tempo di avvio (s)<\/dt>\n<dd class=\"value\">0,2s<\/dd>\n<dt class=\"name\"><img loading=\"lazy\" decoding=\"async\" src=\"https:\/\/www.factorled.com\/modules\/oa_features\/img\/27-default.jpg\" width=\"32\" height=\"32\">&nbsp;Taglio del soffitto (mm)<\/dt>\n<dd class=\"value\">\u00d8 75 mm<\/dd>\n<dt class=\"name\"><img loading=\"lazy\" decoding=\"async\" src=\"https:\/\/www.factorled.com\/modules\/oa_features\/img\/72-default.jpg\" width=\"32\" height=\"32\">&nbsp;Indice di abbagliamento (UGR)<\/dt>\n<dd class=\"value\">11<\/dd>\n<dt class=\"name\"><img loading=\"lazy\" decoding=\"async\" src=\"https:\/\/www.factorled.com\/modules\/oa_features\/img\/74-default.jpg\" width=\"32\" height=\"32\">&nbsp;Driver incluso<\/dt>\n<dd class=\"value\">S\u00cc<\/dd>\n<dt class=\"name\"><img loading=\"lazy\" decoding=\"async\" src=\"https:\/\/www.factorled.com\/modules\/oa_features\/img\/7-default.jpg\" width=\"32\" height=\"32\">&nbsp;Classe energetica (2021-EU-2019\/2015)<\/dt>\n<dd class=\"value\">A+<\/dd>\n<dt class=\"name\"><img loading=\"lazy\" decoding=\"async\" src=\"https:\/\/www.factorled.com\/modules\/oa_features\/img\/101-default.jpg\" width=\"32\" height=\"32\">&nbsp;Classe energetica (2023 - UE-2019\/2015)<\/dt>\n<dd class=\"value\">F<\/dd>\n<dt class=\"name\"><img loading=\"lazy\" decoding=\"async\" src=\"https:\/\/www.factorled.com\/modules\/oa_features\/img\/75-default.jpg\" width=\"32\" height=\"32\">&nbsp;Anni di garanzia<\/dt>\n<dd class=\"value\">3<\/dd>\n<\/dl><\/h1>","protected":false},"excerpt":{"rendered":"<div class=\"product-reference\"><strong><label class=\"label\">Riferimento:<\/label> SLSP12WOM-CCT-91356<\/strong>\n<div><\/div>\n<div class=\"product-description-short\">\n<div id=\"product-description-short-3871\">\n<p><b>OMNIA LED Downlight<\/b>&nbsp;offerte&nbsp;<strong>potenza selezionabile di 6W, 9W e 12W<\/strong>con&nbsp;<strong>Chip Bridgelux da 130Lm\/W<\/strong>&nbsp;per un'efficienza eccezionale. La sua tecnologia&nbsp;<strong>3CCT (3000K - 4000K - 5700K)<\/strong>&nbsp;permette di regolare la temperatura del colore in base all'ambiente desiderato. Con UGR11 per ridurre al minimo l'abbagliamento e CRI+92 per una resa cromatica impeccabile, garantisce un'illuminazione precisa e confortevole. L'angolo di apertura di 24\u00b0 dirige la luce con precisione, mentre il suo&nbsp;<strong>Anello anteriore Selezionabile (anteriore curvo bianco)<\/strong><strong>, Anteriore curvo nero,&nbsp;<\/strong><strong>Fronte conico bianco,&nbsp;<\/strong><strong>Anteriore conico nero,<\/strong><strong>&nbsp;Miniforo anteriore bianco<\/strong><strong>)<\/strong>&nbsp;La scelta ideale per spazi eleganti e funzionali!<\/p>\n<\/div>\n<\/div><\/div>","protected":false},"featured_media":15818,"template":"","meta":{"site-sidebar-layout":"default","site-content-layout":"default","ast-global-header-display":"","ast-main-header-display":"","ast-hfb-above-header-display":"","ast-hfb-below-header-display":"","ast-hfb-mobile-header-display":"","site-post-title":"","ast-breadcrumbs-content":"","ast-featured-img":"","footer-sml-layout":"","theme-transparent-header-meta":"default","adv-header-id-meta":"","stick-header-meta":"","header-above-stick-meta":"","header-main-stick-meta":"","header-below-stick-meta":""},"product_cat":[27,70],"product_tag":[],"class_list":["post-15804","product","type-product","status-publish","has-post-thumbnail","hentry","product_cat-downlight-plafones-y-placas-led","product_cat-focos-downlight-led"],"yoast_head":"<!-- This site is optimized with the Yoast SEO plugin v27.4 - https:\/\/yoast.com\/product\/yoast-seo-wordpress\/ -->\n<title>Empotrable LED 6W - 9W - 12W - OMNIA - Bridgelux Chip - UGR11 - 3CCT - CRI +92 - Front Intercambiable - STARLED Iluminacion<\/title>\n<meta name=\"robots\" content=\"index, follow, max-snippet:-1, max-image-preview:large, max-video-preview:-1\" \/>\n<link rel=\"canonical\" href=\"https:\/\/starlediluminacion.com\/it\/product\/recessed-led-6w-9w-12w-omnia-bridgelux-chip-ugr11-3cct-cri-92-front-interchangeable-2\/\" \/>\n<meta property=\"og:locale\" content=\"it_IT\" \/>\n<meta property=\"og:type\" content=\"article\" \/>\n<meta property=\"og:title\" content=\"Empotrable LED 6W - 9W - 12W - OMNIA - Bridgelux Chip - UGR11 - 3CCT - CRI +92 - Front Intercambiable - STARLED Iluminacion\" \/>\n<meta property=\"og:description\" content=\"Referencia: SLSP12WOM-CCT-91356      Downlight LED OMNIA\u00a0ofrece\u00a0potencia seleccionable de 6W, 9W y 12W, con\u00a0Chip Bridgelux de 130Lm\/W\u00a0para una eficiencia excepcional. Su tecnolog\u00eda\u00a03CCT (3000K - 4000K - 5700K)\u00a0permite ajustar la temperatura de color seg\u00fan el ambiente deseado. Con UGR11 para minimizar el deslumbramiento y CRI+92 para una reproducci\u00f3n crom\u00e1tica impecable, garantiza una iluminaci\u00f3n precisa y c\u00f3moda. Su \u00e1ngulo de apertura de 24\u00ba dirige la luz con precisi\u00f3n, mientras que su\u00a0anillo frontal Seleccionable\u00a0(Front Curvo Blanco,\u00a0Front Curvo Negro,\u00a0Front C\u00f3nico\u00a0Blanco,\u00a0Front C\u00f3nico Negro,\u00a0Front Mini-Hole blanco)\u00a0se adapta a cualquier estilo decorativo. \u00a1La opci\u00f3n ideal para espacios elegantes y funcionales!\" \/>\n<meta property=\"og:url\" content=\"https:\/\/starlediluminacion.com\/it\/product\/recessed-led-6w-9w-12w-omnia-bridgelux-chip-ugr11-3cct-cri-92-front-interchangeable-2\/\" \/>\n<meta property=\"og:site_name\" content=\"STARLED Iluminacion\" \/>\n<meta property=\"article:modified_time\" content=\"2025-08-24T16:39:19+00:00\" \/>\n<meta property=\"og:image\" content=\"https:\/\/starlediluminacion.com\/wp-content\/uploads\/2025\/06\/empotrable-led-6w-9w-12w-omnia-bridgelux-chip-ugr11-3cct-cri-92-front-intercambiable.jpg\" \/>\n\t<meta property=\"og:image:width\" content=\"744\" \/>\n\t<meta property=\"og:image:height\" content=\"800\" \/>\n\t<meta property=\"og:image:type\" content=\"image\/jpeg\" \/>\n<meta name=\"twitter:card\" content=\"summary_large_image\" \/>\n<meta name=\"twitter:label1\" content=\"Tempo di lettura stimato\" \/>\n\t<meta name=\"twitter:data1\" content=\"4 minuti\" \/>\n<script type=\"application\/ld+json\" class=\"yoast-schema-graph\">{\"@context\":\"https:\\\/\\\/schema.org\",\"@graph\":[{\"@type\":\"WebPage\",\"@id\":\"https:\\\/\\\/starlediluminacion.com\\\/en\\\/product\\\/recessed-led-6w-9w-12w-omnia-bridgelux-chip-ugr11-3cct-cri-92-front-interchangeable-2\\\/\",\"url\":\"https:\\\/\\\/starlediluminacion.com\\\/en\\\/product\\\/recessed-led-6w-9w-12w-omnia-bridgelux-chip-ugr11-3cct-cri-92-front-interchangeable-2\\\/\",\"name\":\"Empotrable LED 6W - 9W - 12W - OMNIA - Bridgelux Chip - UGR11 - 3CCT - CRI +92 - Front Intercambiable - STARLED Iluminacion\",\"isPartOf\":{\"@id\":\"https:\\\/\\\/starlediluminacion.com\\\/#website\"},\"primaryImageOfPage\":{\"@id\":\"https:\\\/\\\/starlediluminacion.com\\\/en\\\/product\\\/recessed-led-6w-9w-12w-omnia-bridgelux-chip-ugr11-3cct-cri-92-front-interchangeable-2\\\/#primaryimage\"},\"image\":{\"@id\":\"https:\\\/\\\/starlediluminacion.com\\\/en\\\/product\\\/recessed-led-6w-9w-12w-omnia-bridgelux-chip-ugr11-3cct-cri-92-front-interchangeable-2\\\/#primaryimage\"},\"thumbnailUrl\":\"https:\\\/\\\/starlediluminacion.com\\\/wp-content\\\/uploads\\\/2025\\\/06\\\/empotrable-led-6w-9w-12w-omnia-bridgelux-chip-ugr11-3cct-cri-92-front-intercambiable.jpg\",\"datePublished\":\"2025-06-01T08:46:46+00:00\",\"dateModified\":\"2025-08-24T16:39:19+00:00\",\"breadcrumb\":{\"@id\":\"https:\\\/\\\/starlediluminacion.com\\\/en\\\/product\\\/recessed-led-6w-9w-12w-omnia-bridgelux-chip-ugr11-3cct-cri-92-front-interchangeable-2\\\/#breadcrumb\"},\"inLanguage\":\"it-IT\",\"potentialAction\":[{\"@type\":\"ReadAction\",\"target\":[\"https:\\\/\\\/starlediluminacion.com\\\/en\\\/product\\\/recessed-led-6w-9w-12w-omnia-bridgelux-chip-ugr11-3cct-cri-92-front-interchangeable-2\\\/\"]}]},{\"@type\":\"ImageObject\",\"inLanguage\":\"it-IT\",\"@id\":\"https:\\\/\\\/starlediluminacion.com\\\/en\\\/product\\\/recessed-led-6w-9w-12w-omnia-bridgelux-chip-ugr11-3cct-cri-92-front-interchangeable-2\\\/#primaryimage\",\"url\":\"https:\\\/\\\/starlediluminacion.com\\\/wp-content\\\/uploads\\\/2025\\\/06\\\/empotrable-led-6w-9w-12w-omnia-bridgelux-chip-ugr11-3cct-cri-92-front-intercambiable.jpg\",\"contentUrl\":\"https:\\\/\\\/starlediluminacion.com\\\/wp-content\\\/uploads\\\/2025\\\/06\\\/empotrable-led-6w-9w-12w-omnia-bridgelux-chip-ugr11-3cct-cri-92-front-intercambiable.jpg\",\"width\":744,\"height\":800},{\"@type\":\"BreadcrumbList\",\"@id\":\"https:\\\/\\\/starlediluminacion.com\\\/en\\\/product\\\/recessed-led-6w-9w-12w-omnia-bridgelux-chip-ugr11-3cct-cri-92-front-interchangeable-2\\\/#breadcrumb\",\"itemListElement\":[{\"@type\":\"ListItem\",\"position\":1,\"name\":\"Portada\",\"item\":\"https:\\\/\\\/starlediluminacion.com\\\/\"},{\"@type\":\"ListItem\",\"position\":2,\"name\":\"Shop\",\"item\":\"https:\\\/\\\/starlediluminacion.com\\\/shop-2\\\/\"},{\"@type\":\"ListItem\",\"position\":3,\"name\":\"Empotrable LED 6W &#8211; 9W &#8211; 12W &#8211; OMNIA &#8211; Bridgelux Chip &#8211; UGR11 &#8211; 3CCT &#8211; CRI +92 &#8211; Front Intercambiable\"}]},{\"@type\":\"WebSite\",\"@id\":\"https:\\\/\\\/starlediluminacion.com\\\/#website\",\"url\":\"https:\\\/\\\/starlediluminacion.com\\\/\",\"name\":\"STARLED Iluminacion\",\"description\":\"\",\"potentialAction\":[{\"@type\":\"SearchAction\",\"target\":{\"@type\":\"EntryPoint\",\"urlTemplate\":\"https:\\\/\\\/starlediluminacion.com\\\/?s={search_term_string}\"},\"query-input\":{\"@type\":\"PropertyValueSpecification\",\"valueRequired\":true,\"valueName\":\"search_term_string\"}}],\"inLanguage\":\"it-IT\"}]}<\/script>\n<!-- \/ Yoast SEO plugin. -->","yoast_head_json":{"title":"Empotrable LED 6W - 9W - 12W - OMNIA - Bridgelux Chip - UGR11 - 3CCT - CRI +92 - Front Intercambiable - STARLED Iluminacion","robots":{"index":"index","follow":"follow","max-snippet":"max-snippet:-1","max-image-preview":"max-image-preview:large","max-video-preview":"max-video-preview:-1"},"canonical":"https:\/\/starlediluminacion.com\/it\/product\/recessed-led-6w-9w-12w-omnia-bridgelux-chip-ugr11-3cct-cri-92-front-interchangeable-2\/","og_locale":"it_IT","og_type":"article","og_title":"Empotrable LED 6W - 9W - 12W - OMNIA - Bridgelux Chip - UGR11 - 3CCT - CRI +92 - Front Intercambiable - STARLED Iluminacion","og_description":"Referencia: SLSP12WOM-CCT-91356      Downlight LED OMNIA\u00a0ofrece\u00a0potencia seleccionable de 6W, 9W y 12W, con\u00a0Chip Bridgelux de 130Lm\/W\u00a0para una eficiencia excepcional. Su tecnolog\u00eda\u00a03CCT (3000K - 4000K - 5700K)\u00a0permite ajustar la temperatura de color seg\u00fan el ambiente deseado. Con UGR11 para minimizar el deslumbramiento y CRI+92 para una reproducci\u00f3n crom\u00e1tica impecable, garantiza una iluminaci\u00f3n precisa y c\u00f3moda. Su \u00e1ngulo de apertura de 24\u00ba dirige la luz con precisi\u00f3n, mientras que su\u00a0anillo frontal Seleccionable\u00a0(Front Curvo Blanco,\u00a0Front Curvo Negro,\u00a0Front C\u00f3nico\u00a0Blanco,\u00a0Front C\u00f3nico Negro,\u00a0Front Mini-Hole blanco)\u00a0se adapta a cualquier estilo decorativo. \u00a1La opci\u00f3n ideal para espacios elegantes y funcionales!","og_url":"https:\/\/starlediluminacion.com\/it\/product\/recessed-led-6w-9w-12w-omnia-bridgelux-chip-ugr11-3cct-cri-92-front-interchangeable-2\/","og_site_name":"STARLED Iluminacion","article_modified_time":"2025-08-24T16:39:19+00:00","og_image":[{"width":744,"height":800,"url":"https:\/\/starlediluminacion.com\/wp-content\/uploads\/2025\/06\/empotrable-led-6w-9w-12w-omnia-bridgelux-chip-ugr11-3cct-cri-92-front-intercambiable.jpg","type":"image\/jpeg"}],"twitter_card":"summary_large_image","twitter_misc":{"Tempo di lettura stimato":"4 minuti"},"schema":{"@context":"https:\/\/schema.org","@graph":[{"@type":"WebPage","@id":"https:\/\/starlediluminacion.com\/en\/product\/recessed-led-6w-9w-12w-omnia-bridgelux-chip-ugr11-3cct-cri-92-front-interchangeable-2\/","url":"https:\/\/starlediluminacion.com\/en\/product\/recessed-led-6w-9w-12w-omnia-bridgelux-chip-ugr11-3cct-cri-92-front-interchangeable-2\/","name":"Empotrable LED 6W - 9W - 12W - OMNIA - Bridgelux Chip - UGR11 - 3CCT - CRI +92 - Front Intercambiable - STARLED Iluminacion","isPartOf":{"@id":"https:\/\/starlediluminacion.com\/#website"},"primaryImageOfPage":{"@id":"https:\/\/starlediluminacion.com\/en\/product\/recessed-led-6w-9w-12w-omnia-bridgelux-chip-ugr11-3cct-cri-92-front-interchangeable-2\/#primaryimage"},"image":{"@id":"https:\/\/starlediluminacion.com\/en\/product\/recessed-led-6w-9w-12w-omnia-bridgelux-chip-ugr11-3cct-cri-92-front-interchangeable-2\/#primaryimage"},"thumbnailUrl":"https:\/\/starlediluminacion.com\/wp-content\/uploads\/2025\/06\/empotrable-led-6w-9w-12w-omnia-bridgelux-chip-ugr11-3cct-cri-92-front-intercambiable.jpg","datePublished":"2025-06-01T08:46:46+00:00","dateModified":"2025-08-24T16:39:19+00:00","breadcrumb":{"@id":"https:\/\/starlediluminacion.com\/en\/product\/recessed-led-6w-9w-12w-omnia-bridgelux-chip-ugr11-3cct-cri-92-front-interchangeable-2\/#breadcrumb"},"inLanguage":"it-IT","potentialAction":[{"@type":"ReadAction","target":["https:\/\/starlediluminacion.com\/en\/product\/recessed-led-6w-9w-12w-omnia-bridgelux-chip-ugr11-3cct-cri-92-front-interchangeable-2\/"]}]},{"@type":"ImageObject","inLanguage":"it-IT","@id":"https:\/\/starlediluminacion.com\/en\/product\/recessed-led-6w-9w-12w-omnia-bridgelux-chip-ugr11-3cct-cri-92-front-interchangeable-2\/#primaryimage","url":"https:\/\/starlediluminacion.com\/wp-content\/uploads\/2025\/06\/empotrable-led-6w-9w-12w-omnia-bridgelux-chip-ugr11-3cct-cri-92-front-intercambiable.jpg","contentUrl":"https:\/\/starlediluminacion.com\/wp-content\/uploads\/2025\/06\/empotrable-led-6w-9w-12w-omnia-bridgelux-chip-ugr11-3cct-cri-92-front-intercambiable.jpg","width":744,"height":800},{"@type":"BreadcrumbList","@id":"https:\/\/starlediluminacion.com\/en\/product\/recessed-led-6w-9w-12w-omnia-bridgelux-chip-ugr11-3cct-cri-92-front-interchangeable-2\/#breadcrumb","itemListElement":[{"@type":"ListItem","position":1,"name":"Portada","item":"https:\/\/starlediluminacion.com\/"},{"@type":"ListItem","position":2,"name":"Shop","item":"https:\/\/starlediluminacion.com\/shop-2\/"},{"@type":"ListItem","position":3,"name":"Empotrable LED 6W &#8211; 9W &#8211; 12W &#8211; OMNIA &#8211; Bridgelux Chip &#8211; UGR11 &#8211; 3CCT &#8211; CRI +92 &#8211; Front Intercambiable"}]},{"@type":"WebSite","@id":"https:\/\/starlediluminacion.com\/#website","url":"https:\/\/starlediluminacion.com\/","name":"STARLED Iluminacion","description":"","potentialAction":[{"@type":"SearchAction","target":{"@type":"EntryPoint","urlTemplate":"https:\/\/starlediluminacion.com\/?s={search_term_string}"},"query-input":{"@type":"PropertyValueSpecification","valueRequired":true,"valueName":"search_term_string"}}],"inLanguage":"it-IT"}]}},"_links":{"self":[{"href":"https:\/\/starlediluminacion.com\/it\/wp-json\/wp\/v3\/product\/15804","targetHints":{"allow":["GET"]}}],"collection":[{"href":"https:\/\/starlediluminacion.com\/it\/wp-json\/wp\/v3\/product"}],"about":[{"href":"https:\/\/starlediluminacion.com\/it\/wp-json\/wp\/v2\/types\/product"}],"wp:featuredmedia":[{"embeddable":true,"href":"https:\/\/starlediluminacion.com\/it\/wp-json\/wp\/v2\/media\/15818"}],"wp:attachment":[{"href":"https:\/\/starlediluminacion.com\/it\/wp-json\/wp\/v2\/media?parent=15804"}],"wp:term":[{"taxonomy":"product_cat","embeddable":true,"href":"https:\/\/starlediluminacion.com\/it\/wp-json\/wp\/v2\/product_cat?post=15804"},{"taxonomy":"product_tag","embeddable":true,"href":"https:\/\/starlediluminacion.com\/it\/wp-json\/wp\/v2\/product_tag?post=15804"}],"curies":[{"name":"wp","href":"https:\/\/api.w.org\/{rel}","templated":true}]}}