{"id":14921,"date":"2025-01-05T15:22:55","date_gmt":"2025-01-05T15:22:55","guid":{"rendered":"https:\/\/starlediluminacion.com\/?post_type=product&#038;p=14921"},"modified":"2025-03-16T11:21:06","modified_gmt":"2025-03-16T11:21:06","slug":"aro-convertidor-placa-slim-led-circular-24w-ugr17-osram-chip-duris-e-2835","status":"publish","type":"product","link":"https:\/\/starlediluminacion.com\/it\/product\/anello-convertitore-piastra-slim-led-piastra-circolare-24w-ugr17-osram-chip-duris-e-2835\/","title":{"rendered":"<p>Anello convertitore + anello circolare sottile LED 24W - UGR17 - OSRAM CHIP DURIS E 2835<\/p>"},"content":{"rendered":"<h1>Anello convertitore + piastra circolare Slim LED 24W - UGR17 - OSRAM CHIP DURIS E 2835<p>La combinazione di&nbsp;<strong>Anello convertitore<\/strong>&nbsp;e il&nbsp;<strong>Pannello LED circolare sottile da 24W<\/strong>&nbsp;trasforma il concetto di illuminazione in una soluzione altamente versatile, adattabile e di alta qualit\u00e0. Con l'avanzata&nbsp;<strong>chip OSRAM DURIS E 2835<\/strong>Questo prodotto garantisce prestazioni di illuminazione superiori, ideali per spazi domestici e commerciali. Grazie al suo design, Slim Plate pu\u00f2 essere facilmente installato come una semplice plafoniera.<\/p><p><strong>Vantaggi del prodotto<\/strong><\/p><ol>\n<li><strong>Installazione versatile e senza problemi<\/strong>Grazie all'anello convertitore, \u00e8 possibile trasformare facilmente una Slim Plate in una plafoniera a plafone, consentendone l'utilizzo in soffitti in cui non \u00e8 possibile l'installazione a incasso. Questo aggiunge flessibilit\u00e0 a qualsiasi progetto di illuminazione.<\/li>\n<li><strong>Qualit\u00e0 della luce superiore<\/strong>Lo Slim Board \u00e8 dotato di un&nbsp;<strong>CRI elevato e indice di abbagliamento UGR17<\/strong>La luce \u00e8 uniforme e non abbagliante, ideale per gli ambienti che richiedono un'illuminazione confortevole senza affaticare gli occhi.<\/li>\n<li><strong>Risparmio energetico<\/strong>Con un consumo di potenza di 24 Watt e la tecnologia di&nbsp;<strong>Diodi OSRAM DURIS E 2835<\/strong>Questo prodotto garantisce l'efficienza energetica senza compromettere l'intensit\u00e0 luminosa, rappresentando una scelta eccellente per ridurre i costi di illuminazione a lungo termine.<\/li>\n<li><strong>Temperatura di colore selezionabile<\/strong>Disponibile in 3000K, 4000K e 6000K, si adatta a diversi ambienti ed esigenze di illuminazione, da quelli caldi e accoglienti alle aree di lavoro che richiedono la massima visibilit\u00e0 e concentrazione.<\/li>\n<li><strong>Lunga durata di vita<\/strong>L'avanzata tecnologia dei chip LED di OSRAM garantisce una lunga durata, che riduce al minimo la manutenzione e la sostituzione degli apparecchi, rendendoli ideali per gli utenti che cercano una soluzione affidabile e di lunga durata.<\/li>\n<\/ol><p><strong>Applicazioni<\/strong><br>\nQuesto prodotto \u00e8 ideale per un'ampia gamma di applicazioni, da case, uffici, sale conferenze, negozi al dettaglio a ospedali e hotel. Grazie al suo design discreto e minimalista, si adatta a qualsiasi stile decorativo, fornendo una luce di alta qualit\u00e0 e un look moderno.<\/p><h3 class=\"h6\">Scheda tecnica del prodotto<\/h3><dl class=\"data-sheet\">\n<dt class=\"name\"><img loading=\"lazy\" decoding=\"async\" src=\"https:\/\/www.factorled.com\/modules\/oa_features\/img\/2-default.jpg\" width=\"32\" height=\"32\">&nbsp;RIFERIMENTO<\/dt>\n<dd class=\"value\">IL005-PNOSR24W<\/dd>\n<dt class=\"name\"><img loading=\"lazy\" decoding=\"async\" src=\"https:\/\/www.factorled.com\/modules\/oa_features\/img\/3-default.jpg\" width=\"32\" height=\"32\">&nbsp;Potenza nominale<\/dt>\n<dd class=\"value\">24w<\/dd>\n<dt class=\"name\"><img loading=\"lazy\" decoding=\"async\" src=\"https:\/\/www.factorled.com\/modules\/oa_features\/img\/4-default.jpg\" width=\"32\" height=\"32\">&nbsp;Tensione nominale<\/dt>\n<dd class=\"value\">85V-265V<\/dd>\n<dt class=\"name\"><img loading=\"lazy\" decoding=\"async\" src=\"https:\/\/www.factorled.com\/modules\/oa_features\/img\/5-default.jpg\" width=\"32\" height=\"32\">&nbsp;Temperatura della luce<\/dt>\n<dd class=\"value\">3000K - 4000K - 5700K<\/dd>\n<dt class=\"name\"><img loading=\"lazy\" decoding=\"async\" src=\"https:\/\/www.factorled.com\/modules\/oa_features\/img\/6-default.jpg\" width=\"32\" height=\"32\">&nbsp;CRI - Indice di riproduzione cromatica<\/dt>\n<dd class=\"value\">85<\/dd>\n<dt class=\"name\"><img loading=\"lazy\" decoding=\"async\" src=\"https:\/\/www.factorled.com\/modules\/oa_features\/img\/25-default.jpg\" width=\"32\" height=\"32\">&nbsp;Materiale da costruzione<\/dt>\n<dd class=\"value\">PC<\/dd>\n<dt class=\"name\"><img loading=\"lazy\" decoding=\"async\" src=\"https:\/\/www.factorled.com\/modules\/oa_features\/img\/9-default.jpg\" width=\"32\" height=\"32\">&nbsp;Tipo di LED<\/dt>\n<dd class=\"value\">CHIP SMD 2835 OSRAM<\/dd>\n<dt class=\"name\"><img loading=\"lazy\" decoding=\"async\" src=\"https:\/\/www.factorled.com\/modules\/oa_features\/img\/10-default.jpg\" width=\"32\" height=\"32\">&nbsp;Angolo di apertura (\u00ba)<\/dt>\n<dd class=\"value\">120\u00ba<\/dd>\n<dt class=\"name\"><img loading=\"lazy\" decoding=\"async\" src=\"https:\/\/www.factorled.com\/modules\/oa_features\/img\/12-default.jpg\" width=\"32\" height=\"32\">&nbsp;Efficienza del diodo LED (Lm\/W)<\/dt>\n<dd class=\"value\">160 Lm\/w<\/dd>\n<dt class=\"name\"><img loading=\"lazy\" decoding=\"async\" src=\"https:\/\/www.factorled.com\/modules\/oa_features\/img\/13-default.jpg\" width=\"32\" height=\"32\">&nbsp;Efficienza luminosa (Lm\/W)<\/dt>\n<dd class=\"value\">140 Lm\/W<\/dd>\n<dt class=\"name\"><img loading=\"lazy\" decoding=\"async\" src=\"https:\/\/www.factorled.com\/modules\/oa_features\/img\/15-default.jpg\" width=\"32\" height=\"32\">&nbsp;Certificati<\/dt>\n<dd class=\"value\">CE - ROHS<\/dd>\n<dt class=\"name\"><img loading=\"lazy\" decoding=\"async\" src=\"https:\/\/www.factorled.com\/modules\/oa_features\/img\/16-default.jpg\" width=\"32\" height=\"32\">&nbsp;Grado di protezione IP<\/dt>\n<dd class=\"value\">IP40<\/dd>\n<dt class=\"name\"><img loading=\"lazy\" decoding=\"async\" src=\"https:\/\/www.factorled.com\/modules\/oa_features\/img\/17-default.jpg\" width=\"32\" height=\"32\">&nbsp;Vita stimata Diodo LED (H)<\/dt>\n<dd class=\"value\">40.000<\/dd>\n<dt class=\"name\"><img loading=\"lazy\" decoding=\"async\" src=\"https:\/\/www.factorled.com\/modules\/oa_features\/img\/18-default.jpg\" width=\"32\" height=\"32\">&nbsp;Misure (Mm)<\/dt>\n<dd class=\"value\">\u00d8270 mm x H40 mm<\/dd>\n<dt class=\"name\"><img loading=\"lazy\" decoding=\"async\" src=\"https:\/\/www.factorled.com\/modules\/oa_features\/img\/18-default.jpg\" width=\"32\" height=\"32\">&nbsp;Misure (Mm)<\/dt>\n<dd class=\"value\">Int: \u00d8225mm<\/dd>\n<dt class=\"name\"><img loading=\"lazy\" decoding=\"async\" src=\"https:\/\/www.factorled.com\/modules\/oa_features\/img\/21-default.jpg\" width=\"32\" height=\"32\">&nbsp;Frequenza di lavoro (Hz)<\/dt>\n<dd class=\"value\">50\/60Hz<\/dd>\n<dt class=\"name\"><img loading=\"lazy\" decoding=\"async\" src=\"https:\/\/www.factorled.com\/modules\/oa_features\/img\/72-default.jpg\" width=\"32\" height=\"32\">&nbsp;Indice di abbagliamento (UGR)<\/dt>\n<dd class=\"value\">17<\/dd>\n<dt class=\"name\"><img loading=\"lazy\" decoding=\"async\" src=\"https:\/\/www.factorled.com\/modules\/oa_features\/img\/74-default.jpg\" width=\"32\" height=\"32\">&nbsp;Autista incluso<\/dt>\n<dd class=\"value\">DRIVER NO FLICK - NO FLICKER<\/dd>\n<dt class=\"name\"><img loading=\"lazy\" decoding=\"async\" src=\"https:\/\/www.factorled.com\/modules\/oa_features\/img\/7-default.jpg\" width=\"32\" height=\"32\">&nbsp;Classe energetica (2021-EU-2019\/2015)<\/dt>\n<dd class=\"value\">A+<\/dd>\n<dt class=\"name\"><img loading=\"lazy\" decoding=\"async\" src=\"https:\/\/www.factorled.com\/modules\/oa_features\/img\/101-default.jpg\" width=\"32\" height=\"32\">&nbsp;Classe energetica (2023 - UE-2019\/2015)<\/dt>\n<dd class=\"value\">F<\/dd>\n<dt class=\"name\"><img loading=\"lazy\" decoding=\"async\" src=\"https:\/\/www.factorled.com\/modules\/oa_features\/img\/75-default.jpg\" width=\"32\" height=\"32\">&nbsp;Anni di garanzia<\/dt>\n<dd class=\"value\">3<\/dd>\n<\/dl><\/h1>","protected":false},"excerpt":{"rendered":"<div class=\"product-reference\"><strong><label class=\"label\">Riferimento:<\/label> SLIL005-PNOSR24W<\/strong>\n<div><\/div>\n<div class=\"product-description-short\">\n<div id=\"product-description-short-3774\">\n<p>Trasformate il vostro Slim Panel in un controsoffitto ad alta efficienza con questo innovativo set di accessori.&nbsp;<strong>Pannello sottile circolare a LED da 24W e anello convertitore<\/strong>. Dotato di un sistema avanzato di&nbsp;<strong>chip OSRAM DURIS E 2835<\/strong>&nbsp;e un basso indice di abbagliamento&nbsp;<strong>UGR17<\/strong>offre un'illuminazione uniforme e di alta qualit\u00e0, ideale per gli ambienti professionali e domestici. Questa combinazione consente un'installazione facile e adattabile, fornendo una soluzione moderna e versatile per ottimizzare qualsiasi spazio.<\/p>\n<p><strong>Temperatura del colore: 3000K\/4000K\/5700K<\/strong><\/p>\n<\/div>\n<\/div><\/div>","protected":false},"featured_media":14926,"template":"","meta":{"site-sidebar-layout":"default","site-content-layout":"default","ast-global-header-display":"","ast-main-header-display":"","ast-hfb-above-header-display":"","ast-hfb-below-header-display":"","ast-hfb-mobile-header-display":"","site-post-title":"","ast-breadcrumbs-content":"","ast-featured-img":"","footer-sml-layout":"","theme-transparent-header-meta":"default","adv-header-id-meta":"","stick-header-meta":"","header-above-stick-meta":"","header-main-stick-meta":"","header-below-stick-meta":""},"product_cat":[27,69],"product_tag":[],"class_list":["post-14921","product","type-product","status-publish","has-post-thumbnail","hentry","product_cat-downlight-plafones-y-placas-led","product_cat-plafones-y-superficie-led"],"yoast_head":"<!-- This site is optimized with the Yoast SEO plugin v27.4 - https:\/\/yoast.com\/product\/yoast-seo-wordpress\/ -->\n<title>Aro Convertidor + Placa Slim LED Circular 24W - UGR17 - OSRAM CHIP DURIS E 2835 - STARLED Iluminacion<\/title>\n<meta name=\"robots\" content=\"index, follow, max-snippet:-1, max-image-preview:large, max-video-preview:-1\" \/>\n<link rel=\"canonical\" href=\"https:\/\/starlediluminacion.com\/it\/product\/anello-convertitore-piastra-slim-led-piastra-circolare-24w-ugr17-osram-chip-duris-e-2835\/\" \/>\n<meta property=\"og:locale\" content=\"it_IT\" \/>\n<meta property=\"og:type\" content=\"article\" \/>\n<meta property=\"og:title\" content=\"Aro Convertidor + Placa Slim LED Circular 24W - UGR17 - OSRAM CHIP DURIS E 2835 - STARLED Iluminacion\" \/>\n<meta property=\"og:description\" content=\"Referencia: SLIL005-PNOSR24W      Convierte tu Placa Slim en un plaf\u00f3n de superficie de alta eficiencia con este innovador conjunto de\u00a0Aro Convertidor y Placa Slim LED Circular de 24W. Equipado con el avanzado\u00a0chip OSRAM DURIS E 2835\u00a0y un bajo \u00edndice de deslumbramiento\u00a0UGR17, ofrece una iluminaci\u00f3n uniforme y de alta calidad, ideal para entornos profesionales y dom\u00e9sticos. Esta combinaci\u00f3n permite una instalaci\u00f3n f\u00e1cil y adaptable, proporcionando una soluci\u00f3n moderna y vers\u00e1til para optimizar cualquier espacio.  Temperatura de Color: 3000K\/4000K\/5700K\" \/>\n<meta property=\"og:url\" content=\"https:\/\/starlediluminacion.com\/it\/product\/anello-convertitore-piastra-slim-led-piastra-circolare-24w-ugr17-osram-chip-duris-e-2835\/\" \/>\n<meta property=\"og:site_name\" content=\"STARLED Iluminacion\" \/>\n<meta property=\"article:modified_time\" content=\"2025-03-16T11:21:06+00:00\" \/>\n<meta property=\"og:image\" content=\"https:\/\/starlediluminacion.com\/wp-content\/uploads\/2025\/01\/aro-convertidor-de-placa-slim-a-plafon-de-superficie-8.jpg\" \/>\n\t<meta property=\"og:image:width\" content=\"744\" \/>\n\t<meta property=\"og:image:height\" content=\"800\" \/>\n\t<meta property=\"og:image:type\" content=\"image\/jpeg\" \/>\n<meta name=\"twitter:card\" content=\"summary_large_image\" \/>\n<meta name=\"twitter:label1\" content=\"Tempo di lettura stimato\" \/>\n\t<meta name=\"twitter:data1\" content=\"2 minuti\" \/>\n<script type=\"application\/ld+json\" class=\"yoast-schema-graph\">{\"@context\":\"https:\\\/\\\/schema.org\",\"@graph\":[{\"@type\":\"WebPage\",\"@id\":\"https:\\\/\\\/starlediluminacion.com\\\/it\\\/product\\\/anello-convertitore-piastra-slim-led-piastra-circolare-24w-ugr17-osram-chip-duris-e-2835\\\/\",\"url\":\"https:\\\/\\\/starlediluminacion.com\\\/it\\\/product\\\/anello-convertitore-piastra-slim-led-piastra-circolare-24w-ugr17-osram-chip-duris-e-2835\\\/\",\"name\":\"Aro Convertidor + Placa Slim LED Circular 24W - UGR17 - OSRAM CHIP DURIS E 2835 - STARLED Iluminacion\",\"isPartOf\":{\"@id\":\"https:\\\/\\\/starlediluminacion.com\\\/#website\"},\"primaryImageOfPage\":{\"@id\":\"https:\\\/\\\/starlediluminacion.com\\\/it\\\/product\\\/anello-convertitore-piastra-slim-led-piastra-circolare-24w-ugr17-osram-chip-duris-e-2835\\\/#primaryimage\"},\"image\":{\"@id\":\"https:\\\/\\\/starlediluminacion.com\\\/it\\\/product\\\/anello-convertitore-piastra-slim-led-piastra-circolare-24w-ugr17-osram-chip-duris-e-2835\\\/#primaryimage\"},\"thumbnailUrl\":\"https:\\\/\\\/starlediluminacion.com\\\/wp-content\\\/uploads\\\/2025\\\/01\\\/aro-convertidor-de-placa-slim-a-plafon-de-superficie-8.jpg\",\"datePublished\":\"2025-01-05T15:22:55+00:00\",\"dateModified\":\"2025-03-16T11:21:06+00:00\",\"breadcrumb\":{\"@id\":\"https:\\\/\\\/starlediluminacion.com\\\/it\\\/product\\\/anello-convertitore-piastra-slim-led-piastra-circolare-24w-ugr17-osram-chip-duris-e-2835\\\/#breadcrumb\"},\"inLanguage\":\"it-IT\",\"potentialAction\":[{\"@type\":\"ReadAction\",\"target\":[\"https:\\\/\\\/starlediluminacion.com\\\/it\\\/product\\\/anello-convertitore-piastra-slim-led-piastra-circolare-24w-ugr17-osram-chip-duris-e-2835\\\/\"]}]},{\"@type\":\"ImageObject\",\"inLanguage\":\"it-IT\",\"@id\":\"https:\\\/\\\/starlediluminacion.com\\\/it\\\/product\\\/anello-convertitore-piastra-slim-led-piastra-circolare-24w-ugr17-osram-chip-duris-e-2835\\\/#primaryimage\",\"url\":\"https:\\\/\\\/starlediluminacion.com\\\/wp-content\\\/uploads\\\/2025\\\/01\\\/aro-convertidor-de-placa-slim-a-plafon-de-superficie-8.jpg\",\"contentUrl\":\"https:\\\/\\\/starlediluminacion.com\\\/wp-content\\\/uploads\\\/2025\\\/01\\\/aro-convertidor-de-placa-slim-a-plafon-de-superficie-8.jpg\",\"width\":744,\"height\":800},{\"@type\":\"BreadcrumbList\",\"@id\":\"https:\\\/\\\/starlediluminacion.com\\\/it\\\/product\\\/anello-convertitore-piastra-slim-led-piastra-circolare-24w-ugr17-osram-chip-duris-e-2835\\\/#breadcrumb\",\"itemListElement\":[{\"@type\":\"ListItem\",\"position\":1,\"name\":\"Portada\",\"item\":\"https:\\\/\\\/starlediluminacion.com\\\/\"},{\"@type\":\"ListItem\",\"position\":2,\"name\":\"Shop\",\"item\":\"https:\\\/\\\/starlediluminacion.com\\\/shop-2\\\/\"},{\"@type\":\"ListItem\",\"position\":3,\"name\":\"Aro Convertidor + Placa Slim LED Circular 24W &#8211; UGR17 &#8211; OSRAM CHIP DURIS E 2835\"}]},{\"@type\":\"WebSite\",\"@id\":\"https:\\\/\\\/starlediluminacion.com\\\/#website\",\"url\":\"https:\\\/\\\/starlediluminacion.com\\\/\",\"name\":\"STARLED Iluminacion\",\"description\":\"\",\"potentialAction\":[{\"@type\":\"SearchAction\",\"target\":{\"@type\":\"EntryPoint\",\"urlTemplate\":\"https:\\\/\\\/starlediluminacion.com\\\/?s={search_term_string}\"},\"query-input\":{\"@type\":\"PropertyValueSpecification\",\"valueRequired\":true,\"valueName\":\"search_term_string\"}}],\"inLanguage\":\"it-IT\"}]}<\/script>\n<!-- \/ Yoast SEO plugin. -->","yoast_head_json":{"title":"Aro Convertidor + Placa Slim LED Circular 24W - UGR17 - OSRAM CHIP DURIS E 2835 - STARLED Iluminacion","robots":{"index":"index","follow":"follow","max-snippet":"max-snippet:-1","max-image-preview":"max-image-preview:large","max-video-preview":"max-video-preview:-1"},"canonical":"https:\/\/starlediluminacion.com\/it\/product\/anello-convertitore-piastra-slim-led-piastra-circolare-24w-ugr17-osram-chip-duris-e-2835\/","og_locale":"it_IT","og_type":"article","og_title":"Aro Convertidor + Placa Slim LED Circular 24W - UGR17 - OSRAM CHIP DURIS E 2835 - STARLED Iluminacion","og_description":"Referencia: SLIL005-PNOSR24W      Convierte tu Placa Slim en un plaf\u00f3n de superficie de alta eficiencia con este innovador conjunto de\u00a0Aro Convertidor y Placa Slim LED Circular de 24W. Equipado con el avanzado\u00a0chip OSRAM DURIS E 2835\u00a0y un bajo \u00edndice de deslumbramiento\u00a0UGR17, ofrece una iluminaci\u00f3n uniforme y de alta calidad, ideal para entornos profesionales y dom\u00e9sticos. Esta combinaci\u00f3n permite una instalaci\u00f3n f\u00e1cil y adaptable, proporcionando una soluci\u00f3n moderna y vers\u00e1til para optimizar cualquier espacio.  Temperatura de Color: 3000K\/4000K\/5700K","og_url":"https:\/\/starlediluminacion.com\/it\/product\/anello-convertitore-piastra-slim-led-piastra-circolare-24w-ugr17-osram-chip-duris-e-2835\/","og_site_name":"STARLED Iluminacion","article_modified_time":"2025-03-16T11:21:06+00:00","og_image":[{"width":744,"height":800,"url":"https:\/\/starlediluminacion.com\/wp-content\/uploads\/2025\/01\/aro-convertidor-de-placa-slim-a-plafon-de-superficie-8.jpg","type":"image\/jpeg"}],"twitter_card":"summary_large_image","twitter_misc":{"Tempo di lettura stimato":"2 minuti"},"schema":{"@context":"https:\/\/schema.org","@graph":[{"@type":"WebPage","@id":"https:\/\/starlediluminacion.com\/it\/product\/anello-convertitore-piastra-slim-led-piastra-circolare-24w-ugr17-osram-chip-duris-e-2835\/","url":"https:\/\/starlediluminacion.com\/it\/product\/anello-convertitore-piastra-slim-led-piastra-circolare-24w-ugr17-osram-chip-duris-e-2835\/","name":"Aro Convertidor + Placa Slim LED Circular 24W - UGR17 - OSRAM CHIP DURIS E 2835 - STARLED Iluminacion","isPartOf":{"@id":"https:\/\/starlediluminacion.com\/#website"},"primaryImageOfPage":{"@id":"https:\/\/starlediluminacion.com\/it\/product\/anello-convertitore-piastra-slim-led-piastra-circolare-24w-ugr17-osram-chip-duris-e-2835\/#primaryimage"},"image":{"@id":"https:\/\/starlediluminacion.com\/it\/product\/anello-convertitore-piastra-slim-led-piastra-circolare-24w-ugr17-osram-chip-duris-e-2835\/#primaryimage"},"thumbnailUrl":"https:\/\/starlediluminacion.com\/wp-content\/uploads\/2025\/01\/aro-convertidor-de-placa-slim-a-plafon-de-superficie-8.jpg","datePublished":"2025-01-05T15:22:55+00:00","dateModified":"2025-03-16T11:21:06+00:00","breadcrumb":{"@id":"https:\/\/starlediluminacion.com\/it\/product\/anello-convertitore-piastra-slim-led-piastra-circolare-24w-ugr17-osram-chip-duris-e-2835\/#breadcrumb"},"inLanguage":"it-IT","potentialAction":[{"@type":"ReadAction","target":["https:\/\/starlediluminacion.com\/it\/product\/anello-convertitore-piastra-slim-led-piastra-circolare-24w-ugr17-osram-chip-duris-e-2835\/"]}]},{"@type":"ImageObject","inLanguage":"it-IT","@id":"https:\/\/starlediluminacion.com\/it\/product\/anello-convertitore-piastra-slim-led-piastra-circolare-24w-ugr17-osram-chip-duris-e-2835\/#primaryimage","url":"https:\/\/starlediluminacion.com\/wp-content\/uploads\/2025\/01\/aro-convertidor-de-placa-slim-a-plafon-de-superficie-8.jpg","contentUrl":"https:\/\/starlediluminacion.com\/wp-content\/uploads\/2025\/01\/aro-convertidor-de-placa-slim-a-plafon-de-superficie-8.jpg","width":744,"height":800},{"@type":"BreadcrumbList","@id":"https:\/\/starlediluminacion.com\/it\/product\/anello-convertitore-piastra-slim-led-piastra-circolare-24w-ugr17-osram-chip-duris-e-2835\/#breadcrumb","itemListElement":[{"@type":"ListItem","position":1,"name":"Portada","item":"https:\/\/starlediluminacion.com\/"},{"@type":"ListItem","position":2,"name":"Shop","item":"https:\/\/starlediluminacion.com\/shop-2\/"},{"@type":"ListItem","position":3,"name":"Aro Convertidor + Placa Slim LED Circular 24W &#8211; UGR17 &#8211; OSRAM CHIP DURIS E 2835"}]},{"@type":"WebSite","@id":"https:\/\/starlediluminacion.com\/#website","url":"https:\/\/starlediluminacion.com\/","name":"STARLED Iluminacion","description":"","potentialAction":[{"@type":"SearchAction","target":{"@type":"EntryPoint","urlTemplate":"https:\/\/starlediluminacion.com\/?s={search_term_string}"},"query-input":{"@type":"PropertyValueSpecification","valueRequired":true,"valueName":"search_term_string"}}],"inLanguage":"it-IT"}]}},"_links":{"self":[{"href":"https:\/\/starlediluminacion.com\/it\/wp-json\/wp\/v3\/product\/14921","targetHints":{"allow":["GET"]}}],"collection":[{"href":"https:\/\/starlediluminacion.com\/it\/wp-json\/wp\/v3\/product"}],"about":[{"href":"https:\/\/starlediluminacion.com\/it\/wp-json\/wp\/v2\/types\/product"}],"wp:featuredmedia":[{"embeddable":true,"href":"https:\/\/starlediluminacion.com\/it\/wp-json\/wp\/v2\/media\/14926"}],"wp:attachment":[{"href":"https:\/\/starlediluminacion.com\/it\/wp-json\/wp\/v2\/media?parent=14921"}],"wp:term":[{"taxonomy":"product_cat","embeddable":true,"href":"https:\/\/starlediluminacion.com\/it\/wp-json\/wp\/v2\/product_cat?post=14921"},{"taxonomy":"product_tag","embeddable":true,"href":"https:\/\/starlediluminacion.com\/it\/wp-json\/wp\/v2\/product_tag?post=14921"}],"curies":[{"name":"wp","href":"https:\/\/api.w.org\/{rel}","templated":true}]}}