{"id":14827,"date":"2024-10-27T10:14:07","date_gmt":"2024-10-27T10:14:07","guid":{"rendered":"https:\/\/starlediluminacion.com\/?post_type=product&#038;p=14827"},"modified":"2025-03-16T11:19:56","modified_gmt":"2025-03-16T11:19:56","slug":"campana-industrial-led-150w-100w-80w-ufo-france-cct-samsung-chip-2835-200lm-w-zhaga-plug-and-play-angulo-60o-90o","status":"publish","type":"product","link":"https:\/\/starlediluminacion.com\/it\/product\/campana-industrial-led-150w-100w-80w-ufo-france-cct-samsung-chip-2835-200lm-w-zhaga-plug-and-play-angulo-60o-90o\/","title":{"rendered":"<p>LED industriali 150W-100W-80W - UFO FRANCE - CCT - SAMSUNG CHIP 2835 200Lm\/W - ZHAGA PLUG AND PLAY - Angolo 60\u00ba-90\u00ba<\/p>"},"content":{"rendered":"<h1>LED industriali 150W-100W-80W - UFO FRANCE - CCT - SAMSUNG CHIP 2835 200Lm\/W - ZHAGA PLUG AND PLAY - Angolo 60\u00ba-90\u00ba<p>&nbsp;<\/p><p>Il&nbsp;<strong>Cappa industriale a LED UFO FRANCE<\/strong>&nbsp;\u00e8 una soluzione illuminotecnica ad alte prestazioni progettata per gli ambienti industriali pi\u00f9 esigenti. Si distingue per la combinazione di potenza, versatilit\u00e0 e durata, che la rendono una scelta ideale per chi vuole massimizzare l'efficienza energetica e ottimizzare la qualit\u00e0 dell'illuminazione in grandi spazi come fabbriche, magazzini, centri di distribuzione e aeroporti. Di seguito sono illustrate le caratteristiche principali e i vantaggi che ne fanno una delle migliori opzioni nel mercato dell'illuminazione industriale:<\/p><h3><strong>Potenza regolabile<\/strong><\/h3><p>Il&nbsp;<strong>Cappa industriale a LED UFO FRANCE<\/strong>&nbsp;offre una caratteristica distintiva che consente agli utenti di regolare la potenza luminosa in base alle proprie esigenze specifiche. Grazie al selettore di potenza, \u00e8 possibile impostare l'illuminazione a 150W, 100W o 80W. Questo garantisce la flessibilit\u00e0 necessaria per adattarsi ai diversi ambienti e alle diverse esigenze di illuminazione, consentendo un uso efficiente sia nelle aree che richiedono un'elevata visibilit\u00e0 sia negli spazi in cui \u00e8 sufficiente un'illuminazione pi\u00f9 tenue.<\/p><h3><strong>Interruttore Zhaga (PNP) e protocolli di controllo<\/strong><\/h3><p>Questo dispositivo \u00e8 completamente compatibile con&nbsp;<strong>Interruttore PNP Zhaga (plug and play)<\/strong>e una vasta gamma di protocolli di controllo, tra cui&nbsp;<strong>DALI<\/strong>,&nbsp;<strong>1-10V<\/strong>,&nbsp;<strong>ZigBee, sensore PIR, RADAR<\/strong>&nbsp;e sensori crepuscolari, il che ne facilita l'integrazione in sistemi di illuminazione intelligenti e automatizzati. Questa compatibilit\u00e0 permette di regolare e ottimizzare il consumo energetico, di implementare la gestione a distanza e di consentire un controllo intelligente e adattivo della luce, ottimizzandone l'uso in base alle esigenze produttive o addirittura all'ora del giorno.<\/p><h3><strong>Temperatura colore (CCT) regolabile<\/strong><\/h3><p>&nbsp;<\/p><p>La possibilit\u00e0 di regolare il&nbsp;<strong>temperatura del colore<\/strong>&nbsp;offre un'ulteriore personalizzazione, consentendo di scegliere tra diverse tonalit\u00e0 di luce (pi\u00f9 calda o pi\u00f9 fredda) a seconda delle condizioni ambientali o delle attivit\u00e0 da svolgere. In questo modo si crea un ambiente di lavoro pi\u00f9 confortevole e adatto alle esigenze dell'utente, contribuendo a migliorare le prestazioni sul posto di lavoro.<\/p><h3><strong>Efficienza e tecnologia all'avanguardia<\/strong><\/h3><p>La cappa \u00e8 dotata di&nbsp;<strong>Chip Samsung 2835<\/strong>L'elevata efficacia luminosa del&nbsp;<strong>200Lm\/w<\/strong>. Il risultato \u00e8 un'illuminazione potente e luminosa, che a sua volta riduce significativamente il consumo energetico. L'efficienza di questi chip consente di risparmiare sui costi dell'elettricit\u00e0 senza compromettere la qualit\u00e0 dell'illuminazione, che \u00e8 fondamentale negli spazi industriali in cui sono necessarie lunghe ore di funzionamento quotidiano.<\/p><h3><strong>Angolo di apertura regolabile<\/strong><\/h3><p>Un altro grande vantaggio \u00e8 la possibilit\u00e0 di regolare l'angolo dell'apertura della luce tra&nbsp;<strong>60\u00ba e 90\u00ba.<\/strong>. Ci\u00f2 consente di orientare la luce con precisione, migliorando la visibilit\u00e0 e riducendo al minimo la formazione di ombre nelle aree di lavoro critiche. Questa flessibilit\u00e0 garantisce un'illuminazione funzionale ed efficiente, soprattutto negli ambienti in cui \u00e8 richiesta un'elevata precisione visiva.<\/p><h3><strong>Durata e resistenza garantite<\/strong><\/h3><p>Con una classificazione&nbsp;<strong>IP65<\/strong>La cappa LED \u00e8 resistente alla polvere e all'acqua e rappresenta la scelta ideale per gli ambienti industriali in cui le condizioni possono essere difficili, come le fabbriche e i siti di produzione. La sua struttura robusta garantisce una lunga durata e un funzionamento ininterrotto, anche negli ambienti pi\u00f9 difficili. Inoltre, \u00e8 dotata di un&nbsp;<strong>Garanzia di 5 anni<\/strong>Questo garantisce un investimento affidabile a lungo termine.<\/p><h3><strong>Driver di alta qualit\u00e0<\/strong><\/h3><p>Il&nbsp;<strong>conducente SOSEN<\/strong>incorporato in questa calotta \u00e8 rinomato per la sua affidabilit\u00e0 ed efficienza. Questo componente assicura una prestazione stabile e duratura dell'apparecchio, evitando i comuni guasti che tendono a manifestarsi nel tempo nei sistemi di illuminazione di qualit\u00e0 inferiore.<\/p><h3><strong>I principali vantaggi dello switch Zhaga Plug and Play<\/strong><\/h3><p>Il&nbsp;<strong>Interruttore Zhaga PNP<\/strong>&nbsp;consente una facile installazione e standardizzazione per una perfetta integrazione di sensori e tecnologie intelligenti. Gli apparecchi con questo sistema sono altamente scalabili e consentono una gestione efficiente dell'energia, facilitando l'adattamento alle mutevoli esigenze o alla crescita dei sistemi di illuminazione senza richiedere modifiche complesse.<\/p><h3><strong>Vantaggi principali<\/strong><\/h3><ul>\n<li><strong>Eccezionale efficienza energetica:<\/strong>&nbsp;Grazie al suo design e alla sua tecnologia, questa cappa riduce significativamente i costi dell'elettricit\u00e0, fornendo un'illuminazione chiara e brillante con un basso consumo energetico.<\/li>\n<li><strong>Lunga durata:<\/strong>&nbsp;La struttura robusta e i componenti di alta qualit\u00e0 assicurano una lunga durata con una manutenzione minima, riducendo i costi operativi nel tempo.<\/li>\n<li><strong>Installazione flessibile:<\/strong>&nbsp;Il suo design versatile consente una facile installazione in varie configurazioni e strutture, facilitandone l'integrazione in diversi tipi di ambienti industriali.<\/li>\n<li><strong>Controllo intelligente:<\/strong>&nbsp;Compatibile con i sistemi di gestione degli edifici (BMS) e con sensori e protocolli avanzati, come ad esempio&nbsp;<strong>Zhaga<\/strong>,&nbsp;<strong>DALI<\/strong>&nbsp;y&nbsp;<strong>ZigBee<\/strong>Il nuovo sistema offre la possibilit\u00e0 di controllo remoto, manutenzione predittiva e ottimizzazione del consumo energetico.<\/li>\n<\/ul><h3><strong>Applicazioni consigliate<\/strong><\/h3><p>Il&nbsp;<strong>Cappa industriale a LED UFO FRANCE<\/strong>&nbsp;\u00e8 ideale per un'ampia variet\u00e0 di applicazioni industriali e commerciali, come ad esempio:<\/p><ul>\n<li><strong>Magazzini e centri di distribuzione<\/strong>dove \u00e8 necessaria un'illuminazione potente e costante.<\/li>\n<li><strong>Fabbriche e impianti di produzione<\/strong>che richiedono una luce di alta qualit\u00e0 per svolgere compiti precisi.<\/li>\n<li><strong>Centri di montaggio<\/strong>dove una buona visibilit\u00e0 \u00e8 essenziale per il controllo della qualit\u00e0.<\/li>\n<li><strong>Aeroporti<\/strong>dove le aree ad alta attivit\u00e0 richiedono un'illuminazione affidabile e duratura.<\/li>\n<li><strong>Controllo intelligente e gestione remota<\/strong>I sistemi di illuminazione possono essere adattati automaticamente alle esigenze degli utenti.<\/li>\n<\/ul><h3><strong>Nota importante<\/strong><\/h3><p>Per sfruttare appieno le funzionalit\u00e0 del sistema&nbsp;<strong>Zhaga<\/strong>&nbsp;e la compatibilit\u00e0 con&nbsp;<strong>DALI<\/strong>,&nbsp;<strong>1-10V<\/strong>&nbsp;e altri protocolli, \u00e8 necessario acquistare separatamente gli accessori compatibili, che non sono inclusi di serie.<\/p><p>In breve, il&nbsp;<strong>Cappa industriale a LED UFO FRANCE<\/strong>&nbsp;combina efficienza, tecnologia avanzata, durata e flessibilit\u00e0, offrendo una soluzione di illuminazione industriale intelligente e potente che pu\u00f2 essere adattata alle esigenze di qualsiasi spazio di lavoro.<\/p><p>&nbsp;<\/p><p>La cappa industriale a LED di UFO FRANCE \u00e8 la soluzione ideale per un ambiente di lavoro pi\u00f9 luminoso, sicuro ed efficiente. Ordinate oggi stesso e provate la differenza che pu\u00f2 fare un'illuminazione di alta qualit\u00e0.<\/p><h3 class=\"h6\">Scheda tecnica del prodotto<\/h3><dl class=\"data-sheet\">\n<dt class=\"name\"><img loading=\"lazy\" decoding=\"async\" src=\"https:\/\/www.factorled.com\/modules\/oa_features\/img\/2-default.jpg\" width=\"32\" height=\"32\">&nbsp;RIFERIMENTO<\/dt>\n<dd class=\"value\">HB150W-CCT- 91292<\/dd>\n<dt class=\"name\"><img loading=\"lazy\" decoding=\"async\" src=\"https:\/\/www.factorled.com\/modules\/oa_features\/img\/3-default.jpg\" width=\"32\" height=\"32\">&nbsp;Potenza nominale<\/dt>\n<dd class=\"value\">150W-100W-80W<\/dd>\n<dt class=\"name\"><img loading=\"lazy\" decoding=\"async\" src=\"https:\/\/www.factorled.com\/modules\/oa_features\/img\/4-default.jpg\" width=\"32\" height=\"32\">&nbsp;Tensione nominale<\/dt>\n<dd class=\"value\">220-240 V CA<\/dd>\n<dt class=\"name\"><img loading=\"lazy\" decoding=\"async\" src=\"https:\/\/www.factorled.com\/modules\/oa_features\/img\/5-default.jpg\" width=\"32\" height=\"32\">&nbsp;Temperatura della luce<\/dt>\n<dd class=\"value\">COLORE SELEZIONABILE: 3000K-4000K-6000K<\/dd>\n<dt class=\"name\"><img loading=\"lazy\" decoding=\"async\" src=\"https:\/\/www.factorled.com\/modules\/oa_features\/img\/6-default.jpg\" width=\"32\" height=\"32\">&nbsp;CRI - Indice di riproduzione cromatica<\/dt>\n<dd class=\"value\">82<\/dd>\n<dt class=\"name\"><img loading=\"lazy\" decoding=\"async\" src=\"https:\/\/www.factorled.com\/modules\/oa_features\/img\/8-default.jpg\" width=\"32\" height=\"32\">&nbsp;Luminosit\u00e0-Lm<\/dt>\n<dd class=\"value\">21000Lm<\/dd>\n<dt class=\"name\"><img loading=\"lazy\" decoding=\"async\" src=\"https:\/\/www.factorled.com\/modules\/oa_features\/img\/9-default.jpg\" width=\"32\" height=\"32\">&nbsp;Tipo di LED<\/dt>\n<dd class=\"value\">CHIP SAMSUNG 2835<\/dd>\n<dt class=\"name\"><img loading=\"lazy\" decoding=\"async\" src=\"https:\/\/www.factorled.com\/modules\/oa_features\/img\/10-default.jpg\" width=\"32\" height=\"32\">&nbsp;Angolo di apertura (\u00ba)<\/dt>\n<dd class=\"value\">60\u00ba - 90\u00ba - 60\u00ba - 90\u00ba<\/dd>\n<dt class=\"name\"><img loading=\"lazy\" decoding=\"async\" src=\"https:\/\/www.factorled.com\/modules\/oa_features\/img\/12-default.jpg\" width=\"32\" height=\"32\">&nbsp;Efficienza del diodo LED (Lm\/W)<\/dt>\n<dd class=\"value\">200 Lm\/W<\/dd>\n<dt class=\"name\"><img loading=\"lazy\" decoding=\"async\" src=\"https:\/\/www.factorled.com\/modules\/oa_features\/img\/13-default.jpg\" width=\"32\" height=\"32\">&nbsp;Efficienza luminosa (Lm\/W)<\/dt>\n<dd class=\"value\">150 Lm\/W<\/dd>\n<dt class=\"name\"><img loading=\"lazy\" decoding=\"async\" src=\"https:\/\/www.factorled.com\/modules\/oa_features\/img\/11-default.jpg\" width=\"32\" height=\"32\">&nbsp;Dimostrabile<\/dt>\n<dd class=\"value\">DIMMERABILE 1-10V, DALI<\/dd>\n<dt class=\"name\"><img loading=\"lazy\" decoding=\"async\" src=\"https:\/\/www.factorled.com\/modules\/oa_features\/img\/15-default.jpg\" width=\"32\" height=\"32\">&nbsp;Certificati<\/dt>\n<dd class=\"value\">CE - ROHS<\/dd>\n<dt class=\"name\"><img loading=\"lazy\" decoding=\"async\" src=\"https:\/\/www.factorled.com\/modules\/oa_features\/img\/16-default.jpg\" width=\"32\" height=\"32\">&nbsp;Grado di protezione IP<\/dt>\n<dd class=\"value\">IP65-Outdoor<\/dd>\n<dt class=\"name\"><img loading=\"lazy\" decoding=\"async\" src=\"https:\/\/www.factorled.com\/modules\/oa_features\/img\/17-default.jpg\" width=\"32\" height=\"32\">&nbsp;Vita stimata Diodo LED (H)<\/dt>\n<dd class=\"value\">50.000<\/dd>\n<dt class=\"name\"><img loading=\"lazy\" decoding=\"async\" src=\"https:\/\/www.factorled.com\/modules\/oa_features\/img\/18-default.jpg\" width=\"32\" height=\"32\">&nbsp;Dimensioni (mm)<\/dt>\n<dd class=\"value\">\u00d8290 * H116 mm<\/dd>\n<dt class=\"name\"><img loading=\"lazy\" decoding=\"async\" src=\"https:\/\/www.factorled.com\/modules\/oa_features\/img\/20-default.jpg\" width=\"32\" height=\"32\">&nbsp;Fattore di potenza (PF)<\/dt>\n<dd class=\"value\">0.9<\/dd>\n<dt class=\"name\"><img loading=\"lazy\" decoding=\"async\" src=\"https:\/\/www.factorled.com\/modules\/oa_features\/img\/26-default.jpg\" width=\"32\" height=\"32\">&nbsp;Informazioni aggiuntive<\/dt>\n<dd class=\"value\">Cabina: 0,5 m<\/dd>\n<dt class=\"name\"><img loading=\"lazy\" decoding=\"async\" src=\"https:\/\/www.factorled.com\/modules\/oa_features\/img\/31-default.jpg\" width=\"32\" height=\"32\">&nbsp;Protettore di sovratensione<\/dt>\n<dd class=\"value\">6K<\/dd>\n<dt class=\"name\"><img loading=\"lazy\" decoding=\"async\" src=\"https:\/\/www.factorled.com\/modules\/oa_features\/img\/73-default.jpg\" width=\"32\" height=\"32\">&nbsp;Protezione dagli impatti (IK)<\/dt>\n<dd class=\"value\">IK08<\/dd>\n<dt class=\"name\"><img loading=\"lazy\" decoding=\"async\" src=\"https:\/\/www.factorled.com\/modules\/oa_features\/img\/74-default.jpg\" width=\"32\" height=\"32\">&nbsp;Driver incluso<\/dt>\n<dd class=\"value\">GUIDA SOSEN<\/dd>\n<dt class=\"name\"><img loading=\"lazy\" decoding=\"async\" src=\"https:\/\/www.factorled.com\/modules\/oa_features\/img\/101-default.jpg\" width=\"32\" height=\"32\">&nbsp;Classe energetica (2023 - UE-2019\/2015)<\/dt>\n<dd class=\"value\">C<\/dd>\n<dt class=\"name\"><img loading=\"lazy\" decoding=\"async\" src=\"https:\/\/www.factorled.com\/modules\/oa_features\/img\/75-default.jpg\" width=\"32\" height=\"32\">&nbsp;Anni di garanzia<\/dt>\n<dd class=\"value\">5<\/dd>\n<\/dl><\/h1>","protected":false},"excerpt":{"rendered":"<div class=\"product-reference\"><strong><label class=\"label\">Riferimento:<\/label> SLHB150W-CCT- 91292<\/strong>\n<div><\/div>\n<div class=\"product-description-short\">\n<div id=\"product-description-short-3638\">\n<p>Il&nbsp;<strong>Cappa industriale a LED UFO FRANCE<\/strong>&nbsp;\u00e8 una soluzione di illuminazione altamente efficiente con&nbsp;<strong>potenza regolabile<\/strong>&nbsp;(150W, 100W, 80W) per ottimizzare il consumo energetico. Include la tecnologia&nbsp;<strong>CCT<\/strong>&nbsp;per modificare la temperatura di colore in base alle proprie esigenze, ed \u00e8 dotato di un sistema di controllo della temperatura di colore.&nbsp;<strong>SAMSUNG 2835<\/strong>&nbsp;di 200Lm\/W, garantendo un'elevata luminosit\u00e0. Offre un angolo di apertura regolabile tra&nbsp;<strong>60\u00ba o 90\u00ba.<\/strong>&nbsp;e ha un connettore&nbsp;<strong>ZHAGA PNP<\/strong>&nbsp;compatibile con&nbsp;<strong>Dimmerazione DALI, controllo 1-10V, ZigBee e sensore di movimento.<\/strong>&nbsp;Include&nbsp;<strong>5 anni di garanzia<\/strong>garantendo durata e affidabilit\u00e0.<\/p>\n<\/div>\n<\/div><\/div>","protected":false},"featured_media":14841,"template":"","meta":{"site-sidebar-layout":"default","site-content-layout":"default","ast-global-header-display":"","ast-main-header-display":"","ast-hfb-above-header-display":"","ast-hfb-below-header-display":"","ast-hfb-mobile-header-display":"","site-post-title":"","ast-breadcrumbs-content":"","ast-featured-img":"","footer-sml-layout":"","theme-transparent-header-meta":"default","adv-header-id-meta":"","stick-header-meta":"","header-above-stick-meta":"","header-main-stick-meta":"","header-below-stick-meta":""},"product_cat":[100,29],"product_tag":[],"class_list":["post-14827","product","type-product","status-publish","has-post-thumbnail","hentry","product_cat-campanas-industriales-pro-led-ufo","product_cat-iluminacion-industrial-led"],"_links":{"self":[{"href":"https:\/\/starlediluminacion.com\/it\/wp-json\/wp\/v3\/product\/14827","targetHints":{"allow":["GET"]}}],"collection":[{"href":"https:\/\/starlediluminacion.com\/it\/wp-json\/wp\/v3\/product"}],"about":[{"href":"https:\/\/starlediluminacion.com\/it\/wp-json\/wp\/v2\/types\/product"}],"wp:featuredmedia":[{"embeddable":true,"href":"https:\/\/starlediluminacion.com\/it\/wp-json\/wp\/v2\/media\/14841"}],"wp:attachment":[{"href":"https:\/\/starlediluminacion.com\/it\/wp-json\/wp\/v2\/media?parent=14827"}],"wp:term":[{"taxonomy":"product_cat","embeddable":true,"href":"https:\/\/starlediluminacion.com\/it\/wp-json\/wp\/v2\/product_cat?post=14827"},{"taxonomy":"product_tag","embeddable":true,"href":"https:\/\/starlediluminacion.com\/it\/wp-json\/wp\/v2\/product_tag?post=14827"}],"curies":[{"name":"wp","href":"https:\/\/api.w.org\/{rel}","templated":true}]}}