{"id":14727,"date":"2024-10-27T09:42:48","date_gmt":"2024-10-27T09:42:48","guid":{"rendered":"https:\/\/starlediluminacion.com\/?post_type=product&#038;p=14727"},"modified":"2025-03-16T11:18:27","modified_gmt":"2025-03-16T11:18:27","slug":"moldura-rodapie-de-poliestireno-frontal-para-tira-led-2-metros","status":"publish","type":"product","link":"https:\/\/starlediluminacion.com\/it\/product\/moldura-rodapie-de-poliestireno-frontal-para-tira-led-2-metros\/","title":{"rendered":"<p>Moldura Rodapi&eacute; de Poliestireno &ndash; Frontal &ndash; para tira LED &ndash; 2 Metros<\/p>"},"content":{"rendered":"<h1>Modanatura in polistirolo - per striscia LED - 2 metri<p>Il&nbsp;<strong>Stampaggio del polistirolo<\/strong>&nbsp;\u00e8 stato appositamente progettato per incorporare i profili in alluminio con le strisce LED, offrendo una soluzione decorativa che trasforma qualsiasi spazio grazie ad una&nbsp;<strong>illuminazione indiretta e decorativa<\/strong>. Questo prodotto consente di creare&nbsp;<strong>effetti spettacolari<\/strong>&nbsp;nella decorazione di interni, aggiungendo non solo luce, ma anche eleganza e dinamismo. Integrando i profili di illuminazione al suo interno, questa modanatura trasforma soffitti e pareti in vere e proprie opere d'arte, integrando forme lineari con un morbido bagliore di luce.<\/p><p>La modanatura offre infinite possibilit\u00e0 creative, consentendo di creare composizioni che aggiungono&nbsp;<strong>una dimensione aggiuntiva<\/strong>&nbsp;alla decorazione d'interni. Che si tratti di un soggiorno, di una camera da letto, di un ristorante o di uno spazio commerciale, l'illuminazione indiretta fornita da questa modanatura aggiunge un tocco moderno e sofisticato a qualsiasi ambiente. Con un po' di creativit\u00e0, \u00e8 possibile trasformare anche gli spazi pi\u00f9 semplici in ambienti accoglienti e di grande impatto visivo.<\/p><p>Per garantire un funzionamento ottimale&nbsp;<strong>dissipazione del calore<\/strong>Si consiglia di installarla insieme a un profilo in alluminio. Questo non solo migliora la durata dell'installazione, ma massimizza anche l'efficienza della striscia LED mantenendo una temperatura adeguata.<\/p><h3>Caratteristiche:<\/h3><ul>\n<li><strong>Materiale<\/strong>Polistirene estruso ad alta densit\u00e0 (XPS), noto per la sua struttura rigida, termoplastica e a celle chiuse.<\/li>\n<li><strong>Elevata resistenza meccanica<\/strong>L'omogeneit\u00e0 delle sue cellule gli conferisce una notevole rigidit\u00e0 strutturale, garantendo un'elevata resistenza agli urti e alla pressione.<\/li>\n<li><strong>Durata eccezionale<\/strong>La combinazione di elevata resistenza meccanica e basso assorbimento d'acqua rende l'XPS estremamente durevole e affidabile in ambienti interni.<\/li>\n<li><strong>Leggero e robusto<\/strong>Nonostante la sua robustezza, il materiale \u00e8 facile da maneggiare e installare.<\/li>\n<li><strong>Finitura personalizzabile<\/strong>Pu\u00f2 essere verniciato con diversi tipi di vernici, come quelle a base di nitro, acriliche o a base d'acqua, consentendo di personalizzare la modanatura in base alle esigenze decorative dello spazio.<\/li>\n<li><strong>Ecologico<\/strong>Privo di solventi e CFC, \u00e8 un prodotto ecologico.<\/li>\n<li><strong>Colore originale<\/strong>La modanatura viene consegnata nel suo colore originale, il che consente di personalizzarla completamente in base ai gusti dell'utente.<\/li>\n<\/ul><p><strong>Nota<\/strong>: Il&nbsp;<strong>stampaggio<\/strong>&nbsp;viene consegnato senza la striscia LED e gli accessori e comprende solo il prodotto principale pronto per essere personalizzato e installato.<\/p><p>Con questo stampo in polistirolo di alta qualit\u00e0, \u00e8 possibile creare ambienti unici e su misura che conferiscono un tocco di design moderno ed elegante a qualsiasi spazio.<\/p><h3>Questo prodotto si adatta a un'ampia variet\u00e0 di ambienti, combinando design e funzionalit\u00e0 per migliorare l'esperienza visiva di qualsiasi spazio interno.<\/h3><div class=\"flex max-w-full flex-col flex-grow\">\n<div class=\"min-h-8 text-message flex w-full flex-col items-end gap-2 whitespace-normal break-words [.text-message+&amp;]:mt-5\">\n<div class=\"flex w-full flex-col gap-1 empty:hidden first:pt-[3px]\">\n<div class=\"markdown prose w-full break-words dark:prose-invert light\">\n<ul>\n<li><strong>Hotel<\/strong>Perfetta per creare atmosfere calde ed eleganti in aree comuni, corridoi, reception o stanze, fornendo un tocco moderno e sofisticato con l'illuminazione indiretta.<\/li>\n<li><strong>Biblioteche<\/strong>Fornisce un'illuminazione morbida e decorativa che migliora l'atmosfera di lettura senza essere invadente, ideale per evidenziare aree specifiche come librerie o angoli di lettura.<\/li>\n<li><strong>Bar<\/strong>Gli effetti di luce indiretta creano un'atmosfera accogliente e dinamica, creando spazi intimi e attraenti per i clienti.<\/li>\n<li><strong>Casa<\/strong>Ideale per decorare soffitti, pareti o qualsiasi spazio della casa, trasformando soggiorni, camere da letto o sale da pranzo in atmosfere pi\u00f9 accoglienti e personalizzate.<\/li>\n<li><strong>Negozi<\/strong>Eccellente per evidenziare i prodotti o le aree chiave all'interno di negozi e vetrine, fornendo un'illuminazione estetica che migliora la presentazione dei prodotti.<\/li>\n<li><strong>Ristoranti<\/strong>L'illuminazione pu\u00f2 essere regolata in base all'occasione, conferendo eleganza e calore alle zone pranzo o lounge grazie a un'efficiente illuminazione decorativa.<\/li>\n<\/ul>\n<h3 class=\"h6\">Scheda tecnica del prodotto<\/h3>\n<dl class=\"data-sheet\">\n<dt class=\"name\"><img loading=\"lazy\" decoding=\"async\" src=\"https:\/\/www.factorled.com\/modules\/oa_features\/img\/2-default.jpg\" width=\"32\" height=\"32\">&nbsp;RIFERIMENTO<\/dt>\n<dd class=\"value\">PM-10140<\/dd>\n<dt class=\"name\"><img loading=\"lazy\" decoding=\"async\" src=\"https:\/\/www.factorled.com\/modules\/oa_features\/img\/25-default.jpg\" width=\"32\" height=\"32\">&nbsp;Materiale da costruzione<\/dt>\n<dd class=\"value\">Polistirene estruso<\/dd>\n<dt class=\"name\"><img loading=\"lazy\" decoding=\"async\" src=\"https:\/\/www.factorled.com\/modules\/oa_features\/img\/15-default.jpg\" width=\"32\" height=\"32\">&nbsp;Certificati<\/dt>\n<dd class=\"value\">CE - ROHS<\/dd>\n<dt class=\"name\"><img loading=\"lazy\" decoding=\"async\" src=\"https:\/\/www.factorled.com\/modules\/oa_features\/img\/18-default.jpg\" width=\"32\" height=\"32\">&nbsp;Dimensioni (mm)<\/dt>\n<dd class=\"value\">2000x120x18mm<\/dd>\n<dt class=\"name\"><img loading=\"lazy\" decoding=\"async\" src=\"https:\/\/www.factorled.com\/modules\/oa_features\/img\/75-default.jpg\" width=\"32\" height=\"32\">&nbsp;Anni di garanzia<\/dt>\n<dd class=\"value\">3<\/dd>\n<\/dl>\n<\/div>\n<\/div>\n<\/div>\n<\/div><\/h1>","protected":false},"excerpt":{"rendered":"<div class=\"product-reference\"><strong><label class=\"label\">Riferimento:<\/label> SLLPM-10140<\/strong>\n<div><\/div>\n<div class=\"product-description-short\">\n<div id=\"product-description-short-3756\">\n<p>Scoprire il&nbsp;<strong>Modanatura in polistirolo per striscia LED 2m<\/strong>una soluzione decorativa di alta qualit\u00e0 che trasforma qualsiasi spazio con un'illuminazione indiretta e diffusa. Realizzato in polistirene estruso, \u00e8 resistente agli urti e all'acqua, ed \u00e8 ideale per battiscopa e modanature del soffitto. Il suo design consente un'installazione facile e veloce, oltre a essere leggero e tagliato per adattarsi a qualsiasi dimensione. Perfetto per creare spettacolari effetti decorativi e luminosi, \u00e8 anche facile da verniciare, garantendo una finitura personalizzata ed elegante.<\/p>\n<p><em>Striscia LED e accessori non inclusi.<\/em><\/p>\n<\/div>\n<\/div><\/div>","protected":false},"featured_media":14730,"template":"","meta":{"site-sidebar-layout":"default","site-content-layout":"default","ast-global-header-display":"","ast-main-header-display":"","ast-hfb-above-header-display":"","ast-hfb-below-header-display":"","ast-hfb-mobile-header-display":"","site-post-title":"","ast-breadcrumbs-content":"","ast-featured-img":"","footer-sml-layout":"","theme-transparent-header-meta":"default","adv-header-id-meta":"","stick-header-meta":"","header-above-stick-meta":"","header-main-stick-meta":"","header-below-stick-meta":""},"product_cat":[92,45],"product_tag":[],"class_list":["post-14727","product","type-product","status-publish","has-post-thumbnail","hentry","product_cat-accesorios-tiras-led","product_cat-tiras-led-y-neon-flexible"],"_links":{"self":[{"href":"https:\/\/starlediluminacion.com\/it\/wp-json\/wp\/v3\/product\/14727","targetHints":{"allow":["GET"]}}],"collection":[{"href":"https:\/\/starlediluminacion.com\/it\/wp-json\/wp\/v3\/product"}],"about":[{"href":"https:\/\/starlediluminacion.com\/it\/wp-json\/wp\/v2\/types\/product"}],"wp:featuredmedia":[{"embeddable":true,"href":"https:\/\/starlediluminacion.com\/it\/wp-json\/wp\/v2\/media\/14730"}],"wp:attachment":[{"href":"https:\/\/starlediluminacion.com\/it\/wp-json\/wp\/v2\/media?parent=14727"}],"wp:term":[{"taxonomy":"product_cat","embeddable":true,"href":"https:\/\/starlediluminacion.com\/it\/wp-json\/wp\/v2\/product_cat?post=14727"},{"taxonomy":"product_tag","embeddable":true,"href":"https:\/\/starlediluminacion.com\/it\/wp-json\/wp\/v2\/product_tag?post=14727"}],"curies":[{"name":"wp","href":"https:\/\/api.w.org\/{rel}","templated":true}]}}