{"id":13890,"date":"2024-09-15T08:29:24","date_gmt":"2024-09-15T08:29:24","guid":{"rendered":"https:\/\/starlediluminacion.com\/?post_type=product&#038;p=13890"},"modified":"2025-01-05T14:48:07","modified_gmt":"2025-01-05T14:48:07","slug":"campana-led-ufo-endurance-multi-potencia-reflector-60o-osram-chip","status":"publish","type":"product","link":"https:\/\/starlediluminacion.com\/it\/product\/bell-led-ufo-endurance-multi-power-reflector-60-osram-chip\/","title":{"rendered":"<p>LED UFO ENDURANCE MULTI POWER + RIFLETTORE 60\u00b0 - CHIP OSRAM<\/p>"},"content":{"rendered":"<h1><strong>LED industriali UFO ENDURANCE OSRAM CHIP DURIS E 2835 + 60\u00b0 RIFLETTORE<br>\n<\/strong><p>La serie&nbsp;<strong>-UFO ENDURANCE<\/strong>- di<strong>&nbsp;cappe industriali a LED<\/strong>&nbsp;integrare il diodo&nbsp;<strong>OSRAM&nbsp;<\/strong>DURIS E 2835<strong>&nbsp;<\/strong>&nbsp;con 150lm\/W e un'uscita di 130lm\/W per un'elevata qualit\u00e0 e affidabilit\u00e0. Con un design unico, compatto ed elegante, brevettato, \u00e8 dotato di un dissipatore in alluminio di alta qualit\u00e0 per migliorare la dissipazione del calore mediante un effetto di convezione ad alta efficienza.<\/p><p>Il&nbsp;<strong>Cappa LED ENDURANCE<\/strong>&nbsp;elevata efficienza luminosa. L'accensione istantanea consente una rapida messa in funzione e il massimo risparmio sui consumi.<\/p><ol>\n<li>Elevata qualit\u00e0 del colore = migliore produttivit\u00e0: l'elevato indice di resa cromatica del chip Osram<strong>&nbsp;+80<\/strong>&nbsp;non distorce i colori reali degli oggetti che illumina, in modo che la qualit\u00e0 della luce influisca positivamente sul miglioramento della qualit\u00e0 visiva e sul miglioramento delle condizioni di lavoro e della produttivit\u00e0.<\/li>\n<li>Elevato risparmio energetico: confrontando questo apparecchio LED con una lampada al sodio, il risparmio pu\u00f2 arrivare fino a 66-80%<\/li>\n<\/ol><p>&nbsp;<\/p><p>L'UFO \u00e8 molto facile da installare perch\u00e9 \u00e8 dotato di un anello di fissaggio. La cappa pu\u00f2 essere pulita con acqua grazie al suo alto grado di&nbsp;<strong>Protezione IP65.<\/strong><\/p><p>Abbiamo diversi tipi di temperatura, che vi forniranno diverse tonalit\u00e0 di luce: bianco neutro (4000K), bianco freddo (6000K).<\/p><h2><strong>Utilizzi della lampada industriale a LED OSRAM UFO ENDURANCE UFO ENDURANCE<\/strong><\/h2><ul>\n<li>Edifici industriali<\/li>\n<li>Uffici industriali<\/li>\n<li>Ambienti industriali per lavori di precisione<\/li>\n<li>Laboratori<\/li>\n<li>Stazioni di servizio<\/li>\n<li>Fabbriche<\/li>\n<\/ul><\/h1>","protected":false},"excerpt":{"rendered":"<div class=\"product-reference\"><strong><label class=\"label\">Riferimento:<\/label> SLHB-CV-ENDUR-PRO<\/strong>\n<div><\/div>\n<div class=\"product-description-short\">\n<div id=\"product-description-short-3636\">\n<p>Nuova generazione di&nbsp;<strong>Cappa UFO ENDURANCE LED&nbsp;<\/strong>con diodi ad alta luminosit\u00e0 SMD 2835 di&nbsp;<strong>OSRAM.&nbsp;<\/strong>La campana ha&nbsp;<strong>5 anni di garanzia.&nbsp;<\/strong>CRI +80. Pu\u00f2 essere utilizzato sia all'interno che all'esterno grazie alla sua protezione.&nbsp;<strong>IP65.<\/strong><\/p>\n<p><strong>Potenza: 100W-150W-200W \/ 80W-100W-200W<\/strong><\/p>\n<p><strong>Temperatura colore: 4000K \/ 5700K<\/strong><\/p>\n<\/div>\n<\/div><\/div>","protected":false},"featured_media":13893,"template":"","meta":{"site-sidebar-layout":"default","site-content-layout":"default","ast-global-header-display":"","ast-main-header-display":"","ast-hfb-above-header-display":"","ast-hfb-below-header-display":"","ast-hfb-mobile-header-display":"","site-post-title":"","ast-breadcrumbs-content":"","ast-featured-img":"","footer-sml-layout":"","theme-transparent-header-meta":"default","adv-header-id-meta":"","stick-header-meta":"","header-above-stick-meta":"","header-main-stick-meta":"","header-below-stick-meta":""},"product_cat":[100,29],"product_tag":[],"class_list":["post-13890","product","type-product","status-publish","has-post-thumbnail","hentry","product_cat-campanas-industriales-pro-led-ufo","product_cat-iluminacion-industrial-led"],"yoast_head":"<!-- This site is optimized with the Yoast SEO plugin v27.4 - https:\/\/yoast.com\/product\/yoast-seo-wordpress\/ -->\n<title>Campana LED UFO ENDURANCE MULTI POTENCIA + REFLECTOR 60\u00ba - OSRAM CHIP - STARLED Iluminacion<\/title>\n<meta name=\"robots\" content=\"index, follow, max-snippet:-1, max-image-preview:large, max-video-preview:-1\" \/>\n<link rel=\"canonical\" href=\"https:\/\/starlediluminacion.com\/it\/product\/bell-led-ufo-endurance-multi-power-reflector-60-osram-chip\/\" \/>\n<meta property=\"og:locale\" content=\"it_IT\" \/>\n<meta property=\"og:type\" content=\"article\" \/>\n<meta property=\"og:title\" content=\"Campana LED UFO ENDURANCE MULTI POTENCIA + REFLECTOR 60\u00ba - OSRAM CHIP - STARLED Iluminacion\" \/>\n<meta property=\"og:description\" content=\"Referencia: SLHB-CV-ENDUR-PRO      Nueva generaci\u00f3n de\u00a0Campana LED UFO ENDURANCE\u00a0con diodos de alta luminosidad SMD 2835 de\u00a0OSRAM.\u00a0La campana tiene\u00a05 a\u00f1os de Garant\u00eda.\u00a0CRI +80. Se puede utilizar tanto en interior como en exterior gracias a su protecci\u00f3n\u00a0IP65.  Potencia: 100W-150W-200W \/ 80W-100W-200W  Temperatura de Color: 4000K \/ 5700K\" \/>\n<meta property=\"og:url\" content=\"https:\/\/starlediluminacion.com\/it\/product\/bell-led-ufo-endurance-multi-power-reflector-60-osram-chip\/\" \/>\n<meta property=\"og:site_name\" content=\"STARLED Iluminacion\" \/>\n<meta property=\"article:modified_time\" content=\"2025-01-05T14:48:07+00:00\" \/>\n<meta property=\"og:image\" content=\"https:\/\/starlediluminacion.com\/wp-content\/uploads\/2024\/09\/campana-led-ufo-endurance-multi-potencia-reflector-60o-osram-chip.png\" \/>\n\t<meta property=\"og:image:width\" content=\"744\" \/>\n\t<meta property=\"og:image:height\" content=\"800\" \/>\n\t<meta property=\"og:image:type\" content=\"image\/png\" \/>\n<meta name=\"twitter:card\" content=\"summary_large_image\" \/>\n<meta name=\"twitter:label1\" content=\"Tempo di lettura stimato\" \/>\n\t<meta name=\"twitter:data1\" content=\"1 minuto\" \/>\n<script type=\"application\/ld+json\" class=\"yoast-schema-graph\">{\"@context\":\"https:\\\/\\\/schema.org\",\"@graph\":[{\"@type\":\"WebPage\",\"@id\":\"https:\\\/\\\/starlediluminacion.com\\\/producto\\\/campana-led-ufo-endurance-multi-potencia-reflector-60o-osram-chip\\\/\",\"url\":\"https:\\\/\\\/starlediluminacion.com\\\/producto\\\/campana-led-ufo-endurance-multi-potencia-reflector-60o-osram-chip\\\/\",\"name\":\"Campana LED UFO ENDURANCE MULTI POTENCIA + REFLECTOR 60\u00ba - OSRAM CHIP - STARLED Iluminacion\",\"isPartOf\":{\"@id\":\"https:\\\/\\\/starlediluminacion.com\\\/#website\"},\"primaryImageOfPage\":{\"@id\":\"https:\\\/\\\/starlediluminacion.com\\\/producto\\\/campana-led-ufo-endurance-multi-potencia-reflector-60o-osram-chip\\\/#primaryimage\"},\"image\":{\"@id\":\"https:\\\/\\\/starlediluminacion.com\\\/producto\\\/campana-led-ufo-endurance-multi-potencia-reflector-60o-osram-chip\\\/#primaryimage\"},\"thumbnailUrl\":\"https:\\\/\\\/starlediluminacion.com\\\/wp-content\\\/uploads\\\/2024\\\/09\\\/campana-led-ufo-endurance-multi-potencia-reflector-60o-osram-chip.png\",\"datePublished\":\"2024-09-15T08:29:24+00:00\",\"dateModified\":\"2025-01-05T14:48:07+00:00\",\"breadcrumb\":{\"@id\":\"https:\\\/\\\/starlediluminacion.com\\\/producto\\\/campana-led-ufo-endurance-multi-potencia-reflector-60o-osram-chip\\\/#breadcrumb\"},\"inLanguage\":\"it-IT\",\"potentialAction\":[{\"@type\":\"ReadAction\",\"target\":[\"https:\\\/\\\/starlediluminacion.com\\\/producto\\\/campana-led-ufo-endurance-multi-potencia-reflector-60o-osram-chip\\\/\"]}]},{\"@type\":\"ImageObject\",\"inLanguage\":\"it-IT\",\"@id\":\"https:\\\/\\\/starlediluminacion.com\\\/producto\\\/campana-led-ufo-endurance-multi-potencia-reflector-60o-osram-chip\\\/#primaryimage\",\"url\":\"https:\\\/\\\/starlediluminacion.com\\\/wp-content\\\/uploads\\\/2024\\\/09\\\/campana-led-ufo-endurance-multi-potencia-reflector-60o-osram-chip.png\",\"contentUrl\":\"https:\\\/\\\/starlediluminacion.com\\\/wp-content\\\/uploads\\\/2024\\\/09\\\/campana-led-ufo-endurance-multi-potencia-reflector-60o-osram-chip.png\",\"width\":744,\"height\":800},{\"@type\":\"BreadcrumbList\",\"@id\":\"https:\\\/\\\/starlediluminacion.com\\\/producto\\\/campana-led-ufo-endurance-multi-potencia-reflector-60o-osram-chip\\\/#breadcrumb\",\"itemListElement\":[{\"@type\":\"ListItem\",\"position\":1,\"name\":\"Portada\",\"item\":\"https:\\\/\\\/starlediluminacion.com\\\/\"},{\"@type\":\"ListItem\",\"position\":2,\"name\":\"Shop\",\"item\":\"https:\\\/\\\/starlediluminacion.com\\\/shop-2\\\/\"},{\"@type\":\"ListItem\",\"position\":3,\"name\":\"Campana LED UFO ENDURANCE MULTI POTENCIA + REFLECTOR 60\u00ba &#8211; OSRAM CHIP\"}]},{\"@type\":\"WebSite\",\"@id\":\"https:\\\/\\\/starlediluminacion.com\\\/#website\",\"url\":\"https:\\\/\\\/starlediluminacion.com\\\/\",\"name\":\"STARLED Iluminacion\",\"description\":\"\",\"potentialAction\":[{\"@type\":\"SearchAction\",\"target\":{\"@type\":\"EntryPoint\",\"urlTemplate\":\"https:\\\/\\\/starlediluminacion.com\\\/?s={search_term_string}\"},\"query-input\":{\"@type\":\"PropertyValueSpecification\",\"valueRequired\":true,\"valueName\":\"search_term_string\"}}],\"inLanguage\":\"it-IT\"}]}<\/script>\n<!-- \/ Yoast SEO plugin. -->","yoast_head_json":{"title":"Campana LED UFO ENDURANCE MULTI POTENCIA + REFLECTOR 60\u00ba - OSRAM CHIP - STARLED Iluminacion","robots":{"index":"index","follow":"follow","max-snippet":"max-snippet:-1","max-image-preview":"max-image-preview:large","max-video-preview":"max-video-preview:-1"},"canonical":"https:\/\/starlediluminacion.com\/it\/product\/bell-led-ufo-endurance-multi-power-reflector-60-osram-chip\/","og_locale":"it_IT","og_type":"article","og_title":"Campana LED UFO ENDURANCE MULTI POTENCIA + REFLECTOR 60\u00ba - OSRAM CHIP - STARLED Iluminacion","og_description":"Referencia: SLHB-CV-ENDUR-PRO      Nueva generaci\u00f3n de\u00a0Campana LED UFO ENDURANCE\u00a0con diodos de alta luminosidad SMD 2835 de\u00a0OSRAM.\u00a0La campana tiene\u00a05 a\u00f1os de Garant\u00eda.\u00a0CRI +80. Se puede utilizar tanto en interior como en exterior gracias a su protecci\u00f3n\u00a0IP65.  Potencia: 100W-150W-200W \/ 80W-100W-200W  Temperatura de Color: 4000K \/ 5700K","og_url":"https:\/\/starlediluminacion.com\/it\/product\/bell-led-ufo-endurance-multi-power-reflector-60-osram-chip\/","og_site_name":"STARLED Iluminacion","article_modified_time":"2025-01-05T14:48:07+00:00","og_image":[{"width":744,"height":800,"url":"https:\/\/starlediluminacion.com\/wp-content\/uploads\/2024\/09\/campana-led-ufo-endurance-multi-potencia-reflector-60o-osram-chip.png","type":"image\/png"}],"twitter_card":"summary_large_image","twitter_misc":{"Tempo di lettura stimato":"1 minuto"},"schema":{"@context":"https:\/\/schema.org","@graph":[{"@type":"WebPage","@id":"https:\/\/starlediluminacion.com\/producto\/campana-led-ufo-endurance-multi-potencia-reflector-60o-osram-chip\/","url":"https:\/\/starlediluminacion.com\/producto\/campana-led-ufo-endurance-multi-potencia-reflector-60o-osram-chip\/","name":"Campana LED UFO ENDURANCE MULTI POTENCIA + REFLECTOR 60\u00ba - OSRAM CHIP - STARLED Iluminacion","isPartOf":{"@id":"https:\/\/starlediluminacion.com\/#website"},"primaryImageOfPage":{"@id":"https:\/\/starlediluminacion.com\/producto\/campana-led-ufo-endurance-multi-potencia-reflector-60o-osram-chip\/#primaryimage"},"image":{"@id":"https:\/\/starlediluminacion.com\/producto\/campana-led-ufo-endurance-multi-potencia-reflector-60o-osram-chip\/#primaryimage"},"thumbnailUrl":"https:\/\/starlediluminacion.com\/wp-content\/uploads\/2024\/09\/campana-led-ufo-endurance-multi-potencia-reflector-60o-osram-chip.png","datePublished":"2024-09-15T08:29:24+00:00","dateModified":"2025-01-05T14:48:07+00:00","breadcrumb":{"@id":"https:\/\/starlediluminacion.com\/producto\/campana-led-ufo-endurance-multi-potencia-reflector-60o-osram-chip\/#breadcrumb"},"inLanguage":"it-IT","potentialAction":[{"@type":"ReadAction","target":["https:\/\/starlediluminacion.com\/producto\/campana-led-ufo-endurance-multi-potencia-reflector-60o-osram-chip\/"]}]},{"@type":"ImageObject","inLanguage":"it-IT","@id":"https:\/\/starlediluminacion.com\/producto\/campana-led-ufo-endurance-multi-potencia-reflector-60o-osram-chip\/#primaryimage","url":"https:\/\/starlediluminacion.com\/wp-content\/uploads\/2024\/09\/campana-led-ufo-endurance-multi-potencia-reflector-60o-osram-chip.png","contentUrl":"https:\/\/starlediluminacion.com\/wp-content\/uploads\/2024\/09\/campana-led-ufo-endurance-multi-potencia-reflector-60o-osram-chip.png","width":744,"height":800},{"@type":"BreadcrumbList","@id":"https:\/\/starlediluminacion.com\/producto\/campana-led-ufo-endurance-multi-potencia-reflector-60o-osram-chip\/#breadcrumb","itemListElement":[{"@type":"ListItem","position":1,"name":"Portada","item":"https:\/\/starlediluminacion.com\/"},{"@type":"ListItem","position":2,"name":"Shop","item":"https:\/\/starlediluminacion.com\/shop-2\/"},{"@type":"ListItem","position":3,"name":"Campana LED UFO ENDURANCE MULTI POTENCIA + REFLECTOR 60\u00ba &#8211; OSRAM CHIP"}]},{"@type":"WebSite","@id":"https:\/\/starlediluminacion.com\/#website","url":"https:\/\/starlediluminacion.com\/","name":"STARLED Iluminacion","description":"","potentialAction":[{"@type":"SearchAction","target":{"@type":"EntryPoint","urlTemplate":"https:\/\/starlediluminacion.com\/?s={search_term_string}"},"query-input":{"@type":"PropertyValueSpecification","valueRequired":true,"valueName":"search_term_string"}}],"inLanguage":"it-IT"}]}},"_links":{"self":[{"href":"https:\/\/starlediluminacion.com\/it\/wp-json\/wp\/v3\/product\/13890","targetHints":{"allow":["GET"]}}],"collection":[{"href":"https:\/\/starlediluminacion.com\/it\/wp-json\/wp\/v3\/product"}],"about":[{"href":"https:\/\/starlediluminacion.com\/it\/wp-json\/wp\/v2\/types\/product"}],"wp:featuredmedia":[{"embeddable":true,"href":"https:\/\/starlediluminacion.com\/it\/wp-json\/wp\/v2\/media\/13893"}],"wp:attachment":[{"href":"https:\/\/starlediluminacion.com\/it\/wp-json\/wp\/v2\/media?parent=13890"}],"wp:term":[{"taxonomy":"product_cat","embeddable":true,"href":"https:\/\/starlediluminacion.com\/it\/wp-json\/wp\/v2\/product_cat?post=13890"},{"taxonomy":"product_tag","embeddable":true,"href":"https:\/\/starlediluminacion.com\/it\/wp-json\/wp\/v2\/product_tag?post=13890"}],"curies":[{"name":"wp","href":"https:\/\/api.w.org\/{rel}","templated":true}]}}