{"id":13861,"date":"2024-09-15T08:23:36","date_gmt":"2024-09-15T08:23:36","guid":{"rendered":"https:\/\/starlediluminacion.com\/?post_type=product&#038;p=13861"},"modified":"2025-01-05T14:47:47","modified_gmt":"2025-01-05T14:47:47","slug":"placa-slim-led-circular-10w-acero-inox-cct-osram-chip-duris-e-2835","status":"publish","type":"product","link":"https:\/\/starlediluminacion.com\/it\/product\/piastra-circolare-slim-led-10w-acero-inox-cct-osram-chip-duris-e-2835-2\/","title":{"rendered":"<p>Pannello LED circolare sottile 10W in acciaio inox - CCT - OSRAM CHIP DURIS E 2835<\/p>"},"content":{"rendered":"<h1>Pannello LED circolare sottile 10W in acciaio inox - CCT - OSRAM CHIP DURIS E 2835<p>Scoprite la nostra innovativa linea di&nbsp;<strong>Pannelli da incasso a LED<\/strong>&nbsp;Sottile con tecnologia&nbsp;<strong>CCT<\/strong>progettati per offrire versatilit\u00e0 e qualit\u00e0 nell'illuminazione dei vostri spazi.&nbsp;<strong>Con opzioni di selezione del colore tra 2700K, 4000K e 5700K,<\/strong>&nbsp;questa piastra \u00e8 la scelta perfetta per soddisfare le vostre specifiche esigenze di illuminazione.<\/p><p>Equipaggiato con il rinomato&nbsp;<strong>OSRAM DURIS E 2835 chip,<\/strong>&nbsp;questa piastra garantisce una luminosit\u00e0 eccezionale che illuminer\u00e0 i vostri ambienti in modo uniforme ed efficiente. L'ampio angolo di apertura di 120\u00ba offre una distribuzione uniforme della luce, perfetta per qualsiasi tipo di locale commerciale, sia esso casa, ufficio o negozio.<\/p><p>Ma soprattutto, ha un design moderno e accattivante che si integra perfettamente in qualsiasi ambiente. Inoltre, \u00e8 dotato di un driver NO FLICK, che evita il fastidioso sfarfallio, e di un indice di resa cromatica di&nbsp;<strong>(CRI) di +85,<\/strong>&nbsp;che garantisce colori pi\u00f9 naturali e un'illuminazione di qualit\u00e0.<\/p><p>Con il nostro&nbsp;<strong>Faretto a LED<\/strong>&nbsp;Slim CCT, potrete godere di un'illuminazione efficiente, versatile e di alta qualit\u00e0 che si adatta alle vostre esigenze e aggiunge un tocco di stile ai vostri spazi.<\/p><h2 dir=\"ltr\">Usos de la Placa Empotrable Slim LED Circular 10W&nbsp;&ndash; OSRAM CHIP<\/h2><ul>\n<li>Centri ricreativi<\/li>\n<li>Negozi<\/li>\n<li>Centri commerciali<\/li>\n<li>Hotel<\/li>\n<li>Ristoranti<\/li>\n<li>Casa<\/li>\n<\/ul><h3 class=\"h6\">Scheda tecnica del prodotto<\/h3><dl class=\"data-sheet\">\n<dt class=\"name\"><img loading=\"lazy\" decoding=\"async\" src=\"https:\/\/www.factorled.com\/modules\/oa_features\/img\/2-default.jpg\" width=\"32\" height=\"32\">&nbsp;RIFERIMENTO<\/dt>\n<dd class=\"value\">PLRNP10WOSR-3CCT-91876<\/dd>\n<dt class=\"name\"><img loading=\"lazy\" decoding=\"async\" src=\"https:\/\/www.factorled.com\/modules\/oa_features\/img\/3-default.jpg\" width=\"32\" height=\"32\">&nbsp;Potenza nominale<\/dt>\n<dd class=\"value\">10W<\/dd>\n<dt class=\"name\"><img loading=\"lazy\" decoding=\"async\" src=\"https:\/\/www.factorled.com\/modules\/oa_features\/img\/4-default.jpg\" width=\"32\" height=\"32\">&nbsp;Tensione nominale<\/dt>\n<dd class=\"value\">85V-265V<\/dd>\n<dt class=\"name\"><img loading=\"lazy\" decoding=\"async\" src=\"https:\/\/www.factorled.com\/modules\/oa_features\/img\/5-default.jpg\" width=\"32\" height=\"32\">&nbsp;Temperatura della luce<\/dt>\n<dd class=\"value\">2700K - 4000K - 5700K<\/dd>\n<dt class=\"name\"><img loading=\"lazy\" decoding=\"async\" src=\"https:\/\/www.factorled.com\/modules\/oa_features\/img\/6-default.jpg\" width=\"32\" height=\"32\">&nbsp;CRI - Indice di riproduzione cromatica<\/dt>\n<dd class=\"value\">85<\/dd>\n<dt class=\"name\"><img loading=\"lazy\" decoding=\"async\" src=\"https:\/\/www.factorled.com\/modules\/oa_features\/img\/25-default.jpg\" width=\"32\" height=\"32\">&nbsp;Materiale da costruzione<\/dt>\n<dd class=\"value\">Acciaio + ABS<\/dd>\n<dt class=\"name\"><img loading=\"lazy\" decoding=\"async\" src=\"https:\/\/www.factorled.com\/modules\/oa_features\/img\/25-default.jpg\" width=\"32\" height=\"32\">&nbsp;Materiale da costruzione<\/dt>\n<dd class=\"value\">Alluminio +PC<\/dd>\n<dt class=\"name\"><img loading=\"lazy\" decoding=\"async\" src=\"https:\/\/www.factorled.com\/modules\/oa_features\/img\/8-default.jpg\" width=\"32\" height=\"32\">&nbsp;Luminosit\u00e0-Lm<\/dt>\n<dd class=\"value\">1000<\/dd>\n<dt class=\"name\"><img loading=\"lazy\" decoding=\"async\" src=\"https:\/\/www.factorled.com\/modules\/oa_features\/img\/9-default.jpg\" width=\"32\" height=\"32\">&nbsp;Tipo di LED<\/dt>\n<dd class=\"value\">CHIP SMD 2835 OSRAM<\/dd>\n<dt class=\"name\"><img loading=\"lazy\" decoding=\"async\" src=\"https:\/\/www.factorled.com\/modules\/oa_features\/img\/10-default.jpg\" width=\"32\" height=\"32\">&nbsp;Angolo di apertura (\u00ba)<\/dt>\n<dd class=\"value\">120\u00ba<\/dd>\n<dt class=\"name\"><img loading=\"lazy\" decoding=\"async\" src=\"https:\/\/www.factorled.com\/modules\/oa_features\/img\/12-default.jpg\" width=\"32\" height=\"32\">&nbsp;Efficienza del diodo LED (Lm\/W)<\/dt>\n<dd class=\"value\">140 Lm\/W<\/dd>\n<dt class=\"name\"><img loading=\"lazy\" decoding=\"async\" src=\"https:\/\/www.factorled.com\/modules\/oa_features\/img\/13-default.jpg\" width=\"32\" height=\"32\">&nbsp;Efficienza luminosa (Lm\/W)<\/dt>\n<dd class=\"value\">100Lm\/W<\/dd>\n<dt class=\"name\"><img loading=\"lazy\" decoding=\"async\" src=\"https:\/\/www.factorled.com\/modules\/oa_features\/img\/11-default.jpg\" width=\"32\" height=\"32\">&nbsp;Dimostrabile<\/dt>\n<dd class=\"value\">NO<\/dd>\n<dt class=\"name\"><img loading=\"lazy\" decoding=\"async\" src=\"https:\/\/www.factorled.com\/modules\/oa_features\/img\/15-default.jpg\" width=\"32\" height=\"32\">&nbsp;Certificati<\/dt>\n<dd class=\"value\">CE - ROHS<\/dd>\n<dt class=\"name\"><img loading=\"lazy\" decoding=\"async\" src=\"https:\/\/www.factorled.com\/modules\/oa_features\/img\/16-default.jpg\" width=\"32\" height=\"32\">&nbsp;Grado di protezione IP<\/dt>\n<dd class=\"value\">IP20<\/dd>\n<dt class=\"name\"><img loading=\"lazy\" decoding=\"async\" src=\"https:\/\/www.factorled.com\/modules\/oa_features\/img\/17-default.jpg\" width=\"32\" height=\"32\">&nbsp;Vita stimata Diodo LED (H)<\/dt>\n<dd class=\"value\">40.000<\/dd>\n<dt class=\"name\"><img loading=\"lazy\" decoding=\"async\" src=\"https:\/\/www.factorled.com\/modules\/oa_features\/img\/18-default.jpg\" width=\"32\" height=\"32\">&nbsp;Misure (Mm)<\/dt>\n<dd class=\"value\">\u00d8120x22mm<\/dd>\n<dt class=\"name\"><img loading=\"lazy\" decoding=\"async\" src=\"https:\/\/www.factorled.com\/modules\/oa_features\/img\/21-default.jpg\" width=\"32\" height=\"32\">&nbsp;Frequenza di lavoro (Hz)<\/dt>\n<dd class=\"value\">50\/60Hz<\/dd>\n<dt class=\"name\"><img loading=\"lazy\" decoding=\"async\" src=\"https:\/\/www.factorled.com\/modules\/oa_features\/img\/22-default.jpg\" width=\"32\" height=\"32\">&nbsp;Intervallo di temperatura (\u00baC)<\/dt>\n<dd class=\"value\">-20\u00b0C ~ +55\u00b0C<\/dd>\n<dt class=\"name\"><img loading=\"lazy\" decoding=\"async\" src=\"https:\/\/www.factorled.com\/modules\/oa_features\/img\/23-default.jpg\" width=\"32\" height=\"32\">&nbsp;Cicli di accensione<\/dt>\n<dd class=\"value\">100.000<\/dd>\n<dt class=\"name\"><img loading=\"lazy\" decoding=\"async\" src=\"https:\/\/www.factorled.com\/modules\/oa_features\/img\/24-default.jpg\" width=\"32\" height=\"32\">&nbsp;Tempo di avvio (S)<\/dt>\n<dd class=\"value\">0,2s<\/dd>\n<dt class=\"name\"><img loading=\"lazy\" decoding=\"async\" src=\"https:\/\/www.factorled.com\/modules\/oa_features\/img\/27-default.jpg\" width=\"32\" height=\"32\">&nbsp;Taglio del soffitto (Mm)<\/dt>\n<dd class=\"value\">\u00d8110 mm<\/dd>\n<dt class=\"name\"><img loading=\"lazy\" decoding=\"async\" src=\"https:\/\/www.factorled.com\/modules\/oa_features\/img\/74-default.jpg\" width=\"32\" height=\"32\">&nbsp;Autista incluso<\/dt>\n<dd class=\"value\">DRIVER NO FLICK - NO FLICKER<\/dd>\n<dt class=\"name\"><img loading=\"lazy\" decoding=\"async\" src=\"https:\/\/www.factorled.com\/modules\/oa_features\/img\/7-default.jpg\" width=\"32\" height=\"32\">&nbsp;Classe energetica (2021-EU-2019\/2015)<\/dt>\n<dd class=\"value\">A+<\/dd>\n<dt class=\"name\"><img loading=\"lazy\" decoding=\"async\" src=\"https:\/\/www.factorled.com\/modules\/oa_features\/img\/101-default.jpg\" width=\"32\" height=\"32\">&nbsp;Classe energetica (2023 - UE-2019\/2015)<\/dt>\n<dd class=\"value\">F<\/dd>\n<dt class=\"name\"><img loading=\"lazy\" decoding=\"async\" src=\"https:\/\/www.factorled.com\/modules\/oa_features\/img\/75-default.jpg\" width=\"32\" height=\"32\">&nbsp;Anni di garanzia<\/dt>\n<dd class=\"value\">3<\/dd>\n<\/dl><\/h1>","protected":false},"excerpt":{"rendered":"<div class=\"product-reference\"><strong><label class=\"label\">Riferimento:<\/label> SLPLRNP10WOSR-3CCT-91876<\/strong>\n<div><\/div>\n<div class=\"product-description-short\">\n<div id=\"product-description-short-3630\">\n<p>Scoprite la nostra nuova gamma di&nbsp;<strong>Placas Empotrables LED Slim &ndash; Acero inox &ndash;&nbsp;<\/strong>con la tecnologia<strong>&nbsp;CCT,<\/strong>&nbsp;la soluzione perfetta per un'illuminazione versatile e di qualit\u00e0. Con opzioni di colore tra&nbsp;<strong>2700K, 4000K e 5700K<\/strong>questo&nbsp;<strong>downlight circolare<\/strong>&nbsp;da&nbsp;<strong>10W&nbsp;<\/strong>dotato di&nbsp;<strong>OSRAM DURIS E 2835<\/strong>&nbsp;offre una luminosit\u00e0 eccezionale per qualsiasi ambiente commerciale.<\/p>\n<p>Il suo design moderno, l'angolo di apertura di 120\u00ba e&nbsp;<strong>conducente NO FLICK<\/strong>&nbsp;garantisce un'illuminazione uniforme e priva di sfarfallio con colori naturali: fate risaltare i vostri spazi con questo downlight LED di qualit\u00e0!<\/p>\n<\/div>\n<\/div><\/div>","protected":false},"featured_media":13869,"template":"","meta":{"site-sidebar-layout":"default","site-content-layout":"default","ast-global-header-display":"","ast-main-header-display":"","ast-hfb-above-header-display":"","ast-hfb-below-header-display":"","ast-hfb-mobile-header-display":"","site-post-title":"","ast-breadcrumbs-content":"","ast-featured-img":"","footer-sml-layout":"","theme-transparent-header-meta":"default","adv-header-id-meta":"","stick-header-meta":"","header-above-stick-meta":"","header-main-stick-meta":"","header-below-stick-meta":""},"product_cat":[68,27],"product_tag":[],"class_list":["post-13861","product","type-product","status-publish","has-post-thumbnail","hentry","product_cat-downlight-extraplano-slim-led","product_cat-downlight-plafones-y-placas-led"],"yoast_head":"<!-- This site is optimized with the Yoast SEO plugin v27.4 - https:\/\/yoast.com\/product\/yoast-seo-wordpress\/ -->\n<title>Placa Slim LED Circular 10W Acero Inox - CCT - OSRAM CHIP DURIS E 2835 - STARLED Iluminacion<\/title>\n<meta name=\"robots\" content=\"index, follow, max-snippet:-1, max-image-preview:large, max-video-preview:-1\" \/>\n<link rel=\"canonical\" href=\"https:\/\/starlediluminacion.com\/it\/product\/placa-circular-fina-com-leds-10w-acero-inox-cct-osram-chip-duris-e-2835-2\/\" \/>\n<meta property=\"og:locale\" content=\"it_IT\" \/>\n<meta property=\"og:type\" content=\"article\" \/>\n<meta property=\"og:title\" content=\"Placa Slim LED Circular 10W Acero Inox - CCT - OSRAM CHIP DURIS E 2835 - STARLED Iluminacion\" \/>\n<meta property=\"og:description\" content=\"Referencia: SLPLRNP10WOSR-3CCT-91876      Descubre nuestra nueva gama de\u00a0Placas Empotrables LED Slim - Acero inox -\u00a0con tecnolog\u00eda\u00a0CCT,\u00a0la soluci\u00f3n perfecta para una iluminaci\u00f3n vers\u00e1til y de calidad. Con opciones de color entre\u00a02700K, 4000K y 5700K, este\u00a0downlight circular\u00a0de\u00a010W\u00a0equipada con\u00a0OSRAM DURIS E 2835\u00a0ofrece una luminosidad excepcional para cualquier entorno comercial.  Su dise\u00f1o moderno, \u00e1ngulo de apertura de 120\u00ba y\u00a0driver NO FLICK\u00a0garantizan una iluminaci\u00f3n uniforme, sin parpadeos y con colores naturales. \u00a1Haz que tus espacios destaquen con esta Placa Empotrable LED de calidad!\" \/>\n<meta property=\"og:url\" content=\"https:\/\/starlediluminacion.com\/it\/product\/placa-circular-fina-com-leds-10w-acero-inox-cct-osram-chip-duris-e-2835-2\/\" \/>\n<meta property=\"og:site_name\" content=\"STARLED Iluminacion\" \/>\n<meta property=\"article:modified_time\" content=\"2025-01-05T14:47:47+00:00\" \/>\n<meta property=\"og:image\" content=\"https:\/\/starlediluminacion.com\/wp-content\/uploads\/2024\/09\/placa-slim-led-circular-10w-acero-inox-cct-osram-chip-duris-e-2835.jpg\" \/>\n\t<meta property=\"og:image:width\" content=\"744\" \/>\n\t<meta property=\"og:image:height\" content=\"800\" \/>\n\t<meta property=\"og:image:type\" content=\"image\/jpeg\" \/>\n<meta name=\"twitter:card\" content=\"summary_large_image\" \/>\n<meta name=\"twitter:label1\" content=\"Tempo di lettura stimato\" \/>\n\t<meta name=\"twitter:data1\" content=\"2 minuti\" \/>\n<script type=\"application\/ld+json\" class=\"yoast-schema-graph\">{\"@context\":\"https:\\\/\\\/schema.org\",\"@graph\":[{\"@type\":\"WebPage\",\"@id\":\"https:\\\/\\\/starlediluminacion.com\\\/pt\\\/product\\\/placa-circular-fina-com-leds-10w-acero-inox-cct-osram-chip-duris-e-2835-2\\\/\",\"url\":\"https:\\\/\\\/starlediluminacion.com\\\/pt\\\/product\\\/placa-circular-fina-com-leds-10w-acero-inox-cct-osram-chip-duris-e-2835-2\\\/\",\"name\":\"Placa Slim LED Circular 10W Acero Inox - CCT - OSRAM CHIP DURIS E 2835 - STARLED Iluminacion\",\"isPartOf\":{\"@id\":\"https:\\\/\\\/starlediluminacion.com\\\/#website\"},\"primaryImageOfPage\":{\"@id\":\"https:\\\/\\\/starlediluminacion.com\\\/pt\\\/product\\\/placa-circular-fina-com-leds-10w-acero-inox-cct-osram-chip-duris-e-2835-2\\\/#primaryimage\"},\"image\":{\"@id\":\"https:\\\/\\\/starlediluminacion.com\\\/pt\\\/product\\\/placa-circular-fina-com-leds-10w-acero-inox-cct-osram-chip-duris-e-2835-2\\\/#primaryimage\"},\"thumbnailUrl\":\"https:\\\/\\\/starlediluminacion.com\\\/wp-content\\\/uploads\\\/2024\\\/09\\\/placa-slim-led-circular-10w-acero-inox-cct-osram-chip-duris-e-2835.jpg\",\"datePublished\":\"2024-09-15T08:23:36+00:00\",\"dateModified\":\"2025-01-05T14:47:47+00:00\",\"breadcrumb\":{\"@id\":\"https:\\\/\\\/starlediluminacion.com\\\/pt\\\/product\\\/placa-circular-fina-com-leds-10w-acero-inox-cct-osram-chip-duris-e-2835-2\\\/#breadcrumb\"},\"inLanguage\":\"it-IT\",\"potentialAction\":[{\"@type\":\"ReadAction\",\"target\":[\"https:\\\/\\\/starlediluminacion.com\\\/pt\\\/product\\\/placa-circular-fina-com-leds-10w-acero-inox-cct-osram-chip-duris-e-2835-2\\\/\"]}]},{\"@type\":\"ImageObject\",\"inLanguage\":\"it-IT\",\"@id\":\"https:\\\/\\\/starlediluminacion.com\\\/pt\\\/product\\\/placa-circular-fina-com-leds-10w-acero-inox-cct-osram-chip-duris-e-2835-2\\\/#primaryimage\",\"url\":\"https:\\\/\\\/starlediluminacion.com\\\/wp-content\\\/uploads\\\/2024\\\/09\\\/placa-slim-led-circular-10w-acero-inox-cct-osram-chip-duris-e-2835.jpg\",\"contentUrl\":\"https:\\\/\\\/starlediluminacion.com\\\/wp-content\\\/uploads\\\/2024\\\/09\\\/placa-slim-led-circular-10w-acero-inox-cct-osram-chip-duris-e-2835.jpg\",\"width\":744,\"height\":800},{\"@type\":\"BreadcrumbList\",\"@id\":\"https:\\\/\\\/starlediluminacion.com\\\/pt\\\/product\\\/placa-circular-fina-com-leds-10w-acero-inox-cct-osram-chip-duris-e-2835-2\\\/#breadcrumb\",\"itemListElement\":[{\"@type\":\"ListItem\",\"position\":1,\"name\":\"Portada\",\"item\":\"https:\\\/\\\/starlediluminacion.com\\\/\"},{\"@type\":\"ListItem\",\"position\":2,\"name\":\"Shop\",\"item\":\"https:\\\/\\\/starlediluminacion.com\\\/shop-2\\\/\"},{\"@type\":\"ListItem\",\"position\":3,\"name\":\"Placa Slim LED Circular 10W Acero Inox &#8211; CCT &#8211; OSRAM CHIP DURIS E 2835\"}]},{\"@type\":\"WebSite\",\"@id\":\"https:\\\/\\\/starlediluminacion.com\\\/#website\",\"url\":\"https:\\\/\\\/starlediluminacion.com\\\/\",\"name\":\"STARLED Iluminacion\",\"description\":\"\",\"potentialAction\":[{\"@type\":\"SearchAction\",\"target\":{\"@type\":\"EntryPoint\",\"urlTemplate\":\"https:\\\/\\\/starlediluminacion.com\\\/?s={search_term_string}\"},\"query-input\":{\"@type\":\"PropertyValueSpecification\",\"valueRequired\":true,\"valueName\":\"search_term_string\"}}],\"inLanguage\":\"it-IT\"}]}<\/script>\n<!-- \/ Yoast SEO plugin. -->","yoast_head_json":{"title":"Placa Slim LED Circular 10W Acero Inox - CCT - OSRAM CHIP DURIS E 2835 - STARLED Iluminacion","robots":{"index":"index","follow":"follow","max-snippet":"max-snippet:-1","max-image-preview":"max-image-preview:large","max-video-preview":"max-video-preview:-1"},"canonical":"https:\/\/starlediluminacion.com\/it\/product\/placa-circular-fina-com-leds-10w-acero-inox-cct-osram-chip-duris-e-2835-2\/","og_locale":"it_IT","og_type":"article","og_title":"Placa Slim LED Circular 10W Acero Inox - CCT - OSRAM CHIP DURIS E 2835 - STARLED Iluminacion","og_description":"Referencia: SLPLRNP10WOSR-3CCT-91876      Descubre nuestra nueva gama de\u00a0Placas Empotrables LED Slim - Acero inox -\u00a0con tecnolog\u00eda\u00a0CCT,\u00a0la soluci\u00f3n perfecta para una iluminaci\u00f3n vers\u00e1til y de calidad. Con opciones de color entre\u00a02700K, 4000K y 5700K, este\u00a0downlight circular\u00a0de\u00a010W\u00a0equipada con\u00a0OSRAM DURIS E 2835\u00a0ofrece una luminosidad excepcional para cualquier entorno comercial.  Su dise\u00f1o moderno, \u00e1ngulo de apertura de 120\u00ba y\u00a0driver NO FLICK\u00a0garantizan una iluminaci\u00f3n uniforme, sin parpadeos y con colores naturales. \u00a1Haz que tus espacios destaquen con esta Placa Empotrable LED de calidad!","og_url":"https:\/\/starlediluminacion.com\/it\/product\/placa-circular-fina-com-leds-10w-acero-inox-cct-osram-chip-duris-e-2835-2\/","og_site_name":"STARLED Iluminacion","article_modified_time":"2025-01-05T14:47:47+00:00","og_image":[{"width":744,"height":800,"url":"https:\/\/starlediluminacion.com\/wp-content\/uploads\/2024\/09\/placa-slim-led-circular-10w-acero-inox-cct-osram-chip-duris-e-2835.jpg","type":"image\/jpeg"}],"twitter_card":"summary_large_image","twitter_misc":{"Tempo di lettura stimato":"2 minuti"},"schema":{"@context":"https:\/\/schema.org","@graph":[{"@type":"WebPage","@id":"https:\/\/starlediluminacion.com\/pt\/product\/placa-circular-fina-com-leds-10w-acero-inox-cct-osram-chip-duris-e-2835-2\/","url":"https:\/\/starlediluminacion.com\/pt\/product\/placa-circular-fina-com-leds-10w-acero-inox-cct-osram-chip-duris-e-2835-2\/","name":"Placa Slim LED Circular 10W Acero Inox - CCT - OSRAM CHIP DURIS E 2835 - STARLED Iluminacion","isPartOf":{"@id":"https:\/\/starlediluminacion.com\/#website"},"primaryImageOfPage":{"@id":"https:\/\/starlediluminacion.com\/pt\/product\/placa-circular-fina-com-leds-10w-acero-inox-cct-osram-chip-duris-e-2835-2\/#primaryimage"},"image":{"@id":"https:\/\/starlediluminacion.com\/pt\/product\/placa-circular-fina-com-leds-10w-acero-inox-cct-osram-chip-duris-e-2835-2\/#primaryimage"},"thumbnailUrl":"https:\/\/starlediluminacion.com\/wp-content\/uploads\/2024\/09\/placa-slim-led-circular-10w-acero-inox-cct-osram-chip-duris-e-2835.jpg","datePublished":"2024-09-15T08:23:36+00:00","dateModified":"2025-01-05T14:47:47+00:00","breadcrumb":{"@id":"https:\/\/starlediluminacion.com\/pt\/product\/placa-circular-fina-com-leds-10w-acero-inox-cct-osram-chip-duris-e-2835-2\/#breadcrumb"},"inLanguage":"it-IT","potentialAction":[{"@type":"ReadAction","target":["https:\/\/starlediluminacion.com\/pt\/product\/placa-circular-fina-com-leds-10w-acero-inox-cct-osram-chip-duris-e-2835-2\/"]}]},{"@type":"ImageObject","inLanguage":"it-IT","@id":"https:\/\/starlediluminacion.com\/pt\/product\/placa-circular-fina-com-leds-10w-acero-inox-cct-osram-chip-duris-e-2835-2\/#primaryimage","url":"https:\/\/starlediluminacion.com\/wp-content\/uploads\/2024\/09\/placa-slim-led-circular-10w-acero-inox-cct-osram-chip-duris-e-2835.jpg","contentUrl":"https:\/\/starlediluminacion.com\/wp-content\/uploads\/2024\/09\/placa-slim-led-circular-10w-acero-inox-cct-osram-chip-duris-e-2835.jpg","width":744,"height":800},{"@type":"BreadcrumbList","@id":"https:\/\/starlediluminacion.com\/pt\/product\/placa-circular-fina-com-leds-10w-acero-inox-cct-osram-chip-duris-e-2835-2\/#breadcrumb","itemListElement":[{"@type":"ListItem","position":1,"name":"Portada","item":"https:\/\/starlediluminacion.com\/"},{"@type":"ListItem","position":2,"name":"Shop","item":"https:\/\/starlediluminacion.com\/shop-2\/"},{"@type":"ListItem","position":3,"name":"Placa Slim LED Circular 10W Acero Inox &#8211; CCT &#8211; OSRAM CHIP DURIS E 2835"}]},{"@type":"WebSite","@id":"https:\/\/starlediluminacion.com\/#website","url":"https:\/\/starlediluminacion.com\/","name":"STARLED Iluminacion","description":"","potentialAction":[{"@type":"SearchAction","target":{"@type":"EntryPoint","urlTemplate":"https:\/\/starlediluminacion.com\/?s={search_term_string}"},"query-input":{"@type":"PropertyValueSpecification","valueRequired":true,"valueName":"search_term_string"}}],"inLanguage":"it-IT"}]}},"_links":{"self":[{"href":"https:\/\/starlediluminacion.com\/it\/wp-json\/wp\/v3\/product\/13861","targetHints":{"allow":["GET"]}}],"collection":[{"href":"https:\/\/starlediluminacion.com\/it\/wp-json\/wp\/v3\/product"}],"about":[{"href":"https:\/\/starlediluminacion.com\/it\/wp-json\/wp\/v2\/types\/product"}],"wp:featuredmedia":[{"embeddable":true,"href":"https:\/\/starlediluminacion.com\/it\/wp-json\/wp\/v2\/media\/13869"}],"wp:attachment":[{"href":"https:\/\/starlediluminacion.com\/it\/wp-json\/wp\/v2\/media?parent=13861"}],"wp:term":[{"taxonomy":"product_cat","embeddable":true,"href":"https:\/\/starlediluminacion.com\/it\/wp-json\/wp\/v2\/product_cat?post=13861"},{"taxonomy":"product_tag","embeddable":true,"href":"https:\/\/starlediluminacion.com\/it\/wp-json\/wp\/v2\/product_tag?post=13861"}],"curies":[{"name":"wp","href":"https:\/\/api.w.org\/{rel}","templated":true}]}}