{"id":13759,"date":"2024-08-04T10:43:00","date_gmt":"2024-08-04T10:43:00","guid":{"rendered":"https:\/\/starlediluminacion.com\/?post_type=product&#038;p=13759"},"modified":"2025-01-05T14:46:18","modified_gmt":"2025-01-05T14:46:18","slug":"pack-controladora-led-cct-rgb-12-24v-panel-control-remoto-24ghz","status":"publish","type":"product","link":"https:\/\/starlediluminacion.com\/it\/product\/pack-controller-led-controller-cct-rgb-12-24v-panel-remote-control-24ghz\/","title":{"rendered":"<p>Pack LED Controller CCT - RGB - 12-24V + Pannello di controllo remoto - 2,4GHz<\/p>"},"content":{"rendered":"<h1>Pack LED Controller CCT - RGB - 12-24V + telecomando - 2,4GHz<p>&nbsp;<\/p><p>Il pacchetto controller 2,4GHz (12-24V) + telecomando 2,4GHz \u00e8 una soluzione avanzata e versatile progettata per massimizzare il controllo e la personalizzazione delle strisce LED. Questo pacchetto comprende un controller che opera nella gamma 12-24V e un telecomando che opera a 2,4GHz, offrendo un'esperienza d'uso intuitiva ed efficace.<\/p><p>Una delle caratteristiche principali di questo pacchetto \u00e8 la possibilit\u00e0 di passare da una modalit\u00e0 di uscita all'altra: RGB, RGBW e RGB+CCT. Ci\u00f2 pu\u00f2 essere fatto facilmente con la semplice pressione di un pulsante, consentendo di adattare l'illuminazione alle varie esigenze e preferenze con la semplice pressione di un pulsante. Che si desideri la vivacit\u00e0 dei colori RGB, l'aggiunta del bianco in RGBW o la possibilit\u00e0 di regolare la temperatura del colore in RGB+CCT, questo controller ha la flessibilit\u00e0 necessaria per adattarsi a qualsiasi situazione.<\/p><p>&nbsp;<\/p><p><strong>Caratteristiche principali<\/strong><\/p><p><strong>Modalit\u00e0 di uscita variabile:<\/strong>&nbsp;Commutazione tra RGB, RGBW e RGB+CCT con un solo pulsante.<\/p><p><strong>2. Controllo individuale dei LED:<\/strong>&nbsp;Regola la velocit\u00e0, la luminosit\u00e0, la direzione, la lunghezza e le modalit\u00e0 dinamiche.<\/p><p><strong>3. Animazioni intelligenti:<\/strong>&nbsp;Transizioni fluide e accattivanti all'accensione e allo spegnimento.<\/p><p><strong>4. Personalizzazione dettagliata:<\/strong>&nbsp;Colori e pixel regolabili per effetti specifici.<\/p><p><strong>5. Facile installazione:<\/strong>&nbsp;Cablaggio immediato senza attrezzi.<\/p><p><strong>6. Telecomando a lungo raggio:<\/strong>&nbsp;Distanza di controllo fino a 30 metri.<\/p><p>&nbsp;<\/p><p><strong>7. Regolazione della luminosit\u00e0 e della temperatura del colore:<\/strong>&nbsp;Illuminazione adattabile e personalizzabile.<\/p><p>&nbsp;<\/p><p><strong>Animazioni intelligenti e personalizzazione<\/strong><\/p><p>Godetevi le animazioni intelligenti quando accendete o spegnete le luci, dando un tocco professionale e sofisticato al vostro spazio. La possibilit\u00e0 di personalizzare i colori e i punti pixel consente di ottenere effetti di luce dettagliati e complessi, perfetti per progetti di illuminazione creativi e professionali.<\/p><p>Il cablaggio di questo controller \u00e8 immediato e non richiede attrezzi, per cui \u00e8 facile da installare e configurare. Inoltre, il telecomando ha un raggio d'azione fino a 30 metri, offrendo la libert\u00e0 di regolare l'illuminazione da qualsiasi punto all'interno di questo raggio.<\/p><p>&nbsp;<\/p><p><strong>Impostazioni di luminosit\u00e0 e temperatura del colore<\/strong><\/p><p>Il controller offre impostazioni precise di luminosit\u00e0 e temperatura del colore, consentendo di adattare l'illuminazione a qualsiasi situazione o stato d'animo. Che si tratti di creare un'atmosfera accogliente in casa o di illuminare efficacemente uno spazio commerciale, questo pacchetto fornisce gli strumenti necessari per raggiungere l'obiettivo.<\/p><p>&nbsp;<\/p><p><strong>Applicazioni e usi<\/strong><\/p><p>Questo pacchetto \u00e8 ideale per un'ampia gamma di applicazioni, dai progetti di illuminazione creativa in casa alle installazioni professionali in ambienti commerciali e di intrattenimento. \u00c8 perfetto per chi cerca qualit\u00e0, controllo e creativit\u00e0 nei propri sistemi di illuminazione a LED. Che si tratti di eventi speciali, installazioni artistiche o di migliorare l'atmosfera di qualsiasi spazio, il pacchetto controller digitale da 2,4 GHz (12-24 V) + telecomando da 2,4 GHz garantisce risultati eccezionali e versatili.<\/p><h3 class=\"h6\">Scheda tecnica del prodotto<\/h3><dl class=\"data-sheet\">\n<dt class=\"name\"><img loading=\"lazy\" decoding=\"async\" src=\"https:\/\/www.factorled.com\/modules\/oa_features\/img\/2-default.jpg\" width=\"32\" height=\"32\">&nbsp;RIFERIMENTO<\/dt>\n<dd class=\"value\">PACK-E3-RF-B4<\/dd>\n<dt class=\"name\"><img loading=\"lazy\" decoding=\"async\" src=\"https:\/\/www.factorled.com\/modules\/oa_features\/img\/4-default.jpg\" width=\"32\" height=\"32\">&nbsp;Tensione nominale<\/dt>\n<dd class=\"value\">E3-RF: 12-24V - B4:3V<\/dd>\n<dt class=\"name\"><img loading=\"lazy\" decoding=\"async\" src=\"https:\/\/www.factorled.com\/modules\/oa_features\/img\/5-default.jpg\" width=\"32\" height=\"32\">&nbsp;Temperatura della luce<\/dt>\n<dd class=\"value\">RGB \/ RGBW \/ RGB+CCT<\/dd>\n<dt class=\"name\"><img loading=\"lazy\" decoding=\"async\" src=\"https:\/\/www.factorled.com\/modules\/oa_features\/img\/18-default.jpg\" width=\"32\" height=\"32\">&nbsp;Misure (Mm)<\/dt>\n<dd class=\"value\">E3-RF: 100 x 40 x H17,6 mm FUT092: 138 x 56 x 20 mm<\/dd>\n<dt class=\"name\"><img loading=\"lazy\" decoding=\"async\" src=\"https:\/\/www.factorled.com\/modules\/oa_features\/img\/21-default.jpg\" width=\"32\" height=\"32\">&nbsp;Frequenza di lavoro (Hz)<\/dt>\n<dd class=\"value\">2,4 GHz<\/dd>\n<dt class=\"name\"><img loading=\"lazy\" decoding=\"async\" src=\"https:\/\/www.factorled.com\/modules\/oa_features\/img\/22-default.jpg\" width=\"32\" height=\"32\">&nbsp;Intervallo di temperatura (\u00baC)<\/dt>\n<dd class=\"value\">-10\u00baC - 40\u00baC<\/dd>\n<dt class=\"name\"><img loading=\"lazy\" decoding=\"async\" src=\"https:\/\/www.factorled.com\/modules\/oa_features\/img\/77-default.jpg\" width=\"32\" height=\"32\">&nbsp;Gamma (M)<\/dt>\n<dd class=\"value\">30m<\/dd>\n<\/dl><\/h1>","protected":false},"excerpt":{"rendered":"<div class=\"product-reference\"><strong><label class=\"label\">Riferimento:<\/label> SLPACK-E3-RF-B4<\/strong>\n<div><\/div>\n<div class=\"product-description-short\">\n<div id=\"product-description-short-3610\">\n<p>Il&nbsp;<strong>Confezione controller 2,4GHz (12-24V) + telecomando 2,4GHz<\/strong>&nbsp;Consente la commutazione tra 3 modalit\u00e0 di uscita&nbsp;<strong>(RGB \/ RGBW \/ RGB+CCT)<\/strong>&nbsp;mediante un pulsante. Controllate ogni LED individualmente, regolando velocit\u00e0, luminosit\u00e0, direzione, lunghezza e modalit\u00e0 dinamiche. Godetevi le animazioni intelligenti e personalizzate i colori e i pixel per ottenere effetti dettagliati. Il cablaggio \u00e8 immediato e non richiede attrezzi, con una distanza di controllo fino a 30 metri. Offre luminosit\u00e0 e temperatura di colore regolabili.<\/p>\n<p>&nbsp;<\/p>\n<\/div>\n<\/div><\/div>","protected":false},"featured_media":13768,"template":"","meta":{"site-sidebar-layout":"default","site-content-layout":"default","ast-global-header-display":"","ast-main-header-display":"","ast-hfb-above-header-display":"","ast-hfb-below-header-display":"","ast-hfb-mobile-header-display":"","site-post-title":"","ast-breadcrumbs-content":"","ast-featured-img":"","footer-sml-layout":"","theme-transparent-header-meta":"default","adv-header-id-meta":"","stick-header-meta":"","header-above-stick-meta":"","header-main-stick-meta":"","header-below-stick-meta":""},"product_cat":[93,45],"product_tag":[],"class_list":["post-13759","product","type-product","status-publish","has-post-thumbnail","hentry","product_cat-controladoras-tiras-led","product_cat-tiras-led-y-neon-flexible"],"_links":{"self":[{"href":"https:\/\/starlediluminacion.com\/it\/wp-json\/wp\/v3\/product\/13759","targetHints":{"allow":["GET"]}}],"collection":[{"href":"https:\/\/starlediluminacion.com\/it\/wp-json\/wp\/v3\/product"}],"about":[{"href":"https:\/\/starlediluminacion.com\/it\/wp-json\/wp\/v2\/types\/product"}],"wp:featuredmedia":[{"embeddable":true,"href":"https:\/\/starlediluminacion.com\/it\/wp-json\/wp\/v2\/media\/13768"}],"wp:attachment":[{"href":"https:\/\/starlediluminacion.com\/it\/wp-json\/wp\/v2\/media?parent=13759"}],"wp:term":[{"taxonomy":"product_cat","embeddable":true,"href":"https:\/\/starlediluminacion.com\/it\/wp-json\/wp\/v2\/product_cat?post=13759"},{"taxonomy":"product_tag","embeddable":true,"href":"https:\/\/starlediluminacion.com\/it\/wp-json\/wp\/v2\/product_tag?post=13759"}],"curies":[{"name":"wp","href":"https:\/\/api.w.org\/{rel}","templated":true}]}}