{"id":13137,"date":"2024-06-16T13:21:18","date_gmt":"2024-06-16T13:21:18","guid":{"rendered":"https:\/\/starlediluminacion.com\/?post_type=product&#038;p=13137"},"modified":"2024-09-15T11:48:52","modified_gmt":"2024-09-15T11:48:52","slug":"lampara-led-colgante-multiformas-flexi-neon-baden","status":"publish","type":"product","link":"https:\/\/starlediluminacion.com\/it\/product\/led-pendant-multiform-flexi-neon-baden\/","title":{"rendered":"<p>Lampada a sospensione a LED - Multiform FLEXI NEON - BADEN<\/p>"},"content":{"rendered":"<h1>Lampada a sospensione a LED - Multiform FLEXI NEON - BADEN<p style=\"font-weight: 400;\">Il nostro&nbsp;<strong style=\"font-weight: 600;\">Apparecchio LED Multiform<\/strong>&nbsp;- Il design personalizzato offre un'ampia gamma di possibilit\u00e0 di scelta tra una vasta gamma di opzioni di illuminazione.&nbsp;<strong style=\"font-weight: 600;\">caldo e neutro<\/strong>.<\/p><p style=\"font-weight: 400;\"><strong style=\"font-weight: 600;\">L'apparecchio viene realizzato in base alle dimensioni desiderate dal cliente, pertanto questo prodotto non \u00e8 restituibile, in quanto si tratta di un prodotto su misura.&nbsp;<\/strong><\/p><p style=\"font-weight: 400;\"><strong style=\"font-weight: 600;\">Apparecchio realizzato su misura in Europa.<\/strong>&nbsp;&nbsp;<strong style=\"font-weight: 600;\">Tempo di produzione: da 5 a 7 giorni lavorativi.<\/strong><\/p><p style=\"font-weight: 400;\">Scoprite la rivoluzione dell'illuminazione con i nostri straordinari&nbsp;<strong style=\"font-weight: 600;\">Lampada a LED<\/strong>&nbsp;all'avanguardia! Questo prodigio tecnologico non solo illumina i vostri spazi, ma trasforma completamente il modo in cui vivete la luce. Magistralmente progettata all'insegna della versatilit\u00e0, la nostra lampada a LED con<strong style=\"font-weight: 600;\">&nbsp;cavo della luce<\/strong>&nbsp;y&nbsp;<strong style=\"font-weight: 600;\">tubo flessibile<\/strong>&nbsp;Il silicone vi immerge in un mondo di possibilit\u00e0 luminose senza precedenti.<\/p><p style=\"font-weight: 400;\">Immaginate di avere il controllo totale sull'illuminazione delle vostre stanze. Con un'incredibile potenza di<strong style=\"font-weight: 600;\">&nbsp;17 watt al metro<\/strong>Questa lampada a LED \u00e8 il faro dell'innovazione che tutti stavamo aspettando. Il suo design unico e all'avanguardia non solo illumina il vostro spazio, ma lo trasforma in un capolavoro di luce e colore. Dimenticate i limiti convenzionali dell'illuminazione e abbracciate la creativit\u00e0 con il nostro tubo flessibile in silicone, che vi permette di modellare la luce nelle forme che desiderate.<\/p><p style=\"font-weight: 400;\">Ma non \u00e8 tutto. Il nostro&nbsp;<strong style=\"font-weight: 600;\">Lampada a sospensione a LED<\/strong>&nbsp;non \u00e8 solo un prodigio estetico, ma anche un campione di efficienza energetica. Con la potenza di cui avete bisogno e il rispetto per l'ambiente che meritate, questo dispositivo innovativo vi offre un'esperienza di illuminazione impareggiabile senza sacrificare la sostenibilit\u00e0.<\/p><p style=\"font-weight: 400;\">Vi state chiedendo dove potete sfruttare tutto il potenziale di questa meraviglia dell'illuminazione? La risposta \u00e8 semplice: ovunque! Dal soggiorno all'ufficio, dalla camera da letto allo studio, questa lampada LED si adatta a qualsiasi spazio e ne eleva immediatamente l'atmosfera. Crea un'atmosfera calda e accogliente in casa o aumenta la produttivit\u00e0 sul posto di lavoro. Il&nbsp;<strong style=\"font-weight: 600;\">versatilit\u00e0<\/strong>&nbsp;di questo prodotto permette di sperimentare la luce in un modo completamente nuovo.<\/p><p style=\"font-weight: 400;\">Non accontentatevi di un'illuminazione convenzionale. Trasformate ogni spazio in un capolavoro luminoso con la nostra lampada LED con cavo luminoso e tubo flessibile in silicone. Lasciate che la luce sia la vostra tela e date vita alla vostra immaginazione: non aspettate oltre per trasformare i vostri spazi! Cliccate ora e scoprite il futuro dell'illuminazione con la nostra lampada LED all'avanguardia: illuminate il vostro mondo con stile e funzionalit\u00e0!<\/p><h2>Utilizzi della lampada a sospensione a LED - Multiform FLEXI NEON - BADEN<\/h2><p style=\"font-weight: 400;\">Le moderne lampade a sospensione di design possono essere utilizzate in un'ampia variet\u00e0 di luoghi, sia in spazi residenziali che commerciali. Alcuni dei luoghi pi\u00f9 comuni in cui vengono utilizzate sono:<\/p><h3><strong style=\"font-weight: 600;\">A casa:<\/strong><\/h3><ul>\n<li><strong style=\"font-weight: 600;\">Sala da pranzo:&nbsp;<\/strong>Sopra il tavolo da pranzo, una moderna lampada a sospensione pu\u00f2 creare un punto focale di grande effetto e fornire un'illuminazione d'ambiente calda e accogliente.<\/li>\n<li><strong style=\"font-weight: 600;\">Soggiorno:&nbsp;<\/strong>Appesa sopra il tavolino o in un angolo del soggiorno, una moderna lampada a sospensione pu\u00f2 aggiungere un tocco di stile e personalit\u00e0 all'arredamento.<\/li>\n<li><strong style=\"font-weight: 600;\">Camera da letto:&nbsp;<\/strong>Sopra il comodino o appesa al soffitto, una moderna lampada a sospensione pu\u00f2 fornire un'illuminazione morbida e rilassante alla camera da letto.<\/li>\n<li><strong style=\"font-weight: 600;\">Cucina:&nbsp;<\/strong>Sopra l'isola o il piano di lavoro della cucina, una moderna lampada a sospensione pu\u00f2 aggiungere un tocco di stile e funzionalit\u00e0 alla cucina.<\/li>\n<li><strong style=\"font-weight: 600;\">Corridoio:&nbsp;<\/strong>Una fila di moderne lampade a sospensione lungo un lungo corridoio pu\u00f2 creare un effetto elegante e accattivante.<\/li>\n<\/ul><h3><strong style=\"font-weight: 600;\">Negli spazi commerciali:<\/strong><\/h3><ul>\n<li><strong style=\"font-weight: 600;\">Ristoranti:&nbsp;<\/strong>Le moderne lampade a sospensione possono creare un'atmosfera elegante e accogliente in ristoranti, bar e caff\u00e8.<\/li>\n<li><strong style=\"font-weight: 600;\">Negozi:&nbsp;<\/strong>Nei negozi al dettaglio, le moderne lampade a sospensione possono contribuire a mettere in risalto prodotti specifici e a creare un ambiente attraente per i clienti.<\/li>\n<li><strong style=\"font-weight: 600;\">Uffici:&nbsp;<\/strong>Negli uffici, le moderne lampade a sospensione possono aggiungere un tocco di stile e raffinatezza all'arredamento e contribuire a creare un ambiente di lavoro pi\u00f9 piacevole.<\/li>\n<li><strong style=\"font-weight: 600;\">Hotel:&nbsp;<\/strong>Negli hotel e nei resort, le moderne lampade a sospensione possono contribuire a creare un'atmosfera lussuosa e accogliente per gli ospiti.<\/li>\n<li><strong style=\"font-weight: 600;\">Musei e gallerie d'arte:&nbsp;<\/strong>Nei musei e nelle gallerie d'arte, le lampade a sospensione moderne possono contribuire a illuminare con precisione le opere d'arte e gli oggetti e a creare un'atmosfera attraente per i visitatori.<\/li>\n<\/ul><p>Le nostre lampade offrono prestazioni elevate e possono apparire sulla copertina di qualsiasi rivista di arredamento, non aspettate oltre per acquistare la vostra lampada di design e ottenere un'illuminazione unica!<\/p><h3 class=\"h6\">Scheda tecnica del prodotto<\/h3><dl class=\"data-sheet\">\n<dt class=\"name\"><img loading=\"lazy\" decoding=\"async\" src=\"https:\/\/www.factorled.com\/modules\/oa_features\/img\/2-default.jpg\" width=\"32\" height=\"32\">&nbsp;RIFERIMENTO<\/dt>\n<dd class=\"value\">10227-N360<\/dd>\n<dt class=\"name\"><img loading=\"lazy\" decoding=\"async\" src=\"https:\/\/www.factorled.com\/modules\/oa_features\/img\/4-default.jpg\" width=\"32\" height=\"32\">&nbsp;Tensione nominale<\/dt>\n<dd class=\"value\">85-265V<\/dd>\n<dt class=\"name\"><img loading=\"lazy\" decoding=\"async\" src=\"https:\/\/www.factorled.com\/modules\/oa_features\/img\/5-default.jpg\" width=\"32\" height=\"32\">&nbsp;Temperatura della luce<\/dt>\n<dd class=\"value\">2700K - 4000K<\/dd>\n<dt class=\"name\"><img loading=\"lazy\" decoding=\"async\" src=\"https:\/\/www.factorled.com\/modules\/oa_features\/img\/6-default.jpg\" width=\"32\" height=\"32\">&nbsp;CRI - Indice di riproduzione cromatica<\/dt>\n<dd class=\"value\">90<\/dd>\n<dt class=\"name\"><img loading=\"lazy\" decoding=\"async\" src=\"https:\/\/www.factorled.com\/modules\/oa_features\/img\/25-default.jpg\" width=\"32\" height=\"32\">&nbsp;Materiale da costruzione<\/dt>\n<dd class=\"value\">Silicone<\/dd>\n<dt class=\"name\"><img loading=\"lazy\" decoding=\"async\" src=\"https:\/\/www.factorled.com\/modules\/oa_features\/img\/10-default.jpg\" width=\"32\" height=\"32\">&nbsp;Angolo di apertura (\u00ba)<\/dt>\n<dd class=\"value\">360\u00ba<\/dd>\n<dt class=\"name\"><img loading=\"lazy\" decoding=\"async\" src=\"https:\/\/www.factorled.com\/modules\/oa_features\/img\/15-default.jpg\" width=\"32\" height=\"32\">&nbsp;Certificati<\/dt>\n<dd class=\"value\">CE - ROHS<\/dd>\n<dt class=\"name\"><img loading=\"lazy\" decoding=\"async\" src=\"https:\/\/www.factorled.com\/modules\/oa_features\/img\/16-default.jpg\" width=\"32\" height=\"32\">&nbsp;Grado di protezione IP<\/dt>\n<dd class=\"value\">IP20<\/dd>\n<dt class=\"name\"><img loading=\"lazy\" decoding=\"async\" src=\"https:\/\/www.factorled.com\/modules\/oa_features\/img\/21-default.jpg\" width=\"32\" height=\"32\">&nbsp;Frequenza di lavoro (Hz)<\/dt>\n<dd class=\"value\">50\/60Hz<\/dd>\n<dt class=\"name\"><img loading=\"lazy\" decoding=\"async\" src=\"https:\/\/www.factorled.com\/modules\/oa_features\/img\/22-default.jpg\" width=\"32\" height=\"32\">&nbsp;Intervallo di temperatura (\u00baC)<\/dt>\n<dd class=\"value\">-20\u00b0C ~ +55\u00b0C<\/dd>\n<dt class=\"name\"><img loading=\"lazy\" decoding=\"async\" src=\"https:\/\/www.factorled.com\/modules\/oa_features\/img\/24-default.jpg\" width=\"32\" height=\"32\">&nbsp;Tempo di avvio (S)<\/dt>\n<dd class=\"value\">0,2s<\/dd>\n<dt class=\"name\"><img loading=\"lazy\" decoding=\"async\" src=\"https:\/\/www.factorled.com\/modules\/oa_features\/img\/7-default.jpg\" width=\"32\" height=\"32\">&nbsp;Classe energetica (2021-EU-2019\/2015)<\/dt>\n<dd class=\"value\">A+<\/dd>\n<dt class=\"name\"><img loading=\"lazy\" decoding=\"async\" src=\"https:\/\/www.factorled.com\/modules\/oa_features\/img\/101-default.jpg\" width=\"32\" height=\"32\">&nbsp;Classe energetica (2023 - UE-2019\/2015)<\/dt>\n<dd class=\"value\">F<\/dd>\n<dt class=\"name\"><img loading=\"lazy\" decoding=\"async\" src=\"https:\/\/www.factorled.com\/modules\/oa_features\/img\/75-default.jpg\" width=\"32\" height=\"32\">&nbsp;Anni di garanzia<\/dt>\n<dd class=\"value\">3<\/dd>\n<\/dl><\/h1>","protected":false},"excerpt":{"rendered":"<p style=\"font-weight: 400;\"><strong>N. rif.: SL10227-N360<\/strong><p>Scoprite la rivoluzione dell'illuminazione con i nostri straordinari&nbsp;<strong style=\"font-weight: 600;\">Lampada a LED<\/strong>&nbsp;all'avanguardia! Questo prodigio tecnologico non solo illumina i vostri spazi, ma trasforma completamente il modo in cui percepite la luce. Progettato con maestria e versatilit\u00e0, il nostro&nbsp;<strong style=\"font-weight: 600;\">Lampada a LED<\/strong>&nbsp;con<strong style=\"font-weight: 600;\">&nbsp;cavo luminoso e tubo flessibile<\/strong>&nbsp;Il silicone vi immerge in un mondo di possibilit\u00e0 luminose senza precedenti.<\/p><p>Il&nbsp;<strong style=\"font-weight: 600;\">luce a sospensione&nbsp;<\/strong>con corda illuminata \u00e8 un'innovazione tecnologica che si distingue per l'eleganza e la versatilit\u00e0 di utilizzo in vari ambienti. La sua sorgente luminosa avanzata dissipa molto bene il calore e consente di ottenere un'illuminazione uniforme, morbida e priva di abbagliamenti.<\/p><p><strong style=\"font-weight: 600;\">Apparecchio realizzato su misura in Europa.<\/strong>&nbsp;&nbsp;<strong style=\"font-weight: 600;\">Tempo di produzione: da 5 a 7 giorni lavorativi.<\/strong><\/p><p><strong>Temperatura colore: 2700K\/4000K&nbsp;<\/strong><\/p><p><strong>Misura: 1M\/2M<\/strong><\/p><\/p>","protected":false},"featured_media":13138,"template":"","meta":{"site-sidebar-layout":"default","site-content-layout":"default","ast-global-header-display":"","ast-main-header-display":"","ast-hfb-above-header-display":"","ast-hfb-below-header-display":"","ast-hfb-mobile-header-display":"","site-post-title":"","ast-breadcrumbs-content":"","ast-featured-img":"","footer-sml-layout":"","theme-transparent-header-meta":"default","adv-header-id-meta":"","stick-header-meta":"","header-above-stick-meta":"","header-main-stick-meta":"","header-below-stick-meta":""},"product_cat":[36,66],"product_tag":[],"class_list":["post-13137","product","type-product","status-publish","has-post-thumbnail","hentry","product_cat-apliques-led-y-decoracion","product_cat-lamparas-colgantes-led"],"yoast_head":"<!-- This site is optimized with the Yoast SEO plugin v27.4 - https:\/\/yoast.com\/product\/yoast-seo-wordpress\/ -->\n<title>L\u00e1mpara LED Colgante - Multiformas FLEXI NEON - BADEN - STARLED Iluminacion<\/title>\n<meta name=\"robots\" content=\"index, follow, max-snippet:-1, max-image-preview:large, max-video-preview:-1\" \/>\n<link rel=\"canonical\" href=\"https:\/\/starlediluminacion.com\/it\/product\/led-pendant-multiform-flexi-neon-baden\/\" \/>\n<meta property=\"og:locale\" content=\"it_IT\" \/>\n<meta property=\"og:type\" content=\"article\" \/>\n<meta property=\"og:title\" content=\"L\u00e1mpara LED Colgante - Multiformas FLEXI NEON - BADEN - STARLED Iluminacion\" \/>\n<meta property=\"og:description\" content=\"Referencia: SL10227-N360 \u00a1Descubre la revoluci\u00f3n en iluminaci\u00f3n con nuestra extraordinaria\u00a0l\u00e1mpara LED\u00a0de \u00faltima generaci\u00f3n! Este prodigio de la tecnolog\u00eda no solo ilumina tus espacios, sino que transforma por completo la manera en que experimentas la luz. Dise\u00f1ada con maestr\u00eda y pensando en la versatilidad, nuestra\u00a0l\u00e1mpara LED\u00a0con\u00a0cord\u00f3n de luz y tubo flexible\u00a0de silicona te sumerge en un mundo de posibilidades luminosas sin igual.  La\u00a0l\u00e1mpara colgante\u00a0con\u00a0cuerda iluminada\u00a0es una innovaci\u00f3n tecnol\u00f3gica que destaca por su elegancia y versatilidad para su uso en varios ambientes. Su fuente de luz avanzada disipa muy bien el calor y consigue una iluminaci\u00f3n uniforme, suave y sin deslumbramiento.  Luminaria fabricada a medida en Europa.\u00a0\u00a0Plazo de fabricaci\u00f3n: de 5 a 7 d\u00edas laborables.  Temperatura de Color: 2700K\/4000K\u00a0  Medida: 1M\/2M\" \/>\n<meta property=\"og:url\" content=\"https:\/\/starlediluminacion.com\/it\/product\/led-pendant-multiform-flexi-neon-baden\/\" \/>\n<meta property=\"og:site_name\" content=\"STARLED Iluminacion\" \/>\n<meta property=\"article:modified_time\" content=\"2024-09-15T11:48:52+00:00\" \/>\n<meta property=\"og:image\" content=\"https:\/\/starlediluminacion.com\/wp-content\/uploads\/2024\/06\/lampara-led-colgante-multiformas-flexi-neon-baden.png\" \/>\n\t<meta property=\"og:image:width\" content=\"254\" \/>\n\t<meta property=\"og:image:height\" content=\"273\" \/>\n\t<meta property=\"og:image:type\" content=\"image\/png\" \/>\n<meta name=\"twitter:card\" content=\"summary_large_image\" \/>\n<meta name=\"twitter:label1\" content=\"Tempo di lettura stimato\" \/>\n\t<meta name=\"twitter:data1\" content=\"4 minuti\" \/>\n<script type=\"application\/ld+json\" class=\"yoast-schema-graph\">{\"@context\":\"https:\\\/\\\/schema.org\",\"@graph\":[{\"@type\":\"WebPage\",\"@id\":\"https:\\\/\\\/starlediluminacion.com\\\/producto\\\/lampara-led-colgante-multiformas-flexi-neon-baden\\\/\",\"url\":\"https:\\\/\\\/starlediluminacion.com\\\/producto\\\/lampara-led-colgante-multiformas-flexi-neon-baden\\\/\",\"name\":\"L\u00e1mpara LED Colgante - Multiformas FLEXI NEON - BADEN - STARLED Iluminacion\",\"isPartOf\":{\"@id\":\"https:\\\/\\\/starlediluminacion.com\\\/#website\"},\"primaryImageOfPage\":{\"@id\":\"https:\\\/\\\/starlediluminacion.com\\\/producto\\\/lampara-led-colgante-multiformas-flexi-neon-baden\\\/#primaryimage\"},\"image\":{\"@id\":\"https:\\\/\\\/starlediluminacion.com\\\/producto\\\/lampara-led-colgante-multiformas-flexi-neon-baden\\\/#primaryimage\"},\"thumbnailUrl\":\"https:\\\/\\\/starlediluminacion.com\\\/wp-content\\\/uploads\\\/2024\\\/06\\\/lampara-led-colgante-multiformas-flexi-neon-baden.png\",\"datePublished\":\"2024-06-16T13:21:18+00:00\",\"dateModified\":\"2024-09-15T11:48:52+00:00\",\"breadcrumb\":{\"@id\":\"https:\\\/\\\/starlediluminacion.com\\\/producto\\\/lampara-led-colgante-multiformas-flexi-neon-baden\\\/#breadcrumb\"},\"inLanguage\":\"it-IT\",\"potentialAction\":[{\"@type\":\"ReadAction\",\"target\":[\"https:\\\/\\\/starlediluminacion.com\\\/producto\\\/lampara-led-colgante-multiformas-flexi-neon-baden\\\/\"]}]},{\"@type\":\"ImageObject\",\"inLanguage\":\"it-IT\",\"@id\":\"https:\\\/\\\/starlediluminacion.com\\\/producto\\\/lampara-led-colgante-multiformas-flexi-neon-baden\\\/#primaryimage\",\"url\":\"https:\\\/\\\/starlediluminacion.com\\\/wp-content\\\/uploads\\\/2024\\\/06\\\/lampara-led-colgante-multiformas-flexi-neon-baden.png\",\"contentUrl\":\"https:\\\/\\\/starlediluminacion.com\\\/wp-content\\\/uploads\\\/2024\\\/06\\\/lampara-led-colgante-multiformas-flexi-neon-baden.png\",\"width\":254,\"height\":273},{\"@type\":\"BreadcrumbList\",\"@id\":\"https:\\\/\\\/starlediluminacion.com\\\/producto\\\/lampara-led-colgante-multiformas-flexi-neon-baden\\\/#breadcrumb\",\"itemListElement\":[{\"@type\":\"ListItem\",\"position\":1,\"name\":\"Portada\",\"item\":\"https:\\\/\\\/starlediluminacion.com\\\/\"},{\"@type\":\"ListItem\",\"position\":2,\"name\":\"Shop\",\"item\":\"https:\\\/\\\/starlediluminacion.com\\\/shop-2\\\/\"},{\"@type\":\"ListItem\",\"position\":3,\"name\":\"L\u00e1mpara LED Colgante &#8211; Multiformas FLEXI NEON &#8211; BADEN\"}]},{\"@type\":\"WebSite\",\"@id\":\"https:\\\/\\\/starlediluminacion.com\\\/#website\",\"url\":\"https:\\\/\\\/starlediluminacion.com\\\/\",\"name\":\"STARLED Iluminacion\",\"description\":\"\",\"potentialAction\":[{\"@type\":\"SearchAction\",\"target\":{\"@type\":\"EntryPoint\",\"urlTemplate\":\"https:\\\/\\\/starlediluminacion.com\\\/?s={search_term_string}\"},\"query-input\":{\"@type\":\"PropertyValueSpecification\",\"valueRequired\":true,\"valueName\":\"search_term_string\"}}],\"inLanguage\":\"it-IT\"}]}<\/script>\n<!-- \/ Yoast SEO plugin. -->","yoast_head_json":{"title":"L\u00e1mpara LED Colgante - Multiformas FLEXI NEON - BADEN - STARLED Iluminacion","robots":{"index":"index","follow":"follow","max-snippet":"max-snippet:-1","max-image-preview":"max-image-preview:large","max-video-preview":"max-video-preview:-1"},"canonical":"https:\/\/starlediluminacion.com\/it\/product\/led-pendant-multiform-flexi-neon-baden\/","og_locale":"it_IT","og_type":"article","og_title":"L\u00e1mpara LED Colgante - Multiformas FLEXI NEON - BADEN - STARLED Iluminacion","og_description":"Referencia: SL10227-N360 \u00a1Descubre la revoluci\u00f3n en iluminaci\u00f3n con nuestra extraordinaria\u00a0l\u00e1mpara LED\u00a0de \u00faltima generaci\u00f3n! Este prodigio de la tecnolog\u00eda no solo ilumina tus espacios, sino que transforma por completo la manera en que experimentas la luz. Dise\u00f1ada con maestr\u00eda y pensando en la versatilidad, nuestra\u00a0l\u00e1mpara LED\u00a0con\u00a0cord\u00f3n de luz y tubo flexible\u00a0de silicona te sumerge en un mundo de posibilidades luminosas sin igual.  La\u00a0l\u00e1mpara colgante\u00a0con\u00a0cuerda iluminada\u00a0es una innovaci\u00f3n tecnol\u00f3gica que destaca por su elegancia y versatilidad para su uso en varios ambientes. Su fuente de luz avanzada disipa muy bien el calor y consigue una iluminaci\u00f3n uniforme, suave y sin deslumbramiento.  Luminaria fabricada a medida en Europa.\u00a0\u00a0Plazo de fabricaci\u00f3n: de 5 a 7 d\u00edas laborables.  Temperatura de Color: 2700K\/4000K\u00a0  Medida: 1M\/2M","og_url":"https:\/\/starlediluminacion.com\/it\/product\/led-pendant-multiform-flexi-neon-baden\/","og_site_name":"STARLED Iluminacion","article_modified_time":"2024-09-15T11:48:52+00:00","og_image":[{"width":254,"height":273,"url":"https:\/\/starlediluminacion.com\/wp-content\/uploads\/2024\/06\/lampara-led-colgante-multiformas-flexi-neon-baden.png","type":"image\/png"}],"twitter_card":"summary_large_image","twitter_misc":{"Tempo di lettura stimato":"4 minuti"},"schema":{"@context":"https:\/\/schema.org","@graph":[{"@type":"WebPage","@id":"https:\/\/starlediluminacion.com\/producto\/lampara-led-colgante-multiformas-flexi-neon-baden\/","url":"https:\/\/starlediluminacion.com\/producto\/lampara-led-colgante-multiformas-flexi-neon-baden\/","name":"L\u00e1mpara LED Colgante - Multiformas FLEXI NEON - BADEN - STARLED Iluminacion","isPartOf":{"@id":"https:\/\/starlediluminacion.com\/#website"},"primaryImageOfPage":{"@id":"https:\/\/starlediluminacion.com\/producto\/lampara-led-colgante-multiformas-flexi-neon-baden\/#primaryimage"},"image":{"@id":"https:\/\/starlediluminacion.com\/producto\/lampara-led-colgante-multiformas-flexi-neon-baden\/#primaryimage"},"thumbnailUrl":"https:\/\/starlediluminacion.com\/wp-content\/uploads\/2024\/06\/lampara-led-colgante-multiformas-flexi-neon-baden.png","datePublished":"2024-06-16T13:21:18+00:00","dateModified":"2024-09-15T11:48:52+00:00","breadcrumb":{"@id":"https:\/\/starlediluminacion.com\/producto\/lampara-led-colgante-multiformas-flexi-neon-baden\/#breadcrumb"},"inLanguage":"it-IT","potentialAction":[{"@type":"ReadAction","target":["https:\/\/starlediluminacion.com\/producto\/lampara-led-colgante-multiformas-flexi-neon-baden\/"]}]},{"@type":"ImageObject","inLanguage":"it-IT","@id":"https:\/\/starlediluminacion.com\/producto\/lampara-led-colgante-multiformas-flexi-neon-baden\/#primaryimage","url":"https:\/\/starlediluminacion.com\/wp-content\/uploads\/2024\/06\/lampara-led-colgante-multiformas-flexi-neon-baden.png","contentUrl":"https:\/\/starlediluminacion.com\/wp-content\/uploads\/2024\/06\/lampara-led-colgante-multiformas-flexi-neon-baden.png","width":254,"height":273},{"@type":"BreadcrumbList","@id":"https:\/\/starlediluminacion.com\/producto\/lampara-led-colgante-multiformas-flexi-neon-baden\/#breadcrumb","itemListElement":[{"@type":"ListItem","position":1,"name":"Portada","item":"https:\/\/starlediluminacion.com\/"},{"@type":"ListItem","position":2,"name":"Shop","item":"https:\/\/starlediluminacion.com\/shop-2\/"},{"@type":"ListItem","position":3,"name":"L\u00e1mpara LED Colgante &#8211; Multiformas FLEXI NEON &#8211; BADEN"}]},{"@type":"WebSite","@id":"https:\/\/starlediluminacion.com\/#website","url":"https:\/\/starlediluminacion.com\/","name":"STARLED Iluminacion","description":"","potentialAction":[{"@type":"SearchAction","target":{"@type":"EntryPoint","urlTemplate":"https:\/\/starlediluminacion.com\/?s={search_term_string}"},"query-input":{"@type":"PropertyValueSpecification","valueRequired":true,"valueName":"search_term_string"}}],"inLanguage":"it-IT"}]}},"_links":{"self":[{"href":"https:\/\/starlediluminacion.com\/it\/wp-json\/wp\/v3\/product\/13137","targetHints":{"allow":["GET"]}}],"collection":[{"href":"https:\/\/starlediluminacion.com\/it\/wp-json\/wp\/v3\/product"}],"about":[{"href":"https:\/\/starlediluminacion.com\/it\/wp-json\/wp\/v2\/types\/product"}],"wp:featuredmedia":[{"embeddable":true,"href":"https:\/\/starlediluminacion.com\/it\/wp-json\/wp\/v2\/media\/13138"}],"wp:attachment":[{"href":"https:\/\/starlediluminacion.com\/it\/wp-json\/wp\/v2\/media?parent=13137"}],"wp:term":[{"taxonomy":"product_cat","embeddable":true,"href":"https:\/\/starlediluminacion.com\/it\/wp-json\/wp\/v2\/product_cat?post=13137"},{"taxonomy":"product_tag","embeddable":true,"href":"https:\/\/starlediluminacion.com\/it\/wp-json\/wp\/v2\/product_tag?post=13137"}],"curies":[{"name":"wp","href":"https:\/\/api.w.org\/{rel}","templated":true}]}}