{"id":12935,"date":"2024-05-05T10:07:35","date_gmt":"2024-05-05T10:07:35","guid":{"rendered":"https:\/\/starlediluminacion.com\/?post_type=product&#038;p=12935"},"modified":"2024-05-05T10:13:37","modified_gmt":"2024-05-05T10:13:37","slug":"downlight-plafon-led-circular-moss-negro-lumileds-24w-ajustable-cct-color-seleccionable","status":"publish","type":"product","link":"https:\/\/starlediluminacion.com\/it\/product\/downlight-plafon-led-lampade-circolari-moss-nero-lumileds-24w-ajustable-cct-colore-selezionabile-2\/","title":{"rendered":"<p>Downlight + Plaf&oacute;n LED &ndash; Circular- MOSS NEGRO LUMILEDS &ndash; 24W AJUSTABLE &ndash; CCT Color Seleccionable<\/p>"},"content":{"rendered":"<h1>Downlight + Plaf&oacute;n LED &ndash; Circular- MOSS NEGRO&nbsp;LUMILEDS &ndash; 24W AJUSTABLE&nbsp; &ndash; CCT Color Seleccionable<p>&nbsp;<\/p><p>Benvenuti nel futuro dell'illuminazione con il&nbsp;<strong>Faretto da incasso + plafoniera LED MOSS ADJUSTABLE<\/strong>&nbsp;con&nbsp;<strong>Colore CCT selezionabile<\/strong>! Preparatevi a scoprire una soluzione innovativa che rivoluzioner\u00e0 i vostri spazi e vi regaler\u00e0 un'esperienza di illuminazione eccezionale.<\/p><p>&nbsp;<\/p><p>1. Illuminazione personalizzata a portata di mano<\/p><p>Avete mai avuto il dilemma che il foro \u00e8 troppo grande o troppo piccolo per installare il vostro faretto LED? Smettete di preoccuparvi! Con il nostro MOSS ADJUSTABLE LED Downlight + LED Ceiling Light, abbiamo risolto definitivamente questo problema. Realizzata in policarbonato (PC) di alta qualit\u00e0, questa meraviglia della tecnologia \u00e8 progettata per adattarsi perfettamente al vostro spazio.<\/p><p>Il nostro apparecchio LED REGOLABILE - MOSS - \u00e8 la soluzione definitiva per tutti i problemi di installazione. Il vostro&nbsp;<strong>sistema<\/strong>&nbsp;da&nbsp;<strong>slittamento<\/strong>&nbsp;del&nbsp;<strong>fissaggio<\/strong>&nbsp;consente di adattarlo con precisione al diametro del foro esistente nel soffitto, sia esso grande o piccolo. Installazione senza problemi e senza stress!<\/p><p>&nbsp;<\/p><p>2. Colori per ogni occasione<\/p><p>La versatilit\u00e0 \u00e8 fondamentale e il nostro prodotto la possiede tutta. Grazie alla sua&nbsp;<strong>Colore CCT selezionabile<\/strong>\u00e8 possibile scegliere tra tre diverse tonalit\u00e0:&nbsp;<strong>Bianco freddo, bianco neutro e bianco caldo<\/strong>Volete un'atmosfera accogliente nel vostro salotto? Avete bisogno di una luce luminosa ed energica nel vostro ufficio? Scegliete il bianco freddo. La scelta \u00e8 vostra e MOSS vi d\u00e0 la libert\u00e0 di personalizzare ogni spazio a vostro piacimento. L'apparecchio \u00e8 dotato di un selettore della temperatura di colore sul retro.<\/p><p>&nbsp;<\/p><p>3. Chip Lumileds<\/p><p>Questa lampada da soffitto \u00e8 dotata di un&nbsp;<strong>diodi<\/strong>&nbsp;del marchio&nbsp;<strong>Lumileds<\/strong>&nbsp;La sua potenza, la qualit\u00e0 del colore, la consistenza, l'efficienza e la longevit\u00e0 lo distinguono da altri tipi di diodi. Il chip&nbsp;<strong>SMD2835<\/strong>&nbsp;\u00e8 caratterizzato da un'architettura CCT e da prestazioni CRI elevate, in modo che la luce emessa sia di alta luminosit\u00e0 e di qualit\u00e0 superiore.<\/p><p>&nbsp;<\/p><p>4. Adattabilit\u00e0 illimitata<\/p><p>Realizzata in policarbonato (PC) di alta qualit\u00e0, questa meraviglia tecnologica \u00e8 progettata per adattarsi perfettamente al vostro spazio. Con un indice di resa cromatica (CRI) superiore a 80, potrete godere di colori pi\u00f9 vibranti e fedeli.<\/p><p>&nbsp;<\/p><p>5. Design elegante e funzionale<\/p><p>Il&nbsp;<strong>Faretto + lampada da soffitto a LED -MOSS-<\/strong>&nbsp;non \u00e8 solo una meraviglia della tecnologia, ma anche un elegante pezzo di design. Il suo look moderno e minimalista si adatta perfettamente a qualsiasi stile di arredamento, sia come downlight che come applique.&nbsp;<strong>incassato<\/strong>&nbsp;o come intradosso per&nbsp;<strong>superficie<\/strong>. Non solo illumina gli spazi, ma li abbellisce anche.<\/p><p>&nbsp;<\/p><h2>Usos del Downlight + Plaf&oacute;n LED &ndash; Circular- MOSS NEGRO&nbsp;LUMILEDS &ndash; 24W AJUSTABLE&nbsp; &ndash; CCT Color Seleccionable<\/h2><ul>\n<li>In casa, per creare atmosfere calde e accoglienti in soggiorni, camere da letto e corridoi.<\/li>\n<li>In ufficio, per fornire un'illuminazione luminosa e mirata alle aree di lavoro.<\/li>\n<li>Nei negozi e negli spazi commerciali, per mettere in risalto i prodotti e attirare i clienti con la migliore qualit\u00e0 della luce.<\/li>\n<li>Negli hotel e nei ristoranti, per creare atmosfere eleganti e piacevoli in ogni momento.<\/li>\n<li>Ovunque vogliate la versatilit\u00e0 e la qualit\u00e0 eccezionale dell'illuminazione MOSS.<\/li>\n<\/ul><p>&nbsp;<\/p><p>&nbsp;<\/p><p>Non lasciate che l'illuminazione sia un ostacolo nella vostra vita quotidiana. Con MOSS ADJUSTABLE LED Downlight + Ceiling con CCT Colour Selectable, sarete un passo pi\u00f9 vicini a creare l'ambiente perfetto ovunque. Ordinate ora e provate la differenza che un'illuminazione di qualit\u00e0 pu\u00f2 fare nella vostra vita!<\/p><h3 class=\"h6\">Scheda tecnica del prodotto<\/h3><dl class=\"data-sheet\">\n<dt class=\"name\"><img loading=\"lazy\" decoding=\"async\" src=\"https:\/\/www.factorled.com\/modules\/oa_features\/img\/2-default.jpg\" width=\"32\" height=\"32\">&nbsp;RIFERIMENTO<\/dt>\n<dd class=\"value\">LPN24W-CCT-91261<\/dd>\n<dt class=\"name\"><img loading=\"lazy\" decoding=\"async\" src=\"https:\/\/www.factorled.com\/modules\/oa_features\/img\/3-default.jpg\" width=\"32\" height=\"32\">&nbsp;Potenza nominale<\/dt>\n<dd class=\"value\">24w<\/dd>\n<dt class=\"name\"><img loading=\"lazy\" decoding=\"async\" src=\"https:\/\/www.factorled.com\/modules\/oa_features\/img\/4-default.jpg\" width=\"32\" height=\"32\">&nbsp;Tensione nominale<\/dt>\n<dd class=\"value\">220V-240V<\/dd>\n<dt class=\"name\"><img loading=\"lazy\" decoding=\"async\" src=\"https:\/\/www.factorled.com\/modules\/oa_features\/img\/5-default.jpg\" width=\"32\" height=\"32\">&nbsp;Temperatura della luce<\/dt>\n<dd class=\"value\">COLORE SELEZIONABILE: 3000K-4000K-6000K<\/dd>\n<dt class=\"name\"><img loading=\"lazy\" decoding=\"async\" src=\"https:\/\/www.factorled.com\/modules\/oa_features\/img\/6-default.jpg\" width=\"32\" height=\"32\">&nbsp;CRI - Indice di riproduzione cromatica<\/dt>\n<dd class=\"value\">80<\/dd>\n<dt class=\"name\"><img loading=\"lazy\" decoding=\"async\" src=\"https:\/\/www.factorled.com\/modules\/oa_features\/img\/25-default.jpg\" width=\"32\" height=\"32\">&nbsp;Materiale da costruzione<\/dt>\n<dd class=\"value\">PC Ritardante di fiamma<\/dd>\n<dt class=\"name\"><img loading=\"lazy\" decoding=\"async\" src=\"https:\/\/www.factorled.com\/modules\/oa_features\/img\/8-default.jpg\" width=\"32\" height=\"32\">&nbsp;Luminosit\u00e0-Lm<\/dt>\n<dd class=\"value\">2400<\/dd>\n<dt class=\"name\"><img loading=\"lazy\" decoding=\"async\" src=\"https:\/\/www.factorled.com\/modules\/oa_features\/img\/9-default.jpg\" width=\"32\" height=\"32\">&nbsp;Tipo di LED<\/dt>\n<dd class=\"value\">SMD 2835<\/dd>\n<dt class=\"name\"><img loading=\"lazy\" decoding=\"async\" src=\"https:\/\/www.factorled.com\/modules\/oa_features\/img\/10-default.jpg\" width=\"32\" height=\"32\">&nbsp;Angolo di apertura (\u00ba)<\/dt>\n<dd class=\"value\">120\u00ba<\/dd>\n<dt class=\"name\"><img loading=\"lazy\" decoding=\"async\" src=\"https:\/\/www.factorled.com\/modules\/oa_features\/img\/12-default.jpg\" width=\"32\" height=\"32\">&nbsp;Efficienza del diodo LED (Lm\/W)<\/dt>\n<dd class=\"value\">130Lm\/W<\/dd>\n<dt class=\"name\"><img loading=\"lazy\" decoding=\"async\" src=\"https:\/\/www.factorled.com\/modules\/oa_features\/img\/13-default.jpg\" width=\"32\" height=\"32\">&nbsp;Efficienza luminosa (Lm\/W)<\/dt>\n<dd class=\"value\">100 Lm\/W<\/dd>\n<dt class=\"name\"><img loading=\"lazy\" decoding=\"async\" src=\"https:\/\/www.factorled.com\/modules\/oa_features\/img\/15-default.jpg\" width=\"32\" height=\"32\">&nbsp;Certificati<\/dt>\n<dd class=\"value\">CE - ROHS<\/dd>\n<dt class=\"name\"><img loading=\"lazy\" decoding=\"async\" src=\"https:\/\/www.factorled.com\/modules\/oa_features\/img\/16-default.jpg\" width=\"32\" height=\"32\">&nbsp;Grado di protezione IP<\/dt>\n<dd class=\"value\">IP20<\/dd>\n<dt class=\"name\"><img loading=\"lazy\" decoding=\"async\" src=\"https:\/\/www.factorled.com\/modules\/oa_features\/img\/18-default.jpg\" width=\"32\" height=\"32\">&nbsp;Misure (Mm)<\/dt>\n<dd class=\"value\">&Oslash;298xH18mm<\/dd>\n<dt class=\"name\"><img loading=\"lazy\" decoding=\"async\" src=\"https:\/\/www.factorled.com\/modules\/oa_features\/img\/21-default.jpg\" width=\"32\" height=\"32\">&nbsp;Frequenza di lavoro (Hz)<\/dt>\n<dd class=\"value\">50\/60Hz<\/dd>\n<dt class=\"name\"><img loading=\"lazy\" decoding=\"async\" src=\"https:\/\/www.factorled.com\/modules\/oa_features\/img\/22-default.jpg\" width=\"32\" height=\"32\">&nbsp;Intervallo di temperatura (\u00baC)<\/dt>\n<dd class=\"value\">-20\u00b0C ~ +55\u00b0C<\/dd>\n<dt class=\"name\"><img loading=\"lazy\" decoding=\"async\" src=\"https:\/\/www.factorled.com\/modules\/oa_features\/img\/23-default.jpg\" width=\"32\" height=\"32\">&nbsp;Cicli di accensione<\/dt>\n<dd class=\"value\">100.000<\/dd>\n<dt class=\"name\"><img loading=\"lazy\" decoding=\"async\" src=\"https:\/\/www.factorled.com\/modules\/oa_features\/img\/24-default.jpg\" width=\"32\" height=\"32\">&nbsp;Tempo di avvio (S)<\/dt>\n<dd class=\"value\">0,2s<\/dd>\n<dt class=\"name\"><img loading=\"lazy\" decoding=\"async\" src=\"https:\/\/www.factorled.com\/modules\/oa_features\/img\/27-default.jpg\" width=\"32\" height=\"32\">&nbsp;Taglio del soffitto (Mm)<\/dt>\n<dd class=\"value\">Min. 50 mm - Max 260 mm<\/dd>\n<dt class=\"name\"><img loading=\"lazy\" decoding=\"async\" src=\"https:\/\/www.factorled.com\/modules\/oa_features\/img\/7-default.jpg\" width=\"32\" height=\"32\">&nbsp;Classe energetica (2021-EU-2019\/2015)<\/dt>\n<dd class=\"value\">A+<\/dd>\n<dt class=\"name\"><img loading=\"lazy\" decoding=\"async\" src=\"https:\/\/www.factorled.com\/modules\/oa_features\/img\/75-default.jpg\" width=\"32\" height=\"32\">&nbsp;Anni di garanzia<\/dt>\n<dd class=\"value\">3<\/dd>\n<\/dl><\/h1>","protected":false},"excerpt":{"rendered":"<div class=\"product-reference\"><label class=\"label\">Riferimento:<\/label> SLLPN24W-CCT-91261\n<div><\/div>\n<div class=\"product-description-short\">\n<div id=\"product-description-short-3028\">\n<p dir=\"ltr\">Avete problemi perch\u00e9 il foro \u00e8 troppo grande o troppo piccolo per installare il vostro downlight o la vostra plafoniera LED? La soluzione! Con il nuovo modello di&nbsp;<strong>Apparecchio MOSS<\/strong>&nbsp;con&nbsp;<strong>24W<\/strong>&nbsp;potenza,<strong>&nbsp; REGOLABILE<\/strong>&nbsp;a<strong>&nbsp;DIAMETRO DI TAGLIO<\/strong>&nbsp;(diametro del foro da 50 mm a 260 mm) e<strong>&nbsp;colore selezionabile<\/strong>Non avrete problemi a installarlo, poich\u00e9 si adatta al diametro del foro grazie al sistema di scorrimento del fissaggio.<strong>&nbsp;GODETEVI IL VOSTRO DOWNLIGHT + SOFFITTO + CCT + CCT + REGOLABILE!&nbsp;<\/strong>6 OPZIONI DI PRODOTTO IN UN SOLO PRODOTTO!<\/p>\n<p dir=\"ltr\">Realizzato con diodi ad alta luminanza SMD2835 del marchio&nbsp;<strong>Lumileds<\/strong>Questo garantisce prestazioni e affidabilit\u00e0 pi\u00f9 elevate&nbsp;<strong>lampada a soffitto.<\/strong><\/p>\n<p dir=\"ltr\"><i class=\"fa fa-truck\"><\/i>&nbsp;<span class=\"text-muted textprop\">Consegna in 24\/48 ore<\/span><\/p>\n<p dir=\"ltr\">\n<\/p><\/div>\n<\/div><\/div>","protected":false},"featured_media":12942,"template":"","meta":{"site-sidebar-layout":"default","site-content-layout":"default","ast-global-header-display":"","ast-main-header-display":"","ast-hfb-above-header-display":"","ast-hfb-below-header-display":"","ast-hfb-mobile-header-display":"","site-post-title":"","ast-breadcrumbs-content":"","ast-featured-img":"","footer-sml-layout":"","theme-transparent-header-meta":"default","adv-header-id-meta":"","stick-header-meta":"","header-above-stick-meta":"","header-main-stick-meta":"","header-below-stick-meta":""},"product_cat":[68,27],"product_tag":[],"class_list":["post-12935","product","type-product","status-publish","has-post-thumbnail","hentry","product_cat-downlight-extraplano-slim-led","product_cat-downlight-plafones-y-placas-led"],"yoast_head":"<!-- This site is optimized with the Yoast SEO plugin v27.4 - https:\/\/yoast.com\/product\/yoast-seo-wordpress\/ -->\n<title>Downlight + Plaf\u00f3n LED - Circular- MOSS NEGRO LUMILEDS - 24W AJUSTABLE - CCT Color Seleccionable - STARLED Iluminacion<\/title>\n<meta name=\"robots\" content=\"index, follow, max-snippet:-1, max-image-preview:large, max-video-preview:-1\" \/>\n<link rel=\"canonical\" href=\"https:\/\/starlediluminacion.com\/it\/product\/downlight-plafon-led-lampade-circolari-moss-nero-lumileds-24w-ajustable-cct-colore-selezionabile-2\/\" \/>\n<meta property=\"og:locale\" content=\"it_IT\" \/>\n<meta property=\"og:type\" content=\"article\" \/>\n<meta property=\"og:title\" content=\"Downlight + Plaf\u00f3n LED - Circular- MOSS NEGRO LUMILEDS - 24W AJUSTABLE - CCT Color Seleccionable - STARLED Iluminacion\" \/>\n<meta property=\"og:description\" content=\"Referencia: SLLPN24W-CCT-91261     \u00bfTienes problemas porque el agujero es muy grande o muy peque\u00f1o para instalar el downlight o\u00a0tu plaf\u00f3n LED? \u00a1La soluci\u00f3n!\u00a0Con el nuevo modelo de\u00a0Luminaria\u00a0MOSS\u00a0con\u00a024W\u00a0de potencia,\u00a0 AJUSTABLE\u00a0en\u00a0DIAMETRO DE CORTE\u00a0(Di\u00e1metro de hueco de 50mm a 260mm) y\u00a0color seleccionable, no tendr\u00e1s ning\u00fan problema en instalarlo, ya que \u00a0se ajusta al di\u00e1metro del agujero gracias al sistema de deslizamiento de la fijaci\u00f3n.\u00a0DISFRUTA YA DE TU\u00a0DOWNLIGHT + PLAF\u00d3N + CCT + AJUSTABLE!.\u00a06 OPCIONES DE PRODUCTO EN\u00a0 SOLO 1! Fabricada con diodos SMD2835 de alta luminosidad de la marca\u00a0Lumileds, lo que garantiza un mayor rendimiento y fiabilidad de esta\u00a0l\u00e1mpara de techo. \u00a0Entrega en 24\/48 horas\" \/>\n<meta property=\"og:url\" content=\"https:\/\/starlediluminacion.com\/it\/product\/downlight-plafon-led-lampade-circolari-moss-nero-lumileds-24w-ajustable-cct-colore-selezionabile-2\/\" \/>\n<meta property=\"og:site_name\" content=\"STARLED Iluminacion\" \/>\n<meta property=\"article:modified_time\" content=\"2024-05-05T10:13:37+00:00\" \/>\n<meta property=\"og:image\" content=\"https:\/\/starlediluminacion.com\/wp-content\/uploads\/2024\/05\/downlight-plafon-led-circular-moss-negro-lumileds-24w-ajustable-cct-color-seleccionable.jpg\" \/>\n\t<meta property=\"og:image:width\" content=\"744\" \/>\n\t<meta property=\"og:image:height\" content=\"800\" \/>\n\t<meta property=\"og:image:type\" content=\"image\/jpeg\" \/>\n<meta name=\"twitter:card\" content=\"summary_large_image\" \/>\n<meta name=\"twitter:label1\" content=\"Tempo di lettura stimato\" \/>\n\t<meta name=\"twitter:data1\" content=\"4 minuti\" \/>\n<script type=\"application\/ld+json\" class=\"yoast-schema-graph\">{\"@context\":\"https:\\\/\\\/schema.org\",\"@graph\":[{\"@type\":\"WebPage\",\"@id\":\"https:\\\/\\\/starlediluminacion.com\\\/producto\\\/downlight-plafon-led-circular-moss-negro-lumileds-24w-ajustable-cct-color-seleccionable\\\/\",\"url\":\"https:\\\/\\\/starlediluminacion.com\\\/producto\\\/downlight-plafon-led-circular-moss-negro-lumileds-24w-ajustable-cct-color-seleccionable\\\/\",\"name\":\"Downlight + Plaf\u00f3n LED - Circular- MOSS NEGRO LUMILEDS - 24W AJUSTABLE - CCT Color Seleccionable - STARLED Iluminacion\",\"isPartOf\":{\"@id\":\"https:\\\/\\\/starlediluminacion.com\\\/#website\"},\"primaryImageOfPage\":{\"@id\":\"https:\\\/\\\/starlediluminacion.com\\\/producto\\\/downlight-plafon-led-circular-moss-negro-lumileds-24w-ajustable-cct-color-seleccionable\\\/#primaryimage\"},\"image\":{\"@id\":\"https:\\\/\\\/starlediluminacion.com\\\/producto\\\/downlight-plafon-led-circular-moss-negro-lumileds-24w-ajustable-cct-color-seleccionable\\\/#primaryimage\"},\"thumbnailUrl\":\"https:\\\/\\\/starlediluminacion.com\\\/wp-content\\\/uploads\\\/2024\\\/05\\\/downlight-plafon-led-circular-moss-negro-lumileds-24w-ajustable-cct-color-seleccionable.jpg\",\"datePublished\":\"2024-05-05T10:07:35+00:00\",\"dateModified\":\"2024-05-05T10:13:37+00:00\",\"breadcrumb\":{\"@id\":\"https:\\\/\\\/starlediluminacion.com\\\/producto\\\/downlight-plafon-led-circular-moss-negro-lumileds-24w-ajustable-cct-color-seleccionable\\\/#breadcrumb\"},\"inLanguage\":\"it-IT\",\"potentialAction\":[{\"@type\":\"ReadAction\",\"target\":[\"https:\\\/\\\/starlediluminacion.com\\\/producto\\\/downlight-plafon-led-circular-moss-negro-lumileds-24w-ajustable-cct-color-seleccionable\\\/\"]}]},{\"@type\":\"ImageObject\",\"inLanguage\":\"it-IT\",\"@id\":\"https:\\\/\\\/starlediluminacion.com\\\/producto\\\/downlight-plafon-led-circular-moss-negro-lumileds-24w-ajustable-cct-color-seleccionable\\\/#primaryimage\",\"url\":\"https:\\\/\\\/starlediluminacion.com\\\/wp-content\\\/uploads\\\/2024\\\/05\\\/downlight-plafon-led-circular-moss-negro-lumileds-24w-ajustable-cct-color-seleccionable.jpg\",\"contentUrl\":\"https:\\\/\\\/starlediluminacion.com\\\/wp-content\\\/uploads\\\/2024\\\/05\\\/downlight-plafon-led-circular-moss-negro-lumileds-24w-ajustable-cct-color-seleccionable.jpg\",\"width\":744,\"height\":800},{\"@type\":\"BreadcrumbList\",\"@id\":\"https:\\\/\\\/starlediluminacion.com\\\/producto\\\/downlight-plafon-led-circular-moss-negro-lumileds-24w-ajustable-cct-color-seleccionable\\\/#breadcrumb\",\"itemListElement\":[{\"@type\":\"ListItem\",\"position\":1,\"name\":\"Portada\",\"item\":\"https:\\\/\\\/starlediluminacion.com\\\/\"},{\"@type\":\"ListItem\",\"position\":2,\"name\":\"Shop\",\"item\":\"https:\\\/\\\/starlediluminacion.com\\\/shop-2\\\/\"},{\"@type\":\"ListItem\",\"position\":3,\"name\":\"Downlight + Plaf\u00f3n LED &#8211; Circular- MOSS NEGRO LUMILEDS &#8211; 24W AJUSTABLE &#8211; CCT Color Seleccionable\"}]},{\"@type\":\"WebSite\",\"@id\":\"https:\\\/\\\/starlediluminacion.com\\\/#website\",\"url\":\"https:\\\/\\\/starlediluminacion.com\\\/\",\"name\":\"STARLED Iluminacion\",\"description\":\"\",\"potentialAction\":[{\"@type\":\"SearchAction\",\"target\":{\"@type\":\"EntryPoint\",\"urlTemplate\":\"https:\\\/\\\/starlediluminacion.com\\\/?s={search_term_string}\"},\"query-input\":{\"@type\":\"PropertyValueSpecification\",\"valueRequired\":true,\"valueName\":\"search_term_string\"}}],\"inLanguage\":\"it-IT\"}]}<\/script>\n<!-- \/ Yoast SEO plugin. -->","yoast_head_json":{"title":"Downlight + Plaf\u00f3n LED - Circular- MOSS NEGRO LUMILEDS - 24W AJUSTABLE - CCT Color Seleccionable - STARLED Iluminacion","robots":{"index":"index","follow":"follow","max-snippet":"max-snippet:-1","max-image-preview":"max-image-preview:large","max-video-preview":"max-video-preview:-1"},"canonical":"https:\/\/starlediluminacion.com\/it\/product\/downlight-plafon-led-lampade-circolari-moss-nero-lumileds-24w-ajustable-cct-colore-selezionabile-2\/","og_locale":"it_IT","og_type":"article","og_title":"Downlight + Plaf\u00f3n LED - Circular- MOSS NEGRO LUMILEDS - 24W AJUSTABLE - CCT Color Seleccionable - STARLED Iluminacion","og_description":"Referencia: SLLPN24W-CCT-91261     \u00bfTienes problemas porque el agujero es muy grande o muy peque\u00f1o para instalar el downlight o\u00a0tu plaf\u00f3n LED? \u00a1La soluci\u00f3n!\u00a0Con el nuevo modelo de\u00a0Luminaria\u00a0MOSS\u00a0con\u00a024W\u00a0de potencia,\u00a0 AJUSTABLE\u00a0en\u00a0DIAMETRO DE CORTE\u00a0(Di\u00e1metro de hueco de 50mm a 260mm) y\u00a0color seleccionable, no tendr\u00e1s ning\u00fan problema en instalarlo, ya que \u00a0se ajusta al di\u00e1metro del agujero gracias al sistema de deslizamiento de la fijaci\u00f3n.\u00a0DISFRUTA YA DE TU\u00a0DOWNLIGHT + PLAF\u00d3N + CCT + AJUSTABLE!.\u00a06 OPCIONES DE PRODUCTO EN\u00a0 SOLO 1! Fabricada con diodos SMD2835 de alta luminosidad de la marca\u00a0Lumileds, lo que garantiza un mayor rendimiento y fiabilidad de esta\u00a0l\u00e1mpara de techo. \u00a0Entrega en 24\/48 horas","og_url":"https:\/\/starlediluminacion.com\/it\/product\/downlight-plafon-led-lampade-circolari-moss-nero-lumileds-24w-ajustable-cct-colore-selezionabile-2\/","og_site_name":"STARLED Iluminacion","article_modified_time":"2024-05-05T10:13:37+00:00","og_image":[{"width":744,"height":800,"url":"https:\/\/starlediluminacion.com\/wp-content\/uploads\/2024\/05\/downlight-plafon-led-circular-moss-negro-lumileds-24w-ajustable-cct-color-seleccionable.jpg","type":"image\/jpeg"}],"twitter_card":"summary_large_image","twitter_misc":{"Tempo di lettura stimato":"4 minuti"},"schema":{"@context":"https:\/\/schema.org","@graph":[{"@type":"WebPage","@id":"https:\/\/starlediluminacion.com\/producto\/downlight-plafon-led-circular-moss-negro-lumileds-24w-ajustable-cct-color-seleccionable\/","url":"https:\/\/starlediluminacion.com\/producto\/downlight-plafon-led-circular-moss-negro-lumileds-24w-ajustable-cct-color-seleccionable\/","name":"Downlight + Plaf\u00f3n LED - Circular- MOSS NEGRO LUMILEDS - 24W AJUSTABLE - CCT Color Seleccionable - STARLED Iluminacion","isPartOf":{"@id":"https:\/\/starlediluminacion.com\/#website"},"primaryImageOfPage":{"@id":"https:\/\/starlediluminacion.com\/producto\/downlight-plafon-led-circular-moss-negro-lumileds-24w-ajustable-cct-color-seleccionable\/#primaryimage"},"image":{"@id":"https:\/\/starlediluminacion.com\/producto\/downlight-plafon-led-circular-moss-negro-lumileds-24w-ajustable-cct-color-seleccionable\/#primaryimage"},"thumbnailUrl":"https:\/\/starlediluminacion.com\/wp-content\/uploads\/2024\/05\/downlight-plafon-led-circular-moss-negro-lumileds-24w-ajustable-cct-color-seleccionable.jpg","datePublished":"2024-05-05T10:07:35+00:00","dateModified":"2024-05-05T10:13:37+00:00","breadcrumb":{"@id":"https:\/\/starlediluminacion.com\/producto\/downlight-plafon-led-circular-moss-negro-lumileds-24w-ajustable-cct-color-seleccionable\/#breadcrumb"},"inLanguage":"it-IT","potentialAction":[{"@type":"ReadAction","target":["https:\/\/starlediluminacion.com\/producto\/downlight-plafon-led-circular-moss-negro-lumileds-24w-ajustable-cct-color-seleccionable\/"]}]},{"@type":"ImageObject","inLanguage":"it-IT","@id":"https:\/\/starlediluminacion.com\/producto\/downlight-plafon-led-circular-moss-negro-lumileds-24w-ajustable-cct-color-seleccionable\/#primaryimage","url":"https:\/\/starlediluminacion.com\/wp-content\/uploads\/2024\/05\/downlight-plafon-led-circular-moss-negro-lumileds-24w-ajustable-cct-color-seleccionable.jpg","contentUrl":"https:\/\/starlediluminacion.com\/wp-content\/uploads\/2024\/05\/downlight-plafon-led-circular-moss-negro-lumileds-24w-ajustable-cct-color-seleccionable.jpg","width":744,"height":800},{"@type":"BreadcrumbList","@id":"https:\/\/starlediluminacion.com\/producto\/downlight-plafon-led-circular-moss-negro-lumileds-24w-ajustable-cct-color-seleccionable\/#breadcrumb","itemListElement":[{"@type":"ListItem","position":1,"name":"Portada","item":"https:\/\/starlediluminacion.com\/"},{"@type":"ListItem","position":2,"name":"Shop","item":"https:\/\/starlediluminacion.com\/shop-2\/"},{"@type":"ListItem","position":3,"name":"Downlight + Plaf\u00f3n LED &#8211; Circular- MOSS NEGRO LUMILEDS &#8211; 24W AJUSTABLE &#8211; CCT Color Seleccionable"}]},{"@type":"WebSite","@id":"https:\/\/starlediluminacion.com\/#website","url":"https:\/\/starlediluminacion.com\/","name":"STARLED Iluminacion","description":"","potentialAction":[{"@type":"SearchAction","target":{"@type":"EntryPoint","urlTemplate":"https:\/\/starlediluminacion.com\/?s={search_term_string}"},"query-input":{"@type":"PropertyValueSpecification","valueRequired":true,"valueName":"search_term_string"}}],"inLanguage":"it-IT"}]}},"_links":{"self":[{"href":"https:\/\/starlediluminacion.com\/it\/wp-json\/wp\/v3\/product\/12935","targetHints":{"allow":["GET"]}}],"collection":[{"href":"https:\/\/starlediluminacion.com\/it\/wp-json\/wp\/v3\/product"}],"about":[{"href":"https:\/\/starlediluminacion.com\/it\/wp-json\/wp\/v2\/types\/product"}],"wp:featuredmedia":[{"embeddable":true,"href":"https:\/\/starlediluminacion.com\/it\/wp-json\/wp\/v2\/media\/12942"}],"wp:attachment":[{"href":"https:\/\/starlediluminacion.com\/it\/wp-json\/wp\/v2\/media?parent=12935"}],"wp:term":[{"taxonomy":"product_cat","embeddable":true,"href":"https:\/\/starlediluminacion.com\/it\/wp-json\/wp\/v2\/product_cat?post=12935"},{"taxonomy":"product_tag","embeddable":true,"href":"https:\/\/starlediluminacion.com\/it\/wp-json\/wp\/v2\/product_tag?post=12935"}],"curies":[{"name":"wp","href":"https:\/\/api.w.org\/{rel}","templated":true}]}}