{"id":12880,"date":"2024-05-05T09:46:50","date_gmt":"2024-05-05T09:46:50","guid":{"rendered":"https:\/\/starlediluminacion.com\/?post_type=product&#038;p=12880"},"modified":"2024-05-05T09:50:08","modified_gmt":"2024-05-05T09:50:08","slug":"empotrable-led-6w-periscopico-direccionable-cuadrado-cct-color-seleccionable","status":"publish","type":"product","link":"https:\/\/starlediluminacion.com\/it\/product\/incasso-led-6w-periscopico-direzionale-quadrato-cct-colore-selezionabile-2\/","title":{"rendered":"<p>Empotrable LED 6W &ndash; PERISC&Oacute;PICO DIRECCIONABLE &ndash; Cuadrado &ndash; CCT Color Seleccionable<\/p>"},"content":{"rendered":"<h1>Downlight&nbsp;LED 6W &ndash; PERISC&Oacute;PICO DIRECCIONABLE &ndash; Cuadrado &ndash;&nbsp; CCT Color Color Seleccionable<p>&nbsp;<\/p><p>&iquest;Est&aacute;s preparado para convertir tu entorno en un para&iacute;so de luminosidad y sofisticaci&oacute;n? Te presentamos el&nbsp;<strong>LED da incasso 6W<\/strong>, una aut&eacute;ntica obra maestra de la iluminaci&oacute;n que embellecer&aacute; tus momentos de forma inigualable. Transforma cada rinc&oacute;n de tu hogar u oficina en un escenario donde la luz se ajusta a tus necesidades y preferencias. Descubre por qu&eacute; este&nbsp;<strong>Empotrable LED Ajustable<\/strong>&nbsp;ha conquistado el coraz&oacute;n de quienes buscan la excelencia en iluminaci&oacute;n.<\/p><p>&nbsp;<\/p><p>Brillo y Direcci&oacute;n Perfectos:<\/p><p>Nuestro Empotrable LED 6W no es uno m&aacute;s en el mercado. Su dise&ntilde;o&nbsp;<strong>perisc&oacute;pico direccionable<\/strong>&nbsp;te permite dirigir la luz exactamente donde la necesitas,&nbsp;<strong>gira 360&ordm;<\/strong>&nbsp;y tiene una&nbsp;<strong>rotaci&oacute;n de 90&ordm;<\/strong>&nbsp;para ajustarlo seg&uacute;n las necesidades de cada espacio. No m&aacute;s sombras inc&oacute;modas ni &aacute;reas mal iluminadas. &iexcl;Crea la atm&oacute;sfera perfecta con solo ajustar la direcci&oacute;n de la luz!<\/p><p>&nbsp;<\/p><p><strong>&Aacute;ngulo de luz<\/strong>&nbsp;perfecto de&nbsp;<strong>30&ordm;<\/strong>&nbsp;y orientaci&oacute;n total:<\/p><p>Si deseas resaltar elementos particulares en una habitaci&oacute;n o &aacute;rea, como una obra de arte, una vitrina o una zona de trabajo, un &aacute;ngulo de 30 grados te permite concentrar la luz en ese objeto, creando un efecto de realce.<\/p><p>La orientaci&oacute;n total te permite personalizar la direcci&oacute;n y el &aacute;ngulo de la luz de acuerdo con tus preferencias personales. Esto es especialmente &uacute;til en espacios donde se realizan m&uacute;ltiples actividades.&nbsp;Al poder apuntar la luz directamente a &aacute;reas o elementos espec&iacute;ficos, puedes eliminar sombras no deseadas y asegurarte de que la&nbsp;<strong>illuminazione<\/strong>&nbsp;sea&nbsp;<strong>uniforme y efectiva<\/strong>.<\/p><p>En espacios vers&aacute;tiles o que tienen diferentes usos, como una sala de estar que tambi&eacute;n se utiliza como oficina, la orientaci&oacute;n total permite adaptar la iluminaci&oacute;n a las diversas necesidades.<\/p><p>&nbsp;<\/p><p>Colores a Tu Gusto:<\/p><p>&iquest;Aburrido de la luz fr&iacute;a o c&aacute;lida? Nuestro Empotrable LED te permite elegir el color de la luz que m&aacute;s te convenga. Con la tecnolog&iacute;a<strong>&nbsp;Colore CCT selezionabile<\/strong>, puedes escoger entre&nbsp;<strong>luz c&aacute;lida, luz fr&iacute;a o luz natural.<\/strong>&nbsp;Desde una luz acogedora para una cena rom&aacute;ntica hasta una luz brillante para trabajar, este empotrable se adapta a tus necesidades en un instante.<\/p><p>&nbsp;<\/p><p>Eficiencia Energ&eacute;tica Sobresaliente:<\/p><p>Con una potencia de solo&nbsp;<strong>6W<\/strong>questo&nbsp;<strong>empotrable LED<\/strong>&nbsp;es una potencia de eficiencia energ&eacute;tica. A pesar de su bajo consumo de energ&iacute;a, proporciona una iluminaci&oacute;n brillante y n&iacute;tida con un &aacute;ngulo de luz de 30 grados. Adi&oacute;s a los altos costos de electricidad y hola a una factura de energ&iacute;a m&aacute;s amigable con el medio ambiente.<\/p><p>&nbsp;<\/p><p>Durabilidad Inigualable:<\/p><p>Fabricado en policarbonato (PC), este empotrable LED es resistente y duradero. Su construcci&oacute;n de alta calidad garantiza que dure a&ntilde;os sin perder su esplendor. No m&aacute;s preocupaciones por reemplazar bombillas o luminarias con frecuencia.<\/p><p>&nbsp;<\/p><p>Installazione semplice:<\/p><p>La instalaci&oacute;n de este empotrable LED es un juego de ni&ntilde;os, lo&nbsp;<strong>esencial<\/strong>&nbsp;es realizar el&nbsp;<strong>corte<\/strong>&nbsp;en el&nbsp;<strong>techo<\/strong>&nbsp;si no lo tienes ya con las medidas indicadas para poderlo empotrar. Viene con todas las instrucciones y piezas necesarias, por lo que puedes tenerlo funcionando en minutos, sin necesidad de contratar a un electricista, solo te recordamos que tienes que cortar la corriente el&eacute;ctrica siempre que hagas cualquier montaje el&eacute;ctrico!<\/p><p>&nbsp;<\/p><h2>Usos del&nbsp;Empotrable LED 6W &ndash; PERISC&Oacute;PICO DIRECCIONABLE &ndash; Cuadrado &ndash; CCT<\/h2><p>El Empotrable LED 6W&nbsp;es tan vers&aacute;til como potente. Puedes utilizarlo en una variedad de entornos:<\/p><p>&nbsp;<\/p><ul>\n<li>En tu hogar:&nbsp;Embellece tu sala de estar, cocina, dormitorio o cualquier otro espacio con esta luminaria elegante y funcional. Ajusta el color de la luz para crear la atm&oacute;sfera perfecta en cualquier momento.<\/li>\n<\/ul><ul>\n<li>En tu oficina:&nbsp;Aumenta tu productividad y crea un ambiente de trabajo &oacute;ptimo con una luz blanca y brillante en tu escritorio o &aacute;rea de trabajo.<\/li>\n<\/ul><ul>\n<li>En tiendas y comercios:&nbsp;Destaca tus productos y atrae a los clientes con una iluminaci&oacute;n n&iacute;tida y atractiva.<\/li>\n<\/ul><ul>\n<li>En restaurantes y bares:&nbsp;Crea un ambiente acogedor o animado seg&uacute;n la ocasi&oacute;n, todo con un solo empotrable LED.<\/li>\n<\/ul><ul>\n<li>En espacios comerciales:&nbsp;Ya sea un sal&oacute;n de exposiciones, una galer&iacute;a de arte o cualquier otro lugar, esta luminaria a&ntilde;adir&aacute; un toque especial a tu espacio.<\/li>\n<\/ul><p>&nbsp;<\/p><p>In breve, il&nbsp;<strong>Empotrable LED&nbsp;6W<\/strong>&nbsp;con&nbsp;<strong>CCT<\/strong>&nbsp;es el compa&ntilde;ero de iluminaci&oacute;n perfecto que te brinda control, eficiencia y durabilidad. Dale un toque de estilo a tu entorno y experimenta la iluminaci&oacute;n de pr&oacute;xima generaci&oacute;n. &iexcl;No esperes m&aacute;s para hacer tuya esta maravilla de la tecnolog&iacute;a de iluminaci&oacute;n! Transforma tus espacios y crea el ambiente perfecto con un solo clic.<\/p><h3 class=\"h6\">Scheda tecnica del prodotto<\/h3><dl class=\"data-sheet\">\n<dt class=\"name\"><img loading=\"lazy\" decoding=\"async\" src=\"https:\/\/www.factorled.com\/modules\/oa_features\/img\/2-default.jpg\" width=\"32\" height=\"32\">&nbsp;RIFERIMENTO<\/dt>\n<dd class=\"value\">LSPL6W-CCT-91267<\/dd>\n<dt class=\"name\"><img loading=\"lazy\" decoding=\"async\" src=\"https:\/\/www.factorled.com\/modules\/oa_features\/img\/3-default.jpg\" width=\"32\" height=\"32\">&nbsp;Potenza nominale<\/dt>\n<dd class=\"value\">6w<\/dd>\n<dt class=\"name\"><img loading=\"lazy\" decoding=\"async\" src=\"https:\/\/www.factorled.com\/modules\/oa_features\/img\/4-default.jpg\" width=\"32\" height=\"32\">&nbsp;Tensione nominale<\/dt>\n<dd class=\"value\">220-240V<\/dd>\n<dt class=\"name\"><img loading=\"lazy\" decoding=\"async\" src=\"https:\/\/www.factorled.com\/modules\/oa_features\/img\/5-default.jpg\" width=\"32\" height=\"32\">&nbsp;Temperatura della luce<\/dt>\n<dd class=\"value\">3000K-4200K-6500K<\/dd>\n<dt class=\"name\"><img loading=\"lazy\" decoding=\"async\" src=\"https:\/\/www.factorled.com\/modules\/oa_features\/img\/6-default.jpg\" width=\"32\" height=\"32\">&nbsp;CRI - Indice di riproduzione cromatica<\/dt>\n<dd class=\"value\">80<\/dd>\n<dt class=\"name\"><img loading=\"lazy\" decoding=\"async\" src=\"https:\/\/www.factorled.com\/modules\/oa_features\/img\/25-default.jpg\" width=\"32\" height=\"32\">&nbsp;Materiale da costruzione<\/dt>\n<dd class=\"value\">PC Ritardante di fiamma<\/dd>\n<dt class=\"name\"><img loading=\"lazy\" decoding=\"async\" src=\"https:\/\/www.factorled.com\/modules\/oa_features\/img\/8-default.jpg\" width=\"32\" height=\"32\">&nbsp;Luminosit\u00e0-Lm<\/dt>\n<dd class=\"value\">600 Lm<\/dd>\n<dt class=\"name\"><img loading=\"lazy\" decoding=\"async\" src=\"https:\/\/www.factorled.com\/modules\/oa_features\/img\/9-default.jpg\" width=\"32\" height=\"32\">&nbsp;Tipo di LED<\/dt>\n<dd class=\"value\">COB<\/dd>\n<dt class=\"name\"><img loading=\"lazy\" decoding=\"async\" src=\"https:\/\/www.factorled.com\/modules\/oa_features\/img\/10-default.jpg\" width=\"32\" height=\"32\">&nbsp;Angolo di apertura (\u00ba)<\/dt>\n<dd class=\"value\">30\u00b0<\/dd>\n<dt class=\"name\"><img loading=\"lazy\" decoding=\"async\" src=\"https:\/\/www.factorled.com\/modules\/oa_features\/img\/11-default.jpg\" width=\"32\" height=\"32\">&nbsp;Dimostrabile<\/dt>\n<dd class=\"value\">No<\/dd>\n<dt class=\"name\"><img loading=\"lazy\" decoding=\"async\" src=\"https:\/\/www.factorled.com\/modules\/oa_features\/img\/15-default.jpg\" width=\"32\" height=\"32\">&nbsp;Certificati<\/dt>\n<dd class=\"value\">CE - ROHS<\/dd>\n<dt class=\"name\"><img loading=\"lazy\" decoding=\"async\" src=\"https:\/\/www.factorled.com\/modules\/oa_features\/img\/16-default.jpg\" width=\"32\" height=\"32\">&nbsp;Grado di protezione IP<\/dt>\n<dd class=\"value\">IP40<\/dd>\n<dt class=\"name\"><img loading=\"lazy\" decoding=\"async\" src=\"https:\/\/www.factorled.com\/modules\/oa_features\/img\/17-default.jpg\" width=\"32\" height=\"32\">&nbsp;Vita stimata Diodo LED (H)<\/dt>\n<dd class=\"value\">25000<\/dd>\n<dt class=\"name\"><img loading=\"lazy\" decoding=\"async\" src=\"https:\/\/www.factorled.com\/modules\/oa_features\/img\/18-default.jpg\" width=\"32\" height=\"32\">&nbsp;Misure (Mm)<\/dt>\n<dd class=\"value\">&Oslash;90xH70mm<\/dd>\n<dt class=\"name\"><img loading=\"lazy\" decoding=\"async\" src=\"https:\/\/www.factorled.com\/modules\/oa_features\/img\/21-default.jpg\" width=\"32\" height=\"32\">&nbsp;Frequenza di lavoro (Hz)<\/dt>\n<dd class=\"value\">50\/60Hz<\/dd>\n<dt class=\"name\"><img loading=\"lazy\" decoding=\"async\" src=\"https:\/\/www.factorled.com\/modules\/oa_features\/img\/22-default.jpg\" width=\"32\" height=\"32\">&nbsp;Intervallo di temperatura (\u00baC)<\/dt>\n<dd class=\"value\">-20\u00baC ~ +50\u00baC<\/dd>\n<dt class=\"name\"><img loading=\"lazy\" decoding=\"async\" src=\"https:\/\/www.factorled.com\/modules\/oa_features\/img\/23-default.jpg\" width=\"32\" height=\"32\">&nbsp;Cicli di accensione<\/dt>\n<dd class=\"value\">100.000<\/dd>\n<dt class=\"name\"><img loading=\"lazy\" decoding=\"async\" src=\"https:\/\/www.factorled.com\/modules\/oa_features\/img\/24-default.jpg\" width=\"32\" height=\"32\">&nbsp;Tempo di avvio (S)<\/dt>\n<dd class=\"value\">0,2s<\/dd>\n<dt class=\"name\"><img loading=\"lazy\" decoding=\"async\" src=\"https:\/\/www.factorled.com\/modules\/oa_features\/img\/27-default.jpg\" width=\"32\" height=\"32\">&nbsp;Taglio del soffitto (Mm)<\/dt>\n<dd class=\"value\">70 mm<\/dd>\n<dt class=\"name\"><img loading=\"lazy\" decoding=\"async\" src=\"https:\/\/www.factorled.com\/modules\/oa_features\/img\/72-default.jpg\" width=\"32\" height=\"32\">&nbsp;Indice di abbagliamento (UGR)<\/dt>\n<dd class=\"value\">19<\/dd>\n<dt class=\"name\"><img loading=\"lazy\" decoding=\"async\" src=\"https:\/\/www.factorled.com\/modules\/oa_features\/img\/74-default.jpg\" width=\"32\" height=\"32\">&nbsp;Autista incluso<\/dt>\n<dd class=\"value\">S\u00cc<\/dd>\n<dt class=\"name\"><img loading=\"lazy\" decoding=\"async\" src=\"https:\/\/www.factorled.com\/modules\/oa_features\/img\/7-default.jpg\" width=\"32\" height=\"32\">&nbsp;Classe energetica (2021-EU-2019\/2015)<\/dt>\n<dd class=\"value\">A+<\/dd>\n<dt class=\"name\"><img loading=\"lazy\" decoding=\"async\" src=\"https:\/\/www.factorled.com\/modules\/oa_features\/img\/101-default.jpg\" width=\"32\" height=\"32\">&nbsp;Classe energetica (2023 - UE-2019\/2015)<\/dt>\n<dd class=\"value\">F<\/dd>\n<dt class=\"name\"><img loading=\"lazy\" decoding=\"async\" src=\"https:\/\/www.factorled.com\/modules\/oa_features\/img\/75-default.jpg\" width=\"32\" height=\"32\">&nbsp;Anni di garanzia<\/dt>\n<dd class=\"value\">3<\/dd>\n<\/dl><\/h1>","protected":false},"excerpt":{"rendered":"<div class=\"product-reference\"><label class=\"label\">Riferimento:<\/label> SLLSPL6W-CCT-91267\n<div><\/div>\n<div class=\"product-description-short\">\n<div id=\"product-description-short-3022\">\n<p>&iquest;Est&aacute;s listo para transformar tu espacio en un oasis de luz y elegancia? Presentamos el&nbsp;<strong>LED da incasso 6W&nbsp;<\/strong><strong>PERISC&Oacute;PICO DIRECCIONABLE,<\/strong>&nbsp;una joya de la iluminaci&oacute;n que iluminar&aacute; tus momentos de manera &uacute;nica. Convierte cada rinc&oacute;n de tu hogar u oficina en un escenario donde la luz se adapta a tus necesidades y deseos. Descubre por qu&eacute; este&nbsp;<strong>Empotrable LED Ajustable<\/strong>&nbsp;se ha convertido en la elecci&oacute;n n&uacute;mero uno de aquellos que buscan la perfecci&oacute;n en iluminaci&oacute;n y adem&aacute;s es totalmente orientable!<\/p>\n<p>Destaca por que puede<strong>&nbsp;girar 360&ordm; y rotar 90&ordm;<\/strong>&nbsp;consiguiendo dar una iluminaci&oacute;n a cualquier espacio que interese. Tecnolog&iacute;a&nbsp;<strong>CCT<\/strong>il&nbsp;<strong>luce<\/strong>&nbsp;Il bianco pu\u00f2 essere selezionato in<strong>&nbsp;C&aacute;lida, Neutra y Fr&iacute;a.&nbsp;<\/strong>F&aacute;cil montaje e instalaci&oacute;n.<\/p>\n<p><i class=\"fa fa-truck\"><\/i>&nbsp;<span class=\"text-muted textprop\">Consegna in 24\/48 ore<\/span><\/p>\n<\/div>\n<\/div><\/div>","protected":false},"featured_media":12886,"template":"","meta":{"site-sidebar-layout":"default","site-content-layout":"default","ast-global-header-display":"","ast-main-header-display":"","ast-hfb-above-header-display":"","ast-hfb-below-header-display":"","ast-hfb-mobile-header-display":"","site-post-title":"","ast-breadcrumbs-content":"","ast-featured-img":"","footer-sml-layout":"","theme-transparent-header-meta":"default","adv-header-id-meta":"","stick-header-meta":"","header-above-stick-meta":"","header-main-stick-meta":"","header-below-stick-meta":""},"product_cat":[27,70],"product_tag":[],"class_list":["post-12880","product","type-product","status-publish","has-post-thumbnail","hentry","product_cat-downlight-plafones-y-placas-led","product_cat-focos-downlight-led"],"yoast_head":"<!-- This site is optimized with the Yoast SEO plugin v27.4 - https:\/\/yoast.com\/product\/yoast-seo-wordpress\/ -->\n<title>Empotrable LED 6W - PERISC\u00d3PICO DIRECCIONABLE - Cuadrado - CCT Color Seleccionable - STARLED Iluminacion<\/title>\n<meta name=\"robots\" content=\"index, follow, max-snippet:-1, max-image-preview:large, max-video-preview:-1\" \/>\n<link rel=\"canonical\" href=\"https:\/\/starlediluminacion.com\/it\/product\/incasso-led-6w-periscopico-direzionale-quadrato-cct-colore-selezionabile-2\/\" \/>\n<meta property=\"og:locale\" content=\"it_IT\" \/>\n<meta property=\"og:type\" content=\"article\" \/>\n<meta property=\"og:title\" content=\"Empotrable LED 6W - PERISC\u00d3PICO DIRECCIONABLE - Cuadrado - CCT Color Seleccionable - STARLED Iluminacion\" \/>\n<meta property=\"og:description\" content=\"Referencia: SLLSPL6W-CCT-91267      \u00bfEst\u00e1s listo para transformar tu espacio en un oasis de luz y elegancia? Presentamos el\u00a0Empotrable LED 6W\u00a0PERISC\u00d3PICO DIRECCIONABLE,\u00a0una joya de la iluminaci\u00f3n que iluminar\u00e1 tus momentos de manera \u00fanica. Convierte cada rinc\u00f3n de tu hogar u oficina en un escenario donde la luz se adapta a tus necesidades y deseos. Descubre por qu\u00e9 este\u00a0Empotrable LED Ajustable\u00a0se ha convertido en la elecci\u00f3n n\u00famero uno de aquellos que buscan la perfecci\u00f3n en iluminaci\u00f3n y adem\u00e1s es totalmente orientable!  Destaca por que puede\u00a0girar 360\u00ba y rotar 90\u00ba\u00a0consiguiendo dar una iluminaci\u00f3n a cualquier espacio que interese. Tecnolog\u00eda\u00a0CCT, la\u00a0luz\u00a0blanca se puede seleccionar en\u00a0C\u00e1lida, Neutra y Fr\u00eda.\u00a0F\u00e1cil montaje e instalaci\u00f3n.  \u00a0Entrega en 24\/48 horas\" \/>\n<meta property=\"og:url\" content=\"https:\/\/starlediluminacion.com\/it\/product\/incasso-led-6w-periscopico-direzionale-quadrato-cct-colore-selezionabile-2\/\" \/>\n<meta property=\"og:site_name\" content=\"STARLED Iluminacion\" \/>\n<meta property=\"article:modified_time\" content=\"2024-05-05T09:50:08+00:00\" \/>\n<meta property=\"og:image\" content=\"https:\/\/starlediluminacion.com\/wp-content\/uploads\/2024\/05\/empotrable-led-6w-periscopico-direccionable-cuadrado-cct-color-seleccionable.jpg\" \/>\n\t<meta property=\"og:image:width\" content=\"744\" \/>\n\t<meta property=\"og:image:height\" content=\"800\" \/>\n\t<meta property=\"og:image:type\" content=\"image\/jpeg\" \/>\n<meta name=\"twitter:card\" content=\"summary_large_image\" \/>\n<meta name=\"twitter:label1\" content=\"Tempo di lettura stimato\" \/>\n\t<meta name=\"twitter:data1\" content=\"5 minuti\" \/>\n<script type=\"application\/ld+json\" class=\"yoast-schema-graph\">{\"@context\":\"https:\\\/\\\/schema.org\",\"@graph\":[{\"@type\":\"WebPage\",\"@id\":\"https:\\\/\\\/starlediluminacion.com\\\/it\\\/product\\\/incasso-led-6w-periscopico-direzionale-quadrato-cct-colore-selezionabile-2\\\/\",\"url\":\"https:\\\/\\\/starlediluminacion.com\\\/it\\\/product\\\/incasso-led-6w-periscopico-direzionale-quadrato-cct-colore-selezionabile-2\\\/\",\"name\":\"Empotrable LED 6W - PERISC\u00d3PICO DIRECCIONABLE - Cuadrado - CCT Color Seleccionable - STARLED Iluminacion\",\"isPartOf\":{\"@id\":\"https:\\\/\\\/starlediluminacion.com\\\/#website\"},\"primaryImageOfPage\":{\"@id\":\"https:\\\/\\\/starlediluminacion.com\\\/it\\\/product\\\/incasso-led-6w-periscopico-direzionale-quadrato-cct-colore-selezionabile-2\\\/#primaryimage\"},\"image\":{\"@id\":\"https:\\\/\\\/starlediluminacion.com\\\/it\\\/product\\\/incasso-led-6w-periscopico-direzionale-quadrato-cct-colore-selezionabile-2\\\/#primaryimage\"},\"thumbnailUrl\":\"https:\\\/\\\/starlediluminacion.com\\\/wp-content\\\/uploads\\\/2024\\\/05\\\/empotrable-led-6w-periscopico-direccionable-cuadrado-cct-color-seleccionable.jpg\",\"datePublished\":\"2024-05-05T09:46:50+00:00\",\"dateModified\":\"2024-05-05T09:50:08+00:00\",\"breadcrumb\":{\"@id\":\"https:\\\/\\\/starlediluminacion.com\\\/it\\\/product\\\/incasso-led-6w-periscopico-direzionale-quadrato-cct-colore-selezionabile-2\\\/#breadcrumb\"},\"inLanguage\":\"it-IT\",\"potentialAction\":[{\"@type\":\"ReadAction\",\"target\":[\"https:\\\/\\\/starlediluminacion.com\\\/it\\\/product\\\/incasso-led-6w-periscopico-direzionale-quadrato-cct-colore-selezionabile-2\\\/\"]}]},{\"@type\":\"ImageObject\",\"inLanguage\":\"it-IT\",\"@id\":\"https:\\\/\\\/starlediluminacion.com\\\/it\\\/product\\\/incasso-led-6w-periscopico-direzionale-quadrato-cct-colore-selezionabile-2\\\/#primaryimage\",\"url\":\"https:\\\/\\\/starlediluminacion.com\\\/wp-content\\\/uploads\\\/2024\\\/05\\\/empotrable-led-6w-periscopico-direccionable-cuadrado-cct-color-seleccionable.jpg\",\"contentUrl\":\"https:\\\/\\\/starlediluminacion.com\\\/wp-content\\\/uploads\\\/2024\\\/05\\\/empotrable-led-6w-periscopico-direccionable-cuadrado-cct-color-seleccionable.jpg\",\"width\":744,\"height\":800},{\"@type\":\"BreadcrumbList\",\"@id\":\"https:\\\/\\\/starlediluminacion.com\\\/it\\\/product\\\/incasso-led-6w-periscopico-direzionale-quadrato-cct-colore-selezionabile-2\\\/#breadcrumb\",\"itemListElement\":[{\"@type\":\"ListItem\",\"position\":1,\"name\":\"Portada\",\"item\":\"https:\\\/\\\/starlediluminacion.com\\\/\"},{\"@type\":\"ListItem\",\"position\":2,\"name\":\"Shop\",\"item\":\"https:\\\/\\\/starlediluminacion.com\\\/shop-2\\\/\"},{\"@type\":\"ListItem\",\"position\":3,\"name\":\"Empotrable LED 6W &#8211; PERISC\u00d3PICO DIRECCIONABLE &#8211; Cuadrado &#8211; CCT Color Seleccionable\"}]},{\"@type\":\"WebSite\",\"@id\":\"https:\\\/\\\/starlediluminacion.com\\\/#website\",\"url\":\"https:\\\/\\\/starlediluminacion.com\\\/\",\"name\":\"STARLED Iluminacion\",\"description\":\"\",\"potentialAction\":[{\"@type\":\"SearchAction\",\"target\":{\"@type\":\"EntryPoint\",\"urlTemplate\":\"https:\\\/\\\/starlediluminacion.com\\\/?s={search_term_string}\"},\"query-input\":{\"@type\":\"PropertyValueSpecification\",\"valueRequired\":true,\"valueName\":\"search_term_string\"}}],\"inLanguage\":\"it-IT\"}]}<\/script>\n<!-- \/ Yoast SEO plugin. -->","yoast_head_json":{"title":"Empotrable LED 6W - PERISC\u00d3PICO DIRECCIONABLE - Cuadrado - CCT Color Seleccionable - STARLED Iluminacion","robots":{"index":"index","follow":"follow","max-snippet":"max-snippet:-1","max-image-preview":"max-image-preview:large","max-video-preview":"max-video-preview:-1"},"canonical":"https:\/\/starlediluminacion.com\/it\/product\/incasso-led-6w-periscopico-direzionale-quadrato-cct-colore-selezionabile-2\/","og_locale":"it_IT","og_type":"article","og_title":"Empotrable LED 6W - PERISC\u00d3PICO DIRECCIONABLE - Cuadrado - CCT Color Seleccionable - STARLED Iluminacion","og_description":"Referencia: SLLSPL6W-CCT-91267      \u00bfEst\u00e1s listo para transformar tu espacio en un oasis de luz y elegancia? Presentamos el\u00a0Empotrable LED 6W\u00a0PERISC\u00d3PICO DIRECCIONABLE,\u00a0una joya de la iluminaci\u00f3n que iluminar\u00e1 tus momentos de manera \u00fanica. Convierte cada rinc\u00f3n de tu hogar u oficina en un escenario donde la luz se adapta a tus necesidades y deseos. Descubre por qu\u00e9 este\u00a0Empotrable LED Ajustable\u00a0se ha convertido en la elecci\u00f3n n\u00famero uno de aquellos que buscan la perfecci\u00f3n en iluminaci\u00f3n y adem\u00e1s es totalmente orientable!  Destaca por que puede\u00a0girar 360\u00ba y rotar 90\u00ba\u00a0consiguiendo dar una iluminaci\u00f3n a cualquier espacio que interese. Tecnolog\u00eda\u00a0CCT, la\u00a0luz\u00a0blanca se puede seleccionar en\u00a0C\u00e1lida, Neutra y Fr\u00eda.\u00a0F\u00e1cil montaje e instalaci\u00f3n.  \u00a0Entrega en 24\/48 horas","og_url":"https:\/\/starlediluminacion.com\/it\/product\/incasso-led-6w-periscopico-direzionale-quadrato-cct-colore-selezionabile-2\/","og_site_name":"STARLED Iluminacion","article_modified_time":"2024-05-05T09:50:08+00:00","og_image":[{"width":744,"height":800,"url":"https:\/\/starlediluminacion.com\/wp-content\/uploads\/2024\/05\/empotrable-led-6w-periscopico-direccionable-cuadrado-cct-color-seleccionable.jpg","type":"image\/jpeg"}],"twitter_card":"summary_large_image","twitter_misc":{"Tempo di lettura stimato":"5 minuti"},"schema":{"@context":"https:\/\/schema.org","@graph":[{"@type":"WebPage","@id":"https:\/\/starlediluminacion.com\/it\/product\/incasso-led-6w-periscopico-direzionale-quadrato-cct-colore-selezionabile-2\/","url":"https:\/\/starlediluminacion.com\/it\/product\/incasso-led-6w-periscopico-direzionale-quadrato-cct-colore-selezionabile-2\/","name":"Empotrable LED 6W - PERISC\u00d3PICO DIRECCIONABLE - Cuadrado - CCT Color Seleccionable - STARLED Iluminacion","isPartOf":{"@id":"https:\/\/starlediluminacion.com\/#website"},"primaryImageOfPage":{"@id":"https:\/\/starlediluminacion.com\/it\/product\/incasso-led-6w-periscopico-direzionale-quadrato-cct-colore-selezionabile-2\/#primaryimage"},"image":{"@id":"https:\/\/starlediluminacion.com\/it\/product\/incasso-led-6w-periscopico-direzionale-quadrato-cct-colore-selezionabile-2\/#primaryimage"},"thumbnailUrl":"https:\/\/starlediluminacion.com\/wp-content\/uploads\/2024\/05\/empotrable-led-6w-periscopico-direccionable-cuadrado-cct-color-seleccionable.jpg","datePublished":"2024-05-05T09:46:50+00:00","dateModified":"2024-05-05T09:50:08+00:00","breadcrumb":{"@id":"https:\/\/starlediluminacion.com\/it\/product\/incasso-led-6w-periscopico-direzionale-quadrato-cct-colore-selezionabile-2\/#breadcrumb"},"inLanguage":"it-IT","potentialAction":[{"@type":"ReadAction","target":["https:\/\/starlediluminacion.com\/it\/product\/incasso-led-6w-periscopico-direzionale-quadrato-cct-colore-selezionabile-2\/"]}]},{"@type":"ImageObject","inLanguage":"it-IT","@id":"https:\/\/starlediluminacion.com\/it\/product\/incasso-led-6w-periscopico-direzionale-quadrato-cct-colore-selezionabile-2\/#primaryimage","url":"https:\/\/starlediluminacion.com\/wp-content\/uploads\/2024\/05\/empotrable-led-6w-periscopico-direccionable-cuadrado-cct-color-seleccionable.jpg","contentUrl":"https:\/\/starlediluminacion.com\/wp-content\/uploads\/2024\/05\/empotrable-led-6w-periscopico-direccionable-cuadrado-cct-color-seleccionable.jpg","width":744,"height":800},{"@type":"BreadcrumbList","@id":"https:\/\/starlediluminacion.com\/it\/product\/incasso-led-6w-periscopico-direzionale-quadrato-cct-colore-selezionabile-2\/#breadcrumb","itemListElement":[{"@type":"ListItem","position":1,"name":"Portada","item":"https:\/\/starlediluminacion.com\/"},{"@type":"ListItem","position":2,"name":"Shop","item":"https:\/\/starlediluminacion.com\/shop-2\/"},{"@type":"ListItem","position":3,"name":"Empotrable LED 6W &#8211; PERISC\u00d3PICO DIRECCIONABLE &#8211; Cuadrado &#8211; CCT Color Seleccionable"}]},{"@type":"WebSite","@id":"https:\/\/starlediluminacion.com\/#website","url":"https:\/\/starlediluminacion.com\/","name":"STARLED Iluminacion","description":"","potentialAction":[{"@type":"SearchAction","target":{"@type":"EntryPoint","urlTemplate":"https:\/\/starlediluminacion.com\/?s={search_term_string}"},"query-input":{"@type":"PropertyValueSpecification","valueRequired":true,"valueName":"search_term_string"}}],"inLanguage":"it-IT"}]}},"_links":{"self":[{"href":"https:\/\/starlediluminacion.com\/it\/wp-json\/wp\/v3\/product\/12880","targetHints":{"allow":["GET"]}}],"collection":[{"href":"https:\/\/starlediluminacion.com\/it\/wp-json\/wp\/v3\/product"}],"about":[{"href":"https:\/\/starlediluminacion.com\/it\/wp-json\/wp\/v2\/types\/product"}],"wp:featuredmedia":[{"embeddable":true,"href":"https:\/\/starlediluminacion.com\/it\/wp-json\/wp\/v2\/media\/12886"}],"wp:attachment":[{"href":"https:\/\/starlediluminacion.com\/it\/wp-json\/wp\/v2\/media?parent=12880"}],"wp:term":[{"taxonomy":"product_cat","embeddable":true,"href":"https:\/\/starlediluminacion.com\/it\/wp-json\/wp\/v2\/product_cat?post=12880"},{"taxonomy":"product_tag","embeddable":true,"href":"https:\/\/starlediluminacion.com\/it\/wp-json\/wp\/v2\/product_tag?post=12880"}],"curies":[{"name":"wp","href":"https:\/\/api.w.org\/{rel}","templated":true}]}}