{"id":12803,"date":"2024-05-01T08:30:47","date_gmt":"2024-05-01T08:30:47","guid":{"rendered":"https:\/\/starlediluminacion.com\/?post_type=product&#038;p=12803"},"modified":"2024-09-15T11:47:03","modified_gmt":"2024-09-15T11:47:03","slug":"sensor-de-movimiento-estatico-para-perfiles-led-12v-24v","status":"publish","type":"product","link":"https:\/\/starlediluminacion.com\/it\/product\/sensore-di-movimento-sensore-statico-perfili-led-12v-24v\/","title":{"rendered":"<p>Sensore di movimento statico - Per profili LED - 12V - 24V<\/p>"},"content":{"rendered":"<h1>Sensore di movimento - Statico - per profili LED - 12V - 24V<h1><\/h1><p>Scoprite il nostro innovativo sensore di movimento progettato specificamente per i profili strip LED monocolore da 12-24V! Questo sensore offre la comodit\u00e0 di accendere automaticamente le luci quando rileva un movimento, fornendo una soluzione efficiente e pratica per le vostre esigenze di illuminazione.<\/p><p>Uno dei principali vantaggi di questo modello \u00e8 il suo design compatto e versatile, che si adatta facilmente a un'ampia variet\u00e0 di profili, offrendo un'installazione semplice e discreta.<\/p><p>L'installazione \u00e8 semplice: \u00e8 sufficiente praticare un foro nel diffusore opale del profilo per alloggiare il sensore, garantendo un'integrazione discreta ed efficace. Una volta installato, il sensore attiver\u00e0 la striscia LED non appena rilever\u00e0 un movimento e la manterr\u00e0 accesa per 40 secondi dopo che il movimento si sar\u00e0 fermato, fornendo la quantit\u00e0 di luce perfetta quando \u00e8 pi\u00f9 necessaria.<\/p><p>Con il nostro sensore di movimento, potrete godere di un'illuminazione intelligente ed efficiente che si adatta alle vostre esigenze, offrendo comfort e comodit\u00e0 in casa o in ufficio. Rendete la vostra esperienza di illuminazione ancora pi\u00f9 pratica e confortevole con questo dispositivo innovativo!<\/p><h3 class=\"h6\">Scheda tecnica del prodotto<\/h3><dl class=\"data-sheet\">\n<dt class=\"name\"><img loading=\"lazy\" decoding=\"async\" src=\"https:\/\/www.factorled.com\/modules\/oa_features\/img\/2-default.jpg\" width=\"32\" height=\"32\">&nbsp;RIFERIMENTO<\/dt>\n<dd class=\"value\">2680<\/dd>\n<dt class=\"name\"><img loading=\"lazy\" decoding=\"async\" src=\"https:\/\/www.factorled.com\/modules\/oa_features\/img\/4-default.jpg\" width=\"32\" height=\"32\">&nbsp;Tensione nominale<\/dt>\n<dd class=\"value\">DC 12-24V<\/dd>\n<dt class=\"name\"><img loading=\"lazy\" decoding=\"async\" src=\"https:\/\/www.factorled.com\/modules\/oa_features\/img\/25-default.jpg\" width=\"32\" height=\"32\">&nbsp;Materiale da costruzione<\/dt>\n<dd class=\"value\">Alluminio +PC<\/dd>\n<dt class=\"name\"><img loading=\"lazy\" decoding=\"async\" src=\"https:\/\/www.factorled.com\/modules\/oa_features\/img\/10-default.jpg\" width=\"32\" height=\"32\">&nbsp;Angolo di apertura (\u00ba)<\/dt>\n<dd class=\"value\">180\u00ba<\/dd>\n<dt class=\"name\"><img loading=\"lazy\" decoding=\"async\" src=\"https:\/\/www.factorled.com\/modules\/oa_features\/img\/15-default.jpg\" width=\"32\" height=\"32\">&nbsp;Certificati<\/dt>\n<dd class=\"value\">CE - ROHS<\/dd>\n<dt class=\"name\"><img loading=\"lazy\" decoding=\"async\" src=\"https:\/\/www.factorled.com\/modules\/oa_features\/img\/16-default.jpg\" width=\"32\" height=\"32\">&nbsp;Grado di protezione IP<\/dt>\n<dd class=\"value\">IP20<\/dd>\n<dt class=\"name\"><img loading=\"lazy\" decoding=\"async\" src=\"https:\/\/www.factorled.com\/modules\/oa_features\/img\/17-default.jpg\" width=\"32\" height=\"32\">&nbsp;Vita stimata Diodo LED (H)<\/dt>\n<dd class=\"value\">20.000<\/dd>\n<dt class=\"name\"><img loading=\"lazy\" decoding=\"async\" src=\"https:\/\/www.factorled.com\/modules\/oa_features\/img\/18-default.jpg\" width=\"32\" height=\"32\">&nbsp;Misure (Mm)<\/dt>\n<dd class=\"value\">36x10x11 mm<\/dd>\n<dt class=\"name\"><img loading=\"lazy\" decoding=\"async\" src=\"https:\/\/www.factorled.com\/modules\/oa_features\/img\/21-default.jpg\" width=\"32\" height=\"32\">&nbsp;Frequenza di lavoro (Hz)<\/dt>\n<dd class=\"value\">50\/60Hz<\/dd>\n<dt class=\"name\"><img loading=\"lazy\" decoding=\"async\" src=\"https:\/\/www.factorled.com\/modules\/oa_features\/img\/23-default.jpg\" width=\"32\" height=\"32\">&nbsp;Cicli di accensione<\/dt>\n<dd class=\"value\">100.000<\/dd>\n<dt class=\"name\"><img loading=\"lazy\" decoding=\"async\" src=\"https:\/\/www.factorled.com\/modules\/oa_features\/img\/37-default.jpg\" width=\"32\" height=\"32\">&nbsp;Modalit\u00e0 di controllo<\/dt>\n<dd class=\"value\">INFRAROSSO<\/dd>\n<dt class=\"name\"><img loading=\"lazy\" decoding=\"async\" src=\"https:\/\/www.factorled.com\/modules\/oa_features\/img\/7-default.jpg\" width=\"32\" height=\"32\">&nbsp;Classe energetica (2021-EU-2019\/2015)<\/dt>\n<dd class=\"value\">A+<\/dd>\n<dt class=\"name\"><img loading=\"lazy\" decoding=\"async\" src=\"https:\/\/www.factorled.com\/modules\/oa_features\/img\/75-default.jpg\" width=\"32\" height=\"32\">&nbsp;Anni di garanzia<\/dt>\n<dd class=\"value\">3<\/dd>\n<dt class=\"name\"><img loading=\"lazy\" decoding=\"async\" src=\"https:\/\/www.factorled.com\/modules\/oa_features\/img\/77-default.jpg\" width=\"32\" height=\"32\">&nbsp;Gamma (M)<\/dt>\n<dd class=\"value\">8 m.<\/dd>\n<dt class=\"name\"><img loading=\"lazy\" decoding=\"async\" src=\"https:\/\/www.factorled.com\/modules\/oa_features\/img\/78-default.jpg\" width=\"32\" height=\"32\">&nbsp;In tempo<\/dt>\n<dd class=\"value\">40 sec.<\/dd>\n<\/dl><\/h1>","protected":false},"excerpt":{"rendered":"<div class=\"product-reference\"><strong><label class=\"label\">Riferimento:<\/label> SL2680<\/strong><div><\/div><div class=\"product-description-short\">\n<div id=\"product-description-short-3529\">\n<p><strong>Sensore di movimento<\/strong>&nbsp;progettato&nbsp;<strong>per i profili<\/strong>&nbsp;di strisce&nbsp;<strong>LED monocolore da 12-24 V.<\/strong>&nbsp;Attiva automaticamente l'illuminazione quando rileva un movimento, offrendo una soluzione pratica ed efficiente per tenere illuminati i vostri spazi quando ne avete pi\u00f9 bisogno.&nbsp;<strong>Il suo design compatto consente un'installazione versatile in vari profili.<\/strong>&nbsp;Mantenete i vostri spazi luminosi con facilit\u00e0 e convenienza!<\/p>\n<p><i class=\"fa fa-truck\"><\/i>&nbsp;<span class=\"text-muted textprop\">Consegna in 24\/48 ore<\/span><\/p>\n<\/div>\n<\/div><\/div>","protected":false},"featured_media":12809,"template":"","meta":{"site-sidebar-layout":"default","site-content-layout":"default","ast-global-header-display":"","ast-main-header-display":"","ast-hfb-above-header-display":"","ast-hfb-below-header-display":"","ast-hfb-mobile-header-display":"","site-post-title":"","ast-breadcrumbs-content":"","ast-featured-img":"","footer-sml-layout":"","theme-transparent-header-meta":"default","adv-header-id-meta":"","stick-header-meta":"","header-above-stick-meta":"","header-main-stick-meta":"","header-below-stick-meta":""},"product_cat":[92,45],"product_tag":[],"class_list":["post-12803","product","type-product","status-publish","has-post-thumbnail","hentry","product_cat-accesorios-tiras-led","product_cat-tiras-led-y-neon-flexible"],"_links":{"self":[{"href":"https:\/\/starlediluminacion.com\/it\/wp-json\/wp\/v3\/product\/12803","targetHints":{"allow":["GET"]}}],"collection":[{"href":"https:\/\/starlediluminacion.com\/it\/wp-json\/wp\/v3\/product"}],"about":[{"href":"https:\/\/starlediluminacion.com\/it\/wp-json\/wp\/v2\/types\/product"}],"wp:featuredmedia":[{"embeddable":true,"href":"https:\/\/starlediluminacion.com\/it\/wp-json\/wp\/v2\/media\/12809"}],"wp:attachment":[{"href":"https:\/\/starlediluminacion.com\/it\/wp-json\/wp\/v2\/media?parent=12803"}],"wp:term":[{"taxonomy":"product_cat","embeddable":true,"href":"https:\/\/starlediluminacion.com\/it\/wp-json\/wp\/v2\/product_cat?post=12803"},{"taxonomy":"product_tag","embeddable":true,"href":"https:\/\/starlediluminacion.com\/it\/wp-json\/wp\/v2\/product_tag?post=12803"}],"curies":[{"name":"wp","href":"https:\/\/api.w.org\/{rel}","templated":true}]}}