{"id":12679,"date":"2024-03-28T12:09:39","date_gmt":"2024-03-28T12:09:39","guid":{"rendered":"https:\/\/starlediluminacion.com\/?post_type=product&#038;p=12679"},"modified":"2024-09-15T11:45:12","modified_gmt":"2024-09-15T11:45:12","slug":"downlight-led-circular-15w-blanco-cri92-ip65-ugr13","status":"publish","type":"product","link":"https:\/\/starlediluminacion.com\/it\/product\/downlight-led-circular-15w-blanco-cri92-ip65-ugr13\/","title":{"rendered":"<p>CIRCULAR LED Downlight 15W - BIANCO - CRI+92 - IP65 - UGR13<\/p>"},"content":{"rendered":"<h1>CIRCULAR LED Downlight 15W - BIANCO - CRI+92 - IP65 - UGR13<p>Il&nbsp;<strong>Faretto LED CIRCOLARE 15W<\/strong>&nbsp;\u00e8 un prodotto molto versatile, che unisce buone prestazioni a un grande risparmio energetico. Le sue dimensioni ridotte rendono il suo design perfetto<\/p><p>Il nostro modulo incorpora un&nbsp;<strong>Driver esterno<\/strong>&nbsp;consente al LED di lavorare a potenze pi\u00f9 elevate, prolunga la vita utile e aumenta la potenza luminosa del diodo LED, poich\u00e9 il calore generato dal driver non interferisce con il diodo, ottenendo in tal modo&nbsp;<strong>aumentare la vita<\/strong>&nbsp;di tutto il&nbsp;<strong>apparecchio d'illuminazione<\/strong>.<\/p><p>Il vostro diodo&nbsp;<strong>COB Bridgelux<\/strong>&nbsp;consegna&nbsp;<strong>130 lm\/W,<\/strong>&nbsp;che lo rende molto efficiente e a risparmio energetico. Bridgelux \u00e8 un marchio riconosciuto nella produzione di diodi COB di alta qualit\u00e0. Alcuni dei vantaggi specifici del diodo COB Bridgelux sono:<\/p><ol>\n<li>Alta efficienza energetica: i diodi COB Bridgelux offrono un'elevata efficienza energetica, consentendo una potente emissione luminosa con un consumo energetico relativamente basso.<\/li>\n<li>Alta qualit\u00e0 della luce: i diodi COB Bridgelux offrono una qualit\u00e0 della luce superiore con un'eccellente resa cromatica (CRI elevato) e una temperatura di colore costante, facendo apparire gli oggetti e gli spazi pi\u00f9 naturali e vividi.<\/li>\n<li>Design compatto: i diodi COB Bridgelux hanno un design compatto e leggero, che li rende facilmente integrabili in diversi tipi di apparecchi e applicazioni di illuminazione.<\/li>\n<li>Maggiore affidabilit\u00e0 e durata: i diodi COB Bridgelux sono progettati per essere duraturi e affidabili.<\/li>\n<li>Classificato IP65, questo downlight \u00e8 la scelta perfetta per chi cerca un'illuminazione di qualit\u00e0 in ambienti umidi, come bagni o aree esterne.<\/li>\n<\/ol><p>Il nostro downlight \u00e8 dotato di un livello&nbsp;&nbsp;<strong>UGR&lt;13<\/strong>&nbsp;- Basso livello di UGR -<\/p><p>UGR \u00e8 l'acronimo di \"Unified Glare Ratio\" (rapporto di abbagliamento unificato) e serve a misurare la quantit\u00e0 di abbagliamento che pu\u00f2 essere percepita da una persona in un ambiente illuminato. Un UGR basso indica che l'ambiente ha un livello di abbagliamento inferiore e quindi fornisce una migliore qualit\u00e0 dell'illuminazione.<\/p><p>Alcuni vantaggi di avere un UGR basso sono:<\/p><ol>\n<li>Maggiore comfort visivo: riducendo l'abbagliamento, l'ambiente diventa pi\u00f9 confortevole per gli occhi e riduce l'affaticamento visivo, migliorando la produttivit\u00e0 e la concentrazione.<\/li>\n<li>Migliori prestazioni: un ambiente a basso UGR offre una migliore qualit\u00e0 della luce e pu\u00f2 migliorare le prestazioni visive, particolarmente importanti negli ambienti di lavoro e di studio.<\/li>\n<li>Maggiore sicurezza: un UGR basso pu\u00f2 anche migliorare la sicurezza negli spazi di lavoro, riducendo il rischio di incidenti causati dall'abbagliamento.<\/li>\n<li>Estetica: gli ambienti con un basso UGR possono essere pi\u00f9 gradevoli dal punto di vista estetico, in quanto gli oggetti e le superfici appaiono pi\u00f9 chiari e nitidi, creando un ambiente pi\u00f9 piacevole.<\/li>\n<\/ol><p>In sintesi, un basso UGR pu\u00f2 offrire una serie di vantaggi, come un maggiore comfort visivo, migliori prestazioni, una maggiore sicurezza e un'estetica accattivante, rendendolo un fattore importante da considerare quando si progetta e pianifica l'illuminazione di spazi di lavoro, di studio e di altri ambienti.<\/p><p>&nbsp;<\/p><p>Il tuo&nbsp;<strong>CRI +92<\/strong>&nbsp;La resa cromatica della luce consente una percezione del colore professionale e accurata, perfetta anche per studi fotografici e locali commerciali in cui \u00e8 richiesta un'illuminazione professionale ad alte prestazioni.<\/p><p>Il CRI, o \"Colour Rendering Index\", misura la capacit\u00e0 di una sorgente luminosa di riprodurre accuratamente i colori degli oggetti rispetto a una sorgente di luce naturale. Un CRI elevato indica che la sorgente luminosa \u00e8 in grado di riprodurre i colori in modo pi\u00f9 preciso e dettagliato. I vantaggi di un CRI elevato sono:<\/p><ol>\n<li>Colori pi\u00f9 naturali e vividi: con un CRI elevato, i colori degli oggetti appaiono pi\u00f9 naturali e vividi, migliorando l'aspetto e la percezione di oggetti e spazi.<\/li>\n<li>Percezione del colore pi\u00f9 accurata: una sorgente luminosa con un CRI elevato consente una percezione pi\u00f9 accurata delle differenze di colore, che pu\u00f2 essere particolarmente importante in applicazioni come la moda, l'interior design, l'arte e l'illuminazione dei musei.<\/li>\n<li>Migliore qualit\u00e0 della luce: una sorgente luminosa con un CRI elevato pu\u00f2 anche migliorare la qualit\u00e0 della luce in termini di contrasto e luminosit\u00e0, facendo apparire gli oggetti e le superfici pi\u00f9 nitidi e brillanti.<\/li>\n<li>Migliori prestazioni visive: una sorgente luminosa con un CRI elevato pu\u00f2 migliorare le prestazioni visive in attivit\u00e0 che richiedono una buona percezione dei colori e dei dettagli, come la lettura, il cucito o i lavori di precisione.<\/li>\n<li>Maggiore comfort visivo: colori pi\u00f9 naturali e vividi e una migliore percezione dei dettagli riducono l'affaticamento visivo e migliorano il comfort visivo, aumentando il benessere e la produttivit\u00e0 negli ambienti di lavoro e di studio.<\/li>\n<\/ol><p>In sintesi, un CRI elevato pu\u00f2 fornire una serie di vantaggi in termini di qualit\u00e0 della luce, percezione del colore, prestazioni visive e comfort visivo, rendendolo un fattore importante da considerare nella scelta delle sorgenti luminose per le diverse applicazioni.<\/p><p>Il fascio di luce \u00e8 di alta qualit\u00e0 grazie alla sua elevata&nbsp;<strong>CRI+92,<\/strong>&nbsp;e il suo&nbsp;<strong>angolo&nbsp;<\/strong>primario di<strong>&nbsp;36\u00ba<\/strong>Il nuovo sistema di illuminazione, che ci d\u00e0 la possibilit\u00e0 di mettere in risalto elementi specifici di una stanza; allo stesso tempo, ci permette di risparmiare notevolmente sul consumo di elettricit\u00e0.<\/p><p>Il nostro&nbsp;<strong>In discesa&nbsp;<\/strong>&nbsp;\u00e8 realizzato in alluminio +PC, un buon conduttore di calore che aiuta a dissipare il calore generato dai LED, prolungandone la durata.<\/p><p>&nbsp;<\/p><h2>Utilizzi del faretto LED CIRCULAR 15W - BIANCO - CRI+92 - IP65 - UGR13<\/h2><ul>\n<li>Servizi igienici<\/li>\n<li>Armadietti<\/li>\n<li>Camere da letto<\/li>\n<li>Vetrine<\/li>\n<li>Vetrine<\/li>\n<li>Corridoi<\/li>\n<li>Negozi<\/li>\n<li>Locali commerciali<\/li>\n<li>Aree di lavoro<\/li>\n<\/ul><h3 class=\"h6\">Scheda tecnica del prodotto<\/h3><dl class=\"data-sheet\">\n<dt class=\"name\"><img loading=\"lazy\" decoding=\"async\" src=\"https:\/\/www.factorled.com\/modules\/oa_features\/img\/2-default.jpg\" width=\"32\" height=\"32\">&nbsp;RIFERIMENTO<\/dt>\n<dd class=\"value\">SL91815-15WUGR13<\/dd>\n<dt class=\"name\"><img loading=\"lazy\" decoding=\"async\" src=\"https:\/\/www.factorled.com\/modules\/oa_features\/img\/3-default.jpg\" width=\"32\" height=\"32\">&nbsp;Potenza nominale<\/dt>\n<dd class=\"value\">15w<\/dd>\n<dt class=\"name\"><img loading=\"lazy\" decoding=\"async\" src=\"https:\/\/www.factorled.com\/modules\/oa_features\/img\/4-default.jpg\" width=\"32\" height=\"32\">&nbsp;Tensione nominale<\/dt>\n<dd class=\"value\">85V-265V<\/dd>\n<dt class=\"name\"><img loading=\"lazy\" decoding=\"async\" src=\"https:\/\/www.factorled.com\/modules\/oa_features\/img\/5-default.jpg\" width=\"32\" height=\"32\">&nbsp;Temperatura della luce<\/dt>\n<dd class=\"value\">3000K - 4000K<\/dd>\n<dt class=\"name\"><img loading=\"lazy\" decoding=\"async\" src=\"https:\/\/www.factorled.com\/modules\/oa_features\/img\/6-default.jpg\" width=\"32\" height=\"32\">&nbsp;CRI - Indice di riproduzione cromatica<\/dt>\n<dd class=\"value\">92<\/dd>\n<dt class=\"name\"><img loading=\"lazy\" decoding=\"async\" src=\"https:\/\/www.factorled.com\/modules\/oa_features\/img\/25-default.jpg\" width=\"32\" height=\"32\">&nbsp;Materiale da costruzione<\/dt>\n<dd class=\"value\">Alluminio +PC<\/dd>\n<dt class=\"name\"><img loading=\"lazy\" decoding=\"async\" src=\"https:\/\/www.factorled.com\/modules\/oa_features\/img\/8-default.jpg\" width=\"32\" height=\"32\">&nbsp;Luminosit\u00e0-Lm<\/dt>\n<dd class=\"value\">1950 Lm<\/dd>\n<dt class=\"name\"><img loading=\"lazy\" decoding=\"async\" src=\"https:\/\/www.factorled.com\/modules\/oa_features\/img\/9-default.jpg\" width=\"32\" height=\"32\">&nbsp;Tipo di LED<\/dt>\n<dd class=\"value\">Chip Bridgelux all'interno di 12C3B<\/dd>\n<dt class=\"name\"><img loading=\"lazy\" decoding=\"async\" src=\"https:\/\/www.factorled.com\/modules\/oa_features\/img\/10-default.jpg\" width=\"32\" height=\"32\">&nbsp;Angolo di apertura (\u00ba)<\/dt>\n<dd class=\"value\">36\u00ba<\/dd>\n<dt class=\"name\"><img loading=\"lazy\" decoding=\"async\" src=\"https:\/\/www.factorled.com\/modules\/oa_features\/img\/12-default.jpg\" width=\"32\" height=\"32\">&nbsp;Efficienza del diodo LED (Lm\/W)<\/dt>\n<dd class=\"value\">160 Lm\/w<\/dd>\n<dt class=\"name\"><img loading=\"lazy\" decoding=\"async\" src=\"https:\/\/www.factorled.com\/modules\/oa_features\/img\/13-default.jpg\" width=\"32\" height=\"32\">&nbsp;Efficienza luminosa (Lm\/W)<\/dt>\n<dd class=\"value\">130 Lm\/W<\/dd>\n<dt class=\"name\"><img loading=\"lazy\" decoding=\"async\" src=\"https:\/\/www.factorled.com\/modules\/oa_features\/img\/15-default.jpg\" width=\"32\" height=\"32\">&nbsp;Certificati<\/dt>\n<dd class=\"value\">CE - ROHS<\/dd>\n<dt class=\"name\"><img loading=\"lazy\" decoding=\"async\" src=\"https:\/\/www.factorled.com\/modules\/oa_features\/img\/16-default.jpg\" width=\"32\" height=\"32\">&nbsp;Grado di protezione IP<\/dt>\n<dd class=\"value\">IP65-Outdoor<\/dd>\n<dt class=\"name\"><img loading=\"lazy\" decoding=\"async\" src=\"https:\/\/www.factorled.com\/modules\/oa_features\/img\/17-default.jpg\" width=\"32\" height=\"32\">&nbsp;Vita stimata Diodo LED (H)<\/dt>\n<dd class=\"value\">35.000<\/dd>\n<dt class=\"name\"><img loading=\"lazy\" decoding=\"async\" src=\"https:\/\/www.factorled.com\/modules\/oa_features\/img\/18-default.jpg\" width=\"32\" height=\"32\">&nbsp;Misure (Mm)<\/dt>\n<dd class=\"value\">\u00d870xH75mm<\/dd>\n<dt class=\"name\"><img loading=\"lazy\" decoding=\"async\" src=\"https:\/\/www.factorled.com\/modules\/oa_features\/img\/21-default.jpg\" width=\"32\" height=\"32\">&nbsp;Frequenza di lavoro (Hz)<\/dt>\n<dd class=\"value\">50\/60Hz<\/dd>\n<dt class=\"name\"><img loading=\"lazy\" decoding=\"async\" src=\"https:\/\/www.factorled.com\/modules\/oa_features\/img\/22-default.jpg\" width=\"32\" height=\"32\">&nbsp;Intervallo di temperatura (\u00baC)<\/dt>\n<dd class=\"value\">-20\u00b0C ~ +55\u00b0C<\/dd>\n<dt class=\"name\"><img loading=\"lazy\" decoding=\"async\" src=\"https:\/\/www.factorled.com\/modules\/oa_features\/img\/23-default.jpg\" width=\"32\" height=\"32\">&nbsp;Cicli di accensione<\/dt>\n<dd class=\"value\">100.000<\/dd>\n<dt class=\"name\"><img loading=\"lazy\" decoding=\"async\" src=\"https:\/\/www.factorled.com\/modules\/oa_features\/img\/24-default.jpg\" width=\"32\" height=\"32\">&nbsp;Tempo di avvio (S)<\/dt>\n<dd class=\"value\">0,2s<\/dd>\n<dt class=\"name\"><img loading=\"lazy\" decoding=\"async\" src=\"https:\/\/www.factorled.com\/modules\/oa_features\/img\/27-default.jpg\" width=\"32\" height=\"32\">&nbsp;Taglio del soffitto (Mm)<\/dt>\n<dd class=\"value\">\u00d875mm<\/dd>\n<dt class=\"name\"><img loading=\"lazy\" decoding=\"async\" src=\"https:\/\/www.factorled.com\/modules\/oa_features\/img\/72-default.jpg\" width=\"32\" height=\"32\">&nbsp;Indice di abbagliamento (UGR)<\/dt>\n<dd class=\"value\">13<\/dd>\n<dt class=\"name\"><img loading=\"lazy\" decoding=\"async\" src=\"https:\/\/www.factorled.com\/modules\/oa_features\/img\/7-default.jpg\" width=\"32\" height=\"32\">&nbsp;Classe energetica (2021-EU-2019\/2015)<\/dt>\n<dd class=\"value\">A+<\/dd>\n<dt class=\"name\"><img loading=\"lazy\" decoding=\"async\" src=\"https:\/\/www.factorled.com\/modules\/oa_features\/img\/101-default.jpg\" width=\"32\" height=\"32\">&nbsp;Classe energetica (2023 - UE-2019\/2015)<\/dt>\n<dd class=\"value\">E<\/dd>\n<dt class=\"name\"><img loading=\"lazy\" decoding=\"async\" src=\"https:\/\/www.factorled.com\/modules\/oa_features\/img\/75-default.jpg\" width=\"32\" height=\"32\">&nbsp;Anni di garanzia<\/dt>\n<dd class=\"value\">3<\/dd>\n<\/dl><\/h1>","protected":false},"excerpt":{"rendered":"<div class=\"product-reference\"><strong><label class=\"label\">Riferimento:<\/label> SL91815-15WUGR13-4K<\/strong>\n<div><\/div>\n<div class=\"product-description-short\">\n<div id=\"product-description-short-3302\">\n<p>Il&nbsp;<strong>Faretto LED CIRCOLARE 15W<\/strong>&nbsp;<strong>IP65<\/strong>&nbsp;- \u00e8 realizzato in alluminio +PC, il suo diodo \u00e8 realizzato in&nbsp;<strong>COB<\/strong>&nbsp;da&nbsp;<strong>Bridgelux<\/strong>&nbsp;\u00e8 ad alta potenza e dispone di un driver esterno, con un buon&nbsp;<strong>130Lm\/W.<\/strong>&nbsp;Alto tasso di&nbsp;<strong>resa cromatica +92<\/strong>&nbsp;- COLORE PROFESSIONALE - da godere&nbsp;<strong>qualit\u00e0 della luce<\/strong>&nbsp;e hanno a disposizione&nbsp;<strong>colori veri<\/strong>&nbsp;<strong>e professionisti<\/strong>. Questo faretto \u00e8 la scelta perfetta per chi cerca un'illuminazione di qualit\u00e0 in ambienti umidi, come bagni o aree esterne, grazie al suo&nbsp;<strong>grado di protezione IP65.<\/strong><\/p>\n<p>Ha un&nbsp;<strong>UGR&lt;13&nbsp;<\/strong>Il che significa che si tratta di un apparecchio antiabbagliamento, perfetto per le aree di lavoro.<\/p>\n<p><strong>Temperatura colore: 3000K\/4000K<\/strong><\/p>\n<p><i class=\"fa fa-truck\"><\/i>&nbsp;<span class=\"text-muted textprop\">Consegna in 24\/48 ore<\/span><\/p>\n<\/div>\n<\/div><\/div>","protected":false},"featured_media":12680,"template":"","meta":{"site-sidebar-layout":"default","site-content-layout":"default","ast-global-header-display":"","ast-main-header-display":"","ast-hfb-above-header-display":"","ast-hfb-below-header-display":"","ast-hfb-mobile-header-display":"","site-post-title":"","ast-breadcrumbs-content":"","ast-featured-img":"","footer-sml-layout":"","theme-transparent-header-meta":"default","adv-header-id-meta":"","stick-header-meta":"","header-above-stick-meta":"","header-main-stick-meta":"","header-below-stick-meta":""},"product_cat":[27,70],"product_tag":[],"class_list":["post-12679","product","type-product","status-publish","has-post-thumbnail","hentry","product_cat-downlight-plafones-y-placas-led","product_cat-focos-downlight-led"],"yoast_head":"<!-- This site is optimized with the Yoast SEO plugin v27.4 - https:\/\/yoast.com\/product\/yoast-seo-wordpress\/ -->\n<title>Downlight LED CIRCULAR 15W - BLANCO - CRI+92 - IP65 - UGR13 - STARLED Iluminacion<\/title>\n<meta name=\"robots\" content=\"index, follow, max-snippet:-1, max-image-preview:large, max-video-preview:-1\" \/>\n<link rel=\"canonical\" href=\"https:\/\/starlediluminacion.com\/it\/product\/downlight-led-circular-15w-blanco-cri92-ip65-ugr13\/\" \/>\n<meta property=\"og:locale\" content=\"it_IT\" \/>\n<meta property=\"og:type\" content=\"article\" \/>\n<meta property=\"og:title\" content=\"Downlight LED CIRCULAR 15W - BLANCO - CRI+92 - IP65 - UGR13 - STARLED Iluminacion\" \/>\n<meta property=\"og:description\" content=\"Referencia: SL91815-15WUGR13-4K      El\u00a0Downlight\u00a0LED\u00a0CIRCULAR 15W\u00a0IP65\u00a0- esta fabricado en aluminio +PC, su diodo\u00a0COB\u00a0de\u00a0Bridgelux\u00a0es de alta potencia y dispone de driver externo, con buen rendimiento de\u00a0130Lm\/W.\u00a0Alto \u00edndice de\u00a0rendimiento crom\u00e1tico +92\u00a0- COLOR PROFESIONAL - para disfrutar de\u00a0calidad de luz\u00a0y disponer de\u00a0colores reales\u00a0y profesionales. Este downlight es la elecci\u00f3n perfecta para aquellos que buscan iluminaci\u00f3n de calidad en entornos h\u00famedos, como ba\u00f1os o \u00e1reas exteriores, gracias a su\u00a0grado de protecci\u00f3n IP65.  Cuenta con un\u00a0UGR&lt;13\u00a0lo que significa que\u00a0es una luminaria que no produce deslumbramiento, lo que la hace\u00a0perfecta para zonas de trabajo.  Temperatura de Color: 3000K\/4000K  \u00a0Entrega en 24\/48 horas\" \/>\n<meta property=\"og:url\" content=\"https:\/\/starlediluminacion.com\/it\/product\/downlight-led-circular-15w-blanco-cri92-ip65-ugr13\/\" \/>\n<meta property=\"og:site_name\" content=\"STARLED Iluminacion\" \/>\n<meta property=\"article:modified_time\" content=\"2024-09-15T11:45:12+00:00\" \/>\n<meta property=\"og:image\" content=\"https:\/\/starlediluminacion.com\/wp-content\/uploads\/2024\/03\/downlight-led-circular-15w-blanco-cri92-ip65-ugr13.jpg\" \/>\n\t<meta property=\"og:image:width\" content=\"744\" \/>\n\t<meta property=\"og:image:height\" content=\"800\" \/>\n\t<meta property=\"og:image:type\" content=\"image\/jpeg\" \/>\n<meta name=\"twitter:card\" content=\"summary_large_image\" \/>\n<meta name=\"twitter:label1\" content=\"Tempo di lettura stimato\" \/>\n\t<meta name=\"twitter:data1\" content=\"6 minuti\" \/>\n<script type=\"application\/ld+json\" class=\"yoast-schema-graph\">{\"@context\":\"https:\\\/\\\/schema.org\",\"@graph\":[{\"@type\":\"WebPage\",\"@id\":\"https:\\\/\\\/starlediluminacion.com\\\/pt\\\/product\\\/downlight-led-circular-15w-blanco-cri92-ip65-ugr13\\\/\",\"url\":\"https:\\\/\\\/starlediluminacion.com\\\/pt\\\/product\\\/downlight-led-circular-15w-blanco-cri92-ip65-ugr13\\\/\",\"name\":\"Downlight LED CIRCULAR 15W - BLANCO - CRI+92 - IP65 - UGR13 - STARLED Iluminacion\",\"isPartOf\":{\"@id\":\"https:\\\/\\\/starlediluminacion.com\\\/#website\"},\"primaryImageOfPage\":{\"@id\":\"https:\\\/\\\/starlediluminacion.com\\\/pt\\\/product\\\/downlight-led-circular-15w-blanco-cri92-ip65-ugr13\\\/#primaryimage\"},\"image\":{\"@id\":\"https:\\\/\\\/starlediluminacion.com\\\/pt\\\/product\\\/downlight-led-circular-15w-blanco-cri92-ip65-ugr13\\\/#primaryimage\"},\"thumbnailUrl\":\"https:\\\/\\\/starlediluminacion.com\\\/wp-content\\\/uploads\\\/2024\\\/03\\\/downlight-led-circular-15w-blanco-cri92-ip65-ugr13.jpg\",\"datePublished\":\"2024-03-28T12:09:39+00:00\",\"dateModified\":\"2024-09-15T11:45:12+00:00\",\"breadcrumb\":{\"@id\":\"https:\\\/\\\/starlediluminacion.com\\\/pt\\\/product\\\/downlight-led-circular-15w-blanco-cri92-ip65-ugr13\\\/#breadcrumb\"},\"inLanguage\":\"it-IT\",\"potentialAction\":[{\"@type\":\"ReadAction\",\"target\":[\"https:\\\/\\\/starlediluminacion.com\\\/pt\\\/product\\\/downlight-led-circular-15w-blanco-cri92-ip65-ugr13\\\/\"]}]},{\"@type\":\"ImageObject\",\"inLanguage\":\"it-IT\",\"@id\":\"https:\\\/\\\/starlediluminacion.com\\\/pt\\\/product\\\/downlight-led-circular-15w-blanco-cri92-ip65-ugr13\\\/#primaryimage\",\"url\":\"https:\\\/\\\/starlediluminacion.com\\\/wp-content\\\/uploads\\\/2024\\\/03\\\/downlight-led-circular-15w-blanco-cri92-ip65-ugr13.jpg\",\"contentUrl\":\"https:\\\/\\\/starlediluminacion.com\\\/wp-content\\\/uploads\\\/2024\\\/03\\\/downlight-led-circular-15w-blanco-cri92-ip65-ugr13.jpg\",\"width\":744,\"height\":800},{\"@type\":\"BreadcrumbList\",\"@id\":\"https:\\\/\\\/starlediluminacion.com\\\/pt\\\/product\\\/downlight-led-circular-15w-blanco-cri92-ip65-ugr13\\\/#breadcrumb\",\"itemListElement\":[{\"@type\":\"ListItem\",\"position\":1,\"name\":\"Portada\",\"item\":\"https:\\\/\\\/starlediluminacion.com\\\/\"},{\"@type\":\"ListItem\",\"position\":2,\"name\":\"Shop\",\"item\":\"https:\\\/\\\/starlediluminacion.com\\\/shop-2\\\/\"},{\"@type\":\"ListItem\",\"position\":3,\"name\":\"Downlight LED CIRCULAR 15W &#8211; BLANCO &#8211; CRI+92 &#8211; IP65 &#8211; UGR13\"}]},{\"@type\":\"WebSite\",\"@id\":\"https:\\\/\\\/starlediluminacion.com\\\/#website\",\"url\":\"https:\\\/\\\/starlediluminacion.com\\\/\",\"name\":\"STARLED Iluminacion\",\"description\":\"\",\"potentialAction\":[{\"@type\":\"SearchAction\",\"target\":{\"@type\":\"EntryPoint\",\"urlTemplate\":\"https:\\\/\\\/starlediluminacion.com\\\/?s={search_term_string}\"},\"query-input\":{\"@type\":\"PropertyValueSpecification\",\"valueRequired\":true,\"valueName\":\"search_term_string\"}}],\"inLanguage\":\"it-IT\"}]}<\/script>\n<!-- \/ Yoast SEO plugin. -->","yoast_head_json":{"title":"Downlight LED CIRCULAR 15W - BLANCO - CRI+92 - IP65 - UGR13 - STARLED Iluminacion","robots":{"index":"index","follow":"follow","max-snippet":"max-snippet:-1","max-image-preview":"max-image-preview:large","max-video-preview":"max-video-preview:-1"},"canonical":"https:\/\/starlediluminacion.com\/it\/product\/downlight-led-circular-15w-blanco-cri92-ip65-ugr13\/","og_locale":"it_IT","og_type":"article","og_title":"Downlight LED CIRCULAR 15W - BLANCO - CRI+92 - IP65 - UGR13 - STARLED Iluminacion","og_description":"Referencia: SL91815-15WUGR13-4K      El\u00a0Downlight\u00a0LED\u00a0CIRCULAR 15W\u00a0IP65\u00a0- esta fabricado en aluminio +PC, su diodo\u00a0COB\u00a0de\u00a0Bridgelux\u00a0es de alta potencia y dispone de driver externo, con buen rendimiento de\u00a0130Lm\/W.\u00a0Alto \u00edndice de\u00a0rendimiento crom\u00e1tico +92\u00a0- COLOR PROFESIONAL - para disfrutar de\u00a0calidad de luz\u00a0y disponer de\u00a0colores reales\u00a0y profesionales. Este downlight es la elecci\u00f3n perfecta para aquellos que buscan iluminaci\u00f3n de calidad en entornos h\u00famedos, como ba\u00f1os o \u00e1reas exteriores, gracias a su\u00a0grado de protecci\u00f3n IP65.  Cuenta con un\u00a0UGR&lt;13\u00a0lo que significa que\u00a0es una luminaria que no produce deslumbramiento, lo que la hace\u00a0perfecta para zonas de trabajo.  Temperatura de Color: 3000K\/4000K  \u00a0Entrega en 24\/48 horas","og_url":"https:\/\/starlediluminacion.com\/it\/product\/downlight-led-circular-15w-blanco-cri92-ip65-ugr13\/","og_site_name":"STARLED Iluminacion","article_modified_time":"2024-09-15T11:45:12+00:00","og_image":[{"width":744,"height":800,"url":"https:\/\/starlediluminacion.com\/wp-content\/uploads\/2024\/03\/downlight-led-circular-15w-blanco-cri92-ip65-ugr13.jpg","type":"image\/jpeg"}],"twitter_card":"summary_large_image","twitter_misc":{"Tempo di lettura stimato":"6 minuti"},"schema":{"@context":"https:\/\/schema.org","@graph":[{"@type":"WebPage","@id":"https:\/\/starlediluminacion.com\/pt\/product\/downlight-led-circular-15w-blanco-cri92-ip65-ugr13\/","url":"https:\/\/starlediluminacion.com\/pt\/product\/downlight-led-circular-15w-blanco-cri92-ip65-ugr13\/","name":"Downlight LED CIRCULAR 15W - BLANCO - CRI+92 - IP65 - UGR13 - STARLED Iluminacion","isPartOf":{"@id":"https:\/\/starlediluminacion.com\/#website"},"primaryImageOfPage":{"@id":"https:\/\/starlediluminacion.com\/pt\/product\/downlight-led-circular-15w-blanco-cri92-ip65-ugr13\/#primaryimage"},"image":{"@id":"https:\/\/starlediluminacion.com\/pt\/product\/downlight-led-circular-15w-blanco-cri92-ip65-ugr13\/#primaryimage"},"thumbnailUrl":"https:\/\/starlediluminacion.com\/wp-content\/uploads\/2024\/03\/downlight-led-circular-15w-blanco-cri92-ip65-ugr13.jpg","datePublished":"2024-03-28T12:09:39+00:00","dateModified":"2024-09-15T11:45:12+00:00","breadcrumb":{"@id":"https:\/\/starlediluminacion.com\/pt\/product\/downlight-led-circular-15w-blanco-cri92-ip65-ugr13\/#breadcrumb"},"inLanguage":"it-IT","potentialAction":[{"@type":"ReadAction","target":["https:\/\/starlediluminacion.com\/pt\/product\/downlight-led-circular-15w-blanco-cri92-ip65-ugr13\/"]}]},{"@type":"ImageObject","inLanguage":"it-IT","@id":"https:\/\/starlediluminacion.com\/pt\/product\/downlight-led-circular-15w-blanco-cri92-ip65-ugr13\/#primaryimage","url":"https:\/\/starlediluminacion.com\/wp-content\/uploads\/2024\/03\/downlight-led-circular-15w-blanco-cri92-ip65-ugr13.jpg","contentUrl":"https:\/\/starlediluminacion.com\/wp-content\/uploads\/2024\/03\/downlight-led-circular-15w-blanco-cri92-ip65-ugr13.jpg","width":744,"height":800},{"@type":"BreadcrumbList","@id":"https:\/\/starlediluminacion.com\/pt\/product\/downlight-led-circular-15w-blanco-cri92-ip65-ugr13\/#breadcrumb","itemListElement":[{"@type":"ListItem","position":1,"name":"Portada","item":"https:\/\/starlediluminacion.com\/"},{"@type":"ListItem","position":2,"name":"Shop","item":"https:\/\/starlediluminacion.com\/shop-2\/"},{"@type":"ListItem","position":3,"name":"Downlight LED CIRCULAR 15W &#8211; BLANCO &#8211; CRI+92 &#8211; IP65 &#8211; UGR13"}]},{"@type":"WebSite","@id":"https:\/\/starlediluminacion.com\/#website","url":"https:\/\/starlediluminacion.com\/","name":"STARLED Iluminacion","description":"","potentialAction":[{"@type":"SearchAction","target":{"@type":"EntryPoint","urlTemplate":"https:\/\/starlediluminacion.com\/?s={search_term_string}"},"query-input":{"@type":"PropertyValueSpecification","valueRequired":true,"valueName":"search_term_string"}}],"inLanguage":"it-IT"}]}},"_links":{"self":[{"href":"https:\/\/starlediluminacion.com\/it\/wp-json\/wp\/v3\/product\/12679","targetHints":{"allow":["GET"]}}],"collection":[{"href":"https:\/\/starlediluminacion.com\/it\/wp-json\/wp\/v3\/product"}],"about":[{"href":"https:\/\/starlediluminacion.com\/it\/wp-json\/wp\/v2\/types\/product"}],"wp:featuredmedia":[{"embeddable":true,"href":"https:\/\/starlediluminacion.com\/it\/wp-json\/wp\/v2\/media\/12680"}],"wp:attachment":[{"href":"https:\/\/starlediluminacion.com\/it\/wp-json\/wp\/v2\/media?parent=12679"}],"wp:term":[{"taxonomy":"product_cat","embeddable":true,"href":"https:\/\/starlediluminacion.com\/it\/wp-json\/wp\/v2\/product_cat?post=12679"},{"taxonomy":"product_tag","embeddable":true,"href":"https:\/\/starlediluminacion.com\/it\/wp-json\/wp\/v2\/product_tag?post=12679"}],"curies":[{"name":"wp","href":"https:\/\/api.w.org\/{rel}","templated":true}]}}