{"id":12305,"date":"2024-01-04T15:06:47","date_gmt":"2024-01-04T15:06:47","guid":{"rendered":"https:\/\/starlediluminacion.com\/?post_type=product&#038;p=12305"},"modified":"2024-06-16T14:49:18","modified_gmt":"2024-06-16T14:49:18","slug":"tira-led-220v-120xled-m-20m-smd2835-1540lm-m-14w-m-ip67-corte-cada-10cm-2","status":"publish","type":"product","link":"https:\/\/starlediluminacion.com\/it\/product\/tira-led-220v-120xled-m-20m-smd2835-1540lm-m-14w-m-ip67-corte-cada-10cm-2\/","title":{"rendered":"<p>Striscia LED 220V | 120xLED\/M | 20m | SMD2835 | 1540Lm\/M | 14W\/M | IP67 | Taglio ogni 10cm | Taglio ogni 10cm<\/p>"},"content":{"rendered":"<h1>Striscia LED 220V | 120xLED\/m | 20m | SMD2835 | 1450Lm\/M | 14W\/M | IP67 | Taglio ogni 10cm | 10cm<p>Questo&nbsp;<strong>Striscia LED 220V<\/strong>&nbsp;DC 120LED\/m<strong>&nbsp;IP67<\/strong>&nbsp;ha una lunghezza di&nbsp;<strong>20 metri<\/strong>&nbsp;e integra&nbsp;<b>120&nbsp;<\/b><strong>LED<\/strong>&nbsp;della tecnologia&nbsp;<strong>SMD2835<\/strong>&nbsp;che consumano solo una piccola quantit\u00e0 di energia.&nbsp;<strong>14w&nbsp;<\/strong>al metro. La luce brillante e colorata che emette si diffonde su un angolo di 120\u00b0.<\/p><p>La nostra striscia LED \u00e8 autoadesiva per una facile installazione. Pu\u00f2 essere&nbsp;<strong>regolare<\/strong>&nbsp;l'intensit\u00e0 delle strisce LED<\/p><p>Questa striscia LED SMD2835 \u00e8 dotata di&nbsp;<strong>120 trucioli al metro<\/strong>con il suo&nbsp;<b>CRI &gt;82<\/b>&nbsp;abbiamo capito che i colori sembrano molto reali. Ci\u00f2 rende questa striscia LED perfetta per illuminare gli spazi in cui vogliamo che i colori siano perfetti.<\/p><p>Il&nbsp;<strong>Striscia LED<\/strong>&nbsp;possono essere tagliati e uniti negli spazi indicati sulla striscia (area di giunzione del rame), sempre seguendo le relative istruzioni (fare attenzione che il saldatore mantenga un breve contatto con la striscia durante la saldatura, poich\u00e9 un calore eccessivo danneggia il conduttore).<\/p><p>Per aumentare la durata di vita della striscia LED, \u00e8 necessario&nbsp;<strong>raccomandato<\/strong>&nbsp;utilizzare il nastro biadesivo per dissipatori di calore, e posizionarlo sopra il&nbsp;<strong>profilo in alluminio<\/strong>per una corretta gestione del calore della striscia LED stessa.<\/p><p>Le strisce LED sono ideali per illuminare qualsiasi tipo di angolo o elemento dell'azienda o della casa, grazie alla loro flessibilit\u00e0. Si pu\u00f2 dire che uno dei loro principali vantaggi \u00e8 la grande flessibilit\u00e0.&nbsp;<strong>versatilit\u00e0 d'uso<\/strong>&nbsp;Possono essere installati in qualsiasi area e adattarsi a qualsiasi angolo, e possono quindi essere collocati in qualsiasi posizione, grazie al loro&nbsp;<strong>design lineare e adattabile.<\/strong><\/p><h2>\n<strong>Utilizzi della striscia LED 220V | 120xLED\/m | 20m | SMD2835 | 1450Lm\/M | 14W\/M | IP67 | Taglio ogni 10cm | 10cm<\/strong><\/h2><ul>\n<li>&nbsp;&nbsp;&nbsp; Nelle biblioteche<\/li>\n<li>&nbsp;&nbsp;&nbsp; Bar<\/li>\n<li>&nbsp;&nbsp;&nbsp; Casa<\/li>\n<li>&nbsp;&nbsp;&nbsp; Ristoranti<\/li>\n<li>&nbsp;&nbsp;&nbsp; Coperture<\/li>\n<\/ul><h3 class=\"h6\">Scheda tecnica del prodotto<\/h3><dl class=\"data-sheet\">\n<dt class=\"name\"><img loading=\"lazy\" decoding=\"async\" src=\"https:\/\/www.factorled.com\/modules\/oa_features\/img\/2-default.jpg\" width=\"32\" height=\"32\">&nbsp;RIFERIMENTO<\/dt>\n<dd class=\"value\">SP120D14W<\/dd>\n<dt class=\"name\"><img loading=\"lazy\" decoding=\"async\" src=\"https:\/\/www.factorled.com\/modules\/oa_features\/img\/3-default.jpg\" width=\"32\" height=\"32\">&nbsp;Potenza nominale<\/dt>\n<dd class=\"value\">14W<\/dd>\n<dt class=\"name\"><img loading=\"lazy\" decoding=\"async\" src=\"https:\/\/www.factorled.com\/modules\/oa_features\/img\/4-default.jpg\" width=\"32\" height=\"32\">&nbsp;Tensione nominale<\/dt>\n<dd class=\"value\">220-240 V CA<\/dd>\n<dt class=\"name\"><img loading=\"lazy\" decoding=\"async\" src=\"https:\/\/www.factorled.com\/modules\/oa_features\/img\/5-default.jpg\" width=\"32\" height=\"32\">&nbsp;Temperatura della luce<\/dt>\n<dd class=\"value\">2300K - 2700K - 4000K - 6000K<\/dd>\n<dt class=\"name\"><img loading=\"lazy\" decoding=\"async\" src=\"https:\/\/www.factorled.com\/modules\/oa_features\/img\/6-default.jpg\" width=\"32\" height=\"32\">&nbsp;CRI - Indice di riproduzione cromatica<\/dt>\n<dd class=\"value\">82<\/dd>\n<dt class=\"name\"><img loading=\"lazy\" decoding=\"async\" src=\"https:\/\/www.factorled.com\/modules\/oa_features\/img\/25-default.jpg\" width=\"32\" height=\"32\">&nbsp;Materiale da costruzione<\/dt>\n<dd class=\"value\">Silicone<\/dd>\n<dt class=\"name\"><img loading=\"lazy\" decoding=\"async\" src=\"https:\/\/www.factorled.com\/modules\/oa_features\/img\/8-default.jpg\" width=\"32\" height=\"32\">&nbsp;Luminosit\u00e0-Lm<\/dt>\n<dd class=\"value\">1M: 1540Lm -10M: 15400 Lm - 20M: 30800Lm<\/dd>\n<dt class=\"name\"><img loading=\"lazy\" decoding=\"async\" src=\"https:\/\/www.factorled.com\/modules\/oa_features\/img\/9-default.jpg\" width=\"32\" height=\"32\">&nbsp;Tipo di LED<\/dt>\n<dd class=\"value\">140 LED\/M - SMD2835 BRIDGELUX CHIP<\/dd>\n<dt class=\"name\"><img loading=\"lazy\" decoding=\"async\" src=\"https:\/\/www.factorled.com\/modules\/oa_features\/img\/10-default.jpg\" width=\"32\" height=\"32\">&nbsp;Angolo di apertura (\u00ba)<\/dt>\n<dd class=\"value\">120\u00ba<\/dd>\n<dt class=\"name\"><img loading=\"lazy\" decoding=\"async\" src=\"https:\/\/www.factorled.com\/modules\/oa_features\/img\/12-default.jpg\" width=\"32\" height=\"32\">&nbsp;Efficienza del diodo LED (Lm\/W)<\/dt>\n<dd class=\"value\">155 Lm\/W<\/dd>\n<dt class=\"name\"><img loading=\"lazy\" decoding=\"async\" src=\"https:\/\/www.factorled.com\/modules\/oa_features\/img\/13-default.jpg\" width=\"32\" height=\"32\">&nbsp;Efficienza luminosa (Lm\/W)<\/dt>\n<dd class=\"value\">135 Lm\/W<\/dd>\n<dt class=\"name\"><img loading=\"lazy\" decoding=\"async\" src=\"https:\/\/www.factorled.com\/modules\/oa_features\/img\/11-default.jpg\" width=\"32\" height=\"32\">&nbsp;Dimostrabile<\/dt>\n<dd class=\"value\">TRIAC<\/dd>\n<dt class=\"name\"><img loading=\"lazy\" decoding=\"async\" src=\"https:\/\/www.factorled.com\/modules\/oa_features\/img\/15-default.jpg\" width=\"32\" height=\"32\">&nbsp;Certificati<\/dt>\n<dd class=\"value\">CE - ROHS<\/dd>\n<dt class=\"name\"><img loading=\"lazy\" decoding=\"async\" src=\"https:\/\/www.factorled.com\/modules\/oa_features\/img\/16-default.jpg\" width=\"32\" height=\"32\">&nbsp;Grado di protezione IP<\/dt>\n<dd class=\"value\">IP67-Outdoor<\/dd>\n<dt class=\"name\"><img loading=\"lazy\" decoding=\"async\" src=\"https:\/\/www.factorled.com\/modules\/oa_features\/img\/17-default.jpg\" width=\"32\" height=\"32\">&nbsp;Vita stimata Diodo LED (H)<\/dt>\n<dd class=\"value\">100.000<\/dd>\n<dt class=\"name\"><img loading=\"lazy\" decoding=\"async\" src=\"https:\/\/www.factorled.com\/modules\/oa_features\/img\/18-default.jpg\" width=\"32\" height=\"32\">&nbsp;Misure (Mm)<\/dt>\n<dd class=\"value\">L20m x 12mm x H4,2mm<\/dd>\n<dt class=\"name\"><img loading=\"lazy\" decoding=\"async\" src=\"https:\/\/www.factorled.com\/modules\/oa_features\/img\/20-default.jpg\" width=\"32\" height=\"32\">&nbsp;Fattore di potenza (PF)<\/dt>\n<dd class=\"value\">0,91<\/dd>\n<dt class=\"name\"><img loading=\"lazy\" decoding=\"async\" src=\"https:\/\/www.factorled.com\/modules\/oa_features\/img\/21-default.jpg\" width=\"32\" height=\"32\">&nbsp;Frequenza di lavoro (Hz)<\/dt>\n<dd class=\"value\">50\/60Hz<\/dd>\n<dt class=\"name\"><img loading=\"lazy\" decoding=\"async\" src=\"https:\/\/www.factorled.com\/modules\/oa_features\/img\/22-default.jpg\" width=\"32\" height=\"32\">&nbsp;Intervallo di temperatura (\u00baC)<\/dt>\n<dd class=\"value\">-20\u00b0C ~ +55\u00b0C<\/dd>\n<dt class=\"name\"><img loading=\"lazy\" decoding=\"async\" src=\"https:\/\/www.factorled.com\/modules\/oa_features\/img\/23-default.jpg\" width=\"32\" height=\"32\">&nbsp;Cicli di accensione<\/dt>\n<dd class=\"value\">100.000<\/dd>\n<dt class=\"name\"><img loading=\"lazy\" decoding=\"async\" src=\"https:\/\/www.factorled.com\/modules\/oa_features\/img\/7-default.jpg\" width=\"32\" height=\"32\">&nbsp;Classe energetica (2021-EU-2019\/2015)<\/dt>\n<dd class=\"value\">A+<\/dd>\n<dt class=\"name\"><img loading=\"lazy\" decoding=\"async\" src=\"https:\/\/www.factorled.com\/modules\/oa_features\/img\/75-default.jpg\" width=\"32\" height=\"32\">&nbsp;Anni di garanzia<\/dt>\n<dd class=\"value\">3<\/dd>\n<\/dl><\/h1>","protected":false},"excerpt":{"rendered":"<div class=\"product-reference\"><strong><label class=\"label\">Riferimento:<\/label> SLSP120D14W-91833<\/strong>\n<div><\/div>\n<div class=\"product-description-short\">\n<div id=\"product-description-short-3226\">\n<p><strong>Striscia LED<\/strong>&nbsp;<strong>PROFESSIONALE<\/strong>&nbsp;<strong>14W<\/strong>&nbsp;al metro<strong>,&nbsp;<\/strong>da&nbsp;<strong>220V<\/strong>&nbsp;con una lunghezza&nbsp;<strong>20<\/strong>&nbsp;<strong>metri<\/strong>. Progettato per l'installazione in interni. Perfetto per illuminare tutti i tipi di spazi. NON necessita di alimentazione e si consiglia di installarlo su un profilo di alluminio per una buona dissipazione del calore.<b>&nbsp;10 mm<\/b><\/p>\n<p><b>120 Led\/metro SMD2835 CHIP ad alta potenza.<\/b><\/p>\n<p><strong>Temperatura colore: 2300K\/2<span style=\"font-size: 16px; font-style: normal;\">700K<\/span><span style=\"font-size: 16px;\">\/4000K\/5700K<\/span><\/strong><\/p>\n<\/div>\n<\/div><\/div>","protected":false},"featured_media":12317,"template":"","meta":{"site-sidebar-layout":"default","site-content-layout":"default","ast-global-header-display":"","ast-main-header-display":"","ast-hfb-above-header-display":"","ast-hfb-below-header-display":"","ast-hfb-mobile-header-display":"","site-post-title":"","ast-breadcrumbs-content":"","ast-featured-img":"","footer-sml-layout":"","theme-transparent-header-meta":"default","adv-header-id-meta":"","stick-header-meta":"","header-above-stick-meta":"","header-main-stick-meta":"","header-below-stick-meta":""},"product_cat":[90,45],"product_tag":[],"class_list":["post-12305","product","type-product","status-publish","has-post-thumbnail","hentry","product_cat-tiras-led-220v-240v-ac","product_cat-tiras-led-y-neon-flexible"],"yoast_head":"<!-- This site is optimized with the Yoast SEO plugin v27.4 - https:\/\/yoast.com\/product\/yoast-seo-wordpress\/ -->\n<title>Tira LED 220V | 120xLED\/M | 20m | SMD2835 | 1540Lm\/M | 14W\/M | IP67 | Corte Cada 10cm - STARLED Iluminacion<\/title>\n<meta name=\"robots\" content=\"index, follow, max-snippet:-1, max-image-preview:large, max-video-preview:-1\" \/>\n<link rel=\"canonical\" href=\"https:\/\/starlediluminacion.com\/it\/product\/tira-led-220v-120xled-m-20m-smd2835-1540lm-m-14w-m-ip67-corte-cada-10cm-2\/\" \/>\n<meta property=\"og:locale\" content=\"it_IT\" \/>\n<meta property=\"og:type\" content=\"article\" \/>\n<meta property=\"og:title\" content=\"Tira LED 220V | 120xLED\/M | 20m | SMD2835 | 1540Lm\/M | 14W\/M | IP67 | Corte Cada 10cm - STARLED Iluminacion\" \/>\n<meta property=\"og:description\" content=\"Referencia: SLSP120D14W-91833      Tira led\u00a0PROFESIONAL\u00a014W\u00a0por metro,\u00a0de\u00a0220V\u00a0con una longitud\u00a020\u00a0metros.\u00a0Dise\u00f1ada para su colocaci\u00f3n en interior. Perfecta para ILUMINAR todo tipo de espacios. NO requiere de fuente de alimentaci\u00f3n y es conveniente instalarla sobre un perfil de aluminio para conseguir una buena disipaci\u00f3n del calor.\u00a010mm  120 Leds\/metro SMD2835 CHIP de alta potencia.  Temperatura de Color: 2300K\/2700K\/4000K\/5700K\" \/>\n<meta property=\"og:url\" content=\"https:\/\/starlediluminacion.com\/it\/product\/tira-led-220v-120xled-m-20m-smd2835-1540lm-m-14w-m-ip67-corte-cada-10cm-2\/\" \/>\n<meta property=\"og:site_name\" content=\"STARLED Iluminacion\" \/>\n<meta property=\"article:modified_time\" content=\"2024-06-16T14:49:18+00:00\" \/>\n<meta property=\"og:image\" content=\"https:\/\/starlediluminacion.com\/wp-content\/uploads\/2024\/01\/tira-led-220v-20m-smd2835-1540lmm-14wm-ip67-corte-cada-10cm.jpg\" \/>\n\t<meta property=\"og:image:width\" content=\"744\" \/>\n\t<meta property=\"og:image:height\" content=\"800\" \/>\n\t<meta property=\"og:image:type\" content=\"image\/jpeg\" \/>\n<meta name=\"twitter:card\" content=\"summary_large_image\" \/>\n<meta name=\"twitter:label1\" content=\"Tempo di lettura stimato\" \/>\n\t<meta name=\"twitter:data1\" content=\"2 minuti\" \/>\n<script type=\"application\/ld+json\" class=\"yoast-schema-graph\">{\"@context\":\"https:\\\/\\\/schema.org\",\"@graph\":[{\"@type\":\"WebPage\",\"@id\":\"https:\\\/\\\/starlediluminacion.com\\\/pt\\\/product\\\/tira-led-220v-120xled-m-20m-smd2835-1540lm-m-14w-m-ip67-corte-cada-10cm-2\\\/\",\"url\":\"https:\\\/\\\/starlediluminacion.com\\\/pt\\\/product\\\/tira-led-220v-120xled-m-20m-smd2835-1540lm-m-14w-m-ip67-corte-cada-10cm-2\\\/\",\"name\":\"Tira LED 220V | 120xLED\\\/M | 20m | SMD2835 | 1540Lm\\\/M | 14W\\\/M | IP67 | Corte Cada 10cm - STARLED Iluminacion\",\"isPartOf\":{\"@id\":\"https:\\\/\\\/starlediluminacion.com\\\/#website\"},\"primaryImageOfPage\":{\"@id\":\"https:\\\/\\\/starlediluminacion.com\\\/pt\\\/product\\\/tira-led-220v-120xled-m-20m-smd2835-1540lm-m-14w-m-ip67-corte-cada-10cm-2\\\/#primaryimage\"},\"image\":{\"@id\":\"https:\\\/\\\/starlediluminacion.com\\\/pt\\\/product\\\/tira-led-220v-120xled-m-20m-smd2835-1540lm-m-14w-m-ip67-corte-cada-10cm-2\\\/#primaryimage\"},\"thumbnailUrl\":\"https:\\\/\\\/starlediluminacion.com\\\/wp-content\\\/uploads\\\/2024\\\/01\\\/tira-led-220v-20m-smd2835-1540lmm-14wm-ip67-corte-cada-10cm.jpg\",\"datePublished\":\"2024-01-04T15:06:47+00:00\",\"dateModified\":\"2024-06-16T14:49:18+00:00\",\"breadcrumb\":{\"@id\":\"https:\\\/\\\/starlediluminacion.com\\\/pt\\\/product\\\/tira-led-220v-120xled-m-20m-smd2835-1540lm-m-14w-m-ip67-corte-cada-10cm-2\\\/#breadcrumb\"},\"inLanguage\":\"it-IT\",\"potentialAction\":[{\"@type\":\"ReadAction\",\"target\":[\"https:\\\/\\\/starlediluminacion.com\\\/pt\\\/product\\\/tira-led-220v-120xled-m-20m-smd2835-1540lm-m-14w-m-ip67-corte-cada-10cm-2\\\/\"]}]},{\"@type\":\"ImageObject\",\"inLanguage\":\"it-IT\",\"@id\":\"https:\\\/\\\/starlediluminacion.com\\\/pt\\\/product\\\/tira-led-220v-120xled-m-20m-smd2835-1540lm-m-14w-m-ip67-corte-cada-10cm-2\\\/#primaryimage\",\"url\":\"https:\\\/\\\/starlediluminacion.com\\\/wp-content\\\/uploads\\\/2024\\\/01\\\/tira-led-220v-20m-smd2835-1540lmm-14wm-ip67-corte-cada-10cm.jpg\",\"contentUrl\":\"https:\\\/\\\/starlediluminacion.com\\\/wp-content\\\/uploads\\\/2024\\\/01\\\/tira-led-220v-20m-smd2835-1540lmm-14wm-ip67-corte-cada-10cm.jpg\",\"width\":744,\"height\":800},{\"@type\":\"BreadcrumbList\",\"@id\":\"https:\\\/\\\/starlediluminacion.com\\\/pt\\\/product\\\/tira-led-220v-120xled-m-20m-smd2835-1540lm-m-14w-m-ip67-corte-cada-10cm-2\\\/#breadcrumb\",\"itemListElement\":[{\"@type\":\"ListItem\",\"position\":1,\"name\":\"Portada\",\"item\":\"https:\\\/\\\/starlediluminacion.com\\\/\"},{\"@type\":\"ListItem\",\"position\":2,\"name\":\"Shop\",\"item\":\"https:\\\/\\\/starlediluminacion.com\\\/shop-2\\\/\"},{\"@type\":\"ListItem\",\"position\":3,\"name\":\"Tira LED 220V | 120xLED\\\/M | 20m | SMD2835 | 1540Lm\\\/M | 14W\\\/M | IP67 | Corte Cada 10cm\"}]},{\"@type\":\"WebSite\",\"@id\":\"https:\\\/\\\/starlediluminacion.com\\\/#website\",\"url\":\"https:\\\/\\\/starlediluminacion.com\\\/\",\"name\":\"STARLED Iluminacion\",\"description\":\"\",\"potentialAction\":[{\"@type\":\"SearchAction\",\"target\":{\"@type\":\"EntryPoint\",\"urlTemplate\":\"https:\\\/\\\/starlediluminacion.com\\\/?s={search_term_string}\"},\"query-input\":{\"@type\":\"PropertyValueSpecification\",\"valueRequired\":true,\"valueName\":\"search_term_string\"}}],\"inLanguage\":\"it-IT\"}]}<\/script>\n<!-- \/ Yoast SEO plugin. -->","yoast_head_json":{"title":"Tira LED 220V | 120xLED\/M | 20m | SMD2835 | 1540Lm\/M | 14W\/M | IP67 | Corte Cada 10cm - STARLED Iluminacion","robots":{"index":"index","follow":"follow","max-snippet":"max-snippet:-1","max-image-preview":"max-image-preview:large","max-video-preview":"max-video-preview:-1"},"canonical":"https:\/\/starlediluminacion.com\/it\/product\/tira-led-220v-120xled-m-20m-smd2835-1540lm-m-14w-m-ip67-corte-cada-10cm-2\/","og_locale":"it_IT","og_type":"article","og_title":"Tira LED 220V | 120xLED\/M | 20m | SMD2835 | 1540Lm\/M | 14W\/M | IP67 | Corte Cada 10cm - STARLED Iluminacion","og_description":"Referencia: SLSP120D14W-91833      Tira led\u00a0PROFESIONAL\u00a014W\u00a0por metro,\u00a0de\u00a0220V\u00a0con una longitud\u00a020\u00a0metros.\u00a0Dise\u00f1ada para su colocaci\u00f3n en interior. Perfecta para ILUMINAR todo tipo de espacios. NO requiere de fuente de alimentaci\u00f3n y es conveniente instalarla sobre un perfil de aluminio para conseguir una buena disipaci\u00f3n del calor.\u00a010mm  120 Leds\/metro SMD2835 CHIP de alta potencia.  Temperatura de Color: 2300K\/2700K\/4000K\/5700K","og_url":"https:\/\/starlediluminacion.com\/it\/product\/tira-led-220v-120xled-m-20m-smd2835-1540lm-m-14w-m-ip67-corte-cada-10cm-2\/","og_site_name":"STARLED Iluminacion","article_modified_time":"2024-06-16T14:49:18+00:00","og_image":[{"width":744,"height":800,"url":"https:\/\/starlediluminacion.com\/wp-content\/uploads\/2024\/01\/tira-led-220v-20m-smd2835-1540lmm-14wm-ip67-corte-cada-10cm.jpg","type":"image\/jpeg"}],"twitter_card":"summary_large_image","twitter_misc":{"Tempo di lettura stimato":"2 minuti"},"schema":{"@context":"https:\/\/schema.org","@graph":[{"@type":"WebPage","@id":"https:\/\/starlediluminacion.com\/pt\/product\/tira-led-220v-120xled-m-20m-smd2835-1540lm-m-14w-m-ip67-corte-cada-10cm-2\/","url":"https:\/\/starlediluminacion.com\/pt\/product\/tira-led-220v-120xled-m-20m-smd2835-1540lm-m-14w-m-ip67-corte-cada-10cm-2\/","name":"Tira LED 220V | 120xLED\/M | 20m | SMD2835 | 1540Lm\/M | 14W\/M | IP67 | Corte Cada 10cm - STARLED Iluminacion","isPartOf":{"@id":"https:\/\/starlediluminacion.com\/#website"},"primaryImageOfPage":{"@id":"https:\/\/starlediluminacion.com\/pt\/product\/tira-led-220v-120xled-m-20m-smd2835-1540lm-m-14w-m-ip67-corte-cada-10cm-2\/#primaryimage"},"image":{"@id":"https:\/\/starlediluminacion.com\/pt\/product\/tira-led-220v-120xled-m-20m-smd2835-1540lm-m-14w-m-ip67-corte-cada-10cm-2\/#primaryimage"},"thumbnailUrl":"https:\/\/starlediluminacion.com\/wp-content\/uploads\/2024\/01\/tira-led-220v-20m-smd2835-1540lmm-14wm-ip67-corte-cada-10cm.jpg","datePublished":"2024-01-04T15:06:47+00:00","dateModified":"2024-06-16T14:49:18+00:00","breadcrumb":{"@id":"https:\/\/starlediluminacion.com\/pt\/product\/tira-led-220v-120xled-m-20m-smd2835-1540lm-m-14w-m-ip67-corte-cada-10cm-2\/#breadcrumb"},"inLanguage":"it-IT","potentialAction":[{"@type":"ReadAction","target":["https:\/\/starlediluminacion.com\/pt\/product\/tira-led-220v-120xled-m-20m-smd2835-1540lm-m-14w-m-ip67-corte-cada-10cm-2\/"]}]},{"@type":"ImageObject","inLanguage":"it-IT","@id":"https:\/\/starlediluminacion.com\/pt\/product\/tira-led-220v-120xled-m-20m-smd2835-1540lm-m-14w-m-ip67-corte-cada-10cm-2\/#primaryimage","url":"https:\/\/starlediluminacion.com\/wp-content\/uploads\/2024\/01\/tira-led-220v-20m-smd2835-1540lmm-14wm-ip67-corte-cada-10cm.jpg","contentUrl":"https:\/\/starlediluminacion.com\/wp-content\/uploads\/2024\/01\/tira-led-220v-20m-smd2835-1540lmm-14wm-ip67-corte-cada-10cm.jpg","width":744,"height":800},{"@type":"BreadcrumbList","@id":"https:\/\/starlediluminacion.com\/pt\/product\/tira-led-220v-120xled-m-20m-smd2835-1540lm-m-14w-m-ip67-corte-cada-10cm-2\/#breadcrumb","itemListElement":[{"@type":"ListItem","position":1,"name":"Portada","item":"https:\/\/starlediluminacion.com\/"},{"@type":"ListItem","position":2,"name":"Shop","item":"https:\/\/starlediluminacion.com\/shop-2\/"},{"@type":"ListItem","position":3,"name":"Tira LED 220V | 120xLED\/M | 20m | SMD2835 | 1540Lm\/M | 14W\/M | IP67 | Corte Cada 10cm"}]},{"@type":"WebSite","@id":"https:\/\/starlediluminacion.com\/#website","url":"https:\/\/starlediluminacion.com\/","name":"STARLED Iluminacion","description":"","potentialAction":[{"@type":"SearchAction","target":{"@type":"EntryPoint","urlTemplate":"https:\/\/starlediluminacion.com\/?s={search_term_string}"},"query-input":{"@type":"PropertyValueSpecification","valueRequired":true,"valueName":"search_term_string"}}],"inLanguage":"it-IT"}]}},"_links":{"self":[{"href":"https:\/\/starlediluminacion.com\/it\/wp-json\/wp\/v3\/product\/12305","targetHints":{"allow":["GET"]}}],"collection":[{"href":"https:\/\/starlediluminacion.com\/it\/wp-json\/wp\/v3\/product"}],"about":[{"href":"https:\/\/starlediluminacion.com\/it\/wp-json\/wp\/v2\/types\/product"}],"wp:featuredmedia":[{"embeddable":true,"href":"https:\/\/starlediluminacion.com\/it\/wp-json\/wp\/v2\/media\/12317"}],"wp:attachment":[{"href":"https:\/\/starlediluminacion.com\/it\/wp-json\/wp\/v2\/media?parent=12305"}],"wp:term":[{"taxonomy":"product_cat","embeddable":true,"href":"https:\/\/starlediluminacion.com\/it\/wp-json\/wp\/v2\/product_cat?post=12305"},{"taxonomy":"product_tag","embeddable":true,"href":"https:\/\/starlediluminacion.com\/it\/wp-json\/wp\/v2\/product_tag?post=12305"}],"curies":[{"name":"wp","href":"https:\/\/api.w.org\/{rel}","templated":true}]}}