{"id":12283,"date":"2024-01-04T14:50:40","date_gmt":"2024-01-04T14:50:40","guid":{"rendered":"https:\/\/starlediluminacion.com\/?post_type=product&#038;p=12283"},"modified":"2024-03-28T12:45:23","modified_gmt":"2024-03-28T12:45:23","slug":"farola-led-solar-3x1-500lm-con-sensor-de-movimiento","status":"publish","type":"product","link":"https:\/\/starlediluminacion.com\/it\/product\/lampione-led-solar-3x1-500lm-con-sensore-di-movimento\/","title":{"rendered":"<p>Lampione solare a LED 3X1 - 500Lm - Con sensore di movimento<\/p>"},"content":{"rendered":"<h1>Lampione solare a LED 3X1 - 500Lm - con sensore di movimento<p>Il lampione LED solare 3\u00d71 \u00e8 una soluzione innovativa e sostenibile che fornisce un'illuminazione efficiente ed ecologica. Progettato per adattarsi a una variet\u00e0 di installazioni, questo versatile apparecchio pu\u00f2 essere montato in tre modi diversi: a parete, su una colonna di lampioni LED o su una staffa per lampioni LED con rilevatore di movimento.<\/p><p>La sua fonte di alimentazione proviene da pannelli solari integrati, che ne fanno un'opzione ecologica sfruttando l'energia solare per alimentare i suoi LED ad alta efficienza. Questo non solo contribuisce alla conservazione delle risorse, ma riduce anche in modo significativo i costi energetici nel tempo.<\/p><p>Il design modulare e robusto del lampione Solar LED garantisce una facile installazione e una lunga durata. La sua capacit\u00e0 di adattarsi a luoghi diversi lo rende una scelta versatile per l'illuminazione di strade, parchi, giardini e aree residenziali.<\/p><p>Il rilevatore di movimento integrato aggiunge un ulteriore livello di efficienza attivando l'illuminazione solo quando viene rilevato un movimento, il che non solo consente di risparmiare energia, ma offre anche una maggiore sicurezza illuminando automaticamente le aree quando necessario.<\/p><p>Con uno stile moderno e accattivante, questo lampione a LED solare non solo soddisfa gli standard di efficienza energetica, ma aggiunge anche un tocco estetico a qualsiasi ambiente. Scoprite la perfetta combinazione di funzionalit\u00e0, sostenibilit\u00e0 e design con il lampione Solar LED adattabile alle vostre esigenze di illuminazione.<\/p><p>Inoltre, \u00e8 possibile usufruire dei vantaggi della&nbsp;<strong>Lampione 3X1<\/strong>&nbsp;alcuni dei suoi vantaggi: grazie all'avanzata tecnologia LED, otterrete un'ottima resa luminosa.<\/p><ol>\n<li>Risparmio sui costi di manutenzione.<\/li>\n<li>Ideale per sostituire i vecchi lampioni.<\/li>\n<li>Ha una protezione&nbsp;<strong>IP65.<\/strong><\/li>\n<li>Non \u00e8 necessaria un'alimentazione esterna.<\/li>\n<li>Non \u00e8 necessaria l'installazione del cablaggio.<\/li>\n<\/ol><p>Utilizzare un&nbsp;<strong>energia<\/strong>&nbsp;pulito e&nbsp;<strong>rinnovabile<\/strong>&nbsp;Perch\u00e9 questo pannello cattura il calore prodotto dal sole durante il giorno e lo converte in energia, caricando cos\u00ec la batteria, mentre di notte il modulo LED si illumina utilizzando l'energia immagazzinata.<\/p><p>L'installazione \u00e8 molto semplice.<\/p><p>La versatilit\u00e0 di installazione permette alla lanterna di adattarsi perfettamente a qualsiasi ambiente. Pu\u00f2 essere montata a parete per illuminare aree specifiche, su una colonna per un'illuminazione pi\u00f9 ampia e mirata o su una staffa per lanterne LED per evidenziare percorsi e aree esterne.<\/p><p>Una volta installato, dovrete solo aspettare che il sole carichi le sue batterie e di notte si accender\u00e0 automaticamente, per offrirvi la luce di cui avete bisogno nel luogo in cui lo avete installato. Inoltre, si spegne automaticamente quando rileva il sorgere del sole.<\/p><p>Acquistatelo subito nel nostro negozio online, non lasciatevelo sfuggire e cominciate a&nbsp;<strong>RISPARMIARE!<\/strong><\/p><h3><strong>Funzionamento del lampione solare:<\/strong><\/h3><ul>\n<li>Funzionamento normale a 20% e al rilevamento della presenza funziona a 100% per circa 15 secondi.<\/li>\n<\/ul><h2>Usi del prodotto<\/h2><ul>\n<li>Giardini<\/li>\n<li>Parchi pubblici<\/li>\n<li>Strade<\/li>\n<li>Strade<\/li>\n<li>Luoghi?<\/li>\n<\/ul><h3 class=\"h6\">Scheda tecnica del prodotto<\/h3><dl class=\"data-sheet\">\n<dt class=\"name\"><img loading=\"lazy\" decoding=\"async\" src=\"https:\/\/www.factorled.com\/modules\/oa_features\/img\/2-default.jpg\" width=\"32\" height=\"32\">&nbsp;RIFERIMENTO<\/dt>\n<dd class=\"value\">SL-CW-91798<\/dd>\n<dt class=\"name\"><img loading=\"lazy\" decoding=\"async\" src=\"https:\/\/www.factorled.com\/modules\/oa_features\/img\/3-default.jpg\" width=\"32\" height=\"32\">&nbsp;Potenza nominale<\/dt>\n<dd class=\"value\">4W<\/dd>\n<dt class=\"name\"><img loading=\"lazy\" decoding=\"async\" src=\"https:\/\/www.factorled.com\/modules\/oa_features\/img\/4-default.jpg\" width=\"32\" height=\"32\">&nbsp;Tensione nominale<\/dt>\n<dd class=\"value\">ioni di litio 3,7V 6A<\/dd>\n<dt class=\"name\"><img loading=\"lazy\" decoding=\"async\" src=\"https:\/\/www.factorled.com\/modules\/oa_features\/img\/5-default.jpg\" width=\"32\" height=\"32\">&nbsp;Temperatura della luce<\/dt>\n<dd class=\"value\">6000K<\/dd>\n<dt class=\"name\"><img loading=\"lazy\" decoding=\"async\" src=\"https:\/\/www.factorled.com\/modules\/oa_features\/img\/6-default.jpg\" width=\"32\" height=\"32\">&nbsp;CRI - Indice di riproduzione cromatica<\/dt>\n<dd class=\"value\">72<\/dd>\n<dt class=\"name\"><img loading=\"lazy\" decoding=\"async\" src=\"https:\/\/www.factorled.com\/modules\/oa_features\/img\/25-default.jpg\" width=\"32\" height=\"32\">&nbsp;Materiale da costruzione<\/dt>\n<dd class=\"value\">Alluminio +PC<\/dd>\n<dt class=\"name\"><img loading=\"lazy\" decoding=\"async\" src=\"https:\/\/www.factorled.com\/modules\/oa_features\/img\/8-default.jpg\" width=\"32\" height=\"32\">&nbsp;Luminosit\u00e0-Lm<\/dt>\n<dd class=\"value\">520Lm<\/dd>\n<dt class=\"name\"><img loading=\"lazy\" decoding=\"async\" src=\"https:\/\/www.factorled.com\/modules\/oa_features\/img\/9-default.jpg\" width=\"32\" height=\"32\">&nbsp;Tipo di LED<\/dt>\n<dd class=\"value\">SMD 2835<\/dd>\n<dt class=\"name\"><img loading=\"lazy\" decoding=\"async\" src=\"https:\/\/www.factorled.com\/modules\/oa_features\/img\/10-default.jpg\" width=\"32\" height=\"32\">&nbsp;Angolo di apertura (\u00ba)<\/dt>\n<dd class=\"value\">90\u00ba x 110\u00ba.<\/dd>\n<dt class=\"name\"><img loading=\"lazy\" decoding=\"async\" src=\"https:\/\/www.factorled.com\/modules\/oa_features\/img\/15-default.jpg\" width=\"32\" height=\"32\">&nbsp;Certificati<\/dt>\n<dd class=\"value\">CE - ROHS<\/dd>\n<dt class=\"name\"><img loading=\"lazy\" decoding=\"async\" src=\"https:\/\/www.factorled.com\/modules\/oa_features\/img\/16-default.jpg\" width=\"32\" height=\"32\">&nbsp;Grado di protezione IP<\/dt>\n<dd class=\"value\">IP65-Outdoor<\/dd>\n<dt class=\"name\"><img loading=\"lazy\" decoding=\"async\" src=\"https:\/\/www.factorled.com\/modules\/oa_features\/img\/17-default.jpg\" width=\"32\" height=\"32\">&nbsp;Vita stimata Diodo LED (H)<\/dt>\n<dd class=\"value\">100.000<\/dd>\n<dt class=\"name\"><img loading=\"lazy\" decoding=\"async\" src=\"https:\/\/www.factorled.com\/modules\/oa_features\/img\/18-default.jpg\" width=\"32\" height=\"32\">&nbsp;Misure (Mm)<\/dt>\n<dd class=\"value\">430x195x70 mm<\/dd>\n<dt class=\"name\"><img loading=\"lazy\" decoding=\"async\" src=\"https:\/\/www.factorled.com\/modules\/oa_features\/img\/22-default.jpg\" width=\"32\" height=\"32\">&nbsp;Intervallo di temperatura (\u00baC)<\/dt>\n<dd class=\"value\">-20\u00baC - +40\u00baC<\/dd>\n<dt class=\"name\"><img loading=\"lazy\" decoding=\"async\" src=\"https:\/\/www.factorled.com\/modules\/oa_features\/img\/24-default.jpg\" width=\"32\" height=\"32\">&nbsp;Tempo di avvio (S)<\/dt>\n<dd class=\"value\">0,2s<\/dd>\n<dt class=\"name\"><img loading=\"lazy\" decoding=\"async\" src=\"https:\/\/www.factorled.com\/modules\/oa_features\/img\/26-default.jpg\" width=\"32\" height=\"32\">&nbsp;Informazioni aggiuntive<\/dt>\n<dd class=\"value\">Pannello solare: Monocristallino Classe: A - 9V 20W<\/dd>\n<dt class=\"name\"><img loading=\"lazy\" decoding=\"async\" src=\"https:\/\/www.factorled.com\/modules\/oa_features\/img\/28-default.jpg\" width=\"32\" height=\"32\">&nbsp;Materiale della batteria<\/dt>\n<dd class=\"value\">LiFePO4 - Litio-Ferrofosfato -LPF 16AH 6,4V<\/dd>\n<dt class=\"name\"><img loading=\"lazy\" decoding=\"async\" src=\"https:\/\/www.factorled.com\/modules\/oa_features\/img\/29-default.jpg\" width=\"32\" height=\"32\">&nbsp;Tempo di scarica (H)<\/dt>\n<dd class=\"value\">24h. (2 giorni)<\/dd>\n<dt class=\"name\"><img loading=\"lazy\" decoding=\"async\" src=\"https:\/\/www.factorled.com\/modules\/oa_features\/img\/37-default.jpg\" width=\"32\" height=\"32\">&nbsp;Modalit\u00e0 di controllo<\/dt>\n<dd class=\"value\">RADAR<\/dd>\n<dt class=\"name\"><img loading=\"lazy\" decoding=\"async\" src=\"https:\/\/www.factorled.com\/modules\/oa_features\/img\/73-default.jpg\" width=\"32\" height=\"32\">&nbsp;Protezione dagli impatti (IK)<\/dt>\n<dd class=\"value\">IK10<\/dd>\n<dt class=\"name\"><img loading=\"lazy\" decoding=\"async\" src=\"https:\/\/www.factorled.com\/modules\/oa_features\/img\/101-default.jpg\" width=\"32\" height=\"32\">&nbsp;Classe energetica (2023 - UE-2019\/2015)<\/dt>\n<dd class=\"value\">A<\/dd>\n<dt class=\"name\"><img loading=\"lazy\" decoding=\"async\" src=\"https:\/\/www.factorled.com\/modules\/oa_features\/img\/75-default.jpg\" width=\"32\" height=\"32\">&nbsp;Anni di garanzia<\/dt>\n<dd class=\"value\">3 anni<\/dd>\n<dt class=\"name\"><img loading=\"lazy\" decoding=\"async\" src=\"https:\/\/www.factorled.com\/modules\/oa_features\/img\/78-default.jpg\" width=\"32\" height=\"32\">&nbsp;In tempo<\/dt>\n<dd class=\"value\">Rivelatore normale: 20% - Con persone: 100% 15s.<\/dd>\n<\/dl><\/h1>","protected":false},"excerpt":{"rendered":"<div class=\"product-reference\"><strong><label class=\"label\">Riferimento:<\/label> SLSL-CW-91798<\/strong>\n<div><\/div>\n<div class=\"product-description-short\">\n<div id=\"product-description-short-3220\">\n<p>Il nostro&nbsp;<strong>Lampione solare 3X1<\/strong>&nbsp;ha la versatilit\u00e0 di installazione che permette alla lanterna di adattarsi perfettamente a qualsiasi ambiente. Pu\u00f2 essere montata a parete per illuminare aree specifiche, su una colonna per un'illuminazione pi\u00f9 ampia e mirata o su una staffa per lanterne a LED per evidenziare percorsi e aree esterne. Realizzata con materiali resistenti agli agenti atmosferici, questa lanterna presenta un design elegante che unisce funzionalit\u00e0 ed estetica. La sua struttura robusta assicura una lunga durata e resistenza alle condizioni atmosferiche avverse.<\/p>\n<\/div>\n<\/div><\/div>","protected":false},"featured_media":12289,"template":"","meta":{"site-sidebar-layout":"default","site-content-layout":"default","ast-global-header-display":"","ast-main-header-display":"","ast-hfb-above-header-display":"","ast-hfb-below-header-display":"","ast-hfb-mobile-header-display":"","site-post-title":"","ast-breadcrumbs-content":"","ast-featured-img":"","footer-sml-layout":"","theme-transparent-header-meta":"default","adv-header-id-meta":"","stick-header-meta":"","header-above-stick-meta":"","header-main-stick-meta":"","header-below-stick-meta":""},"product_cat":[97,30],"product_tag":[],"class_list":["post-12283","product","type-product","status-publish","has-post-thumbnail","hentry","product_cat-farolas-led-solares","product_cat-iluminacion-publica-y-vial"],"yoast_head":"<!-- This site is optimized with the Yoast SEO plugin v27.4 - https:\/\/yoast.com\/product\/yoast-seo-wordpress\/ -->\n<title>Farola LED Solar 3X1 - 500Lm - Con Sensor De Movimiento - STARLED Iluminacion<\/title>\n<meta name=\"robots\" content=\"index, follow, max-snippet:-1, max-image-preview:large, max-video-preview:-1\" \/>\n<link rel=\"canonical\" href=\"https:\/\/starlediluminacion.com\/it\/product\/lampione-led-solar-3x1-500lm-con-sensore-di-movimento\/\" \/>\n<meta property=\"og:locale\" content=\"it_IT\" \/>\n<meta property=\"og:type\" content=\"article\" \/>\n<meta property=\"og:title\" content=\"Farola LED Solar 3X1 - 500Lm - Con Sensor De Movimiento - STARLED Iluminacion\" \/>\n<meta property=\"og:description\" content=\"Referencia: SLSL-CW-91798      Nuestra\u00a0Farola Solar 3X1\u00a0tiene la versatilidad de instalaci\u00f3n permite que la farola se adapte perfectamente a cualquier entorno. Puede ser montada en la pared para iluminar \u00e1reas espec\u00edficas, en una columna para una iluminaci\u00f3n m\u00e1s amplia y focalizada, o en un soporte para farola LED para destacar caminos y \u00e1reas al aire libre.\u00a0Fabricada con materiales resistentes a la intemperie, esta farola presenta un dise\u00f1o estilizado que combina funcionalidad y est\u00e9tica. Su construcci\u00f3n robusta garantiza una larga vida \u00fatil y resistencia a las condiciones clim\u00e1ticas adversas.\" \/>\n<meta property=\"og:url\" content=\"https:\/\/starlediluminacion.com\/it\/product\/lampione-led-solar-3x1-500lm-con-sensore-di-movimento\/\" \/>\n<meta property=\"og:site_name\" content=\"STARLED Iluminacion\" \/>\n<meta property=\"article:modified_time\" content=\"2024-03-28T12:45:23+00:00\" \/>\n<meta property=\"og:image\" content=\"https:\/\/starlediluminacion.com\/wp-content\/uploads\/2024\/01\/farola-led-4w-solar-3x1-con-sensor-de-movimiento.jpg\" \/>\n\t<meta property=\"og:image:width\" content=\"744\" \/>\n\t<meta property=\"og:image:height\" content=\"800\" \/>\n\t<meta property=\"og:image:type\" content=\"image\/jpeg\" \/>\n<meta name=\"twitter:card\" content=\"summary_large_image\" \/>\n<meta name=\"twitter:label1\" content=\"Tempo di lettura stimato\" \/>\n\t<meta name=\"twitter:data1\" content=\"3 minuti\" \/>\n<script type=\"application\/ld+json\" class=\"yoast-schema-graph\">{\"@context\":\"https:\\\/\\\/schema.org\",\"@graph\":[{\"@type\":\"WebPage\",\"@id\":\"https:\\\/\\\/starlediluminacion.com\\\/producto\\\/farola-led-solar-3x1-500lm-con-sensor-de-movimiento\\\/\",\"url\":\"https:\\\/\\\/starlediluminacion.com\\\/producto\\\/farola-led-solar-3x1-500lm-con-sensor-de-movimiento\\\/\",\"name\":\"Farola LED Solar 3X1 - 500Lm - Con Sensor De Movimiento - STARLED Iluminacion\",\"isPartOf\":{\"@id\":\"https:\\\/\\\/starlediluminacion.com\\\/#website\"},\"primaryImageOfPage\":{\"@id\":\"https:\\\/\\\/starlediluminacion.com\\\/producto\\\/farola-led-solar-3x1-500lm-con-sensor-de-movimiento\\\/#primaryimage\"},\"image\":{\"@id\":\"https:\\\/\\\/starlediluminacion.com\\\/producto\\\/farola-led-solar-3x1-500lm-con-sensor-de-movimiento\\\/#primaryimage\"},\"thumbnailUrl\":\"https:\\\/\\\/starlediluminacion.com\\\/wp-content\\\/uploads\\\/2024\\\/01\\\/farola-led-4w-solar-3x1-con-sensor-de-movimiento.jpg\",\"datePublished\":\"2024-01-04T14:50:40+00:00\",\"dateModified\":\"2024-03-28T12:45:23+00:00\",\"breadcrumb\":{\"@id\":\"https:\\\/\\\/starlediluminacion.com\\\/producto\\\/farola-led-solar-3x1-500lm-con-sensor-de-movimiento\\\/#breadcrumb\"},\"inLanguage\":\"it-IT\",\"potentialAction\":[{\"@type\":\"ReadAction\",\"target\":[\"https:\\\/\\\/starlediluminacion.com\\\/producto\\\/farola-led-solar-3x1-500lm-con-sensor-de-movimiento\\\/\"]}]},{\"@type\":\"ImageObject\",\"inLanguage\":\"it-IT\",\"@id\":\"https:\\\/\\\/starlediluminacion.com\\\/producto\\\/farola-led-solar-3x1-500lm-con-sensor-de-movimiento\\\/#primaryimage\",\"url\":\"https:\\\/\\\/starlediluminacion.com\\\/wp-content\\\/uploads\\\/2024\\\/01\\\/farola-led-4w-solar-3x1-con-sensor-de-movimiento.jpg\",\"contentUrl\":\"https:\\\/\\\/starlediluminacion.com\\\/wp-content\\\/uploads\\\/2024\\\/01\\\/farola-led-4w-solar-3x1-con-sensor-de-movimiento.jpg\",\"width\":744,\"height\":800},{\"@type\":\"BreadcrumbList\",\"@id\":\"https:\\\/\\\/starlediluminacion.com\\\/producto\\\/farola-led-solar-3x1-500lm-con-sensor-de-movimiento\\\/#breadcrumb\",\"itemListElement\":[{\"@type\":\"ListItem\",\"position\":1,\"name\":\"Portada\",\"item\":\"https:\\\/\\\/starlediluminacion.com\\\/\"},{\"@type\":\"ListItem\",\"position\":2,\"name\":\"Shop\",\"item\":\"https:\\\/\\\/starlediluminacion.com\\\/shop-2\\\/\"},{\"@type\":\"ListItem\",\"position\":3,\"name\":\"Farola LED Solar 3X1 &#8211; 500Lm &#8211; Con Sensor De Movimiento\"}]},{\"@type\":\"WebSite\",\"@id\":\"https:\\\/\\\/starlediluminacion.com\\\/#website\",\"url\":\"https:\\\/\\\/starlediluminacion.com\\\/\",\"name\":\"STARLED Iluminacion\",\"description\":\"\",\"potentialAction\":[{\"@type\":\"SearchAction\",\"target\":{\"@type\":\"EntryPoint\",\"urlTemplate\":\"https:\\\/\\\/starlediluminacion.com\\\/?s={search_term_string}\"},\"query-input\":{\"@type\":\"PropertyValueSpecification\",\"valueRequired\":true,\"valueName\":\"search_term_string\"}}],\"inLanguage\":\"it-IT\"}]}<\/script>\n<!-- \/ Yoast SEO plugin. -->","yoast_head_json":{"title":"Farola LED Solar 3X1 - 500Lm - Con Sensor De Movimiento - STARLED Iluminacion","robots":{"index":"index","follow":"follow","max-snippet":"max-snippet:-1","max-image-preview":"max-image-preview:large","max-video-preview":"max-video-preview:-1"},"canonical":"https:\/\/starlediluminacion.com\/it\/product\/lampione-led-solar-3x1-500lm-con-sensore-di-movimento\/","og_locale":"it_IT","og_type":"article","og_title":"Farola LED Solar 3X1 - 500Lm - Con Sensor De Movimiento - STARLED Iluminacion","og_description":"Referencia: SLSL-CW-91798      Nuestra\u00a0Farola Solar 3X1\u00a0tiene la versatilidad de instalaci\u00f3n permite que la farola se adapte perfectamente a cualquier entorno. Puede ser montada en la pared para iluminar \u00e1reas espec\u00edficas, en una columna para una iluminaci\u00f3n m\u00e1s amplia y focalizada, o en un soporte para farola LED para destacar caminos y \u00e1reas al aire libre.\u00a0Fabricada con materiales resistentes a la intemperie, esta farola presenta un dise\u00f1o estilizado que combina funcionalidad y est\u00e9tica. Su construcci\u00f3n robusta garantiza una larga vida \u00fatil y resistencia a las condiciones clim\u00e1ticas adversas.","og_url":"https:\/\/starlediluminacion.com\/it\/product\/lampione-led-solar-3x1-500lm-con-sensore-di-movimento\/","og_site_name":"STARLED Iluminacion","article_modified_time":"2024-03-28T12:45:23+00:00","og_image":[{"width":744,"height":800,"url":"https:\/\/starlediluminacion.com\/wp-content\/uploads\/2024\/01\/farola-led-4w-solar-3x1-con-sensor-de-movimiento.jpg","type":"image\/jpeg"}],"twitter_card":"summary_large_image","twitter_misc":{"Tempo di lettura stimato":"3 minuti"},"schema":{"@context":"https:\/\/schema.org","@graph":[{"@type":"WebPage","@id":"https:\/\/starlediluminacion.com\/producto\/farola-led-solar-3x1-500lm-con-sensor-de-movimiento\/","url":"https:\/\/starlediluminacion.com\/producto\/farola-led-solar-3x1-500lm-con-sensor-de-movimiento\/","name":"Farola LED Solar 3X1 - 500Lm - Con Sensor De Movimiento - STARLED Iluminacion","isPartOf":{"@id":"https:\/\/starlediluminacion.com\/#website"},"primaryImageOfPage":{"@id":"https:\/\/starlediluminacion.com\/producto\/farola-led-solar-3x1-500lm-con-sensor-de-movimiento\/#primaryimage"},"image":{"@id":"https:\/\/starlediluminacion.com\/producto\/farola-led-solar-3x1-500lm-con-sensor-de-movimiento\/#primaryimage"},"thumbnailUrl":"https:\/\/starlediluminacion.com\/wp-content\/uploads\/2024\/01\/farola-led-4w-solar-3x1-con-sensor-de-movimiento.jpg","datePublished":"2024-01-04T14:50:40+00:00","dateModified":"2024-03-28T12:45:23+00:00","breadcrumb":{"@id":"https:\/\/starlediluminacion.com\/producto\/farola-led-solar-3x1-500lm-con-sensor-de-movimiento\/#breadcrumb"},"inLanguage":"it-IT","potentialAction":[{"@type":"ReadAction","target":["https:\/\/starlediluminacion.com\/producto\/farola-led-solar-3x1-500lm-con-sensor-de-movimiento\/"]}]},{"@type":"ImageObject","inLanguage":"it-IT","@id":"https:\/\/starlediluminacion.com\/producto\/farola-led-solar-3x1-500lm-con-sensor-de-movimiento\/#primaryimage","url":"https:\/\/starlediluminacion.com\/wp-content\/uploads\/2024\/01\/farola-led-4w-solar-3x1-con-sensor-de-movimiento.jpg","contentUrl":"https:\/\/starlediluminacion.com\/wp-content\/uploads\/2024\/01\/farola-led-4w-solar-3x1-con-sensor-de-movimiento.jpg","width":744,"height":800},{"@type":"BreadcrumbList","@id":"https:\/\/starlediluminacion.com\/producto\/farola-led-solar-3x1-500lm-con-sensor-de-movimiento\/#breadcrumb","itemListElement":[{"@type":"ListItem","position":1,"name":"Portada","item":"https:\/\/starlediluminacion.com\/"},{"@type":"ListItem","position":2,"name":"Shop","item":"https:\/\/starlediluminacion.com\/shop-2\/"},{"@type":"ListItem","position":3,"name":"Farola LED Solar 3X1 &#8211; 500Lm &#8211; Con Sensor De Movimiento"}]},{"@type":"WebSite","@id":"https:\/\/starlediluminacion.com\/#website","url":"https:\/\/starlediluminacion.com\/","name":"STARLED Iluminacion","description":"","potentialAction":[{"@type":"SearchAction","target":{"@type":"EntryPoint","urlTemplate":"https:\/\/starlediluminacion.com\/?s={search_term_string}"},"query-input":{"@type":"PropertyValueSpecification","valueRequired":true,"valueName":"search_term_string"}}],"inLanguage":"it-IT"}]}},"_links":{"self":[{"href":"https:\/\/starlediluminacion.com\/it\/wp-json\/wp\/v3\/product\/12283","targetHints":{"allow":["GET"]}}],"collection":[{"href":"https:\/\/starlediluminacion.com\/it\/wp-json\/wp\/v3\/product"}],"about":[{"href":"https:\/\/starlediluminacion.com\/it\/wp-json\/wp\/v2\/types\/product"}],"wp:featuredmedia":[{"embeddable":true,"href":"https:\/\/starlediluminacion.com\/it\/wp-json\/wp\/v2\/media\/12289"}],"wp:attachment":[{"href":"https:\/\/starlediluminacion.com\/it\/wp-json\/wp\/v2\/media?parent=12283"}],"wp:term":[{"taxonomy":"product_cat","embeddable":true,"href":"https:\/\/starlediluminacion.com\/it\/wp-json\/wp\/v2\/product_cat?post=12283"},{"taxonomy":"product_tag","embeddable":true,"href":"https:\/\/starlediluminacion.com\/it\/wp-json\/wp\/v2\/product_tag?post=12283"}],"curies":[{"name":"wp","href":"https:\/\/api.w.org\/{rel}","templated":true}]}}