{"id":12174,"date":"2024-01-04T14:01:58","date_gmt":"2024-01-04T14:01:58","guid":{"rendered":"https:\/\/starlediluminacion.com\/?post_type=product&#038;p=12174"},"modified":"2024-06-16T14:47:40","modified_gmt":"2024-06-16T14:47:40","slug":"pack-5-bombillas-led-rgb-sumergible-36w-par56-dc12v-ip68-acero316-ik10-controladora-mando-control-remoto-piscina","status":"publish","type":"product","link":"https:\/\/starlediluminacion.com\/it\/product\/pack-5-bombillas-led-rgb-sumergible-36w-par56-dc12v-ip68-acero316-ik10-controladora-mando-control-remoto-piscina\/","title":{"rendered":"<p>Pack 5 Bombillas LED RGB Sumergible 36W PAR56 &ndash; DC12V &ndash; IP68 &ndash; Acero316 &ndash; IK10 + CONTROLADORA + MANDO CONTROL REMOTO &ndash; Piscina<\/p>"},"content":{"rendered":"<h1>PACK 5- Bombillas LED RGB Sumergible 36W PAR56 &ndash; DC12V &ndash; IP68 &ndash; Acero316 &ndash; IK10<p style=\"font-weight: 400;\">Il&nbsp;<strong style=\"font-weight: 600;\">lampadina<\/strong>&nbsp;LED<strong style=\"font-weight: 600;\">&nbsp;&ndash;&nbsp;RGB &ndash;&nbsp;para piscina<\/strong>&nbsp;da&nbsp;<strong style=\"font-weight: 600;\">36w<\/strong>&nbsp;de potencia se caracteriza por&nbsp;su lente de &oacute;ptica soldada por fricci&oacute;n, especialmente desarrollada para la&nbsp;<strong style=\"font-weight: 600;\">iluminaci&oacute;n subacu&aacute;tica<\/strong>, distribuye la luz alrededor de la piscina de manera uniforme y excelente sin deslumbrar a los ba&ntilde;istas, lo que hace de la l&aacute;mpara un luz fiable y eficiente para su funcionamiento.<\/p><p style=\"font-weight: 400;\">Uno dei problemi che spesso si presentano con gli apparecchi a plafone in plastica o vetro \u00e8 che tendono a rompersi sotto l'acqua delle piscine; essendo prodotti in plastica o vetro, possono essere danneggiati dagli urti.&nbsp;<strong style=\"font-weight: 600;\">IK10<\/strong>&nbsp;prodotto in&nbsp;<strong style=\"font-weight: 600;\">acciaio<\/strong>Il problema della rottura dovuta agli urti \u00e8 risolto.<\/p><p style=\"font-weight: 400;\">Con un corpo in acciaio inox 316 ad alta resistenza che resiste alla salinit\u00e0. L'acciaio 316 \u00e8 un tipo di acciaio inossidabile austenitico contenente cromo, nichel e molibdeno come principali elementi di lega. Questo tipo di acciaio inossidabile \u00e8 altamente resistente alla corrosione e all'ossidazione in ambienti altamente aggressivi, clorati e salini. L'acciaio 316 presenta vantaggi rispetto ad altri tipi di acciaio nelle applicazioni con acqua salina o clorata:<\/p><ul style=\"font-weight: 400;\">\n<li>Resistenza alla corrosione: l'acciaio 316 contiene molibdeno, che lo rende altamente resistente alla corrosione in ambienti salini. Questo lo rende ideale per l'uso in apparecchiature marine e altri componenti esposti alla corrosione.<\/li>\n<li>Resistenza all'ossidazione: L'acciaio 316 \u00e8 altamente resistente alla ruggine in ambienti salini grazie al suo contenuto di cromo. Ci\u00f2 significa che non si arrugginisce n\u00e9 si corrode facilmente, prolungando la vita del materiale.<\/li>\n<li>Facile manutenzione: l'acciaio 316 \u00e8 facile da pulire e da mantenere, ed \u00e8 quindi ideale per le applicazioni in ambienti marini. La superficie dell'acciaio 316 \u00e8 liscia e impedisce l'accumulo di sporco e altri contaminanti.<\/li>\n<li>Elevata resistenza meccanica: l'acciaio 316 \u00e8 altamente resistente alla deformazione e alla rottura grazie alla sua elevata resistenza meccanica. Questo lo rende ideale per l'uso in applicazioni in cui pu\u00f2 essere soggetto a urti, come le piscine.<\/li>\n<\/ul><p style=\"font-weight: 400;\"><strong style=\"font-weight: 600;\">Controladora RGB + Control Remoto<\/strong>&nbsp;incluso in ogni lampada:<\/p><ul style=\"font-weight: 400;\">\n<li>Ogni lampadina \u00e8 dotata di un proprio controller, per cui non dovrete preoccuparvi di nulla. \u00c8 sufficiente collegarle a 12 V CC.<\/li>\n<li>Ogni lampadina \u00e8 dotata di un telecomando incorporato, che ha la stessa frequenza delle lampadine, quindi con un unico telecomando \u00e8 possibile controllare e programmare a distanza le diverse lampade RGB.<\/li>\n<\/ul><p style=\"font-weight: 400;\"><strong style=\"font-weight: 600;\">Istruzioni per l'installazione:<\/strong><\/p><p style=\"font-weight: 400;\">Assicurarsi che l'impianto elettrico della piscina soddisfi tutti i requisiti di tutti i codici locali, le normative e gli standard legali applicabili.<\/p><ol style=\"font-weight: 400;\">\n<li>Togliere le viti e rimuovere il gruppo della parete della piscina.<\/li>\n<li>Rimuovere le viti e separare le parti dall'assemblaggio.<\/li>\n<li>Rimuovere il vecchio apparecchio tagliando i cavi di alimentazione, rispettando sempre la polarit\u00e0. Proteggere e impermeabilizzare il collegamento<\/li>\n<li>Avvolgere il cavo in eccesso nella nicchia e posizionare il faretto nella nicchia, assicurandosi che tutte le parti combacino in modo uniforme.<\/li>\n<li>Sostituire le viti<\/li>\n<li>Riposizionare la nicchia nella parete, verificando l'ermeticit\u00e0 in base all'installazione che si possiede.<\/li>\n<li>Riposizionare il coperchio e rimettere le viti.<\/li>\n<\/ol><p style=\"font-weight: 400;\">AVVERTENZA: non collegate la vostra nuova lampada subacquea a un voltaggio sbagliato, potreste perdere la garanzia e danneggiare l'impianto elettrico. Questa lampada funziona a 12 V DC e richiede un'alimentazione minima di 60 W. Non accendere la luce subacquea senza essere completamente immersa nell'acqua; questa luce \u00e8 progettata per funzionare solo quando \u00e8 immersa nell'acqua.<\/p><p style=\"font-weight: 400;\">L'apparecchio LED \u00e8 classificato&nbsp;<strong style=\"font-weight: 600;\">IP68<\/strong>Questo lo rende completamente impermeabile e resistente alla polvere e pu\u00f2 essere immerso in acqua per periodi prolungati.<\/p><p style=\"font-weight: 400;\"><strong style=\"font-weight: 600;\">Tecnologia LED ad alta tecnologia<\/strong>&nbsp;che offrono un'illuminazione eccellente e un risparmio fino a 90% di elettricit\u00e0.<\/p><p style=\"font-weight: 400;\">Offrono un'atmosfera di luce straordinaria e sono la scelta perfetta per sostituire le tradizionali lampadine a incandescenza in piscine, fontane o simili.<\/p><ul style=\"font-weight: 400;\">\n<li>Efficienza energetica superiore a quella delle tradizionali alogene a incandescenza.<\/li>\n<li>Fascio di luce privo di raggi UV e IR.<\/li>\n<li>Bassa temperatura di esercizio.<\/li>\n<li>Migliorano la sicurezza della piscina rendendola pi\u00f9 visibile di notte o in condizioni di scarsa illuminazione.<\/li>\n<li>Aiutano i nuotatori a vedere meglio in piscina, riducendo il rischio di incidenti o lesioni.<\/li>\n<li>Il suo uso decorativo aumenter\u00e0 il valore e lo status della propriet\u00e0.<\/li>\n<\/ul><p style=\"font-weight: 400;\">Necessit\u00e0 di alimentazione&nbsp;<strong style=\"font-weight: 600;\">DC12V<\/strong>&nbsp;non sono inclusi nel prodotto.<\/p><h4><strong style=\"font-weight: 600;\">ACCOPPIAMENTO DELL'APPARECCHIO E DEL REGOLATORE TRAMITE TELECOMANDO.<\/strong><\/h4><p style=\"font-weight: 400;\">1.- Installare le batterie nel telecomando.<\/p><p style=\"font-weight: 400;\">2.- Eseguire i collegamenti del regolatore secondo l'immagine indicata nel manuale di istruzioni.<\/p><p style=\"font-weight: 400;\">3.- Inserire l'alimentazione dell'apparecchio dall'interruttore di rete.<\/p><p style=\"font-weight: 400;\">4.- Entro 3 secondi dall'accensione, premere il tasto di accensione del telecomando per 15 secondi.<\/p><p style=\"font-weight: 400;\">5.- Rilasciare il pulsante di accensione.<\/p><p style=\"font-weight: 400;\">Se il riconoscimento \u00e8 avvenuto con successo, l'apparecchio dovrebbe rispondere ai comandi del telecomando. In caso contrario, prima di un nuovo tentativo, eseguire l'azione di cancellazione del riconoscimento dell'apparecchio da parte del telecomando, come indicato di seguito:<\/p><h4><strong style=\"font-weight: 600;\">Cancellazione dell'accoppiamento tramite telecomando<\/strong><\/h4><p style=\"font-weight: 400;\">1.- Interrompere l'alimentazione elettrica dalla rete.<\/p><p style=\"font-weight: 400;\">2.- Inserire l'alimentazione dalla rete elettrica.<\/p><p style=\"font-weight: 400;\">3.- Entro 3 secondi dall'accensione, tenere premuto il tasto OFF del telecomando.<\/p><p style=\"font-weight: 400;\">4.-L'apparecchio si spegne e si accende, indicando che la conferma \u00e8 stata cancellata. Rilasciare il pulsante OFF.<\/p><p style=\"font-weight: 400;\">5.- Se la cancellazione \u00e8 avvenuta con successo, l'apparecchio non risponde ai comandi del telecomando.<\/p><h4><strong style=\"font-weight: 600;\">AGGIUNTA DELL'APPARECCHIO ALL'APPLICAZIONE (TUYA SMART \/ SMART LIFE).<\/strong><\/h4><p style=\"font-weight: 400;\">1.- Verificare che la funzione Bluetooth sia abilitata nel telefono cellulare.<\/p><p style=\"font-weight: 400;\">2.- Scaricare e installare sul proprio cellulare l'applicazione scelta per il funzionamento dell'apparecchio (Tuya Smart o Smart Life).<\/p><p style=\"font-weight: 400;\">3.- Accendere e spegnere l'apparecchio dal telecomando.<\/p><p style=\"font-weight: 400;\">4.- Disattivare l'alimentazione dell'apparecchio dall'interruttore di alimentazione. Inserire l'alimentazione dell'apparecchio dall'interruttore di alimentazione.<\/p><p style=\"font-weight: 400;\">5.- Entro 3 secondi dall'accensione, premere contemporaneamente i tasti ON e OFF del telecomando.<\/p><p style=\"font-weight: 400;\">6.- Tenere premuto finch\u00e9 l'apparecchio non lampeggia, il che dovrebbe avvenire entro 10-15 secondi. Ripetere i punti 3, 4 e 5 se necessario.<\/p><p style=\"font-weight: 400;\">7.- Rilasciare i pulsanti e accedere all'applicazione Tuya Smart o Smart Life (quella scelta per gestire l'apparecchio) sul cellulare.<\/p><p style=\"font-weight: 400;\">8.- Con l'apparecchio lampeggiante, eseguire \"Aggiungi apparecchio\" o \"+\".<\/p><p style=\"font-weight: 400;\">9.- Attendere che l'applicazione rilevi il dispositivo.<\/p><p style=\"font-weight: 400;\">10.- Quando la rileva, vi chieder\u00e0 di premere \"Aggiungi\". Una volta aggiunto, l'applicazione indicher\u00e0 che \u00e8 stato aggiunto con successo. Premere \"Fine\" per aggiungere il dispositivo all'applicazione per la gestione.<\/p><p style=\"font-weight: 400;\">Per aggiungere manualmente l'apparecchio, \u00e8 necessario selezionare \"illuminazione\" e \"presa (BLE)\" e seguire le istruzioni dell'applicazione.<\/p><h4><strong style=\"font-weight: 600;\">INFORMAZIONI IMPORTANTI<\/strong><\/h4><p style=\"font-weight: 400;\">1.- Un controller pu\u00f2 supportare e gestire fino a 5 apparecchi contemporaneamente.<\/p><p style=\"font-weight: 400;\">2.- Questo apparecchio e la centralina NON CONSENTONO L'USO DI AMPLIFICATORI.<\/p><p style=\"font-weight: 400;\">3.- Se si desidera gestire pi\u00f9 di 5 apparecchi, \u00e8 necessario installare uno o pi\u00f9 controller aggiuntivi che distribuiscano gli apparecchi (fino a 5 per controller).<\/p><p style=\"font-weight: 400;\">4.- . In caso di installazione di pi\u00f9 controllori, si consiglia di utilizzare un alimentatore per ogni controllore.<\/p><p style=\"font-weight: 400;\">5.- Lo stesso telecomando pu\u00f2 comandare pi\u00f9 di un controller.<\/p><p style=\"font-weight: 400;\">6.- Un controllore pu\u00f2 essere azionato da pi\u00f9 di un telecomando.<\/p><p style=\"font-weight: 400;\">7.- \u00c8 possibile cercare applicazioni nel negozio, il controller supporta \"TuyaSmart\" e \"SmartLife\".<\/p><p style=\"font-weight: 400;\">8.- Prima di tutto, il controller deve essere abbinato al telecomando, quindi l'apparecchio deve essere aggiunto all'applicazione.<\/p><p style=\"font-weight: 400;\">Prima di posizionare l'apparecchio, accoppiare l'apparecchio e il controller utilizzando il telecomando, quindi aggiungere l'apparecchio all'applicazione Installed sul telefono cellulare.<\/p><p style=\"font-weight: 400;\">Per eseguire queste operazioni, l'apparecchio deve essere immerso in acqua utilizzando un qualsiasi contenitore che permetta di soddisfare questa condizione.<\/p><h2>Applicazioni della lampadina sommersa LED RGB 36W PAR56 - IP68<\/h2><ul style=\"font-weight: 400;\">\n<li>Piscine<\/li>\n<li>Jacuzzi<\/li>\n<li>Stagni<\/li>\n<li>Fonti<\/li>\n<li>Acquari<\/li>\n<\/ul><h3 class=\"h6\">Scheda tecnica del prodotto<\/h3><dl class=\"data-sheet\">\n<dt class=\"name\"><img loading=\"lazy\" decoding=\"async\" src=\"https:\/\/www.factorled.com\/modules\/oa_features\/img\/2-default.jpg\" width=\"32\" height=\"32\">&nbsp;RIFERIMENTO<\/dt>\n<dd class=\"value\">PACK5-POOL12-RGB<\/dd>\n<dt class=\"name\"><img loading=\"lazy\" decoding=\"async\" src=\"https:\/\/www.factorled.com\/modules\/oa_features\/img\/3-default.jpg\" width=\"32\" height=\"32\">&nbsp;Potenza nominale<\/dt>\n<dd class=\"value\">36w<\/dd>\n<dt class=\"name\"><img loading=\"lazy\" decoding=\"async\" src=\"https:\/\/www.factorled.com\/modules\/oa_features\/img\/4-default.jpg\" width=\"32\" height=\"32\">&nbsp;Tensione nominale<\/dt>\n<dd class=\"value\">12 V CC<\/dd>\n<dt class=\"name\"><img loading=\"lazy\" decoding=\"async\" src=\"https:\/\/www.factorled.com\/modules\/oa_features\/img\/5-default.jpg\" width=\"32\" height=\"32\">&nbsp;Temperatura della luce<\/dt>\n<dd class=\"value\">RGB (12x3W)<\/dd>\n<dt class=\"name\"><img loading=\"lazy\" decoding=\"async\" src=\"https:\/\/www.factorled.com\/modules\/oa_features\/img\/6-default.jpg\" width=\"32\" height=\"32\">&nbsp;CRI - Indice di riproduzione cromatica<\/dt>\n<dd class=\"value\">70<\/dd>\n<dt class=\"name\"><img loading=\"lazy\" decoding=\"async\" src=\"https:\/\/www.factorled.com\/modules\/oa_features\/img\/25-default.jpg\" width=\"32\" height=\"32\">&nbsp;Materiale da costruzione<\/dt>\n<dd class=\"value\">Acciaio + PMMA<\/dd>\n<dt class=\"name\"><img loading=\"lazy\" decoding=\"async\" src=\"https:\/\/www.factorled.com\/modules\/oa_features\/img\/8-default.jpg\" width=\"32\" height=\"32\">&nbsp;Luminosit\u00e0-Lm<\/dt>\n<dd class=\"value\">3600<\/dd>\n<dt class=\"name\"><img loading=\"lazy\" decoding=\"async\" src=\"https:\/\/www.factorled.com\/modules\/oa_features\/img\/9-default.jpg\" width=\"32\" height=\"32\">&nbsp;Tipo di LED<\/dt>\n<dd class=\"value\">SMD<\/dd>\n<dt class=\"name\"><img loading=\"lazy\" decoding=\"async\" src=\"https:\/\/www.factorled.com\/modules\/oa_features\/img\/10-default.jpg\" width=\"32\" height=\"32\">&nbsp;Angolo di apertura (\u00ba)<\/dt>\n<dd class=\"value\">120\u00b0<\/dd>\n<dt class=\"name\"><img loading=\"lazy\" decoding=\"async\" src=\"https:\/\/www.factorled.com\/modules\/oa_features\/img\/12-default.jpg\" width=\"32\" height=\"32\">&nbsp;Efficienza del diodo LED (Lm\/W)<\/dt>\n<dd class=\"value\">140 Lm\/W<\/dd>\n<dt class=\"name\"><img loading=\"lazy\" decoding=\"async\" src=\"https:\/\/www.factorled.com\/modules\/oa_features\/img\/13-default.jpg\" width=\"32\" height=\"32\">&nbsp;Efficienza luminosa (Lm\/W)<\/dt>\n<dd class=\"value\">100 Lm\/W<\/dd>\n<dt class=\"name\"><img loading=\"lazy\" decoding=\"async\" src=\"https:\/\/www.factorled.com\/modules\/oa_features\/img\/15-default.jpg\" width=\"32\" height=\"32\">&nbsp;Certificati<\/dt>\n<dd class=\"value\">CE - ROHS<\/dd>\n<dt class=\"name\"><img loading=\"lazy\" decoding=\"async\" src=\"https:\/\/www.factorled.com\/modules\/oa_features\/img\/16-default.jpg\" width=\"32\" height=\"32\">&nbsp;Grado di protezione IP<\/dt>\n<dd class=\"value\">IP68-Outdoor<\/dd>\n<dt class=\"name\"><img loading=\"lazy\" decoding=\"async\" src=\"https:\/\/www.factorled.com\/modules\/oa_features\/img\/18-default.jpg\" width=\"32\" height=\"32\">&nbsp;Misure (Mm)<\/dt>\n<dd class=\"value\">\u00d8177x13 mm<\/dd>\n<dt class=\"name\"><img loading=\"lazy\" decoding=\"async\" src=\"https:\/\/www.factorled.com\/modules\/oa_features\/img\/26-default.jpg\" width=\"32\" height=\"32\">&nbsp;Informazioni aggiuntive<\/dt>\n<dd class=\"value\">Filo 2M.<\/dd>\n<dt class=\"name\"><img loading=\"lazy\" decoding=\"async\" src=\"https:\/\/www.factorled.com\/modules\/oa_features\/img\/7-default.jpg\" width=\"32\" height=\"32\">&nbsp;Classe energetica (2021-EU-2019\/2015)<\/dt>\n<dd class=\"value\">A+<\/dd>\n<dt class=\"name\"><img loading=\"lazy\" decoding=\"async\" src=\"https:\/\/www.factorled.com\/modules\/oa_features\/img\/101-default.jpg\" width=\"32\" height=\"32\">&nbsp;Classe energetica (2023 - UE-2019\/2015)<\/dt>\n<dd class=\"value\">F<\/dd>\n<dt class=\"name\"><img loading=\"lazy\" decoding=\"async\" src=\"https:\/\/www.factorled.com\/modules\/oa_features\/img\/75-default.jpg\" width=\"32\" height=\"32\">&nbsp;Anni di garanzia<\/dt>\n<dd class=\"value\">3<\/dd>\n<\/dl><\/h1>","protected":false},"excerpt":{"rendered":"<div class=\"product-reference\"><strong><label class=\"label\">Riferimento:<\/label> SLPACK5-POOL36W-RGB-RC<\/strong>\n<div>\n<div><\/div>\n<\/div>\n<div class=\"product-description-short\">\n<div id=\"product-description-short-3206\">\n<p><strong>PACK DE 5 BOMBILLAS DE ACERO SUMERGIBLES RGB + 1 CONTROLADORA + 1 MANDO DE CONTROL.<\/strong><\/p>\n<p>Imagina relajarte en tu piscina despu&eacute;s de un largo d&iacute;a de trabajo, rodeado de una iluminaci&oacute;n suave y c&aacute;lida que crea un ambiente &uacute;nico y acogedor. Con nuestra&nbsp;<strong>Lampadina<\/strong>&nbsp;da&nbsp;<strong>Acero inoxidable LED PAR56<\/strong>&nbsp;per&nbsp;<strong>piscina<\/strong>, puedes crear ese ambiente de ensue&ntilde;o en tu propio patio trasero. Adem&aacute;s, no solo se ven incre&iacute;bles, sino que tambi&eacute;n son altamente eficientes energ&eacute;ticamente, lo que te permitir&aacute; ahorrar dinero en facturas de energ&iacute;a.<\/p>\n<\/div>\n<\/div><\/div>","protected":false},"featured_media":12192,"template":"","meta":{"site-sidebar-layout":"default","site-content-layout":"default","ast-global-header-display":"","ast-main-header-display":"","ast-hfb-above-header-display":"","ast-hfb-below-header-display":"","ast-hfb-mobile-header-display":"","site-post-title":"","ast-breadcrumbs-content":"","ast-featured-img":"","footer-sml-layout":"","theme-transparent-header-meta":"default","adv-header-id-meta":"","stick-header-meta":"","header-above-stick-meta":"","header-main-stick-meta":"","header-below-stick-meta":""},"product_cat":[23],"product_tag":[],"class_list":["post-12174","product","type-product","status-publish","has-post-thumbnail","hentry","product_cat-bombillas-y-lamparas-led"],"_links":{"self":[{"href":"https:\/\/starlediluminacion.com\/it\/wp-json\/wp\/v3\/product\/12174","targetHints":{"allow":["GET"]}}],"collection":[{"href":"https:\/\/starlediluminacion.com\/it\/wp-json\/wp\/v3\/product"}],"about":[{"href":"https:\/\/starlediluminacion.com\/it\/wp-json\/wp\/v2\/types\/product"}],"wp:featuredmedia":[{"embeddable":true,"href":"https:\/\/starlediluminacion.com\/it\/wp-json\/wp\/v2\/media\/12192"}],"wp:attachment":[{"href":"https:\/\/starlediluminacion.com\/it\/wp-json\/wp\/v2\/media?parent=12174"}],"wp:term":[{"taxonomy":"product_cat","embeddable":true,"href":"https:\/\/starlediluminacion.com\/it\/wp-json\/wp\/v2\/product_cat?post=12174"},{"taxonomy":"product_tag","embeddable":true,"href":"https:\/\/starlediluminacion.com\/it\/wp-json\/wp\/v2\/product_tag?post=12174"}],"curies":[{"name":"wp","href":"https:\/\/api.w.org\/{rel}","templated":true}]}}