{"id":12100,"date":"2023-12-05T16:29:24","date_gmt":"2023-12-05T16:29:24","guid":{"rendered":"https:\/\/starlediluminacion.com\/?post_type=product&#038;p=12100"},"modified":"2024-09-15T11:44:04","modified_gmt":"2024-09-15T11:44:04","slug":"tira-led-cob-220v-320-led-m-bobina-50m-flip-chip-800lm-10w-m-cri90-ip65-corte-50cm","status":"publish","type":"product","link":"https:\/\/starlediluminacion.com\/it\/product\/tira-led-cob-220v-320-led-m-bobina-50m-flip-chip-800lm-10w-m-cri90-ip65-corte-50cm\/","title":{"rendered":"<p>Striscia LED COB 220V | 320 LED\/M | bobina 50m | FLIP CHIP | 800Lm | 10W\/M | CRI90 | IP65 | 50cm di taglio<\/p>"},"content":{"rendered":"<h1>Striscia LED COB 220V | 320 LED\/m | bobina 50m | FLIP CHIP | 800Lm | 10W\/M | CRI90 | IP65 | 50cm di taglio<h1>La nostra striscia<strong>&nbsp;LED COB&nbsp;<\/strong>diretto a&nbsp;<strong>&nbsp;220V<\/strong>&nbsp;<strong>richiede un cavo raddrizzatore per il funzionamento.&nbsp;<\/strong><\/h1><p>Strisce LED<strong>&nbsp;220V<\/strong>&nbsp;pu\u00f2 essere dimmerato (-Dimmables-) da&nbsp;<strong>TRIAC<\/strong>I modelli da 30% a 100% possono essere dimmerati da 30% a 100%.<\/p><p>Questa striscia LED COB dispone di 320 chip FLIPCHIP per metro, in modo da ottenere una luce uniforme su tutta la striscia, oltre ad avere prestazioni superiori in termini di Lm\/W rispetto ai tradizionali LED SMD.<\/p><p>Con il suo&nbsp;<strong>CRI &gt;90<\/strong>&nbsp;abbiamo capito che i colori sembrano molto reali. Ci\u00f2 rende questa striscia LED perfetta per illuminare gli spazi in cui vogliamo che i colori siano perfetti.<\/p><p>La striscia LED pu\u00f2 essere tagliata e unita negli spazi indicati sulla striscia (area di giunzione del rame), seguendo sempre le relative istruzioni (fare attenzione che il saldatore mantenga un breve contatto con la striscia durante la saldatura, poich\u00e9 un calore eccessivo danneggia il conduttore).<\/p><p><strong>Questa bobina LED NON \u00e8 sommergibile, il collegamento \u00e8 diretto alla corrente a un'estremit\u00e0 con un massimo di 50 m per collegamento.<\/strong><\/p><p>Per aumentare la durata di vita della striscia LED, \u00e8 necessario&nbsp;<strong>raccomandato<\/strong>&nbsp;utilizzare il&nbsp;<strong>nastro per dissipatori di calore<\/strong>&nbsp;bifacciale, nonch\u00e9 di posizionarlo su&nbsp;<strong>profilo in alluminio<\/strong>per una corretta gestione del calore della striscia LED stessa.<\/p><p>Il&nbsp;<strong>Strisce LED<\/strong>&nbsp;sono ideali per illuminare qualsiasi angolo o elemento dell'azienda o della casa, grazie alla loro flessibilit\u00e0. Si pu\u00f2 dire che uno dei loro principali vantaggi \u00e8 la grande versatilit\u00e0 di utilizzo che possono avere, in quanto possono essere installati in qualsiasi area e adattarsi a qualsiasi angolo, e possono essere collocati in qualsiasi posizione, grazie al loro design lineare adattabile.<\/p><p>&nbsp;<\/p><h2 dir=\"ltr\">Usi della striscia LED COB 220V | TAGLIO A MISURA | 320 LED\/m | 50m | FLIP CHIP | 800Lm | 10W\/M | CRI90 | IP65 | 50cm Taglio 50cm<\/h2><ul>\n<li>Nelle biblioteche<\/li>\n<li>Bar<\/li>\n<li>Casa<\/li>\n<li>Ristoranti<\/li>\n<li>Coperture<\/li>\n<li>Negozi<\/li>\n<\/ul><h3 class=\"h6\">Scheda tecnica del prodotto<\/h3><dl class=\"data-sheet\">\n<dt class=\"name\"><img loading=\"lazy\" decoding=\"async\" src=\"https:\/\/www.factorled.com\/modules\/oa_features\/img\/2-default.jpg\" width=\"32\" height=\"32\">&nbsp;RIFERIMENTO<\/dt>\n<dd class=\"value\">SPCOB320D10W<\/dd>\n<dt class=\"name\"><img loading=\"lazy\" decoding=\"async\" src=\"https:\/\/www.factorled.com\/modules\/oa_features\/img\/3-default.jpg\" width=\"32\" height=\"32\">&nbsp;Potenza nominale<\/dt>\n<dd class=\"value\">10W<\/dd>\n<dt class=\"name\"><img loading=\"lazy\" decoding=\"async\" src=\"https:\/\/www.factorled.com\/modules\/oa_features\/img\/4-default.jpg\" width=\"32\" height=\"32\">&nbsp;Tensione nominale<\/dt>\n<dd class=\"value\">220-240V<\/dd>\n<dt class=\"name\"><img loading=\"lazy\" decoding=\"async\" src=\"https:\/\/www.factorled.com\/modules\/oa_features\/img\/5-default.jpg\" width=\"32\" height=\"32\">&nbsp;Temperatura della luce<\/dt>\n<dd class=\"value\">2700K - 4000K - 5700K<\/dd>\n<dt class=\"name\"><img loading=\"lazy\" decoding=\"async\" src=\"https:\/\/www.factorled.com\/modules\/oa_features\/img\/6-default.jpg\" width=\"32\" height=\"32\">&nbsp;CRI - Indice di riproduzione cromatica<\/dt>\n<dd class=\"value\">90<\/dd>\n<dt class=\"name\"><img loading=\"lazy\" decoding=\"async\" src=\"https:\/\/www.factorled.com\/modules\/oa_features\/img\/25-default.jpg\" width=\"32\" height=\"32\">&nbsp;Materiale da costruzione<\/dt>\n<dd class=\"value\">PVC<\/dd>\n<dt class=\"name\"><img loading=\"lazy\" decoding=\"async\" src=\"https:\/\/www.factorled.com\/modules\/oa_features\/img\/8-default.jpg\" width=\"32\" height=\"32\">&nbsp;Luminosit\u00e0-Lm<\/dt>\n<dd class=\"value\">1 metro: 1650Lm - 50 metri: 82500Lm<\/dd>\n<dt class=\"name\"><img loading=\"lazy\" decoding=\"async\" src=\"https:\/\/www.factorled.com\/modules\/oa_features\/img\/9-default.jpg\" width=\"32\" height=\"32\">&nbsp;Tipo di LED<\/dt>\n<dd class=\"value\">SMD 2835<\/dd>\n<dt class=\"name\"><img loading=\"lazy\" decoding=\"async\" src=\"https:\/\/www.factorled.com\/modules\/oa_features\/img\/10-default.jpg\" width=\"32\" height=\"32\">&nbsp;Angolo di apertura (\u00ba)<\/dt>\n<dd class=\"value\">180\u00ba<\/dd>\n<dt class=\"name\"><img loading=\"lazy\" decoding=\"async\" src=\"https:\/\/www.factorled.com\/modules\/oa_features\/img\/11-default.jpg\" width=\"32\" height=\"32\">&nbsp;Dimostrabile<\/dt>\n<dd class=\"value\">TRIAC: 30%-100%<\/dd>\n<dt class=\"name\"><img loading=\"lazy\" decoding=\"async\" src=\"https:\/\/www.factorled.com\/modules\/oa_features\/img\/15-default.jpg\" width=\"32\" height=\"32\">&nbsp;Certificati<\/dt>\n<dd class=\"value\">CE - ROHS<\/dd>\n<dt class=\"name\"><img loading=\"lazy\" decoding=\"async\" src=\"https:\/\/www.factorled.com\/modules\/oa_features\/img\/16-default.jpg\" width=\"32\" height=\"32\">&nbsp;Grado di protezione IP<\/dt>\n<dd class=\"value\">IP67-Outdoor<\/dd>\n<dt class=\"name\"><img loading=\"lazy\" decoding=\"async\" src=\"https:\/\/www.factorled.com\/modules\/oa_features\/img\/17-default.jpg\" width=\"32\" height=\"32\">&nbsp;Vita stimata Diodo LED (H)<\/dt>\n<dd class=\"value\">35.000<\/dd>\n<dt class=\"name\"><img loading=\"lazy\" decoding=\"async\" src=\"https:\/\/www.factorled.com\/modules\/oa_features\/img\/18-default.jpg\" width=\"32\" height=\"32\">&nbsp;Misure (Mm)<\/dt>\n<dd class=\"value\">50m * H7mm * 12mm<\/dd>\n<dt class=\"name\"><img loading=\"lazy\" decoding=\"async\" src=\"https:\/\/www.factorled.com\/modules\/oa_features\/img\/22-default.jpg\" width=\"32\" height=\"32\">&nbsp;Intervallo di temperatura (\u00baC)<\/dt>\n<dd class=\"value\">-20\u00b0C ~ +55\u00b0C<\/dd>\n<dt class=\"name\"><img loading=\"lazy\" decoding=\"async\" src=\"https:\/\/www.factorled.com\/modules\/oa_features\/img\/23-default.jpg\" width=\"32\" height=\"32\">&nbsp;Cicli di accensione<\/dt>\n<dd class=\"value\">100.000<\/dd>\n<dt class=\"name\"><img loading=\"lazy\" decoding=\"async\" src=\"https:\/\/www.factorled.com\/modules\/oa_features\/img\/7-default.jpg\" width=\"32\" height=\"32\">&nbsp;Classe energetica (2021-EU-2019\/2015)<\/dt>\n<dd class=\"value\">A+<\/dd>\n<dt class=\"name\"><img loading=\"lazy\" decoding=\"async\" src=\"https:\/\/www.factorled.com\/modules\/oa_features\/img\/75-default.jpg\" width=\"32\" height=\"32\">&nbsp;Anni di garanzia<\/dt>\n<dd class=\"value\">3<\/dd>\n<\/dl><\/h1>","protected":false},"excerpt":{"rendered":"<div class=\"product-reference\"><label class=\"label\">Riferimento:<\/label><strong> SLSPCOB320D10W-91770-27K-50M<\/strong>\n<div><\/div>\n<div class=\"product-description-short\">\n<div id=\"product-description-short-3197\">\n<p><strong>Striscia LED COB da 10W a 220V<\/strong>&nbsp;e 50 metri. Grazie al suo grado di protezione&nbsp;<strong>IP65<\/strong>&nbsp;pu\u00f2 essere collocato sia all'interno che all'esterno. Perfetta per illuminare ogni tipo di spazio.&nbsp;<strong>Per l'installazione \u00e8 necessario un cavo raddrizzatore.<\/strong>Si consiglia di installarlo su un profilo di alluminio per ottenere una buona dissipazione del calore.&nbsp;<strong>320 Led\/metro.<\/strong><\/p>\n<p><strong>TAGLIO OGNI 50CM | BOBINA COMPLETA = 50M<\/strong><\/p>\n<p><strong>Temperatura di colore: 2700K\/4000K\/5700K<\/strong><\/p>\n<div class=\"col-md-12\"><i class=\"fa fa-truck\"><\/i>&nbsp;<span class=\"text-muted textprop\">Consegna in 24\/48 ore<\/span><\/div>\n<div class=\"col-md-12\"><i class=\"fa fa-exchange\"><\/i>&nbsp;<span class=\"text-muted textprop\">Garanzia assicurata sul prodotto<\/span><\/div>\n<div class=\"col-md-12 certificados\">\n<hr>\n<p><img decoding=\"async\" class=\"cert\" title=\"Certificato CE\" src=\"https:\/\/www.factorled.com\/img\/icono-sello-ce.jpg\" alt=\"Certificato CE\">&nbsp;<img decoding=\"async\" class=\"cert\" title=\"Certificato ROHS\" src=\"https:\/\/www.factorled.com\/img\/icono-sello-rosh.jpg\" alt=\"Certificato ROHS\">&nbsp;<img decoding=\"async\" class=\"cert\" title=\"Classe energetica A+\" src=\"https:\/\/www.factorled.com\/img\/icono-sello-a+.jpg\" alt=\"Classe energetica A+\"><\/p><\/div>\n<\/div>\n<\/div><\/div>","protected":false},"featured_media":12112,"template":"","meta":{"site-sidebar-layout":"default","site-content-layout":"default","ast-global-header-display":"","ast-main-header-display":"","ast-hfb-above-header-display":"","ast-hfb-below-header-display":"","ast-hfb-mobile-header-display":"","site-post-title":"","ast-breadcrumbs-content":"","ast-featured-img":"","footer-sml-layout":"","theme-transparent-header-meta":"default","adv-header-id-meta":"","stick-header-meta":"","header-above-stick-meta":"","header-main-stick-meta":"","header-below-stick-meta":""},"product_cat":[90,45],"product_tag":[],"class_list":["post-12100","product","type-product","status-publish","has-post-thumbnail","hentry","product_cat-tiras-led-220v-240v-ac","product_cat-tiras-led-y-neon-flexible"],"_links":{"self":[{"href":"https:\/\/starlediluminacion.com\/it\/wp-json\/wp\/v3\/product\/12100","targetHints":{"allow":["GET"]}}],"collection":[{"href":"https:\/\/starlediluminacion.com\/it\/wp-json\/wp\/v3\/product"}],"about":[{"href":"https:\/\/starlediluminacion.com\/it\/wp-json\/wp\/v2\/types\/product"}],"wp:featuredmedia":[{"embeddable":true,"href":"https:\/\/starlediluminacion.com\/it\/wp-json\/wp\/v2\/media\/12112"}],"wp:attachment":[{"href":"https:\/\/starlediluminacion.com\/it\/wp-json\/wp\/v2\/media?parent=12100"}],"wp:term":[{"taxonomy":"product_cat","embeddable":true,"href":"https:\/\/starlediluminacion.com\/it\/wp-json\/wp\/v2\/product_cat?post=12100"},{"taxonomy":"product_tag","embeddable":true,"href":"https:\/\/starlediluminacion.com\/it\/wp-json\/wp\/v2\/product_tag?post=12100"}],"curies":[{"name":"wp","href":"https:\/\/api.w.org\/{rel}","templated":true}]}}