{"id":12065,"date":"2023-12-05T16:19:14","date_gmt":"2023-12-05T16:19:14","guid":{"rendered":"https:\/\/starlediluminacion.com\/?post_type=product&#038;p=12065"},"modified":"2024-06-16T14:46:20","modified_gmt":"2024-06-16T14:46:20","slug":"downlight-led-15w-negro-cuadrado-cri92-ugr13","status":"publish","type":"product","link":"https:\/\/starlediluminacion.com\/it\/product\/downlight-led-15w-negro-cuadrado-cri92-ugr13\/","title":{"rendered":"<p>Downlight LED 15W &ndash; NEGRO &ndash; CUADRADO &ndash; CRI+92 &ndash; UGR13<\/p>"},"content":{"rendered":"<h1>Downlight LED 15W &ndash; BLANCO &ndash; CUADRADO &ndash; NUBE &ndash; CRI+92 &ndash; UGR13<p>Il Downlight LED 15W \u00e8 un prodotto molto versatile, che unisce buone prestazioni e grande risparmio energetico. Le sue dimensioni ridotte rendono il suo design perfetto<\/p><p>Il nostro modulo incorpora un<strong>&nbsp;Il driver esterno consente<\/strong>&nbsp;fare<strong>&nbsp;funzionamento del LED<\/strong>&nbsp;<strong>alle grandi potenze<\/strong>Il calore generato dal driver non interferisce con il diodo LED, aumentandone la durata e incrementando l'emissione luminosa del LED.&nbsp;<strong>aumentare la durata di vita<\/strong>&nbsp;dell'insieme dell'apparecchio.<\/p><p>Il suo diodo COB Bridgelux fornisce 130 lm\/W, rendendolo altamente efficiente e a risparmio energetico. Bridgelux \u00e8 un marchio riconosciuto nella produzione di diodi COB di alta qualit\u00e0. Alcuni dei vantaggi specifici del diodo COB Bridgelux sono:<\/p><ol>\n<li>Alta efficienza energetica: i diodi COB Bridgelux offrono un'elevata efficienza energetica, consentendo una potente emissione luminosa con un consumo energetico relativamente basso.<\/li>\n<li>Alta qualit\u00e0 della luce: i diodi COB Bridgelux offrono una qualit\u00e0 della luce superiore con un'eccellente resa cromatica (CRI elevato) e una temperatura di colore costante, facendo apparire gli oggetti e gli spazi pi\u00f9 naturali e vividi.<\/li>\n<li>Design compatto: i diodi COB Bridgelux hanno un design compatto e leggero, che li rende facilmente integrabili in diversi tipi di apparecchi e applicazioni di illuminazione.<\/li>\n<li>Maggiore affidabilit\u00e0 e durata: i diodi COB Bridgelux sono progettati per essere duraturi e affidabili.<\/li>\n<\/ol><p>Il nostro Downlight ha un livello UGR&lt;13 - Low UGR -.<\/p><p>UGR \u00e8 l'acronimo di \"Unified Glare Ratio\" (rapporto di abbagliamento unificato) e serve a misurare la quantit\u00e0 di abbagliamento che pu\u00f2 essere percepita da una persona in un ambiente illuminato. Un UGR basso indica che l'ambiente ha un livello di abbagliamento inferiore e quindi fornisce una migliore qualit\u00e0 dell'illuminazione.<\/p><p>Alcuni vantaggi di avere un UGR basso sono:<\/p><ol>\n<li>Maggiore comfort visivo: riducendo l'abbagliamento, l'ambiente diventa pi\u00f9 confortevole per gli occhi e riduce l'affaticamento visivo, migliorando la produttivit\u00e0 e la concentrazione.<\/li>\n<li>Migliori prestazioni: un ambiente a basso UGR offre una migliore qualit\u00e0 della luce e pu\u00f2 migliorare le prestazioni visive, particolarmente importanti negli ambienti di lavoro e di studio.<\/li>\n<li>Maggiore sicurezza: un UGR basso pu\u00f2 anche migliorare la sicurezza negli spazi di lavoro, riducendo il rischio di incidenti causati dall'abbagliamento.<\/li>\n<li>Estetica: gli ambienti con un basso UGR possono essere pi\u00f9 gradevoli dal punto di vista estetico, in quanto gli oggetti e le superfici appaiono pi\u00f9 chiari e nitidi, creando un ambiente pi\u00f9 piacevole.<\/li>\n<\/ol><p>In sintesi, un basso UGR pu\u00f2 offrire una serie di vantaggi, come un maggiore comfort visivo, migliori prestazioni, una maggiore sicurezza e un'estetica accattivante, rendendolo un fattore importante da considerare quando si progetta e pianifica l'illuminazione di spazi di lavoro, di studio e di altri ambienti.<\/p><p>&nbsp;<\/p><p>Il suo CRI +92 consente una percezione del colore professionale e accurata, perfetta anche per studi fotografici e locali commerciali in cui \u00e8 richiesta un'illuminazione professionale ad alte prestazioni.<\/p><p>Il CRI, o \"Colour Rendering Index\", misura la capacit\u00e0 di una sorgente luminosa di riprodurre accuratamente i colori degli oggetti rispetto a una sorgente di luce naturale. Un CRI elevato indica che la sorgente luminosa \u00e8 in grado di riprodurre i colori in modo pi\u00f9 preciso e dettagliato. I vantaggi di un CRI elevato sono:<\/p><ol>\n<li>Colori pi\u00f9 naturali e vividi: con un CRI elevato, i colori degli oggetti appaiono pi\u00f9 naturali e vividi, migliorando l'aspetto e la percezione di oggetti e spazi.<\/li>\n<li>Percezione del colore pi\u00f9 accurata: una sorgente luminosa con un CRI elevato consente una percezione pi\u00f9 accurata delle differenze di colore, che pu\u00f2 essere particolarmente importante in applicazioni come la moda, l'interior design, l'arte e l'illuminazione dei musei.<\/li>\n<li>Migliore qualit\u00e0 della luce: una sorgente luminosa con un CRI elevato pu\u00f2 anche migliorare la qualit\u00e0 della luce in termini di contrasto e luminosit\u00e0, facendo apparire gli oggetti e le superfici pi\u00f9 nitidi e brillanti.<\/li>\n<li>Migliori prestazioni visive: una sorgente luminosa con un CRI elevato pu\u00f2 migliorare le prestazioni visive in attivit\u00e0 che richiedono una buona percezione dei colori e dei dettagli, come la lettura, il cucito o i lavori di precisione.<\/li>\n<li>Maggiore comfort visivo: colori pi\u00f9 naturali e vividi e una migliore percezione dei dettagli riducono l'affaticamento visivo e migliorano il comfort visivo, aumentando il benessere e la produttivit\u00e0 negli ambienti di lavoro e di studio.<\/li>\n<\/ol><p>In sintesi, un CRI elevato pu\u00f2 fornire una serie di vantaggi in termini di qualit\u00e0 della luce, percezione del colore, prestazioni visive e comfort visivo, rendendolo un fattore importante da considerare nella scelta delle sorgenti luminose per le diverse applicazioni.<\/p><p>Il fascio di luce \u00e8 di alta qualit\u00e0 grazie alla sua elevata&nbsp;<strong>CRI+92,<\/strong>&nbsp;e il suo&nbsp;<strong>angolo&nbsp;<\/strong>primario di<strong>&nbsp;36\u00ba<\/strong>Il nuovo sistema di illuminazione, che ci d\u00e0 la possibilit\u00e0 di mettere in risalto elementi specifici di una stanza; allo stesso tempo, ci permette di risparmiare notevolmente sul consumo di elettricit\u00e0.<\/p><p>Nuestro Downlingt 15W&nbsp;esta fabricado en&nbsp;aluminio&nbsp;+PC que&nbsp; es un buen conductor del calor lo que ayuda a disipar el calor generado por los LED, lo que a su vez prolonga su vida &uacute;til.<\/p><p>&nbsp;<\/p><h2>Usos del Downlight LED 15W &ndash; BLANCO &ndash; CUADRADO &ndash; NUBE &ndash; CRI+92 &ndash; UGR13:<\/h2><p>&nbsp;<\/p><ul>\n<li>Servizi igienici<\/li>\n<li>Armadietti<\/li>\n<li>Camere da letto<\/li>\n<li>Vetrine<\/li>\n<li>Vetrine<\/li>\n<li>Corridoi<\/li>\n<li>Negozi<\/li>\n<li>Locali commerciali<\/li>\n<li>Aree di lavoro<\/li>\n<\/ul><h3 class=\"h6\">Scheda tecnica del prodotto<\/h3><dl class=\"data-sheet\">\n<dt class=\"name\"><img loading=\"lazy\" decoding=\"async\" src=\"https:\/\/www.factorled.com\/modules\/oa_features\/img\/2-default.jpg\" width=\"32\" height=\"32\">&nbsp;RIFERIMENTO<\/dt>\n<dd class=\"value\">91812-15WUGR13<\/dd>\n<dt class=\"name\"><img loading=\"lazy\" decoding=\"async\" src=\"https:\/\/www.factorled.com\/modules\/oa_features\/img\/3-default.jpg\" width=\"32\" height=\"32\">&nbsp;Potenza nominale<\/dt>\n<dd class=\"value\">15w<\/dd>\n<dt class=\"name\"><img loading=\"lazy\" decoding=\"async\" src=\"https:\/\/www.factorled.com\/modules\/oa_features\/img\/4-default.jpg\" width=\"32\" height=\"32\">&nbsp;Tensione nominale<\/dt>\n<dd class=\"value\">85V-265V<\/dd>\n<dt class=\"name\"><img loading=\"lazy\" decoding=\"async\" src=\"https:\/\/www.factorled.com\/modules\/oa_features\/img\/5-default.jpg\" width=\"32\" height=\"32\">&nbsp;Temperatura della luce<\/dt>\n<dd class=\"value\">3000K - 4000K<\/dd>\n<dt class=\"name\"><img loading=\"lazy\" decoding=\"async\" src=\"https:\/\/www.factorled.com\/modules\/oa_features\/img\/6-default.jpg\" width=\"32\" height=\"32\">&nbsp;CRI - Indice di riproduzione cromatica<\/dt>\n<dd class=\"value\">92<\/dd>\n<dt class=\"name\"><img loading=\"lazy\" decoding=\"async\" src=\"https:\/\/www.factorled.com\/modules\/oa_features\/img\/25-default.jpg\" width=\"32\" height=\"32\">&nbsp;Materiale da costruzione<\/dt>\n<dd class=\"value\">Alluminio +PC<\/dd>\n<dt class=\"name\"><img loading=\"lazy\" decoding=\"async\" src=\"https:\/\/www.factorled.com\/modules\/oa_features\/img\/8-default.jpg\" width=\"32\" height=\"32\">&nbsp;Luminosit\u00e0-Lm<\/dt>\n<dd class=\"value\">1950 Lm<\/dd>\n<dt class=\"name\"><img loading=\"lazy\" decoding=\"async\" src=\"https:\/\/www.factorled.com\/modules\/oa_features\/img\/9-default.jpg\" width=\"32\" height=\"32\">&nbsp;Tipo di LED<\/dt>\n<dd class=\"value\">Chip Bridgelux all'interno di 12C3B<\/dd>\n<dt class=\"name\"><img loading=\"lazy\" decoding=\"async\" src=\"https:\/\/www.factorled.com\/modules\/oa_features\/img\/10-default.jpg\" width=\"32\" height=\"32\">&nbsp;Angolo di apertura (\u00ba)<\/dt>\n<dd class=\"value\">36\u00ba<\/dd>\n<dt class=\"name\"><img loading=\"lazy\" decoding=\"async\" src=\"https:\/\/www.factorled.com\/modules\/oa_features\/img\/12-default.jpg\" width=\"32\" height=\"32\">&nbsp;Efficienza del diodo LED (Lm\/W)<\/dt>\n<dd class=\"value\">160 Lm\/w<\/dd>\n<dt class=\"name\"><img loading=\"lazy\" decoding=\"async\" src=\"https:\/\/www.factorled.com\/modules\/oa_features\/img\/13-default.jpg\" width=\"32\" height=\"32\">&nbsp;Efficienza luminosa (Lm\/W)<\/dt>\n<dd class=\"value\">130 Lm\/W<\/dd>\n<dt class=\"name\"><img loading=\"lazy\" decoding=\"async\" src=\"https:\/\/www.factorled.com\/modules\/oa_features\/img\/15-default.jpg\" width=\"32\" height=\"32\">&nbsp;Certificati<\/dt>\n<dd class=\"value\">CE - ROHS<\/dd>\n<dt class=\"name\"><img loading=\"lazy\" decoding=\"async\" src=\"https:\/\/www.factorled.com\/modules\/oa_features\/img\/16-default.jpg\" width=\"32\" height=\"32\">&nbsp;Grado di protezione IP<\/dt>\n<dd class=\"value\">IP44<\/dd>\n<dt class=\"name\"><img loading=\"lazy\" decoding=\"async\" src=\"https:\/\/www.factorled.com\/modules\/oa_features\/img\/17-default.jpg\" width=\"32\" height=\"32\">&nbsp;Vita stimata Diodo LED (H)<\/dt>\n<dd class=\"value\">35.000<\/dd>\n<dt class=\"name\"><img loading=\"lazy\" decoding=\"async\" src=\"https:\/\/www.factorled.com\/modules\/oa_features\/img\/18-default.jpg\" width=\"32\" height=\"32\">&nbsp;Misure (Mm)<\/dt>\n<dd class=\"value\">88*88mmxH75mm<\/dd>\n<dt class=\"name\"><img loading=\"lazy\" decoding=\"async\" src=\"https:\/\/www.factorled.com\/modules\/oa_features\/img\/21-default.jpg\" width=\"32\" height=\"32\">&nbsp;Frequenza di lavoro (Hz)<\/dt>\n<dd class=\"value\">50\/60Hz<\/dd>\n<dt class=\"name\"><img loading=\"lazy\" decoding=\"async\" src=\"https:\/\/www.factorled.com\/modules\/oa_features\/img\/22-default.jpg\" width=\"32\" height=\"32\">&nbsp;Intervallo di temperatura (\u00baC)<\/dt>\n<dd class=\"value\">-20\u00b0C ~ +55\u00b0C<\/dd>\n<dt class=\"name\"><img loading=\"lazy\" decoding=\"async\" src=\"https:\/\/www.factorled.com\/modules\/oa_features\/img\/23-default.jpg\" width=\"32\" height=\"32\">&nbsp;Cicli di accensione<\/dt>\n<dd class=\"value\">100.000<\/dd>\n<dt class=\"name\"><img loading=\"lazy\" decoding=\"async\" src=\"https:\/\/www.factorled.com\/modules\/oa_features\/img\/24-default.jpg\" width=\"32\" height=\"32\">&nbsp;Tempo di avvio (S)<\/dt>\n<dd class=\"value\">0,2s<\/dd>\n<dt class=\"name\"><img loading=\"lazy\" decoding=\"async\" src=\"https:\/\/www.factorled.com\/modules\/oa_features\/img\/27-default.jpg\" width=\"32\" height=\"32\">&nbsp;Taglio del soffitto (Mm)<\/dt>\n<dd class=\"value\">&Oslash;65 x h88 mm<\/dd>\n<dt class=\"name\"><img loading=\"lazy\" decoding=\"async\" src=\"https:\/\/www.factorled.com\/modules\/oa_features\/img\/72-default.jpg\" width=\"32\" height=\"32\">&nbsp;Indice di abbagliamento (UGR)<\/dt>\n<dd class=\"value\">13<\/dd>\n<dt class=\"name\"><img loading=\"lazy\" decoding=\"async\" src=\"https:\/\/www.factorled.com\/modules\/oa_features\/img\/7-default.jpg\" width=\"32\" height=\"32\">&nbsp;Classe energetica (2021-EU-2019\/2015)<\/dt>\n<dd class=\"value\">A+<\/dd>\n<dt class=\"name\"><img loading=\"lazy\" decoding=\"async\" src=\"https:\/\/www.factorled.com\/modules\/oa_features\/img\/101-default.jpg\" width=\"32\" height=\"32\">&nbsp;Classe energetica (2023 - UE-2019\/2015)<\/dt>\n<dd class=\"value\">E<\/dd>\n<dt class=\"name\"><img loading=\"lazy\" decoding=\"async\" src=\"https:\/\/www.factorled.com\/modules\/oa_features\/img\/75-default.jpg\" width=\"32\" height=\"32\">&nbsp;Anni di garanzia<\/dt>\n<dd class=\"value\">3<\/dd>\n<\/dl><\/h1>","protected":false},"excerpt":{"rendered":"<div class=\"product-reference\">\n<div class=\"col-md-12 certificados\"><label class=\"label\" style=\"font-size: 16px;\">Riferimento:<\/label> <strong style=\"font-size: 16px;\">SL91812-15WUGR13-3K<\/strong><\/div>\n<div><\/div><div class=\"product-description-short\">\n<div id=\"product-description-short-3189\">\n<p>Il&nbsp;<strong>Faretto LED 15W<\/strong>&nbsp;\u00e8 realizzato in alluminio +PC, il suo diodo COB Bridgelux \u00e8 di elevata potenza e dispone di un driver esterno, con buone prestazioni in termini di consumo energetico.&nbsp;<strong>130Lm\/W.<\/strong>&nbsp;Alto tasso di&nbsp;<strong>resa cromatica +92<\/strong>&nbsp;- COLORE PROFESSIONALE - da godere&nbsp;<strong>qualit\u00e0 della luce<\/strong>&nbsp;e hanno a disposizione&nbsp;<strong>colori veri<\/strong>&nbsp;<strong>e professionisti<\/strong>. Ha un&nbsp;<strong>UGR&lt;13&nbsp;<\/strong>Il che significa che si tratta di un apparecchio antiabbagliamento, perfetto per le aree di lavoro.<\/p>\n<p><strong>Temperatura colore: 3000K\/4000K<\/strong><\/p>\n<div class=\"col-md-12\"><i class=\"fa fa-truck\"><\/i>&nbsp;<span class=\"text-muted textprop\">Consegna in 24\/48 ore<\/span><\/div>\n<div class=\"col-md-12\"><i class=\"fa fa-exchange\"><\/i>&nbsp;<span class=\"text-muted textprop\">Garanzia assicurata sul prodotto<\/span><\/div>\n<div class=\"col-md-12 certificados\">\n<hr>\n<p><img decoding=\"async\" class=\"cert\" title=\"Certificato CE\" src=\"https:\/\/www.factorled.com\/img\/icono-sello-ce.jpg\" alt=\"Certificato CE\">&nbsp;<img decoding=\"async\" class=\"cert\" title=\"Certificato ROHS\" src=\"https:\/\/www.factorled.com\/img\/icono-sello-rosh.jpg\" alt=\"Certificato ROHS\">&nbsp;<img decoding=\"async\" class=\"cert\" title=\"Classe energetica A+\" src=\"https:\/\/www.factorled.com\/img\/icono-sello-a+.jpg\" alt=\"Classe energetica A+\"><\/p><\/div>\n<\/div>\n<\/div><\/div>","protected":false},"featured_media":12076,"template":"","meta":{"site-sidebar-layout":"default","site-content-layout":"default","ast-global-header-display":"","ast-main-header-display":"","ast-hfb-above-header-display":"","ast-hfb-below-header-display":"","ast-hfb-mobile-header-display":"","site-post-title":"","ast-breadcrumbs-content":"","ast-featured-img":"","footer-sml-layout":"","theme-transparent-header-meta":"default","adv-header-id-meta":"","stick-header-meta":"","header-above-stick-meta":"","header-main-stick-meta":"","header-below-stick-meta":""},"product_cat":[27,70],"product_tag":[],"class_list":["post-12065","product","type-product","status-publish","has-post-thumbnail","hentry","product_cat-downlight-plafones-y-placas-led","product_cat-focos-downlight-led"],"yoast_head":"<!-- This site is optimized with the Yoast SEO plugin v27.4 - https:\/\/yoast.com\/product\/yoast-seo-wordpress\/ -->\n<title>Downlight LED 15W - NEGRO - CUADRADO - CRI+92 - UGR13 - STARLED Iluminacion<\/title>\n<meta name=\"robots\" content=\"index, follow, max-snippet:-1, max-image-preview:large, max-video-preview:-1\" \/>\n<link rel=\"canonical\" href=\"https:\/\/starlediluminacion.com\/it\/product\/downlight-led-15w-negro-cuadrado-cri92-ugr13\/\" \/>\n<meta property=\"og:locale\" content=\"it_IT\" \/>\n<meta property=\"og:type\" content=\"article\" \/>\n<meta property=\"og:title\" content=\"Downlight LED 15W - NEGRO - CUADRADO - CRI+92 - UGR13 - STARLED Iluminacion\" \/>\n<meta property=\"og:description\" content=\"Referencia: SL91812-15WUGR13-3K      El\u00a0Downlight\u00a0LED 15W\u00a0esta fabricado en aluminio +PC, su diodo COB de Bridgelux es de alta potencia y dispone de driver externo, con buen rendimiento de\u00a0130Lm\/W.\u00a0Alto \u00edndice de\u00a0rendimiento crom\u00e1tico +92\u00a0- COLOR PROFESIONAL - para disfrutar de\u00a0calidad de luz\u00a0y disponer de\u00a0colores reales\u00a0y profesionales. Cuenta con un\u00a0UGR&lt;13\u00a0lo que significa que\u00a0es una luminaria que no produce deslumbramiento, lo que la hace\u00a0perfecta para zonas de trabajo.  Temperatura de Color: 3000K\/4000K \u00a0Entrega en 24\/48 horas \u00a0Garant\u00eda de producto asegurada     \u00a0\u00a0\" \/>\n<meta property=\"og:url\" content=\"https:\/\/starlediluminacion.com\/it\/product\/downlight-led-15w-negro-cuadrado-cri92-ugr13\/\" \/>\n<meta property=\"og:site_name\" content=\"STARLED Iluminacion\" \/>\n<meta property=\"article:modified_time\" content=\"2024-06-16T14:46:20+00:00\" \/>\n<meta property=\"og:image\" content=\"https:\/\/starlediluminacion.com\/wp-content\/uploads\/2023\/12\/downlight-led-15w-blanco-cuadrado-nube-cri92-ugr13.jpg\" \/>\n\t<meta property=\"og:image:width\" content=\"744\" \/>\n\t<meta property=\"og:image:height\" content=\"800\" \/>\n\t<meta property=\"og:image:type\" content=\"image\/jpeg\" \/>\n<meta name=\"twitter:card\" content=\"summary_large_image\" \/>\n<meta name=\"twitter:label1\" content=\"Tempo di lettura stimato\" \/>\n\t<meta name=\"twitter:data1\" content=\"6 minuti\" \/>\n<script type=\"application\/ld+json\" class=\"yoast-schema-graph\">{\"@context\":\"https:\\\/\\\/schema.org\",\"@graph\":[{\"@type\":\"WebPage\",\"@id\":\"https:\\\/\\\/starlediluminacion.com\\\/fr\\\/product\\\/downlight-led-15w-negro-cuadrado-cri92-ugr13\\\/\",\"url\":\"https:\\\/\\\/starlediluminacion.com\\\/fr\\\/product\\\/downlight-led-15w-negro-cuadrado-cri92-ugr13\\\/\",\"name\":\"Downlight LED 15W - NEGRO - CUADRADO - CRI+92 - UGR13 - STARLED Iluminacion\",\"isPartOf\":{\"@id\":\"https:\\\/\\\/starlediluminacion.com\\\/#website\"},\"primaryImageOfPage\":{\"@id\":\"https:\\\/\\\/starlediluminacion.com\\\/fr\\\/product\\\/downlight-led-15w-negro-cuadrado-cri92-ugr13\\\/#primaryimage\"},\"image\":{\"@id\":\"https:\\\/\\\/starlediluminacion.com\\\/fr\\\/product\\\/downlight-led-15w-negro-cuadrado-cri92-ugr13\\\/#primaryimage\"},\"thumbnailUrl\":\"https:\\\/\\\/starlediluminacion.com\\\/wp-content\\\/uploads\\\/2023\\\/12\\\/downlight-led-15w-blanco-cuadrado-nube-cri92-ugr13.jpg\",\"datePublished\":\"2023-12-05T16:19:14+00:00\",\"dateModified\":\"2024-06-16T14:46:20+00:00\",\"breadcrumb\":{\"@id\":\"https:\\\/\\\/starlediluminacion.com\\\/fr\\\/product\\\/downlight-led-15w-negro-cuadrado-cri92-ugr13\\\/#breadcrumb\"},\"inLanguage\":\"it-IT\",\"potentialAction\":[{\"@type\":\"ReadAction\",\"target\":[\"https:\\\/\\\/starlediluminacion.com\\\/fr\\\/product\\\/downlight-led-15w-negro-cuadrado-cri92-ugr13\\\/\"]}]},{\"@type\":\"ImageObject\",\"inLanguage\":\"it-IT\",\"@id\":\"https:\\\/\\\/starlediluminacion.com\\\/fr\\\/product\\\/downlight-led-15w-negro-cuadrado-cri92-ugr13\\\/#primaryimage\",\"url\":\"https:\\\/\\\/starlediluminacion.com\\\/wp-content\\\/uploads\\\/2023\\\/12\\\/downlight-led-15w-blanco-cuadrado-nube-cri92-ugr13.jpg\",\"contentUrl\":\"https:\\\/\\\/starlediluminacion.com\\\/wp-content\\\/uploads\\\/2023\\\/12\\\/downlight-led-15w-blanco-cuadrado-nube-cri92-ugr13.jpg\",\"width\":744,\"height\":800},{\"@type\":\"BreadcrumbList\",\"@id\":\"https:\\\/\\\/starlediluminacion.com\\\/fr\\\/product\\\/downlight-led-15w-negro-cuadrado-cri92-ugr13\\\/#breadcrumb\",\"itemListElement\":[{\"@type\":\"ListItem\",\"position\":1,\"name\":\"Portada\",\"item\":\"https:\\\/\\\/starlediluminacion.com\\\/\"},{\"@type\":\"ListItem\",\"position\":2,\"name\":\"Shop\",\"item\":\"https:\\\/\\\/starlediluminacion.com\\\/shop-2\\\/\"},{\"@type\":\"ListItem\",\"position\":3,\"name\":\"Downlight LED 15W &#8211; NEGRO &#8211; CUADRADO &#8211; CRI+92 &#8211; UGR13\"}]},{\"@type\":\"WebSite\",\"@id\":\"https:\\\/\\\/starlediluminacion.com\\\/#website\",\"url\":\"https:\\\/\\\/starlediluminacion.com\\\/\",\"name\":\"STARLED Iluminacion\",\"description\":\"\",\"potentialAction\":[{\"@type\":\"SearchAction\",\"target\":{\"@type\":\"EntryPoint\",\"urlTemplate\":\"https:\\\/\\\/starlediluminacion.com\\\/?s={search_term_string}\"},\"query-input\":{\"@type\":\"PropertyValueSpecification\",\"valueRequired\":true,\"valueName\":\"search_term_string\"}}],\"inLanguage\":\"it-IT\"}]}<\/script>\n<!-- \/ Yoast SEO plugin. -->","yoast_head_json":{"title":"Downlight LED 15W - NEGRO - CUADRADO - CRI+92 - UGR13 - STARLED Iluminacion","robots":{"index":"index","follow":"follow","max-snippet":"max-snippet:-1","max-image-preview":"max-image-preview:large","max-video-preview":"max-video-preview:-1"},"canonical":"https:\/\/starlediluminacion.com\/it\/product\/downlight-led-15w-negro-cuadrado-cri92-ugr13\/","og_locale":"it_IT","og_type":"article","og_title":"Downlight LED 15W - NEGRO - CUADRADO - CRI+92 - UGR13 - STARLED Iluminacion","og_description":"Referencia: SL91812-15WUGR13-3K      El\u00a0Downlight\u00a0LED 15W\u00a0esta fabricado en aluminio +PC, su diodo COB de Bridgelux es de alta potencia y dispone de driver externo, con buen rendimiento de\u00a0130Lm\/W.\u00a0Alto \u00edndice de\u00a0rendimiento crom\u00e1tico +92\u00a0- COLOR PROFESIONAL - para disfrutar de\u00a0calidad de luz\u00a0y disponer de\u00a0colores reales\u00a0y profesionales. Cuenta con un\u00a0UGR&lt;13\u00a0lo que significa que\u00a0es una luminaria que no produce deslumbramiento, lo que la hace\u00a0perfecta para zonas de trabajo.  Temperatura de Color: 3000K\/4000K \u00a0Entrega en 24\/48 horas \u00a0Garant\u00eda de producto asegurada     \u00a0\u00a0","og_url":"https:\/\/starlediluminacion.com\/it\/product\/downlight-led-15w-negro-cuadrado-cri92-ugr13\/","og_site_name":"STARLED Iluminacion","article_modified_time":"2024-06-16T14:46:20+00:00","og_image":[{"width":744,"height":800,"url":"https:\/\/starlediluminacion.com\/wp-content\/uploads\/2023\/12\/downlight-led-15w-blanco-cuadrado-nube-cri92-ugr13.jpg","type":"image\/jpeg"}],"twitter_card":"summary_large_image","twitter_misc":{"Tempo di lettura stimato":"6 minuti"},"schema":{"@context":"https:\/\/schema.org","@graph":[{"@type":"WebPage","@id":"https:\/\/starlediluminacion.com\/fr\/product\/downlight-led-15w-negro-cuadrado-cri92-ugr13\/","url":"https:\/\/starlediluminacion.com\/fr\/product\/downlight-led-15w-negro-cuadrado-cri92-ugr13\/","name":"Downlight LED 15W - NEGRO - CUADRADO - CRI+92 - UGR13 - STARLED Iluminacion","isPartOf":{"@id":"https:\/\/starlediluminacion.com\/#website"},"primaryImageOfPage":{"@id":"https:\/\/starlediluminacion.com\/fr\/product\/downlight-led-15w-negro-cuadrado-cri92-ugr13\/#primaryimage"},"image":{"@id":"https:\/\/starlediluminacion.com\/fr\/product\/downlight-led-15w-negro-cuadrado-cri92-ugr13\/#primaryimage"},"thumbnailUrl":"https:\/\/starlediluminacion.com\/wp-content\/uploads\/2023\/12\/downlight-led-15w-blanco-cuadrado-nube-cri92-ugr13.jpg","datePublished":"2023-12-05T16:19:14+00:00","dateModified":"2024-06-16T14:46:20+00:00","breadcrumb":{"@id":"https:\/\/starlediluminacion.com\/fr\/product\/downlight-led-15w-negro-cuadrado-cri92-ugr13\/#breadcrumb"},"inLanguage":"it-IT","potentialAction":[{"@type":"ReadAction","target":["https:\/\/starlediluminacion.com\/fr\/product\/downlight-led-15w-negro-cuadrado-cri92-ugr13\/"]}]},{"@type":"ImageObject","inLanguage":"it-IT","@id":"https:\/\/starlediluminacion.com\/fr\/product\/downlight-led-15w-negro-cuadrado-cri92-ugr13\/#primaryimage","url":"https:\/\/starlediluminacion.com\/wp-content\/uploads\/2023\/12\/downlight-led-15w-blanco-cuadrado-nube-cri92-ugr13.jpg","contentUrl":"https:\/\/starlediluminacion.com\/wp-content\/uploads\/2023\/12\/downlight-led-15w-blanco-cuadrado-nube-cri92-ugr13.jpg","width":744,"height":800},{"@type":"BreadcrumbList","@id":"https:\/\/starlediluminacion.com\/fr\/product\/downlight-led-15w-negro-cuadrado-cri92-ugr13\/#breadcrumb","itemListElement":[{"@type":"ListItem","position":1,"name":"Portada","item":"https:\/\/starlediluminacion.com\/"},{"@type":"ListItem","position":2,"name":"Shop","item":"https:\/\/starlediluminacion.com\/shop-2\/"},{"@type":"ListItem","position":3,"name":"Downlight LED 15W &#8211; NEGRO &#8211; CUADRADO &#8211; CRI+92 &#8211; UGR13"}]},{"@type":"WebSite","@id":"https:\/\/starlediluminacion.com\/#website","url":"https:\/\/starlediluminacion.com\/","name":"STARLED Iluminacion","description":"","potentialAction":[{"@type":"SearchAction","target":{"@type":"EntryPoint","urlTemplate":"https:\/\/starlediluminacion.com\/?s={search_term_string}"},"query-input":{"@type":"PropertyValueSpecification","valueRequired":true,"valueName":"search_term_string"}}],"inLanguage":"it-IT"}]}},"_links":{"self":[{"href":"https:\/\/starlediluminacion.com\/it\/wp-json\/wp\/v3\/product\/12065","targetHints":{"allow":["GET"]}}],"collection":[{"href":"https:\/\/starlediluminacion.com\/it\/wp-json\/wp\/v3\/product"}],"about":[{"href":"https:\/\/starlediluminacion.com\/it\/wp-json\/wp\/v2\/types\/product"}],"wp:featuredmedia":[{"embeddable":true,"href":"https:\/\/starlediluminacion.com\/it\/wp-json\/wp\/v2\/media\/12076"}],"wp:attachment":[{"href":"https:\/\/starlediluminacion.com\/it\/wp-json\/wp\/v2\/media?parent=12065"}],"wp:term":[{"taxonomy":"product_cat","embeddable":true,"href":"https:\/\/starlediluminacion.com\/it\/wp-json\/wp\/v2\/product_cat?post=12065"},{"taxonomy":"product_tag","embeddable":true,"href":"https:\/\/starlediluminacion.com\/it\/wp-json\/wp\/v2\/product_tag?post=12065"}],"curies":[{"name":"wp","href":"https:\/\/api.w.org\/{rel}","templated":true}]}}