{"id":11934,"date":"2023-12-05T15:26:38","date_gmt":"2023-12-05T15:26:38","guid":{"rendered":"https:\/\/starlediluminacion.com\/?post_type=product&#038;p=11934"},"modified":"2024-06-16T14:41:27","modified_gmt":"2024-06-16T14:41:27","slug":"aro-marco-cuadrado-negro-orientable-para-gu10","status":"publish","type":"product","link":"https:\/\/starlediluminacion.com\/it\/product\/cornice-quadrata-rim-nero-orientabile-gu10-gu10-ring-2\/","title":{"rendered":"<p>Aro Marco Cuadrado NEGRO Orientable Para GU10<\/p>"},"content":{"rendered":"<h1>Aro Cuadrado NEGRO Orientable para GU10<p>Il&nbsp;<strong>aro negro orientable<\/strong>&nbsp;per&nbsp;<strong>GU10&nbsp;<\/strong>&nbsp;\u00e8 un apparecchio elegante e funzionale, progettato per fornire una soluzione flessibile e precisa di illuminazione interna.<\/p><p>Il&nbsp;<strong>marco&nbsp;cuadrado negro&nbsp;<\/strong>per moduli LED GU10 e dicroici, ha una finitura elegante che si integra perfettamente con qualsiasi arredamento e aggiunge un tocco di raffinatezza. Inoltre, le sue dimensioni compatte e il suo peso ridotto lo rendono facile da installare e da maneggiare.<\/p><p>El Aro&nbsp;est&aacute;&nbsp;fabricado en PC (Policarbonato) y presenta varias ventajas en su uso en zonas h&uacute;medas o costeras:<\/p><ol>\n<li>Resistenza all'umidit\u00e0: il materiale PC utilizzato per la produzione del cerchio ha propriet\u00e0 di resistenza all'umidit\u00e0. Ci\u00f2 significa che pu\u00f2 sopportare condizioni di umidit\u00e0 elevata senza subire danni o corrosione, rendendolo adatto all'uso in aree con livelli di umidit\u00e0 elevati.<\/li>\n<li>Protecci&oacute;n contra la corrosi&oacute;n: Al estar fabricado en PC, el aro Marco NEGRO&nbsp;es resistente a la corrosi&oacute;n causada por la exposici&oacute;n al agua salada en zonas costeras. Esto le permite mantener su apariencia y funcionalidad incluso en entornos marinos agresivos.<\/li>\n<li>Durata: il materiale PC utilizzato per la produzione \u00e8 noto per la sua durata e resistenza agli urti. Ci\u00f2 rende il cerchio in grado di resistere a condizioni avverse, come il vento forte, gli spruzzi d'acqua o la sabbia, tipici delle zone costiere.<\/li>\n<\/ol><p>&nbsp;<\/p><p>Questo&nbsp;<strong>quadro<\/strong>&nbsp;est&aacute; dise&ntilde;ado espec&iacute;ficamente para alojar bombillas&nbsp;<strong>GU10 &nbsp;<\/strong>y m&oacute;dulos LED tipo dicroicos, que se pueden instalar y reemplazar f&aacute;cilmente gracias a su mecanismo de sujeci&oacute;n sencillo y seguro.<\/p><h3 class=\"h6\">Scheda tecnica del prodotto<\/h3><dl class=\"data-sheet\">\n<dt class=\"name\"><img loading=\"lazy\" decoding=\"async\" src=\"https:\/\/www.factorled.com\/modules\/oa_features\/img\/2-default.jpg\" width=\"32\" height=\"32\">&nbsp;RIFERIMENTO<\/dt>\n<dd class=\"value\">91802<\/dd>\n<dt class=\"name\"><img loading=\"lazy\" decoding=\"async\" src=\"https:\/\/www.factorled.com\/modules\/oa_features\/img\/25-default.jpg\" width=\"32\" height=\"32\">&nbsp;Materiale da costruzione<\/dt>\n<dd class=\"value\">Policarbonato<\/dd>\n<dt class=\"name\"><img loading=\"lazy\" decoding=\"async\" src=\"https:\/\/www.factorled.com\/modules\/oa_features\/img\/15-default.jpg\" width=\"32\" height=\"32\">&nbsp;Certificati<\/dt>\n<dd class=\"value\">CE<\/dd>\n<dt class=\"name\"><img loading=\"lazy\" decoding=\"async\" src=\"https:\/\/www.factorled.com\/modules\/oa_features\/img\/18-default.jpg\" width=\"32\" height=\"32\">&nbsp;Misure (Mm)<\/dt>\n<dd class=\"value\">93x93xH29mm<\/dd>\n<dt class=\"name\"><img loading=\"lazy\" decoding=\"async\" src=\"https:\/\/www.factorled.com\/modules\/oa_features\/img\/27-default.jpg\" width=\"32\" height=\"32\">&nbsp;Taglio del soffitto (Mm)<\/dt>\n<dd class=\"value\">\u00d875 mm<\/dd>\n<dt class=\"name\"><img loading=\"lazy\" decoding=\"async\" src=\"https:\/\/www.factorled.com\/modules\/oa_features\/img\/75-default.jpg\" width=\"32\" height=\"32\">&nbsp;Anni di garanzia<\/dt>\n<dd class=\"value\">3<\/dd>\n<\/dl><\/h1>","protected":false},"excerpt":{"rendered":"<div class=\"product-reference\">\n<p><label class=\"label\">Riferimento:<\/label> <strong>SL91802<\/strong><\/p>\n<div><\/div>\n<div class=\"product-description-short\">\n<div id=\"product-description-short-3170\">\n<p>Il&nbsp;<strong>aro cuadrado<\/strong>&nbsp;<strong>NEGRO&nbsp;orientable&nbsp;<\/strong>per<strong>&nbsp;GU10&nbsp;<\/strong>en Policarbonato,<strong>&nbsp;<\/strong>es una soluci&oacute;n elegante y funcional para iluminaci&oacute;n de interiores, al mismo tiempo que permite su colocaci&oacute;n en zonas de alta humedad y zonas de costa salinas, ya que no se deterioran como los metales.<\/p>\n<p>El dise&ntilde;o permite ajustar la direcci&oacute;n de la luz, lo que lo hace ideal para resaltar elementos espec&iacute;ficos de una habitaci&oacute;n o para crear un ambiente agradable en cualquier espacio.&nbsp;Super&nbsp;f&aacute;cil instalaci&oacute;n. Soporta las zonas costeras y zonas de alta humedad sin deteriorarse al estar fabricado en PC.<\/p>\n<div class=\"col-md-12\"><i class=\"fa fa-truck\"><\/i>&nbsp;<span class=\"text-muted textprop\">Consegna in 24\/48 ore<\/span><\/div>\n<div class=\"col-md-12\"><i class=\"fa fa-exchange\"><\/i>&nbsp;<span class=\"text-muted textprop\">Garanzia assicurata sul prodotto<\/span><\/div>\n<div class=\"col-md-12 certificados\">\n<hr>\n<p><img decoding=\"async\" class=\"cert\" title=\"Classe energetica A++\" src=\"https:\/\/www.factorled.com\/img\/icono-sello-ce.jpg\" alt=\"Certificato CE\"><\/p>\n<\/div>\n<\/div>\n<\/div><\/div>","protected":false},"featured_media":12114,"template":"","meta":{"site-sidebar-layout":"default","site-content-layout":"default","ast-global-header-display":"","ast-main-header-display":"","ast-hfb-above-header-display":"","ast-hfb-below-header-display":"","ast-hfb-mobile-header-display":"","site-post-title":"","ast-breadcrumbs-content":"","ast-featured-img":"","footer-sml-layout":"","theme-transparent-header-meta":"default","adv-header-id-meta":"","stick-header-meta":"","header-above-stick-meta":"","header-main-stick-meta":"","header-below-stick-meta":""},"product_cat":[62,23],"product_tag":[],"class_list":["post-11934","product","type-product","status-publish","has-post-thumbnail","hentry","product_cat-accesorios-lamparas-led","product_cat-bombillas-y-lamparas-led"],"_links":{"self":[{"href":"https:\/\/starlediluminacion.com\/it\/wp-json\/wp\/v3\/product\/11934","targetHints":{"allow":["GET"]}}],"collection":[{"href":"https:\/\/starlediluminacion.com\/it\/wp-json\/wp\/v3\/product"}],"about":[{"href":"https:\/\/starlediluminacion.com\/it\/wp-json\/wp\/v2\/types\/product"}],"wp:featuredmedia":[{"embeddable":true,"href":"https:\/\/starlediluminacion.com\/it\/wp-json\/wp\/v2\/media\/12114"}],"wp:attachment":[{"href":"https:\/\/starlediluminacion.com\/it\/wp-json\/wp\/v2\/media?parent=11934"}],"wp:term":[{"taxonomy":"product_cat","embeddable":true,"href":"https:\/\/starlediluminacion.com\/it\/wp-json\/wp\/v2\/product_cat?post=11934"},{"taxonomy":"product_tag","embeddable":true,"href":"https:\/\/starlediluminacion.com\/it\/wp-json\/wp\/v2\/product_tag?post=11934"}],"curies":[{"name":"wp","href":"https:\/\/api.w.org\/{rel}","templated":true}]}}