{"id":11906,"date":"2023-12-05T14:36:34","date_gmt":"2023-12-05T14:36:34","guid":{"rendered":"https:\/\/starlediluminacion.com\/?post_type=product&#038;p=11906"},"modified":"2024-06-16T14:42:14","modified_gmt":"2024-06-16T14:42:14","slug":"bombilla-led-modern-metal-4w-e27-negro-big-o220mm","status":"publish","type":"product","link":"https:\/\/starlediluminacion.com\/it\/product\/bombilla-led-modern-metal-4w-e27-negro-big-o220mm\/","title":{"rendered":"<p>Bombilla LED &ndash; Modern Metal &ndash; 4W E27 &ndash; Negro &ndash; BIG &Oslash;220mm<\/p>"},"content":{"rendered":"<h1>Bombilla Decorativa Modern Metal Negro 4W E27<h2>Illuminazione elegante e calda per qualsiasi spazio<\/h2><p>Il&nbsp;<strong>lampadina decorativa grande 4W<\/strong>alluminio, rifinito in bianco, con tappo bianco&nbsp;<strong>E27<\/strong>&nbsp;\u00e8 un'opzione elegante e calda per qualsiasi spazio interno. Il suo design semplice e minimalista si adatta a qualsiasi stile di arredamento, dal classico al moderno.<\/p><p>La lampadina \u00e8 realizzata in materiale di alluminio di alta qualit\u00e0, con finiture di pregio.&nbsp;<strong>nero opaco<\/strong>&nbsp;che le conferisce un aspetto moderno e sofisticato. La lampadina ha una potenza di 4W, che la rende efficiente dal punto di vista energetico. Produce una luce calda da 2200K o 4000K, ideale per creare un'atmosfera accogliente e rilassata.<\/p><p>Caratteristiche:<\/p><ul>\n<li>Design semplice e minimalista<\/li>\n<li>Realizzato in materiale di alluminio di alta qualit\u00e0<\/li>\n<li>Finitura nera opaca<\/li>\n<li>Filamento esposto<\/li>\n<li>Potenza 4W<\/li>\n<li>Temperatura della luce: 2200K e 4000K<\/li>\n<\/ul><p>Vantaggi:<\/p><ul>\n<li>Illuminazione elegante e calda<\/li>\n<li>Adattabile a qualsiasi stile di decorazione<\/li>\n<li>Facile da installare<\/li>\n<li>Risparmia energia<\/li>\n<li>Crea un'atmosfera accogliente e rilassata<\/li>\n<\/ul><p>&nbsp;<\/p><h2>Usi della lampadina decorativa moderna Metallo nero 4W E27<\/h2><ul>\n<li>Illuminazione generale di case, uffici e stabilimenti commerciali.<\/li>\n<li>Illuminazione decorativa in soggiorni, camere da letto, sale da pranzo e altre aree comuni della casa.<\/li>\n<li>Illuminazione d'accento in corridoi, scale, armadi e altre aree di passaggio della casa.<\/li>\n<li>Illuminazione delle aree dell'ufficio, delle scrivanie e delle altre postazioni di lavoro.<\/li>\n<li>Illuminazione delle aree di lettura, sia nelle case che nelle biblioteche.<\/li>\n<li>Illuminazione di negozi ed esposizioni in negozi e showroom.<\/li>\n<\/ul><h3 class=\"h6\">Scheda tecnica del prodotto<\/h3><dl class=\"data-sheet\">\n<dt class=\"name\"><img loading=\"lazy\" decoding=\"async\" src=\"https:\/\/www.factorled.com\/modules\/oa_features\/img\/3-default.jpg\" width=\"32\" height=\"32\">&nbsp;Potenza nominale<\/dt>\n<dd class=\"value\">4W<\/dd>\n<dt class=\"name\"><img loading=\"lazy\" decoding=\"async\" src=\"https:\/\/www.factorled.com\/modules\/oa_features\/img\/4-default.jpg\" width=\"32\" height=\"32\">&nbsp;Tensione nominale<\/dt>\n<dd class=\"value\">220-240 V CA<\/dd>\n<dt class=\"name\"><img loading=\"lazy\" decoding=\"async\" src=\"https:\/\/www.factorled.com\/modules\/oa_features\/img\/5-default.jpg\" width=\"32\" height=\"32\">&nbsp;Temperatura della luce<\/dt>\n<dd class=\"value\">2200K - 4000K<\/dd>\n<dt class=\"name\"><img loading=\"lazy\" decoding=\"async\" src=\"https:\/\/www.factorled.com\/modules\/oa_features\/img\/6-default.jpg\" width=\"32\" height=\"32\">&nbsp;CRI - Indice di riproduzione cromatica<\/dt>\n<dd class=\"value\">85<\/dd>\n<dt class=\"name\"><img loading=\"lazy\" decoding=\"async\" src=\"https:\/\/www.factorled.com\/modules\/oa_features\/img\/8-default.jpg\" width=\"32\" height=\"32\">&nbsp;Luminosit\u00e0-Lm<\/dt>\n<dd class=\"value\">400<\/dd>\n<dt class=\"name\"><img loading=\"lazy\" decoding=\"async\" src=\"https:\/\/www.factorled.com\/modules\/oa_features\/img\/10-default.jpg\" width=\"32\" height=\"32\">&nbsp;Angolo di apertura (\u00ba)<\/dt>\n<dd class=\"value\">360\u00ba<\/dd>\n<dt class=\"name\"><img loading=\"lazy\" decoding=\"async\" src=\"https:\/\/www.factorled.com\/modules\/oa_features\/img\/14-default.jpg\" width=\"32\" height=\"32\">&nbsp;Cappello<\/dt>\n<dd class=\"value\">E27<\/dd>\n<dt class=\"name\"><img loading=\"lazy\" decoding=\"async\" src=\"https:\/\/www.factorled.com\/modules\/oa_features\/img\/15-default.jpg\" width=\"32\" height=\"32\">&nbsp;Certificati<\/dt>\n<dd class=\"value\">CE - ROHS<\/dd>\n<dt class=\"name\"><img loading=\"lazy\" decoding=\"async\" src=\"https:\/\/www.factorled.com\/modules\/oa_features\/img\/16-default.jpg\" width=\"32\" height=\"32\">&nbsp;Grado di protezione IP<\/dt>\n<dd class=\"value\">IP20<\/dd>\n<dt class=\"name\"><img loading=\"lazy\" decoding=\"async\" src=\"https:\/\/www.factorled.com\/modules\/oa_features\/img\/21-default.jpg\" width=\"32\" height=\"32\">&nbsp;Frequenza di lavoro (Hz)<\/dt>\n<dd class=\"value\">50\/60Hz<\/dd>\n<dt class=\"name\"><img loading=\"lazy\" decoding=\"async\" src=\"https:\/\/www.factorled.com\/modules\/oa_features\/img\/22-default.jpg\" width=\"32\" height=\"32\">&nbsp;Intervallo di temperatura (\u00baC)<\/dt>\n<dd class=\"value\">-20?C ~ +55?C<\/dd>\n<dt class=\"name\"><img loading=\"lazy\" decoding=\"async\" src=\"https:\/\/www.factorled.com\/modules\/oa_features\/img\/23-default.jpg\" width=\"32\" height=\"32\">&nbsp;Cicli di accensione<\/dt>\n<dd class=\"value\">100.000<\/dd>\n<dt class=\"name\"><img loading=\"lazy\" decoding=\"async\" src=\"https:\/\/www.factorled.com\/modules\/oa_features\/img\/24-default.jpg\" width=\"32\" height=\"32\">&nbsp;Tempo di avvio (S)<\/dt>\n<dd class=\"value\">0,2s<\/dd>\n<dt class=\"name\"><img loading=\"lazy\" decoding=\"async\" src=\"https:\/\/www.factorled.com\/modules\/oa_features\/img\/26-default.jpg\" width=\"32\" height=\"32\">&nbsp;Informazioni aggiuntive<\/dt>\n<dd class=\"value\">NO FLICK<\/dd>\n<dt class=\"name\"><img loading=\"lazy\" decoding=\"async\" src=\"https:\/\/www.factorled.com\/modules\/oa_features\/img\/7-default.jpg\" width=\"32\" height=\"32\">&nbsp;Classe energetica (2021-EU-2019\/2015)<\/dt>\n<dd class=\"value\">A+<\/dd>\n<dt class=\"name\"><img loading=\"lazy\" decoding=\"async\" src=\"https:\/\/www.factorled.com\/modules\/oa_features\/img\/101-default.jpg\" width=\"32\" height=\"32\">&nbsp;Classe energetica (2023 - UE-2019\/2015)<\/dt>\n<dd class=\"value\">F<\/dd>\n<dt class=\"name\"><img loading=\"lazy\" decoding=\"async\" src=\"https:\/\/www.factorled.com\/modules\/oa_features\/img\/75-default.jpg\" width=\"32\" height=\"32\">&nbsp;Anni di garanzia<\/dt>\n<dd class=\"value\">3<\/dd>\n<\/dl><\/h1>","protected":false},"excerpt":{"rendered":"<div class=\"product-reference\"><label class=\"label\">Riferimento:<\/label><strong> SL91755<\/strong>\n<div><\/div>\n<div class=\"product-description-short\">\n<div id=\"product-description-short-3160\">\n<p>Questo&nbsp;<strong>lampadina decorativa grande<\/strong>Ha un filamento interno in PMMA, ed \u00e8 anche ecologico grazie alla sua efficienza energetica con un&nbsp;<strong>E27<\/strong>. Ideale per l'illuminazione decorativa, per evidenziare gli spazi interni e per dare un aspetto originale di notte.<\/p>\n<p>La lampadina \u00e8 realizzata in alluminio di alta qualit\u00e0, che le conferisce un aspetto vintage e retr\u00f2. La sua potenza di&nbsp;<strong>4W<\/strong>&nbsp;\u00e8 perfetto per gli ambienti accoglienti e rilassati.<\/p>\n<div class=\"col-md-12\"><i class=\"fa fa-truck\"><\/i>&nbsp;<span class=\"text-muted textprop\">Consegna in 24\/48 ore<\/span><\/div>\n<div class=\"col-md-12\"><i class=\"fa fa-exchange\"><\/i>&nbsp;<span class=\"text-muted textprop\">Garanzia assicurata sul prodotto<\/span><\/div>\n<div class=\"col-md-12 certificados\">\n<hr>\n<p><img decoding=\"async\" class=\"cert\" title=\"Certificato CE\" src=\"https:\/\/www.factorled.com\/img\/icono-sello-ce.jpg\" alt=\"Certificato CE\">&nbsp;<img decoding=\"async\" class=\"cert\" title=\"Certificato ROHS\" src=\"https:\/\/www.factorled.com\/img\/icono-sello-rosh.jpg\" alt=\"Certificato ROHS\">&nbsp;<img decoding=\"async\" class=\"cert\" title=\"Classe energetica A+\" src=\"https:\/\/www.factorled.com\/img\/icono-sello-a+.jpg\" alt=\"Classe energetica A+\"><\/p><\/div>\n<\/div>\n<\/div><\/div>","protected":false},"featured_media":11913,"template":"","meta":{"site-sidebar-layout":"default","site-content-layout":"default","ast-global-header-display":"","ast-main-header-display":"","ast-hfb-above-header-display":"","ast-hfb-below-header-display":"","ast-hfb-mobile-header-display":"","site-post-title":"","ast-breadcrumbs-content":"","ast-featured-img":"","footer-sml-layout":"","theme-transparent-header-meta":"default","adv-header-id-meta":"","stick-header-meta":"","header-above-stick-meta":"","header-main-stick-meta":"","header-below-stick-meta":""},"product_cat":[46,23],"product_tag":[],"class_list":["post-11906","product","type-product","status-publish","has-post-thumbnail","hentry","product_cat-bombillas-led-e27","product_cat-bombillas-y-lamparas-led"],"_links":{"self":[{"href":"https:\/\/starlediluminacion.com\/it\/wp-json\/wp\/v3\/product\/11906","targetHints":{"allow":["GET"]}}],"collection":[{"href":"https:\/\/starlediluminacion.com\/it\/wp-json\/wp\/v3\/product"}],"about":[{"href":"https:\/\/starlediluminacion.com\/it\/wp-json\/wp\/v2\/types\/product"}],"wp:featuredmedia":[{"embeddable":true,"href":"https:\/\/starlediluminacion.com\/it\/wp-json\/wp\/v2\/media\/11913"}],"wp:attachment":[{"href":"https:\/\/starlediluminacion.com\/it\/wp-json\/wp\/v2\/media?parent=11906"}],"wp:term":[{"taxonomy":"product_cat","embeddable":true,"href":"https:\/\/starlediluminacion.com\/it\/wp-json\/wp\/v2\/product_cat?post=11906"},{"taxonomy":"product_tag","embeddable":true,"href":"https:\/\/starlediluminacion.com\/it\/wp-json\/wp\/v2\/product_tag?post=11906"}],"curies":[{"name":"wp","href":"https:\/\/api.w.org\/{rel}","templated":true}]}}