{"id":10921,"date":"2023-09-25T15:16:36","date_gmt":"2023-09-25T15:16:36","guid":{"rendered":"https:\/\/starlediluminacion.com\/?post_type=product&#038;p=10921"},"modified":"2024-01-07T13:25:41","modified_gmt":"2024-01-07T13:25:41","slug":"neon-led-5-metros-blanco-frio-6000k-led-6mm-12v-corte-25cm","status":"publish","type":"product","link":"https:\/\/starlediluminacion.com\/it\/product\/neon-led-5-metros-blanco-frio-6000k-led-6mm-12v-corte-25cm\/","title":{"rendered":"<p>Neon a LED - 5 metri - Bianco freddo - 6000K - LED 6mm- 12V - Taglio 2,5cm<\/p>"},"content":{"rendered":"<h1>Neon a LED - 5 metri - Bianco freddo - 6000K - LED 6mm- 12V - Taglio 2,5cm<p>Siete pronti a trasformare il vostro mondo in un paradiso di luce e creativit\u00e0? Scoprite il Neon LED 5m che cambier\u00e0 il vostro modo di vivere l'illuminazione! Questo prodotto non \u00e8 solo una fonte di luce, \u00e8 un capolavoro che aggiunger\u00e0 un tocco unico ed emozionante al vostro ambiente.<\/p><p>&nbsp;<\/p><p>I vantaggi impareggiabili dei neon a LED:<\/p><p>&nbsp;<\/p><p><em>1. Brillantezza abbagliante<\/em>Il nostro neon LED da 6 mm utilizza la tecnologia SMD2835 per offrire una luminosit\u00e0 impressionante. Niente pi\u00f9 spazi bui o luci soffuse. Questo neon LED vi immerge in un bagliore accattivante e uniforme.<\/p><p><em>2. Versatilit\u00e0 al massimo<\/em>Il silicone flessibile consente di modellare e piegare il LED Neon secondo i propri desideri. Date forma alle vostre idee senza limiti e create design unici che riflettano il vostro stile e la vostra personalit\u00e0.<\/p><p><em>3. Efficienza energetica<\/em>Con un consumo energetico di soli 7 watt al metro, il Neon LED \u00e8 amico dell'ambiente e del vostro portafoglio. Godetevi un'illuminazione straordinaria senza preoccuparvi della bolletta elettrica.<\/p><p><em>4. Facile da installare<\/em>Con una tensione di 12 V e la possibilit\u00e0 di tagliare ogni 2,5 cm, l'installazione \u00e8 un gioco da ragazzi. Non \u00e8 necessario essere esperti di elettricit\u00e0 per dare vita alle vostre idee di illuminazione. Se dovete tagliare il nostro Neon LED a 12Volt, per utilizzarlo all'esterno dovrete necessariamente isolarlo con colla siliconica per rendere il prodotto IP65.  Vi consigliamo di utilizzare la nostra colla codice 3565.<\/p><p>&nbsp;<\/p><p>Dove si possono usare i neon a LED:<\/p><p>&nbsp;<\/p><ul>\n<li>Decorazione d'interni innovativa: aggiungete un tocco di magia alla vostra casa. Illuminate corridoi, soggiorni, camere da letto e create un'atmosfera accogliente e moderna.<\/li>\n<li>Spazi commerciali attraenti: mettete in risalto la vostra attivit\u00e0 con un'insegna luminosa accattivante o evidenziate i prodotti in esposizione.<\/li>\n<li>Eventi memorabili: date vita a feste e celebrazioni con un'illuminazione spettacolare. Matrimoni, compleanni, eventi aziendali, i neon a LED sono sempre in grado di rubare la scena!<\/li>\n<li>Progetti artistici e creativi: ispirate il vostro lato artistico. Utilizzate i neon LED in installazioni artistiche, sculture di luce e progetti di design che lasceranno tutti a bocca aperta.<\/li>\n<\/ul><p>&nbsp;<\/p><p>Non aspettate oltre per trasformare il vostro ambiente in qualcosa di veramente straordinario. Il Neon LED - 5 metri - Silicone - LED 6 mm - 12V - Taglio ogni 2,5 cm; SMD2835; 7 Watt\/metro \u00e8 la scelta definitiva per chi cerca qualit\u00e0, versatilit\u00e0 e un tocco all'avanguardia nella propria illuminazione.<\/p><p>Fate clic ora e aggiungete questo tesoro di illuminazione alla vostra vita! La vostra casa, la vostra azienda e i vostri eventi non saranno pi\u00f9 gli stessi.<\/p><p><em>Nota: si raccomanda un'installazione professionale per garantire prestazioni e sicurezza ottimali.<\/em><\/p><h3 class=\"page-product-heading\">DATI TECNICI<\/h3><div class=\"col-xs-12 col-md-6\">\n<table class=\"table table-data-sheet 1\">\n<tbody>\n<tr class=\"odd\">\n<td valign=\"middle\" width=\"32\"><img decoding=\"async\" title=\"riferimento\" src=\"https:\/\/www.factorled.com\/modules\/oa_features\/img\/2-default.jpg\" alt=\"riferimento\"><\/td>\n<td valign=\"middle\">RIFERIMENTO :<\/td>\n<td valign=\"middle\">SLFL95100<\/td>\n<\/tr>\n<tr class=\"even\">\n<td valign=\"middle\" width=\"32\"><img decoding=\"async\" title=\"Potenza nominale \" src=\"https:\/\/www.factorled.com\/modules\/oa_features\/img\/3-default.jpg\" alt=\"Potenza nominale \"><\/td>\n<td valign=\"middle\">Potenza nominale :<\/td>\n<td valign=\"middle\">7W\/M<\/td>\n<\/tr>\n<tr class=\"odd\">\n<td valign=\"middle\" width=\"32\"><img decoding=\"async\" title=\"Tensione nominale\" src=\"https:\/\/www.factorled.com\/modules\/oa_features\/img\/4-default.jpg\" alt=\"Tensione nominale\"><\/td>\n<td valign=\"middle\">Tensione nominale:<\/td>\n<td valign=\"middle\">12 V CC<\/td>\n<\/tr>\n<tr class=\"even\">\n<td valign=\"middle\" width=\"32\"><img decoding=\"async\" title=\"Temperatura della luce\" src=\"https:\/\/www.factorled.com\/modules\/oa_features\/img\/5-default.jpg\" alt=\"Temperatura della luce\"><\/td>\n<td valign=\"middle\">Temperatura della luce:<\/td>\n<td valign=\"middle\">6000K<\/td>\n<\/tr>\n<tr class=\"odd\">\n<td valign=\"middle\" width=\"32\"><img decoding=\"async\" title=\"Materiale da costruzione\" src=\"https:\/\/www.factorled.com\/modules\/oa_features\/img\/25-default.jpg\" alt=\"Materiale da costruzione\"><\/td>\n<td valign=\"middle\">Materiale da costruzione:<\/td>\n<td valign=\"middle\">Silicone<\/td>\n<\/tr>\n<tr class=\"even\">\n<td valign=\"middle\" width=\"32\"><img decoding=\"async\" title=\"Tipo di LED\" src=\"https:\/\/www.factorled.com\/modules\/oa_features\/img\/9-default.jpg\" alt=\"Tipo di LED\"><\/td>\n<td valign=\"middle\">Tipo di LED:<\/td>\n<td valign=\"middle\">SMD 2835<\/td>\n<\/tr>\n<tr class=\"odd\">\n<td valign=\"middle\" width=\"32\"><img decoding=\"async\" title=\"Angolo di apertura\" src=\"https:\/\/www.factorled.com\/modules\/oa_features\/img\/10-default.jpg\" alt=\"Angolo di apertura\"><\/td>\n<td valign=\"middle\">Angolo di apertura (\u00ba):<\/td>\n<td valign=\"middle\">180\u00ba<\/td>\n<\/tr>\n<tr class=\"even\">\n<td valign=\"middle\" width=\"32\"><img decoding=\"async\" title=\"Efficienza Diodo LED\" src=\"https:\/\/www.factorled.com\/modules\/oa_features\/img\/12-default.jpg\" alt=\"Efficienza Diodo LED\"><\/td>\n<td valign=\"middle\">Efficienza del diodo LED (Lm\/W):<\/td>\n<td valign=\"middle\">110 Lm\/W<\/td>\n<\/tr>\n<tr class=\"odd\">\n<td valign=\"middle\" width=\"32\"><img decoding=\"async\" title=\"Efficacia luminosa\" src=\"https:\/\/www.factorled.com\/modules\/oa_features\/img\/13-default.jpg\" alt=\"Efficacia luminosa\"><\/td>\n<td valign=\"middle\">Efficienza luminosa (Lm\/W):<\/td>\n<td valign=\"middle\">80Lm\/W<\/td>\n<\/tr>\n<tr class=\"even\">\n<td valign=\"middle\" width=\"32\"><img decoding=\"async\" title=\"Dimostrabile\" src=\"https:\/\/www.factorled.com\/modules\/oa_features\/img\/11-default.jpg\" alt=\"Dimostrabile\"><\/td>\n<td valign=\"middle\">Dimmerabile:<\/td>\n<td valign=\"middle\">TRIAC<\/td>\n<\/tr>\n<\/tbody>\n<\/table>\n<\/div><div class=\"col-xs-12 col-md-6 2\">\n<table class=\"table table-data-sheet 2\">\n<tbody>\n<tr class=\"odd\">\n<td valign=\"middle\" width=\"32\"><img decoding=\"async\" title=\"Certificati\" src=\"https:\/\/www.factorled.com\/modules\/oa_features\/img\/15-default.jpg\" alt=\"Certificati\"><\/td>\n<td valign=\"middle\">Certificati:<\/td>\n<td valign=\"middle\">CE - ROHS<\/td>\n<\/tr>\n<tr class=\"even\">\n<td valign=\"middle\" width=\"32\"><img decoding=\"async\" title=\"Grado IP\" src=\"https:\/\/www.factorled.com\/modules\/oa_features\/img\/16-default.jpg\" alt=\"Grado IP\"><\/td>\n<td valign=\"middle\">Grado di protezione IP:<\/td>\n<td valign=\"middle\">IP65-Outdoor<\/td>\n<\/tr>\n<tr class=\"odd\">\n<td valign=\"middle\" width=\"32\"><img decoding=\"async\" title=\"Vita stimata \" src=\"https:\/\/www.factorled.com\/modules\/oa_features\/img\/17-default.jpg\" alt=\"Vita stimata \"><\/td>\n<td valign=\"middle\">Durata stimata del diodo LED (H):<\/td>\n<td valign=\"middle\">30.000<\/td>\n<\/tr>\n<tr class=\"even\">\n<td valign=\"middle\" width=\"32\"><img decoding=\"async\" title=\"Misure \" src=\"https:\/\/www.factorled.com\/modules\/oa_features\/img\/18-default.jpg\" alt=\"Misure \"><\/td>\n<td valign=\"middle\">Dimensioni (mm):<\/td>\n<td valign=\"middle\">L5000x6x12mm<\/td>\n<\/tr>\n<tr class=\"odd\">\n<td valign=\"middle\" width=\"32\"><img decoding=\"async\" title=\"Frequenza di lavoro \" src=\"https:\/\/www.factorled.com\/modules\/oa_features\/img\/21-default.jpg\" alt=\"Frequenza di lavoro \"><\/td>\n<td valign=\"middle\">Frequenza di lavoro (Hz):<\/td>\n<td valign=\"middle\">50\/60Hz<\/td>\n<\/tr>\n<tr class=\"even\">\n<td valign=\"middle\" width=\"32\"><img decoding=\"async\" title=\"Intervallo di temperatura \" src=\"https:\/\/www.factorled.com\/modules\/oa_features\/img\/22-default.jpg\" alt=\"Intervallo di temperatura \"><\/td>\n<td valign=\"middle\">Intervallo di temperatura (\u00baC):<\/td>\n<td valign=\"middle\">-20\u00b0C ~ +55\u00b0C<\/td>\n<\/tr>\n<tr class=\"odd\">\n<td valign=\"middle\" width=\"32\"><img decoding=\"async\" title=\"Cicli di accensione\" src=\"https:\/\/www.factorled.com\/modules\/oa_features\/img\/23-default.jpg\" alt=\"Cicli di accensione\"><\/td>\n<td valign=\"middle\">Cicli di accensione:<\/td>\n<td valign=\"middle\">100.000<\/td>\n<\/tr>\n<tr class=\"even\">\n<td valign=\"middle\" width=\"32\"><img decoding=\"async\" title=\"Classe energetica\" src=\"https:\/\/www.factorled.com\/modules\/oa_features\/img\/7-default.jpg\" alt=\"Classe energetica\"><\/td>\n<td valign=\"middle\">Classe energetica (2021-EU-2019\/2015):<\/td>\n<td valign=\"middle\">A+<\/td>\n<\/tr>\n<tr class=\"odd\">\n<td valign=\"middle\" width=\"32\"><img decoding=\"async\" title=\"Garanzia\" src=\"https:\/\/www.factorled.com\/modules\/oa_features\/img\/75-default.jpg\" alt=\"Garanzia\"><\/td>\n<td valign=\"middle\">Anni di garanzia:<\/td>\n<td valign=\"middle\">3<\/td>\n<\/tr>\n<\/tbody>\n<\/table>\n<\/div><\/h1>","protected":false},"excerpt":{"rendered":"<div class=\"product-info-line\">\n<div class=\"product-info-line\">\n<p id=\"product_reference\"><label>RIFERIMENTO: SL<span style=\"font-size: 16px;\">FL95100<\/span><\/label><\/p>\n<div class=\"hidden-xs parrafo\">\n<p>Elevate il vostro spazio con il Neon LED da 5 metri. Luminosit\u00e0 abbagliante, versatilit\u00e0 ed efficienza energetica in un unico prodotto. Perfetto per la casa, l'azienda e gli eventi, clicca e trasforma la tua illuminazione oggi stesso, l'installazione \u00e8 un gioco da ragazzi. Uso interno ed esterno IP65.<strong>&nbsp;Pu\u00f2 essere tagliato ogni 2,5 cm.<br>\n<\/strong><\/p>\n<\/div>\n<div id=\"views_block-1\" class=\"clearfix\">\n<div id=\"thumbs_list\">\n<div class=\"col-md-12\"><i class=\"fa fa-truck\"><\/i>&nbsp;<span class=\"text-muted textprop\">Consegna in 24\/48 ore<\/span><\/div>\n<div class=\"col-md-12\"><i class=\"fa fa-exchange\"><\/i>&nbsp;<span class=\"text-muted textprop\">Garanzia assicurata<\/span><\/div>\n<div class=\"col-md-12\"><i class=\"fa fa-box\"><\/i>&nbsp;<span class=\"text-muted textprop\">20 unit\u00e0 per Masterbox<\/span><\/div>\n<\/div>\n<\/div>\n<\/div>\n<p id=\"product_reference\"><label>&nbsp;<\/label><\/p>\n<\/div>","protected":false},"featured_media":10929,"template":"","meta":{"site-sidebar-layout":"default","site-content-layout":"default","ast-global-header-display":"","ast-main-header-display":"","ast-hfb-above-header-display":"","ast-hfb-below-header-display":"","ast-hfb-mobile-header-display":"","site-post-title":"","ast-breadcrumbs-content":"","ast-featured-img":"","footer-sml-layout":"","theme-transparent-header-meta":"default","adv-header-id-meta":"","stick-header-meta":"","header-above-stick-meta":"","header-main-stick-meta":"","header-below-stick-meta":""},"product_cat":[91,45],"product_tag":[],"class_list":["post-10921","product","type-product","status-publish","has-post-thumbnail","hentry","product_cat-neon-led-flexible-12v","product_cat-tiras-led-y-neon-flexible"],"yoast_head":"<!-- This site is optimized with the Yoast SEO plugin v27.4 - https:\/\/yoast.com\/product\/yoast-seo-wordpress\/ -->\n<title>Ne\u00f3n LED - 5 metros - Blanco Fr\u00edo - 6000K - LED 6mm- 12V - Corte 2,5cm - STARLED Iluminacion<\/title>\n<meta name=\"robots\" content=\"index, follow, max-snippet:-1, max-image-preview:large, max-video-preview:-1\" \/>\n<link rel=\"canonical\" href=\"https:\/\/starlediluminacion.com\/it\/product\/neon-led-5-metros-blanco-frio-6000k-led-6mm-12v-corte-25cm\/\" \/>\n<meta property=\"og:locale\" content=\"it_IT\" \/>\n<meta property=\"og:type\" content=\"article\" \/>\n<meta property=\"og:title\" content=\"Ne\u00f3n LED - 5 metros - Blanco Fr\u00edo - 6000K - LED 6mm- 12V - Corte 2,5cm - STARLED Iluminacion\" \/>\n<meta property=\"og:description\" content=\"REFERENCIA: SLFL95100    \u00a1Eleva tu espacio con el Ne\u00f3n LED de 5 metros. Brillantez deslumbrante, versatilidad y eficiencia energ\u00e9tica en uno. Perfecto para hogar, negocios y eventos. \u00a1Haz clic y transforma tu iluminaci\u00f3n hoy mismo!, la instalaci\u00f3n muy sencilla. Uso interior y exterior IP65.\u00a0Se puede cortar cada 2.5cm.      \u00a0Entrega en 24\/48 horas \u00a0Garant\u00eda asegurada \u00a020 unidad(es) por Masterbox    \u00a0\" \/>\n<meta property=\"og:url\" content=\"https:\/\/starlediluminacion.com\/it\/product\/neon-led-5-metros-blanco-frio-6000k-led-6mm-12v-corte-25cm\/\" \/>\n<meta property=\"og:site_name\" content=\"STARLED Iluminacion\" \/>\n<meta property=\"article:modified_time\" content=\"2024-01-07T13:25:41+00:00\" \/>\n<meta property=\"og:image\" content=\"https:\/\/starlediluminacion.com\/wp-content\/uploads\/2023\/09\/neon-led-5-metros-blanco-frio-6000k-led-6mm-12v-corte-25cm-factorled.jpg\" \/>\n\t<meta property=\"og:image:width\" content=\"1000\" \/>\n\t<meta property=\"og:image:height\" content=\"1000\" \/>\n\t<meta property=\"og:image:type\" content=\"image\/jpeg\" \/>\n<meta name=\"twitter:card\" content=\"summary_large_image\" \/>\n<meta name=\"twitter:label1\" content=\"Tempo di lettura stimato\" \/>\n\t<meta name=\"twitter:data1\" content=\"3 minuti\" \/>\n<script type=\"application\/ld+json\" class=\"yoast-schema-graph\">{\"@context\":\"https:\\\/\\\/schema.org\",\"@graph\":[{\"@type\":\"WebPage\",\"@id\":\"https:\\\/\\\/starlediluminacion.com\\\/producto\\\/neon-led-5-metros-blanco-frio-6000k-led-6mm-12v-corte-25cm\\\/\",\"url\":\"https:\\\/\\\/starlediluminacion.com\\\/producto\\\/neon-led-5-metros-blanco-frio-6000k-led-6mm-12v-corte-25cm\\\/\",\"name\":\"Ne\u00f3n LED - 5 metros - Blanco Fr\u00edo - 6000K - LED 6mm- 12V - Corte 2,5cm - STARLED Iluminacion\",\"isPartOf\":{\"@id\":\"https:\\\/\\\/starlediluminacion.com\\\/#website\"},\"primaryImageOfPage\":{\"@id\":\"https:\\\/\\\/starlediluminacion.com\\\/producto\\\/neon-led-5-metros-blanco-frio-6000k-led-6mm-12v-corte-25cm\\\/#primaryimage\"},\"image\":{\"@id\":\"https:\\\/\\\/starlediluminacion.com\\\/producto\\\/neon-led-5-metros-blanco-frio-6000k-led-6mm-12v-corte-25cm\\\/#primaryimage\"},\"thumbnailUrl\":\"https:\\\/\\\/starlediluminacion.com\\\/wp-content\\\/uploads\\\/2023\\\/09\\\/neon-led-5-metros-blanco-frio-6000k-led-6mm-12v-corte-25cm-factorled.jpg\",\"datePublished\":\"2023-09-25T15:16:36+00:00\",\"dateModified\":\"2024-01-07T13:25:41+00:00\",\"breadcrumb\":{\"@id\":\"https:\\\/\\\/starlediluminacion.com\\\/producto\\\/neon-led-5-metros-blanco-frio-6000k-led-6mm-12v-corte-25cm\\\/#breadcrumb\"},\"inLanguage\":\"it-IT\",\"potentialAction\":[{\"@type\":\"ReadAction\",\"target\":[\"https:\\\/\\\/starlediluminacion.com\\\/producto\\\/neon-led-5-metros-blanco-frio-6000k-led-6mm-12v-corte-25cm\\\/\"]}]},{\"@type\":\"ImageObject\",\"inLanguage\":\"it-IT\",\"@id\":\"https:\\\/\\\/starlediluminacion.com\\\/producto\\\/neon-led-5-metros-blanco-frio-6000k-led-6mm-12v-corte-25cm\\\/#primaryimage\",\"url\":\"https:\\\/\\\/starlediluminacion.com\\\/wp-content\\\/uploads\\\/2023\\\/09\\\/neon-led-5-metros-blanco-frio-6000k-led-6mm-12v-corte-25cm-factorled.jpg\",\"contentUrl\":\"https:\\\/\\\/starlediluminacion.com\\\/wp-content\\\/uploads\\\/2023\\\/09\\\/neon-led-5-metros-blanco-frio-6000k-led-6mm-12v-corte-25cm-factorled.jpg\",\"width\":1000,\"height\":1000},{\"@type\":\"BreadcrumbList\",\"@id\":\"https:\\\/\\\/starlediluminacion.com\\\/producto\\\/neon-led-5-metros-blanco-frio-6000k-led-6mm-12v-corte-25cm\\\/#breadcrumb\",\"itemListElement\":[{\"@type\":\"ListItem\",\"position\":1,\"name\":\"Portada\",\"item\":\"https:\\\/\\\/starlediluminacion.com\\\/\"},{\"@type\":\"ListItem\",\"position\":2,\"name\":\"Shop\",\"item\":\"https:\\\/\\\/starlediluminacion.com\\\/shop-2\\\/\"},{\"@type\":\"ListItem\",\"position\":3,\"name\":\"Ne\u00f3n LED &#8211; 5 metros &#8211; Blanco Fr\u00edo &#8211; 6000K &#8211; LED 6mm- 12V &#8211; Corte 2,5cm\"}]},{\"@type\":\"WebSite\",\"@id\":\"https:\\\/\\\/starlediluminacion.com\\\/#website\",\"url\":\"https:\\\/\\\/starlediluminacion.com\\\/\",\"name\":\"STARLED Iluminacion\",\"description\":\"\",\"potentialAction\":[{\"@type\":\"SearchAction\",\"target\":{\"@type\":\"EntryPoint\",\"urlTemplate\":\"https:\\\/\\\/starlediluminacion.com\\\/?s={search_term_string}\"},\"query-input\":{\"@type\":\"PropertyValueSpecification\",\"valueRequired\":true,\"valueName\":\"search_term_string\"}}],\"inLanguage\":\"it-IT\"}]}<\/script>\n<!-- \/ Yoast SEO plugin. -->","yoast_head_json":{"title":"Ne\u00f3n LED - 5 metros - Blanco Fr\u00edo - 6000K - LED 6mm- 12V - Corte 2,5cm - STARLED Iluminacion","robots":{"index":"index","follow":"follow","max-snippet":"max-snippet:-1","max-image-preview":"max-image-preview:large","max-video-preview":"max-video-preview:-1"},"canonical":"https:\/\/starlediluminacion.com\/it\/product\/neon-led-5-metros-blanco-frio-6000k-led-6mm-12v-corte-25cm\/","og_locale":"it_IT","og_type":"article","og_title":"Ne\u00f3n LED - 5 metros - Blanco Fr\u00edo - 6000K - LED 6mm- 12V - Corte 2,5cm - STARLED Iluminacion","og_description":"REFERENCIA: SLFL95100    \u00a1Eleva tu espacio con el Ne\u00f3n LED de 5 metros. Brillantez deslumbrante, versatilidad y eficiencia energ\u00e9tica en uno. Perfecto para hogar, negocios y eventos. \u00a1Haz clic y transforma tu iluminaci\u00f3n hoy mismo!, la instalaci\u00f3n muy sencilla. Uso interior y exterior IP65.\u00a0Se puede cortar cada 2.5cm.      \u00a0Entrega en 24\/48 horas \u00a0Garant\u00eda asegurada \u00a020 unidad(es) por Masterbox    \u00a0","og_url":"https:\/\/starlediluminacion.com\/it\/product\/neon-led-5-metros-blanco-frio-6000k-led-6mm-12v-corte-25cm\/","og_site_name":"STARLED Iluminacion","article_modified_time":"2024-01-07T13:25:41+00:00","og_image":[{"width":1000,"height":1000,"url":"https:\/\/starlediluminacion.com\/wp-content\/uploads\/2023\/09\/neon-led-5-metros-blanco-frio-6000k-led-6mm-12v-corte-25cm-factorled.jpg","type":"image\/jpeg"}],"twitter_card":"summary_large_image","twitter_misc":{"Tempo di lettura stimato":"3 minuti"},"schema":{"@context":"https:\/\/schema.org","@graph":[{"@type":"WebPage","@id":"https:\/\/starlediluminacion.com\/producto\/neon-led-5-metros-blanco-frio-6000k-led-6mm-12v-corte-25cm\/","url":"https:\/\/starlediluminacion.com\/producto\/neon-led-5-metros-blanco-frio-6000k-led-6mm-12v-corte-25cm\/","name":"Ne\u00f3n LED - 5 metros - Blanco Fr\u00edo - 6000K - LED 6mm- 12V - Corte 2,5cm - STARLED Iluminacion","isPartOf":{"@id":"https:\/\/starlediluminacion.com\/#website"},"primaryImageOfPage":{"@id":"https:\/\/starlediluminacion.com\/producto\/neon-led-5-metros-blanco-frio-6000k-led-6mm-12v-corte-25cm\/#primaryimage"},"image":{"@id":"https:\/\/starlediluminacion.com\/producto\/neon-led-5-metros-blanco-frio-6000k-led-6mm-12v-corte-25cm\/#primaryimage"},"thumbnailUrl":"https:\/\/starlediluminacion.com\/wp-content\/uploads\/2023\/09\/neon-led-5-metros-blanco-frio-6000k-led-6mm-12v-corte-25cm-factorled.jpg","datePublished":"2023-09-25T15:16:36+00:00","dateModified":"2024-01-07T13:25:41+00:00","breadcrumb":{"@id":"https:\/\/starlediluminacion.com\/producto\/neon-led-5-metros-blanco-frio-6000k-led-6mm-12v-corte-25cm\/#breadcrumb"},"inLanguage":"it-IT","potentialAction":[{"@type":"ReadAction","target":["https:\/\/starlediluminacion.com\/producto\/neon-led-5-metros-blanco-frio-6000k-led-6mm-12v-corte-25cm\/"]}]},{"@type":"ImageObject","inLanguage":"it-IT","@id":"https:\/\/starlediluminacion.com\/producto\/neon-led-5-metros-blanco-frio-6000k-led-6mm-12v-corte-25cm\/#primaryimage","url":"https:\/\/starlediluminacion.com\/wp-content\/uploads\/2023\/09\/neon-led-5-metros-blanco-frio-6000k-led-6mm-12v-corte-25cm-factorled.jpg","contentUrl":"https:\/\/starlediluminacion.com\/wp-content\/uploads\/2023\/09\/neon-led-5-metros-blanco-frio-6000k-led-6mm-12v-corte-25cm-factorled.jpg","width":1000,"height":1000},{"@type":"BreadcrumbList","@id":"https:\/\/starlediluminacion.com\/producto\/neon-led-5-metros-blanco-frio-6000k-led-6mm-12v-corte-25cm\/#breadcrumb","itemListElement":[{"@type":"ListItem","position":1,"name":"Portada","item":"https:\/\/starlediluminacion.com\/"},{"@type":"ListItem","position":2,"name":"Shop","item":"https:\/\/starlediluminacion.com\/shop-2\/"},{"@type":"ListItem","position":3,"name":"Ne\u00f3n LED &#8211; 5 metros &#8211; Blanco Fr\u00edo &#8211; 6000K &#8211; LED 6mm- 12V &#8211; Corte 2,5cm"}]},{"@type":"WebSite","@id":"https:\/\/starlediluminacion.com\/#website","url":"https:\/\/starlediluminacion.com\/","name":"STARLED Iluminacion","description":"","potentialAction":[{"@type":"SearchAction","target":{"@type":"EntryPoint","urlTemplate":"https:\/\/starlediluminacion.com\/?s={search_term_string}"},"query-input":{"@type":"PropertyValueSpecification","valueRequired":true,"valueName":"search_term_string"}}],"inLanguage":"it-IT"}]}},"_links":{"self":[{"href":"https:\/\/starlediluminacion.com\/it\/wp-json\/wp\/v3\/product\/10921","targetHints":{"allow":["GET"]}}],"collection":[{"href":"https:\/\/starlediluminacion.com\/it\/wp-json\/wp\/v3\/product"}],"about":[{"href":"https:\/\/starlediluminacion.com\/it\/wp-json\/wp\/v2\/types\/product"}],"wp:featuredmedia":[{"embeddable":true,"href":"https:\/\/starlediluminacion.com\/it\/wp-json\/wp\/v2\/media\/10929"}],"wp:attachment":[{"href":"https:\/\/starlediluminacion.com\/it\/wp-json\/wp\/v2\/media?parent=10921"}],"wp:term":[{"taxonomy":"product_cat","embeddable":true,"href":"https:\/\/starlediluminacion.com\/it\/wp-json\/wp\/v2\/product_cat?post=10921"},{"taxonomy":"product_tag","embeddable":true,"href":"https:\/\/starlediluminacion.com\/it\/wp-json\/wp\/v2\/product_tag?post=10921"}],"curies":[{"name":"wp","href":"https:\/\/api.w.org\/{rel}","templated":true}]}}