{"id":10873,"date":"2023-09-25T14:48:49","date_gmt":"2023-09-25T14:48:49","guid":{"rendered":"https:\/\/starlediluminacion.com\/?post_type=product&#038;p=10873"},"modified":"2024-01-07T13:29:44","modified_gmt":"2024-01-07T13:29:44","slug":"tira-led-24v-rgb-120xled-m-5m-smd3535-560lm-15w-m-ip20","status":"publish","type":"product","link":"https:\/\/starlediluminacion.com\/it\/product\/tira-led-24v-rgb-120xled-m-5m-smd3535-560lm-15w-m-ip20\/","title":{"rendered":"<p>Striscia LED 24V RGB | 120xLED\/m | 5m | SMD3535 | 560Lm | 15W\/M | IP20<\/p>"},"content":{"rendered":"<h1>Striscia LED 24V RGB | 120xLED\/m | 5m | SMD3535 | 560Lm | 15W\/M | IP20<p>Questo&nbsp;<strong>Striscia LED 24V<\/strong>&nbsp;DC 120LED\/m&nbsp;<strong>RGB IP20<\/strong>&nbsp;ha una lunghezza di&nbsp;<strong>5 metri<\/strong>&nbsp;e integra la tecnologia SMD3535 ad alta efficienza che consuma solo 15 watt al metro. La luce brillante e colorata che emette si diffonde su un angolo di 120\u00b0.<\/p><p>La striscia LED RGB da 24 V pu\u00f2 essere utilizzata per&nbsp;<strong>tagliati a 5 cm di lunghezza<\/strong>&nbsp;che consente di perfezionare l'installazione.<\/p><p>La nostra striscia LED \u00e8 autoadesiva per una facile installazione. Per alimentare la striscia LED \u00e8 necessario un alimentatore a corrente continua (CC) costante. Il&nbsp;<strong>Strisce LED<\/strong>&nbsp;pu\u00f2 essere&nbsp;<strong>regolare<\/strong>&nbsp;l'intensit\u00e0 (-<strong>Dimmerabili<\/strong>-).<\/p><p>La striscia LED pu\u00f2 essere tagliata e unita negli spazi indicati sulla striscia (area di giunzione del rame), seguendo sempre le relative istruzioni (fare attenzione che il saldatore mantenga un breve contatto con la striscia durante la saldatura, poich\u00e9 un calore eccessivo danneggia il conduttore).<\/p><p>Si raccomanda che qualsiasi tipo di installazione di questo tipo non superi i 10 metri per evitare cadute di tensione nella corrente continua che alimenta le strisce LED, anche se si ha la possibilit\u00e0 di alimentare la striscia da entrambe le estremit\u00e0, opzione pi\u00f9 consigliabile se si intende installare 20 metri continui. Per l'installazione di pi\u00f9 metri continui, \u00e8 necessario installare amplificatori di segnale per la striscia LED.<\/p><p>Per aumentare la durata di vita della striscia LED, \u00e8 necessario&nbsp;<strong>raccomandato<\/strong>&nbsp;utilizzare il&nbsp;<strong>nastro per dissipatori di calore<\/strong>&nbsp;bifacciale, nonch\u00e9 di posizionarlo su&nbsp;<strong>profilo in alluminio<\/strong>per una corretta gestione del calore della striscia LED stessa.<\/p><p>Sul nostro sito web \u00e8 possibile trovare sia amplificatori di segnale, sia nastri di dissipazione, accessori di incollaggio, alimentatori, unit\u00e0 di alimentazione per&nbsp;<strong>12-24v,<\/strong>&nbsp;nonch\u00e9 i profili in alluminio.<\/p><p>Le strisce LED sono ideali per illuminare qualsiasi tipo di angolo o elemento dell'azienda o della casa, grazie alla loro flessibilit\u00e0. Si pu\u00f2 dire che uno dei loro principali vantaggi \u00e8 la grande versatilit\u00e0 di utilizzo che possono avere, in quanto possono essere installati in qualsiasi area e adattarsi a qualsiasi angolo, e quindi essere collocati in qualsiasi posizione, grazie al loro design lineare adattabile.<\/p><h2>\nUsi della striscia LED 24V RGB | 120xLED\/m | 5m | SMD3535 | 560Lm | 15W\/M | IP20<\/h2><ul>\n<li>&nbsp;&nbsp;&nbsp; Nelle biblioteche<\/li>\n<li>&nbsp;&nbsp;&nbsp; Bar<\/li>\n<li>&nbsp;&nbsp;&nbsp; Casa<\/li>\n<li>&nbsp;&nbsp;&nbsp; Ristoranti<\/li>\n<li>&nbsp;&nbsp;&nbsp; Coperture<\/li>\n<\/ul><h3 class=\"page-product-heading\">DATI TECNICI<\/h3><div class=\"col-xs-12 col-md-6\">\n<table class=\"table table-data-sheet 1\">\n<tbody>\n<tr class=\"odd\">\n<td valign=\"middle\" width=\"32\"><\/td>\n<td valign=\"middle\">RIFERIMENTO :<\/td>\n<td valign=\"middle\">SLSP120D15W-RGB-91762<\/td>\n<\/tr>\n<tr class=\"even\">\n<td valign=\"middle\" width=\"32\"><\/td>\n<td valign=\"middle\">Potenza nominale :<\/td>\n<td valign=\"middle\">15W<\/td>\n<\/tr>\n<tr class=\"odd\">\n<td valign=\"middle\" width=\"32\"><\/td>\n<td valign=\"middle\">Tensione nominale:<\/td>\n<td valign=\"middle\">24 V CC<\/td>\n<\/tr>\n<tr class=\"even\">\n<td valign=\"middle\" width=\"32\"><\/td>\n<td valign=\"middle\">Temperatura della luce:<\/td>\n<td valign=\"middle\">RGB<\/td>\n<\/tr>\n<tr class=\"odd\">\n<td valign=\"middle\" width=\"32\"><\/td>\n<td valign=\"middle\">CRI - Indice di resa cromatica:<\/td>\n<td valign=\"middle\">80<\/td>\n<\/tr>\n<tr class=\"even\">\n<td valign=\"middle\" width=\"32\"><\/td>\n<td valign=\"middle\">Materiale da costruzione:<\/td>\n<td valign=\"middle\">PCB<\/td>\n<\/tr>\n<tr class=\"odd\">\n<td valign=\"middle\" width=\"32\"><\/td>\n<td valign=\"middle\">Tipo di LED:<\/td>\n<td valign=\"middle\">SMD3535 RGB<\/td>\n<\/tr>\n<tr class=\"even\">\n<td valign=\"middle\" width=\"32\"><\/td>\n<td valign=\"middle\">Angolo di apertura (\u00ba):<\/td>\n<td valign=\"middle\">120\u00ba<\/td>\n<\/tr>\n<tr class=\"odd\">\n<td valign=\"middle\" width=\"32\"><\/td>\n<td valign=\"middle\">Dimmerabile:<\/td>\n<td valign=\"middle\">S\u00cc<\/td>\n<\/tr>\n<tr class=\"even\">\n<td valign=\"middle\" width=\"32\"><\/td>\n<td valign=\"middle\">Certificati:<\/td>\n<td valign=\"middle\">CE - ROHS<\/td>\n<\/tr>\n<\/tbody>\n<\/table>\n<\/div><div class=\"col-xs-12 col-md-6 2\">\n<table class=\"table table-data-sheet 2\">\n<tbody>\n<tr class=\"odd\">\n<td valign=\"middle\" width=\"32\"><\/td>\n<td valign=\"middle\">Grado di protezione IP:<\/td>\n<td valign=\"middle\">IP20<\/td>\n<\/tr>\n<tr class=\"even\">\n<td valign=\"middle\" width=\"32\"><\/td>\n<td valign=\"middle\">Durata stimata del diodo LED (H):<\/td>\n<td valign=\"middle\">100.000<\/td>\n<\/tr>\n<tr class=\"odd\">\n<td valign=\"middle\" width=\"32\"><\/td>\n<td valign=\"middle\">Dimensioni (mm):<\/td>\n<td valign=\"middle\">5m. x 8mm<\/td>\n<\/tr>\n<tr class=\"even\">\n<td valign=\"middle\" width=\"32\"><\/td>\n<td valign=\"middle\">Frequenza di lavoro (Hz):<\/td>\n<td valign=\"middle\">50\/60Hz<\/td>\n<\/tr>\n<tr class=\"odd\">\n<td valign=\"middle\" width=\"32\"><\/td>\n<td valign=\"middle\">Intervallo di temperatura (\u00baC):<\/td>\n<td valign=\"middle\">-20\u00b0C ~ +55\u00b0C<\/td>\n<\/tr>\n<tr class=\"even\">\n<td valign=\"middle\" width=\"32\"><\/td>\n<td valign=\"middle\">Cicli di accensione:<\/td>\n<td valign=\"middle\">100.000<\/td>\n<\/tr>\n<tr class=\"odd\">\n<td valign=\"middle\" width=\"32\"><\/td>\n<td valign=\"middle\">Classe energetica (2021-EU-2019\/2015):<\/td>\n<td valign=\"middle\">A+<\/td>\n<\/tr>\n<tr class=\"even\">\n<td valign=\"middle\" width=\"32\"><\/td>\n<td valign=\"middle\">Classe energetica (2023 - UE-2019\/2015):<\/td>\n<td valign=\"middle\">F<\/td>\n<\/tr>\n<tr class=\"odd\">\n<td valign=\"middle\" width=\"32\"><\/td>\n<td valign=\"middle\">Anni di garanzia:<\/td>\n<td valign=\"middle\">5<\/td>\n<\/tr>\n<\/tbody>\n<\/table>\n<p>&nbsp;<\/p>\n<\/div><\/h1>","protected":false},"excerpt":{"rendered":"<div class=\"product-info-line\">\n<p id=\"product_reference\"><label>RIFERIMENTO: SL<span style=\"font-size: 16px;\">SP120D15W-RGB-91762<\/span><\/label><\/p>\n<div class=\"hidden-xs parrafo\">\n<p><strong>Striscia LED<\/strong>&nbsp;<strong>RGBW 15W al metro<\/strong>&nbsp;di colori per&nbsp;<strong>24V<\/strong>&nbsp;y&nbsp;<strong>5 metri<\/strong>&nbsp;con nastro adesivo per una facile installazione. Progettato per l'installazione in interni. Perfetto per decorare tutti i tipi di spazi. Richiede un alimentatore e si consiglia di installarlo su un profilo di alluminio per una buona dissipazione del calore.<\/p>\n<\/div>\n<div id=\"views_block-1\" class=\"clearfix\">\n<div id=\"thumbs_list\">\n<div class=\"col-md-12\"><i class=\"fa fa-truck\"><\/i>&nbsp;<span class=\"text-muted textprop\">Consegna in 24\/48 ore<\/span><\/div>\n<div class=\"col-md-12\"><i class=\"fa fa-exchange\"><\/i>&nbsp;<span class=\"text-muted textprop\">Garanzia assicurata<\/span><\/div>\n<div class=\"col-md-12\"><i class=\"fa fa-box\"><\/i>&nbsp;<span class=\"text-muted textprop\">50 unit\u00e0 per Masterbox<\/span><\/div>\n<\/div>\n<\/div>\n<\/div>","protected":false},"featured_media":10874,"template":"","meta":{"site-sidebar-layout":"default","site-content-layout":"default","ast-global-header-display":"","ast-main-header-display":"","ast-hfb-above-header-display":"","ast-hfb-below-header-display":"","ast-hfb-mobile-header-display":"","site-post-title":"","ast-breadcrumbs-content":"","ast-featured-img":"","footer-sml-layout":"","theme-transparent-header-meta":"default","adv-header-id-meta":"","stick-header-meta":"","header-above-stick-meta":"","header-main-stick-meta":"","header-below-stick-meta":""},"product_cat":[89,45],"product_tag":[],"class_list":["post-10873","product","type-product","status-publish","has-post-thumbnail","hentry","product_cat-tiras-led-24v-dc","product_cat-tiras-led-y-neon-flexible"],"_links":{"self":[{"href":"https:\/\/starlediluminacion.com\/it\/wp-json\/wp\/v3\/product\/10873","targetHints":{"allow":["GET"]}}],"collection":[{"href":"https:\/\/starlediluminacion.com\/it\/wp-json\/wp\/v3\/product"}],"about":[{"href":"https:\/\/starlediluminacion.com\/it\/wp-json\/wp\/v2\/types\/product"}],"wp:featuredmedia":[{"embeddable":true,"href":"https:\/\/starlediluminacion.com\/it\/wp-json\/wp\/v2\/media\/10874"}],"wp:attachment":[{"href":"https:\/\/starlediluminacion.com\/it\/wp-json\/wp\/v2\/media?parent=10873"}],"wp:term":[{"taxonomy":"product_cat","embeddable":true,"href":"https:\/\/starlediluminacion.com\/it\/wp-json\/wp\/v2\/product_cat?post=10873"},{"taxonomy":"product_tag","embeddable":true,"href":"https:\/\/starlediluminacion.com\/it\/wp-json\/wp\/v2\/product_tag?post=10873"}],"curies":[{"name":"wp","href":"https:\/\/api.w.org\/{rel}","templated":true}]}}