{"id":10276,"date":"2023-09-14T09:58:57","date_gmt":"2023-09-14T09:58:57","guid":{"rendered":"https:\/\/starlediluminacion.com\/?post_type=product&#038;p=10276"},"modified":"2023-12-01T10:56:14","modified_gmt":"2023-12-01T10:56:14","slug":"fuente-alimentacion-24v-60w-2-5a-aluminio-ip20-gxtronic","status":"publish","type":"product","link":"https:\/\/starlediluminacion.com\/it\/product\/fuente-alimentacion-24v-60w-2-5a-aluminio-ip20-gxtronic\/","title":{"rendered":"<p>Alimentazione 24V 60W 2,5A - Alluminio IP20 - GXtronic<\/p>"},"content":{"rendered":"<h1>Fuente Alimentaci&oacute;n &ndash; 24V&nbsp;&ndash; 60W &ndash; Aluminio &ndash; 5 Amperios<p>L'alimentatore per strisce LED \u00e8 stato progettato meticolosamente per offrire un'esperienza di illuminazione eccezionale. Grazie alla tensione continua costante, questo alimentatore offre un'alimentazione stabile e affidabile per le strisce LED, assicurando che le luci brillino in modo costante e duraturo.<\/p><p>Una de las caracter&iacute;sticas m&aacute;s destacadas de esta fuente de alimentaci&oacute;n es su alta eficiencia energ&eacute;tica. Gracias a la tecnolog&iacute;a de vanguardia incorporada, logra maximizar la conversi&oacute;n de energ&iacute;a, lo que significa que obtendr&aacute;s una iluminaci&oacute;n brillante y vibrante sin desperdiciar energ&iacute;a innecesariamente. No solo te beneficiar&aacute;s t&uacute;, sino tambi&eacute;n el medio ambiente, ya que estar&aacute;s reduciendo tu consumo el&eacute;ctrico y contribuyendo a la sostenibilidad.<\/p><p>L'attenzione alle prestazioni e alla sicurezza si riflette nel design di questo alimentatore. Realizzato in alluminio di alta qualit\u00e0, non solo offre un aspetto elegante e moderno, ma garantisce anche un'eccellente dissipazione del calore. Inoltre, il suo involucro perforato consente un raffreddamento naturale per convezione dell'aria, eliminando la necessit\u00e0 di ventole rumorose o sistemi di raffreddamento complicati. Questo \u00e8 particolarmente vantaggioso quando si dispone di spazio limitato, poich\u00e9 il suo design sottile si adatta perfettamente a spazi stretti e compatti.<\/p><p>Ma la protezione non si ferma qui. Questo alimentatore \u00e8 progettato per prevenire i danni alle strisce LED causati da picchi di tensione o di corrente. Grazie al circuito di protezione integrato, le vostre luci saranno protette da qualsiasi fluttuazione elettrica che potrebbe danneggiarne il funzionamento o ridurne la durata. Potete essere certi che le vostre strisce LED saranno sempre al sicuro e protette.<\/p><p>Ahora, hablemos de los modos programables, una caracter&iacute;stica que eleva la versatilidad de esta fuente de alimentaci&oacute;n. Con sus&nbsp;4 modos manuales, podr&aacute;s personalizar y adaptar la iluminaci&oacute;n seg&uacute;n tus necesidades espec&iacute;ficas.<\/p><p><strong>1- Posici&oacute;n A:&nbsp;La&nbsp;fuente de alimentaci&oacute;n te entrega el 100%.&nbsp;<\/strong><\/p><p><strong>2-&nbsp;Posici&oacute;n B:La fuente de alimentaci&oacute;n te entrega el 50%.&nbsp;<\/strong><\/p><p><strong>3-&nbsp;Posici&oacute;n C:La fuente de alimentaci&oacute;n te entrega el 20%.&nbsp;<\/strong><\/p><p><strong>4-&nbsp;Posici&oacute;n B:La fuente de alimentaci&oacute;n te entrega el 10%.&nbsp;<\/strong><\/p><p>&nbsp;<\/p><p>L'alimentatore per strisce LED \u00e8 un componente essenziale per un'ampia gamma di applicazioni in cui vengono utilizzate strisce LED. La sua versatilit\u00e0 e le sue prestazioni eccezionali lo rendono la scelta ideale per una variet\u00e0 di ambienti e progetti.<\/p><p>Questo tipo di alimentatore \u00e8 comunemente utilizzato in applicazioni di illuminazione residenziale, commerciale e industriale. Negli ambienti residenziali, pu\u00f2 essere utilizzato per mettere in risalto aree specifiche della casa, come sotto i mobili della cucina, dietro i televisori o nelle vetrine, creando un'illuminazione ambientale attraente e piacevole. Pu\u00f2 essere utilizzato anche in spazi esterni, come giardini, patii o terrazze, per creare un'atmosfera accogliente e mettere in risalto le caratteristiche architettoniche.<\/p><p>Negli ambienti commerciali, l'alimentatore per strisce LED trova applicazione in negozi al dettaglio, ristoranti, bar e hotel. Pu\u00f2 essere utilizzato per mettere in evidenza prodotti o elementi decorativi, creando un'atmosfera attraente che cattura l'attenzione dei clienti e migliora l'esperienza complessiva. Inoltre, in spazi di lavoro come uffici o studi, questo alimentatore pu\u00f2 fornire un'illuminazione adeguata per aumentare la produttivit\u00e0 e il benessere dei dipendenti.<\/p><p>Negli ambienti industriali, dove l'illuminazione svolge un ruolo cruciale per la sicurezza e l'efficienza, l'alimentatore per strisce LED \u00e8 ampiamente utilizzato. Si trovano nei magazzini, nelle fabbriche o nelle aree di produzione e forniscono un'illuminazione luminosa e uniforme che garantisce visibilit\u00e0 e prestazioni ottimali.<\/p><p>Oltre che in questi ambienti, questo alimentatore pu\u00f2 essere utilizzato anche in applicazioni specializzate come l'illuminazione dei veicoli, la segnaletica e i display commerciali. Il suo design sottile e la capacit\u00e0 di adattarsi a spazi ristretti lo rendono una scelta popolare quando lo spazio \u00e8 limitato.<\/p><h3 class=\"page-product-heading\">DATI TECNICI<\/h3><div class=\"col-xs-12 col-md-6\">\n<table class=\"table table-data-sheet 1\">\n<tbody>\n<tr class=\"odd\">\n<td valign=\"middle\" width=\"32\"><\/td>\n<td valign=\"middle\">RIFERIMENTO :<\/td>\n<td valign=\"middle\">SL91659<\/td>\n<\/tr>\n<tr class=\"even\">\n<td valign=\"middle\" width=\"32\"><\/td>\n<td valign=\"middle\">Potenza nominale :<\/td>\n<td valign=\"middle\">60w<\/td>\n<\/tr>\n<tr class=\"odd\">\n<td valign=\"middle\" width=\"32\"><\/td>\n<td valign=\"middle\">Tensione nominale:<\/td>\n<td valign=\"middle\">200V &ndash; 240V AC<\/td>\n<\/tr>\n<tr class=\"even\">\n<td valign=\"middle\" width=\"32\"><\/td>\n<td valign=\"middle\">Materiale da costruzione:<\/td>\n<td valign=\"middle\">Alluminio<\/td>\n<\/tr>\n<tr class=\"odd\">\n<td valign=\"middle\" width=\"32\"><\/td>\n<td valign=\"middle\">Certificati:<\/td>\n<td valign=\"middle\">CE - ROHS<\/td>\n<\/tr>\n<tr class=\"even\">\n<td valign=\"middle\" width=\"32\"><\/td>\n<td valign=\"middle\">Grado di protezione IP:<\/td>\n<td valign=\"middle\">IP20<\/td>\n<\/tr>\n<tr class=\"odd\">\n<td valign=\"middle\" width=\"32\"><\/td>\n<td valign=\"middle\">Durata stimata del diodo LED (H):<\/td>\n<td valign=\"middle\">30.000<\/td>\n<\/tr>\n<tr class=\"even\">\n<td valign=\"middle\" width=\"32\"><\/td>\n<td valign=\"middle\">Dimensioni (mm):<\/td>\n<td valign=\"middle\">128*50*25 mm<\/td>\n<\/tr>\n<\/tbody>\n<\/table>\n<\/div><div class=\"col-xs-12 col-md-6 2\">\n<table class=\"table table-data-sheet 2\">\n<tbody>\n<tr class=\"odd\">\n<td valign=\"middle\" width=\"32\"><\/td>\n<td valign=\"middle\">Frequenza di lavoro (Hz):<\/td>\n<td valign=\"middle\">50\/60Hz<\/td>\n<\/tr>\n<tr class=\"even\">\n<td valign=\"middle\" width=\"32\"><\/td>\n<td valign=\"middle\">Intervallo di temperatura (\u00baC):<\/td>\n<td valign=\"middle\">-20\u00b0C ~ +55\u00b0C<\/td>\n<\/tr>\n<tr class=\"odd\">\n<td valign=\"middle\" width=\"32\"><\/td>\n<td valign=\"middle\">Cicli di accensione:<\/td>\n<td valign=\"middle\">100.000<\/td>\n<\/tr>\n<tr class=\"even\">\n<td valign=\"middle\" width=\"32\"><\/td>\n<td valign=\"middle\">Informazioni aggiuntive:<\/td>\n<td valign=\"middle\">Driver Regulable: 100% &ndash; 50% &ndash; 20% y 10%<\/td>\n<\/tr>\n<tr class=\"odd\">\n<td valign=\"middle\" width=\"32\"><\/td>\n<td valign=\"middle\">Driver incluso:<\/td>\n<td valign=\"middle\">Driver GXTronic<\/td>\n<\/tr>\n<tr class=\"even\">\n<td valign=\"middle\" width=\"32\"><\/td>\n<td valign=\"middle\">Classe energetica (2021-EU-2019\/2015):<\/td>\n<td valign=\"middle\">A<\/td>\n<\/tr>\n<tr class=\"odd\">\n<td valign=\"middle\" width=\"32\"><\/td>\n<td valign=\"middle\">Anni di garanzia:<\/td>\n<td valign=\"middle\">3<\/td>\n<\/tr>\n<\/tbody>\n<\/table>\n<p>&nbsp;<\/p>\n<\/div><\/h1>","protected":false},"excerpt":{"rendered":"<p><strong>REFERENCIA: SL91659<\/strong><p>Scoprite l'alimentatore LE Strips<strong>D &ndash; 60W, 24Voltios DC &ndash;<\/strong>&nbsp;la scelta perfetta, efficiente e sicura! Con una tensione continua costante, questo alimentatore altamente efficiente garantisce un'alimentazione stabile e affidabile per le vostre strisce LED. Il suo design intelligente consente un raffreddamento naturale per convezione dell'aria.<\/p><p><strong>Incorpora&nbsp;un regulador manual&nbsp;programables: 1- 100%. 2-50% 3- 20% 4-10%&nbsp;<\/strong><\/p><p>Non lasciate che la qualit\u00e0 dell'illuminazione sia un problema. Affidatevi al nostro alimentatore per strisce LED da 60W e godetevi un'illuminazione efficiente, duratura e adattabile che trasforma i vostri spazi con una luce di qualit\u00e0 senza complicazioni!<\/p><div class=\"col-md-12\"><i class=\"fa fa-truck\"><\/i><strong>&nbsp;<span class=\"text-muted textprop\">Consegna in 24\/48 ore<\/span><\/strong><\/div><div class=\"col-md-12\"><strong><i class=\"fa fa-exchange\"><\/i>&nbsp;<span class=\"text-muted textprop\">Garanzia assicurata<\/span><\/strong><\/div><div class=\"col-md-12\"><strong><i class=\"fa fa-box\"><\/i>&nbsp;<span class=\"text-muted textprop\">100 unit\u00e0 per Masterbox<\/span><\/strong><\/div><\/p>","protected":false},"featured_media":10280,"template":"","meta":{"site-sidebar-layout":"default","site-content-layout":"default","ast-global-header-display":"","ast-main-header-display":"","ast-hfb-above-header-display":"","ast-hfb-below-header-display":"","ast-hfb-mobile-header-display":"","site-post-title":"","ast-breadcrumbs-content":"","ast-featured-img":"","footer-sml-layout":"","theme-transparent-header-meta":"default","adv-header-id-meta":"","stick-header-meta":"","header-above-stick-meta":"","header-main-stick-meta":"","header-below-stick-meta":""},"product_cat":[74,35],"product_tag":[],"class_list":["post-10276","product","type-product","status-publish","has-post-thumbnail","hentry","product_cat-fuentes-24v","product_cat-fuentes-de-alimentacion-y-driver"],"_links":{"self":[{"href":"https:\/\/starlediluminacion.com\/it\/wp-json\/wp\/v3\/product\/10276","targetHints":{"allow":["GET"]}}],"collection":[{"href":"https:\/\/starlediluminacion.com\/it\/wp-json\/wp\/v3\/product"}],"about":[{"href":"https:\/\/starlediluminacion.com\/it\/wp-json\/wp\/v2\/types\/product"}],"wp:featuredmedia":[{"embeddable":true,"href":"https:\/\/starlediluminacion.com\/it\/wp-json\/wp\/v2\/media\/10280"}],"wp:attachment":[{"href":"https:\/\/starlediluminacion.com\/it\/wp-json\/wp\/v2\/media?parent=10276"}],"wp:term":[{"taxonomy":"product_cat","embeddable":true,"href":"https:\/\/starlediluminacion.com\/it\/wp-json\/wp\/v2\/product_cat?post=10276"},{"taxonomy":"product_tag","embeddable":true,"href":"https:\/\/starlediluminacion.com\/it\/wp-json\/wp\/v2\/product_tag?post=10276"}],"curies":[{"name":"wp","href":"https:\/\/api.w.org\/{rel}","templated":true}]}}