{"id":10235,"date":"2023-07-27T16:31:51","date_gmt":"2023-07-27T16:31:51","guid":{"rendered":"https:\/\/starlediluminacion.com\/?post_type=product&#038;p=10235"},"modified":"2023-09-14T09:04:16","modified_gmt":"2023-09-14T09:04:16","slug":"tira-led-cob-24v-480-led-m-30m-flip-chip-1200lm-12w-m-cri90-ip67","status":"publish","type":"product","link":"https:\/\/starlediluminacion.com\/it\/product\/tira-led-cob-24v-480-led-m-30m-flip-chip-1200lm-12w-m-cri90-ip67\/","title":{"rendered":"<p>Striscia LED COB 24V | 480 LED\/m | 30m | FLIP CHIP | 1200Lm | 12W\/M | CRI90 | IP67<\/p>"},"content":{"rendered":"<h1>Striscia LED COB 24V | 480 LED\/m | 30m | FLIP CHIP | 1200Lm | 12W\/M | CRI90 | IP67<p>Il nostro&nbsp;<strong>Striscia LED COB 24 Volt 12W<\/strong>&nbsp;\u00e8 autoadesivo per facilitare l'installazione. La striscia LED richiede un'alimentazione a corrente continua (CC) costante per essere alimentata.  Le strisce LED possono essere dimmerabili (-<strong>Dimmerabili<\/strong>-).<\/p><p>Questa striscia LED COB \u00e8 composta da 480 chip FLIPCHIP per metro, in modo da ottenere una luce uniforme su tutta la striscia, oltre ad avere prestazioni Lm\/W pi\u00f9 elevate rispetto ai tradizionali LED SMD.<\/p><p>Con il suo&nbsp;<strong>CRI &gt;90<\/strong>&nbsp;abbiamo capito che i colori sembrano molto reali. Ci\u00f2 rende questa striscia LED perfetta per illuminare gli spazi in cui vogliamo che i colori siano perfetti.<\/p><p>La striscia LED pu\u00f2 essere tagliata e unita negli spazi indicati sulla striscia (area di giunzione del rame), seguendo sempre le relative istruzioni (fare attenzione che il saldatore mantenga un breve contatto con la striscia durante la saldatura, poich\u00e9 un calore eccessivo danneggia il conduttore).<br>\nSi raccomanda che qualsiasi tipo di installazione di questo tipo non superi i 10 metri per evitare cadute di tensione nella corrente continua che alimenta le strisce LED, anche se si ha la possibilit\u00e0 di alimentare la striscia da entrambe le estremit\u00e0, opzione pi\u00f9 consigliabile se si intende installare 20 metri continui.  Per l'installazione di pi\u00f9 metri continui, \u00e8 necessario installare amplificatori di segnale per la striscia LED.<\/p><p>Per aumentare la durata di vita della striscia LED, \u00e8 necessario&nbsp;<strong>raccomandato<\/strong>&nbsp;utilizzare il&nbsp;<strong>nastro per dissipatori di calore<\/strong>&nbsp;bifacciale, nonch\u00e9 di posizionarlo su&nbsp;<strong>profilo in alluminio<\/strong>per una corretta gestione del calore della striscia LED stessa.<\/p><p>Sul nostro sito web potete trovare amplificatori di segnale, nastri dissipativi, accessori per l'incollaggio, alimentatori da 12-24 V e profili in alluminio.<\/p><p>Il&nbsp;<strong>Strisce LED<\/strong>&nbsp;sono ideali per illuminare qualsiasi angolo o elemento dell'azienda o della casa, grazie alla loro flessibilit\u00e0. Si pu\u00f2 dire che uno dei loro principali vantaggi \u00e8 la grande versatilit\u00e0 di utilizzo che possono avere, in quanto possono essere installati in qualsiasi area e adattarsi a qualsiasi angolo, e possono essere collocati in qualsiasi posizione, grazie al loro design lineare adattabile.<\/p><p>&nbsp;<\/p><h2 dir=\"ltr\">Usi della striscia LED COB 24V | 480 LED\/m | 30m | FLIP CHIP | 1200Lm | 12W\/M | CRI90 | IP67<\/h2><ul>\n<li>Nelle biblioteche<\/li>\n<li>Bar<\/li>\n<li>Casa<\/li>\n<li>Ristoranti<\/li>\n<li>Coperture<\/li>\n<li>Negozi<\/li>\n<\/ul><h3 class=\"page-product-heading\">DATI TECNICI<\/h3><div class=\"col-xs-12 col-md-6\">\n<table class=\"table table-data-sheet 1\">\n<tbody>\n<tr class=\"odd\">\n<td valign=\"middle\" width=\"32\"><\/td>\n<td valign=\"middle\">RIFERIMENTO :<\/td>\n<td valign=\"middle\">SLSP480D12W30M<\/td>\n<\/tr>\n<tr class=\"even\">\n<td valign=\"middle\" width=\"32\"><\/td>\n<td valign=\"middle\">Potenza nominale :<\/td>\n<td valign=\"middle\">12w*30m<\/td>\n<\/tr>\n<tr class=\"odd\">\n<td valign=\"middle\" width=\"32\"><\/td>\n<td valign=\"middle\">Tensione nominale:<\/td>\n<td valign=\"middle\">24 V CC<\/td>\n<\/tr>\n<tr class=\"even\">\n<td valign=\"middle\" width=\"32\"><\/td>\n<td valign=\"middle\">Temperatura della luce:<\/td>\n<td valign=\"middle\">2700K - 4000K - 5700K<\/td>\n<\/tr>\n<tr class=\"odd\">\n<td valign=\"middle\" width=\"32\"><\/td>\n<td valign=\"middle\">CRI - Indice di resa cromatica:<\/td>\n<td valign=\"middle\">90<\/td>\n<\/tr>\n<tr class=\"even\">\n<td valign=\"middle\" width=\"32\"><\/td>\n<td valign=\"middle\">Luminosit\u00e0-Lm:<\/td>\n<td valign=\"middle\">1 metro: 1200Lm\/W - 30 metri: 36000Lm<\/td>\n<\/tr>\n<tr class=\"odd\">\n<td valign=\"middle\" width=\"32\"><\/td>\n<td valign=\"middle\">Tipo di LED:<\/td>\n<td valign=\"middle\">COB<\/td>\n<\/tr>\n<tr class=\"even\">\n<td valign=\"middle\" width=\"32\"><\/td>\n<td valign=\"middle\">Angolo di apertura (\u00ba):<\/td>\n<td valign=\"middle\">180\u00ba<\/td>\n<\/tr>\n<tr class=\"odd\">\n<td valign=\"middle\" width=\"32\"><\/td>\n<td valign=\"middle\">Efficienza del diodo LED (Lm\/W):<\/td>\n<td valign=\"middle\">240 Lm\/W<\/td>\n<\/tr>\n<tr class=\"even\">\n<td valign=\"middle\" width=\"32\"><\/td>\n<td valign=\"middle\">Efficienza luminosa (Lm\/W):<\/td>\n<td valign=\"middle\">200<\/td>\n<\/tr>\n<tr class=\"odd\">\n<td valign=\"middle\" width=\"32\"><\/td>\n<td valign=\"middle\">Dimmerabile:<\/td>\n<td valign=\"middle\">S\u00cc<\/td>\n<\/tr>\n<\/tbody>\n<\/table>\n<\/div><div class=\"col-xs-12 col-md-6 2\">\n<table class=\"table table-data-sheet 2\">\n<tbody>\n<tr class=\"odd\">\n<td valign=\"middle\" width=\"32\"><\/td>\n<td valign=\"middle\">Certificati:<\/td>\n<td valign=\"middle\">CE - ROHS<\/td>\n<\/tr>\n<tr class=\"even\">\n<td valign=\"middle\" width=\"32\"><\/td>\n<td valign=\"middle\">Grado di protezione IP:<\/td>\n<td valign=\"middle\">IP67-Outdoor<\/td>\n<\/tr>\n<tr class=\"odd\">\n<td valign=\"middle\" width=\"32\"><\/td>\n<td valign=\"middle\">Durata stimata del diodo LED (H):<\/td>\n<td valign=\"middle\">100.000<\/td>\n<\/tr>\n<tr class=\"even\">\n<td valign=\"middle\" width=\"32\"><\/td>\n<td valign=\"middle\">Dimensioni (mm):<\/td>\n<td valign=\"middle\">5m. x 8mm<\/td>\n<\/tr>\n<tr class=\"odd\">\n<td valign=\"middle\" width=\"32\"><\/td>\n<td valign=\"middle\">Intervallo di temperatura (\u00baC):<\/td>\n<td valign=\"middle\">-20\u00b0C ~ +55\u00b0C<\/td>\n<\/tr>\n<tr class=\"even\">\n<td valign=\"middle\" width=\"32\"><\/td>\n<td valign=\"middle\">Cicli di accensione:<\/td>\n<td valign=\"middle\">100.000<\/td>\n<\/tr>\n<tr class=\"odd\">\n<td valign=\"middle\" width=\"32\"><\/td>\n<td valign=\"middle\">Informazioni aggiuntive:<\/td>\n<td valign=\"middle\">Taglio: 50 mm<\/td>\n<\/tr>\n<tr class=\"even\">\n<td valign=\"middle\" width=\"32\"><\/td>\n<td valign=\"middle\">Classe energetica (2021-EU-2019\/2015):<\/td>\n<td valign=\"middle\">A+<\/td>\n<\/tr>\n<tr class=\"odd\">\n<td valign=\"middle\" width=\"32\"><\/td>\n<td valign=\"middle\">Classe energetica (2023 - UE-2019\/2015):<\/td>\n<td valign=\"middle\">F<\/td>\n<\/tr>\n<tr class=\"even\">\n<td valign=\"middle\" width=\"32\"><\/td>\n<td valign=\"middle\">Anni di garanzia:<\/td>\n<td valign=\"middle\">3<\/td>\n<\/tr>\n<\/tbody>\n<\/table>\n<p>&nbsp;<\/p>\n<\/div><\/h1>","protected":false},"excerpt":{"rendered":"<p><strong><label>RIFERIMENTO:<\/label>&nbsp;SL<span class=\"editable\">SP480D12W30M-91021-4K<\/span><\/strong><p><strong>Bobina di 30 metri di striscia led COB<\/strong>&nbsp;da&nbsp;<strong>12W&nbsp;<\/strong>a&nbsp;<strong>24V<\/strong><strong>&nbsp;<\/strong>con nastro adesivo per una facile installazione. Progettato per l'installazione in interni. Perfetto per illuminare ogni tipo di spazio. Richiede un alimentatore e si consiglia di installarlo su un profilo di alluminio per una buona dissipazione del calore.<strong>&nbsp;<\/strong><\/p><p><strong>480 LED\/metro ad alta potenza FLIP CHIP.<\/strong><\/p><p>TEMPERATURA DEL COLORE: <strong>2700K\/4000K\/5700K<\/strong><\/p><div class=\"col-md-12\"><i class=\"fa fa-truck\"><\/i>&nbsp;<span class=\"text-muted textprop\">Consegna in 24\/48 ore<\/span><\/div><div class=\"col-md-12\"><i class=\"fa fa-exchange\"><\/i>&nbsp;<span class=\"text-muted textprop\">Garanzia assicurata<\/span><\/div><div class=\"col-md-12\"><i class=\"fa fa-box\"><\/i>&nbsp;<span class=\"text-muted textprop\">50 unit\u00e0 per Masterbox<\/span><\/div><\/p>","protected":false},"featured_media":10248,"template":"","meta":{"site-sidebar-layout":"default","site-content-layout":"default","ast-global-header-display":"","ast-main-header-display":"","ast-hfb-above-header-display":"","ast-hfb-below-header-display":"","ast-hfb-mobile-header-display":"","site-post-title":"","ast-breadcrumbs-content":"","ast-featured-img":"","footer-sml-layout":"","theme-transparent-header-meta":"default","adv-header-id-meta":"","stick-header-meta":"","header-above-stick-meta":"","header-main-stick-meta":"","header-below-stick-meta":""},"product_cat":[89,45],"product_tag":[],"class_list":["post-10235","product","type-product","status-publish","has-post-thumbnail","hentry","product_cat-tiras-led-24v-dc","product_cat-tiras-led-y-neon-flexible"],"yoast_head":"<!-- This site is optimized with the Yoast SEO plugin v27.4 - https:\/\/yoast.com\/product\/yoast-seo-wordpress\/ -->\n<title>Tira LED COB 24V | 480 LED\/m | 30m | FLIP CHIP | 1200Lm |12W\/M | CRI90 | IP67 - STARLED Iluminacion<\/title>\n<meta name=\"robots\" content=\"index, follow, max-snippet:-1, max-image-preview:large, max-video-preview:-1\" \/>\n<link rel=\"canonical\" href=\"https:\/\/starlediluminacion.com\/it\/product\/tira-led-cob-24v-480-led-m-30m-flip-chip-1200lm-12w-m-cri90-ip67\/\" \/>\n<meta property=\"og:locale\" content=\"it_IT\" \/>\n<meta property=\"og:type\" content=\"article\" \/>\n<meta property=\"og:title\" content=\"Tira LED COB 24V | 480 LED\/m | 30m | FLIP CHIP | 1200Lm |12W\/M | CRI90 | IP67 - STARLED Iluminacion\" \/>\n<meta property=\"og:description\" content=\"REFERENCIA:\u00a0SLSP480D12W30M-91021-4K  Bobina de 30 metros de Tira led COB\u00a0de\u00a012W\u00a0a\u00a024V\u00a0con cinta adhesiva para facilitar su instalaci\u00f3n. Dise\u00f1ada para su colocaci\u00f3n en interior. Perfecta para\u00a0ILUMINAR\u00a0todo tipo de espacios. Requiere de fuente de alimentaci\u00f3n y es conveniente instalarla sobre un perfil de aluminio para conseguir una buena disipaci\u00f3n del calor.\u00a0  480\u00a0Leds\/metro FLIP CHIP de alta potencia.  TEMPERATURA DE COLOR: 2700K\/4000K\/5700K \u00a0Entrega en 24\/48 horas \u00a0Garant\u00eda asegurada \u00a050 unidad(es) por Masterbox\" \/>\n<meta property=\"og:url\" content=\"https:\/\/starlediluminacion.com\/it\/product\/tira-led-cob-24v-480-led-m-30m-flip-chip-1200lm-12w-m-cri90-ip67\/\" \/>\n<meta property=\"og:site_name\" content=\"STARLED Iluminacion\" \/>\n<meta property=\"article:modified_time\" content=\"2023-09-14T09:04:16+00:00\" \/>\n<meta property=\"og:image\" content=\"https:\/\/starlediluminacion.com\/wp-content\/uploads\/2023\/07\/tira-led-cob-24v-480-ledm-30m-flip-chip-1200lm-12wm-cri90-ip20-factorled.jpg\" \/>\n\t<meta property=\"og:image:width\" content=\"1000\" \/>\n\t<meta property=\"og:image:height\" content=\"1000\" \/>\n\t<meta property=\"og:image:type\" content=\"image\/jpeg\" \/>\n<meta name=\"twitter:card\" content=\"summary_large_image\" \/>\n<meta name=\"twitter:label1\" content=\"Tempo di lettura stimato\" \/>\n\t<meta name=\"twitter:data1\" content=\"3 minuti\" \/>\n<script type=\"application\/ld+json\" class=\"yoast-schema-graph\">{\"@context\":\"https:\\\/\\\/schema.org\",\"@graph\":[{\"@type\":\"WebPage\",\"@id\":\"https:\\\/\\\/starlediluminacion.com\\\/producto\\\/tira-led-cob-24v-480-led-m-30m-flip-chip-1200lm-12w-m-cri90-ip67\\\/\",\"url\":\"https:\\\/\\\/starlediluminacion.com\\\/producto\\\/tira-led-cob-24v-480-led-m-30m-flip-chip-1200lm-12w-m-cri90-ip67\\\/\",\"name\":\"Tira LED COB 24V | 480 LED\\\/m | 30m | FLIP CHIP | 1200Lm |12W\\\/M | CRI90 | IP67 - STARLED Iluminacion\",\"isPartOf\":{\"@id\":\"https:\\\/\\\/starlediluminacion.com\\\/#website\"},\"primaryImageOfPage\":{\"@id\":\"https:\\\/\\\/starlediluminacion.com\\\/producto\\\/tira-led-cob-24v-480-led-m-30m-flip-chip-1200lm-12w-m-cri90-ip67\\\/#primaryimage\"},\"image\":{\"@id\":\"https:\\\/\\\/starlediluminacion.com\\\/producto\\\/tira-led-cob-24v-480-led-m-30m-flip-chip-1200lm-12w-m-cri90-ip67\\\/#primaryimage\"},\"thumbnailUrl\":\"https:\\\/\\\/starlediluminacion.com\\\/wp-content\\\/uploads\\\/2023\\\/07\\\/tira-led-cob-24v-480-ledm-30m-flip-chip-1200lm-12wm-cri90-ip20-factorled.jpg\",\"datePublished\":\"2023-07-27T16:31:51+00:00\",\"dateModified\":\"2023-09-14T09:04:16+00:00\",\"breadcrumb\":{\"@id\":\"https:\\\/\\\/starlediluminacion.com\\\/producto\\\/tira-led-cob-24v-480-led-m-30m-flip-chip-1200lm-12w-m-cri90-ip67\\\/#breadcrumb\"},\"inLanguage\":\"it-IT\",\"potentialAction\":[{\"@type\":\"ReadAction\",\"target\":[\"https:\\\/\\\/starlediluminacion.com\\\/producto\\\/tira-led-cob-24v-480-led-m-30m-flip-chip-1200lm-12w-m-cri90-ip67\\\/\"]}]},{\"@type\":\"ImageObject\",\"inLanguage\":\"it-IT\",\"@id\":\"https:\\\/\\\/starlediluminacion.com\\\/producto\\\/tira-led-cob-24v-480-led-m-30m-flip-chip-1200lm-12w-m-cri90-ip67\\\/#primaryimage\",\"url\":\"https:\\\/\\\/starlediluminacion.com\\\/wp-content\\\/uploads\\\/2023\\\/07\\\/tira-led-cob-24v-480-ledm-30m-flip-chip-1200lm-12wm-cri90-ip20-factorled.jpg\",\"contentUrl\":\"https:\\\/\\\/starlediluminacion.com\\\/wp-content\\\/uploads\\\/2023\\\/07\\\/tira-led-cob-24v-480-ledm-30m-flip-chip-1200lm-12wm-cri90-ip20-factorled.jpg\",\"width\":1000,\"height\":1000},{\"@type\":\"BreadcrumbList\",\"@id\":\"https:\\\/\\\/starlediluminacion.com\\\/producto\\\/tira-led-cob-24v-480-led-m-30m-flip-chip-1200lm-12w-m-cri90-ip67\\\/#breadcrumb\",\"itemListElement\":[{\"@type\":\"ListItem\",\"position\":1,\"name\":\"Portada\",\"item\":\"https:\\\/\\\/starlediluminacion.com\\\/\"},{\"@type\":\"ListItem\",\"position\":2,\"name\":\"Shop\",\"item\":\"https:\\\/\\\/starlediluminacion.com\\\/shop-2\\\/\"},{\"@type\":\"ListItem\",\"position\":3,\"name\":\"Tira LED COB 24V | 480 LED\\\/m | 30m | FLIP CHIP | 1200Lm |12W\\\/M | CRI90 | IP67\"}]},{\"@type\":\"WebSite\",\"@id\":\"https:\\\/\\\/starlediluminacion.com\\\/#website\",\"url\":\"https:\\\/\\\/starlediluminacion.com\\\/\",\"name\":\"STARLED Iluminacion\",\"description\":\"\",\"potentialAction\":[{\"@type\":\"SearchAction\",\"target\":{\"@type\":\"EntryPoint\",\"urlTemplate\":\"https:\\\/\\\/starlediluminacion.com\\\/?s={search_term_string}\"},\"query-input\":{\"@type\":\"PropertyValueSpecification\",\"valueRequired\":true,\"valueName\":\"search_term_string\"}}],\"inLanguage\":\"it-IT\"}]}<\/script>\n<!-- \/ Yoast SEO plugin. -->","yoast_head_json":{"title":"Tira LED COB 24V | 480 LED\/m | 30m | FLIP CHIP | 1200Lm |12W\/M | CRI90 | IP67 - STARLED Iluminacion","robots":{"index":"index","follow":"follow","max-snippet":"max-snippet:-1","max-image-preview":"max-image-preview:large","max-video-preview":"max-video-preview:-1"},"canonical":"https:\/\/starlediluminacion.com\/it\/product\/tira-led-cob-24v-480-led-m-30m-flip-chip-1200lm-12w-m-cri90-ip67\/","og_locale":"it_IT","og_type":"article","og_title":"Tira LED COB 24V | 480 LED\/m | 30m | FLIP CHIP | 1200Lm |12W\/M | CRI90 | IP67 - STARLED Iluminacion","og_description":"REFERENCIA:\u00a0SLSP480D12W30M-91021-4K  Bobina de 30 metros de Tira led COB\u00a0de\u00a012W\u00a0a\u00a024V\u00a0con cinta adhesiva para facilitar su instalaci\u00f3n. Dise\u00f1ada para su colocaci\u00f3n en interior. Perfecta para\u00a0ILUMINAR\u00a0todo tipo de espacios. Requiere de fuente de alimentaci\u00f3n y es conveniente instalarla sobre un perfil de aluminio para conseguir una buena disipaci\u00f3n del calor.\u00a0  480\u00a0Leds\/metro FLIP CHIP de alta potencia.  TEMPERATURA DE COLOR: 2700K\/4000K\/5700K \u00a0Entrega en 24\/48 horas \u00a0Garant\u00eda asegurada \u00a050 unidad(es) por Masterbox","og_url":"https:\/\/starlediluminacion.com\/it\/product\/tira-led-cob-24v-480-led-m-30m-flip-chip-1200lm-12w-m-cri90-ip67\/","og_site_name":"STARLED Iluminacion","article_modified_time":"2023-09-14T09:04:16+00:00","og_image":[{"width":1000,"height":1000,"url":"https:\/\/starlediluminacion.com\/wp-content\/uploads\/2023\/07\/tira-led-cob-24v-480-ledm-30m-flip-chip-1200lm-12wm-cri90-ip20-factorled.jpg","type":"image\/jpeg"}],"twitter_card":"summary_large_image","twitter_misc":{"Tempo di lettura stimato":"3 minuti"},"schema":{"@context":"https:\/\/schema.org","@graph":[{"@type":"WebPage","@id":"https:\/\/starlediluminacion.com\/producto\/tira-led-cob-24v-480-led-m-30m-flip-chip-1200lm-12w-m-cri90-ip67\/","url":"https:\/\/starlediluminacion.com\/producto\/tira-led-cob-24v-480-led-m-30m-flip-chip-1200lm-12w-m-cri90-ip67\/","name":"Tira LED COB 24V | 480 LED\/m | 30m | FLIP CHIP | 1200Lm |12W\/M | CRI90 | IP67 - STARLED Iluminacion","isPartOf":{"@id":"https:\/\/starlediluminacion.com\/#website"},"primaryImageOfPage":{"@id":"https:\/\/starlediluminacion.com\/producto\/tira-led-cob-24v-480-led-m-30m-flip-chip-1200lm-12w-m-cri90-ip67\/#primaryimage"},"image":{"@id":"https:\/\/starlediluminacion.com\/producto\/tira-led-cob-24v-480-led-m-30m-flip-chip-1200lm-12w-m-cri90-ip67\/#primaryimage"},"thumbnailUrl":"https:\/\/starlediluminacion.com\/wp-content\/uploads\/2023\/07\/tira-led-cob-24v-480-ledm-30m-flip-chip-1200lm-12wm-cri90-ip20-factorled.jpg","datePublished":"2023-07-27T16:31:51+00:00","dateModified":"2023-09-14T09:04:16+00:00","breadcrumb":{"@id":"https:\/\/starlediluminacion.com\/producto\/tira-led-cob-24v-480-led-m-30m-flip-chip-1200lm-12w-m-cri90-ip67\/#breadcrumb"},"inLanguage":"it-IT","potentialAction":[{"@type":"ReadAction","target":["https:\/\/starlediluminacion.com\/producto\/tira-led-cob-24v-480-led-m-30m-flip-chip-1200lm-12w-m-cri90-ip67\/"]}]},{"@type":"ImageObject","inLanguage":"it-IT","@id":"https:\/\/starlediluminacion.com\/producto\/tira-led-cob-24v-480-led-m-30m-flip-chip-1200lm-12w-m-cri90-ip67\/#primaryimage","url":"https:\/\/starlediluminacion.com\/wp-content\/uploads\/2023\/07\/tira-led-cob-24v-480-ledm-30m-flip-chip-1200lm-12wm-cri90-ip20-factorled.jpg","contentUrl":"https:\/\/starlediluminacion.com\/wp-content\/uploads\/2023\/07\/tira-led-cob-24v-480-ledm-30m-flip-chip-1200lm-12wm-cri90-ip20-factorled.jpg","width":1000,"height":1000},{"@type":"BreadcrumbList","@id":"https:\/\/starlediluminacion.com\/producto\/tira-led-cob-24v-480-led-m-30m-flip-chip-1200lm-12w-m-cri90-ip67\/#breadcrumb","itemListElement":[{"@type":"ListItem","position":1,"name":"Portada","item":"https:\/\/starlediluminacion.com\/"},{"@type":"ListItem","position":2,"name":"Shop","item":"https:\/\/starlediluminacion.com\/shop-2\/"},{"@type":"ListItem","position":3,"name":"Tira LED COB 24V | 480 LED\/m | 30m | FLIP CHIP | 1200Lm |12W\/M | CRI90 | IP67"}]},{"@type":"WebSite","@id":"https:\/\/starlediluminacion.com\/#website","url":"https:\/\/starlediluminacion.com\/","name":"STARLED Iluminacion","description":"","potentialAction":[{"@type":"SearchAction","target":{"@type":"EntryPoint","urlTemplate":"https:\/\/starlediluminacion.com\/?s={search_term_string}"},"query-input":{"@type":"PropertyValueSpecification","valueRequired":true,"valueName":"search_term_string"}}],"inLanguage":"it-IT"}]}},"_links":{"self":[{"href":"https:\/\/starlediluminacion.com\/it\/wp-json\/wp\/v3\/product\/10235","targetHints":{"allow":["GET"]}}],"collection":[{"href":"https:\/\/starlediluminacion.com\/it\/wp-json\/wp\/v3\/product"}],"about":[{"href":"https:\/\/starlediluminacion.com\/it\/wp-json\/wp\/v2\/types\/product"}],"wp:featuredmedia":[{"embeddable":true,"href":"https:\/\/starlediluminacion.com\/it\/wp-json\/wp\/v2\/media\/10248"}],"wp:attachment":[{"href":"https:\/\/starlediluminacion.com\/it\/wp-json\/wp\/v2\/media?parent=10235"}],"wp:term":[{"taxonomy":"product_cat","embeddable":true,"href":"https:\/\/starlediluminacion.com\/it\/wp-json\/wp\/v2\/product_cat?post=10235"},{"taxonomy":"product_tag","embeddable":true,"href":"https:\/\/starlediluminacion.com\/it\/wp-json\/wp\/v2\/product_tag?post=10235"}],"curies":[{"name":"wp","href":"https:\/\/api.w.org\/{rel}","templated":true}]}}