{"id":10222,"date":"2023-07-27T16:24:22","date_gmt":"2023-07-27T16:24:22","guid":{"rendered":"https:\/\/starlediluminacion.com\/?post_type=product&#038;p=10222"},"modified":"2023-12-01T10:55:02","modified_gmt":"2023-12-01T10:55:02","slug":"tira-led-220v-flicker-free-corte-a-medida-120-led-m50m-smd2835-1800lm-w14w-mip67-corte-cada-10cm","status":"publish","type":"product","link":"https:\/\/starlediluminacion.com\/it\/product\/tira-led-220v-flicker-free-corte-a-medida-120-led-m50m-smd2835-1800lm-w14w-mip67-corte-cada-10cm\/","title":{"rendered":"<p>Striscia LED 220V | FLICKER FREE | TAGLIO A MISURA |120 LED\/m|50m| SMD2835 |1800Lm\/W|14W\/M|IP67 | Taglio ogni 10cm<\/p>"},"content":{"rendered":"<h1>Striscia LED 220V | TAGLIO A MISURA | 120 LED\/m | 50m | SMD2835 | 1800Lm\/W | 14W\/M | CRI80 | IP67 | Taglio ogni 10cm | Taglio ogni 10cm<p>Il nostro&nbsp;<strong>Striscia LED SMD2835&nbsp;&nbsp;<\/strong>diretto a&nbsp;<strong>220V&nbsp;<\/strong>con nastro adesivo per una facile installazione Non \u00e8 necessario alcun cavo di alimentazione o raddrizzatore di potenza.<strong>. DIRETTA A 220V.<\/strong><\/p><p>Questa striscia LED \u00e8 composta da 120 chip FLIPCHIP per metro, in modo da ottenere una luce uniforme su tutta la striscia, oltre a garantire una prestazione Lm\/W superiore rispetto ai tradizionali LED SMD.<\/p><p>Con il suo&nbsp;<strong>CRI &gt;80<\/strong>&nbsp;abbiamo capito che i colori sembrano molto reali. Ci\u00f2 rende questa striscia LED perfetta per illuminare gli spazi in cui vogliamo che i colori siano perfetti.<\/p><p>Per facilitarne il funzionamento, questa striscia pu\u00f2 essere tagliata e unita dagli spazi indicati sulla striscia (area di giunzione del rame), sempre seguendo le relative istruzioni (fare attenzione che il saldatore mantenga un breve contatto con la striscia durante la saldatura, poich\u00e9 un calore eccessivo danneggia il conduttore).<\/p><p><strong>Questa bobina LED NON \u00e8 sommergibile, il collegamento \u00e8 diretto alla corrente a un'estremit\u00e0 con un massimo di 50 m per collegamento.<\/strong><\/p><p>Per aumentare la durata di vita della striscia LED, \u00e8 necessario&nbsp;<strong>raccomandato<\/strong>&nbsp;utilizzare il&nbsp;<strong>nastro per dissipatori di calore<\/strong>&nbsp;bifacciale, nonch\u00e9 di posizionarlo su&nbsp;<strong>profilo in alluminio<\/strong>per una corretta gestione del calore della striscia LED stessa. Pu\u00f2 essere collocata sia all'esterno che all'interno grazie alla sua protezione.&nbsp;<strong>IP67<\/strong>.<\/p><p>Il&nbsp;<strong>Strisce LED<\/strong>&nbsp;sono ideali per illuminare qualsiasi angolo o elemento dell'azienda o della casa, grazie alla loro flessibilit\u00e0. Si pu\u00f2 dire che uno dei loro principali vantaggi \u00e8 la grande versatilit\u00e0 di utilizzo che possono avere, in quanto possono essere installati in qualsiasi area e adattarsi a qualsiasi angolo, e possono essere collocati in qualsiasi posizione, grazie al loro design lineare adattabile.<\/p><p>&nbsp;<\/p><h2 dir=\"ltr\">Utilizzi della striscia LED 220V | TAGLIO A MISURA | 120 LED\/m | 50m | SMD2835 | 1800Lm\/W | 14W\/M | CRI80 | IP67 | Taglio ogni 10cm | Taglio ogni 10cm<\/h2><ul>\n<li>Nelle biblioteche<\/li>\n<li>Bar<\/li>\n<li>Casa<\/li>\n<li>Ristoranti<\/li>\n<li>Coperture<\/li>\n<li>Negozi<\/li>\n<\/ul><h3 class=\"page-product-heading\">DATI TECNICI<\/h3><div class=\"col-xs-12 col-md-6\">\n<table class=\"table table-data-sheet 1\">\n<tbody>\n<tr class=\"odd\">\n<td valign=\"middle\" width=\"32\"><\/td>\n<td valign=\"middle\">RIFERIMENTO :<\/td>\n<td valign=\"middle\">SLSP120D14W50M<\/td>\n<\/tr>\n<tr class=\"even\">\n<td valign=\"middle\" width=\"32\"><\/td>\n<td valign=\"middle\">Potenza nominale :<\/td>\n<td valign=\"middle\">14W<\/td>\n<\/tr>\n<tr class=\"odd\">\n<td valign=\"middle\" width=\"32\"><\/td>\n<td valign=\"middle\">Tensione nominale:<\/td>\n<td valign=\"middle\">220-240V<\/td>\n<\/tr>\n<tr class=\"even\">\n<td valign=\"middle\" width=\"32\"><\/td>\n<td valign=\"middle\">Temperatura della luce:<\/td>\n<td valign=\"middle\">2700K - 4000K - 5700K<\/td>\n<\/tr>\n<tr class=\"odd\">\n<td valign=\"middle\" width=\"32\"><\/td>\n<td valign=\"middle\">CRI - Indice di resa cromatica:<\/td>\n<td valign=\"middle\">80<\/td>\n<\/tr>\n<tr class=\"even\">\n<td valign=\"middle\" width=\"32\"><\/td>\n<td valign=\"middle\">Luminosit\u00e0-Lm:<\/td>\n<td valign=\"middle\">1 metro: 1800Lm\/W<\/td>\n<\/tr>\n<tr class=\"odd\">\n<td valign=\"middle\" width=\"32\"><\/td>\n<td valign=\"middle\">Tipo di LED:<\/td>\n<td valign=\"middle\">SMD2835 LUMILEDS<\/td>\n<\/tr>\n<tr class=\"even\">\n<td valign=\"middle\" width=\"32\"><\/td>\n<td valign=\"middle\">Angolo di apertura (\u00ba):<\/td>\n<td valign=\"middle\">180\u00ba<\/td>\n<\/tr>\n<tr class=\"odd\">\n<td valign=\"middle\" width=\"32\"><\/td>\n<td valign=\"middle\">Efficienza del diodo LED (Lm\/W):<\/td>\n<td valign=\"middle\">130 Lm\/w<\/td>\n<\/tr>\n<tr class=\"even\">\n<td valign=\"middle\" width=\"32\"><\/td>\n<td valign=\"middle\">Certificati:<\/td>\n<td valign=\"middle\">CE - ROHS<\/td>\n<\/tr>\n<\/tbody>\n<\/table>\n<\/div><div class=\"col-xs-12 col-md-6 2\">\n<table class=\"table table-data-sheet 2\">\n<tbody>\n<tr class=\"odd\">\n<td valign=\"middle\" width=\"32\"><\/td>\n<td valign=\"middle\">Grado di protezione IP:<\/td>\n<td valign=\"middle\">IP67-Outdoor<\/td>\n<\/tr>\n<tr class=\"even\">\n<td valign=\"middle\" width=\"32\"><\/td>\n<td valign=\"middle\">Durata stimata del diodo LED (H):<\/td>\n<td valign=\"middle\">35.000<\/td>\n<\/tr>\n<tr class=\"odd\">\n<td valign=\"middle\" width=\"32\"><\/td>\n<td valign=\"middle\">Dimensioni (mm):<\/td>\n<td valign=\"middle\">50000m * H4,39mm * 12mm<\/td>\n<\/tr>\n<tr class=\"even\">\n<td valign=\"middle\" width=\"32\"><\/td>\n<td valign=\"middle\">Fattore di potenza (PF):<\/td>\n<td valign=\"middle\">0,91<\/td>\n<\/tr>\n<tr class=\"odd\">\n<td valign=\"middle\" width=\"32\"><\/td>\n<td valign=\"middle\">Intervallo di temperatura (\u00baC):<\/td>\n<td valign=\"middle\">-20\u00b0C ~ +55\u00b0C<\/td>\n<\/tr>\n<tr class=\"even\">\n<td valign=\"middle\" width=\"32\"><\/td>\n<td valign=\"middle\">Cicli di accensione:<\/td>\n<td valign=\"middle\">100.000<\/td>\n<\/tr>\n<tr class=\"odd\">\n<td valign=\"middle\" width=\"32\"><\/td>\n<td valign=\"middle\">Informazioni aggiuntive:<\/td>\n<td valign=\"middle\">Taglio: 10 cm NO FLick<\/td>\n<\/tr>\n<tr class=\"even\">\n<td valign=\"middle\" width=\"32\"><\/td>\n<td valign=\"middle\">Classe energetica (2021-EU-2019\/2015):<\/td>\n<td valign=\"middle\">A+<\/td>\n<\/tr>\n<tr class=\"odd\">\n<td valign=\"middle\" width=\"32\"><\/td>\n<td valign=\"middle\">Anni di garanzia:<\/td>\n<td valign=\"middle\">3<\/td>\n<\/tr>\n<\/tbody>\n<\/table>\n<p>&nbsp;<\/p>\n<\/div><\/h1>","protected":false},"excerpt":{"rendered":"<p><strong>REFERENCIA: SLSP120D14W50M-91649-4K-UND<\/strong><p><strong>Striscia LED FLAWLESS -NO FLICK- SMD2835&nbsp;<\/strong>da&nbsp;<strong>14W&nbsp;<\/strong>a&nbsp;<strong>220V&nbsp;<\/strong>y&nbsp;<strong>50 metri<\/strong>&nbsp;con nastro adesivo per una facile installazione. Progettato per l'installazione in interni. Perfetta per illuminare tutti gli spazi, con la sua protezione.&nbsp;<strong>IP67<\/strong>&nbsp;pu\u00f2 funzionare sia all'interno che all'esterno.<\/p><p>DIRETTO 220V: non \u00e8 necessario alcun alimentatore o raddrizzatore a ponte.<strong>&nbsp;120 Led\/m SMD2835 ad alta potenza.<\/strong><\/p><p><strong>TAGLIO OGNI 1 METRO | BOBINA COMPLETA = 50M | PREZZO AL METRO<\/strong><\/p><p><strong>1 UNIT\u00c0 = 1 METRO DI STRISCIA LED (SELEZIONARE I METRI NECESSARI) MASSIMO 50 METRI<\/strong><\/p><p>TEMPERATURA DEL COLORE: <strong>2700\/4000K\/5700K<\/strong><\/p><div class=\"col-md-12\"><i class=\"fa fa-truck\"><\/i>&nbsp;<span class=\"text-muted textprop\">Consegna in 24\/48 ore<\/span><\/div><div class=\"col-md-12\"><i class=\"fa fa-exchange\"><\/i>&nbsp;<span class=\"text-muted textprop\">Garanzia assicurata<\/span><\/div><div class=\"col-md-12\"><i class=\"fa fa-box\"><\/i>&nbsp;<span class=\"text-muted textprop\">1 unit\u00e0 per Masterbox<\/span><\/div><\/p>","protected":false},"featured_media":10233,"template":"","meta":{"site-sidebar-layout":"default","site-content-layout":"default","ast-global-header-display":"","ast-main-header-display":"","ast-hfb-above-header-display":"","ast-hfb-below-header-display":"","ast-hfb-mobile-header-display":"","site-post-title":"","ast-breadcrumbs-content":"","ast-featured-img":"","footer-sml-layout":"","theme-transparent-header-meta":"default","adv-header-id-meta":"","stick-header-meta":"","header-above-stick-meta":"","header-main-stick-meta":"","header-below-stick-meta":""},"product_cat":[90,45],"product_tag":[],"class_list":["post-10222","product","type-product","status-publish","has-post-thumbnail","hentry","product_cat-tiras-led-220v-240v-ac","product_cat-tiras-led-y-neon-flexible"],"yoast_head":"<!-- This site is optimized with the Yoast SEO plugin v27.4 - https:\/\/yoast.com\/product\/yoast-seo-wordpress\/ -->\n<title>Tira LED 220V | FLICKER FREE | CORTE A MEDIDA |120 LED\/m|50m| SMD2835 |1800Lm\/W|14W\/M|IP67 | Corte cada 10cm - STARLED Iluminacion<\/title>\n<meta name=\"robots\" content=\"index, follow, max-snippet:-1, max-image-preview:large, max-video-preview:-1\" \/>\n<link rel=\"canonical\" href=\"https:\/\/starlediluminacion.com\/it\/product\/tira-led-220v-flicker-free-corte-a-medida-120-led-m50m-smd2835-1800lm-w14w-mip67-corte-cada-10cm\/\" \/>\n<meta property=\"og:locale\" content=\"it_IT\" \/>\n<meta property=\"og:type\" content=\"article\" \/>\n<meta property=\"og:title\" content=\"Tira LED 220V | FLICKER FREE | CORTE A MEDIDA |120 LED\/m|50m| SMD2835 |1800Lm\/W|14W\/M|IP67 | Corte cada 10cm - STARLED Iluminacion\" \/>\n<meta property=\"og:description\" content=\"REFERENCIA: SLSP120D14W50M-91649-4K-UND  Tira led SIN PARPADEOS -NO FLICK- SMD2835\u00a0de\u00a014W\u00a0a\u00a0220V\u00a0y\u00a050\u00a0metros\u00a0con cinta adhesiva para facilitar su instalaci\u00f3n. Dise\u00f1ada para su colocaci\u00f3n en interior. Perfecta para\u00a0ILUMINAR\u00a0todos los espacios, con su protecci\u00f3n\u00a0IP67\u00a0puede\u00a0funcionar\u00a0tanto en interior como exterior.  DIRECTA 220V: NO requiere de fuente de alimentaci\u00f3n, ni puente rectificador.\u00a0120 Leds\/m SMD2835 de alta potencia.  CORTE CADA 1 METRO | BOBINA COMPLETA = 50M |\u00a0PRECIO POR\u00a0METRO  1 UNIDAD = 1 METRO DE TIRA LED (SELECCIONA LOS METROS QUE NECESITES) MAXIMO 50 METROS  TEMPERATURA DE COLOR: 2700\/4000K\/5700K \u00a0Entrega en 24\/48 horas \u00a0Garant\u00eda asegurada \u00a01 unidad(es) por Masterbox\" \/>\n<meta property=\"og:url\" content=\"https:\/\/starlediluminacion.com\/it\/product\/tira-led-220v-flicker-free-corte-a-medida-120-led-m50m-smd2835-1800lm-w14w-mip67-corte-cada-10cm\/\" \/>\n<meta property=\"og:site_name\" content=\"STARLED Iluminacion\" \/>\n<meta property=\"article:modified_time\" content=\"2023-12-01T10:55:02+00:00\" \/>\n<meta property=\"og:image\" content=\"https:\/\/starlediluminacion.com\/wp-content\/uploads\/2023\/07\/tira-led-220v-flicker-free-corte-a-medida-120-ledm50m-smd2835-1800lmw14wmip67-corte-cada-10cm-factorled.jpg\" \/>\n\t<meta property=\"og:image:width\" content=\"1000\" \/>\n\t<meta property=\"og:image:height\" content=\"1000\" \/>\n\t<meta property=\"og:image:type\" content=\"image\/jpeg\" \/>\n<meta name=\"twitter:card\" content=\"summary_large_image\" \/>\n<meta name=\"twitter:label1\" content=\"Tempo di lettura stimato\" \/>\n\t<meta name=\"twitter:data1\" content=\"2 minuti\" \/>\n<script type=\"application\/ld+json\" class=\"yoast-schema-graph\">{\"@context\":\"https:\\\/\\\/schema.org\",\"@graph\":[{\"@type\":\"WebPage\",\"@id\":\"https:\\\/\\\/starlediluminacion.com\\\/producto\\\/tira-led-220v-flicker-free-corte-a-medida-120-led-m50m-smd2835-1800lm-w14w-mip67-corte-cada-10cm\\\/\",\"url\":\"https:\\\/\\\/starlediluminacion.com\\\/producto\\\/tira-led-220v-flicker-free-corte-a-medida-120-led-m50m-smd2835-1800lm-w14w-mip67-corte-cada-10cm\\\/\",\"name\":\"Tira LED 220V | FLICKER FREE | CORTE A MEDIDA |120 LED\\\/m|50m| SMD2835 |1800Lm\\\/W|14W\\\/M|IP67 | Corte cada 10cm - STARLED Iluminacion\",\"isPartOf\":{\"@id\":\"https:\\\/\\\/starlediluminacion.com\\\/#website\"},\"primaryImageOfPage\":{\"@id\":\"https:\\\/\\\/starlediluminacion.com\\\/producto\\\/tira-led-220v-flicker-free-corte-a-medida-120-led-m50m-smd2835-1800lm-w14w-mip67-corte-cada-10cm\\\/#primaryimage\"},\"image\":{\"@id\":\"https:\\\/\\\/starlediluminacion.com\\\/producto\\\/tira-led-220v-flicker-free-corte-a-medida-120-led-m50m-smd2835-1800lm-w14w-mip67-corte-cada-10cm\\\/#primaryimage\"},\"thumbnailUrl\":\"https:\\\/\\\/starlediluminacion.com\\\/wp-content\\\/uploads\\\/2023\\\/07\\\/tira-led-220v-flicker-free-corte-a-medida-120-ledm50m-smd2835-1800lmw14wmip67-corte-cada-10cm-factorled.jpg\",\"datePublished\":\"2023-07-27T16:24:22+00:00\",\"dateModified\":\"2023-12-01T10:55:02+00:00\",\"breadcrumb\":{\"@id\":\"https:\\\/\\\/starlediluminacion.com\\\/producto\\\/tira-led-220v-flicker-free-corte-a-medida-120-led-m50m-smd2835-1800lm-w14w-mip67-corte-cada-10cm\\\/#breadcrumb\"},\"inLanguage\":\"it-IT\",\"potentialAction\":[{\"@type\":\"ReadAction\",\"target\":[\"https:\\\/\\\/starlediluminacion.com\\\/producto\\\/tira-led-220v-flicker-free-corte-a-medida-120-led-m50m-smd2835-1800lm-w14w-mip67-corte-cada-10cm\\\/\"]}]},{\"@type\":\"ImageObject\",\"inLanguage\":\"it-IT\",\"@id\":\"https:\\\/\\\/starlediluminacion.com\\\/producto\\\/tira-led-220v-flicker-free-corte-a-medida-120-led-m50m-smd2835-1800lm-w14w-mip67-corte-cada-10cm\\\/#primaryimage\",\"url\":\"https:\\\/\\\/starlediluminacion.com\\\/wp-content\\\/uploads\\\/2023\\\/07\\\/tira-led-220v-flicker-free-corte-a-medida-120-ledm50m-smd2835-1800lmw14wmip67-corte-cada-10cm-factorled.jpg\",\"contentUrl\":\"https:\\\/\\\/starlediluminacion.com\\\/wp-content\\\/uploads\\\/2023\\\/07\\\/tira-led-220v-flicker-free-corte-a-medida-120-ledm50m-smd2835-1800lmw14wmip67-corte-cada-10cm-factorled.jpg\",\"width\":1000,\"height\":1000},{\"@type\":\"BreadcrumbList\",\"@id\":\"https:\\\/\\\/starlediluminacion.com\\\/producto\\\/tira-led-220v-flicker-free-corte-a-medida-120-led-m50m-smd2835-1800lm-w14w-mip67-corte-cada-10cm\\\/#breadcrumb\",\"itemListElement\":[{\"@type\":\"ListItem\",\"position\":1,\"name\":\"Portada\",\"item\":\"https:\\\/\\\/starlediluminacion.com\\\/\"},{\"@type\":\"ListItem\",\"position\":2,\"name\":\"Shop\",\"item\":\"https:\\\/\\\/starlediluminacion.com\\\/shop-2\\\/\"},{\"@type\":\"ListItem\",\"position\":3,\"name\":\"Tira LED 220V | FLICKER FREE | CORTE A MEDIDA |120 LED\\\/m|50m| SMD2835 |1800Lm\\\/W|14W\\\/M|IP67 | Corte cada 10cm\"}]},{\"@type\":\"WebSite\",\"@id\":\"https:\\\/\\\/starlediluminacion.com\\\/#website\",\"url\":\"https:\\\/\\\/starlediluminacion.com\\\/\",\"name\":\"STARLED Iluminacion\",\"description\":\"\",\"potentialAction\":[{\"@type\":\"SearchAction\",\"target\":{\"@type\":\"EntryPoint\",\"urlTemplate\":\"https:\\\/\\\/starlediluminacion.com\\\/?s={search_term_string}\"},\"query-input\":{\"@type\":\"PropertyValueSpecification\",\"valueRequired\":true,\"valueName\":\"search_term_string\"}}],\"inLanguage\":\"it-IT\"}]}<\/script>\n<!-- \/ Yoast SEO plugin. -->","yoast_head_json":{"title":"Tira LED 220V | FLICKER FREE | CORTE A MEDIDA |120 LED\/m|50m| SMD2835 |1800Lm\/W|14W\/M|IP67 | Corte cada 10cm - STARLED Iluminacion","robots":{"index":"index","follow":"follow","max-snippet":"max-snippet:-1","max-image-preview":"max-image-preview:large","max-video-preview":"max-video-preview:-1"},"canonical":"https:\/\/starlediluminacion.com\/it\/product\/tira-led-220v-flicker-free-corte-a-medida-120-led-m50m-smd2835-1800lm-w14w-mip67-corte-cada-10cm\/","og_locale":"it_IT","og_type":"article","og_title":"Tira LED 220V | FLICKER FREE | CORTE A MEDIDA |120 LED\/m|50m| SMD2835 |1800Lm\/W|14W\/M|IP67 | Corte cada 10cm - STARLED Iluminacion","og_description":"REFERENCIA: SLSP120D14W50M-91649-4K-UND  Tira led SIN PARPADEOS -NO FLICK- SMD2835\u00a0de\u00a014W\u00a0a\u00a0220V\u00a0y\u00a050\u00a0metros\u00a0con cinta adhesiva para facilitar su instalaci\u00f3n. Dise\u00f1ada para su colocaci\u00f3n en interior. Perfecta para\u00a0ILUMINAR\u00a0todos los espacios, con su protecci\u00f3n\u00a0IP67\u00a0puede\u00a0funcionar\u00a0tanto en interior como exterior.  DIRECTA 220V: NO requiere de fuente de alimentaci\u00f3n, ni puente rectificador.\u00a0120 Leds\/m SMD2835 de alta potencia.  CORTE CADA 1 METRO | BOBINA COMPLETA = 50M |\u00a0PRECIO POR\u00a0METRO  1 UNIDAD = 1 METRO DE TIRA LED (SELECCIONA LOS METROS QUE NECESITES) MAXIMO 50 METROS  TEMPERATURA DE COLOR: 2700\/4000K\/5700K \u00a0Entrega en 24\/48 horas \u00a0Garant\u00eda asegurada \u00a01 unidad(es) por Masterbox","og_url":"https:\/\/starlediluminacion.com\/it\/product\/tira-led-220v-flicker-free-corte-a-medida-120-led-m50m-smd2835-1800lm-w14w-mip67-corte-cada-10cm\/","og_site_name":"STARLED Iluminacion","article_modified_time":"2023-12-01T10:55:02+00:00","og_image":[{"width":1000,"height":1000,"url":"https:\/\/starlediluminacion.com\/wp-content\/uploads\/2023\/07\/tira-led-220v-flicker-free-corte-a-medida-120-ledm50m-smd2835-1800lmw14wmip67-corte-cada-10cm-factorled.jpg","type":"image\/jpeg"}],"twitter_card":"summary_large_image","twitter_misc":{"Tempo di lettura stimato":"2 minuti"},"schema":{"@context":"https:\/\/schema.org","@graph":[{"@type":"WebPage","@id":"https:\/\/starlediluminacion.com\/producto\/tira-led-220v-flicker-free-corte-a-medida-120-led-m50m-smd2835-1800lm-w14w-mip67-corte-cada-10cm\/","url":"https:\/\/starlediluminacion.com\/producto\/tira-led-220v-flicker-free-corte-a-medida-120-led-m50m-smd2835-1800lm-w14w-mip67-corte-cada-10cm\/","name":"Tira LED 220V | FLICKER FREE | CORTE A MEDIDA |120 LED\/m|50m| SMD2835 |1800Lm\/W|14W\/M|IP67 | Corte cada 10cm - STARLED Iluminacion","isPartOf":{"@id":"https:\/\/starlediluminacion.com\/#website"},"primaryImageOfPage":{"@id":"https:\/\/starlediluminacion.com\/producto\/tira-led-220v-flicker-free-corte-a-medida-120-led-m50m-smd2835-1800lm-w14w-mip67-corte-cada-10cm\/#primaryimage"},"image":{"@id":"https:\/\/starlediluminacion.com\/producto\/tira-led-220v-flicker-free-corte-a-medida-120-led-m50m-smd2835-1800lm-w14w-mip67-corte-cada-10cm\/#primaryimage"},"thumbnailUrl":"https:\/\/starlediluminacion.com\/wp-content\/uploads\/2023\/07\/tira-led-220v-flicker-free-corte-a-medida-120-ledm50m-smd2835-1800lmw14wmip67-corte-cada-10cm-factorled.jpg","datePublished":"2023-07-27T16:24:22+00:00","dateModified":"2023-12-01T10:55:02+00:00","breadcrumb":{"@id":"https:\/\/starlediluminacion.com\/producto\/tira-led-220v-flicker-free-corte-a-medida-120-led-m50m-smd2835-1800lm-w14w-mip67-corte-cada-10cm\/#breadcrumb"},"inLanguage":"it-IT","potentialAction":[{"@type":"ReadAction","target":["https:\/\/starlediluminacion.com\/producto\/tira-led-220v-flicker-free-corte-a-medida-120-led-m50m-smd2835-1800lm-w14w-mip67-corte-cada-10cm\/"]}]},{"@type":"ImageObject","inLanguage":"it-IT","@id":"https:\/\/starlediluminacion.com\/producto\/tira-led-220v-flicker-free-corte-a-medida-120-led-m50m-smd2835-1800lm-w14w-mip67-corte-cada-10cm\/#primaryimage","url":"https:\/\/starlediluminacion.com\/wp-content\/uploads\/2023\/07\/tira-led-220v-flicker-free-corte-a-medida-120-ledm50m-smd2835-1800lmw14wmip67-corte-cada-10cm-factorled.jpg","contentUrl":"https:\/\/starlediluminacion.com\/wp-content\/uploads\/2023\/07\/tira-led-220v-flicker-free-corte-a-medida-120-ledm50m-smd2835-1800lmw14wmip67-corte-cada-10cm-factorled.jpg","width":1000,"height":1000},{"@type":"BreadcrumbList","@id":"https:\/\/starlediluminacion.com\/producto\/tira-led-220v-flicker-free-corte-a-medida-120-led-m50m-smd2835-1800lm-w14w-mip67-corte-cada-10cm\/#breadcrumb","itemListElement":[{"@type":"ListItem","position":1,"name":"Portada","item":"https:\/\/starlediluminacion.com\/"},{"@type":"ListItem","position":2,"name":"Shop","item":"https:\/\/starlediluminacion.com\/shop-2\/"},{"@type":"ListItem","position":3,"name":"Tira LED 220V | FLICKER FREE | CORTE A MEDIDA |120 LED\/m|50m| SMD2835 |1800Lm\/W|14W\/M|IP67 | Corte cada 10cm"}]},{"@type":"WebSite","@id":"https:\/\/starlediluminacion.com\/#website","url":"https:\/\/starlediluminacion.com\/","name":"STARLED Iluminacion","description":"","potentialAction":[{"@type":"SearchAction","target":{"@type":"EntryPoint","urlTemplate":"https:\/\/starlediluminacion.com\/?s={search_term_string}"},"query-input":{"@type":"PropertyValueSpecification","valueRequired":true,"valueName":"search_term_string"}}],"inLanguage":"it-IT"}]}},"_links":{"self":[{"href":"https:\/\/starlediluminacion.com\/it\/wp-json\/wp\/v3\/product\/10222","targetHints":{"allow":["GET"]}}],"collection":[{"href":"https:\/\/starlediluminacion.com\/it\/wp-json\/wp\/v3\/product"}],"about":[{"href":"https:\/\/starlediluminacion.com\/it\/wp-json\/wp\/v2\/types\/product"}],"wp:featuredmedia":[{"embeddable":true,"href":"https:\/\/starlediluminacion.com\/it\/wp-json\/wp\/v2\/media\/10233"}],"wp:attachment":[{"href":"https:\/\/starlediluminacion.com\/it\/wp-json\/wp\/v2\/media?parent=10222"}],"wp:term":[{"taxonomy":"product_cat","embeddable":true,"href":"https:\/\/starlediluminacion.com\/it\/wp-json\/wp\/v2\/product_cat?post=10222"},{"taxonomy":"product_tag","embeddable":true,"href":"https:\/\/starlediluminacion.com\/it\/wp-json\/wp\/v2\/product_tag?post=10222"}],"curies":[{"name":"wp","href":"https:\/\/api.w.org\/{rel}","templated":true}]}}