{"id":10190,"date":"2023-07-27T16:10:27","date_gmt":"2023-07-27T16:10:27","guid":{"rendered":"https:\/\/starlediluminacion.com\/?post_type=product&#038;p=10190"},"modified":"2023-12-01T10:52:23","modified_gmt":"2023-12-01T10:52:23","slug":"tira-led-cob-220v-corte-a-medida-840-led-m-50m-flip-chip-1500lm-16w-m-cri90-ip67-corte-10cm","status":"publish","type":"product","link":"https:\/\/starlediluminacion.com\/it\/product\/tira-led-cob-220v-corte-a-medida-840-led-m-50m-flip-chip-1500lm-16w-m-cri90-ip67-corte-10cm\/","title":{"rendered":"<p>Striscia LED COB 220V | TAGLIO A MISURA | 840 LED\/m | 50m | FLIP CHIP | 1500Lm | 16W\/M | CRI90 | IP67 | 10cm di taglio<\/p>"},"content":{"rendered":"<h1>Striscia LED COB 220V | TAGLIO A MISURA | 840 LED\/m | 50m | FLIP CHIP | 1500Lm | 16W\/M | CRI90 | IP67 | 10cm di taglio<p>La nostra striscia LED COB diretta a 220V con nastro adesivo per una facile installazione NON richiede un alimentatore, n\u00e9 deve essere collegata alla rete elettrica.<\/p><p>La nostra striscia<strong>&nbsp;LED COB&nbsp;<\/strong>diretto a&nbsp;<strong>&nbsp;220V c<\/strong>con nastro adesivo per una facile installazione Non \u00e8 necessario alcun cavo di alimentazione o raddrizzatore di potenza.<strong>. DIRETTA A 220V.<br>\n<\/strong><\/p><p>Strisce LED<strong>&nbsp;220V<\/strong>&nbsp;pu\u00f2 essere dimmerato (-Dimmables-) da&nbsp;<strong>TRIAC<\/strong>I modelli da 30% a 100% possono essere dimmerati da 30% a 100%.<\/p><p>Questa striscia LED COB ha 840 chip FLIPCHIP per metro, in modo da ottenere una luce uniforme su tutta la striscia, oltre ad avere prestazioni Lm\/W pi\u00f9 elevate rispetto ai tradizionali LED SMD.<\/p><p>Con il suo&nbsp;<strong>CRI &gt;90<\/strong>&nbsp;abbiamo capito che i colori sembrano molto reali. Ci\u00f2 rende questa striscia LED perfetta per illuminare gli spazi in cui vogliamo che i colori siano perfetti.<\/p><p>La striscia LED pu\u00f2 essere tagliata e unita negli spazi indicati sulla striscia (area di giunzione del rame), seguendo sempre le relative istruzioni (fare attenzione che il saldatore mantenga un breve contatto con la striscia durante la saldatura, poich\u00e9 un calore eccessivo danneggia il conduttore).<\/p><p><strong>Questa bobina LED NON \u00e8 sommergibile, il collegamento \u00e8 diretto alla corrente a un'estremit\u00e0 con un massimo di 50 m per collegamento.<\/strong><\/p><p>Per aumentare la durata di vita della striscia LED, \u00e8 necessario&nbsp;<strong>raccomandato<\/strong>&nbsp;utilizzare il&nbsp;<strong>nastro per dissipatori di calore<\/strong>&nbsp;bifacciale, nonch\u00e9 di posizionarlo su&nbsp;<strong>profilo in alluminio<\/strong>per una corretta gestione del calore della striscia LED stessa.<\/p><p>Il&nbsp;<strong>Strisce LED<\/strong>&nbsp;sono ideali per illuminare qualsiasi angolo o elemento dell'azienda o della casa, grazie alla loro flessibilit\u00e0. Si pu\u00f2 dire che uno dei loro principali vantaggi \u00e8 la grande versatilit\u00e0 di utilizzo che possono avere, in quanto possono essere installati in qualsiasi area e adattarsi a qualsiasi angolo, e possono essere collocati in qualsiasi posizione, grazie al loro design lineare adattabile.<\/p><p>&nbsp;<\/p><h2 dir=\"ltr\">Utilizzi della striscia LED COB 220V | TAGLIA A TAGLIA | 840 LED\/m | 50m | FLIP CHIP | 1500Lm | 16W\/M | CRI90 | IP67 | 10cm Cut-off<\/h2><ul>\n<li>Nelle biblioteche<\/li>\n<li>Bar<\/li>\n<li>Casa<\/li>\n<li>Ristoranti<\/li>\n<li>Coperture<\/li>\n<li>Negozi<\/li>\n<\/ul><h3 class=\"page-product-heading\">DATI TECNICI<\/h3><div class=\"col-xs-12 col-md-6\">\n<table class=\"table table-data-sheet 1\">\n<tbody>\n<tr class=\"odd\">\n<td valign=\"middle\" width=\"32\"><\/td>\n<td valign=\"middle\">RIFERIMENTO :<\/td>\n<td valign=\"middle\">SLSP640D15W50M<\/td>\n<\/tr>\n<tr class=\"even\">\n<td valign=\"middle\" width=\"32\"><\/td>\n<td valign=\"middle\">Potenza nominale :<\/td>\n<td valign=\"middle\">15w<\/td>\n<\/tr>\n<tr class=\"odd\">\n<td valign=\"middle\" width=\"32\"><\/td>\n<td valign=\"middle\">Tensione nominale:<\/td>\n<td valign=\"middle\">220-240V<\/td>\n<\/tr>\n<tr class=\"even\">\n<td valign=\"middle\" width=\"32\"><\/td>\n<td valign=\"middle\">Temperatura della luce:<\/td>\n<td valign=\"middle\">2400K - 2700K - 4000K - 5700K<\/td>\n<\/tr>\n<tr class=\"odd\">\n<td valign=\"middle\" width=\"32\"><\/td>\n<td valign=\"middle\">CRI - Indice di resa cromatica:<\/td>\n<td valign=\"middle\">90<\/td>\n<\/tr>\n<tr class=\"even\">\n<td valign=\"middle\" width=\"32\"><\/td>\n<td valign=\"middle\">Luminosit\u00e0-Lm:<\/td>\n<td valign=\"middle\">1 metro: 1650Lm - 50 metri: 82500Lm<\/td>\n<\/tr>\n<tr class=\"odd\">\n<td valign=\"middle\" width=\"32\"><\/td>\n<td valign=\"middle\">Tipo di LED:<\/td>\n<td valign=\"middle\">SMD 2835<\/td>\n<\/tr>\n<tr class=\"even\">\n<td valign=\"middle\" width=\"32\"><\/td>\n<td valign=\"middle\">Angolo di apertura (\u00ba):<\/td>\n<td valign=\"middle\">180\u00ba<\/td>\n<\/tr>\n<tr class=\"odd\">\n<td valign=\"middle\" width=\"32\"><\/td>\n<td valign=\"middle\">Efficienza del diodo LED (Lm\/W):<\/td>\n<td valign=\"middle\">110 Lm\/W<\/td>\n<\/tr>\n<tr class=\"even\">\n<td valign=\"middle\" width=\"32\"><\/td>\n<td valign=\"middle\">Efficienza luminosa (Lm\/W):<\/td>\n<td valign=\"middle\">100Lm\/W<\/td>\n<\/tr>\n<\/tbody>\n<\/table>\n<\/div><div class=\"col-xs-12 col-md-6 2\">\n<table class=\"table table-data-sheet 2\">\n<tbody>\n<tr class=\"odd\">\n<td valign=\"middle\" width=\"32\"><\/td>\n<td valign=\"middle\">Dimmerabile:<\/td>\n<td valign=\"middle\">TRIAC: 30%-100%<\/td>\n<\/tr>\n<tr class=\"even\">\n<td valign=\"middle\" width=\"32\"><\/td>\n<td valign=\"middle\">Certificati:<\/td>\n<td valign=\"middle\">CE - ROHS<\/td>\n<\/tr>\n<tr class=\"odd\">\n<td valign=\"middle\" width=\"32\"><\/td>\n<td valign=\"middle\">Grado di protezione IP:<\/td>\n<td valign=\"middle\">IP67-Outdoor<\/td>\n<\/tr>\n<tr class=\"even\">\n<td valign=\"middle\" width=\"32\"><\/td>\n<td valign=\"middle\">Durata stimata del diodo LED (H):<\/td>\n<td valign=\"middle\">35.000<\/td>\n<\/tr>\n<tr class=\"odd\">\n<td valign=\"middle\" width=\"32\"><\/td>\n<td valign=\"middle\">Dimensioni (mm):<\/td>\n<td valign=\"middle\">50000m * H4,39 mm * 9,62 mm<\/td>\n<\/tr>\n<tr class=\"even\">\n<td valign=\"middle\" width=\"32\"><\/td>\n<td valign=\"middle\">Intervallo di temperatura (\u00baC):<\/td>\n<td valign=\"middle\">-20\u00b0C ~ +55\u00b0C<\/td>\n<\/tr>\n<tr class=\"odd\">\n<td valign=\"middle\" width=\"32\"><\/td>\n<td valign=\"middle\">Cicli di accensione:<\/td>\n<td valign=\"middle\">100.000<\/td>\n<\/tr>\n<tr class=\"even\">\n<td valign=\"middle\" width=\"32\"><\/td>\n<td valign=\"middle\">Classe energetica (2021-EU-2019\/2015):<\/td>\n<td valign=\"middle\">A+<\/td>\n<\/tr>\n<tr class=\"odd\">\n<td valign=\"middle\" width=\"32\"><\/td>\n<td valign=\"middle\">Anni di garanzia:<\/td>\n<td valign=\"middle\">3<\/td>\n<\/tr>\n<\/tbody>\n<\/table>\n<p>&nbsp;<\/p>\n<\/div><\/h1>","protected":false},"excerpt":{"rendered":"<p><strong>REFERENCIA: SLSP840D16W50M-91646-4K-UND<\/strong><p><strong>Striscia LED COB<\/strong>&nbsp;da&nbsp;<strong>16W<\/strong>&nbsp;a&nbsp;<strong>220V&nbsp;<\/strong>y&nbsp;<strong>50 metri<\/strong>&nbsp;con nastro adesivo per una facile installazione. Progettato per l'installazione in interni. Perfetto per illuminare ogni tipo di spazio. NON necessita di alimentazione e si consiglia di installarlo su un profilo di alluminio per una buona dissipazione del calore.<strong>&nbsp;840 LED\/metro FLIP CHIP ad alta potenza.<\/strong><\/p><p><strong>TAGLIO OGNI 1 METRO | BOBINA COMPLETA = 50M | PREZZO AL METRO<\/strong><\/p><p><strong>1 UNIT\u00c0 = 1 METRO DI STRISCIA LED (SELEZIONARE I METRI NECESSARI) MASSIMO 50 METRI<\/strong><\/p><p><strong>1 CONNETTORE (KIT42004) PER ORDINE. NON PER METRO DI TAGLIO.<\/strong><\/p><p>TEMPERATURA DEL COLORE: <strong>2300K\/2700K\/4000K\/5700K<\/strong><\/p><div class=\"col-md-12\"><i class=\"fa fa-truck\"><\/i>&nbsp;<span class=\"text-muted textprop\">Consegna in 24\/48 ore<\/span><\/div><div class=\"col-md-12\"><i class=\"fa fa-exchange\"><\/i>&nbsp;<span class=\"text-muted textprop\">Garanzia assicurata<\/span><\/div><div class=\"col-md-12\"><i class=\"fa fa-box\"><\/i>&nbsp;<span class=\"text-muted textprop\">1 unit\u00e0 per Masterbox<\/span><\/div><p>&nbsp;<\/p><\/p>","protected":false},"featured_media":10191,"template":"","meta":{"site-sidebar-layout":"default","site-content-layout":"default","ast-global-header-display":"","ast-main-header-display":"","ast-hfb-above-header-display":"","ast-hfb-below-header-display":"","ast-hfb-mobile-header-display":"","site-post-title":"","ast-breadcrumbs-content":"","ast-featured-img":"","footer-sml-layout":"","theme-transparent-header-meta":"default","adv-header-id-meta":"","stick-header-meta":"","header-above-stick-meta":"","header-main-stick-meta":"","header-below-stick-meta":""},"product_cat":[90,45],"product_tag":[],"class_list":["post-10190","product","type-product","status-publish","has-post-thumbnail","hentry","product_cat-tiras-led-220v-240v-ac","product_cat-tiras-led-y-neon-flexible"],"_links":{"self":[{"href":"https:\/\/starlediluminacion.com\/it\/wp-json\/wp\/v3\/product\/10190","targetHints":{"allow":["GET"]}}],"collection":[{"href":"https:\/\/starlediluminacion.com\/it\/wp-json\/wp\/v3\/product"}],"about":[{"href":"https:\/\/starlediluminacion.com\/it\/wp-json\/wp\/v2\/types\/product"}],"wp:featuredmedia":[{"embeddable":true,"href":"https:\/\/starlediluminacion.com\/it\/wp-json\/wp\/v2\/media\/10191"}],"wp:attachment":[{"href":"https:\/\/starlediluminacion.com\/it\/wp-json\/wp\/v2\/media?parent=10190"}],"wp:term":[{"taxonomy":"product_cat","embeddable":true,"href":"https:\/\/starlediluminacion.com\/it\/wp-json\/wp\/v2\/product_cat?post=10190"},{"taxonomy":"product_tag","embeddable":true,"href":"https:\/\/starlediluminacion.com\/it\/wp-json\/wp\/v2\/product_tag?post=10190"}],"curies":[{"name":"wp","href":"https:\/\/api.w.org\/{rel}","templated":true}]}}