{"id":9971,"date":"2023-05-23T15:47:15","date_gmt":"2023-05-23T15:47:15","guid":{"rendered":"https:\/\/starlediluminacion.com\/?post_type=product&#038;p=9971"},"modified":"2023-09-14T09:40:41","modified_gmt":"2023-09-14T09:40:41","slug":"farola-led-150w-avant-osram-chip","status":"publish","type":"product","link":"https:\/\/starlediluminacion.com\/fr\/product\/farola-led-150w-avant-osram-chip\/","title":{"rendered":"<p>Farola LED 150W AVANT &ndash; OSRAM CHIP<\/p>"},"content":{"rendered":"<h1>Lampadaire LED 150W&nbsp;<strong>AVANT&nbsp;<\/strong>- OSRAM CHIP<p>Pour am\u00e9liorer l'\u00e9clairage des rues, la solution id\u00e9ale est le nouveau syst\u00e8me d'\u00e9clairage de la rue.&nbsp;<strong>Farola&nbsp;AVANT&nbsp;,<\/strong>&nbsp;qui se distingue des autres gr\u00e2ce \u00e0 son<strong>&nbsp;150W&nbsp;SMD 2835 CHIP OSRAM<\/strong>&nbsp;pour obtenir un luminaire de qualit\u00e9. Il est fabriqu\u00e9 en aluminium et en PMMA de haute qualit\u00e9 et transparence, ce qui lui assure une protection de haute r\u00e9sistance.<\/p><p>L'un des avantages de la&nbsp;<strong>conception extra-plate<\/strong>&nbsp;Le principal avantage des lampadaires \u00e0 LED est qu'ils permettent une plus grande efficacit\u00e9 \u00e9nerg\u00e9tique et une r\u00e9duction de la consommation d'\u00e9nergie. En outre, la conception a\u00e9rodynamique des lanternes extraplates r\u00e9duit la r\u00e9sistance au vent et am\u00e9liore la dissipation de la chaleur g\u00e9n\u00e9r\u00e9e par la source lumineuse, ce qui augmente la dur\u00e9e de vie de la LED et r\u00e9duit le besoin de maintenance.<\/p><p>Un autre avantage des lampadaires LED slimline est leur aspect esth\u00e9tique \u00e9pur\u00e9 et moderne, qui s'int\u00e8gre facilement dans l'environnement urbain. En outre, leur conception compacte facilite leur installation dans les zones urbaines o\u00f9 l'espace est limit\u00e9.<\/p><p>En g\u00e9n\u00e9ral, les lampadaires LED extra-plats sont un choix de plus en plus populaire pour l'\u00e9clairage urbain en raison de leur efficacit\u00e9 \u00e9nerg\u00e9tique,<strong>&nbsp;longue dur\u00e9e de vie<\/strong>Nouveau, faible co\u00fbt d'entretien et design \u00e9l\u00e9gant.<\/p><h3><\/h3><h3>R\u00e9sistance aux chocs IK10.<\/h3><p><strong>IK10<\/strong>&nbsp;est un indice de r\u00e9sistance aux chocs pour les \u00e9quipements \u00e9lectriques et \u00e9lectroniques. L'indice IK se r\u00e9f\u00e8re \u00e0 la r\u00e9sistance aux chocs des produits \u00e9lectriques et \u00e9lectroniques et mesure le degr\u00e9 de protection d'un \u00e9quipement contre les chocs m\u00e9caniques externes.<\/p><p>L'indice IK se compose d'un nombre allant de 00 \u00e0 10, l'indice IK10 \u00e9tant le niveau le plus \u00e9lev\u00e9 de r\u00e9sistance aux chocs. Un appareil class\u00e9 IK10 peut r\u00e9sister sans dommage \u00e0 l'impact d'une masse de 5 kg tombant d'une hauteur de 40 cm.<\/p><p>Ce classement est couramment utilis\u00e9 dans les applications ext\u00e9rieures telles que les luminaires, les cam\u00e9ras de s\u00e9curit\u00e9, les \u00e9crans d'affichage et autres \u00e9quipements qui se trouvent dans des environnements exigeant une r\u00e9sistance \u00e9lev\u00e9e aux chocs et au vandalisme.<\/p><p>De plus, gr\u00e2ce \u00e0 sa protection&nbsp;<strong>IP65&nbsp;<\/strong>est prot\u00e9g\u00e9 contre tout changement de temps, sans que sa fonction d'\u00e9clairage ne soit affect\u00e9e.<\/p><p>Notre lampadaire AVANT<strong>&nbsp;<\/strong>avec protection&nbsp;<strong>IP65<\/strong>&nbsp;est con\u00e7u pour r\u00e9sister \u00e0 la p\u00e9n\u00e9tration de la poussi\u00e8re et aux jets d'eau \u00e0 basse pression, ce qui le rend id\u00e9al pour une utilisation dans des environnements industriels et ext\u00e9rieurs o\u00f9 des conditions difficiles peuvent \u00eatre rencontr\u00e9es.<\/p><p>Vous b\u00e9n\u00e9ficierez \u00e9galement des avantages de la&nbsp;<strong>Lampe de rue Osram AVANT<\/strong>Parmi ses avantages, on peut citer le fait que, gr\u00e2ce \u00e0 sa technologie LED avanc\u00e9e, vous obtiendrez une grande luminosit\u00e9.<\/p><ul>\n<li>\u00c9conomies sur les co\u00fbts de maintenance.<\/li>\n<li>Id\u00e9al pour remplacer les anciens lampadaires.<\/li>\n<li>Il dispose d'une protection de&nbsp;<strong>IP65<\/strong><\/li>\n<li>L'installation est tr\u00e8s simple.<\/li>\n<\/ul><h3><\/h3><h3><strong>&Aacute;ngulo de 130&ordm; x&nbsp;70&ordm;<\/strong><\/h3><p>Una farola con un &aacute;ngulo de apertura de 130&ordm; x 70&ordm;tiene&nbsp;varios beneficios:<\/p><ol>\n<li><strong>Un \u00e9clairage abondant et uniforme :<\/strong>&nbsp;Avec un angle d'ouverture de 130\u00b0 x 70\u00b0, la lanterne est capable d'\u00e9clairer une large zone avec une lumi\u00e8re uniforme. Cela signifie qu'il n'y a pas de zones sombres ou d'ombres, ce qui augmente la s\u00e9curit\u00e9 dans la zone \u00e9clair\u00e9e.<\/li>\n<li><strong>\u00c9conomie d'\u00e9nergie :<\/strong>&nbsp;En \u00e9clairant une grande zone avec un seul lampadaire, on r\u00e9duit le nombre de lampadaires n\u00e9cessaires par rapport \u00e0 d'autres options d'\u00e9clairage. Il en r\u00e9sulte des \u00e9conomies d'\u00e9nergie, qui se traduisent par des \u00e9conomies \u00e9conomiques et une r\u00e9duction de l'empreinte carbone.<\/li>\n<li><strong>Moins d'\u00e9blouissement :<\/strong>&nbsp;La combinaci&oacute;n de un &aacute;ngulo de apertura de 130&ordm; x 70&ordm;resulta en una iluminaci&oacute;n m&aacute;s suave y menos deslumbrante, lo que reduce la fatiga visual y el cansancio en los ojos de las personas.<\/li>\n<li><strong>Am\u00e9lioration de la s\u00e9curit\u00e9 routi\u00e8re :<\/strong>&nbsp;Un lampadaire \u00e0 grand angle d'ouverture peut \u00e9clairer la chauss\u00e9e et les trottoirs de mani\u00e8re uniforme, am\u00e9liorant ainsi la visibilit\u00e9 des conducteurs et des pi\u00e9tons. Cela permet de r\u00e9duire le risque d'accidents de la circulation et d'accro\u00eetre la s\u00e9curit\u00e9 routi\u00e8re.<\/li>\n<\/ol><p>&nbsp;<\/p><p>En resumen, una farola con un &aacute;ngulo de apertura de 130&ordm; x 70&ordm;ofrece una iluminaci&oacute;n amplia, uniforme, suave y menos deslumbrante, lo que resulta en un ahorro de energ&iacute;a y mayor seguridad vial.<\/p><p>Le luminaire<strong>&nbsp;LED AVANT&nbsp;<\/strong>L'\u00e9clairage public de l'Union europ\u00e9enne vous permettra de maintenir un bon niveau d'\u00e9clairage avec une faible consommation. Le co\u00fbt d'exploitation est plus faible car il n'y a pas de d\u00e9marreur ou d'\u00e9lectronique \u00e0 remplacer.<\/p><p>Con\u00e7u pour une longue dur\u00e9e de vie de plus de 50 000 heures, le&nbsp;<strong>Lampadaire LED AVANT&nbsp;<\/strong>dispose d'une garantie de 3 ans sur la haute qualit\u00e9, la durabilit\u00e9 et la conception de l'alimentateur.<\/p><p>Il est \u00e9quip\u00e9 d'un connecteur pivotant rond de 60 mm de diam\u00e8tre et de deux vis \u00e0 pression pour le fixer \u00e0 la colonne. Le m\u00eame support peut \u00e9galement \u00eatre fix\u00e9 au mur.<\/p><h2><\/h2><h2>Usos de la&nbsp;Farola LED 150W&nbsp;<strong>AVANT&nbsp;<\/strong>- OSRAM CHIP<\/h2><ul>\n<li>\u00c9clairage des rues et des espaces publics : les lampadaires \u00e0 LED extra-plats sont souvent utilis\u00e9s pour \u00e9clairer les rues, les parcs, les places et d'autres espaces publics. Ils fournissent une lumi\u00e8re vive et uniforme qui am\u00e9liore la visibilit\u00e9 et la s\u00e9curit\u00e9 des personnes.<\/li>\n<li>Illumination de b\u00e2timents et de monuments : Les lanternes LED extra-plates peuvent \u00e9galement \u00eatre utilis\u00e9es pour \u00e9clairer des b\u00e2timents, des monuments et d'autres lieux d'int\u00e9r\u00eat. Cela permet de cr\u00e9er une atmosph\u00e8re impressionnante et de mettre en valeur la beaut\u00e9 de la structure.<\/li>\n<li>Eclairage des parkings : Les lampadaires \u00e0 LED extra-plats sont souvent utilis\u00e9s pour \u00e9clairer les parkings. Ils fournissent une lumi\u00e8re vive et uniforme qui aide les conducteurs \u00e0 man\u0153uvrer leur v\u00e9hicule en toute s\u00e9curit\u00e9.<\/li>\n<li>\u00c9clairage de jardin et de terrasse : Les lanternes LED extra-plates peuvent \u00e9galement \u00eatre utilis\u00e9es pour \u00e9clairer les jardins et les terrasses. Elles fournissent une lumi\u00e8re vive et uniforme qui am\u00e9liore l'esth\u00e9tique de la zone et contribue \u00e0 la s\u00e9curiser.<\/li>\n<\/ul><h3 class=\"page-product-heading\">DONN\u00c9ES TECHNIQUES<\/h3><div class=\"col-xs-12 col-md-6\">\n<table class=\"table table-data-sheet 1\">\n<tbody>\n<tr class=\"odd\">\n<td valign=\"middle\" width=\"32\"><\/td>\n<td valign=\"middle\">REFERENCE :<\/td>\n<td valign=\"middle\">SLOSR150W<\/td>\n<\/tr>\n<tr class=\"even\">\n<td valign=\"middle\" width=\"32\"><\/td>\n<td valign=\"middle\">Puissance nominale :<\/td>\n<td valign=\"middle\">150W<\/td>\n<\/tr>\n<tr class=\"odd\">\n<td valign=\"middle\" width=\"32\"><\/td>\n<td valign=\"middle\">Tension nominale :<\/td>\n<td valign=\"middle\">175v - 265v<\/td>\n<\/tr>\n<tr class=\"even\">\n<td valign=\"middle\" width=\"32\"><\/td>\n<td valign=\"middle\">Temp\u00e9rature de la lumi\u00e8re :<\/td>\n<td valign=\"middle\">3000K - 4000K<\/td>\n<\/tr>\n<tr class=\"odd\">\n<td valign=\"middle\" width=\"32\"><\/td>\n<td valign=\"middle\">CRI - Indice de rendu des couleurs :<\/td>\n<td valign=\"middle\">80<\/td>\n<\/tr>\n<tr class=\"even\">\n<td valign=\"middle\" width=\"32\"><\/td>\n<td valign=\"middle\">Mat\u00e9riaux de construction :<\/td>\n<td valign=\"middle\">Aluminium<\/td>\n<\/tr>\n<tr class=\"odd\">\n<td valign=\"middle\" width=\"32\"><\/td>\n<td valign=\"middle\">Luminosit\u00e9-Lm :<\/td>\n<td valign=\"middle\">15000<\/td>\n<\/tr>\n<tr class=\"even\">\n<td valign=\"middle\" width=\"32\"><\/td>\n<td valign=\"middle\">Type de DEL :<\/td>\n<td valign=\"middle\">SMD 2835 CHIP OSRAM<\/td>\n<\/tr>\n<tr class=\"odd\">\n<td valign=\"middle\" width=\"32\"><\/td>\n<td valign=\"middle\">Angle d'ouverture (\u00ba) :<\/td>\n<td valign=\"middle\">Primaire 130\u00ba x Secondaire 70\u00ba Primaire 130\u00ba x Secondaire 70\u00ba Primaire 130\u00ba x Secondaire 70\u00ba Primaire 130\u00ba x Secondaire 70\u00ba<\/td>\n<\/tr>\n<tr class=\"even\">\n<td valign=\"middle\" width=\"32\"><\/td>\n<td valign=\"middle\">Efficacit\u00e9 de la diode LED (Lm\/W) :<\/td>\n<td valign=\"middle\">130Lm\/W<\/td>\n<\/tr>\n<tr class=\"odd\">\n<td valign=\"middle\" width=\"32\"><\/td>\n<td valign=\"middle\">Efficacit\u00e9 lumineuse (Lm\/W) :<\/td>\n<td valign=\"middle\">100 Lm\/W<\/td>\n<\/tr>\n<tr class=\"even\">\n<td valign=\"middle\" width=\"32\"><\/td>\n<td valign=\"middle\">Certificats :<\/td>\n<td valign=\"middle\">CE - ROHS-T\u00dcV<\/td>\n<\/tr>\n<\/tbody>\n<\/table>\n<\/div><div class=\"col-xs-12 col-md-6 2\">\n<table class=\"table table-data-sheet 2\">\n<tbody>\n<tr class=\"odd\">\n<td valign=\"middle\" width=\"32\"><\/td>\n<td valign=\"middle\">Indice de protection IP :<\/td>\n<td valign=\"middle\">IP65-Ext\u00e9rieur<\/td>\n<\/tr>\n<tr class=\"even\">\n<td valign=\"middle\" width=\"32\"><\/td>\n<td valign=\"middle\">Dur\u00e9e de vie estim\u00e9e de la diode LED (H) :<\/td>\n<td valign=\"middle\">35.000<\/td>\n<\/tr>\n<tr class=\"odd\">\n<td valign=\"middle\" width=\"32\"><\/td>\n<td valign=\"middle\">Dimensions (mm) :<\/td>\n<td valign=\"middle\">542x214x76mm<\/td>\n<\/tr>\n<tr class=\"even\">\n<td valign=\"middle\" width=\"32\"><\/td>\n<td valign=\"middle\">Facteur de puissance (PF) :<\/td>\n<td valign=\"middle\">0.95<\/td>\n<\/tr>\n<tr class=\"odd\">\n<td valign=\"middle\" width=\"32\"><\/td>\n<td valign=\"middle\">Fr\u00e9quence de travail (Hz) :<\/td>\n<td valign=\"middle\">50\/60Hz<\/td>\n<\/tr>\n<tr class=\"even\">\n<td valign=\"middle\" width=\"32\"><\/td>\n<td valign=\"middle\">Plage de temp\u00e9rature (\u00baC) :<\/td>\n<td valign=\"middle\">-20\u00baC ~ +40\u00baC<\/td>\n<\/tr>\n<tr class=\"odd\">\n<td valign=\"middle\" width=\"32\"><\/td>\n<td valign=\"middle\">Temps de d\u00e9marrage (s) :<\/td>\n<td valign=\"middle\">0,2s<\/td>\n<\/tr>\n<tr class=\"even\">\n<td valign=\"middle\" width=\"32\"><\/td>\n<td valign=\"middle\">Informations compl\u00e9mentaires :<\/td>\n<td valign=\"middle\">Protection contre les surtensions 6K<\/td>\n<\/tr>\n<tr class=\"odd\">\n<td valign=\"middle\" width=\"32\"><\/td>\n<td valign=\"middle\">Protection contre les chocs (IK) :<\/td>\n<td valign=\"middle\">IK10<\/td>\n<\/tr>\n<tr class=\"even\">\n<td valign=\"middle\" width=\"32\"><\/td>\n<td valign=\"middle\">Classe \u00e9nerg\u00e9tique (2021-EU-2019\/2015) :<\/td>\n<td valign=\"middle\">A++<\/td>\n<\/tr>\n<tr class=\"odd\">\n<td valign=\"middle\" width=\"32\"><\/td>\n<td valign=\"middle\">Ann\u00e9es de garantie :<\/td>\n<td valign=\"middle\">3<\/td>\n<\/tr>\n<\/tbody>\n<\/table>\n<p>&nbsp;<\/p>\n<\/div><\/h1>","protected":false},"excerpt":{"rendered":"<div class=\"product-info-line\">\n<p id=\"product_reference\"><label>REFERENCIA: SLSLOSR150W-91104-4K<br>\n<\/label><\/p>\n<p>Les&nbsp;<strong>farola LED 150W&nbsp;AVANT&nbsp;<\/strong>est constitu\u00e9 de diodes&nbsp;<strong>SMD 2835 CHIP OSRAM<\/strong>&nbsp;une luminosit\u00e9 \u00e9lev\u00e9e, ce qui lui permet de g\u00e9n\u00e9rer une forte illumination dans n'importe quel espace d'\u00e9clairage public ext\u00e9rieur.<\/p><p>Il est temps de remplacer les anciens lampadaires par de nouveaux, la technologie LED permettant d\u00e9j\u00e0 de r\u00e9duire la consommation d'\u00e9nergie de 80%.<\/p><p><strong><label class=\"attribute_label\">TEMP\u00c9RATURE DE COULEUR : 3000K\/4000K<\/label><\/strong><a id=\"color_41\" class=\"color_pick\" title=\"Blanco C&aacute;lido - 3000K\" href=\"https:\/\/www.factorled.com\/es\/farolas-led-urbanas\/2798-farola-led-150w-avant-osram-chip-8435612955783.html\" name=\"Blanco%20C%C3%A1lido%20-%203000K\" data-option_name=\"\"><\/a><\/p><div class=\"col-md-12\"><i class=\"fa fa-truck\"><\/i>&nbsp;<span class=\"text-muted textprop\">Livraison dans les 24\/48 heures<\/span><\/div><div class=\"col-md-12\"><i class=\"fa fa-exchange\"><\/i>&nbsp;<span class=\"text-muted textprop\">Garantie assur\u00e9e<\/span><\/div><div class=\"col-md-12\"><i class=\"fa fa-box\"><\/i>&nbsp;<span class=\"text-muted textprop\">10 unit\u00e9(s) par bo\u00eete \u00e0 outils<\/span><\/div><\/div>","protected":false},"featured_media":9989,"template":"","meta":{"site-sidebar-layout":"default","site-content-layout":"default","ast-global-header-display":"","ast-main-header-display":"","ast-hfb-above-header-display":"","ast-hfb-below-header-display":"","ast-hfb-mobile-header-display":"","site-post-title":"","ast-breadcrumbs-content":"","ast-featured-img":"","footer-sml-layout":"","theme-transparent-header-meta":"default","adv-header-id-meta":"","stick-header-meta":"","header-above-stick-meta":"","header-main-stick-meta":"","header-below-stick-meta":""},"product_cat":[95,30],"product_tag":[],"class_list":["post-9971","product","type-product","status-publish","has-post-thumbnail","hentry","product_cat-farolas-led-urbanas","product_cat-iluminacion-publica-y-vial"],"_links":{"self":[{"href":"https:\/\/starlediluminacion.com\/fr\/wp-json\/wp\/v3\/product\/9971","targetHints":{"allow":["GET"]}}],"collection":[{"href":"https:\/\/starlediluminacion.com\/fr\/wp-json\/wp\/v3\/product"}],"about":[{"href":"https:\/\/starlediluminacion.com\/fr\/wp-json\/wp\/v2\/types\/product"}],"wp:featuredmedia":[{"embeddable":true,"href":"https:\/\/starlediluminacion.com\/fr\/wp-json\/wp\/v2\/media\/9989"}],"wp:attachment":[{"href":"https:\/\/starlediluminacion.com\/fr\/wp-json\/wp\/v2\/media?parent=9971"}],"wp:term":[{"taxonomy":"product_cat","embeddable":true,"href":"https:\/\/starlediluminacion.com\/fr\/wp-json\/wp\/v2\/product_cat?post=9971"},{"taxonomy":"product_tag","embeddable":true,"href":"https:\/\/starlediluminacion.com\/fr\/wp-json\/wp\/v2\/product_tag?post=9971"}],"curies":[{"name":"wp","href":"https:\/\/api.w.org\/{rel}","templated":true}]}}