{"id":9902,"date":"2023-05-23T14:09:10","date_gmt":"2023-05-23T14:09:10","guid":{"rendered":"https:\/\/starlediluminacion.com\/?post_type=product&#038;p=9902"},"modified":"2023-09-14T09:51:50","modified_gmt":"2023-09-14T09:51:50","slug":"bombilla-led-modern-cristal-humo-suave-4w-e27-g125","status":"publish","type":"product","link":"https:\/\/starlediluminacion.com\/fr\/product\/bulb-led-modern-crystal-crystal-smoke-soft-4w-e27-g125\/","title":{"rendered":"<p>Ampoule LED moderne Crystal Smoke Soft Smoke 4W- E27 -G125<\/p>"},"content":{"rendered":"<h1>Ampoule LED cristal moderne - fum\u00e9e douce - 4W- E27 -G125<p>L'ampoule LED design moderne avec verre en cristal&nbsp;<strong>couleur Smooth Smoke<\/strong>&nbsp;est une option d'\u00e9clairage \u00e9l\u00e9gante et efficace pour n'importe quel espace. Avec un design moderne et sophistiqu\u00e9, cette ampoule est parfaite pour ceux qui cherchent \u00e0 ajouter une touche de style \u00e0 leur maison ou \u00e0 leur lieu de travail.<\/p><p>La douce teinte fum\u00e9e du verre ajoute une touche de myst\u00e8re et de sophistication \u00e0 l'\u00e9clairage, tandis que sa puissance de 3 W garantit une efficacit\u00e9 \u00e9nerg\u00e9tique qui r\u00e9duit la consommation d'\u00e9nergie et contribue \u00e0 la protection de l'environnement.<\/p><p>De plus, cette ampoule LED poss\u00e8de un filetage E27 G125, ce qui la rend compatible avec la plupart des supports et lampes disponibles sur le march\u00e9. Sa facilit\u00e9 d'installation et d'utilisation en fait un excellent choix pour ceux qui souhaitent am\u00e9liorer leur \u00e9clairage rapidement et facilement.<\/p><p>Non seulement elle est \u00e9conome en \u00e9nergie, mais elle a \u00e9galement une longue dur\u00e9e de vie, ce qui signifie que vous n'aurez pas \u00e0 vous soucier de la remplacer fr\u00e9quemment. De plus, cette ampoule LED moderne est disponible au meilleur prix dans notre boutique en ligne, avec une livraison rapide pour que vous puissiez en profiter dans les plus brefs d\u00e9lais. Am\u00e9liorez votre \u00e9clairage avec l'ampoule LED moderne avec design en verre color\u00e9 Smooth Smoke !<\/p><p>&nbsp;<\/p><h2><strong>L'ampoule LED Modern Crystal - Soft Smoke - 4W - E27 -G125, convient \u00e0 une grande vari\u00e9t\u00e9 d'utilisations, dont les plus courantes sont les suivantes :<\/strong><\/h2><p>&nbsp;<\/p><ul>\n<li>\u00c9clairage g\u00e9n\u00e9ral dans les maisons, les bureaux et les \u00e9tablissements commerciaux.<\/li>\n<li>\u00c9clairage d\u00e9coratif dans les salons, les chambres \u00e0 coucher, les salles \u00e0 manger et les autres parties communes de la maison.<\/li>\n<li>\u00c9clairage d'accentuation dans les couloirs, les escaliers, les armoires et autres lieux de passage dans la maison.<\/li>\n<li>\u00c9clairage de travail dans les bureaux, les tables et autres postes de travail.<\/li>\n<li>L'\u00e9clairage des espaces de lecture, qu'il s'agisse de maisons ou de biblioth\u00e8ques.<\/li>\n<li>\u00c9clairage de magasins et d'expositions dans les magasins et les salles d'exposition.<\/li>\n<\/ul><h3 class=\"page-product-heading\">DONN\u00c9ES TECHNIQUES<\/h3><div class=\"col-xs-12 col-md-6\">\n<table class=\"table table-data-sheet 1\">\n<tbody>\n<tr class=\"odd\">\n<td valign=\"middle\" width=\"32\"><\/td>\n<td valign=\"middle\">REFERENCE :<\/td>\n<td valign=\"middle\">SL91066<\/td>\n<\/tr>\n<tr class=\"even\">\n<td valign=\"middle\" width=\"32\"><\/td>\n<td valign=\"middle\">Puissance nominale :<\/td>\n<td valign=\"middle\">4W<\/td>\n<\/tr>\n<tr class=\"odd\">\n<td valign=\"middle\" width=\"32\"><\/td>\n<td valign=\"middle\">Tension nominale :<\/td>\n<td valign=\"middle\">220-240 V AC<\/td>\n<\/tr>\n<tr class=\"even\">\n<td valign=\"middle\" width=\"32\"><\/td>\n<td valign=\"middle\">Temp\u00e9rature de la lumi\u00e8re :<\/td>\n<td valign=\"middle\">3000K<\/td>\n<\/tr>\n<tr class=\"odd\">\n<td valign=\"middle\" width=\"32\"><\/td>\n<td valign=\"middle\">CRI - Indice de rendu des couleurs :<\/td>\n<td valign=\"middle\">80<\/td>\n<\/tr>\n<tr class=\"even\">\n<td valign=\"middle\" width=\"32\"><\/td>\n<td valign=\"middle\">Mat\u00e9riaux de construction :<\/td>\n<td valign=\"middle\">PMMA + acier<\/td>\n<\/tr>\n<tr class=\"odd\">\n<td valign=\"middle\" width=\"32\"><\/td>\n<td valign=\"middle\">Luminosit\u00e9-Lm :<\/td>\n<td valign=\"middle\">5<\/td>\n<\/tr>\n<tr class=\"even\">\n<td valign=\"middle\" width=\"32\"><\/td>\n<td valign=\"middle\">Angle d'ouverture (\u00ba) :<\/td>\n<td valign=\"middle\">360\u00ba<\/td>\n<\/tr>\n<tr class=\"odd\">\n<td valign=\"middle\" width=\"32\"><\/td>\n<td valign=\"middle\">Dimmable :<\/td>\n<td valign=\"middle\">TRIAC<\/td>\n<\/tr>\n<tr class=\"even\">\n<td valign=\"middle\" width=\"32\"><\/td>\n<td valign=\"middle\">Douille :<\/td>\n<td valign=\"middle\">E27<\/td>\n<\/tr>\n<tr class=\"odd\">\n<td valign=\"middle\" width=\"32\"><\/td>\n<td valign=\"middle\">Certificats :<\/td>\n<td valign=\"middle\">CE - ROHS<\/td>\n<\/tr>\n<\/tbody>\n<\/table>\n<\/div><div class=\"col-xs-12 col-md-6 2\">\n<table class=\"table table-data-sheet 2\">\n<tbody>\n<tr class=\"odd\">\n<td valign=\"middle\" width=\"32\"><\/td>\n<td valign=\"middle\">Indice de protection IP :<\/td>\n<td valign=\"middle\">IP20<\/td>\n<\/tr>\n<tr class=\"even\">\n<td valign=\"middle\" width=\"32\"><\/td>\n<td valign=\"middle\">Dimensions (mm) :<\/td>\n<td valign=\"middle\">\u00d8125x150mm<\/td>\n<\/tr>\n<tr class=\"odd\">\n<td valign=\"middle\" width=\"32\"><\/td>\n<td valign=\"middle\">Fr\u00e9quence de travail (Hz) :<\/td>\n<td valign=\"middle\">50\/60Hz<\/td>\n<\/tr>\n<tr class=\"even\">\n<td valign=\"middle\" width=\"32\"><\/td>\n<td valign=\"middle\">Plage de temp\u00e9rature (\u00baC) :<\/td>\n<td valign=\"middle\">-20?C ~ +55?C<\/td>\n<\/tr>\n<tr class=\"odd\">\n<td valign=\"middle\" width=\"32\"><\/td>\n<td valign=\"middle\">Cycles d'allumage :<\/td>\n<td valign=\"middle\">100.000<\/td>\n<\/tr>\n<tr class=\"even\">\n<td valign=\"middle\" width=\"32\"><\/td>\n<td valign=\"middle\">Temps de d\u00e9marrage (s) :<\/td>\n<td valign=\"middle\">0,2s<\/td>\n<\/tr>\n<tr class=\"odd\">\n<td valign=\"middle\" width=\"32\"><\/td>\n<td valign=\"middle\">Informations compl\u00e9mentaires :<\/td>\n<td valign=\"middle\">NO FLICK<\/td>\n<\/tr>\n<tr class=\"even\">\n<td valign=\"middle\" width=\"32\"><\/td>\n<td valign=\"middle\">Classe \u00e9nerg\u00e9tique (2021-EU-2019\/2015) :<\/td>\n<td valign=\"middle\">A+<\/td>\n<\/tr>\n<tr class=\"odd\">\n<td valign=\"middle\" width=\"32\"><\/td>\n<td valign=\"middle\">Classe \u00e9nerg\u00e9tique (2023 - EU-2019\/2015) :<\/td>\n<td valign=\"middle\">F<\/td>\n<\/tr>\n<tr class=\"even\">\n<td valign=\"middle\" width=\"32\"><\/td>\n<td valign=\"middle\">Ann\u00e9es de garantie :<\/td>\n<td valign=\"middle\">3<\/td>\n<\/tr>\n<\/tbody>\n<\/table>\n<p>&nbsp;<\/p>\n<\/div><\/h1>","protected":false},"excerpt":{"rendered":"<p>R\u00c9F\u00c9RENCE : SL91066<p>Le pr\u00e9sent&nbsp;<strong>Ampoule<\/strong>&nbsp;<strong>G125<\/strong>&nbsp;r\u00e9alis\u00e9e en&nbsp;<strong>Verre et PMMA,<\/strong>&nbsp;a un type de base&nbsp;<strong>E27<\/strong>&nbsp;et contribue \u00e0 respecter la plan\u00e8te gr\u00e2ce aux \u00e9conomies d'\u00e9nergie qu'elle permet de r\u00e9aliser. L'ampoule pr\u00e9sente un design moderne et \u00e9l\u00e9gant, avec un bo\u00eetier en m\u00e9tal noir qui s'int\u00e8gre parfaitement dans tout d\u00e9cor int\u00e9rieur, cr\u00e9ant une atmosph\u00e8re chaleureuse et relaxante.<\/p><p><strong>TEMP\u00c9RATURE DE COULEUR : 2200K<\/strong><\/p><div class=\"col-md-12\"><i class=\"fa fa-truck\"><\/i>&nbsp;<span class=\"text-muted textprop\">Livraison dans les 24\/48 heures<\/span><\/div><div class=\"col-md-12\"><i class=\"fa fa-exchange\"><\/i>&nbsp;<span class=\"text-muted textprop\">Garantie assur\u00e9e<\/span><\/div><div class=\"col-md-12\"><i class=\"fa fa-box\"><\/i>&nbsp;<span class=\"text-muted textprop\">20 unit\u00e9(s) par bo\u00eete \u00e0 outils<\/span><\/div><p>&nbsp;<\/p><\/p>","protected":false},"featured_media":9910,"template":"","meta":{"site-sidebar-layout":"default","site-content-layout":"default","ast-global-header-display":"","ast-main-header-display":"","ast-hfb-above-header-display":"","ast-hfb-below-header-display":"","ast-hfb-mobile-header-display":"","site-post-title":"","ast-breadcrumbs-content":"","ast-featured-img":"","footer-sml-layout":"","theme-transparent-header-meta":"default","adv-header-id-meta":"","stick-header-meta":"","header-above-stick-meta":"","header-main-stick-meta":"","header-below-stick-meta":""},"product_cat":[46,23],"product_tag":[],"class_list":["post-9902","product","type-product","status-publish","has-post-thumbnail","hentry","product_cat-bombillas-led-e27","product_cat-bombillas-y-lamparas-led"],"_links":{"self":[{"href":"https:\/\/starlediluminacion.com\/fr\/wp-json\/wp\/v3\/product\/9902","targetHints":{"allow":["GET"]}}],"collection":[{"href":"https:\/\/starlediluminacion.com\/fr\/wp-json\/wp\/v3\/product"}],"about":[{"href":"https:\/\/starlediluminacion.com\/fr\/wp-json\/wp\/v2\/types\/product"}],"wp:featuredmedia":[{"embeddable":true,"href":"https:\/\/starlediluminacion.com\/fr\/wp-json\/wp\/v2\/media\/9910"}],"wp:attachment":[{"href":"https:\/\/starlediluminacion.com\/fr\/wp-json\/wp\/v2\/media?parent=9902"}],"wp:term":[{"taxonomy":"product_cat","embeddable":true,"href":"https:\/\/starlediluminacion.com\/fr\/wp-json\/wp\/v2\/product_cat?post=9902"},{"taxonomy":"product_tag","embeddable":true,"href":"https:\/\/starlediluminacion.com\/fr\/wp-json\/wp\/v2\/product_tag?post=9902"}],"curies":[{"name":"wp","href":"https:\/\/api.w.org\/{rel}","templated":true}]}}