{"id":9883,"date":"2023-05-23T13:58:32","date_gmt":"2023-05-23T13:58:32","guid":{"rendered":"https:\/\/starlediluminacion.com\/?post_type=product&#038;p=9883"},"modified":"2023-09-14T09:51:15","modified_gmt":"2023-09-14T09:51:15","slug":"bombilla-led-modern-metal-gold-4w-e27-dimable","status":"publish","type":"product","link":"https:\/\/starlediluminacion.com\/fr\/product\/ampoule-led-moderne-metal-or-4w-e27-dimmable\/","title":{"rendered":"<p>Ampoule LED moderne m\u00e9tal GOLD 4W E27 - Dimmable<\/p>"},"content":{"rendered":"<h1>Ampoule LED moderne m\u00e9tal GOLD 4W E27 - Dimmable<p>Le design de cette ampoule&nbsp;<strong>m\u00e9tal dor\u00e9<\/strong>&nbsp;4W, avec un culot E27, est un excellent choix pour ceux qui recherchent une alternative \u00e9conome en \u00e9nergie pour d\u00e9corer leur magasin ou leur maison.<\/p><p>L'ampoule a un design moderne et \u00e9l\u00e9gant, avec un bo\u00eetier en acier inoxydable.&nbsp;<strong>m\u00e9tal dor\u00e9<\/strong>&nbsp; qui s'adapte parfaitement \u00e0 toute d\u00e9coration int\u00e9rieure. Elle est \u00e9galement compatible avec le variateur -TRIAC-, ce qui permet de r\u00e9gler l'intensit\u00e9 de la lumi\u00e8re pour cr\u00e9er une atmosph\u00e8re plus agr\u00e9able et plus relaxante.<\/p><p>Les ampoules \u00e0 intensit\u00e9 variable pr\u00e9sentent des avantages :<\/p><ol>\n<li>Un meilleur contr\u00f4le de l'\u00e9clairage : en r\u00e9glant l'intensit\u00e9 de la lumi\u00e8re, vous pouvez cr\u00e9er l'ambiance souhait\u00e9e pour diff\u00e9rentes situations ou activit\u00e9s, telles qu'un d\u00eener romantique, une r\u00e9union entre amis, la lecture d'un livre, etc.<\/li>\n<li>\u00c9conomie d'\u00e9nergie : en r\u00e9duisant l'intensit\u00e9 de la lumi\u00e8re, la consommation d'\u00e9nergie de l'ampoule est r\u00e9duite, ce qui se traduit par une diminution de la facture \u00e9nerg\u00e9tique.<\/li>\n<li>Dur\u00e9e de vie plus longue de l'ampoule : en r\u00e9duisant l'intensit\u00e9 lumineuse, la contrainte thermique exerc\u00e9e sur l'ampoule est r\u00e9duite, ce qui peut prolonger sa dur\u00e9e de vie.<\/li>\n<li>Plus de confort : en \u00e9vitant de devoir r\u00e9gler l'\u00e9clairage \u00e0 l'aide d'interrupteurs, il est possible d'obtenir un plus grand confort en contr\u00f4lant la lumi\u00e8re \u00e9mise.<\/li>\n<li>Personnalisation : les ampoules \u00e0 intensit\u00e9 variable permettent de personnaliser diff\u00e9rentes ambiances et atmosph\u00e8res, ce qui peut am\u00e9liorer l'exp\u00e9rience des personnes vivant \u00e0 la maison ou travaillant au bureau.<\/li>\n<\/ol><p>&nbsp;<\/p><p>L'utilisation qu'il peut avoir est multiple, de l'ampoule comme son utilisation principale, \u00e0 la lampe de maison pour donner une combinaison sp\u00e9ciale et authentiquement moderne et confortable. Seule notre boutique en ligne vous offre une garantie de 3 ans sur ce produit.<\/p><p>&nbsp;<\/p><h2>Utilisations de l'ampoule LED moderne m\u00e9tal GOLD 4W E27 - Dimmable<\/h2><ul>\n<li>\u00c9clairage d\u00e9coratif<\/li>\n<li>Lampes suspendues<\/li>\n<li>Appliques industrielles<\/li>\n<li>Lampes de bureau ou de chevet<\/li>\n<\/ul><h3 class=\"page-product-heading\">DONN\u00c9ES TECHNIQUES<\/h3><div class=\"col-xs-12 col-md-6\">\n<table class=\"table table-data-sheet 1\">\n<tbody>\n<tr class=\"odd\">\n<td valign=\"middle\" width=\"32\"><\/td>\n<td valign=\"middle\">REFERENCE :<\/td>\n<td valign=\"middle\">SL91065<\/td>\n<\/tr>\n<tr class=\"even\">\n<td valign=\"middle\" width=\"32\"><\/td>\n<td valign=\"middle\">Puissance nominale :<\/td>\n<td valign=\"middle\">4W<\/td>\n<\/tr>\n<tr class=\"odd\">\n<td valign=\"middle\" width=\"32\"><\/td>\n<td valign=\"middle\">Tension nominale :<\/td>\n<td valign=\"middle\">220V-240V<\/td>\n<\/tr>\n<tr class=\"even\">\n<td valign=\"middle\" width=\"32\"><\/td>\n<td valign=\"middle\">Temp\u00e9rature de la lumi\u00e8re :<\/td>\n<td valign=\"middle\">1800K<\/td>\n<\/tr>\n<tr class=\"odd\">\n<td valign=\"middle\" width=\"32\"><\/td>\n<td valign=\"middle\">CRI - Indice de rendu des couleurs :<\/td>\n<td valign=\"middle\">80<\/td>\n<\/tr>\n<tr class=\"even\">\n<td valign=\"middle\" width=\"32\"><\/td>\n<td valign=\"middle\">Mat\u00e9riaux de construction :<\/td>\n<td valign=\"middle\">PMMA + acier<\/td>\n<\/tr>\n<tr class=\"odd\">\n<td valign=\"middle\" width=\"32\"><\/td>\n<td valign=\"middle\">Luminosit\u00e9-Lm :<\/td>\n<td valign=\"middle\">85<\/td>\n<\/tr>\n<tr class=\"even\">\n<td valign=\"middle\" width=\"32\"><\/td>\n<td valign=\"middle\">Angle d'ouverture (\u00ba) :<\/td>\n<td valign=\"middle\">360\u00ba<\/td>\n<\/tr>\n<tr class=\"odd\">\n<td valign=\"middle\" width=\"32\"><\/td>\n<td valign=\"middle\">Dimmable :<\/td>\n<td valign=\"middle\">TRIAC<\/td>\n<\/tr>\n<tr class=\"even\">\n<td valign=\"middle\" width=\"32\"><\/td>\n<td valign=\"middle\">Douille :<\/td>\n<td valign=\"middle\">E27<\/td>\n<\/tr>\n<tr class=\"odd\">\n<td valign=\"middle\" width=\"32\"><\/td>\n<td valign=\"middle\">Certificats :<\/td>\n<td valign=\"middle\">CE - ROHS<\/td>\n<\/tr>\n<\/tbody>\n<\/table>\n<\/div><div class=\"col-xs-12 col-md-6 2\">\n<table class=\"table table-data-sheet 2\">\n<tbody>\n<tr class=\"odd\">\n<td valign=\"middle\" width=\"32\"><\/td>\n<td valign=\"middle\">Indice de protection IP :<\/td>\n<td valign=\"middle\">IP20<\/td>\n<\/tr>\n<tr class=\"even\">\n<td valign=\"middle\" width=\"32\"><\/td>\n<td valign=\"middle\">Dimensions (mm) :<\/td>\n<td valign=\"middle\">\u00d8105x160mm<\/td>\n<\/tr>\n<tr class=\"odd\">\n<td valign=\"middle\" width=\"32\"><\/td>\n<td valign=\"middle\">Fr\u00e9quence de travail (Hz) :<\/td>\n<td valign=\"middle\">50\/60Hz<\/td>\n<\/tr>\n<tr class=\"even\">\n<td valign=\"middle\" width=\"32\"><\/td>\n<td valign=\"middle\">Plage de temp\u00e9rature (\u00baC) :<\/td>\n<td valign=\"middle\">-20?C ~ +55?C<\/td>\n<\/tr>\n<tr class=\"odd\">\n<td valign=\"middle\" width=\"32\"><\/td>\n<td valign=\"middle\">Cycles d'allumage :<\/td>\n<td valign=\"middle\">100.000<\/td>\n<\/tr>\n<tr class=\"even\">\n<td valign=\"middle\" width=\"32\"><\/td>\n<td valign=\"middle\">Temps de d\u00e9marrage (s) :<\/td>\n<td valign=\"middle\">0,2s<\/td>\n<\/tr>\n<tr class=\"odd\">\n<td valign=\"middle\" width=\"32\"><\/td>\n<td valign=\"middle\">Informations compl\u00e9mentaires :<\/td>\n<td valign=\"middle\">NO FLICK<\/td>\n<\/tr>\n<tr class=\"even\">\n<td valign=\"middle\" width=\"32\"><\/td>\n<td valign=\"middle\">Classe \u00e9nerg\u00e9tique (2021-EU-2019\/2015) :<\/td>\n<td valign=\"middle\">A+<\/td>\n<\/tr>\n<tr class=\"odd\">\n<td valign=\"middle\" width=\"32\"><\/td>\n<td valign=\"middle\">Classe \u00e9nerg\u00e9tique (2023 - EU-2019\/2015) :<\/td>\n<td valign=\"middle\">F<\/td>\n<\/tr>\n<tr class=\"even\">\n<td valign=\"middle\" width=\"32\"><\/td>\n<td valign=\"middle\">Ann\u00e9es de garantie :<\/td>\n<td valign=\"middle\">3<\/td>\n<\/tr>\n<\/tbody>\n<\/table>\n<p>&nbsp;<\/p>\n<\/div><\/h1>","protected":false},"excerpt":{"rendered":"<p>R\u00c9F\u00c9RENCE : SL91065<p>Le pr\u00e9sent&nbsp;<strong>Ampoule<\/strong>&nbsp;<strong>dimmabl<\/strong>e en m\u00e9thacrylate et grille en m\u00e9tal, et type de douille&nbsp;<strong>E27<\/strong>&nbsp;contribue \u00e0 respecter la plan\u00e8te en \u00e9conomisant de l'\u00e9nergie. L'ampoule pr\u00e9sente un design moderne et \u00e9l\u00e9gant, avec un bo\u00eetier en m\u00e9tal Orto qui s'int\u00e8gre parfaitement \u00e0 tout d\u00e9cor int\u00e9rieur. De plus, elle est compatible avec les variateurs de lumi\u00e8re, ce qui vous permet de r\u00e9gler l'intensit\u00e9 de la lumi\u00e8re pour cr\u00e9er une atmosph\u00e8re plus agr\u00e9able et plus relaxante.<\/p><p>L'ampoule est&nbsp;<strong>r\u00e9glable<\/strong>&nbsp;par&nbsp;<strong>TRIAC<\/strong><\/p><p><strong>TEMP\u00c9RATURE DE COULEUR : 2200K<\/strong><\/p><div class=\"col-md-12\"><i class=\"fa fa-truck\"><\/i>&nbsp;<span class=\"text-muted textprop\">Livraison dans les 24\/48 heures<\/span><\/div><div class=\"col-md-12\"><i class=\"fa fa-exchange\"><\/i>&nbsp;<span class=\"text-muted textprop\">Garantie assur\u00e9e<\/span><\/div><div class=\"col-md-12\"><i class=\"fa fa-box\"><\/i>&nbsp;<span class=\"text-muted textprop\">20 unit\u00e9(s) par bo\u00eete \u00e0 outils<\/span><\/div><\/p>","protected":false},"featured_media":9901,"template":"","meta":{"site-sidebar-layout":"default","site-content-layout":"default","ast-global-header-display":"","ast-main-header-display":"","ast-hfb-above-header-display":"","ast-hfb-below-header-display":"","ast-hfb-mobile-header-display":"","site-post-title":"","ast-breadcrumbs-content":"","ast-featured-img":"","footer-sml-layout":"","theme-transparent-header-meta":"default","adv-header-id-meta":"","stick-header-meta":"","header-above-stick-meta":"","header-main-stick-meta":"","header-below-stick-meta":""},"product_cat":[46,23],"product_tag":[],"class_list":["post-9883","product","type-product","status-publish","has-post-thumbnail","hentry","product_cat-bombillas-led-e27","product_cat-bombillas-y-lamparas-led"],"_links":{"self":[{"href":"https:\/\/starlediluminacion.com\/fr\/wp-json\/wp\/v3\/product\/9883","targetHints":{"allow":["GET"]}}],"collection":[{"href":"https:\/\/starlediluminacion.com\/fr\/wp-json\/wp\/v3\/product"}],"about":[{"href":"https:\/\/starlediluminacion.com\/fr\/wp-json\/wp\/v2\/types\/product"}],"wp:featuredmedia":[{"embeddable":true,"href":"https:\/\/starlediluminacion.com\/fr\/wp-json\/wp\/v2\/media\/9901"}],"wp:attachment":[{"href":"https:\/\/starlediluminacion.com\/fr\/wp-json\/wp\/v2\/media?parent=9883"}],"wp:term":[{"taxonomy":"product_cat","embeddable":true,"href":"https:\/\/starlediluminacion.com\/fr\/wp-json\/wp\/v2\/product_cat?post=9883"},{"taxonomy":"product_tag","embeddable":true,"href":"https:\/\/starlediluminacion.com\/fr\/wp-json\/wp\/v2\/product_tag?post=9883"}],"curies":[{"name":"wp","href":"https:\/\/api.w.org\/{rel}","templated":true}]}}