{"id":9850,"date":"2023-05-23T13:45:20","date_gmt":"2023-05-23T13:45:20","guid":{"rendered":"https:\/\/starlediluminacion.com\/?post_type=product&#038;p=9850"},"modified":"2023-07-27T14:23:34","modified_gmt":"2023-07-27T14:23:34","slug":"lampara-led-36w-bridgelux-e27-167lm-w-alta-resistencia","status":"publish","type":"product","link":"https:\/\/starlediluminacion.com\/fr\/product\/lamp-led-36w-bridgelux-e27-167lm-w-high-strength\/","title":{"rendered":"<p>BRIDGELUX 36W Lampe LED E27 -167Lm\/W - Haute r\u00e9sistance<\/p>"},"content":{"rendered":"<h4>PLUS<div class=\"rte\">\n<h1><strong>BRIDGELUX Lampe LED E27 36W - 167Lm\/W - Heavy Duty<\/strong><\/h1>\n<p>&nbsp;<\/p>\n<p>Lampe LED&nbsp;<strong>36W<\/strong>&nbsp;avec prise E27 de&nbsp;<strong>HAUTE R\u00c9SISTANCE<\/strong>&nbsp;et durabilit\u00e9 avec la puce Bridgelux con\u00e7ue pour s'adapter \u00e0 une douille E27 et sp\u00e9cialement con\u00e7ue pour une dissipation thermique tr\u00e8s efficace, pour une utilisation industrielle et l'\u00e9clairage de grands espaces. Elle pr\u00e9sente un facteur de puissance \u00e9lev\u00e9 (+0,90), une conversion \u00e9nerg\u00e9tique \u00e9lev\u00e9e et de faibles co\u00fbts de maintenance.<\/p>\n<p>&nbsp;<\/p>\n<p>Les lampes LED E27 \u00e0 usage intensif offrent une combinaison unique de durabilit\u00e9, d'efficacit\u00e9 \u00e9nerg\u00e9tique, de puissance, de flexibilit\u00e9 et de qualit\u00e9 de lumi\u00e8re qui les rend id\u00e9ales pour une vari\u00e9t\u00e9 d'applications.<\/p>\n<p>Il pr\u00e9sente \u00e9galement l'avantage de&nbsp;<strong>Rotation de 360\u00b0,&nbsp;<\/strong>lo<strong>&nbsp;<\/strong>permet une plus grande flexibilit\u00e9 dans la direction de la lumi\u00e8re, ce qui le rend id\u00e9al pour \u00e9clairer des zones sp\u00e9cifiques ou pour ajuster la lumi\u00e8re en fonction des besoins de l'utilisateur.&nbsp;<strong>Et la dissipation de l'aluminium<\/strong>&nbsp;permet de maintenir la temp\u00e9rature de la lampe \u00e0 un niveau bas, ce qui prolonge sa dur\u00e9e de vie.<\/p>\n<p>Les avantages d'une lampe LED E27 \u00e0 usage intensif sont les suivants :<\/p>\n<ol>\n<li>La haute r\u00e9sistance de cette lampe LED correspond \u00e0 sa capacit\u00e9 \u00e0 supporter des conditions d\u00e9favorables, telles que des changements de temp\u00e9rature extr\u00eames, des vibrations et des chocs.<\/li>\n<li>Durabilit\u00e9 accrue : les lampes LED \u00e0 usage intensif sont con\u00e7ues pour \u00eatre plus r\u00e9sistantes et plus durables que les autres lampes LED. Elles conviennent donc mieux \u00e0 une utilisation dans des environnements difficiles ou \u00e0 des applications qui n\u00e9cessitent une plus grande endurance.<\/li>\n<li>Meilleure efficacit\u00e9 \u00e9nerg\u00e9tique : les lampes LED \u00e0 usage intensif peuvent \u00eatre plus efficaces sur le plan \u00e9nerg\u00e9tique que les autres lampes LED en raison de leur conception et des mat\u00e9riaux utilis\u00e9s. Cela peut contribuer \u00e0 r\u00e9duire davantage le co\u00fbt de l'\u00e9lectricit\u00e9.<\/li>\n<li>Puissance sup\u00e9rieure : les lampes LED \u00e0 usage intensif peuvent \u00eatre plus puissantes que les autres lampes LED. Cela signifie qu'elles peuvent fournir plus de lumi\u00e8re dans des espaces plus grands ou pour des applications n\u00e9cessitant une intensit\u00e9 lumineuse plus \u00e9lev\u00e9e.<\/li>\n<li>Flexibilit\u00e9 accrue : les lampes \u00e0 LED robustes peuvent \u00eatre plus flexibles en termes de conception et d'options de montage. Cela signifie qu'elles peuvent \u00eatre adapt\u00e9es \u00e0 une grande vari\u00e9t\u00e9 d'applications et de besoins d'\u00e9clairage.<\/li>\n<li>Meilleure qualit\u00e9 de lumi\u00e8re : les lampes LED pour charges lourdes peuvent produire une lumi\u00e8re plus brillante et plus nette que les autres lampes LED en raison de leur conception et de leur technologie. Cela signifie qu'elles peuvent fournir un \u00e9clairage plus pr\u00e9cis et plus uniforme.<\/li>\n<li>Compatibilit\u00e9 accrue : les lampes LED \u00e0 haut rendement peuvent \u00eatre compatibles avec une grande vari\u00e9t\u00e9 de syst\u00e8mes de contr\u00f4le et de gradation de l'\u00e9clairage. Cela signifie qu'elles peuvent \u00eatre utilis\u00e9es dans une grande vari\u00e9t\u00e9 d'applications, de la maison \u00e0 l'industrie.<\/li>\n<\/ol>\n<p>A&nbsp;<strong>FACTEUR DE PUISSANCE (PF)<\/strong>&nbsp;Un PF sup\u00e9rieur \u00e0 0,90 est souhaitable car il indique que le luminaire utilise la majeure partie de l'\u00e9nergie fournie pour produire de la lumi\u00e8re, plut\u00f4t que de la gaspiller sous forme de chaleur ou d'autres types de pertes d'\u00e9nergie. Cela peut \u00eatre b\u00e9n\u00e9fique en termes d'efficacit\u00e9 \u00e9nerg\u00e9tique et de r\u00e9duction des co\u00fbts \u00e0 long terme, car moins d'\u00e9nergie est utilis\u00e9e pour obtenir le m\u00eame niveau d'\u00e9clairage.<\/p>\n<p>&nbsp;<\/p>\n<p>Avec un angle d'\u00e9clairage de 116\u00ba, son design innovant et \u00e9l\u00e9gant est tr\u00e8s efficace pour l'\u00e9vacuation correcte de la chaleur g\u00e9n\u00e9r\u00e9e par la LED. Il dispose d'un syst\u00e8me d'autoprotection qui ajuste intelligemment la puissance lorsque la temp\u00e9rature recommand\u00e9e est d\u00e9pass\u00e9e, pour une plus grande efficacit\u00e9.<\/p>\n<p>Il est dot\u00e9 d'un manchon rotatif interne qui permet de diriger le faisceau lumineux \u00e0 116\u00ba.<\/p>\n<h2><strong>Lampe d'application&nbsp;<\/strong>LED 36W E27 Heavy Duty BRIDGELUX<\/h2>\n<ul>\n<li>Supermarch\u00e9s et garages couverts.<\/li>\n<li>Les magasins et les entreprises en g\u00e9n\u00e9ral.<\/li>\n<li>Ateliers et entrep\u00f4ts.<\/li>\n<li>Remplace les ampoules halog\u00e8nes E40 de 125W et les ampoules \u00e0 vapeur de sodium E40 de 250W.<\/li>\n<li>B\u00e2timents industriels.<\/li>\n<li>Lampes de rue.<\/li>\n<li>Tout espace int\u00e9rieur avec de hauts plafonds ou de grands espaces.<\/li>\n<\/ul>\n<h3 class=\"page-product-heading\">DONN\u00c9ES TECHNIQUES<\/h3>\n<div class=\"col-xs-12 col-md-6\">\n<table class=\"table table-data-sheet 1\">\n<tbody>\n<tr class=\"odd\">\n<td valign=\"middle\" width=\"32\"><\/td>\n<td valign=\"middle\">REFERENCE :<\/td>\n<td valign=\"middle\">SLFLB36WS3<\/td>\n<\/tr>\n<tr class=\"even\">\n<td valign=\"middle\" width=\"32\"><\/td>\n<td valign=\"middle\">Puissance nominale :<\/td>\n<td valign=\"middle\">36w<\/td>\n<\/tr>\n<tr class=\"odd\">\n<td valign=\"middle\" width=\"32\"><\/td>\n<td valign=\"middle\">Tension nominale :<\/td>\n<td valign=\"middle\">175V-260V<\/td>\n<\/tr>\n<tr class=\"even\">\n<td valign=\"middle\" width=\"32\"><\/td>\n<td valign=\"middle\">Temp\u00e9rature de la lumi\u00e8re :<\/td>\n<td valign=\"middle\">3000K - 4000K<\/td>\n<\/tr>\n<tr class=\"odd\">\n<td valign=\"middle\" width=\"32\"><\/td>\n<td valign=\"middle\">CRI - Indice de rendu des couleurs :<\/td>\n<td valign=\"middle\">80<\/td>\n<\/tr>\n<tr class=\"even\">\n<td valign=\"middle\" width=\"32\"><\/td>\n<td valign=\"middle\">Luminosit\u00e9-Lm :<\/td>\n<td valign=\"middle\">4000Lm<\/td>\n<\/tr>\n<tr class=\"odd\">\n<td valign=\"middle\" width=\"32\"><\/td>\n<td valign=\"middle\">Angle d'ouverture (\u00ba) :<\/td>\n<td valign=\"middle\">116\u00ba<\/td>\n<\/tr>\n<tr class=\"even\">\n<td valign=\"middle\" width=\"32\"><\/td>\n<td valign=\"middle\">Efficacit\u00e9 de la diode LED (Lm\/W) :<\/td>\n<td valign=\"middle\">167Lm<\/td>\n<\/tr>\n<tr class=\"odd\">\n<td valign=\"middle\" width=\"32\"><\/td>\n<td valign=\"middle\">Douille :<\/td>\n<td valign=\"middle\">E27<\/td>\n<\/tr>\n<tr class=\"even\">\n<td valign=\"middle\" width=\"32\"><\/td>\n<td valign=\"middle\">Certificats :<\/td>\n<td valign=\"middle\">CE - ROHS<\/td>\n<\/tr>\n<\/tbody>\n<\/table>\n<\/div>\n<div class=\"col-xs-12 col-md-6 2\">\n<table class=\"table table-data-sheet 2\">\n<tbody>\n<tr class=\"odd\">\n<td valign=\"middle\" width=\"32\"><\/td>\n<td valign=\"middle\">Indice de protection IP :<\/td>\n<td valign=\"middle\">IP20<\/td>\n<\/tr>\n<tr class=\"even\">\n<td valign=\"middle\" width=\"32\"><\/td>\n<td valign=\"middle\">Dur\u00e9e de vie estim\u00e9e de la diode LED (H) :<\/td>\n<td valign=\"middle\">20.000<\/td>\n<\/tr>\n<tr class=\"odd\">\n<td valign=\"middle\" width=\"32\"><\/td>\n<td valign=\"middle\">Facteur de puissance (PF) :<\/td>\n<td valign=\"middle\">0,91<\/td>\n<\/tr>\n<tr class=\"even\">\n<td valign=\"middle\" width=\"32\"><\/td>\n<td valign=\"middle\">Fr\u00e9quence de travail (Hz) :<\/td>\n<td valign=\"middle\">50\/60Hz<\/td>\n<\/tr>\n<tr class=\"odd\">\n<td valign=\"middle\" width=\"32\"><\/td>\n<td valign=\"middle\">Plage de temp\u00e9rature (\u00baC) :<\/td>\n<td valign=\"middle\">-20\u00b0C ~ +55\u00b0C<\/td>\n<\/tr>\n<tr class=\"even\">\n<td valign=\"middle\" width=\"32\"><\/td>\n<td valign=\"middle\">Cycles d'allumage :<\/td>\n<td valign=\"middle\">100.000<\/td>\n<\/tr>\n<tr class=\"odd\">\n<td valign=\"middle\" width=\"32\"><\/td>\n<td valign=\"middle\">Temps de d\u00e9marrage (s) :<\/td>\n<td valign=\"middle\">0,2s<\/td>\n<\/tr>\n<tr class=\"even\">\n<td valign=\"middle\" width=\"32\"><\/td>\n<td valign=\"middle\">Classe \u00e9nerg\u00e9tique (2021-EU-2019\/2015) :<\/td>\n<td valign=\"middle\">A+<\/td>\n<\/tr>\n<tr class=\"odd\">\n<td valign=\"middle\" width=\"32\"><\/td>\n<td valign=\"middle\">Ann\u00e9es de garantie :<\/td>\n<td valign=\"middle\">3<\/td>\n<\/tr>\n<\/tbody>\n<\/table>\n<p>&nbsp;<\/p>\n<\/div>\n<\/div><\/h4>","protected":false},"excerpt":{"rendered":"<p>REFERENCIA: SLFLB36WS3-911130-4K<div class=\"hidden-xs parrafo\">\n<p>Notre lampe LED&nbsp;<strong>36W<\/strong>&nbsp;E27 de&nbsp;<strong>haute r\u00e9sistance<\/strong>&nbsp;<strong>Bridgelux<\/strong>&nbsp;est la solution parfaite pour \u00e9clairer uniform\u00e9ment vos espaces gr\u00e2ce \u00e0 la meilleure technologie LED du march\u00e9. Con\u00e7ue avec des mat\u00e9riaux de haute qualit\u00e9, cette lampe vous offrira un \u00e9clairage lumineux et durable qui vous permettra d'\u00e9conomiser sur les co\u00fbts \u00e9nerg\u00e9tiques.&nbsp;<strong>Il pr\u00e9sente un facteur de puissance \u00e9lev\u00e9 (+0,90).<\/strong>La conversion \u00e9nerg\u00e9tique est \u00e9lev\u00e9e et les co\u00fbts d'entretien sont faibles.<\/p>\n<p><strong>TEMP\u00c9RATURE DE COULEUR : 3000K\/4000K<\/strong><\/p>\n<\/div><div id=\"views_block-1\" class=\"clearfix\">\n<div id=\"thumbs_list\">\n<div class=\"col-md-12\"><i class=\"fa fa-truck\"><\/i>&nbsp;<span class=\"text-muted textprop\">Livraison dans les 24\/48 heures<\/span><\/div>\n<div class=\"col-md-12\"><i class=\"fa fa-exchange\"><\/i>&nbsp;<span class=\"text-muted textprop\">Garantie assur\u00e9e<\/span><\/div>\n<div class=\"col-md-12\"><i class=\"fa fa-box\"><\/i>&nbsp;<span class=\"text-muted textprop\">12 unit\u00e9(s) par bo\u00eete \u00e0 outils<\/span><\/div>\n<\/div>\n<\/div><p>&nbsp;<\/p><\/p>","protected":false},"featured_media":9863,"template":"","meta":{"site-sidebar-layout":"default","site-content-layout":"default","ast-global-header-display":"","ast-main-header-display":"","ast-hfb-above-header-display":"","ast-hfb-below-header-display":"","ast-hfb-mobile-header-display":"","site-post-title":"","ast-breadcrumbs-content":"","ast-featured-img":"","footer-sml-layout":"","theme-transparent-header-meta":"default","adv-header-id-meta":"","stick-header-meta":"","header-above-stick-meta":"","header-main-stick-meta":"","header-below-stick-meta":""},"product_cat":[46,23],"product_tag":[],"class_list":["post-9850","product","type-product","status-publish","has-post-thumbnail","hentry","product_cat-bombillas-led-e27","product_cat-bombillas-y-lamparas-led"],"_links":{"self":[{"href":"https:\/\/starlediluminacion.com\/fr\/wp-json\/wp\/v3\/product\/9850","targetHints":{"allow":["GET"]}}],"collection":[{"href":"https:\/\/starlediluminacion.com\/fr\/wp-json\/wp\/v3\/product"}],"about":[{"href":"https:\/\/starlediluminacion.com\/fr\/wp-json\/wp\/v2\/types\/product"}],"wp:featuredmedia":[{"embeddable":true,"href":"https:\/\/starlediluminacion.com\/fr\/wp-json\/wp\/v2\/media\/9863"}],"wp:attachment":[{"href":"https:\/\/starlediluminacion.com\/fr\/wp-json\/wp\/v2\/media?parent=9850"}],"wp:term":[{"taxonomy":"product_cat","embeddable":true,"href":"https:\/\/starlediluminacion.com\/fr\/wp-json\/wp\/v2\/product_cat?post=9850"},{"taxonomy":"product_tag","embeddable":true,"href":"https:\/\/starlediluminacion.com\/fr\/wp-json\/wp\/v2\/product_tag?post=9850"}],"curies":[{"name":"wp","href":"https:\/\/api.w.org\/{rel}","templated":true}]}}