{"id":9666,"date":"2023-05-22T11:12:18","date_gmt":"2023-05-22T11:12:18","guid":{"rendered":"https:\/\/starlediluminacion.com\/?post_type=product&#038;p=9666"},"modified":"2023-07-27T14:12:51","modified_gmt":"2023-07-27T14:12:51","slug":"aro-marco-negro-orientable-para-gu10","status":"publish","type":"product","link":"https:\/\/starlediluminacion.com\/fr\/product\/aro-marco-negro-orientable-para-gu10\/","title":{"rendered":"<p>Aro Marco NEGRO orientable para GU10<\/p>"},"content":{"rendered":"<h1>Aro NEGRO&nbsp;orientable para GU10<p>El aro NEGRO&nbsp;orientable para GU10&nbsp; es un accesorio de iluminaci&oacute;n elegante y funcional, dise&ntilde;ado para ofrecer una soluci&oacute;n de iluminaci&oacute;n flexible y precisa en interiores.<\/p><p>El aro NEGRO&nbsp;orientable para GU10 y m&oacute;dulos LED tipo dicroicos,&nbsp; un acabado en elegante que se integra perfectamente en cualquier decoraci&oacute;n de interiores y aporta un toque de sofisticaci&oacute;n. Adem&aacute;s, su tama&ntilde;o compacto y peso ligero facilitan su instalaci&oacute;n y manejo.<\/p><p>El Aro Marco NEGRO&nbsp;orientable para GU10 fabricado en PC (Policarbonato) presenta varias ventajas en su uso en zonas h&uacute;medas o costeras:<\/p><ol>\n<li>R\u00e9sistance \u00e0 l'humidit\u00e9 : le mat\u00e9riau PC utilis\u00e9 dans la fabrication de l'arceau poss\u00e8de des propri\u00e9t\u00e9s de r\u00e9sistance \u00e0 l'humidit\u00e9. Cela signifie qu'il peut r\u00e9sister \u00e0 des conditions d'humidit\u00e9 \u00e9lev\u00e9e sans \u00eatre endommag\u00e9 ou corrod\u00e9, ce qui permet de l'utiliser dans des zones o\u00f9 le taux d'humidit\u00e9 est \u00e9lev\u00e9.<\/li>\n<li>Protecci&oacute;n contra la corrosi&oacute;n: Al estar fabricado en PC, el aro Marco NEGRO&nbsp;es resistente a la corrosi&oacute;n causada por la exposici&oacute;n al agua salada en zonas costeras. Esto le permite mantener su apariencia y funcionalidad incluso en entornos marinos agresivos.<\/li>\n<li>Durabilit\u00e9 : le mat\u00e9riau PC utilis\u00e9 pour sa fabrication est connu pour sa durabilit\u00e9 et sa r\u00e9sistance aux chocs. La jante peut ainsi r\u00e9sister \u00e0 des conditions d\u00e9favorables, telles que des vents violents, des projections d'eau ou de sable, typiques des zones c\u00f4ti\u00e8res.<\/li>\n<\/ol><p>&nbsp;<\/p><p>Este marco est&aacute; dise&ntilde;ado espec&iacute;ficamente para alojar bombillas GU10 &nbsp;y m&oacute;dulos LED tipo dicroicos, que se pueden instalar y reemplazar f&aacute;cilmente gracias a su mecanismo de sujeci&oacute;n sencillo y seguro.<\/p><h3 class=\"page-product-heading\">DONN\u00c9ES TECHNIQUES<\/h3><div class=\"col-xs-12 col-md-6\">\n<table class=\"table table-data-sheet 1\">\n<tbody>\n<tr class=\"odd\">\n<td valign=\"middle\" width=\"32\"><\/td>\n<td valign=\"middle\">REFERENCE :<\/td>\n<td valign=\"middle\">SLAROB892C-N<\/td>\n<\/tr>\n<tr class=\"even\">\n<td valign=\"middle\" width=\"32\"><\/td>\n<td valign=\"middle\">Mat\u00e9riaux de construction :<\/td>\n<td valign=\"middle\">Polycarbonate<\/td>\n<\/tr>\n<tr class=\"odd\">\n<td valign=\"middle\" width=\"32\"><\/td>\n<td valign=\"middle\">Certificats :<\/td>\n<td valign=\"middle\">CE<\/td>\n<\/tr>\n<\/tbody>\n<\/table>\n<\/div><div class=\"col-xs-12 col-md-6 2\">\n<table class=\"table table-data-sheet 2\">\n<tbody>\n<tr class=\"odd\">\n<td valign=\"middle\" width=\"32\"><\/td>\n<td valign=\"middle\">Dimensions (mm) :<\/td>\n<td valign=\"middle\">93x93xH29mm<\/td>\n<\/tr>\n<tr class=\"even\">\n<td valign=\"middle\" width=\"32\"><\/td>\n<td valign=\"middle\">Coupe au plafond (mm) :<\/td>\n<td valign=\"middle\">&Oslash;75 mm<\/td>\n<\/tr>\n<tr class=\"odd\">\n<td valign=\"middle\" width=\"32\"><\/td>\n<td valign=\"middle\">Ann\u00e9es de garantie :<\/td>\n<td valign=\"middle\">3<\/td>\n<\/tr>\n<\/tbody>\n<\/table>\n<p>&nbsp;<\/p>\n<\/div><\/h1>","protected":false},"excerpt":{"rendered":"<div class=\"hidden-xs parrafo\">\n<div class=\"product-info-line\">\n<p id=\"product_reference\"><label>REFERENCIA: SLAROB892C-N<br>\n<\/label><\/p>\n<\/div>\n<p>El aro cuadrado&nbsp;<strong>NEGRO<\/strong>&nbsp;<strong>orientable para GU10&nbsp;en Policarbonato,&nbsp;<\/strong>est une solution \u00e9l\u00e9gante et fonctionnelle pour l'\u00e9clairage int\u00e9rieur, tout en permettant de le placer dans des zones \u00e0 forte humidit\u00e9 et dans les zones c\u00f4ti\u00e8res salines, car il ne se d\u00e9t\u00e9riore pas comme les m\u00e9taux.  Sa conception permet de r\u00e9gler la direction de la lumi\u00e8re, ce qui la rend id\u00e9ale pour mettre en valeur des \u00e9l\u00e9ments sp\u00e9cifiques d'une pi\u00e8ce ou pour cr\u00e9er une ambiance agr\u00e9able dans n'importe quel espace. Installation tr\u00e8s facile. R\u00e9siste aux zones c\u00f4ti\u00e8res et aux zones \u00e0 forte humidit\u00e9 sans se d\u00e9t\u00e9riorer car il est fabriqu\u00e9 en PC.<\/p>\n<div class=\"col-md-12\"><i class=\"fa fa-truck\"><\/i>&nbsp;<span class=\"text-muted textprop\">Livraison dans les 24\/48 heures<\/span><\/div>\n<div class=\"col-md-12\"><i class=\"fa fa-exchange\"><\/i>&nbsp;<span class=\"text-muted textprop\">Garantie assur\u00e9e<\/span><\/div>\n<div class=\"col-md-12\"><i class=\"fa fa-box\"><\/i>&nbsp;<span class=\"text-muted textprop\">100 unit\u00e9(s) par bo\u00eete \u00e0 outils<\/span><\/div>\n<\/div>","protected":false},"featured_media":9672,"template":"","meta":{"site-sidebar-layout":"default","site-content-layout":"default","ast-global-header-display":"","ast-main-header-display":"","ast-hfb-above-header-display":"","ast-hfb-below-header-display":"","ast-hfb-mobile-header-display":"","site-post-title":"","ast-breadcrumbs-content":"","ast-featured-img":"","footer-sml-layout":"","theme-transparent-header-meta":"default","adv-header-id-meta":"","stick-header-meta":"","header-above-stick-meta":"","header-main-stick-meta":"","header-below-stick-meta":""},"product_cat":[62,23],"product_tag":[],"class_list":["post-9666","product","type-product","status-publish","has-post-thumbnail","hentry","product_cat-accesorios-lamparas-led","product_cat-bombillas-y-lamparas-led"],"_links":{"self":[{"href":"https:\/\/starlediluminacion.com\/fr\/wp-json\/wp\/v3\/product\/9666","targetHints":{"allow":["GET"]}}],"collection":[{"href":"https:\/\/starlediluminacion.com\/fr\/wp-json\/wp\/v3\/product"}],"about":[{"href":"https:\/\/starlediluminacion.com\/fr\/wp-json\/wp\/v2\/types\/product"}],"wp:featuredmedia":[{"embeddable":true,"href":"https:\/\/starlediluminacion.com\/fr\/wp-json\/wp\/v2\/media\/9672"}],"wp:attachment":[{"href":"https:\/\/starlediluminacion.com\/fr\/wp-json\/wp\/v2\/media?parent=9666"}],"wp:term":[{"taxonomy":"product_cat","embeddable":true,"href":"https:\/\/starlediluminacion.com\/fr\/wp-json\/wp\/v2\/product_cat?post=9666"},{"taxonomy":"product_tag","embeddable":true,"href":"https:\/\/starlediluminacion.com\/fr\/wp-json\/wp\/v2\/product_tag?post=9666"}],"curies":[{"name":"wp","href":"https:\/\/api.w.org\/{rel}","templated":true}]}}