{"id":9603,"date":"2023-05-22T10:30:01","date_gmt":"2023-05-22T10:30:01","guid":{"rendered":"https:\/\/starlediluminacion.com\/?post_type=product&#038;p=9603"},"modified":"2023-09-14T09:46:19","modified_gmt":"2023-09-14T09:46:19","slug":"aplique-led-6w-aluminio-evere-negro-doble-luz-exterior-ip44","status":"publish","type":"product","link":"https:\/\/starlediluminacion.com\/fr\/product\/aplique-led-6w-aluminio-evere-negro-doble-luz-exterior-ip44\/","title":{"rendered":"<p>Aplique LED 6W &ndash; Aluminio &ndash; EVERE NEGRO &ndash; Doble Luz Exterior IP44<\/p>"},"content":{"rendered":"<h1><strong>Aplique LED 6W EVERE NEGRO &ndash; Doble Luz Exterior-&nbsp; IP44<br>\n<\/strong><p>L'applique \"EVERE\" est une solution d'\u00e9clairage \u00e9l\u00e9gante et fonctionnelle qui ajoutera une touche de style et de sophistication \u00e0 tout espace int\u00e9rieur ou ext\u00e9rieur. Avec son design cubique minimaliste et \u00e9l\u00e9gant, cette applique est parfaite pour ceux qui recherchent une solution d'\u00e9clairage polyvalente et moderne.<\/p><p>Les avantages de l'aluminium cuit pour l'ext\u00e9rieur sont \u00e9vidents :<\/p><ul>\n<li><strong>Protection contre la corrosion :<\/strong>&nbsp;La peinture cuite au four fournit une couche suppl\u00e9mentaire de protection \u00e0 l'aluminium contre la corrosion, ce qui augmente encore sa dur\u00e9e de vie dans les environnements ext\u00e9rieurs.<\/li>\n<li><strong>La r\u00e9silience :<\/strong>&nbsp;La pintura al horno da una gran resistencia al aluminio frente a los rayos solares&nbsp;que protegen la superficie del aluminio de la decoloraci&oacute;n y el agrietamiento causado por la exposici&oacute;n a la luz solar.<\/li>\n<li><strong>Durabilit\u00e9 :<\/strong>&nbsp;La peinture cuite au four cr\u00e9e une surface plus dure et plus durable que les rev\u00eatements de peinture conventionnels, ce qui r\u00e9duit l'usure et la n\u00e9cessit\u00e9 de repeindre les luminaires au fil du temps.<\/li>\n<\/ul><p>L'ouverture lumineuse r\u00e9glable est une caract\u00e9ristique remarquable de cette applique. Gr\u00e2ce \u00e0 deux ailettes gradu\u00e9es \u00e0 l'int\u00e9rieur, il est possible de r\u00e9gler l'angle de la quantit\u00e9 de lumi\u00e8re \u00e9mise. L'angle de rayonnement maximal de 100 degr\u00e9s garantit un \u00e9clairage uniforme et efficace. En outre, la puce COB de haute qualit\u00e9 et de haute luminosit\u00e9 qui se trouve \u00e0 l'int\u00e9rieur offre un faible taux de consommation d'\u00e9nergie, ce qui en fait un choix \u00e9cologique et rentable.<\/p><p>Avec un indice de protection IP44, cette applique est \u00e9tanche et peut \u00eatre utilis\u00e9e \u00e0 l'ext\u00e9rieur, ce qui la rend id\u00e9ale pour \u00e9clairer et d\u00e9corer les murs, les fa\u00e7ades et les passages. Elle peut \u00e9galement \u00eatre utilis\u00e9e \u00e0 l'int\u00e9rieur, notamment dans les couloirs, les salles de bains, les h\u00f4tels ou les halls. La combinaison de son design, de sa r\u00e9sistance et de sa fonctionnalit\u00e9 en font un \u00e9l\u00e9ment tr\u00e8s appr\u00e9ci\u00e9 des professionnels de la d\u00e9coration.<\/p><p>Le couvercle de la lampe est expos\u00e9 apr\u00e8s l'installation, ce qui permet d'ajuster l'angle du faisceau ou de le nettoyer r\u00e9guli\u00e8rement. L'ouverture de la lumi\u00e8re est r\u00e9glable de 0 \u00e0 100 degr\u00e9s \u00e0 l'int\u00e9rieur, ce qui vous permet d'ajuster l'inclinaison pour \u00e9mettre le faisceau \u00e0 votre convenance.<\/p><p>En r\u00e9sum\u00e9, l'applique \"EVERE\" est une applique LED de qualit\u00e9 sup\u00e9rieure qui fournit un \u00e9clairage uniforme, efficace et graduable. Son design \u00e9l\u00e9gant et minimaliste, sa r\u00e9sistance et sa fonctionnalit\u00e9 en font une solution d'\u00e9clairage id\u00e9ale pour tous les types d'environnements modernes. Avec cette applique, vous b\u00e9n\u00e9ficiez d'un \u00e9clairage de qualit\u00e9 partout dans votre maison ou votre espace de travail.<\/p><p>&nbsp;<\/p><p>&nbsp;<\/p><h2>Utilisations pour&nbsp;<strong>Aplique LED 6W EVERE NEGRO &ndash; Doble Luz Exterior-&nbsp; IP44 :&nbsp;<\/strong><\/h2><ul>\n<li>Billets<\/li>\n<li>Corridors<\/li>\n<li>H\u00f4tels<\/li>\n<li>Chambres<\/li>\n<\/ul><h3 class=\"page-product-heading\">DONN\u00c9ES TECHNIQUES<\/h3><div class=\"col-xs-12 col-md-6\">\n<table class=\"table table-data-sheet 1\">\n<tbody>\n<tr class=\"odd\">\n<td valign=\"middle\" width=\"32\"><\/td>\n<td valign=\"middle\">REFERENCE :<\/td>\n<td valign=\"middle\">SLAP1515<\/td>\n<\/tr>\n<tr class=\"even\">\n<td valign=\"middle\" width=\"32\"><\/td>\n<td valign=\"middle\">Puissance nominale :<\/td>\n<td valign=\"middle\">6w<\/td>\n<\/tr>\n<tr class=\"odd\">\n<td valign=\"middle\" width=\"32\"><\/td>\n<td valign=\"middle\">Tension nominale :<\/td>\n<td valign=\"middle\">220-240 V AC<\/td>\n<\/tr>\n<tr class=\"even\">\n<td valign=\"middle\" width=\"32\"><\/td>\n<td valign=\"middle\">Temp\u00e9rature de la lumi\u00e8re :<\/td>\n<td valign=\"middle\">3000K<\/td>\n<\/tr>\n<tr class=\"odd\">\n<td valign=\"middle\" width=\"32\"><\/td>\n<td valign=\"middle\">CRI - Indice de rendu des couleurs :<\/td>\n<td valign=\"middle\">85<\/td>\n<\/tr>\n<tr class=\"even\">\n<td valign=\"middle\" width=\"32\"><\/td>\n<td valign=\"middle\">Mat\u00e9riaux de construction :<\/td>\n<td valign=\"middle\">Aluminium<\/td>\n<\/tr>\n<tr class=\"odd\">\n<td valign=\"middle\" width=\"32\"><\/td>\n<td valign=\"middle\">Luminosit\u00e9-Lm :<\/td>\n<td valign=\"middle\">570<\/td>\n<\/tr>\n<tr class=\"even\">\n<td valign=\"middle\" width=\"32\"><\/td>\n<td valign=\"middle\">Type de DEL :<\/td>\n<td valign=\"middle\">COB<\/td>\n<\/tr>\n<tr class=\"odd\">\n<td valign=\"middle\" width=\"32\"><\/td>\n<td valign=\"middle\">Angle d'ouverture (\u00ba) :<\/td>\n<td valign=\"middle\">R\u00e9glable<\/td>\n<\/tr>\n<tr class=\"even\">\n<td valign=\"middle\" width=\"32\"><\/td>\n<td valign=\"middle\">Efficacit\u00e9 de la diode LED (Lm\/W) :<\/td>\n<td valign=\"middle\">120Lm\/W<\/td>\n<\/tr>\n<tr class=\"odd\">\n<td valign=\"middle\" width=\"32\"><\/td>\n<td valign=\"middle\">Efficacit\u00e9 lumineuse (Lm\/W) :<\/td>\n<td valign=\"middle\">95 Lm\/W<\/td>\n<\/tr>\n<\/tbody>\n<\/table>\n<\/div><div class=\"col-xs-12 col-md-6 2\">\n<table class=\"table table-data-sheet 2\">\n<tbody>\n<tr class=\"odd\">\n<td valign=\"middle\" width=\"32\"><\/td>\n<td valign=\"middle\">Certificats :<\/td>\n<td valign=\"middle\">CE - ROHS<\/td>\n<\/tr>\n<tr class=\"even\">\n<td valign=\"middle\" width=\"32\"><\/td>\n<td valign=\"middle\">Indice de protection IP :<\/td>\n<td valign=\"middle\">IP44<\/td>\n<\/tr>\n<tr class=\"odd\">\n<td valign=\"middle\" width=\"32\"><\/td>\n<td valign=\"middle\">Dimensions (mm) :<\/td>\n<td valign=\"middle\">100x100x100mm<\/td>\n<\/tr>\n<tr class=\"even\">\n<td valign=\"middle\" width=\"32\"><\/td>\n<td valign=\"middle\">Fr\u00e9quence de travail (Hz) :<\/td>\n<td valign=\"middle\">50\/60Hz<\/td>\n<\/tr>\n<tr class=\"odd\">\n<td valign=\"middle\" width=\"32\"><\/td>\n<td valign=\"middle\">Plage de temp\u00e9rature (\u00baC) :<\/td>\n<td valign=\"middle\">-20\u00b0C ~ +55\u00b0C<\/td>\n<\/tr>\n<tr class=\"even\">\n<td valign=\"middle\" width=\"32\"><\/td>\n<td valign=\"middle\">Cycles d'allumage :<\/td>\n<td valign=\"middle\">100.000<\/td>\n<\/tr>\n<tr class=\"odd\">\n<td valign=\"middle\" width=\"32\"><\/td>\n<td valign=\"middle\">Temps de d\u00e9marrage (s) :<\/td>\n<td valign=\"middle\">0,2s<\/td>\n<\/tr>\n<tr class=\"even\">\n<td valign=\"middle\" width=\"32\"><\/td>\n<td valign=\"middle\">Classe \u00e9nerg\u00e9tique (2021-EU-2019\/2015) :<\/td>\n<td valign=\"middle\">A+<\/td>\n<\/tr>\n<tr class=\"odd\">\n<td valign=\"middle\" width=\"32\"><\/td>\n<td valign=\"middle\">Classe \u00e9nerg\u00e9tique (2023 - EU-2019\/2015) :<\/td>\n<td valign=\"middle\">F<\/td>\n<\/tr>\n<tr class=\"even\">\n<td valign=\"middle\" width=\"32\"><\/td>\n<td valign=\"middle\">Ann\u00e9es de garantie :<\/td>\n<td valign=\"middle\">3<\/td>\n<\/tr>\n<\/tbody>\n<\/table>\n<p>&nbsp;<\/p>\n<\/div><\/h1>","protected":false},"excerpt":{"rendered":"<div class=\"hidden-xs parrafo\">\n<div class=\"product-info-line\">\n<p id=\"product_reference\"><label>REFERENCIA: SLAP1515-BK-3K<br>\n<\/label><\/p>\n<\/div>\n<p>Illuminez vos espaces avec \u00e9l\u00e9gance et fonctionnalit\u00e9 gr\u00e2ce \u00e0 l'a<strong>plique de pared EVERE NEGRO.<\/strong>&nbsp;Avec un design minimaliste et ajustable,&nbsp;<strong>son ouverture lumineuse peut \u00eatre r\u00e9gl\u00e9e pour \u00e9mettre la quantit\u00e9 de lumi\u00e8re dont vous avez besoin.<\/strong>&nbsp;Son indice de protection IP44 la rend id\u00e9ale pour l'ext\u00e9rieur, mais aussi pour l'int\u00e9rieur. Sa faible consommation d'\u00e9nergie et sa puce COB de haute qualit\u00e9 garantissent une efficacit\u00e9 et une durabilit\u00e9 maximales - un must pour les d\u00e9corateurs et les amateurs !<\/p>\n<div class=\"col-md-12\"><i class=\"fa fa-truck\"><\/i>&nbsp;<span class=\"text-muted textprop\">Livraison dans les 24\/48 heures<\/span><\/div>\n<div class=\"col-md-12\"><i class=\"fa fa-exchange\"><\/i>&nbsp;<span class=\"text-muted textprop\">Garantie assur\u00e9e<\/span><\/div>\n<div class=\"col-md-12\"><i class=\"fa fa-box\"><\/i>&nbsp;<span class=\"text-muted textprop\">30 unit\u00e9(s) par bo\u00eete \u00e0 outils<\/span><\/div>\n<\/div>","protected":false},"featured_media":9614,"template":"","meta":{"site-sidebar-layout":"default","site-content-layout":"default","ast-global-header-display":"","ast-main-header-display":"","ast-hfb-above-header-display":"","ast-hfb-below-header-display":"","ast-hfb-mobile-header-display":"","site-post-title":"","ast-breadcrumbs-content":"","ast-featured-img":"","footer-sml-layout":"","theme-transparent-header-meta":"default","adv-header-id-meta":"","stick-header-meta":"","header-above-stick-meta":"","header-main-stick-meta":"","header-below-stick-meta":""},"product_cat":[64,36],"product_tag":[],"class_list":["post-9603","product","type-product","status-publish","has-post-thumbnail","hentry","product_cat-apliques-led","product_cat-apliques-led-y-decoracion"],"yoast_head":"<!-- This site is optimized with the Yoast SEO plugin v27.4 - https:\/\/yoast.com\/product\/yoast-seo-wordpress\/ -->\n<title>Aplique LED 6W - Aluminio - EVERE NEGRO - Doble Luz Exterior IP44 - STARLED Iluminacion<\/title>\n<meta name=\"robots\" content=\"index, follow, max-snippet:-1, max-image-preview:large, max-video-preview:-1\" \/>\n<link rel=\"canonical\" href=\"https:\/\/starlediluminacion.com\/fr\/product\/aplique-led-6w-aluminio-evere-negro-doble-luz-exterior-ip44\/\" \/>\n<meta property=\"og:locale\" content=\"fr_FR\" \/>\n<meta property=\"og:type\" content=\"article\" \/>\n<meta property=\"og:title\" content=\"Aplique LED 6W - Aluminio - EVERE NEGRO - Doble Luz Exterior IP44 - STARLED Iluminacion\" \/>\n<meta property=\"og:description\" content=\"REFERENCIA: SLAP1515-BK-3K    Ilumina tus espacios con elegancia y funcionalidad con el aplique de pared EVERE NEGRO.\u00a0Con un dise\u00f1o minimalista y regulable,\u00a0su apertura de luz puede graduarse para emitir la cantidad de luz que necesites.\u00a0Su grado de protecci\u00f3n IP44 lo hace ideal para exteriores, pero tambi\u00e9n es perfecto para interiores. Su bajo consumo de energ\u00eda y chip COB de alta calidad aseguran la m\u00e1xima eficiencia y durabilidad. \u00a1Un elemento indispensable para decoradores y aficionados por igual! \u00a0Entrega en 24\/48 horas \u00a0Garant\u00eda asegurada \u00a030 unidad(es) por Masterbox\" \/>\n<meta property=\"og:url\" content=\"https:\/\/starlediluminacion.com\/fr\/product\/aplique-led-6w-aluminio-evere-negro-doble-luz-exterior-ip44\/\" \/>\n<meta property=\"og:site_name\" content=\"STARLED Iluminacion\" \/>\n<meta property=\"article:modified_time\" content=\"2023-09-14T09:46:19+00:00\" \/>\n<meta property=\"og:image\" content=\"https:\/\/starlediluminacion.com\/wp-content\/uploads\/2023\/05\/aplique-lineal-led-oulu-negro-044m-094m-144m-194m-ip54-factorled-13.jpg\" \/>\n\t<meta property=\"og:image:width\" content=\"1000\" \/>\n\t<meta property=\"og:image:height\" content=\"1000\" \/>\n\t<meta property=\"og:image:type\" content=\"image\/jpeg\" \/>\n<meta name=\"twitter:card\" content=\"summary_large_image\" \/>\n<meta name=\"twitter:label1\" content=\"Dur\u00e9e de lecture estim\u00e9e\" \/>\n\t<meta name=\"twitter:data1\" content=\"3 minutes\" \/>\n<script type=\"application\/ld+json\" class=\"yoast-schema-graph\">{\"@context\":\"https:\\\/\\\/schema.org\",\"@graph\":[{\"@type\":\"WebPage\",\"@id\":\"https:\\\/\\\/starlediluminacion.com\\\/producto\\\/aplique-led-6w-aluminio-evere-negro-doble-luz-exterior-ip44\\\/\",\"url\":\"https:\\\/\\\/starlediluminacion.com\\\/producto\\\/aplique-led-6w-aluminio-evere-negro-doble-luz-exterior-ip44\\\/\",\"name\":\"Aplique LED 6W - Aluminio - EVERE NEGRO - Doble Luz Exterior IP44 - STARLED Iluminacion\",\"isPartOf\":{\"@id\":\"https:\\\/\\\/starlediluminacion.com\\\/#website\"},\"primaryImageOfPage\":{\"@id\":\"https:\\\/\\\/starlediluminacion.com\\\/producto\\\/aplique-led-6w-aluminio-evere-negro-doble-luz-exterior-ip44\\\/#primaryimage\"},\"image\":{\"@id\":\"https:\\\/\\\/starlediluminacion.com\\\/producto\\\/aplique-led-6w-aluminio-evere-negro-doble-luz-exterior-ip44\\\/#primaryimage\"},\"thumbnailUrl\":\"https:\\\/\\\/starlediluminacion.com\\\/wp-content\\\/uploads\\\/2023\\\/05\\\/aplique-lineal-led-oulu-negro-044m-094m-144m-194m-ip54-factorled-13.jpg\",\"datePublished\":\"2023-05-22T10:30:01+00:00\",\"dateModified\":\"2023-09-14T09:46:19+00:00\",\"breadcrumb\":{\"@id\":\"https:\\\/\\\/starlediluminacion.com\\\/producto\\\/aplique-led-6w-aluminio-evere-negro-doble-luz-exterior-ip44\\\/#breadcrumb\"},\"inLanguage\":\"fr-FR\",\"potentialAction\":[{\"@type\":\"ReadAction\",\"target\":[\"https:\\\/\\\/starlediluminacion.com\\\/producto\\\/aplique-led-6w-aluminio-evere-negro-doble-luz-exterior-ip44\\\/\"]}]},{\"@type\":\"ImageObject\",\"inLanguage\":\"fr-FR\",\"@id\":\"https:\\\/\\\/starlediluminacion.com\\\/producto\\\/aplique-led-6w-aluminio-evere-negro-doble-luz-exterior-ip44\\\/#primaryimage\",\"url\":\"https:\\\/\\\/starlediluminacion.com\\\/wp-content\\\/uploads\\\/2023\\\/05\\\/aplique-lineal-led-oulu-negro-044m-094m-144m-194m-ip54-factorled-13.jpg\",\"contentUrl\":\"https:\\\/\\\/starlediluminacion.com\\\/wp-content\\\/uploads\\\/2023\\\/05\\\/aplique-lineal-led-oulu-negro-044m-094m-144m-194m-ip54-factorled-13.jpg\",\"width\":1000,\"height\":1000},{\"@type\":\"BreadcrumbList\",\"@id\":\"https:\\\/\\\/starlediluminacion.com\\\/producto\\\/aplique-led-6w-aluminio-evere-negro-doble-luz-exterior-ip44\\\/#breadcrumb\",\"itemListElement\":[{\"@type\":\"ListItem\",\"position\":1,\"name\":\"Portada\",\"item\":\"https:\\\/\\\/starlediluminacion.com\\\/\"},{\"@type\":\"ListItem\",\"position\":2,\"name\":\"Shop\",\"item\":\"https:\\\/\\\/starlediluminacion.com\\\/shop-2\\\/\"},{\"@type\":\"ListItem\",\"position\":3,\"name\":\"Aplique LED 6W &#8211; Aluminio &#8211; EVERE NEGRO &#8211; Doble Luz Exterior IP44\"}]},{\"@type\":\"WebSite\",\"@id\":\"https:\\\/\\\/starlediluminacion.com\\\/#website\",\"url\":\"https:\\\/\\\/starlediluminacion.com\\\/\",\"name\":\"STARLED Iluminacion\",\"description\":\"\",\"potentialAction\":[{\"@type\":\"SearchAction\",\"target\":{\"@type\":\"EntryPoint\",\"urlTemplate\":\"https:\\\/\\\/starlediluminacion.com\\\/?s={search_term_string}\"},\"query-input\":{\"@type\":\"PropertyValueSpecification\",\"valueRequired\":true,\"valueName\":\"search_term_string\"}}],\"inLanguage\":\"fr-FR\"}]}<\/script>\n<!-- \/ Yoast SEO plugin. -->","yoast_head_json":{"title":"Aplique LED 6W - Aluminio - EVERE NEGRO - Doble Luz Exterior IP44 - STARLED Iluminacion","robots":{"index":"index","follow":"follow","max-snippet":"max-snippet:-1","max-image-preview":"max-image-preview:large","max-video-preview":"max-video-preview:-1"},"canonical":"https:\/\/starlediluminacion.com\/fr\/product\/aplique-led-6w-aluminio-evere-negro-doble-luz-exterior-ip44\/","og_locale":"fr_FR","og_type":"article","og_title":"Aplique LED 6W - Aluminio - EVERE NEGRO - Doble Luz Exterior IP44 - STARLED Iluminacion","og_description":"REFERENCIA: SLAP1515-BK-3K    Ilumina tus espacios con elegancia y funcionalidad con el aplique de pared EVERE NEGRO.\u00a0Con un dise\u00f1o minimalista y regulable,\u00a0su apertura de luz puede graduarse para emitir la cantidad de luz que necesites.\u00a0Su grado de protecci\u00f3n IP44 lo hace ideal para exteriores, pero tambi\u00e9n es perfecto para interiores. Su bajo consumo de energ\u00eda y chip COB de alta calidad aseguran la m\u00e1xima eficiencia y durabilidad. \u00a1Un elemento indispensable para decoradores y aficionados por igual! \u00a0Entrega en 24\/48 horas \u00a0Garant\u00eda asegurada \u00a030 unidad(es) por Masterbox","og_url":"https:\/\/starlediluminacion.com\/fr\/product\/aplique-led-6w-aluminio-evere-negro-doble-luz-exterior-ip44\/","og_site_name":"STARLED Iluminacion","article_modified_time":"2023-09-14T09:46:19+00:00","og_image":[{"width":1000,"height":1000,"url":"https:\/\/starlediluminacion.com\/wp-content\/uploads\/2023\/05\/aplique-lineal-led-oulu-negro-044m-094m-144m-194m-ip54-factorled-13.jpg","type":"image\/jpeg"}],"twitter_card":"summary_large_image","twitter_misc":{"Dur\u00e9e de lecture estim\u00e9e":"3 minutes"},"schema":{"@context":"https:\/\/schema.org","@graph":[{"@type":"WebPage","@id":"https:\/\/starlediluminacion.com\/producto\/aplique-led-6w-aluminio-evere-negro-doble-luz-exterior-ip44\/","url":"https:\/\/starlediluminacion.com\/producto\/aplique-led-6w-aluminio-evere-negro-doble-luz-exterior-ip44\/","name":"Aplique LED 6W - Aluminio - EVERE NEGRO - Doble Luz Exterior IP44 - STARLED Iluminacion","isPartOf":{"@id":"https:\/\/starlediluminacion.com\/#website"},"primaryImageOfPage":{"@id":"https:\/\/starlediluminacion.com\/producto\/aplique-led-6w-aluminio-evere-negro-doble-luz-exterior-ip44\/#primaryimage"},"image":{"@id":"https:\/\/starlediluminacion.com\/producto\/aplique-led-6w-aluminio-evere-negro-doble-luz-exterior-ip44\/#primaryimage"},"thumbnailUrl":"https:\/\/starlediluminacion.com\/wp-content\/uploads\/2023\/05\/aplique-lineal-led-oulu-negro-044m-094m-144m-194m-ip54-factorled-13.jpg","datePublished":"2023-05-22T10:30:01+00:00","dateModified":"2023-09-14T09:46:19+00:00","breadcrumb":{"@id":"https:\/\/starlediluminacion.com\/producto\/aplique-led-6w-aluminio-evere-negro-doble-luz-exterior-ip44\/#breadcrumb"},"inLanguage":"fr-FR","potentialAction":[{"@type":"ReadAction","target":["https:\/\/starlediluminacion.com\/producto\/aplique-led-6w-aluminio-evere-negro-doble-luz-exterior-ip44\/"]}]},{"@type":"ImageObject","inLanguage":"fr-FR","@id":"https:\/\/starlediluminacion.com\/producto\/aplique-led-6w-aluminio-evere-negro-doble-luz-exterior-ip44\/#primaryimage","url":"https:\/\/starlediluminacion.com\/wp-content\/uploads\/2023\/05\/aplique-lineal-led-oulu-negro-044m-094m-144m-194m-ip54-factorled-13.jpg","contentUrl":"https:\/\/starlediluminacion.com\/wp-content\/uploads\/2023\/05\/aplique-lineal-led-oulu-negro-044m-094m-144m-194m-ip54-factorled-13.jpg","width":1000,"height":1000},{"@type":"BreadcrumbList","@id":"https:\/\/starlediluminacion.com\/producto\/aplique-led-6w-aluminio-evere-negro-doble-luz-exterior-ip44\/#breadcrumb","itemListElement":[{"@type":"ListItem","position":1,"name":"Portada","item":"https:\/\/starlediluminacion.com\/"},{"@type":"ListItem","position":2,"name":"Shop","item":"https:\/\/starlediluminacion.com\/shop-2\/"},{"@type":"ListItem","position":3,"name":"Aplique LED 6W &#8211; Aluminio &#8211; EVERE NEGRO &#8211; Doble Luz Exterior IP44"}]},{"@type":"WebSite","@id":"https:\/\/starlediluminacion.com\/#website","url":"https:\/\/starlediluminacion.com\/","name":"STARLED Iluminacion","description":"","potentialAction":[{"@type":"SearchAction","target":{"@type":"EntryPoint","urlTemplate":"https:\/\/starlediluminacion.com\/?s={search_term_string}"},"query-input":{"@type":"PropertyValueSpecification","valueRequired":true,"valueName":"search_term_string"}}],"inLanguage":"fr-FR"}]}},"_links":{"self":[{"href":"https:\/\/starlediluminacion.com\/fr\/wp-json\/wp\/v3\/product\/9603","targetHints":{"allow":["GET"]}}],"collection":[{"href":"https:\/\/starlediluminacion.com\/fr\/wp-json\/wp\/v3\/product"}],"about":[{"href":"https:\/\/starlediluminacion.com\/fr\/wp-json\/wp\/v2\/types\/product"}],"wp:featuredmedia":[{"embeddable":true,"href":"https:\/\/starlediluminacion.com\/fr\/wp-json\/wp\/v2\/media\/9614"}],"wp:attachment":[{"href":"https:\/\/starlediluminacion.com\/fr\/wp-json\/wp\/v2\/media?parent=9603"}],"wp:term":[{"taxonomy":"product_cat","embeddable":true,"href":"https:\/\/starlediluminacion.com\/fr\/wp-json\/wp\/v2\/product_cat?post=9603"},{"taxonomy":"product_tag","embeddable":true,"href":"https:\/\/starlediluminacion.com\/fr\/wp-json\/wp\/v2\/product_tag?post=9603"}],"curies":[{"name":"wp","href":"https:\/\/api.w.org\/{rel}","templated":true}]}}