{"id":9321,"date":"2023-04-23T12:28:33","date_gmt":"2023-04-23T12:28:33","guid":{"rendered":"https:\/\/starlediluminacion.com\/?post_type=product&#038;p=9321"},"modified":"2025-10-18T08:30:27","modified_gmt":"2025-10-18T08:30:27","slug":"modulo-optico-led-65w-42w-programable-philips-xitanium-essential-xi-ep-alta-luminosidad-180lm-w","status":"publish","type":"product","link":"https:\/\/starlediluminacion.com\/fr\/product\/optic-led-module-65w-42w-programmable-philips-xitanium-essentiel-xi-ep-haute-luminosite-180lm-w\/","title":{"rendered":"<p>module optique led 65w-42w - xitanium essential programmable - xi ep - haute luminosit\u00e9 180lm\/w<\/p>"},"content":{"rendered":"<h1>module optique led 65w programmable xitanium essential - xi ep - haute luminosit\u00e9 180lm\/w pour l'\u00e9clairage public - programmable de 42w \u00e0 65w.<p>sur&nbsp;<strong>module de bloc optique 65w led<\/strong>&nbsp;Les ampoules, qui \u00e9taient tr\u00e8s polluantes, sont utilis\u00e9es en remplacement des anciennes ampoules, et gr\u00e2ce \u00e0 leur puissance, elles g\u00e9n\u00e8rent un grand \u00e9clairage dans les rues.&nbsp;<strong>les lampadaires.&nbsp;<\/strong>la qualit\u00e9 de ses mat\u00e9riaux en fait un produit essentiel pour la production d'une \u00e9nergie propre et durable.<\/p><p>notre module optique LED de 65w am\u00e9liore les concepts habituels, qui r\u00e9pondent \u00e0 des questions telles que l'espacement entre les lampadaires, la pr\u00e9servation du ciel nocturne en \u00e9vitant la pollution lumineuse et l'am\u00e9lioration du confort visuel.<\/p><p>l'installation et l'assemblage de notre module led est tr\u00e8s facile. notre module led est \u00e9quip\u00e9 de<strong>&nbsp;144 diodes bridgelux smd 3030 \u00e0 8 noyaux,<\/strong>&nbsp;La lumi\u00e8re est garantie pour fournir un \u00e9clairage puissant et non \u00e9blouissant.<\/p><p>Fabriqu\u00e9 en aluminium pur, le module est parfait pour une durabilit\u00e9 \u00e0 long terme, prot\u00e9geant contre la rouille et la corrosion, et r\u00e9siste m\u00eame aux temp\u00e9ratures extr\u00eames que l'on rencontre en \u00e9t\u00e9 comme en hiver.<\/p><p>Son indice de protection ip66 prot\u00e8ge le produit contre les infiltrations de poussi\u00e8re et l'imperm\u00e9abilit\u00e9, ce qui le rend id\u00e9al pour un montage \u00e0 l'ext\u00e9rieur.<\/p><p>a<strong>&nbsp;driver 65w programmable xitanium essential - xi ep - qui permet de programmer sa puissance en une seule \u00e9tape de 42w \u00e0 65w.&nbsp;<\/strong><\/p><p>&nbsp;<\/p><p>&nbsp;<\/p><h2><strong>xitanium xi ep 65w - pilote de haute qualit\u00e9&nbsp;<\/strong>programmable de 42w \u00e0 65w :&nbsp;<strong>&nbsp;<\/strong><\/h2><p>le xitanium essential programmable led driver 65w est un driver led programmable de advance. ses principales caract\u00e9ristiques sont les suivantes :<\/p><ol>\n<li>puissance de sortie : le driver de led programmable xitanium essential offre une large gamme de puissances de sortie, de 42w \u00e0 65w.<\/li>\n<li>Les utilisateurs peuvent personnaliser le courant de sortie, la tension et la forme d'onde de sortie, ainsi que d\u00e9finir les options de gradation et de protection contre les surtensions.<\/li>\n<li>efficacit\u00e9 \u00e9nerg\u00e9tique : le driver de led programmable xitanium essential r\u00e9pond aux exigences les plus strictes en mati\u00e8re d'efficacit\u00e9 \u00e9nerg\u00e9tique, telles que celles d\u00e9finies par energy star\u00ae et la norme nema ssl 7a.<\/li>\n<li>compatibilit\u00e9 : le contr\u00f4leur de LED est compatible avec une grande vari\u00e9t\u00e9 de LED et de syst\u00e8mes de contr\u00f4le de l'\u00e9clairage, ce qui le rend adapt\u00e9 \u00e0 un large \u00e9ventail d'applications.<\/li>\n<li>protection : le pilote de led programmable xitanium essential offre une protection contre les surtensions, les surintensit\u00e9s et les courts-circuits, garantissant un fonctionnement s\u00fbr et fiable.<\/li>\n<li>Conception compacte : le contr\u00f4leur de LED est compact et l\u00e9ger, ce qui facilite son installation dans les petits espaces.<\/li>\n<\/ol><p>&nbsp;<\/p><p>le driver de led programmable xitanium essential -xi ep 65w 1.3-2.0a wl i112-, a la particularit\u00e9 de pouvoir ajuster le courant de sortie avec l'outil e-set :<\/p><ul>\n<li>L'outil e-set est un outil de programmation logiciel qui est utilis\u00e9 pour programmer et configurer . est con\u00e7u sp\u00e9cifiquement pour \u00eatre utilis\u00e9 avec la gamme xitanium de contr\u00f4leurs LED de .<\/li>\n<\/ul><ul>\n<li>L'outil e-set permet de r\u00e9gler et de personnaliser divers param\u00e8tres du contr\u00f4leur de LED, tels que le courant de sortie, la tension de sortie, la fr\u00e9quence de commutation, la forme d'onde de sortie, les options de gradation et les options de protection contre les surtensions. En outre, l'outil permet aux utilisateurs d'enregistrer et de charger des profils de configuration pour une reprogrammation rapide et facile \u00e0 l'avenir.<\/li>\n<\/ul><ul>\n<li>l'outil e-set peut \u00eatre utilis\u00e9 en combinaison avec un c\u00e2ble usb pour se connecter au contr\u00f4leur led pour la programmation. il est \u00e9galement compatible avec les contr\u00f4leurs led programmables de de dot\u00e9s de la technologie simpleset, qui permet la programmation sans outils suppl\u00e9mentaires. dans l'ensemble, l'outil e-set est un outil utile pour les concepteurs et les fabricants de luminaires led qui cherchent \u00e0 personnaliser et \u00e0 optimiser les performances des contr\u00f4leurs led de.<\/li>\n<li>&nbsp;e-set est un moyen simple et rapide de configurer le contr\u00f4leur sans le mettre sous tension et sans avoir besoin d'une configuration logicielle.<\/li>\n<\/ul><h2><\/h2><h2><strong>les avantages de la&nbsp;<\/strong><strong>pilote xitanium xi ep 65w -&nbsp;<\/strong>programmable de 42w \u00e0 65w :&nbsp;<strong>&nbsp;<\/strong><\/h2><ul>\n<li>r\u00e9glage fiable et r\u00e9p\u00e9table du courant de sortie, ce qui permet de r\u00e9duire les co\u00fbts de main-d'\u0153uvre et le temps de fabrication.<\/li>\n<li>facile \u00e0 concevoir et r\u00e9duit le nombre de sku's (stock keeping unit).<\/li>\n<li>faible co\u00fbt d'entretien et tranquillit\u00e9 d'esprit dans des conditions extr\u00eames.<\/li>\n<li>L'utilisation est s\u00fbre et offre une grande libert\u00e9 dans la conception des luminaires.<\/li>\n<li>5 ans de garantie.<\/li>\n<\/ul><p>&nbsp;<\/p><p>&nbsp;<\/p><h2>utilisation du module optique led 65w bridgelux chip smd3030 8d pour les lampadaires<\/h2><ul>\n<li>\u00c9clairage int\u00e9rieur : ce module peut \u00eatre couramment utilis\u00e9 pour alimenter les luminaires \u00e0 LED dans les bureaux, les b\u00e2timents commerciaux, les h\u00f4pitaux, les centres commerciaux et autres espaces int\u00e9rieurs. En fait, ce module peut \u00eatre plac\u00e9 \u00e0 l'int\u00e9rieur de luminaires existants qui n\u00e9cessitent un fonctionnement stable et s\u00fbr dans le temps.<\/li>\n<li>\u00e9clairage ext\u00e9rieur : en raison de sa capacit\u00e9 \u00e0 r\u00e9sister aux conditions m\u00e9t\u00e9orologiques d\u00e9favorables, le module optique en xitanium est \u00e9galement utilis\u00e9 dans des applications d'\u00e9clairage ext\u00e9rieur, telles que l'\u00e9clairage de parkings, de parcs et de monuments.<\/li>\n<li>\u00e9clairage sportif : ce driver est id\u00e9al pour les applications d'\u00e9clairage sportif, telles que les terrains de football, les courts de tennis et les terrains de basket-ball, o\u00f9 un contr\u00f4le pr\u00e9cis de l'intensit\u00e9 lumineuse est n\u00e9cessaire.<\/li>\n<li>\u00e9clairage d'accentuation : le module optique essentiel de 65w peut \u00eatre utilis\u00e9 pour l'\u00e9clairage d'accentuation dans les mus\u00e9es, les galeries d'art et les magasins de d\u00e9tail, o\u00f9 un contr\u00f4le pr\u00e9cis de l'intensit\u00e9 lumineuse est n\u00e9cessaire pour mettre en valeur certaines zones.<\/li>\n<\/ul><h3 class=\"page-product-heading\">d\u00e9tails techniques<\/h3><div class=\"col-xs-12 col-md-6\">\n<table class=\"table table-data-sheet 1\">\n<tbody>\n<tr class=\"odd\">\n<td valign=\"middle\" width=\"32\"><\/td>\n<td valign=\"middle\">r\u00e9f\u00e9rence :<\/td>\n<td valign=\"middle\">sllm65w-php-xiep<\/td>\n<\/tr>\n<tr class=\"even\">\n<td valign=\"middle\" width=\"32\"><\/td>\n<td valign=\"middle\">Puissance nominale :<\/td>\n<td valign=\"middle\">programmable de : 42w \u00e0 65w<\/td>\n<\/tr>\n<tr class=\"odd\">\n<td valign=\"middle\" width=\"32\"><\/td>\n<td valign=\"middle\">tension nominale :<\/td>\n<td valign=\"middle\">100-277v<\/td>\n<\/tr>\n<tr class=\"even\">\n<td valign=\"middle\" width=\"32\"><\/td>\n<td valign=\"middle\">la temp\u00e9rature de la lumi\u00e8re :<\/td>\n<td valign=\"middle\">3000k - 4000k<\/td>\n<\/tr>\n<tr class=\"odd\">\n<td valign=\"middle\" width=\"32\"><\/td>\n<td valign=\"middle\">cri -index de reproduction chromatique :<\/td>\n<td valign=\"middle\">75<\/td>\n<\/tr>\n<tr class=\"even\">\n<td valign=\"middle\" width=\"32\"><\/td>\n<td valign=\"middle\">mat\u00e9riau de construction :<\/td>\n<td valign=\"middle\">aluminium +pmma<\/td>\n<\/tr>\n<tr class=\"odd\">\n<td valign=\"middle\" width=\"32\"><\/td>\n<td valign=\"middle\">luminosit\u00e9-lm :<\/td>\n<td valign=\"middle\">11700lm<\/td>\n<\/tr>\n<tr class=\"even\">\n<td valign=\"middle\" width=\"32\"><\/td>\n<td valign=\"middle\">type de LED :<\/td>\n<td valign=\"middle\">smd 3030- 8d (8cores) bridgelux chip 2240ds-c30<\/td>\n<\/tr>\n<tr class=\"odd\">\n<td valign=\"middle\" width=\"32\"><\/td>\n<td valign=\"middle\">angle d'ouverture (\u00ba) :<\/td>\n<td valign=\"middle\">78\u00bax156\u00ba.<\/td>\n<\/tr>\n<tr class=\"even\">\n<td valign=\"middle\" width=\"32\"><\/td>\n<td valign=\"middle\">efficacit\u00e9 des diodes LED (lm\/w) :<\/td>\n<td valign=\"middle\">210 lm\/w<\/td>\n<\/tr>\n<tr class=\"odd\">\n<td valign=\"middle\" width=\"32\"><\/td>\n<td valign=\"middle\">efficacit\u00e9 lumineuse (lm\/w) :<\/td>\n<td valign=\"middle\">180 lm\/w<\/td>\n<\/tr>\n<tr class=\"even\">\n<td valign=\"middle\" width=\"32\"><\/td>\n<td valign=\"middle\">certificats :<\/td>\n<td valign=\"middle\">ce - rohs<\/td>\n<\/tr>\n<tr class=\"odd\">\n<td valign=\"middle\" width=\"32\"><\/td>\n<td valign=\"middle\">degr\u00e9 d'ip :<\/td>\n<td valign=\"middle\">ip66<\/td>\n<\/tr>\n<\/tbody>\n<\/table>\n<\/div><div class=\"col-xs-12 col-md-6 2\">\n<table class=\"table table-data-sheet 2\">\n<tbody>\n<tr class=\"odd\">\n<td valign=\"middle\" width=\"32\"><\/td>\n<td valign=\"middle\">dur\u00e9e de vie estim\u00e9e de la diode LED (h) :<\/td>\n<td valign=\"middle\">50.000<\/td>\n<\/tr>\n<tr class=\"even\">\n<td valign=\"middle\" width=\"32\"><\/td>\n<td valign=\"middle\">dimensions (mm) :<\/td>\n<td valign=\"middle\">175x175xh35<\/td>\n<\/tr>\n<tr class=\"odd\">\n<td valign=\"middle\" width=\"32\"><\/td>\n<td valign=\"middle\">facteur de puissance (pf) :<\/td>\n<td valign=\"middle\">0.98<\/td>\n<\/tr>\n<tr class=\"even\">\n<td valign=\"middle\" width=\"32\"><\/td>\n<td valign=\"middle\">fr\u00e9quence de travail (hz) :<\/td>\n<td valign=\"middle\">50\/60hz<\/td>\n<\/tr>\n<tr class=\"odd\">\n<td valign=\"middle\" width=\"32\"><\/td>\n<td valign=\"middle\">plage de temp\u00e9rature (\u00baC) :<\/td>\n<td valign=\"middle\">-15\u00ba+70\u00ba -15\u00ba+70\u00ba -15\u00ba+70\u00ba -15\u00ba+70\u00ba -15\u00ba+70\u00ba -15\u00ba+70\u00ba<\/td>\n<\/tr>\n<tr class=\"even\">\n<td valign=\"middle\" width=\"32\"><\/td>\n<td valign=\"middle\">les cycles d'allumage :<\/td>\n<td valign=\"middle\">100.000<\/td>\n<\/tr>\n<tr class=\"odd\">\n<td valign=\"middle\" width=\"32\"><\/td>\n<td valign=\"middle\">temps de d\u00e9marrage (s) :<\/td>\n<td valign=\"middle\">0,2s<\/td>\n<\/tr>\n<tr class=\"even\">\n<td valign=\"middle\" width=\"32\"><\/td>\n<td valign=\"middle\">indice d'\u00e9blouissement (ugr) :<\/td>\n<td valign=\"middle\">13<\/td>\n<\/tr>\n<tr class=\"odd\">\n<td valign=\"middle\" width=\"32\"><\/td>\n<td valign=\"middle\">protection contre les chocs (ik) :<\/td>\n<td valign=\"middle\">ik10<\/td>\n<\/tr>\n<tr class=\"even\">\n<td valign=\"middle\" width=\"32\"><\/td>\n<td valign=\"middle\">conducteur inclus :<\/td>\n<td valign=\"middle\"> xitanium xi ep - 65w - 1.3-2.0a - wl i112<\/td>\n<\/tr>\n<tr class=\"odd\">\n<td valign=\"middle\" width=\"32\"><\/td>\n<td valign=\"middle\">classe \u00e9nerg\u00e9tique (2021-EU-2019\/2015) :<\/td>\n<td valign=\"middle\">a++<\/td>\n<\/tr>\n<tr class=\"even\">\n<td valign=\"middle\" width=\"32\"><\/td>\n<td valign=\"middle\">ann\u00e9es de garantie :<\/td>\n<td valign=\"middle\">5<\/td>\n<\/tr>\n<\/tbody>\n<\/table>\n<p>&nbsp;<\/p>\n<\/div><\/h1>","protected":false},"excerpt":{"rendered":"<p>REFERENCIA: SLLM65W-PHP-XIEP-90924<p>Bloc optique Module&nbsp;<strong>LED<\/strong>&nbsp;LUMINOSIT\u00c9 \u00c9LEV\u00c9E avec une puissance de&nbsp;<strong>65W&nbsp;<\/strong>et est fabriqu\u00e9 par une \u00e9quipe de<strong>&nbsp;144 diodes<\/strong>&nbsp;<strong>DEL SMD 3030 8D<\/strong>avec puce Bridgelux et driver PROGRAMMABLE Philips XITANIUM Essential - Xi EP 65W.  Ce module LED est con\u00e7u pour \u00eatre plac\u00e9 dans tous les types de lampadaires LED. Excellente dissipation qui se traduit par une dur\u00e9e de vie beaucoup plus longue et des \u00e9conomies d'\u00e9nergie plus importantes.&nbsp;<strong>Garantie de 5 ans.&nbsp;<\/strong>Elle peut \u00eatre programm\u00e9e de 42W \u00e0 65W.<\/p><p><strong>TEMP\u00c9RATURE DE COULEUR : 2200K\/3000K\/4000K<\/strong><\/p><div class=\"col-md-12\"><i class=\"fa fa-truck\"><\/i>&nbsp;<span class=\"text-muted textprop\">Livraison dans les 24\/48 heures<\/span><\/div><div class=\"col-md-12\"><i class=\"fa fa-exchange\"><\/i>&nbsp;<span class=\"text-muted textprop\">Garantie assur\u00e9e<\/span><\/div><div class=\"col-md-12\"><i class=\"fa fa-box\"><\/i>&nbsp;<span class=\"text-muted textprop\">12 unit\u00e9(s) par bo\u00eete \u00e0 outils<\/span><\/div><\/p>","protected":false},"featured_media":9328,"template":"","meta":{"site-sidebar-layout":"default","site-content-layout":"default","ast-global-header-display":"","ast-main-header-display":"","ast-hfb-above-header-display":"","ast-hfb-below-header-display":"","ast-hfb-mobile-header-display":"","site-post-title":"","ast-breadcrumbs-content":"","ast-featured-img":"","footer-sml-layout":"","theme-transparent-header-meta":"default","adv-header-id-meta":"","stick-header-meta":"","header-above-stick-meta":"","header-main-stick-meta":"","header-below-stick-meta":""},"product_cat":[30,98],"product_tag":[],"class_list":["post-9321","product","type-product","status-publish","has-post-thumbnail","hentry","product_cat-iluminacion-publica-y-vial","product_cat-lamparas-y-modulos-para-farolas-led"],"yoast_head":"<!-- This site is optimized with the Yoast SEO plugin v27.4 - https:\/\/yoast.com\/product\/yoast-seo-wordpress\/ -->\n<title>m\u00f3dulo \u00f3ptico led 65w-42w - programable xitanium essential - xi ep - alta luminosidad 180lm\/w - STARLED Iluminacion<\/title>\n<meta name=\"robots\" content=\"index, follow, max-snippet:-1, max-image-preview:large, max-video-preview:-1\" \/>\n<link rel=\"canonical\" href=\"https:\/\/starlediluminacion.com\/fr\/product\/optic-led-module-65w-42w-programmable-philips-xitanium-essentiel-xi-ep-haute-luminosite-180lm-w\/\" \/>\n<meta property=\"og:locale\" content=\"fr_FR\" \/>\n<meta property=\"og:type\" content=\"article\" \/>\n<meta property=\"og:title\" content=\"m\u00f3dulo \u00f3ptico led 65w-42w - programable xitanium essential - xi ep - alta luminosidad 180lm\/w - STARLED Iluminacion\" \/>\n<meta property=\"og:description\" content=\"REFERENCIA: SLLM65W-PHP-XIEP-90924  Bloque \u00f3ptico M\u00f3dulo\u00a0LED\u00a0ALTA LUMINOSIDAD con potencia de\u00a065W\u00a0y esta fabricado con un equipo de\u00a0144 diodos\u00a0LEDs SMD 3030\u00a08D, con Bridgelux Chip y driver PROGRAMABLE\u00a0 Philips XITANIUM Essential - Xi EP 65W.\u00a0 Este modulo LED esta pensado para colocar en todo tipo de farolas LED. Excelente disipaci\u00f3n que se traduce en una vida \u00fatil mucho mayor y un mayor ahorro energ\u00e9tico.\u00a05 A\u00f1os de Garant\u00eda.\u00a0Se puede programar desde los 42W a 65W.  TEMPERATURA DE COLOR: 2200K\/3000K\/4000K \u00a0Entrega en 24\/48 horas \u00a0Garant\u00eda asegurada \u00a012 unidad(es) por Masterbox\" \/>\n<meta property=\"og:url\" content=\"https:\/\/starlediluminacion.com\/fr\/product\/optic-led-module-65w-42w-programmable-philips-xitanium-essentiel-xi-ep-haute-luminosite-180lm-w\/\" \/>\n<meta property=\"og:site_name\" content=\"STARLED Iluminacion\" \/>\n<meta property=\"article:modified_time\" content=\"2025-10-18T08:30:27+00:00\" \/>\n<meta property=\"og:image\" content=\"https:\/\/starlediluminacion.com\/wp-content\/uploads\/2023\/04\/modulo-optico-led-65w-programable-philips-xitanium-essential-xi-ep-alta-luminosidad-180lmw-factorled.jpg\" \/>\n\t<meta property=\"og:image:width\" content=\"1000\" \/>\n\t<meta property=\"og:image:height\" content=\"1000\" \/>\n\t<meta property=\"og:image:type\" content=\"image\/jpeg\" \/>\n<meta name=\"twitter:card\" content=\"summary_large_image\" \/>\n<meta name=\"twitter:label1\" content=\"Dur\u00e9e de lecture estim\u00e9e\" \/>\n\t<meta name=\"twitter:data1\" content=\"6 minutes\" \/>\n<script type=\"application\/ld+json\" class=\"yoast-schema-graph\">{\"@context\":\"https:\\\/\\\/schema.org\",\"@graph\":[{\"@type\":\"WebPage\",\"@id\":\"https:\\\/\\\/starlediluminacion.com\\\/producto\\\/modulo-optico-led-65w-42w-programable-philips-xitanium-essential-xi-ep-alta-luminosidad-180lm-w\\\/\",\"url\":\"https:\\\/\\\/starlediluminacion.com\\\/producto\\\/modulo-optico-led-65w-42w-programable-philips-xitanium-essential-xi-ep-alta-luminosidad-180lm-w\\\/\",\"name\":\"m\u00f3dulo \u00f3ptico led 65w-42w - programable xitanium essential - xi ep - alta luminosidad 180lm\\\/w - STARLED Iluminacion\",\"isPartOf\":{\"@id\":\"https:\\\/\\\/starlediluminacion.com\\\/#website\"},\"primaryImageOfPage\":{\"@id\":\"https:\\\/\\\/starlediluminacion.com\\\/producto\\\/modulo-optico-led-65w-42w-programable-philips-xitanium-essential-xi-ep-alta-luminosidad-180lm-w\\\/#primaryimage\"},\"image\":{\"@id\":\"https:\\\/\\\/starlediluminacion.com\\\/producto\\\/modulo-optico-led-65w-42w-programable-philips-xitanium-essential-xi-ep-alta-luminosidad-180lm-w\\\/#primaryimage\"},\"thumbnailUrl\":\"https:\\\/\\\/starlediluminacion.com\\\/wp-content\\\/uploads\\\/2023\\\/04\\\/modulo-optico-led-65w-programable-philips-xitanium-essential-xi-ep-alta-luminosidad-180lmw-factorled.jpg\",\"datePublished\":\"2023-04-23T12:28:33+00:00\",\"dateModified\":\"2025-10-18T08:30:27+00:00\",\"breadcrumb\":{\"@id\":\"https:\\\/\\\/starlediluminacion.com\\\/producto\\\/modulo-optico-led-65w-42w-programable-philips-xitanium-essential-xi-ep-alta-luminosidad-180lm-w\\\/#breadcrumb\"},\"inLanguage\":\"fr-FR\",\"potentialAction\":[{\"@type\":\"ReadAction\",\"target\":[\"https:\\\/\\\/starlediluminacion.com\\\/producto\\\/modulo-optico-led-65w-42w-programable-philips-xitanium-essential-xi-ep-alta-luminosidad-180lm-w\\\/\"]}]},{\"@type\":\"ImageObject\",\"inLanguage\":\"fr-FR\",\"@id\":\"https:\\\/\\\/starlediluminacion.com\\\/producto\\\/modulo-optico-led-65w-42w-programable-philips-xitanium-essential-xi-ep-alta-luminosidad-180lm-w\\\/#primaryimage\",\"url\":\"https:\\\/\\\/starlediluminacion.com\\\/wp-content\\\/uploads\\\/2023\\\/04\\\/modulo-optico-led-65w-programable-philips-xitanium-essential-xi-ep-alta-luminosidad-180lmw-factorled.jpg\",\"contentUrl\":\"https:\\\/\\\/starlediluminacion.com\\\/wp-content\\\/uploads\\\/2023\\\/04\\\/modulo-optico-led-65w-programable-philips-xitanium-essential-xi-ep-alta-luminosidad-180lmw-factorled.jpg\",\"width\":1000,\"height\":1000},{\"@type\":\"BreadcrumbList\",\"@id\":\"https:\\\/\\\/starlediluminacion.com\\\/producto\\\/modulo-optico-led-65w-42w-programable-philips-xitanium-essential-xi-ep-alta-luminosidad-180lm-w\\\/#breadcrumb\",\"itemListElement\":[{\"@type\":\"ListItem\",\"position\":1,\"name\":\"Portada\",\"item\":\"https:\\\/\\\/starlediluminacion.com\\\/\"},{\"@type\":\"ListItem\",\"position\":2,\"name\":\"Shop\",\"item\":\"https:\\\/\\\/starlediluminacion.com\\\/shop-2\\\/\"},{\"@type\":\"ListItem\",\"position\":3,\"name\":\"m\u00f3dulo \u00f3ptico led 65w-42w &#8211; programable xitanium essential &#8211; xi ep &#8211; alta luminosidad 180lm\\\/w\"}]},{\"@type\":\"WebSite\",\"@id\":\"https:\\\/\\\/starlediluminacion.com\\\/#website\",\"url\":\"https:\\\/\\\/starlediluminacion.com\\\/\",\"name\":\"STARLED Iluminacion\",\"description\":\"\",\"potentialAction\":[{\"@type\":\"SearchAction\",\"target\":{\"@type\":\"EntryPoint\",\"urlTemplate\":\"https:\\\/\\\/starlediluminacion.com\\\/?s={search_term_string}\"},\"query-input\":{\"@type\":\"PropertyValueSpecification\",\"valueRequired\":true,\"valueName\":\"search_term_string\"}}],\"inLanguage\":\"fr-FR\"}]}<\/script>\n<!-- \/ Yoast SEO plugin. -->","yoast_head_json":{"title":"m\u00f3dulo \u00f3ptico led 65w-42w - programable xitanium essential - xi ep - alta luminosidad 180lm\/w - STARLED Iluminacion","robots":{"index":"index","follow":"follow","max-snippet":"max-snippet:-1","max-image-preview":"max-image-preview:large","max-video-preview":"max-video-preview:-1"},"canonical":"https:\/\/starlediluminacion.com\/fr\/product\/optic-led-module-65w-42w-programmable-philips-xitanium-essentiel-xi-ep-haute-luminosite-180lm-w\/","og_locale":"fr_FR","og_type":"article","og_title":"m\u00f3dulo \u00f3ptico led 65w-42w - programable xitanium essential - xi ep - alta luminosidad 180lm\/w - STARLED Iluminacion","og_description":"REFERENCIA: SLLM65W-PHP-XIEP-90924  Bloque \u00f3ptico M\u00f3dulo\u00a0LED\u00a0ALTA LUMINOSIDAD con potencia de\u00a065W\u00a0y esta fabricado con un equipo de\u00a0144 diodos\u00a0LEDs SMD 3030\u00a08D, con Bridgelux Chip y driver PROGRAMABLE\u00a0 Philips XITANIUM Essential - Xi EP 65W.\u00a0 Este modulo LED esta pensado para colocar en todo tipo de farolas LED. Excelente disipaci\u00f3n que se traduce en una vida \u00fatil mucho mayor y un mayor ahorro energ\u00e9tico.\u00a05 A\u00f1os de Garant\u00eda.\u00a0Se puede programar desde los 42W a 65W.  TEMPERATURA DE COLOR: 2200K\/3000K\/4000K \u00a0Entrega en 24\/48 horas \u00a0Garant\u00eda asegurada \u00a012 unidad(es) por Masterbox","og_url":"https:\/\/starlediluminacion.com\/fr\/product\/optic-led-module-65w-42w-programmable-philips-xitanium-essentiel-xi-ep-haute-luminosite-180lm-w\/","og_site_name":"STARLED Iluminacion","article_modified_time":"2025-10-18T08:30:27+00:00","og_image":[{"width":1000,"height":1000,"url":"https:\/\/starlediluminacion.com\/wp-content\/uploads\/2023\/04\/modulo-optico-led-65w-programable-philips-xitanium-essential-xi-ep-alta-luminosidad-180lmw-factorled.jpg","type":"image\/jpeg"}],"twitter_card":"summary_large_image","twitter_misc":{"Dur\u00e9e de lecture estim\u00e9e":"6 minutes"},"schema":{"@context":"https:\/\/schema.org","@graph":[{"@type":"WebPage","@id":"https:\/\/starlediluminacion.com\/producto\/modulo-optico-led-65w-42w-programable-philips-xitanium-essential-xi-ep-alta-luminosidad-180lm-w\/","url":"https:\/\/starlediluminacion.com\/producto\/modulo-optico-led-65w-42w-programable-philips-xitanium-essential-xi-ep-alta-luminosidad-180lm-w\/","name":"m\u00f3dulo \u00f3ptico led 65w-42w - programable xitanium essential - xi ep - alta luminosidad 180lm\/w - STARLED Iluminacion","isPartOf":{"@id":"https:\/\/starlediluminacion.com\/#website"},"primaryImageOfPage":{"@id":"https:\/\/starlediluminacion.com\/producto\/modulo-optico-led-65w-42w-programable-philips-xitanium-essential-xi-ep-alta-luminosidad-180lm-w\/#primaryimage"},"image":{"@id":"https:\/\/starlediluminacion.com\/producto\/modulo-optico-led-65w-42w-programable-philips-xitanium-essential-xi-ep-alta-luminosidad-180lm-w\/#primaryimage"},"thumbnailUrl":"https:\/\/starlediluminacion.com\/wp-content\/uploads\/2023\/04\/modulo-optico-led-65w-programable-philips-xitanium-essential-xi-ep-alta-luminosidad-180lmw-factorled.jpg","datePublished":"2023-04-23T12:28:33+00:00","dateModified":"2025-10-18T08:30:27+00:00","breadcrumb":{"@id":"https:\/\/starlediluminacion.com\/producto\/modulo-optico-led-65w-42w-programable-philips-xitanium-essential-xi-ep-alta-luminosidad-180lm-w\/#breadcrumb"},"inLanguage":"fr-FR","potentialAction":[{"@type":"ReadAction","target":["https:\/\/starlediluminacion.com\/producto\/modulo-optico-led-65w-42w-programable-philips-xitanium-essential-xi-ep-alta-luminosidad-180lm-w\/"]}]},{"@type":"ImageObject","inLanguage":"fr-FR","@id":"https:\/\/starlediluminacion.com\/producto\/modulo-optico-led-65w-42w-programable-philips-xitanium-essential-xi-ep-alta-luminosidad-180lm-w\/#primaryimage","url":"https:\/\/starlediluminacion.com\/wp-content\/uploads\/2023\/04\/modulo-optico-led-65w-programable-philips-xitanium-essential-xi-ep-alta-luminosidad-180lmw-factorled.jpg","contentUrl":"https:\/\/starlediluminacion.com\/wp-content\/uploads\/2023\/04\/modulo-optico-led-65w-programable-philips-xitanium-essential-xi-ep-alta-luminosidad-180lmw-factorled.jpg","width":1000,"height":1000},{"@type":"BreadcrumbList","@id":"https:\/\/starlediluminacion.com\/producto\/modulo-optico-led-65w-42w-programable-philips-xitanium-essential-xi-ep-alta-luminosidad-180lm-w\/#breadcrumb","itemListElement":[{"@type":"ListItem","position":1,"name":"Portada","item":"https:\/\/starlediluminacion.com\/"},{"@type":"ListItem","position":2,"name":"Shop","item":"https:\/\/starlediluminacion.com\/shop-2\/"},{"@type":"ListItem","position":3,"name":"m\u00f3dulo \u00f3ptico led 65w-42w &#8211; programable xitanium essential &#8211; xi ep &#8211; alta luminosidad 180lm\/w"}]},{"@type":"WebSite","@id":"https:\/\/starlediluminacion.com\/#website","url":"https:\/\/starlediluminacion.com\/","name":"STARLED Iluminacion","description":"","potentialAction":[{"@type":"SearchAction","target":{"@type":"EntryPoint","urlTemplate":"https:\/\/starlediluminacion.com\/?s={search_term_string}"},"query-input":{"@type":"PropertyValueSpecification","valueRequired":true,"valueName":"search_term_string"}}],"inLanguage":"fr-FR"}]}},"_links":{"self":[{"href":"https:\/\/starlediluminacion.com\/fr\/wp-json\/wp\/v3\/product\/9321","targetHints":{"allow":["GET"]}}],"collection":[{"href":"https:\/\/starlediluminacion.com\/fr\/wp-json\/wp\/v3\/product"}],"about":[{"href":"https:\/\/starlediluminacion.com\/fr\/wp-json\/wp\/v2\/types\/product"}],"wp:featuredmedia":[{"embeddable":true,"href":"https:\/\/starlediluminacion.com\/fr\/wp-json\/wp\/v2\/media\/9328"}],"wp:attachment":[{"href":"https:\/\/starlediluminacion.com\/fr\/wp-json\/wp\/v2\/media?parent=9321"}],"wp:term":[{"taxonomy":"product_cat","embeddable":true,"href":"https:\/\/starlediluminacion.com\/fr\/wp-json\/wp\/v2\/product_cat?post=9321"},{"taxonomy":"product_tag","embeddable":true,"href":"https:\/\/starlediluminacion.com\/fr\/wp-json\/wp\/v2\/product_tag?post=9321"}],"curies":[{"name":"wp","href":"https:\/\/api.w.org\/{rel}","templated":true}]}}