{"id":9252,"date":"2023-04-23T11:54:19","date_gmt":"2023-04-23T11:54:19","guid":{"rendered":"https:\/\/starlediluminacion.com\/?post_type=product&#038;p=9252"},"modified":"2023-05-23T15:20:09","modified_gmt":"2023-05-23T15:20:09","slug":"foco-proyector-exterior-solar-led-300w-new-avant-5700k","status":"publish","type":"product","link":"https:\/\/starlediluminacion.com\/fr\/product\/spotlight-projector-outdoor-solar-led-300w-new-avant-5700k\/","title":{"rendered":"<p>SOLAR LED 300W NEW AVANT - 5700K Projecteur d'ext\u00e9rieur<\/p>"},"content":{"rendered":"<h1>SOLAR LED 300W NEW AVANT - 5700K Projecteur d'ext\u00e9rieur<p><strong>Spot solaire LED 3 00W<\/strong>&nbsp;avec lumi\u00e8re blanche froide&nbsp;<strong>5700k<\/strong>Le support de panneau solaire est compl\u00e8tement autonome avec un panneau solaire polycristallin et un c\u00e2ble de connexion de 90 cm. Le contenu de la bo\u00eete est le suivant : Support pour panneau solaire,&nbsp;<strong>Projecteur solaire \u00e0 LED<\/strong>Le projecteur, la t\u00e9l\u00e9commande et les accessoires pour le montage du projecteur et du panneau solaire.<\/p><p>Il est \u00e9quip\u00e9 d'une batterie lithium-ion haute capacit\u00e9 et longue dur\u00e9e.<\/p><p><strong>Fonctionnement facile :<\/strong>&nbsp;Vous pouvez utiliser le projecteur LED connect\u00e9 au panneau solaire ou ind\u00e9pendamment. Dans ce dernier cas, il ne fonctionne pas en mode automatique et s'allume ou s'\u00e9teint \u00e0 partir de la t\u00e9l\u00e9commande.<\/p><ul>\n<li><strong>Mode automatique :<\/strong>&nbsp;Ce mode n'est possible que si le panneau solaire est connect\u00e9 en permanence, de sorte que le projecteur LED ne s'allume que lorsqu'il d\u00e9tecte une luminosit\u00e9 inf\u00e9rieure \u00e0 50lux, sinon il s'\u00e9teint. De cette mani\u00e8re, il s'allume automatiquement la nuit et s'\u00e9teint le jour.<\/li>\n<li><strong>Mode manuel :<\/strong>&nbsp;En appuyant sur le bouton ON\/OFF, le projecteur LED s'allume et en appuyant \u00e0 nouveau sur le m\u00eame bouton, le projecteur s'\u00e9teint. Ind\u00e9pendant de la luminosit\u00e9 ambiante.<\/li>\n<\/ul><h3><strong>T\u00e9l\u00e9commande :<\/strong><\/h3><ul>\n<li>Bouton ON\/OFF : le projecteur LED s'allume et en appuyant \u00e0 nouveau sur le m\u00eame bouton, le projecteur s'\u00e9teint. Ind\u00e9pendant de la luminosit\u00e9 ambiante.<\/li>\n<li>Touche OFF : active\/d\u00e9sactive le mode capteur de lumi\u00e8re.<\/li>\n<li>Bouton 3H : active le projecteur LED pour une p\u00e9riode continue de 3 heures, et r\u00e9p\u00e8te le processus les jours suivants.<\/li>\n<li>Bouton 5H : active le projecteur LED pour une p\u00e9riode continue de 5 heures, et r\u00e9p\u00e8te le processus les jours suivants.<\/li>\n<li>Bouton 8H : active le projecteur LED pour une p\u00e9riode continue de 8 heures, et r\u00e9p\u00e8te le processus les jours suivants.<\/li>\n<li>Touche de luminosit\u00e9 maximale : augmente la luminosit\u00e9 par paliers de 20% jusqu'\u00e0 100%.<\/li>\n<li>Touche de luminosit\u00e9 minimale : diminue la luminosit\u00e9 par paliers de 20% jusqu'\u00e0 ce que 20% soit atteint.<\/li>\n<\/ul><p>Il est recommand\u00e9 de l'installer \u00e0 une hauteur de 3 \u00e0 4 m\u00e8tres.<\/p><h2>Utilisations du projecteur ext\u00e9rieur SOLAR LED 300W NEW Avant - LUMILEDS<\/h2><ul>\n<li>Jardins<\/li>\n<li>Les parcs<\/li>\n<li>Lieux<\/li>\n<li>Ronds-points<\/li>\n<li>Domaines<\/li>\n<li>Voies d'acc\u00e8s<\/li>\n<\/ul><h3 class=\"page-product-heading\">DONN\u00c9ES TECHNIQUES<\/h3><div class=\"col-xs-12 col-md-6\">\n<table class=\"table table-data-sheet 1\">\n<tbody>\n<tr class=\"odd\">\n<td valign=\"middle\" width=\"32\"><\/td>\n<td valign=\"middle\">REFERENCE :<\/td>\n<td valign=\"middle\">SLSFL300W-91616<\/td>\n<\/tr>\n<tr class=\"even\">\n<td valign=\"middle\" width=\"32\"><\/td>\n<td valign=\"middle\">Puissance nominale :<\/td>\n<td valign=\"middle\">Puce 300w<\/td>\n<\/tr>\n<tr class=\"odd\">\n<td valign=\"middle\" width=\"32\"><\/td>\n<td valign=\"middle\">Tension nominale :<\/td>\n<td valign=\"middle\">DC 3.2V - 25000mA<\/td>\n<\/tr>\n<tr class=\"even\">\n<td valign=\"middle\" width=\"32\"><\/td>\n<td valign=\"middle\">Temp\u00e9rature de la lumi\u00e8re :<\/td>\n<td valign=\"middle\">5700K<\/td>\n<\/tr>\n<tr class=\"odd\">\n<td valign=\"middle\" width=\"32\"><\/td>\n<td valign=\"middle\">CRI - Indice de rendu des couleurs :<\/td>\n<td valign=\"middle\">70<\/td>\n<\/tr>\n<tr class=\"even\">\n<td valign=\"middle\" width=\"32\"><\/td>\n<td valign=\"middle\">Mat\u00e9riaux de construction :<\/td>\n<td valign=\"middle\">Aluminium + verre<\/td>\n<\/tr>\n<tr class=\"odd\">\n<td valign=\"middle\" width=\"32\"><\/td>\n<td valign=\"middle\">Luminosit\u00e9-Lm :<\/td>\n<td valign=\"middle\">10200<\/td>\n<\/tr>\n<tr class=\"even\">\n<td valign=\"middle\" width=\"32\"><\/td>\n<td valign=\"middle\">Type de DEL :<\/td>\n<td valign=\"middle\">SMD 5050<\/td>\n<\/tr>\n<tr class=\"odd\">\n<td valign=\"middle\" width=\"32\"><\/td>\n<td valign=\"middle\">Angle d'ouverture (\u00ba) :<\/td>\n<td valign=\"middle\">90\u00ba<\/td>\n<\/tr>\n<tr class=\"even\">\n<td valign=\"middle\" width=\"32\"><\/td>\n<td valign=\"middle\">Efficacit\u00e9 de la diode LED (Lm\/W) :<\/td>\n<td valign=\"middle\">170Lm\/W<\/td>\n<\/tr>\n<tr class=\"odd\">\n<td valign=\"middle\" width=\"32\"><\/td>\n<td valign=\"middle\">Dimmable :<\/td>\n<td valign=\"middle\">OUI<\/td>\n<\/tr>\n<\/tbody>\n<\/table>\n<\/div><div class=\"col-xs-12 col-md-6 2\">\n<table class=\"table table-data-sheet 2\">\n<tbody>\n<tr class=\"odd\">\n<td valign=\"middle\" width=\"32\"><\/td>\n<td valign=\"middle\">Certificats :<\/td>\n<td valign=\"middle\">CE - ROHS<\/td>\n<\/tr>\n<tr class=\"even\">\n<td valign=\"middle\" width=\"32\"><\/td>\n<td valign=\"middle\">Indice de protection IP :<\/td>\n<td valign=\"middle\">IP65-Ext\u00e9rieur<\/td>\n<\/tr>\n<tr class=\"odd\">\n<td valign=\"middle\" width=\"32\"><\/td>\n<td valign=\"middle\">Dimensions (mm) :<\/td>\n<td valign=\"middle\">275*247*50mm<\/td>\n<\/tr>\n<tr class=\"even\">\n<td valign=\"middle\" width=\"32\"><\/td>\n<td valign=\"middle\">Plage de temp\u00e9rature (\u00baC) :<\/td>\n<td valign=\"middle\">-20\u00baC ~ +45\u00baC<\/td>\n<\/tr>\n<tr class=\"odd\">\n<td valign=\"middle\" width=\"32\"><\/td>\n<td valign=\"middle\">Informations compl\u00e9mentaires :<\/td>\n<td valign=\"middle\">Panneau polycristallin 20w 5V : 350*450mm<\/td>\n<\/tr>\n<tr class=\"even\">\n<td valign=\"middle\" width=\"32\"><\/td>\n<td valign=\"middle\">Mat\u00e9riau de la batterie :<\/td>\n<td valign=\"middle\">LiFePO4 - Lithium Phosphate -LPF - Batterie 30Ah - (24000mA). Charge et d\u00e9charge : 1500 fois<\/td>\n<\/tr>\n<tr class=\"odd\">\n<td valign=\"middle\" width=\"32\"><\/td>\n<td valign=\"middle\">Temps de d\u00e9chargement (h) :<\/td>\n<td valign=\"middle\">13H<\/td>\n<\/tr>\n<tr class=\"even\">\n<td valign=\"middle\" width=\"32\"><\/td>\n<td valign=\"middle\">Modes de contr\u00f4le :<\/td>\n<td valign=\"middle\">UNIT\u00c9 DE CONTR\u00d4LE + INFRAROUGE<\/td>\n<\/tr>\n<tr class=\"odd\">\n<td valign=\"middle\" width=\"32\"><\/td>\n<td valign=\"middle\">Classe \u00e9nerg\u00e9tique (2021-EU-2019\/2015) :<\/td>\n<td valign=\"middle\">A++<\/td>\n<\/tr>\n<tr class=\"even\">\n<td valign=\"middle\" width=\"32\"><\/td>\n<td valign=\"middle\">Ann\u00e9es de garantie :<\/td>\n<td valign=\"middle\">3<\/td>\n<\/tr>\n<tr class=\"odd\">\n<td valign=\"middle\" width=\"32\"><\/td>\n<td valign=\"middle\">Dur\u00e9e de mise en marche :<\/td>\n<td valign=\"middle\">Automatique : 100% 1sth.- 80% 2ndh. -60% 3\u00e8meh.- 50% 4\u00e8meh- 30% 5\u00e8me-8\u00e8meh.<\/td>\n<\/tr>\n<\/tbody>\n<\/table>\n<\/div><p><label>&nbsp;<\/label><\/p><p>&nbsp;<\/p><\/h1>","protected":false},"excerpt":{"rendered":"<div class=\"col-md-12\"><i class=\"fa fa-truck\"><\/i> <label>R\u00c9F\u00c9RENCE FABRICANT : SLSFL300W-91616<\/label><div><\/div><div>Le pr\u00e9sent&nbsp;<strong>Projecteur solaire LED 300W NEW AVANT<\/strong>&nbsp;a une&nbsp;<strong>panneau solaire<\/strong>&nbsp;qui permet de recharger sa batterie int\u00e9gr\u00e9e. Ce projecteur solaire n'a pas besoin d'\u00eatre raccord\u00e9 au r\u00e9seau \u00e9lectrique. Son installation et son fonctionnement sont tr\u00e8s simples, de telle sorte que pendant les heures de clart\u00e9, le panneau est aliment\u00e9 et charge la batterie int\u00e9gr\u00e9e dans le projecteur.&nbsp;<strong>T\u00e9l\u00e9commande incluse<\/strong>&nbsp;syst\u00e8me de contr\u00f4le programmable. Commencez \u00e0 \u00e9conomiser d\u00e8s maintenant !<\/div><div><\/div><div class=\"col-md-12\"><span class=\"text-muted textprop\">Livraison dans les 24\/48 heures<\/span><\/div><div class=\"col-md-12\"><i class=\"fa fa-exchange\"><\/i>&nbsp;<span class=\"text-muted textprop\">Garantie assur\u00e9e<\/span><\/div><div class=\"col-md-12\"><i class=\"fa fa-box\"><\/i>&nbsp;<span class=\"text-muted textprop\">6 unit\u00e9(s) par Masterbox<\/span><\/div><\/div>","protected":false},"featured_media":9266,"template":"","meta":{"site-sidebar-layout":"default","site-content-layout":"default","ast-global-header-display":"","ast-main-header-display":"","ast-hfb-above-header-display":"","ast-hfb-below-header-display":"","ast-hfb-mobile-header-display":"","site-post-title":"","ast-breadcrumbs-content":"","ast-featured-img":"","footer-sml-layout":"","theme-transparent-header-meta":"default","adv-header-id-meta":"","stick-header-meta":"","header-above-stick-meta":"","header-main-stick-meta":"","header-below-stick-meta":""},"product_cat":[80,28],"product_tag":[],"class_list":["post-9252","product","type-product","status-publish","has-post-thumbnail","hentry","product_cat-foco-proyector-serie-eco-y-solar","product_cat-proyectores-led-exterior-y-jardin"],"_links":{"self":[{"href":"https:\/\/starlediluminacion.com\/fr\/wp-json\/wp\/v3\/product\/9252","targetHints":{"allow":["GET"]}}],"collection":[{"href":"https:\/\/starlediluminacion.com\/fr\/wp-json\/wp\/v3\/product"}],"about":[{"href":"https:\/\/starlediluminacion.com\/fr\/wp-json\/wp\/v2\/types\/product"}],"wp:featuredmedia":[{"embeddable":true,"href":"https:\/\/starlediluminacion.com\/fr\/wp-json\/wp\/v2\/media\/9266"}],"wp:attachment":[{"href":"https:\/\/starlediluminacion.com\/fr\/wp-json\/wp\/v2\/media?parent=9252"}],"wp:term":[{"taxonomy":"product_cat","embeddable":true,"href":"https:\/\/starlediluminacion.com\/fr\/wp-json\/wp\/v2\/product_cat?post=9252"},{"taxonomy":"product_tag","embeddable":true,"href":"https:\/\/starlediluminacion.com\/fr\/wp-json\/wp\/v2\/product_tag?post=9252"}],"curies":[{"name":"wp","href":"https:\/\/api.w.org\/{rel}","templated":true}]}}