{"id":9192,"date":"2023-04-23T11:30:27","date_gmt":"2023-04-23T11:30:27","guid":{"rendered":"https:\/\/starlediluminacion.com\/?post_type=product&#038;p=9192"},"modified":"2023-07-27T13:04:21","modified_gmt":"2023-07-27T13:04:21","slug":"foco-proyector-led-30w-new-avant-osram-chip-duris-e-2835-sensor-movimiento-pir-2","status":"publish","type":"product","link":"https:\/\/starlediluminacion.com\/fr\/product\/foco-proyector-led-30w-new-avant-osram-chip-duris-e-2835-sensor-movimiento-pir-2\/","title":{"rendered":"<p>Foco Proyector LED 30W NEW AVANT OSRAM CHIP DURIS E 2835 &ndash; Sensor Movimiento PIR<\/p>"},"content":{"rendered":"<h1 dir=\"ltr\">Foco Proyector LED 30W NEW&nbsp;AVANT OSRAM CHIP &ndash; Sensor Movimiento PIR<p>Les&nbsp;<strong>Spot LED<\/strong>&nbsp;a une puissance de&nbsp;<strong>30W<\/strong>&nbsp;et pr\u00e9voit&nbsp;<strong>d\u00e9tecteur de mouvement<\/strong>&nbsp;pour optimiser votre \u00e9clairage lorsque&nbsp;<strong>d\u00e9tecte<\/strong>&nbsp;tout type de&nbsp;<strong>pr\u00e9sence<\/strong>. Il est compos\u00e9 de&nbsp;<strong>aluminium&nbsp;<\/strong>avec traitement&nbsp;<strong>anti-corrosion<\/strong>&nbsp;y&nbsp;<strong>verre<\/strong>&nbsp;Il est install\u00e9 \u00e0 l'aide d'un support qui permet d'incliner le projecteur dans diff\u00e9rentes positions.<\/p><p dir=\"ltr\">Sa puissante source lumineuse est plus que suffisante pour remplacer les luminaires, m\u00eame dans les environnements industriels, en fournissant un \u00e9clairage de qualit\u00e9.&nbsp;<strong>l'\u00e9pargne<\/strong>&nbsp;Les nouvelles LED \u00e0 haute luminosit\u00e9, dont la consommation d'\u00e9nergie peut atteindre 80%, se caract\u00e9risent par leur haute r\u00e9sistance \u00e0 la lumi\u00e8re.&nbsp;<strong>OSRAM<\/strong>.<\/p><p dir=\"ltr\">Elle se distingue par son efficacit\u00e9, son IRC \u00e9lev\u00e9, son facteur de puissance \u00e9lev\u00e9 et sa robustesse. Elle a un&nbsp;<strong>IP65<\/strong>&nbsp;et avec protection contre les chocs&nbsp;<strong>IK08<\/strong>. Votre&nbsp;<strong>Angle d'ouverture de 90<\/strong>&nbsp;le rendent id\u00e9al pour couvrir un grand espace de mani\u00e8re tr\u00e8s efficace.<\/p><p dir=\"ltr\">Le pr\u00e9sent&nbsp;<strong>Pleins feux sur l'avenir<\/strong>&nbsp;offre un \u00e9clairage extr\u00eamement \u00e9lev\u00e9&nbsp;<strong>qualit\u00e9<\/strong>&nbsp;pour son indice de rendu des couleurs (IRC) \u00e9lev\u00e9 de +80, m\u00eame dans des installations \u00e0 une hauteur de 5 ou 6 m\u00e8tres. Il est id\u00e9al pour tous les types d'installations, tant&nbsp;<strong>\u00e0 l'int\u00e9rieur<\/strong>\u00e0 partir de&nbsp;<strong>\u00e0 l'ext\u00e9rieur<\/strong>.<\/p><p dir=\"ltr\">Profitez de notre boutique en ligne&nbsp;<strong>l'\u00e9clairage<\/strong>&nbsp;FactorLED de la plus haute qualit\u00e9, au meilleur prix pour ce produit et avec la plus grande efficacit\u00e9.&nbsp;<strong>garantie de trois ans.<\/strong><\/p><h2 dir=\"ltr\">Usos del&nbsp;Foco Proyector LED 30W NEW&nbsp;AVANT OSRAM CHIP &ndash; Sensor Movimiento PIR<\/h2><ul>\n<li>Jardins<\/li>\n<li>Les parcs<\/li>\n<li>Lieux<\/li>\n<li>Ronds-points<\/li>\n<li>Mus\u00e9es<\/li>\n<li>Voies d'acc\u00e8s<\/li>\n<li>Galeries<\/li>\n<\/ul><h3 class=\"page-product-heading\">DONN\u00c9ES TECHNIQUES<\/h3><div class=\"col-xs-12 col-md-6\">\n<table class=\"table table-data-sheet 1\">\n<tbody>\n<tr class=\"odd\">\n<td valign=\"middle\" width=\"32\"><\/td>\n<td valign=\"middle\">REFERENCE :<\/td>\n<td valign=\"middle\">SLNEWAVANT-30PIR<\/td>\n<\/tr>\n<tr class=\"even\">\n<td valign=\"middle\" width=\"32\"><\/td>\n<td valign=\"middle\">Puissance nominale :<\/td>\n<td valign=\"middle\">30W<\/td>\n<\/tr>\n<tr class=\"odd\">\n<td valign=\"middle\" width=\"32\"><\/td>\n<td valign=\"middle\">Tension nominale :<\/td>\n<td valign=\"middle\">AC180-265V<\/td>\n<\/tr>\n<tr class=\"even\">\n<td valign=\"middle\" width=\"32\"><\/td>\n<td valign=\"middle\">Temp\u00e9rature de la lumi\u00e8re :<\/td>\n<td valign=\"middle\">4000K<\/td>\n<\/tr>\n<tr class=\"odd\">\n<td valign=\"middle\" width=\"32\"><\/td>\n<td valign=\"middle\">CRI - Indice de rendu des couleurs :<\/td>\n<td valign=\"middle\">80<\/td>\n<\/tr>\n<tr class=\"even\">\n<td valign=\"middle\" width=\"32\"><\/td>\n<td valign=\"middle\">Mat\u00e9riaux de construction :<\/td>\n<td valign=\"middle\">Aluminium +PC<\/td>\n<\/tr>\n<tr class=\"odd\">\n<td valign=\"middle\" width=\"32\"><\/td>\n<td valign=\"middle\">Luminosit\u00e9-Lm :<\/td>\n<td valign=\"middle\">3600<\/td>\n<\/tr>\n<tr class=\"even\">\n<td valign=\"middle\" width=\"32\"><\/td>\n<td valign=\"middle\">Type de DEL :<\/td>\n<td valign=\"middle\">SMD 2835 OSRAM CHIP<\/td>\n<\/tr>\n<tr class=\"odd\">\n<td valign=\"middle\" width=\"32\"><\/td>\n<td valign=\"middle\">Angle d'ouverture (\u00ba) :<\/td>\n<td valign=\"middle\">90\u00b0<\/td>\n<\/tr>\n<tr class=\"even\">\n<td valign=\"middle\" width=\"32\"><\/td>\n<td valign=\"middle\">Efficacit\u00e9 de la diode LED (Lm\/W) :<\/td>\n<td valign=\"middle\">130Lm\/W<\/td>\n<\/tr>\n<tr class=\"odd\">\n<td valign=\"middle\" width=\"32\"><\/td>\n<td valign=\"middle\">Efficacit\u00e9 lumineuse (Lm\/W) :<\/td>\n<td valign=\"middle\">120 Lm\/W<\/td>\n<\/tr>\n<tr class=\"even\">\n<td valign=\"middle\" width=\"32\"><\/td>\n<td valign=\"middle\">Certificats :<\/td>\n<td valign=\"middle\">CE - ROHS<\/td>\n<\/tr>\n<tr class=\"odd\">\n<td valign=\"middle\" width=\"32\"><\/td>\n<td valign=\"middle\">Indice de protection IP :<\/td>\n<td valign=\"middle\">IP65-Ext\u00e9rieur<\/td>\n<\/tr>\n<\/tbody>\n<\/table>\n<\/div><div class=\"col-xs-12 col-md-6 2\">\n<table class=\"table table-data-sheet 2\">\n<tbody>\n<tr class=\"odd\">\n<td valign=\"middle\" width=\"32\"><\/td>\n<td valign=\"middle\">Dur\u00e9e de vie estim\u00e9e de la diode LED (H) :<\/td>\n<td valign=\"middle\">30.000<\/td>\n<\/tr>\n<tr class=\"even\">\n<td valign=\"middle\" width=\"32\"><\/td>\n<td valign=\"middle\">Dimensions (mm) :<\/td>\n<td valign=\"middle\">168*194*51mm<\/td>\n<\/tr>\n<tr class=\"odd\">\n<td valign=\"middle\" width=\"32\"><\/td>\n<td valign=\"middle\">Facteur de puissance (PF) :<\/td>\n<td valign=\"middle\">0.9<\/td>\n<\/tr>\n<tr class=\"even\">\n<td valign=\"middle\" width=\"32\"><\/td>\n<td valign=\"middle\">Fr\u00e9quence de travail (Hz) :<\/td>\n<td valign=\"middle\">50\/60Hz<\/td>\n<\/tr>\n<tr class=\"odd\">\n<td valign=\"middle\" width=\"32\"><\/td>\n<td valign=\"middle\">Plage de temp\u00e9rature (\u00baC) :<\/td>\n<td valign=\"middle\">-20\u00b0C ~ +55\u00b0C<\/td>\n<\/tr>\n<tr class=\"even\">\n<td valign=\"middle\" width=\"32\"><\/td>\n<td valign=\"middle\">Cycles d'allumage :<\/td>\n<td valign=\"middle\">100.000<\/td>\n<\/tr>\n<tr class=\"odd\">\n<td valign=\"middle\" width=\"32\"><\/td>\n<td valign=\"middle\">Temps de d\u00e9marrage (s) :<\/td>\n<td valign=\"middle\">0,2s<\/td>\n<\/tr>\n<tr class=\"even\">\n<td valign=\"middle\" width=\"32\"><\/td>\n<td valign=\"middle\">Protection contre les chocs (IK) :<\/td>\n<td valign=\"middle\">IK08<\/td>\n<\/tr>\n<tr class=\"odd\">\n<td valign=\"middle\" width=\"32\"><\/td>\n<td valign=\"middle\">Classe \u00e9nerg\u00e9tique (2021-EU-2019\/2015) :<\/td>\n<td valign=\"middle\">A+<\/td>\n<\/tr>\n<tr class=\"even\">\n<td valign=\"middle\" width=\"32\"><\/td>\n<td valign=\"middle\">Classe \u00e9nerg\u00e9tique (2023 - EU-2019\/2015) :<\/td>\n<td valign=\"middle\">F<\/td>\n<\/tr>\n<tr class=\"odd\">\n<td valign=\"middle\" width=\"32\"><\/td>\n<td valign=\"middle\">Ann\u00e9es de garantie :<\/td>\n<td valign=\"middle\">3<\/td>\n<\/tr>\n<tr class=\"even\">\n<td valign=\"middle\" width=\"32\"><\/td>\n<td valign=\"middle\">Port\u00e9e (m) :<\/td>\n<td valign=\"middle\">10 m.<\/td>\n<\/tr>\n<\/tbody>\n<\/table>\n<p>&nbsp;<\/p>\n<\/div><\/h1>","protected":false},"excerpt":{"rendered":"<p><label>REFERENCIA: SLNEWAVANT-30PIR-90378-4K<\/label><p>Les<strong>&nbsp;Foco Proyector LED&nbsp;NEW AVANT OSRAM CHIP<\/strong>a une puissance de&nbsp;<strong>30W<\/strong>&nbsp;et dispose d'un&nbsp;<strong>D\u00e9tecteur de mouvement PIR<\/strong>est une avanc\u00e9e technologique en mati\u00e8re de haute efficacit\u00e9. Il s'allume automatiquement lorsqu'il d\u00e9tecte un mouvement. Son degr\u00e9 de&nbsp;<strong>Protection IP65<\/strong>&nbsp;Le syst\u00e8me d'\u00e9tanch\u00e9it\u00e9 \u00e0 la vapeur d'eau le rend r\u00e9sistant \u00e0 la pluie et impossible \u00e0 rouiller, m\u00eame dans la neige ou sous la pluie.<\/p><div class=\"col-md-12\"><i class=\"fa fa-truck\"><\/i>&nbsp;<span class=\"text-muted textprop\">Livraison dans les 24\/48 heures<\/span><\/div><div class=\"col-md-12\"><i class=\"fa fa-exchange\"><\/i>&nbsp;<span class=\"text-muted textprop\">Garantie assur\u00e9e<\/span><\/div><div class=\"col-md-12\"><i class=\"fa fa-box\"><\/i>&nbsp;<span class=\"text-muted textprop\">20 unit\u00e9(s) par bo\u00eete \u00e0 outils<\/span><\/div><div><\/div><\/p>","protected":false},"featured_media":9949,"template":"","meta":{"site-sidebar-layout":"default","site-content-layout":"default","ast-global-header-display":"","ast-main-header-display":"","ast-hfb-above-header-display":"","ast-hfb-below-header-display":"","ast-hfb-mobile-header-display":"","site-post-title":"","ast-breadcrumbs-content":"","ast-featured-img":"","footer-sml-layout":"","theme-transparent-header-meta":"default","adv-header-id-meta":"","stick-header-meta":"","header-above-stick-meta":"","header-main-stick-meta":"","header-below-stick-meta":""},"product_cat":[81,28],"product_tag":[],"class_list":["post-9192","product","type-product","status-publish","has-post-thumbnail","hentry","product_cat-foco-proyector-serie-avant","product_cat-proyectores-led-exterior-y-jardin"],"_links":{"self":[{"href":"https:\/\/starlediluminacion.com\/fr\/wp-json\/wp\/v3\/product\/9192","targetHints":{"allow":["GET"]}}],"collection":[{"href":"https:\/\/starlediluminacion.com\/fr\/wp-json\/wp\/v3\/product"}],"about":[{"href":"https:\/\/starlediluminacion.com\/fr\/wp-json\/wp\/v2\/types\/product"}],"wp:featuredmedia":[{"embeddable":true,"href":"https:\/\/starlediluminacion.com\/fr\/wp-json\/wp\/v2\/media\/9949"}],"wp:attachment":[{"href":"https:\/\/starlediluminacion.com\/fr\/wp-json\/wp\/v2\/media?parent=9192"}],"wp:term":[{"taxonomy":"product_cat","embeddable":true,"href":"https:\/\/starlediluminacion.com\/fr\/wp-json\/wp\/v2\/product_cat?post=9192"},{"taxonomy":"product_tag","embeddable":true,"href":"https:\/\/starlediluminacion.com\/fr\/wp-json\/wp\/v2\/product_tag?post=9192"}],"curies":[{"name":"wp","href":"https:\/\/api.w.org\/{rel}","templated":true}]}}