{"id":9125,"date":"2023-03-12T13:28:29","date_gmt":"2023-03-12T13:28:29","guid":{"rendered":"https:\/\/starlediluminacion.com\/?post_type=product&#038;p=9125"},"modified":"2023-07-27T13:06:23","modified_gmt":"2023-07-27T13:06:23","slug":"downlight-led-15w-bronce-cri92-ugr13","status":"publish","type":"product","link":"https:\/\/starlediluminacion.com\/fr\/product\/downlight-led-15w-bronce-cri92-ugr13\/","title":{"rendered":"<p>Downlight LED 15W &ndash; BRONCE &ndash; CRI+92 &ndash; UGR13<\/p>"},"content":{"rendered":"<h1>Downlight LED 15W &ndash; BRONCE &ndash; CRI+92 &ndash; UGR13<p>Les&nbsp;<strong>Downlight LED 15W<\/strong>&nbsp;est un produit tr\u00e8s polyvalent, qui allie de bonnes performances \u00e0 d'importantes \u00e9conomies d'\u00e9nergie. Sa petite taille lui conf\u00e8re un design parfait<\/p><p>Notre module incorpore un<strong>&nbsp;Le pilote externe permet<\/strong>&nbsp;faire<strong>&nbsp;fonctionnement de la LED<\/strong>&nbsp;<strong>aux grandes puissances<\/strong>La chaleur g\u00e9n\u00e9r\u00e9e par le pilote n'interf\u00e8re pas avec la diode LED, ce qui augmente sa dur\u00e9e de vie et le rendement lumineux de la LED.&nbsp;<strong>augmenter la dur\u00e9e de vie<\/strong>&nbsp;de l'ensemble du luminaire.<\/p><p>Votre diode&nbsp;<strong>COB Bridgelux<\/strong>&nbsp;La diode COB de Bridgelux fournit 130 lm\/W, ce qui la rend tr\u00e8s efficace et permet de r\u00e9aliser des \u00e9conomies d'\u00e9nergie. Bridgelux est une marque reconnue pour la fabrication de diodes COB de haute qualit\u00e9. Voici quelques-uns des avantages sp\u00e9cifiques de la diode COB Bridgelux :<\/p><ol>\n<li>Rendement \u00e9nerg\u00e9tique \u00e9lev\u00e9 : les diodes Bridgelux COB offrent un rendement \u00e9nerg\u00e9tique \u00e9lev\u00e9, ce qui permet d'obtenir un \u00e9clairage puissant avec une consommation d'\u00e9nergie relativement faible.<\/li>\n<li>Haute qualit\u00e9 de lumi\u00e8re : les diodes Bridgelux COB offrent une qualit\u00e9 de lumi\u00e8re sup\u00e9rieure avec un excellent rendu des couleurs (IRC \u00e9lev\u00e9) et une temp\u00e9rature de couleur constante, ce qui rend les objets et les espaces plus naturels et plus vivants.<\/li>\n<li>Conception compacte : les diodes Bridgelux COB ont une conception compacte et l\u00e9g\u00e8re, ce qui facilite leur int\u00e9gration dans diff\u00e9rents types de luminaires et d'applications d'\u00e9clairage.<\/li>\n<li>Fiabilit\u00e9 et durabilit\u00e9 accrues : les diodes Bridgelux COB sont con\u00e7ues pour durer et \u00eatre fiables.<\/li>\n<\/ol><p>Notre downlight est \u00e9quip\u00e9 d'un niveau&nbsp;&nbsp;<strong>UGR&lt;13<\/strong>&nbsp;- Faible niveau d'UGR -<\/p><p>UGR signifie \"Unified Glare Ratio\" (rapport d'\u00e9blouissement unifi\u00e9) et est utilis\u00e9 pour mesurer la quantit\u00e9 d'\u00e9blouissement qui peut \u00eatre per\u00e7ue par une personne dans un environnement \u00e9clair\u00e9. Un UGR faible indique que l'environnement est moins \u00e9blouissant et offre donc une meilleure qualit\u00e9 d'\u00e9clairage.<\/p><p>Les avantages d'un faible taux d'utilisation des ressources sont les suivants :<\/p><ol>\n<li>Confort visuel accru : en r\u00e9duisant l'\u00e9blouissement, l'environnement devient plus confortable pour les yeux et r\u00e9duit la fatigue visuelle, ce qui peut am\u00e9liorer la productivit\u00e9 et la concentration.<\/li>\n<li>Am\u00e9lioration des performances : un environnement \u00e0 faible UGR offre une meilleure qualit\u00e9 de lumi\u00e8re et peut am\u00e9liorer les performances visuelles, ce qui est particuli\u00e8rement important dans les environnements de travail et d'\u00e9tude.<\/li>\n<li>S\u00e9curit\u00e9 accrue : un faible UGR peut \u00e9galement am\u00e9liorer la s\u00e9curit\u00e9 dans les espaces de travail en r\u00e9duisant le risque d'accidents caus\u00e9s par l'\u00e9blouissement.<\/li>\n<li>Esth\u00e9tiquement attrayant : les environnements avec un faible UGR peuvent \u00eatre plus attrayants sur le plan esth\u00e9tique, car les objets et les surfaces semblent plus clairs et plus nets, ce qui cr\u00e9e un environnement plus agr\u00e9able.<\/li>\n<\/ol><p>En r\u00e9sum\u00e9, un faible UGR peut offrir un certain nombre d'avantages, tels qu'un confort visuel accru, de meilleures performances, une s\u00e9curit\u00e9 renforc\u00e9e et une esth\u00e9tique attrayante, ce qui en fait un facteur important \u00e0 prendre en compte lors de la conception et de la planification de l'\u00e9clairage des espaces de travail, des bureaux et d'autres environnements.<\/p><p>&nbsp;<\/p><p>Votre&nbsp;<strong>IRC +92<\/strong>&nbsp;Le rendu des couleurs de la lumi\u00e8re permet une perception professionnelle et pr\u00e9cise des couleurs, ce qui est \u00e9galement parfait pour les studios photo et les locaux commerciaux o\u00f9 un \u00e9clairage professionnel de haute performance est n\u00e9cessaire.<\/p><p>L'IRC, ou \"indice de rendu des couleurs\", est une mesure de la capacit\u00e9 d'une source lumineuse \u00e0 reproduire fid\u00e8lement les couleurs des objets par rapport \u00e0 une source de lumi\u00e8re naturelle. Un IRC \u00e9lev\u00e9 indique que la source lumineuse peut reproduire les couleurs de mani\u00e8re plus pr\u00e9cise et plus d\u00e9taill\u00e9e. Les avantages d'un IRC \u00e9lev\u00e9 sont les suivants<\/p><ol>\n<li>Des couleurs plus naturelles et plus vives : avec un IRC \u00e9lev\u00e9, les couleurs des objets apparaissent plus naturelles et plus vives, ce qui peut am\u00e9liorer l'apparence et la perception des objets et des espaces.<\/li>\n<li>Perception plus pr\u00e9cise des couleurs : une source lumineuse avec un IRC \u00e9lev\u00e9 permet une perception plus pr\u00e9cise des diff\u00e9rences de couleur, ce qui peut \u00eatre particuli\u00e8rement important dans des applications telles que la mode, la d\u00e9coration int\u00e9rieure, l'art et l'\u00e9clairage des mus\u00e9es.<\/li>\n<li>Am\u00e9lioration de la qualit\u00e9 de la lumi\u00e8re : une source lumineuse dot\u00e9e d'un IRC \u00e9lev\u00e9 peut \u00e9galement am\u00e9liorer la qualit\u00e9 de la lumi\u00e8re en termes de contraste et de luminosit\u00e9, ce qui peut donner aux objets et aux surfaces un aspect plus net et plus pr\u00e9cis.<\/li>\n<li>Am\u00e9lioration des performances visuelles : une source lumineuse avec un IRC \u00e9lev\u00e9 peut am\u00e9liorer les performances visuelles dans les t\u00e2ches qui n\u00e9cessitent une bonne perception des couleurs et des d\u00e9tails, comme la lecture, la couture ou le travail de pr\u00e9cision.<\/li>\n<li>Confort visuel accru : des couleurs plus naturelles et plus vives et une meilleure perception des d\u00e9tails r\u00e9duisent la fatigue visuelle et am\u00e9liorent le confort visuel, ce qui peut accro\u00eetre le bien-\u00eatre et la productivit\u00e9 dans les environnements de travail et d'\u00e9tude.<\/li>\n<\/ol><p>En r\u00e9sum\u00e9, un IRC \u00e9lev\u00e9 peut offrir un certain nombre d'avantages en termes de qualit\u00e9 de la lumi\u00e8re, de perception des couleurs, de performances visuelles et de confort visuel, ce qui en fait un facteur important \u00e0 prendre en compte lors de la s\u00e9lection de sources lumineuses pour diff\u00e9rentes applications.<\/p><p>Le faisceau de lumi\u00e8re est de grande qualit\u00e9 gr\u00e2ce \u00e0 son intensit\u00e9 \u00e9lev\u00e9e.&nbsp;<strong>CRI+92,<\/strong>&nbsp;et son&nbsp;<strong>angle&nbsp;<\/strong>primaire de<strong>&nbsp;36\u00ba<\/strong>Le nouveau syst\u00e8me d'\u00e9clairage, qui nous donne la possibilit\u00e9 de mettre en valeur des \u00e9l\u00e9ments sp\u00e9cifiques d'une pi\u00e8ce ; en m\u00eame temps, il nous permet de r\u00e9aliser d'importantes \u00e9conomies en mati\u00e8re de consommation d'\u00e9lectricit\u00e9.<\/p><p>Notre Downlingt 15W est fabriqu\u00e9 en aluminium, qui est un bon conducteur de chaleur et aide \u00e0 dissiper la chaleur g\u00e9n\u00e9r\u00e9e par les LED, ce qui prolonge leur dur\u00e9e de vie.<\/p><p>&nbsp;<\/p><h2>Usos del&nbsp;Downlight LED 15W &ndash; BRONCE &ndash; CRI+92 &ndash; UGR13<\/h2><ul>\n<li>Toilettes<\/li>\n<li>Armoires<\/li>\n<li>Chambres \u00e0 coucher<\/li>\n<li>Vitrines<\/li>\n<li>Vitrines<\/li>\n<li>Corridors<\/li>\n<li>Magasins<\/li>\n<li>Locaux commerciaux<\/li>\n<li>Zones de travail<\/li>\n<\/ul><h3 class=\"page-product-heading\">DONN\u00c9ES TECHNIQUES<\/h3><div class=\"col-xs-12 col-md-6\">\n<table class=\"table table-data-sheet 1\">\n<tbody>\n<tr class=\"odd\">\n<td valign=\"middle\" width=\"32\"><\/td>\n<td valign=\"middle\">REFERENCE :<\/td>\n<td valign=\"middle\">SLNC1855R-15WUGR13<\/td>\n<\/tr>\n<tr class=\"even\">\n<td valign=\"middle\" width=\"32\"><\/td>\n<td valign=\"middle\">Puissance nominale :<\/td>\n<td valign=\"middle\">15w<\/td>\n<\/tr>\n<tr class=\"odd\">\n<td valign=\"middle\" width=\"32\"><\/td>\n<td valign=\"middle\">Tension nominale :<\/td>\n<td valign=\"middle\">85V-265V<\/td>\n<\/tr>\n<tr class=\"even\">\n<td valign=\"middle\" width=\"32\"><\/td>\n<td valign=\"middle\">Temp\u00e9rature de la lumi\u00e8re :<\/td>\n<td valign=\"middle\">3000K - 4000K<\/td>\n<\/tr>\n<tr class=\"odd\">\n<td valign=\"middle\" width=\"32\"><\/td>\n<td valign=\"middle\">CRI - Indice de rendu des couleurs :<\/td>\n<td valign=\"middle\">92<\/td>\n<\/tr>\n<tr class=\"even\">\n<td valign=\"middle\" width=\"32\"><\/td>\n<td valign=\"middle\">Mat\u00e9riaux de construction :<\/td>\n<td valign=\"middle\">Aluminium +PC<\/td>\n<\/tr>\n<tr class=\"odd\">\n<td valign=\"middle\" width=\"32\"><\/td>\n<td valign=\"middle\">Luminosit\u00e9-Lm :<\/td>\n<td valign=\"middle\">1950 Lm<\/td>\n<\/tr>\n<tr class=\"even\">\n<td valign=\"middle\" width=\"32\"><\/td>\n<td valign=\"middle\">Type de DEL :<\/td>\n<td valign=\"middle\">Puce Bridgelux \u00e0 l'int\u00e9rieur du 12C3B<\/td>\n<\/tr>\n<tr class=\"odd\">\n<td valign=\"middle\" width=\"32\"><\/td>\n<td valign=\"middle\">Angle d'ouverture (\u00ba) :<\/td>\n<td valign=\"middle\">36\u00ba<\/td>\n<\/tr>\n<tr class=\"even\">\n<td valign=\"middle\" width=\"32\"><\/td>\n<td valign=\"middle\">Efficacit\u00e9 de la diode LED (Lm\/W) :<\/td>\n<td valign=\"middle\">160 Lm\/w<\/td>\n<\/tr>\n<tr class=\"odd\">\n<td valign=\"middle\" width=\"32\"><\/td>\n<td valign=\"middle\">Efficacit\u00e9 lumineuse (Lm\/W) :<\/td>\n<td valign=\"middle\">130 Lm\/W<\/td>\n<\/tr>\n<tr class=\"even\">\n<td valign=\"middle\" width=\"32\"><\/td>\n<td valign=\"middle\">Certificats :<\/td>\n<td valign=\"middle\">CE - ROHS<\/td>\n<\/tr>\n<\/tbody>\n<\/table>\n<\/div><div class=\"col-xs-12 col-md-6 2\">\n<table class=\"table table-data-sheet 2\">\n<tbody>\n<tr class=\"odd\">\n<td valign=\"middle\" width=\"32\"><\/td>\n<td valign=\"middle\">Indice de protection IP :<\/td>\n<td valign=\"middle\">IP44<\/td>\n<\/tr>\n<tr class=\"even\">\n<td valign=\"middle\" width=\"32\"><\/td>\n<td valign=\"middle\">Dur\u00e9e de vie estim\u00e9e de la diode LED (H) :<\/td>\n<td valign=\"middle\">35.000<\/td>\n<\/tr>\n<tr class=\"odd\">\n<td valign=\"middle\" width=\"32\"><\/td>\n<td valign=\"middle\">Dimensions (mm) :<\/td>\n<td valign=\"middle\">&Oslash;98xH75mm<\/td>\n<\/tr>\n<tr class=\"even\">\n<td valign=\"middle\" width=\"32\"><\/td>\n<td valign=\"middle\">Fr\u00e9quence de travail (Hz) :<\/td>\n<td valign=\"middle\">50\/60Hz<\/td>\n<\/tr>\n<tr class=\"odd\">\n<td valign=\"middle\" width=\"32\"><\/td>\n<td valign=\"middle\">Plage de temp\u00e9rature (\u00baC) :<\/td>\n<td valign=\"middle\">-20\u00b0C ~ +55\u00b0C<\/td>\n<\/tr>\n<tr class=\"even\">\n<td valign=\"middle\" width=\"32\"><\/td>\n<td valign=\"middle\">Cycles d'allumage :<\/td>\n<td valign=\"middle\">100.000<\/td>\n<\/tr>\n<tr class=\"odd\">\n<td valign=\"middle\" width=\"32\"><\/td>\n<td valign=\"middle\">Temps de d\u00e9marrage (s) :<\/td>\n<td valign=\"middle\">0,2s<\/td>\n<\/tr>\n<tr class=\"even\">\n<td valign=\"middle\" width=\"32\"><\/td>\n<td valign=\"middle\">Coupe au plafond (mm) :<\/td>\n<td valign=\"middle\">&Oslash;65mm<\/td>\n<\/tr>\n<tr class=\"odd\">\n<td valign=\"middle\" width=\"32\"><\/td>\n<td valign=\"middle\">Indice d'\u00e9blouissement (UGR) :<\/td>\n<td valign=\"middle\">13<\/td>\n<\/tr>\n<tr class=\"even\">\n<td valign=\"middle\" width=\"32\"><\/td>\n<td valign=\"middle\">Classe \u00e9nerg\u00e9tique (2021-EU-2019\/2015) :<\/td>\n<td valign=\"middle\">A+<\/td>\n<\/tr>\n<tr class=\"odd\">\n<td valign=\"middle\" width=\"32\"><\/td>\n<td valign=\"middle\">Classe \u00e9nerg\u00e9tique (2023 - EU-2019\/2015) :<\/td>\n<td valign=\"middle\">E<\/td>\n<\/tr>\n<tr class=\"even\">\n<td valign=\"middle\" width=\"32\"><\/td>\n<td valign=\"middle\">Ann\u00e9es de garantie :<\/td>\n<td valign=\"middle\">3<\/td>\n<\/tr>\n<\/tbody>\n<\/table>\n<p>&nbsp;<\/p>\n<\/div><\/h1>","protected":false},"excerpt":{"rendered":"<p>Les&nbsp;<strong>Downlight LED 15W<\/strong>&nbsp;La diode Bridgelux COB est fabriqu\u00e9e en aluminium et dispose d'une puissance \u00e9lev\u00e9e et d'un pilote externe, avec un bon rendement lumineux.&nbsp;<strong>130Lm\/W.<\/strong>&nbsp;Taux \u00e9lev\u00e9 de&nbsp;<strong>rendu des couleurs +92<\/strong>&nbsp;- COULEUR PROFESSIONNELLE - pour appr\u00e9cier&nbsp;<strong>qualit\u00e9 de la lumi\u00e8re<\/strong>&nbsp;et ont \u00e0 leur disposition&nbsp;<strong>les vraies couleurs<\/strong>&nbsp;<strong>et les professionnels<\/strong>.<p>Il dispose d'un&nbsp;<strong>UGR&lt;13&nbsp;<\/strong>ce qui signifie qu'il s'agit d'un luminaire non \u00e9blouissant, parfait pour les zones de travail.<\/p><p><strong><label>REFERENCIA: SLNC1855R-90926<\/label><\/strong><\/p><p><strong>TEMP\u00c9RATURE DE COULEUR : 3000K\/4000K<\/strong><\/p><div class=\"col-md-12\"><i class=\"fa fa-truck\"><\/i>&nbsp;<span class=\"text-muted textprop\">Livraison dans les 24\/48 heures<\/span><\/div><div class=\"col-md-12\"><i class=\"fa fa-exchange\"><\/i>&nbsp;<span class=\"text-muted textprop\">Garantie assur\u00e9e<\/span><\/div><div class=\"col-md-12\"><i class=\"fa fa-box\"><\/i>&nbsp;<span class=\"text-muted textprop\">60 unit\u00e9(s) par bo\u00eete \u00e0 outils<\/span><\/div><\/p>","protected":false},"featured_media":9136,"template":"","meta":{"site-sidebar-layout":"default","site-content-layout":"default","ast-global-header-display":"","ast-main-header-display":"","ast-hfb-above-header-display":"","ast-hfb-below-header-display":"","ast-hfb-mobile-header-display":"","site-post-title":"","ast-breadcrumbs-content":"","ast-featured-img":"","footer-sml-layout":"","theme-transparent-header-meta":"default","adv-header-id-meta":"","stick-header-meta":"","header-above-stick-meta":"","header-main-stick-meta":"","header-below-stick-meta":""},"product_cat":[27,70],"product_tag":[],"class_list":["post-9125","product","type-product","status-publish","has-post-thumbnail","hentry","product_cat-downlight-plafones-y-placas-led","product_cat-focos-downlight-led"],"_links":{"self":[{"href":"https:\/\/starlediluminacion.com\/fr\/wp-json\/wp\/v3\/product\/9125","targetHints":{"allow":["GET"]}}],"collection":[{"href":"https:\/\/starlediluminacion.com\/fr\/wp-json\/wp\/v3\/product"}],"about":[{"href":"https:\/\/starlediluminacion.com\/fr\/wp-json\/wp\/v2\/types\/product"}],"wp:featuredmedia":[{"embeddable":true,"href":"https:\/\/starlediluminacion.com\/fr\/wp-json\/wp\/v2\/media\/9136"}],"wp:attachment":[{"href":"https:\/\/starlediluminacion.com\/fr\/wp-json\/wp\/v2\/media?parent=9125"}],"wp:term":[{"taxonomy":"product_cat","embeddable":true,"href":"https:\/\/starlediluminacion.com\/fr\/wp-json\/wp\/v2\/product_cat?post=9125"},{"taxonomy":"product_tag","embeddable":true,"href":"https:\/\/starlediluminacion.com\/fr\/wp-json\/wp\/v2\/product_tag?post=9125"}],"curies":[{"name":"wp","href":"https:\/\/api.w.org\/{rel}","templated":true}]}}